{"id":53652,"date":"2025-03-17T11:58:23","date_gmt":"2025-03-17T10:58:23","guid":{"rendered":"https:\/\/product-guide.org\/produkt\/alfa-drosselklappe-130mm-grillgott-de\/"},"modified":"2025-03-17T11:58:23","modified_gmt":"2025-03-17T10:58:23","slug":"alfa-drosselklappe-130mm-grillgott-de","status":"publish","type":"product","link":"https:\/\/product-guide.org\/en\/produkt\/alfa-drosselklappe-130mm-grillgott-de\/","title":{"rendered":"ALFA Drosselklappe 130mm | Grillgott DE"},"content":{"rendered":"<p>Der Einsatz mit Drosselklappe von Alfa, beschleunigt das Aufheizen des Ofens und h\u00e4lt die Temperatur in der Brennkammer konstant. Mit diesem einfachen, aber praktischen Zubeh\u00f6r l\u00e4sst sich der Luftstrom in der Backkammer manuell einstellen. Auf diese Weise kann die Temperatur besser gesteuert, der Verbrauch gesenkt und die Energieeffizienz Ihres Holz- oder Gaspizzaofens erh\u00f6ht werden. Die auf Langlebigkeit ausgelegte Drosselklappe von Alfa ist aus Stahl AISI 304 gefertigt, um eine ausgezeichnete Hitze- und Korrosionsbest\u00e4ndigkeit zu gew\u00e4hrleisten. Qualit\u00e4t, die f\u00fcr den Einbau in die neueste Generation von Pizza\u00f6fen unerl\u00e4sslich ist. Einfach zu installieren; Hergestellt aus Stahl AISI 304; Made in Italy; Ideal f\u00fcr Innen- und Au\u00dfeninstallationen; Kompatibel mit allen professionellen Pizza\u00f6fen von Alfa.<\/p>\n","protected":false},"excerpt":{"rendered":"<p>Der Einsatz mit Drosselklappe von Alfa, beschleunigt das Aufheizen des Ofens und h\u00e4lt die Temperatur in der Brennkammer konstant. Mit diesem einfachen, aber praktischen Zubeh\u00f6r l\u00e4sst sich der Luftstrom in der Backkammer manuell einstellen. Auf diese Weise kann die Temperatur besser gesteuert, der Verbrauch gesenkt und die Energieeffizienz Ihres Holz- oder Gaspizzaofens erh\u00f6ht werden. Die [&hellip;]<\/p>\n","protected":false},"featured_media":53651,"template":"","meta":{"_gspb_post_css":""},"store":[],"product_brand":[1410],"product_cat":[1290],"product_tag":[],"class_list":{"0":"post-53652","1":"product","2":"type-product","3":"status-publish","4":"has-post-thumbnail","6":"product_brand-grillgott-de","7":"product_cat-uncategorized","9":"first","10":"instock","11":"shipping-taxable","12":"purchasable","13":"product-type-simple"},"yoast_head":"<!-- This site is optimized with the Yoast SEO plugin v24.6 - https:\/\/yoast.com\/wordpress\/plugins\/seo\/ -->\n<title>ALFA Drosselklappe 130mm | Grillgott DE | Product-Guide.org<\/title>\n<meta name=\"description\" content=\"ALFA Drosselklappe 130mm | Grillgott DE gefunden von Product-Guide.org\" \/>\n<meta name=\"robots\" content=\"index, follow, max-snippet:-1, max-image-preview:large, max-video-preview:-1\" \/>\n<link rel=\"canonical\" href=\"https:\/\/product-guide.org\/en\/produkt\/alfa-drosselklappe-130mm-grillgott-de\/\" \/>\n<meta property=\"og:locale\" content=\"en_GB\" \/>\n<meta property=\"og:type\" content=\"article\" \/>\n<meta property=\"og:title\" content=\"ALFA Drosselklappe 130mm | Grillgott DE | Product-Guide.org\" \/>\n<meta property=\"og:description\" content=\"ALFA Drosselklappe 130mm | Grillgott DE gefunden von Product-Guide.org\" \/>\n<meta property=\"og:url\" content=\"https:\/\/product-guide.org\/en\/produkt\/alfa-drosselklappe-130mm-grillgott-de\/\" \/>\n<meta property=\"og:site_name\" content=\"Product-Guide.org\" \/>\n<meta name=\"twitter:card\" content=\"summary_large_image\" \/>\n<script type=\"application\/ld+json\" class=\"yoast-schema-graph\">{\"@context\":\"https:\/\/schema.org\",\"@graph\":[{\"@type\":\"WebPage\",\"@id\":\"https:\/\/product-guide.org\/produkt\/alfa-drosselklappe-130mm-grillgott-de\/\",\"url\":\"https:\/\/product-guide.org\/produkt\/alfa-drosselklappe-130mm-grillgott-de\/\",\"name\":\"ALFA Drosselklappe 130mm | Grillgott DE | Product-Guide.org\",\"isPartOf\":{\"@id\":\"https:\/\/product-guide.org\/#website\"},\"primaryImageOfPage\":{\"@id\":\"https:\/\/product-guide.org\/produkt\/alfa-drosselklappe-130mm-grillgott-de\/#primaryimage\"},\"image\":{\"@id\":\"https:\/\/product-guide.org\/produkt\/alfa-drosselklappe-130mm-grillgott-de\/#primaryimage\"},\"thumbnailUrl\":\"https:\/\/product-guide.org\/wp-content\/uploads\/2025\/03\/valvola-a-farfalla-1536x1536_jpg.jpg\",\"datePublished\":\"2025-03-17T10:58:23+00:00\",\"description\":\"ALFA Drosselklappe 130mm | Grillgott DE gefunden von Product-Guide.org\",\"breadcrumb\":{\"@id\":\"https:\/\/product-guide.org\/produkt\/alfa-drosselklappe-130mm-grillgott-de\/#breadcrumb\"},\"inLanguage\":\"en-GB\",\"potentialAction\":[{\"@type\":\"ReadAction\",\"target\":[\"https:\/\/product-guide.org\/produkt\/alfa-drosselklappe-130mm-grillgott-de\/\"]}]},{\"@type\":\"ImageObject\",\"inLanguage\":\"en-GB\",\"@id\":\"https:\/\/product-guide.org\/produkt\/alfa-drosselklappe-130mm-grillgott-de\/#primaryimage\",\"url\":\"https:\/\/product-guide.org\/wp-content\/uploads\/2025\/03\/valvola-a-farfalla-1536x1536_jpg.jpg\",\"contentUrl\":\"https:\/\/product-guide.org\/wp-content\/uploads\/2025\/03\/valvola-a-farfalla-1536x1536_jpg.jpg\",\"width\":1536,\"height\":1536},{\"@type\":\"BreadcrumbList\",\"@id\":\"https:\/\/product-guide.org\/produkt\/alfa-drosselklappe-130mm-grillgott-de\/#breadcrumb\",\"itemListElement\":[{\"@type\":\"ListItem\",\"position\":1,\"name\":\"Home\",\"item\":\"https:\/\/product-guide.org\/\"},{\"@type\":\"ListItem\",\"position\":2,\"name\":\"Ergebnisse\",\"item\":\"https:\/\/product-guide.org\/de\/ergebnisse\/\"},{\"@type\":\"ListItem\",\"position\":3,\"name\":\"ALFA Drosselklappe 130mm | Grillgott DE\"}]},{\"@type\":\"WebSite\",\"@id\":\"https:\/\/product-guide.org\/#website\",\"url\":\"https:\/\/product-guide.org\/\",\"name\":\"Product-Guide.org\",\"description\":\"What Product are you looking for?\",\"publisher\":{\"@id\":\"https:\/\/product-guide.org\/#organization\"},\"potentialAction\":[{\"@type\":\"SearchAction\",\"target\":{\"@type\":\"EntryPoint\",\"urlTemplate\":\"https:\/\/product-guide.org\/?s={search_term_string}\"},\"query-input\":{\"@type\":\"PropertyValueSpecification\",\"valueRequired\":true,\"valueName\":\"search_term_string\"}}],\"inLanguage\":\"en-GB\"},{\"@type\":\"Organization\",\"@id\":\"https:\/\/product-guide.org\/#organization\",\"name\":\"Product-Guide.org\",\"url\":\"https:\/\/product-guide.org\/\",\"logo\":{\"@type\":\"ImageObject\",\"inLanguage\":\"en-GB\",\"@id\":\"https:\/\/product-guide.org\/#\/schema\/logo\/image\/\",\"url\":\"https:\/\/product-guide.org\/wp-content\/uploads\/2022\/07\/logo_transparent_background.png\",\"contentUrl\":\"https:\/\/product-guide.org\/wp-content\/uploads\/2022\/07\/logo_transparent_background.png\",\"width\":3400,\"height\":1132,\"caption\":\"Product-Guide.org\"},\"image\":{\"@id\":\"https:\/\/product-guide.org\/#\/schema\/logo\/image\/\"}}]}<\/script>\n<!-- \/ Yoast SEO plugin. -->","yoast_head_json":{"title":"ALFA Drosselklappe 130mm | Grillgott DE | Product-Guide.org","description":"ALFA Drosselklappe 130mm | Grillgott DE gefunden von Product-Guide.org","robots":{"index":"index","follow":"follow","max-snippet":"max-snippet:-1","max-image-preview":"max-image-preview:large","max-video-preview":"max-video-preview:-1"},"canonical":"https:\/\/product-guide.org\/en\/produkt\/alfa-drosselklappe-130mm-grillgott-de\/","og_locale":"en_GB","og_type":"article","og_title":"ALFA Drosselklappe 130mm | Grillgott DE | Product-Guide.org","og_description":"ALFA Drosselklappe 130mm | Grillgott DE gefunden von Product-Guide.org","og_url":"https:\/\/product-guide.org\/en\/produkt\/alfa-drosselklappe-130mm-grillgott-de\/","og_site_name":"Product-Guide.org","twitter_card":"summary_large_image","schema":{"@context":"https:\/\/schema.org","@graph":[{"@type":"WebPage","@id":"https:\/\/product-guide.org\/produkt\/alfa-drosselklappe-130mm-grillgott-de\/","url":"https:\/\/product-guide.org\/produkt\/alfa-drosselklappe-130mm-grillgott-de\/","name":"ALFA Drosselklappe 130mm | Grillgott DE | Product-Guide.org","isPartOf":{"@id":"https:\/\/product-guide.org\/#website"},"primaryImageOfPage":{"@id":"https:\/\/product-guide.org\/produkt\/alfa-drosselklappe-130mm-grillgott-de\/#primaryimage"},"image":{"@id":"https:\/\/product-guide.org\/produkt\/alfa-drosselklappe-130mm-grillgott-de\/#primaryimage"},"thumbnailUrl":"https:\/\/product-guide.org\/wp-content\/uploads\/2025\/03\/valvola-a-farfalla-1536x1536_jpg.jpg","datePublished":"2025-03-17T10:58:23+00:00","description":"ALFA Drosselklappe 130mm | Grillgott DE gefunden von Product-Guide.org","breadcrumb":{"@id":"https:\/\/product-guide.org\/produkt\/alfa-drosselklappe-130mm-grillgott-de\/#breadcrumb"},"inLanguage":"en-GB","potentialAction":[{"@type":"ReadAction","target":["https:\/\/product-guide.org\/produkt\/alfa-drosselklappe-130mm-grillgott-de\/"]}]},{"@type":"ImageObject","inLanguage":"en-GB","@id":"https:\/\/product-guide.org\/produkt\/alfa-drosselklappe-130mm-grillgott-de\/#primaryimage","url":"https:\/\/product-guide.org\/wp-content\/uploads\/2025\/03\/valvola-a-farfalla-1536x1536_jpg.jpg","contentUrl":"https:\/\/product-guide.org\/wp-content\/uploads\/2025\/03\/valvola-a-farfalla-1536x1536_jpg.jpg","width":1536,"height":1536},{"@type":"BreadcrumbList","@id":"https:\/\/product-guide.org\/produkt\/alfa-drosselklappe-130mm-grillgott-de\/#breadcrumb","itemListElement":[{"@type":"ListItem","position":1,"name":"Home","item":"https:\/\/product-guide.org\/"},{"@type":"ListItem","position":2,"name":"Ergebnisse","item":"https:\/\/product-guide.org\/de\/ergebnisse\/"},{"@type":"ListItem","position":3,"name":"ALFA Drosselklappe 130mm | Grillgott DE"}]},{"@type":"WebSite","@id":"https:\/\/product-guide.org\/#website","url":"https:\/\/product-guide.org\/","name":"Product-Guide.org","description":"What Product are you looking for?","publisher":{"@id":"https:\/\/product-guide.org\/#organization"},"potentialAction":[{"@type":"SearchAction","target":{"@type":"EntryPoint","urlTemplate":"https:\/\/product-guide.org\/?s={search_term_string}"},"query-input":{"@type":"PropertyValueSpecification","valueRequired":true,"valueName":"search_term_string"}}],"inLanguage":"en-GB"},{"@type":"Organization","@id":"https:\/\/product-guide.org\/#organization","name":"Product-Guide.org","url":"https:\/\/product-guide.org\/","logo":{"@type":"ImageObject","inLanguage":"en-GB","@id":"https:\/\/product-guide.org\/#\/schema\/logo\/image\/","url":"https:\/\/product-guide.org\/wp-content\/uploads\/2022\/07\/logo_transparent_background.png","contentUrl":"https:\/\/product-guide.org\/wp-content\/uploads\/2022\/07\/logo_transparent_background.png","width":3400,"height":1132,"caption":"Product-Guide.org"},"image":{"@id":"https:\/\/product-guide.org\/#\/schema\/logo\/image\/"}}]}},"_links":{"self":[{"href":"https:\/\/product-guide.org\/en\/wp-json\/wp\/v2\/product\/53652","targetHints":{"allow":["GET"]}}],"collection":[{"href":"https:\/\/product-guide.org\/en\/wp-json\/wp\/v2\/product"}],"about":[{"href":"https:\/\/product-guide.org\/en\/wp-json\/wp\/v2\/types\/product"}],"wp:featuredmedia":[{"embeddable":true,"href":"https:\/\/product-guide.org\/en\/wp-json\/wp\/v2\/media\/53651"}],"wp:attachment":[{"href":"https:\/\/product-guide.org\/en\/wp-json\/wp\/v2\/media?parent=53652"}],"wp:term":[{"taxonomy":"store","embeddable":true,"href":"https:\/\/product-guide.org\/en\/wp-json\/wp\/v2\/store?post=53652"},{"taxonomy":"product_brand","embeddable":true,"href":"https:\/\/product-guide.org\/en\/wp-json\/wp\/v2\/product_brand?post=53652"},{"taxonomy":"product_cat","embeddable":true,"href":"https:\/\/product-guide.org\/en\/wp-json\/wp\/v2\/product_cat?post=53652"},{"taxonomy":"product_tag","embeddable":true,"href":"https:\/\/product-guide.org\/en\/wp-json\/wp\/v2\/product_tag?post=53652"}],"curies":[{"name":"wp","href":"https:\/\/api.w.org\/{rel}","templated":true}]}}