{"id":53666,"date":"2025-03-17T11:58:44","date_gmt":"2025-03-17T10:58:44","guid":{"rendered":"https:\/\/product-guide.org\/produkt\/ofyr-75-corten-grillgott-de\/"},"modified":"2025-03-17T11:58:44","modified_gmt":"2025-03-17T10:58:44","slug":"ofyr-75-corten-grillgott-de","status":"publish","type":"product","link":"https:\/\/product-guide.org\/en\/produkt\/ofyr-75-corten-grillgott-de\/","title":{"rendered":"OFYR 75 Corten | Grillgott DE"},"content":{"rendered":"<p>Der OFYR 75 Corten ist das Einstiegsmodell der OFYR Kollektion. Er hat ein praktisches, kompaktes Design, das perfekt in jeden Garten oder auf die Terrasse passt. Dieses Kochger\u00e4t verf\u00fcgt \u00fcber ein innovatives Luftstromsystem, das die Verbrennung von Holz verbessert und die Rauchentwicklung begrenzt. Der OFYR 75 Corten bietet Platz f\u00fcr 4 bis 6 Personen und ist somit ideal f\u00fcr kleine Familienfeiern und die t\u00e4gliche K\u00fcche.<\/p>\n","protected":false},"excerpt":{"rendered":"<p>Der OFYR 75 Corten ist das Einstiegsmodell der OFYR Kollektion. Er hat ein praktisches, kompaktes Design, das perfekt in jeden Garten oder auf die Terrasse passt. Dieses Kochger\u00e4t verf\u00fcgt \u00fcber ein innovatives Luftstromsystem, das die Verbrennung von Holz verbessert und die Rauchentwicklung begrenzt. Der OFYR 75 Corten bietet Platz f\u00fcr 4 bis 6 Personen und [&hellip;]<\/p>\n","protected":false},"featured_media":53665,"template":"","meta":{"_gspb_post_css":""},"store":[],"product_brand":[1410],"product_cat":[1290],"product_tag":[],"class_list":{"0":"post-53666","1":"product","2":"type-product","3":"status-publish","4":"has-post-thumbnail","6":"product_brand-grillgott-de","7":"product_cat-uncategorized","9":"first","10":"instock","11":"shipping-taxable","12":"purchasable","13":"product-type-simple"},"yoast_head":"<!-- This site is optimized with the Yoast SEO plugin v24.6 - https:\/\/yoast.com\/wordpress\/plugins\/seo\/ -->\n<title>OFYR 75 Corten | Grillgott DE | Product-Guide.org<\/title>\n<meta name=\"description\" content=\"OFYR 75 Corten | Grillgott DE gefunden von Product-Guide.org\" \/>\n<meta name=\"robots\" content=\"index, follow, max-snippet:-1, max-image-preview:large, max-video-preview:-1\" \/>\n<link rel=\"canonical\" href=\"https:\/\/product-guide.org\/en\/produkt\/ofyr-75-corten-grillgott-de\/\" \/>\n<meta property=\"og:locale\" content=\"en_GB\" \/>\n<meta property=\"og:type\" content=\"article\" \/>\n<meta property=\"og:title\" content=\"OFYR 75 Corten | Grillgott DE | Product-Guide.org\" \/>\n<meta property=\"og:description\" content=\"OFYR 75 Corten | Grillgott DE gefunden von Product-Guide.org\" \/>\n<meta property=\"og:url\" content=\"https:\/\/product-guide.org\/en\/produkt\/ofyr-75-corten-grillgott-de\/\" \/>\n<meta property=\"og:site_name\" content=\"Product-Guide.org\" \/>\n<meta name=\"twitter:card\" content=\"summary_large_image\" \/>\n<script type=\"application\/ld+json\" class=\"yoast-schema-graph\">{\"@context\":\"https:\/\/schema.org\",\"@graph\":[{\"@type\":\"WebPage\",\"@id\":\"https:\/\/product-guide.org\/produkt\/ofyr-75-corten-grillgott-de\/\",\"url\":\"https:\/\/product-guide.org\/produkt\/ofyr-75-corten-grillgott-de\/\",\"name\":\"OFYR 75 Corten | Grillgott DE | Product-Guide.org\",\"isPartOf\":{\"@id\":\"https:\/\/product-guide.org\/#website\"},\"primaryImageOfPage\":{\"@id\":\"https:\/\/product-guide.org\/produkt\/ofyr-75-corten-grillgott-de\/#primaryimage\"},\"image\":{\"@id\":\"https:\/\/product-guide.org\/produkt\/ofyr-75-corten-grillgott-de\/#primaryimage\"},\"thumbnailUrl\":\"https:\/\/product-guide.org\/wp-content\/uploads\/2025\/03\/image-removebg_43.png\",\"datePublished\":\"2025-03-17T10:58:44+00:00\",\"description\":\"OFYR 75 Corten | Grillgott DE gefunden von Product-Guide.org\",\"breadcrumb\":{\"@id\":\"https:\/\/product-guide.org\/produkt\/ofyr-75-corten-grillgott-de\/#breadcrumb\"},\"inLanguage\":\"en-GB\",\"potentialAction\":[{\"@type\":\"ReadAction\",\"target\":[\"https:\/\/product-guide.org\/produkt\/ofyr-75-corten-grillgott-de\/\"]}]},{\"@type\":\"ImageObject\",\"inLanguage\":\"en-GB\",\"@id\":\"https:\/\/product-guide.org\/produkt\/ofyr-75-corten-grillgott-de\/#primaryimage\",\"url\":\"https:\/\/product-guide.org\/wp-content\/uploads\/2025\/03\/image-removebg_43.png\",\"contentUrl\":\"https:\/\/product-guide.org\/wp-content\/uploads\/2025\/03\/image-removebg_43.png\",\"width\":800,\"height\":800},{\"@type\":\"BreadcrumbList\",\"@id\":\"https:\/\/product-guide.org\/produkt\/ofyr-75-corten-grillgott-de\/#breadcrumb\",\"itemListElement\":[{\"@type\":\"ListItem\",\"position\":1,\"name\":\"Home\",\"item\":\"https:\/\/product-guide.org\/\"},{\"@type\":\"ListItem\",\"position\":2,\"name\":\"Ergebnisse\",\"item\":\"https:\/\/product-guide.org\/de\/ergebnisse\/\"},{\"@type\":\"ListItem\",\"position\":3,\"name\":\"OFYR 75 Corten | Grillgott DE\"}]},{\"@type\":\"WebSite\",\"@id\":\"https:\/\/product-guide.org\/#website\",\"url\":\"https:\/\/product-guide.org\/\",\"name\":\"Product-Guide.org\",\"description\":\"What Product are you looking for?\",\"publisher\":{\"@id\":\"https:\/\/product-guide.org\/#organization\"},\"potentialAction\":[{\"@type\":\"SearchAction\",\"target\":{\"@type\":\"EntryPoint\",\"urlTemplate\":\"https:\/\/product-guide.org\/?s={search_term_string}\"},\"query-input\":{\"@type\":\"PropertyValueSpecification\",\"valueRequired\":true,\"valueName\":\"search_term_string\"}}],\"inLanguage\":\"en-GB\"},{\"@type\":\"Organization\",\"@id\":\"https:\/\/product-guide.org\/#organization\",\"name\":\"Product-Guide.org\",\"url\":\"https:\/\/product-guide.org\/\",\"logo\":{\"@type\":\"ImageObject\",\"inLanguage\":\"en-GB\",\"@id\":\"https:\/\/product-guide.org\/#\/schema\/logo\/image\/\",\"url\":\"https:\/\/product-guide.org\/wp-content\/uploads\/2022\/07\/logo_transparent_background.png\",\"contentUrl\":\"https:\/\/product-guide.org\/wp-content\/uploads\/2022\/07\/logo_transparent_background.png\",\"width\":3400,\"height\":1132,\"caption\":\"Product-Guide.org\"},\"image\":{\"@id\":\"https:\/\/product-guide.org\/#\/schema\/logo\/image\/\"}}]}<\/script>\n<!-- \/ Yoast SEO plugin. -->","yoast_head_json":{"title":"OFYR 75 Corten | Grillgott DE | Product-Guide.org","description":"OFYR 75 Corten | Grillgott DE gefunden von Product-Guide.org","robots":{"index":"index","follow":"follow","max-snippet":"max-snippet:-1","max-image-preview":"max-image-preview:large","max-video-preview":"max-video-preview:-1"},"canonical":"https:\/\/product-guide.org\/en\/produkt\/ofyr-75-corten-grillgott-de\/","og_locale":"en_GB","og_type":"article","og_title":"OFYR 75 Corten | Grillgott DE | Product-Guide.org","og_description":"OFYR 75 Corten | Grillgott DE gefunden von Product-Guide.org","og_url":"https:\/\/product-guide.org\/en\/produkt\/ofyr-75-corten-grillgott-de\/","og_site_name":"Product-Guide.org","twitter_card":"summary_large_image","schema":{"@context":"https:\/\/schema.org","@graph":[{"@type":"WebPage","@id":"https:\/\/product-guide.org\/produkt\/ofyr-75-corten-grillgott-de\/","url":"https:\/\/product-guide.org\/produkt\/ofyr-75-corten-grillgott-de\/","name":"OFYR 75 Corten | Grillgott DE | Product-Guide.org","isPartOf":{"@id":"https:\/\/product-guide.org\/#website"},"primaryImageOfPage":{"@id":"https:\/\/product-guide.org\/produkt\/ofyr-75-corten-grillgott-de\/#primaryimage"},"image":{"@id":"https:\/\/product-guide.org\/produkt\/ofyr-75-corten-grillgott-de\/#primaryimage"},"thumbnailUrl":"https:\/\/product-guide.org\/wp-content\/uploads\/2025\/03\/image-removebg_43.png","datePublished":"2025-03-17T10:58:44+00:00","description":"OFYR 75 Corten | Grillgott DE gefunden von Product-Guide.org","breadcrumb":{"@id":"https:\/\/product-guide.org\/produkt\/ofyr-75-corten-grillgott-de\/#breadcrumb"},"inLanguage":"en-GB","potentialAction":[{"@type":"ReadAction","target":["https:\/\/product-guide.org\/produkt\/ofyr-75-corten-grillgott-de\/"]}]},{"@type":"ImageObject","inLanguage":"en-GB","@id":"https:\/\/product-guide.org\/produkt\/ofyr-75-corten-grillgott-de\/#primaryimage","url":"https:\/\/product-guide.org\/wp-content\/uploads\/2025\/03\/image-removebg_43.png","contentUrl":"https:\/\/product-guide.org\/wp-content\/uploads\/2025\/03\/image-removebg_43.png","width":800,"height":800},{"@type":"BreadcrumbList","@id":"https:\/\/product-guide.org\/produkt\/ofyr-75-corten-grillgott-de\/#breadcrumb","itemListElement":[{"@type":"ListItem","position":1,"name":"Home","item":"https:\/\/product-guide.org\/"},{"@type":"ListItem","position":2,"name":"Ergebnisse","item":"https:\/\/product-guide.org\/de\/ergebnisse\/"},{"@type":"ListItem","position":3,"name":"OFYR 75 Corten | Grillgott DE"}]},{"@type":"WebSite","@id":"https:\/\/product-guide.org\/#website","url":"https:\/\/product-guide.org\/","name":"Product-Guide.org","description":"What Product are you looking for?","publisher":{"@id":"https:\/\/product-guide.org\/#organization"},"potentialAction":[{"@type":"SearchAction","target":{"@type":"EntryPoint","urlTemplate":"https:\/\/product-guide.org\/?s={search_term_string}"},"query-input":{"@type":"PropertyValueSpecification","valueRequired":true,"valueName":"search_term_string"}}],"inLanguage":"en-GB"},{"@type":"Organization","@id":"https:\/\/product-guide.org\/#organization","name":"Product-Guide.org","url":"https:\/\/product-guide.org\/","logo":{"@type":"ImageObject","inLanguage":"en-GB","@id":"https:\/\/product-guide.org\/#\/schema\/logo\/image\/","url":"https:\/\/product-guide.org\/wp-content\/uploads\/2022\/07\/logo_transparent_background.png","contentUrl":"https:\/\/product-guide.org\/wp-content\/uploads\/2022\/07\/logo_transparent_background.png","width":3400,"height":1132,"caption":"Product-Guide.org"},"image":{"@id":"https:\/\/product-guide.org\/#\/schema\/logo\/image\/"}}]}},"_links":{"self":[{"href":"https:\/\/product-guide.org\/en\/wp-json\/wp\/v2\/product\/53666","targetHints":{"allow":["GET"]}}],"collection":[{"href":"https:\/\/product-guide.org\/en\/wp-json\/wp\/v2\/product"}],"about":[{"href":"https:\/\/product-guide.org\/en\/wp-json\/wp\/v2\/types\/product"}],"wp:featuredmedia":[{"embeddable":true,"href":"https:\/\/product-guide.org\/en\/wp-json\/wp\/v2\/media\/53665"}],"wp:attachment":[{"href":"https:\/\/product-guide.org\/en\/wp-json\/wp\/v2\/media?parent=53666"}],"wp:term":[{"taxonomy":"store","embeddable":true,"href":"https:\/\/product-guide.org\/en\/wp-json\/wp\/v2\/store?post=53666"},{"taxonomy":"product_brand","embeddable":true,"href":"https:\/\/product-guide.org\/en\/wp-json\/wp\/v2\/product_brand?post=53666"},{"taxonomy":"product_cat","embeddable":true,"href":"https:\/\/product-guide.org\/en\/wp-json\/wp\/v2\/product_cat?post=53666"},{"taxonomy":"product_tag","embeddable":true,"href":"https:\/\/product-guide.org\/en\/wp-json\/wp\/v2\/product_tag?post=53666"}],"curies":[{"name":"wp","href":"https:\/\/api.w.org\/{rel}","templated":true}]}}