{"id":53668,"date":"2025-03-17T11:58:46","date_gmt":"2025-03-17T10:58:46","guid":{"rendered":"https:\/\/product-guide.org\/produkt\/otto-wilde-r24-regalmodul-tief-grillgott-de\/"},"modified":"2025-03-17T11:58:47","modified_gmt":"2025-03-17T10:58:47","slug":"otto-wilde-r24-regalmodul-tief-grillgott-de","status":"publish","type":"product","link":"https:\/\/product-guide.org\/en\/produkt\/otto-wilde-r24-regalmodul-tief-grillgott-de\/","title":{"rendered":"Otto Wilde R24 Regalmodul tief | Grillgott DE"},"content":{"rendered":"<p>Mit dem R24 Regalmodul Tief stehen noch mehr M\u00f6glichkeiten f\u00fcr die Outdoor K\u00fcche zur Verf\u00fcgung. Durch das offene Design ist alles jeder Zeit griffbereit und durch die anpassbaren Regalb\u00f6den, ist auch die Aufbewahrung von Sektgl\u00e4sern oder Flaschen m\u00f6glich. Und die Edelstahloberfl\u00e4che ist eine fantastische Arbeitsfl\u00e4che. Das R24 Regalmodul darf nicht alleinstehend genutzt werden und sollte immer in Kombination mit einem S, C, R oder B Modul kombiniert werden.<\/p>\n","protected":false},"excerpt":{"rendered":"<p>Mit dem R24 Regalmodul Tief stehen noch mehr M\u00f6glichkeiten f\u00fcr die Outdoor K\u00fcche zur Verf\u00fcgung. Durch das offene Design ist alles jeder Zeit griffbereit und durch die anpassbaren Regalb\u00f6den, ist auch die Aufbewahrung von Sektgl\u00e4sern oder Flaschen m\u00f6glich. Und die Edelstahloberfl\u00e4che ist eine fantastische Arbeitsfl\u00e4che. Das R24 Regalmodul darf nicht alleinstehend genutzt werden und sollte [&hellip;]<\/p>\n","protected":false},"featured_media":53667,"template":"","meta":{"_gspb_post_css":""},"store":[],"product_brand":[1410],"product_cat":[1290],"product_tag":[],"class_list":{"0":"post-53668","1":"product","2":"type-product","3":"status-publish","4":"has-post-thumbnail","6":"product_brand-grillgott-de","7":"product_cat-uncategorized","9":"first","10":"instock","11":"shipping-taxable","12":"purchasable","13":"product-type-simple"},"yoast_head":"<!-- This site is optimized with the Yoast SEO plugin v24.6 - https:\/\/yoast.com\/wordpress\/plugins\/seo\/ -->\n<title>Otto Wilde R24 Regalmodul tief | Grillgott DE | Product-Guide.org<\/title>\n<meta name=\"description\" content=\"Otto Wilde R24 Regalmodul tief | Grillgott DE gefunden von Product-Guide.org\" \/>\n<meta name=\"robots\" content=\"index, follow, max-snippet:-1, max-image-preview:large, max-video-preview:-1\" \/>\n<link rel=\"canonical\" href=\"https:\/\/product-guide.org\/en\/produkt\/otto-wilde-r24-regalmodul-tief-grillgott-de\/\" \/>\n<meta property=\"og:locale\" content=\"en_GB\" \/>\n<meta property=\"og:type\" content=\"article\" \/>\n<meta property=\"og:title\" content=\"Otto Wilde R24 Regalmodul tief | Grillgott DE | Product-Guide.org\" \/>\n<meta property=\"og:description\" content=\"Otto Wilde R24 Regalmodul tief | Grillgott DE gefunden von Product-Guide.org\" \/>\n<meta property=\"og:url\" content=\"https:\/\/product-guide.org\/en\/produkt\/otto-wilde-r24-regalmodul-tief-grillgott-de\/\" \/>\n<meta property=\"og:site_name\" content=\"Product-Guide.org\" \/>\n<meta property=\"article:modified_time\" content=\"2025-03-17T10:58:47+00:00\" \/>\n<meta name=\"twitter:card\" content=\"summary_large_image\" \/>\n<script type=\"application\/ld+json\" class=\"yoast-schema-graph\">{\"@context\":\"https:\/\/schema.org\",\"@graph\":[{\"@type\":\"WebPage\",\"@id\":\"https:\/\/product-guide.org\/produkt\/otto-wilde-r24-regalmodul-tief-grillgott-de\/\",\"url\":\"https:\/\/product-guide.org\/produkt\/otto-wilde-r24-regalmodul-tief-grillgott-de\/\",\"name\":\"Otto Wilde R24 Regalmodul tief | Grillgott DE | Product-Guide.org\",\"isPartOf\":{\"@id\":\"https:\/\/product-guide.org\/#website\"},\"primaryImageOfPage\":{\"@id\":\"https:\/\/product-guide.org\/produkt\/otto-wilde-r24-regalmodul-tief-grillgott-de\/#primaryimage\"},\"image\":{\"@id\":\"https:\/\/product-guide.org\/produkt\/otto-wilde-r24-regalmodul-tief-grillgott-de\/#primaryimage\"},\"thumbnailUrl\":\"https:\/\/product-guide.org\/wp-content\/uploads\/2025\/03\/image-removebg_70.png\",\"datePublished\":\"2025-03-17T10:58:46+00:00\",\"dateModified\":\"2025-03-17T10:58:47+00:00\",\"description\":\"Otto Wilde R24 Regalmodul tief | Grillgott DE gefunden von Product-Guide.org\",\"breadcrumb\":{\"@id\":\"https:\/\/product-guide.org\/produkt\/otto-wilde-r24-regalmodul-tief-grillgott-de\/#breadcrumb\"},\"inLanguage\":\"en-GB\",\"potentialAction\":[{\"@type\":\"ReadAction\",\"target\":[\"https:\/\/product-guide.org\/produkt\/otto-wilde-r24-regalmodul-tief-grillgott-de\/\"]}]},{\"@type\":\"ImageObject\",\"inLanguage\":\"en-GB\",\"@id\":\"https:\/\/product-guide.org\/produkt\/otto-wilde-r24-regalmodul-tief-grillgott-de\/#primaryimage\",\"url\":\"https:\/\/product-guide.org\/wp-content\/uploads\/2025\/03\/image-removebg_70.png\",\"contentUrl\":\"https:\/\/product-guide.org\/wp-content\/uploads\/2025\/03\/image-removebg_70.png\",\"width\":600,\"height\":600},{\"@type\":\"BreadcrumbList\",\"@id\":\"https:\/\/product-guide.org\/produkt\/otto-wilde-r24-regalmodul-tief-grillgott-de\/#breadcrumb\",\"itemListElement\":[{\"@type\":\"ListItem\",\"position\":1,\"name\":\"Home\",\"item\":\"https:\/\/product-guide.org\/\"},{\"@type\":\"ListItem\",\"position\":2,\"name\":\"Ergebnisse\",\"item\":\"https:\/\/product-guide.org\/de\/ergebnisse\/\"},{\"@type\":\"ListItem\",\"position\":3,\"name\":\"Otto Wilde R24 Regalmodul tief | Grillgott DE\"}]},{\"@type\":\"WebSite\",\"@id\":\"https:\/\/product-guide.org\/#website\",\"url\":\"https:\/\/product-guide.org\/\",\"name\":\"Product-Guide.org\",\"description\":\"What Product are you looking for?\",\"publisher\":{\"@id\":\"https:\/\/product-guide.org\/#organization\"},\"potentialAction\":[{\"@type\":\"SearchAction\",\"target\":{\"@type\":\"EntryPoint\",\"urlTemplate\":\"https:\/\/product-guide.org\/?s={search_term_string}\"},\"query-input\":{\"@type\":\"PropertyValueSpecification\",\"valueRequired\":true,\"valueName\":\"search_term_string\"}}],\"inLanguage\":\"en-GB\"},{\"@type\":\"Organization\",\"@id\":\"https:\/\/product-guide.org\/#organization\",\"name\":\"Product-Guide.org\",\"url\":\"https:\/\/product-guide.org\/\",\"logo\":{\"@type\":\"ImageObject\",\"inLanguage\":\"en-GB\",\"@id\":\"https:\/\/product-guide.org\/#\/schema\/logo\/image\/\",\"url\":\"https:\/\/product-guide.org\/wp-content\/uploads\/2022\/07\/logo_transparent_background.png\",\"contentUrl\":\"https:\/\/product-guide.org\/wp-content\/uploads\/2022\/07\/logo_transparent_background.png\",\"width\":3400,\"height\":1132,\"caption\":\"Product-Guide.org\"},\"image\":{\"@id\":\"https:\/\/product-guide.org\/#\/schema\/logo\/image\/\"}}]}<\/script>\n<!-- \/ Yoast SEO plugin. -->","yoast_head_json":{"title":"Otto Wilde R24 Regalmodul tief | Grillgott DE | Product-Guide.org","description":"Otto Wilde R24 Regalmodul tief | Grillgott DE gefunden von Product-Guide.org","robots":{"index":"index","follow":"follow","max-snippet":"max-snippet:-1","max-image-preview":"max-image-preview:large","max-video-preview":"max-video-preview:-1"},"canonical":"https:\/\/product-guide.org\/en\/produkt\/otto-wilde-r24-regalmodul-tief-grillgott-de\/","og_locale":"en_GB","og_type":"article","og_title":"Otto Wilde R24 Regalmodul tief | Grillgott DE | Product-Guide.org","og_description":"Otto Wilde R24 Regalmodul tief | Grillgott DE gefunden von Product-Guide.org","og_url":"https:\/\/product-guide.org\/en\/produkt\/otto-wilde-r24-regalmodul-tief-grillgott-de\/","og_site_name":"Product-Guide.org","article_modified_time":"2025-03-17T10:58:47+00:00","twitter_card":"summary_large_image","schema":{"@context":"https:\/\/schema.org","@graph":[{"@type":"WebPage","@id":"https:\/\/product-guide.org\/produkt\/otto-wilde-r24-regalmodul-tief-grillgott-de\/","url":"https:\/\/product-guide.org\/produkt\/otto-wilde-r24-regalmodul-tief-grillgott-de\/","name":"Otto Wilde R24 Regalmodul tief | Grillgott DE | Product-Guide.org","isPartOf":{"@id":"https:\/\/product-guide.org\/#website"},"primaryImageOfPage":{"@id":"https:\/\/product-guide.org\/produkt\/otto-wilde-r24-regalmodul-tief-grillgott-de\/#primaryimage"},"image":{"@id":"https:\/\/product-guide.org\/produkt\/otto-wilde-r24-regalmodul-tief-grillgott-de\/#primaryimage"},"thumbnailUrl":"https:\/\/product-guide.org\/wp-content\/uploads\/2025\/03\/image-removebg_70.png","datePublished":"2025-03-17T10:58:46+00:00","dateModified":"2025-03-17T10:58:47+00:00","description":"Otto Wilde R24 Regalmodul tief | Grillgott DE gefunden von Product-Guide.org","breadcrumb":{"@id":"https:\/\/product-guide.org\/produkt\/otto-wilde-r24-regalmodul-tief-grillgott-de\/#breadcrumb"},"inLanguage":"en-GB","potentialAction":[{"@type":"ReadAction","target":["https:\/\/product-guide.org\/produkt\/otto-wilde-r24-regalmodul-tief-grillgott-de\/"]}]},{"@type":"ImageObject","inLanguage":"en-GB","@id":"https:\/\/product-guide.org\/produkt\/otto-wilde-r24-regalmodul-tief-grillgott-de\/#primaryimage","url":"https:\/\/product-guide.org\/wp-content\/uploads\/2025\/03\/image-removebg_70.png","contentUrl":"https:\/\/product-guide.org\/wp-content\/uploads\/2025\/03\/image-removebg_70.png","width":600,"height":600},{"@type":"BreadcrumbList","@id":"https:\/\/product-guide.org\/produkt\/otto-wilde-r24-regalmodul-tief-grillgott-de\/#breadcrumb","itemListElement":[{"@type":"ListItem","position":1,"name":"Home","item":"https:\/\/product-guide.org\/"},{"@type":"ListItem","position":2,"name":"Ergebnisse","item":"https:\/\/product-guide.org\/de\/ergebnisse\/"},{"@type":"ListItem","position":3,"name":"Otto Wilde R24 Regalmodul tief | Grillgott DE"}]},{"@type":"WebSite","@id":"https:\/\/product-guide.org\/#website","url":"https:\/\/product-guide.org\/","name":"Product-Guide.org","description":"What Product are you looking for?","publisher":{"@id":"https:\/\/product-guide.org\/#organization"},"potentialAction":[{"@type":"SearchAction","target":{"@type":"EntryPoint","urlTemplate":"https:\/\/product-guide.org\/?s={search_term_string}"},"query-input":{"@type":"PropertyValueSpecification","valueRequired":true,"valueName":"search_term_string"}}],"inLanguage":"en-GB"},{"@type":"Organization","@id":"https:\/\/product-guide.org\/#organization","name":"Product-Guide.org","url":"https:\/\/product-guide.org\/","logo":{"@type":"ImageObject","inLanguage":"en-GB","@id":"https:\/\/product-guide.org\/#\/schema\/logo\/image\/","url":"https:\/\/product-guide.org\/wp-content\/uploads\/2022\/07\/logo_transparent_background.png","contentUrl":"https:\/\/product-guide.org\/wp-content\/uploads\/2022\/07\/logo_transparent_background.png","width":3400,"height":1132,"caption":"Product-Guide.org"},"image":{"@id":"https:\/\/product-guide.org\/#\/schema\/logo\/image\/"}}]}},"_links":{"self":[{"href":"https:\/\/product-guide.org\/en\/wp-json\/wp\/v2\/product\/53668","targetHints":{"allow":["GET"]}}],"collection":[{"href":"https:\/\/product-guide.org\/en\/wp-json\/wp\/v2\/product"}],"about":[{"href":"https:\/\/product-guide.org\/en\/wp-json\/wp\/v2\/types\/product"}],"wp:featuredmedia":[{"embeddable":true,"href":"https:\/\/product-guide.org\/en\/wp-json\/wp\/v2\/media\/53667"}],"wp:attachment":[{"href":"https:\/\/product-guide.org\/en\/wp-json\/wp\/v2\/media?parent=53668"}],"wp:term":[{"taxonomy":"store","embeddable":true,"href":"https:\/\/product-guide.org\/en\/wp-json\/wp\/v2\/store?post=53668"},{"taxonomy":"product_brand","embeddable":true,"href":"https:\/\/product-guide.org\/en\/wp-json\/wp\/v2\/product_brand?post=53668"},{"taxonomy":"product_cat","embeddable":true,"href":"https:\/\/product-guide.org\/en\/wp-json\/wp\/v2\/product_cat?post=53668"},{"taxonomy":"product_tag","embeddable":true,"href":"https:\/\/product-guide.org\/en\/wp-json\/wp\/v2\/product_tag?post=53668"}],"curies":[{"name":"wp","href":"https:\/\/api.w.org\/{rel}","templated":true}]}}