{"id":53710,"date":"2025-03-17T11:59:41","date_gmt":"2025-03-17T10:59:41","guid":{"rendered":"https:\/\/product-guide.org\/produkt\/yeti-reisebecher-591ml-black-grillgott-de\/"},"modified":"2025-03-17T11:59:41","modified_gmt":"2025-03-17T10:59:41","slug":"yeti-reisebecher-591ml-black-grillgott-de","status":"publish","type":"product","link":"https:\/\/product-guide.org\/en\/produkt\/yeti-reisebecher-591ml-black-grillgott-de\/","title":{"rendered":"YETI Reisebecher 591ml Black | Grillgott DE"},"content":{"rendered":"<p>Dieser vielseitige Henkelbecher f\u00fcr unterwegs ist mit dem Rambler StrongHold Deckel ausgestattet \u2013 einem auslaufsicheren Upgrade zum Draufdrehen mit einer Doppelschieber-Magnettechnologie. Dieser Deckel l\u00e4sst sich sowohl von Rechts- als auch Linksh\u00e4ndern leicht zudrehen und sorgt so f\u00fcr eine starke Schicht zwischen deinem frei flie\u00dfenden Getr\u00e4nk und der Au\u00dfenwelt. Und wenn wir dar\u00fcber sprechen, wo du ihn verwenden kannst, passt er dank des erh\u00f6hten Tragegriffs praktisch \u00fcberall komfortabel in einen Getr\u00e4nkehalter.Bitte beachten: Der StrongHold Deckel wurde speziell f\u00fcr den Rambler Reisebecher mit 591 ml Fassungsverm\u00f6gen hergestellt und ist nicht mit anderen Rambler Getr\u00e4nkebeh\u00e4ltern kompatibel. Der StrongHold Deckel f\u00fcr den Reisebecher kann auf vier Weisen platziert werden und ist sowohl f\u00fcr Rechts- als auch Linksh\u00e4nder geeignet, wie alle unseren Rambler Getr\u00e4nkebeh\u00e4lter. Verwende den StrongHold Deckel f\u00fcr den Rambler Reisebecher nicht f\u00fcr kohlens\u00e4u&#8230;<\/p>\n","protected":false},"excerpt":{"rendered":"<p>Dieser vielseitige Henkelbecher f\u00fcr unterwegs ist mit dem Rambler StrongHold Deckel ausgestattet \u2013 einem auslaufsicheren Upgrade zum Draufdrehen mit einer Doppelschieber-Magnettechnologie. Dieser Deckel l\u00e4sst sich sowohl von Rechts- als auch Linksh\u00e4ndern leicht zudrehen und sorgt so f\u00fcr eine starke Schicht zwischen deinem frei flie\u00dfenden Getr\u00e4nk und der Au\u00dfenwelt. Und wenn wir dar\u00fcber sprechen, wo du [&hellip;]<\/p>\n","protected":false},"featured_media":53709,"template":"","meta":{"_gspb_post_css":""},"store":[],"product_brand":[1410],"product_cat":[1290],"product_tag":[],"class_list":{"0":"post-53710","1":"product","2":"type-product","3":"status-publish","4":"has-post-thumbnail","6":"product_brand-grillgott-de","7":"product_cat-uncategorized","9":"first","10":"instock","11":"shipping-taxable","12":"purchasable","13":"product-type-simple"},"yoast_head":"<!-- This site is optimized with the Yoast SEO plugin v24.6 - https:\/\/yoast.com\/wordpress\/plugins\/seo\/ -->\n<title>YETI Reisebecher 591ml Black | Grillgott DE | Product-Guide.org<\/title>\n<meta name=\"description\" content=\"YETI Reisebecher 591ml Black | Grillgott DE gefunden von Product-Guide.org\" \/>\n<meta name=\"robots\" content=\"index, follow, max-snippet:-1, max-image-preview:large, max-video-preview:-1\" \/>\n<link rel=\"canonical\" href=\"https:\/\/product-guide.org\/en\/produkt\/yeti-reisebecher-591ml-black-grillgott-de\/\" \/>\n<meta property=\"og:locale\" content=\"en_GB\" \/>\n<meta property=\"og:type\" content=\"article\" \/>\n<meta property=\"og:title\" content=\"YETI Reisebecher 591ml Black | Grillgott DE | Product-Guide.org\" \/>\n<meta property=\"og:description\" content=\"YETI Reisebecher 591ml Black | Grillgott DE gefunden von Product-Guide.org\" \/>\n<meta property=\"og:url\" content=\"https:\/\/product-guide.org\/en\/produkt\/yeti-reisebecher-591ml-black-grillgott-de\/\" \/>\n<meta property=\"og:site_name\" content=\"Product-Guide.org\" \/>\n<meta name=\"twitter:card\" content=\"summary_large_image\" \/>\n<script type=\"application\/ld+json\" class=\"yoast-schema-graph\">{\"@context\":\"https:\/\/schema.org\",\"@graph\":[{\"@type\":\"WebPage\",\"@id\":\"https:\/\/product-guide.org\/produkt\/yeti-reisebecher-591ml-black-grillgott-de\/\",\"url\":\"https:\/\/product-guide.org\/produkt\/yeti-reisebecher-591ml-black-grillgott-de\/\",\"name\":\"YETI Reisebecher 591ml Black | Grillgott DE | Product-Guide.org\",\"isPartOf\":{\"@id\":\"https:\/\/product-guide.org\/#website\"},\"primaryImageOfPage\":{\"@id\":\"https:\/\/product-guide.org\/produkt\/yeti-reisebecher-591ml-black-grillgott-de\/#primaryimage\"},\"image\":{\"@id\":\"https:\/\/product-guide.org\/produkt\/yeti-reisebecher-591ml-black-grillgott-de\/#primaryimage\"},\"thumbnailUrl\":\"https:\/\/product-guide.org\/wp-content\/uploads\/2025\/03\/image-removebg_31.png\",\"datePublished\":\"2025-03-17T10:59:41+00:00\",\"description\":\"YETI Reisebecher 591ml Black | Grillgott DE gefunden von Product-Guide.org\",\"breadcrumb\":{\"@id\":\"https:\/\/product-guide.org\/produkt\/yeti-reisebecher-591ml-black-grillgott-de\/#breadcrumb\"},\"inLanguage\":\"en-GB\",\"potentialAction\":[{\"@type\":\"ReadAction\",\"target\":[\"https:\/\/product-guide.org\/produkt\/yeti-reisebecher-591ml-black-grillgott-de\/\"]}]},{\"@type\":\"ImageObject\",\"inLanguage\":\"en-GB\",\"@id\":\"https:\/\/product-guide.org\/produkt\/yeti-reisebecher-591ml-black-grillgott-de\/#primaryimage\",\"url\":\"https:\/\/product-guide.org\/wp-content\/uploads\/2025\/03\/image-removebg_31.png\",\"contentUrl\":\"https:\/\/product-guide.org\/wp-content\/uploads\/2025\/03\/image-removebg_31.png\",\"width\":546,\"height\":546},{\"@type\":\"BreadcrumbList\",\"@id\":\"https:\/\/product-guide.org\/produkt\/yeti-reisebecher-591ml-black-grillgott-de\/#breadcrumb\",\"itemListElement\":[{\"@type\":\"ListItem\",\"position\":1,\"name\":\"Home\",\"item\":\"https:\/\/product-guide.org\/\"},{\"@type\":\"ListItem\",\"position\":2,\"name\":\"Ergebnisse\",\"item\":\"https:\/\/product-guide.org\/de\/ergebnisse\/\"},{\"@type\":\"ListItem\",\"position\":3,\"name\":\"YETI Reisebecher 591ml Black | Grillgott DE\"}]},{\"@type\":\"WebSite\",\"@id\":\"https:\/\/product-guide.org\/#website\",\"url\":\"https:\/\/product-guide.org\/\",\"name\":\"Product-Guide.org\",\"description\":\"What Product are you looking for?\",\"publisher\":{\"@id\":\"https:\/\/product-guide.org\/#organization\"},\"potentialAction\":[{\"@type\":\"SearchAction\",\"target\":{\"@type\":\"EntryPoint\",\"urlTemplate\":\"https:\/\/product-guide.org\/?s={search_term_string}\"},\"query-input\":{\"@type\":\"PropertyValueSpecification\",\"valueRequired\":true,\"valueName\":\"search_term_string\"}}],\"inLanguage\":\"en-GB\"},{\"@type\":\"Organization\",\"@id\":\"https:\/\/product-guide.org\/#organization\",\"name\":\"Product-Guide.org\",\"url\":\"https:\/\/product-guide.org\/\",\"logo\":{\"@type\":\"ImageObject\",\"inLanguage\":\"en-GB\",\"@id\":\"https:\/\/product-guide.org\/#\/schema\/logo\/image\/\",\"url\":\"https:\/\/product-guide.org\/wp-content\/uploads\/2022\/07\/logo_transparent_background.png\",\"contentUrl\":\"https:\/\/product-guide.org\/wp-content\/uploads\/2022\/07\/logo_transparent_background.png\",\"width\":3400,\"height\":1132,\"caption\":\"Product-Guide.org\"},\"image\":{\"@id\":\"https:\/\/product-guide.org\/#\/schema\/logo\/image\/\"}}]}<\/script>\n<!-- \/ Yoast SEO plugin. -->","yoast_head_json":{"title":"YETI Reisebecher 591ml Black | Grillgott DE | Product-Guide.org","description":"YETI Reisebecher 591ml Black | Grillgott DE gefunden von Product-Guide.org","robots":{"index":"index","follow":"follow","max-snippet":"max-snippet:-1","max-image-preview":"max-image-preview:large","max-video-preview":"max-video-preview:-1"},"canonical":"https:\/\/product-guide.org\/en\/produkt\/yeti-reisebecher-591ml-black-grillgott-de\/","og_locale":"en_GB","og_type":"article","og_title":"YETI Reisebecher 591ml Black | Grillgott DE | Product-Guide.org","og_description":"YETI Reisebecher 591ml Black | Grillgott DE gefunden von Product-Guide.org","og_url":"https:\/\/product-guide.org\/en\/produkt\/yeti-reisebecher-591ml-black-grillgott-de\/","og_site_name":"Product-Guide.org","twitter_card":"summary_large_image","schema":{"@context":"https:\/\/schema.org","@graph":[{"@type":"WebPage","@id":"https:\/\/product-guide.org\/produkt\/yeti-reisebecher-591ml-black-grillgott-de\/","url":"https:\/\/product-guide.org\/produkt\/yeti-reisebecher-591ml-black-grillgott-de\/","name":"YETI Reisebecher 591ml Black | Grillgott DE | Product-Guide.org","isPartOf":{"@id":"https:\/\/product-guide.org\/#website"},"primaryImageOfPage":{"@id":"https:\/\/product-guide.org\/produkt\/yeti-reisebecher-591ml-black-grillgott-de\/#primaryimage"},"image":{"@id":"https:\/\/product-guide.org\/produkt\/yeti-reisebecher-591ml-black-grillgott-de\/#primaryimage"},"thumbnailUrl":"https:\/\/product-guide.org\/wp-content\/uploads\/2025\/03\/image-removebg_31.png","datePublished":"2025-03-17T10:59:41+00:00","description":"YETI Reisebecher 591ml Black | Grillgott DE gefunden von Product-Guide.org","breadcrumb":{"@id":"https:\/\/product-guide.org\/produkt\/yeti-reisebecher-591ml-black-grillgott-de\/#breadcrumb"},"inLanguage":"en-GB","potentialAction":[{"@type":"ReadAction","target":["https:\/\/product-guide.org\/produkt\/yeti-reisebecher-591ml-black-grillgott-de\/"]}]},{"@type":"ImageObject","inLanguage":"en-GB","@id":"https:\/\/product-guide.org\/produkt\/yeti-reisebecher-591ml-black-grillgott-de\/#primaryimage","url":"https:\/\/product-guide.org\/wp-content\/uploads\/2025\/03\/image-removebg_31.png","contentUrl":"https:\/\/product-guide.org\/wp-content\/uploads\/2025\/03\/image-removebg_31.png","width":546,"height":546},{"@type":"BreadcrumbList","@id":"https:\/\/product-guide.org\/produkt\/yeti-reisebecher-591ml-black-grillgott-de\/#breadcrumb","itemListElement":[{"@type":"ListItem","position":1,"name":"Home","item":"https:\/\/product-guide.org\/"},{"@type":"ListItem","position":2,"name":"Ergebnisse","item":"https:\/\/product-guide.org\/de\/ergebnisse\/"},{"@type":"ListItem","position":3,"name":"YETI Reisebecher 591ml Black | Grillgott DE"}]},{"@type":"WebSite","@id":"https:\/\/product-guide.org\/#website","url":"https:\/\/product-guide.org\/","name":"Product-Guide.org","description":"What Product are you looking for?","publisher":{"@id":"https:\/\/product-guide.org\/#organization"},"potentialAction":[{"@type":"SearchAction","target":{"@type":"EntryPoint","urlTemplate":"https:\/\/product-guide.org\/?s={search_term_string}"},"query-input":{"@type":"PropertyValueSpecification","valueRequired":true,"valueName":"search_term_string"}}],"inLanguage":"en-GB"},{"@type":"Organization","@id":"https:\/\/product-guide.org\/#organization","name":"Product-Guide.org","url":"https:\/\/product-guide.org\/","logo":{"@type":"ImageObject","inLanguage":"en-GB","@id":"https:\/\/product-guide.org\/#\/schema\/logo\/image\/","url":"https:\/\/product-guide.org\/wp-content\/uploads\/2022\/07\/logo_transparent_background.png","contentUrl":"https:\/\/product-guide.org\/wp-content\/uploads\/2022\/07\/logo_transparent_background.png","width":3400,"height":1132,"caption":"Product-Guide.org"},"image":{"@id":"https:\/\/product-guide.org\/#\/schema\/logo\/image\/"}}]}},"_links":{"self":[{"href":"https:\/\/product-guide.org\/en\/wp-json\/wp\/v2\/product\/53710","targetHints":{"allow":["GET"]}}],"collection":[{"href":"https:\/\/product-guide.org\/en\/wp-json\/wp\/v2\/product"}],"about":[{"href":"https:\/\/product-guide.org\/en\/wp-json\/wp\/v2\/types\/product"}],"wp:featuredmedia":[{"embeddable":true,"href":"https:\/\/product-guide.org\/en\/wp-json\/wp\/v2\/media\/53709"}],"wp:attachment":[{"href":"https:\/\/product-guide.org\/en\/wp-json\/wp\/v2\/media?parent=53710"}],"wp:term":[{"taxonomy":"store","embeddable":true,"href":"https:\/\/product-guide.org\/en\/wp-json\/wp\/v2\/store?post=53710"},{"taxonomy":"product_brand","embeddable":true,"href":"https:\/\/product-guide.org\/en\/wp-json\/wp\/v2\/product_brand?post=53710"},{"taxonomy":"product_cat","embeddable":true,"href":"https:\/\/product-guide.org\/en\/wp-json\/wp\/v2\/product_cat?post=53710"},{"taxonomy":"product_tag","embeddable":true,"href":"https:\/\/product-guide.org\/en\/wp-json\/wp\/v2\/product_tag?post=53710"}],"curies":[{"name":"wp","href":"https:\/\/api.w.org\/{rel}","templated":true}]}}