{"id":53774,"date":"2025-03-17T12:00:51","date_gmt":"2025-03-17T11:00:51","guid":{"rendered":"https:\/\/product-guide.org\/produkt\/lumix-superlight-flame-mini-12-kerzen-basis-set-in-rot-kathe-wohlfahrt-de\/"},"modified":"2025-03-17T12:00:52","modified_gmt":"2025-03-17T11:00:52","slug":"lumix-superlight-flame-mini-12-kerzen-basis-set-in-rot-kathe-wohlfahrt-de","status":"publish","type":"product","link":"https:\/\/product-guide.org\/en\/produkt\/lumix-superlight-flame-mini-12-kerzen-basis-set-in-rot-kathe-wohlfahrt-de\/","title":{"rendered":"Lumix Superlight Flame Mini 12 Kerzen Basis Set in Rot | K\u00e4the Wohlfahrt DE"},"content":{"rendered":"<p>Mit den Lumix SuperLight Flame erstrahlt Ihr Baum heller als jemals zuvor Krinner erweitert seine erfolgreiche Lumix-Serie kabelloser Christbaumkerzen mit SuperLight Flame Die neue SuperLight Flame Kerze hat die erste jemals in einer kabellosen Christbaumkerze verbaute Faden- oder Filament-LED und damit eine hellere und gr\u00f6\u00dfere LED als andere Modelle Flame sieht nicht nur flammen\u00e4hnlich aus, sondern leuchtet auch heller bei gleichem Energieverbrauch Die riesige LED ist in einem neu designten eleganten Kerzenkopf platziert und bringt jeden Weihnachtsbaum zum Strahlen Kerzen von LUMIX zeichnen sich durch ansprechendes Design, Zuverl\u00e4ssigkeit, lange Brenndauer und eine helle gold-gelbe Lichtfarbe aus Die Fernbedienung in hochwertiger Aluminium-Optik beinhaltet eine Dimmfunktion, eine vier Stunden Abschaltautomatik und eine 2-fache Flackerfunktion Lumix Super Light Flame Basis-Set: 12 Mini LED Kerzen inklusive 12 Alkaline Qualit\u00e4ts-Batterien (Typ LR03\/AAA) Farbe: rot \/ metallic Fernbedienung inkl Batterie 4 Stunden Ausschalt-Funktion 2facher Flackermodus f\u00fcr den Innen- sowie den Au\u00dfenbereich geeignet (IP44) H\u00f6he: 9 cm Leuchtdauer: 150 Stunden Dauerbetrieb oder 21 Tage bei 4 Stunden t\u00e4glicher Einschaltzeit unbegrenzt erweiterbar, siehe Erweiterungs-Set (Artnr: 932058)<\/p>\n","protected":false},"excerpt":{"rendered":"<p>Mit den Lumix SuperLight Flame erstrahlt Ihr Baum heller als jemals zuvor Krinner erweitert seine erfolgreiche Lumix-Serie kabelloser Christbaumkerzen mit SuperLight Flame Die neue SuperLight Flame Kerze hat die erste jemals in einer kabellosen Christbaumkerze verbaute Faden- oder Filament-LED und damit eine hellere und gr\u00f6\u00dfere LED als andere Modelle Flame sieht nicht nur flammen\u00e4hnlich aus, [&hellip;]<\/p>\n","protected":false},"featured_media":53773,"template":"","meta":{"_gspb_post_css":""},"store":[],"product_brand":[1411],"product_cat":[1290],"product_tag":[],"class_list":{"0":"post-53774","1":"product","2":"type-product","3":"status-publish","4":"has-post-thumbnail","6":"product_brand-kathe-wohlfahrt-de","7":"product_cat-uncategorized","9":"first","10":"instock","11":"shipping-taxable","12":"purchasable","13":"product-type-simple"},"yoast_head":"<!-- This site is optimized with the Yoast SEO plugin v24.6 - https:\/\/yoast.com\/wordpress\/plugins\/seo\/ -->\n<title>Lumix Superlight Flame Mini 12 Kerzen Basis Set in Rot | K\u00e4the Wohlfahrt DE | Product-Guide.org<\/title>\n<meta name=\"description\" content=\"Lumix Superlight Flame Mini 12 Kerzen Basis Set in Rot | K\u00e4the Wohlfahrt DE gefunden von Product-Guide.org\" \/>\n<meta name=\"robots\" content=\"index, follow, max-snippet:-1, max-image-preview:large, max-video-preview:-1\" \/>\n<link rel=\"canonical\" href=\"https:\/\/product-guide.org\/en\/produkt\/lumix-superlight-flame-mini-12-kerzen-basis-set-in-rot-kathe-wohlfahrt-de\/\" \/>\n<meta property=\"og:locale\" content=\"en_GB\" \/>\n<meta property=\"og:type\" content=\"article\" \/>\n<meta property=\"og:title\" content=\"Lumix Superlight Flame Mini 12 Kerzen Basis Set in Rot | K\u00e4the Wohlfahrt DE | Product-Guide.org\" \/>\n<meta property=\"og:description\" content=\"Lumix Superlight Flame Mini 12 Kerzen Basis Set in Rot | K\u00e4the Wohlfahrt DE gefunden von Product-Guide.org\" \/>\n<meta property=\"og:url\" content=\"https:\/\/product-guide.org\/en\/produkt\/lumix-superlight-flame-mini-12-kerzen-basis-set-in-rot-kathe-wohlfahrt-de\/\" \/>\n<meta property=\"og:site_name\" content=\"Product-Guide.org\" \/>\n<meta property=\"article:modified_time\" content=\"2025-03-17T11:00:52+00:00\" \/>\n<meta name=\"twitter:card\" content=\"summary_large_image\" \/>\n<script type=\"application\/ld+json\" class=\"yoast-schema-graph\">{\"@context\":\"https:\/\/schema.org\",\"@graph\":[{\"@type\":\"WebPage\",\"@id\":\"https:\/\/product-guide.org\/produkt\/lumix-superlight-flame-mini-12-kerzen-basis-set-in-rot-kathe-wohlfahrt-de\/\",\"url\":\"https:\/\/product-guide.org\/produkt\/lumix-superlight-flame-mini-12-kerzen-basis-set-in-rot-kathe-wohlfahrt-de\/\",\"name\":\"Lumix Superlight Flame Mini 12 Kerzen Basis Set in Rot | K\u00e4the Wohlfahrt DE | Product-Guide.org\",\"isPartOf\":{\"@id\":\"https:\/\/product-guide.org\/#website\"},\"primaryImageOfPage\":{\"@id\":\"https:\/\/product-guide.org\/produkt\/lumix-superlight-flame-mini-12-kerzen-basis-set-in-rot-kathe-wohlfahrt-de\/#primaryimage\"},\"image\":{\"@id\":\"https:\/\/product-guide.org\/produkt\/lumix-superlight-flame-mini-12-kerzen-basis-set-in-rot-kathe-wohlfahrt-de\/#primaryimage\"},\"thumbnailUrl\":\"https:\/\/product-guide.org\/wp-content\/uploads\/2025\/03\/932057.jpg\",\"datePublished\":\"2025-03-17T11:00:51+00:00\",\"dateModified\":\"2025-03-17T11:00:52+00:00\",\"description\":\"Lumix Superlight Flame Mini 12 Kerzen Basis Set in Rot | K\u00e4the Wohlfahrt DE gefunden von Product-Guide.org\",\"breadcrumb\":{\"@id\":\"https:\/\/product-guide.org\/produkt\/lumix-superlight-flame-mini-12-kerzen-basis-set-in-rot-kathe-wohlfahrt-de\/#breadcrumb\"},\"inLanguage\":\"en-GB\",\"potentialAction\":[{\"@type\":\"ReadAction\",\"target\":[\"https:\/\/product-guide.org\/produkt\/lumix-superlight-flame-mini-12-kerzen-basis-set-in-rot-kathe-wohlfahrt-de\/\"]}]},{\"@type\":\"ImageObject\",\"inLanguage\":\"en-GB\",\"@id\":\"https:\/\/product-guide.org\/produkt\/lumix-superlight-flame-mini-12-kerzen-basis-set-in-rot-kathe-wohlfahrt-de\/#primaryimage\",\"url\":\"https:\/\/product-guide.org\/wp-content\/uploads\/2025\/03\/932057.jpg\",\"contentUrl\":\"https:\/\/product-guide.org\/wp-content\/uploads\/2025\/03\/932057.jpg\",\"width\":1500,\"height\":1500},{\"@type\":\"BreadcrumbList\",\"@id\":\"https:\/\/product-guide.org\/produkt\/lumix-superlight-flame-mini-12-kerzen-basis-set-in-rot-kathe-wohlfahrt-de\/#breadcrumb\",\"itemListElement\":[{\"@type\":\"ListItem\",\"position\":1,\"name\":\"Home\",\"item\":\"https:\/\/product-guide.org\/\"},{\"@type\":\"ListItem\",\"position\":2,\"name\":\"Ergebnisse\",\"item\":\"https:\/\/product-guide.org\/de\/ergebnisse\/\"},{\"@type\":\"ListItem\",\"position\":3,\"name\":\"Lumix Superlight Flame Mini 12 Kerzen Basis Set in Rot | K\u00e4the Wohlfahrt DE\"}]},{\"@type\":\"WebSite\",\"@id\":\"https:\/\/product-guide.org\/#website\",\"url\":\"https:\/\/product-guide.org\/\",\"name\":\"Product-Guide.org\",\"description\":\"What Product are you looking for?\",\"publisher\":{\"@id\":\"https:\/\/product-guide.org\/#organization\"},\"potentialAction\":[{\"@type\":\"SearchAction\",\"target\":{\"@type\":\"EntryPoint\",\"urlTemplate\":\"https:\/\/product-guide.org\/?s={search_term_string}\"},\"query-input\":{\"@type\":\"PropertyValueSpecification\",\"valueRequired\":true,\"valueName\":\"search_term_string\"}}],\"inLanguage\":\"en-GB\"},{\"@type\":\"Organization\",\"@id\":\"https:\/\/product-guide.org\/#organization\",\"name\":\"Product-Guide.org\",\"url\":\"https:\/\/product-guide.org\/\",\"logo\":{\"@type\":\"ImageObject\",\"inLanguage\":\"en-GB\",\"@id\":\"https:\/\/product-guide.org\/#\/schema\/logo\/image\/\",\"url\":\"https:\/\/product-guide.org\/wp-content\/uploads\/2022\/07\/logo_transparent_background.png\",\"contentUrl\":\"https:\/\/product-guide.org\/wp-content\/uploads\/2022\/07\/logo_transparent_background.png\",\"width\":3400,\"height\":1132,\"caption\":\"Product-Guide.org\"},\"image\":{\"@id\":\"https:\/\/product-guide.org\/#\/schema\/logo\/image\/\"}}]}<\/script>\n<!-- \/ Yoast SEO plugin. -->","yoast_head_json":{"title":"Lumix Superlight Flame Mini 12 Kerzen Basis Set in Rot | K\u00e4the Wohlfahrt DE | Product-Guide.org","description":"Lumix Superlight Flame Mini 12 Kerzen Basis Set in Rot | K\u00e4the Wohlfahrt DE gefunden von Product-Guide.org","robots":{"index":"index","follow":"follow","max-snippet":"max-snippet:-1","max-image-preview":"max-image-preview:large","max-video-preview":"max-video-preview:-1"},"canonical":"https:\/\/product-guide.org\/en\/produkt\/lumix-superlight-flame-mini-12-kerzen-basis-set-in-rot-kathe-wohlfahrt-de\/","og_locale":"en_GB","og_type":"article","og_title":"Lumix Superlight Flame Mini 12 Kerzen Basis Set in Rot | K\u00e4the Wohlfahrt DE | Product-Guide.org","og_description":"Lumix Superlight Flame Mini 12 Kerzen Basis Set in Rot | K\u00e4the Wohlfahrt DE gefunden von Product-Guide.org","og_url":"https:\/\/product-guide.org\/en\/produkt\/lumix-superlight-flame-mini-12-kerzen-basis-set-in-rot-kathe-wohlfahrt-de\/","og_site_name":"Product-Guide.org","article_modified_time":"2025-03-17T11:00:52+00:00","twitter_card":"summary_large_image","schema":{"@context":"https:\/\/schema.org","@graph":[{"@type":"WebPage","@id":"https:\/\/product-guide.org\/produkt\/lumix-superlight-flame-mini-12-kerzen-basis-set-in-rot-kathe-wohlfahrt-de\/","url":"https:\/\/product-guide.org\/produkt\/lumix-superlight-flame-mini-12-kerzen-basis-set-in-rot-kathe-wohlfahrt-de\/","name":"Lumix Superlight Flame Mini 12 Kerzen Basis Set in Rot | K\u00e4the Wohlfahrt DE | Product-Guide.org","isPartOf":{"@id":"https:\/\/product-guide.org\/#website"},"primaryImageOfPage":{"@id":"https:\/\/product-guide.org\/produkt\/lumix-superlight-flame-mini-12-kerzen-basis-set-in-rot-kathe-wohlfahrt-de\/#primaryimage"},"image":{"@id":"https:\/\/product-guide.org\/produkt\/lumix-superlight-flame-mini-12-kerzen-basis-set-in-rot-kathe-wohlfahrt-de\/#primaryimage"},"thumbnailUrl":"https:\/\/product-guide.org\/wp-content\/uploads\/2025\/03\/932057.jpg","datePublished":"2025-03-17T11:00:51+00:00","dateModified":"2025-03-17T11:00:52+00:00","description":"Lumix Superlight Flame Mini 12 Kerzen Basis Set in Rot | K\u00e4the Wohlfahrt DE gefunden von Product-Guide.org","breadcrumb":{"@id":"https:\/\/product-guide.org\/produkt\/lumix-superlight-flame-mini-12-kerzen-basis-set-in-rot-kathe-wohlfahrt-de\/#breadcrumb"},"inLanguage":"en-GB","potentialAction":[{"@type":"ReadAction","target":["https:\/\/product-guide.org\/produkt\/lumix-superlight-flame-mini-12-kerzen-basis-set-in-rot-kathe-wohlfahrt-de\/"]}]},{"@type":"ImageObject","inLanguage":"en-GB","@id":"https:\/\/product-guide.org\/produkt\/lumix-superlight-flame-mini-12-kerzen-basis-set-in-rot-kathe-wohlfahrt-de\/#primaryimage","url":"https:\/\/product-guide.org\/wp-content\/uploads\/2025\/03\/932057.jpg","contentUrl":"https:\/\/product-guide.org\/wp-content\/uploads\/2025\/03\/932057.jpg","width":1500,"height":1500},{"@type":"BreadcrumbList","@id":"https:\/\/product-guide.org\/produkt\/lumix-superlight-flame-mini-12-kerzen-basis-set-in-rot-kathe-wohlfahrt-de\/#breadcrumb","itemListElement":[{"@type":"ListItem","position":1,"name":"Home","item":"https:\/\/product-guide.org\/"},{"@type":"ListItem","position":2,"name":"Ergebnisse","item":"https:\/\/product-guide.org\/de\/ergebnisse\/"},{"@type":"ListItem","position":3,"name":"Lumix Superlight Flame Mini 12 Kerzen Basis Set in Rot | K\u00e4the Wohlfahrt DE"}]},{"@type":"WebSite","@id":"https:\/\/product-guide.org\/#website","url":"https:\/\/product-guide.org\/","name":"Product-Guide.org","description":"What Product are you looking for?","publisher":{"@id":"https:\/\/product-guide.org\/#organization"},"potentialAction":[{"@type":"SearchAction","target":{"@type":"EntryPoint","urlTemplate":"https:\/\/product-guide.org\/?s={search_term_string}"},"query-input":{"@type":"PropertyValueSpecification","valueRequired":true,"valueName":"search_term_string"}}],"inLanguage":"en-GB"},{"@type":"Organization","@id":"https:\/\/product-guide.org\/#organization","name":"Product-Guide.org","url":"https:\/\/product-guide.org\/","logo":{"@type":"ImageObject","inLanguage":"en-GB","@id":"https:\/\/product-guide.org\/#\/schema\/logo\/image\/","url":"https:\/\/product-guide.org\/wp-content\/uploads\/2022\/07\/logo_transparent_background.png","contentUrl":"https:\/\/product-guide.org\/wp-content\/uploads\/2022\/07\/logo_transparent_background.png","width":3400,"height":1132,"caption":"Product-Guide.org"},"image":{"@id":"https:\/\/product-guide.org\/#\/schema\/logo\/image\/"}}]}},"_links":{"self":[{"href":"https:\/\/product-guide.org\/en\/wp-json\/wp\/v2\/product\/53774","targetHints":{"allow":["GET"]}}],"collection":[{"href":"https:\/\/product-guide.org\/en\/wp-json\/wp\/v2\/product"}],"about":[{"href":"https:\/\/product-guide.org\/en\/wp-json\/wp\/v2\/types\/product"}],"wp:featuredmedia":[{"embeddable":true,"href":"https:\/\/product-guide.org\/en\/wp-json\/wp\/v2\/media\/53773"}],"wp:attachment":[{"href":"https:\/\/product-guide.org\/en\/wp-json\/wp\/v2\/media?parent=53774"}],"wp:term":[{"taxonomy":"store","embeddable":true,"href":"https:\/\/product-guide.org\/en\/wp-json\/wp\/v2\/store?post=53774"},{"taxonomy":"product_brand","embeddable":true,"href":"https:\/\/product-guide.org\/en\/wp-json\/wp\/v2\/product_brand?post=53774"},{"taxonomy":"product_cat","embeddable":true,"href":"https:\/\/product-guide.org\/en\/wp-json\/wp\/v2\/product_cat?post=53774"},{"taxonomy":"product_tag","embeddable":true,"href":"https:\/\/product-guide.org\/en\/wp-json\/wp\/v2\/product_tag?post=53774"}],"curies":[{"name":"wp","href":"https:\/\/api.w.org\/{rel}","templated":true}]}}