{"id":53780,"date":"2025-03-17T12:00:57","date_gmt":"2025-03-17T11:00:57","guid":{"rendered":"https:\/\/product-guide.org\/produkt\/kinderkoffer-der-maus-kathe-wohlfahrt-de\/"},"modified":"2025-03-17T12:00:57","modified_gmt":"2025-03-17T11:00:57","slug":"kinderkoffer-der-maus-kathe-wohlfahrt-de","status":"publish","type":"product","link":"https:\/\/product-guide.org\/en\/produkt\/kinderkoffer-der-maus-kathe-wohlfahrt-de\/","title":{"rendered":"Kinderkoffer &#8220;Der Maus&#8221; | K\u00e4the Wohlfahrt DE"},"content":{"rendered":"<p>Ein besonderer Koffer in Form der Maus aus der bekannten TV-Serie Die Sendung mit der Maus Dieser wundersch\u00f6ne Koffer eignet sich prima f\u00fcr einen Kurzbesuch sowie zum Aufr\u00e4umen von Spielsachen zu Hause Koffer mit Nase und Ohren sch\u00f6ne Geschenkidee f\u00fcr Kinder nicht geeignet f\u00fcr Kinder unter 3 Jahren Ma\u00dfe: 26,4 x 34,4 cm Material: Pappe Lizenznehmer: Tr\u00f6tsch Verlag<\/p>\n","protected":false},"excerpt":{"rendered":"<p>Ein besonderer Koffer in Form der Maus aus der bekannten TV-Serie Die Sendung mit der Maus Dieser wundersch\u00f6ne Koffer eignet sich prima f\u00fcr einen Kurzbesuch sowie zum Aufr\u00e4umen von Spielsachen zu Hause Koffer mit Nase und Ohren sch\u00f6ne Geschenkidee f\u00fcr Kinder nicht geeignet f\u00fcr Kinder unter 3 Jahren Ma\u00dfe: 26,4 x 34,4 cm Material: Pappe [&hellip;]<\/p>\n","protected":false},"featured_media":53779,"template":"","meta":{"_gspb_post_css":""},"store":[],"product_brand":[1411],"product_cat":[1290],"product_tag":[],"class_list":{"0":"post-53780","1":"product","2":"type-product","3":"status-publish","4":"has-post-thumbnail","6":"product_brand-kathe-wohlfahrt-de","7":"product_cat-uncategorized","9":"first","10":"instock","11":"shipping-taxable","12":"purchasable","13":"product-type-simple"},"yoast_head":"<!-- This site is optimized with the Yoast SEO plugin v24.6 - https:\/\/yoast.com\/wordpress\/plugins\/seo\/ -->\n<title>Kinderkoffer &quot;Der Maus&quot; | K\u00e4the Wohlfahrt DE | Product-Guide.org<\/title>\n<meta name=\"description\" content=\"Kinderkoffer &quot;Der Maus&quot; | K\u00e4the Wohlfahrt DE gefunden von Product-Guide.org\" \/>\n<meta name=\"robots\" content=\"index, follow, max-snippet:-1, max-image-preview:large, max-video-preview:-1\" \/>\n<link rel=\"canonical\" href=\"https:\/\/product-guide.org\/en\/produkt\/kinderkoffer-der-maus-kathe-wohlfahrt-de\/\" \/>\n<meta property=\"og:locale\" content=\"en_GB\" \/>\n<meta property=\"og:type\" content=\"article\" \/>\n<meta property=\"og:title\" content=\"Kinderkoffer &quot;Der Maus&quot; | K\u00e4the Wohlfahrt DE | Product-Guide.org\" \/>\n<meta property=\"og:description\" content=\"Kinderkoffer &quot;Der Maus&quot; | K\u00e4the Wohlfahrt DE gefunden von Product-Guide.org\" \/>\n<meta property=\"og:url\" content=\"https:\/\/product-guide.org\/en\/produkt\/kinderkoffer-der-maus-kathe-wohlfahrt-de\/\" \/>\n<meta property=\"og:site_name\" content=\"Product-Guide.org\" \/>\n<meta name=\"twitter:card\" content=\"summary_large_image\" \/>\n<script type=\"application\/ld+json\" class=\"yoast-schema-graph\">{\"@context\":\"https:\/\/schema.org\",\"@graph\":[{\"@type\":\"WebPage\",\"@id\":\"https:\/\/product-guide.org\/produkt\/kinderkoffer-der-maus-kathe-wohlfahrt-de\/\",\"url\":\"https:\/\/product-guide.org\/produkt\/kinderkoffer-der-maus-kathe-wohlfahrt-de\/\",\"name\":\"Kinderkoffer \\\"Der Maus\\\" | K\u00e4the Wohlfahrt DE | Product-Guide.org\",\"isPartOf\":{\"@id\":\"https:\/\/product-guide.org\/#website\"},\"primaryImageOfPage\":{\"@id\":\"https:\/\/product-guide.org\/produkt\/kinderkoffer-der-maus-kathe-wohlfahrt-de\/#primaryimage\"},\"image\":{\"@id\":\"https:\/\/product-guide.org\/produkt\/kinderkoffer-der-maus-kathe-wohlfahrt-de\/#primaryimage\"},\"thumbnailUrl\":\"https:\/\/product-guide.org\/wp-content\/uploads\/2025\/03\/939384.jpg\",\"datePublished\":\"2025-03-17T11:00:57+00:00\",\"description\":\"Kinderkoffer \\\"Der Maus\\\" | K\u00e4the Wohlfahrt DE gefunden von Product-Guide.org\",\"breadcrumb\":{\"@id\":\"https:\/\/product-guide.org\/produkt\/kinderkoffer-der-maus-kathe-wohlfahrt-de\/#breadcrumb\"},\"inLanguage\":\"en-GB\",\"potentialAction\":[{\"@type\":\"ReadAction\",\"target\":[\"https:\/\/product-guide.org\/produkt\/kinderkoffer-der-maus-kathe-wohlfahrt-de\/\"]}]},{\"@type\":\"ImageObject\",\"inLanguage\":\"en-GB\",\"@id\":\"https:\/\/product-guide.org\/produkt\/kinderkoffer-der-maus-kathe-wohlfahrt-de\/#primaryimage\",\"url\":\"https:\/\/product-guide.org\/wp-content\/uploads\/2025\/03\/939384.jpg\",\"contentUrl\":\"https:\/\/product-guide.org\/wp-content\/uploads\/2025\/03\/939384.jpg\",\"width\":1500,\"height\":1500},{\"@type\":\"BreadcrumbList\",\"@id\":\"https:\/\/product-guide.org\/produkt\/kinderkoffer-der-maus-kathe-wohlfahrt-de\/#breadcrumb\",\"itemListElement\":[{\"@type\":\"ListItem\",\"position\":1,\"name\":\"Home\",\"item\":\"https:\/\/product-guide.org\/\"},{\"@type\":\"ListItem\",\"position\":2,\"name\":\"Ergebnisse\",\"item\":\"https:\/\/product-guide.org\/de\/ergebnisse\/\"},{\"@type\":\"ListItem\",\"position\":3,\"name\":\"Kinderkoffer &#8220;Der Maus&#8221; | K\u00e4the Wohlfahrt DE\"}]},{\"@type\":\"WebSite\",\"@id\":\"https:\/\/product-guide.org\/#website\",\"url\":\"https:\/\/product-guide.org\/\",\"name\":\"Product-Guide.org\",\"description\":\"What Product are you looking for?\",\"publisher\":{\"@id\":\"https:\/\/product-guide.org\/#organization\"},\"potentialAction\":[{\"@type\":\"SearchAction\",\"target\":{\"@type\":\"EntryPoint\",\"urlTemplate\":\"https:\/\/product-guide.org\/?s={search_term_string}\"},\"query-input\":{\"@type\":\"PropertyValueSpecification\",\"valueRequired\":true,\"valueName\":\"search_term_string\"}}],\"inLanguage\":\"en-GB\"},{\"@type\":\"Organization\",\"@id\":\"https:\/\/product-guide.org\/#organization\",\"name\":\"Product-Guide.org\",\"url\":\"https:\/\/product-guide.org\/\",\"logo\":{\"@type\":\"ImageObject\",\"inLanguage\":\"en-GB\",\"@id\":\"https:\/\/product-guide.org\/#\/schema\/logo\/image\/\",\"url\":\"https:\/\/product-guide.org\/wp-content\/uploads\/2022\/07\/logo_transparent_background.png\",\"contentUrl\":\"https:\/\/product-guide.org\/wp-content\/uploads\/2022\/07\/logo_transparent_background.png\",\"width\":3400,\"height\":1132,\"caption\":\"Product-Guide.org\"},\"image\":{\"@id\":\"https:\/\/product-guide.org\/#\/schema\/logo\/image\/\"}}]}<\/script>\n<!-- \/ Yoast SEO plugin. -->","yoast_head_json":{"title":"Kinderkoffer \"Der Maus\" | K\u00e4the Wohlfahrt DE | Product-Guide.org","description":"Kinderkoffer \"Der Maus\" | K\u00e4the Wohlfahrt DE gefunden von Product-Guide.org","robots":{"index":"index","follow":"follow","max-snippet":"max-snippet:-1","max-image-preview":"max-image-preview:large","max-video-preview":"max-video-preview:-1"},"canonical":"https:\/\/product-guide.org\/en\/produkt\/kinderkoffer-der-maus-kathe-wohlfahrt-de\/","og_locale":"en_GB","og_type":"article","og_title":"Kinderkoffer \"Der Maus\" | K\u00e4the Wohlfahrt DE | Product-Guide.org","og_description":"Kinderkoffer \"Der Maus\" | K\u00e4the Wohlfahrt DE gefunden von Product-Guide.org","og_url":"https:\/\/product-guide.org\/en\/produkt\/kinderkoffer-der-maus-kathe-wohlfahrt-de\/","og_site_name":"Product-Guide.org","twitter_card":"summary_large_image","schema":{"@context":"https:\/\/schema.org","@graph":[{"@type":"WebPage","@id":"https:\/\/product-guide.org\/produkt\/kinderkoffer-der-maus-kathe-wohlfahrt-de\/","url":"https:\/\/product-guide.org\/produkt\/kinderkoffer-der-maus-kathe-wohlfahrt-de\/","name":"Kinderkoffer \"Der Maus\" | K\u00e4the Wohlfahrt DE | Product-Guide.org","isPartOf":{"@id":"https:\/\/product-guide.org\/#website"},"primaryImageOfPage":{"@id":"https:\/\/product-guide.org\/produkt\/kinderkoffer-der-maus-kathe-wohlfahrt-de\/#primaryimage"},"image":{"@id":"https:\/\/product-guide.org\/produkt\/kinderkoffer-der-maus-kathe-wohlfahrt-de\/#primaryimage"},"thumbnailUrl":"https:\/\/product-guide.org\/wp-content\/uploads\/2025\/03\/939384.jpg","datePublished":"2025-03-17T11:00:57+00:00","description":"Kinderkoffer \"Der Maus\" | K\u00e4the Wohlfahrt DE gefunden von Product-Guide.org","breadcrumb":{"@id":"https:\/\/product-guide.org\/produkt\/kinderkoffer-der-maus-kathe-wohlfahrt-de\/#breadcrumb"},"inLanguage":"en-GB","potentialAction":[{"@type":"ReadAction","target":["https:\/\/product-guide.org\/produkt\/kinderkoffer-der-maus-kathe-wohlfahrt-de\/"]}]},{"@type":"ImageObject","inLanguage":"en-GB","@id":"https:\/\/product-guide.org\/produkt\/kinderkoffer-der-maus-kathe-wohlfahrt-de\/#primaryimage","url":"https:\/\/product-guide.org\/wp-content\/uploads\/2025\/03\/939384.jpg","contentUrl":"https:\/\/product-guide.org\/wp-content\/uploads\/2025\/03\/939384.jpg","width":1500,"height":1500},{"@type":"BreadcrumbList","@id":"https:\/\/product-guide.org\/produkt\/kinderkoffer-der-maus-kathe-wohlfahrt-de\/#breadcrumb","itemListElement":[{"@type":"ListItem","position":1,"name":"Home","item":"https:\/\/product-guide.org\/"},{"@type":"ListItem","position":2,"name":"Ergebnisse","item":"https:\/\/product-guide.org\/de\/ergebnisse\/"},{"@type":"ListItem","position":3,"name":"Kinderkoffer &#8220;Der Maus&#8221; | K\u00e4the Wohlfahrt DE"}]},{"@type":"WebSite","@id":"https:\/\/product-guide.org\/#website","url":"https:\/\/product-guide.org\/","name":"Product-Guide.org","description":"What Product are you looking for?","publisher":{"@id":"https:\/\/product-guide.org\/#organization"},"potentialAction":[{"@type":"SearchAction","target":{"@type":"EntryPoint","urlTemplate":"https:\/\/product-guide.org\/?s={search_term_string}"},"query-input":{"@type":"PropertyValueSpecification","valueRequired":true,"valueName":"search_term_string"}}],"inLanguage":"en-GB"},{"@type":"Organization","@id":"https:\/\/product-guide.org\/#organization","name":"Product-Guide.org","url":"https:\/\/product-guide.org\/","logo":{"@type":"ImageObject","inLanguage":"en-GB","@id":"https:\/\/product-guide.org\/#\/schema\/logo\/image\/","url":"https:\/\/product-guide.org\/wp-content\/uploads\/2022\/07\/logo_transparent_background.png","contentUrl":"https:\/\/product-guide.org\/wp-content\/uploads\/2022\/07\/logo_transparent_background.png","width":3400,"height":1132,"caption":"Product-Guide.org"},"image":{"@id":"https:\/\/product-guide.org\/#\/schema\/logo\/image\/"}}]}},"_links":{"self":[{"href":"https:\/\/product-guide.org\/en\/wp-json\/wp\/v2\/product\/53780","targetHints":{"allow":["GET"]}}],"collection":[{"href":"https:\/\/product-guide.org\/en\/wp-json\/wp\/v2\/product"}],"about":[{"href":"https:\/\/product-guide.org\/en\/wp-json\/wp\/v2\/types\/product"}],"wp:featuredmedia":[{"embeddable":true,"href":"https:\/\/product-guide.org\/en\/wp-json\/wp\/v2\/media\/53779"}],"wp:attachment":[{"href":"https:\/\/product-guide.org\/en\/wp-json\/wp\/v2\/media?parent=53780"}],"wp:term":[{"taxonomy":"store","embeddable":true,"href":"https:\/\/product-guide.org\/en\/wp-json\/wp\/v2\/store?post=53780"},{"taxonomy":"product_brand","embeddable":true,"href":"https:\/\/product-guide.org\/en\/wp-json\/wp\/v2\/product_brand?post=53780"},{"taxonomy":"product_cat","embeddable":true,"href":"https:\/\/product-guide.org\/en\/wp-json\/wp\/v2\/product_cat?post=53780"},{"taxonomy":"product_tag","embeddable":true,"href":"https:\/\/product-guide.org\/en\/wp-json\/wp\/v2\/product_tag?post=53780"}],"curies":[{"name":"wp","href":"https:\/\/api.w.org\/{rel}","templated":true}]}}