{"id":54060,"date":"2025-03-17T12:06:09","date_gmt":"2025-03-17T11:06:09","guid":{"rendered":"https:\/\/product-guide.org\/produkt\/biotherm-aquapower-pnm-eco-set-gel-douche-75ml-rasage-50ml-cleaner-40ml-top-parfumerie\/"},"modified":"2025-03-17T12:06:09","modified_gmt":"2025-03-17T11:06:09","slug":"biotherm-aquapower-pnm-eco-set-gel-douche-75ml-rasage-50ml-cleaner-40ml-top-parfumerie","status":"publish","type":"product","link":"https:\/\/product-guide.org\/en\/produkt\/biotherm-aquapower-pnm-eco-set-gel-douche-75ml-rasage-50ml-cleaner-40ml-top-parfumerie\/","title":{"rendered":"Biotherm Aquapower PNM Eco Set = Gel Douche 75ml + Rasage 50ml + Cleaner 40ml | top Parf\u00fcmerie"},"content":{"rendered":"<p>Das Biotherm Homme Aquapower Geschenkset sorgt f\u00fcr ein langanhaltendes Frischegef\u00fchl. Das Set besteht aus: Aquapower Advanced Gel 75ml: Das Aquapower Advanced Gel versorgt die Haut 48 Stunden mit Feuchtigkeit. Die frische, leichte Geltextur hinterl\u00e4sst ein angenehmes Gef\u00fchl auf der Haut, zieht sofort ein und sorgt dank des Cooling-Effekts f\u00fcr ein erfrischtes Hautgef\u00fchl. Basics Line Shaving Foam 50ml: Der cremige und sanfte Rasierschaum mit reinem Thermalplankton und Kamillen-Extrakt beruhigt die Haut, reduziert Irritationen, R\u00f6tungen und Brennen. Basics Line Cleanser 40ml: Das seifenfreie, PH-neutrale Waschgel reinigt und erfrischt die Haut, ohne sie auszutrocknen.<\/p>\n","protected":false},"excerpt":{"rendered":"<p>Das Biotherm Homme Aquapower Geschenkset sorgt f\u00fcr ein langanhaltendes Frischegef\u00fchl. Das Set besteht aus: Aquapower Advanced Gel 75ml: Das Aquapower Advanced Gel versorgt die Haut 48 Stunden mit Feuchtigkeit. Die frische, leichte Geltextur hinterl\u00e4sst ein angenehmes Gef\u00fchl auf der Haut, zieht sofort ein und sorgt dank des Cooling-Effekts f\u00fcr ein erfrischtes Hautgef\u00fchl. Basics Line Shaving [&hellip;]<\/p>\n","protected":false},"featured_media":54059,"template":"","meta":{"_gspb_post_css":""},"store":[],"product_brand":[1414],"product_cat":[1290],"product_tag":[],"class_list":{"0":"post-54060","1":"product","2":"type-product","3":"status-publish","4":"has-post-thumbnail","6":"product_brand-top-parfumerie-de","7":"product_cat-uncategorized","9":"first","10":"instock","11":"shipping-taxable","12":"purchasable","13":"product-type-simple"},"yoast_head":"<!-- This site is optimized with the Yoast SEO plugin v24.6 - https:\/\/yoast.com\/wordpress\/plugins\/seo\/ -->\n<title>Biotherm Aquapower PNM Eco Set = Gel Douche 75ml + Rasage 50ml + Cleaner 40ml | top Parf\u00fcmerie | Product-Guide.org<\/title>\n<meta name=\"description\" content=\"Biotherm Aquapower PNM Eco Set = Gel Douche 75ml + Rasage 50ml + Cleaner 40ml | top Parf\u00fcmerie gefunden von Product-Guide.org\" \/>\n<meta name=\"robots\" content=\"index, follow, max-snippet:-1, max-image-preview:large, max-video-preview:-1\" \/>\n<link rel=\"canonical\" href=\"https:\/\/product-guide.org\/en\/produkt\/biotherm-aquapower-pnm-eco-set-gel-douche-75ml-rasage-50ml-cleaner-40ml-top-parfumerie\/\" \/>\n<meta property=\"og:locale\" content=\"en_GB\" \/>\n<meta property=\"og:type\" content=\"article\" \/>\n<meta property=\"og:title\" content=\"Biotherm Aquapower PNM Eco Set = Gel Douche 75ml + Rasage 50ml + Cleaner 40ml | top Parf\u00fcmerie | Product-Guide.org\" \/>\n<meta property=\"og:description\" content=\"Biotherm Aquapower PNM Eco Set = Gel Douche 75ml + Rasage 50ml + Cleaner 40ml | top Parf\u00fcmerie gefunden von Product-Guide.org\" \/>\n<meta property=\"og:url\" content=\"https:\/\/product-guide.org\/en\/produkt\/biotherm-aquapower-pnm-eco-set-gel-douche-75ml-rasage-50ml-cleaner-40ml-top-parfumerie\/\" \/>\n<meta property=\"og:site_name\" content=\"Product-Guide.org\" \/>\n<meta name=\"twitter:card\" content=\"summary_large_image\" \/>\n<script type=\"application\/ld+json\" class=\"yoast-schema-graph\">{\"@context\":\"https:\/\/schema.org\",\"@graph\":[{\"@type\":\"WebPage\",\"@id\":\"https:\/\/product-guide.org\/produkt\/biotherm-aquapower-pnm-eco-set-gel-douche-75ml-rasage-50ml-cleaner-40ml-top-parfumerie\/\",\"url\":\"https:\/\/product-guide.org\/produkt\/biotherm-aquapower-pnm-eco-set-gel-douche-75ml-rasage-50ml-cleaner-40ml-top-parfumerie\/\",\"name\":\"Biotherm Aquapower PNM Eco Set = Gel Douche 75ml + Rasage 50ml + Cleaner 40ml | top Parf\u00fcmerie | Product-Guide.org\",\"isPartOf\":{\"@id\":\"https:\/\/product-guide.org\/#website\"},\"primaryImageOfPage\":{\"@id\":\"https:\/\/product-guide.org\/produkt\/biotherm-aquapower-pnm-eco-set-gel-douche-75ml-rasage-50ml-cleaner-40ml-top-parfumerie\/#primaryimage\"},\"image\":{\"@id\":\"https:\/\/product-guide.org\/produkt\/biotherm-aquapower-pnm-eco-set-gel-douche-75ml-rasage-50ml-cleaner-40ml-top-parfumerie\/#primaryimage\"},\"thumbnailUrl\":\"https:\/\/product-guide.org\/wp-content\/uploads\/2025\/03\/892583_3614273881746_052.png\",\"datePublished\":\"2025-03-17T11:06:09+00:00\",\"description\":\"Biotherm Aquapower PNM Eco Set = Gel Douche 75ml + Rasage 50ml + Cleaner 40ml | top Parf\u00fcmerie gefunden von Product-Guide.org\",\"breadcrumb\":{\"@id\":\"https:\/\/product-guide.org\/produkt\/biotherm-aquapower-pnm-eco-set-gel-douche-75ml-rasage-50ml-cleaner-40ml-top-parfumerie\/#breadcrumb\"},\"inLanguage\":\"en-GB\",\"potentialAction\":[{\"@type\":\"ReadAction\",\"target\":[\"https:\/\/product-guide.org\/produkt\/biotherm-aquapower-pnm-eco-set-gel-douche-75ml-rasage-50ml-cleaner-40ml-top-parfumerie\/\"]}]},{\"@type\":\"ImageObject\",\"inLanguage\":\"en-GB\",\"@id\":\"https:\/\/product-guide.org\/produkt\/biotherm-aquapower-pnm-eco-set-gel-douche-75ml-rasage-50ml-cleaner-40ml-top-parfumerie\/#primaryimage\",\"url\":\"https:\/\/product-guide.org\/wp-content\/uploads\/2025\/03\/892583_3614273881746_052.png\",\"contentUrl\":\"https:\/\/product-guide.org\/wp-content\/uploads\/2025\/03\/892583_3614273881746_052.png\",\"width\":300,\"height\":300},{\"@type\":\"BreadcrumbList\",\"@id\":\"https:\/\/product-guide.org\/produkt\/biotherm-aquapower-pnm-eco-set-gel-douche-75ml-rasage-50ml-cleaner-40ml-top-parfumerie\/#breadcrumb\",\"itemListElement\":[{\"@type\":\"ListItem\",\"position\":1,\"name\":\"Home\",\"item\":\"https:\/\/product-guide.org\/\"},{\"@type\":\"ListItem\",\"position\":2,\"name\":\"Ergebnisse\",\"item\":\"https:\/\/product-guide.org\/de\/ergebnisse\/\"},{\"@type\":\"ListItem\",\"position\":3,\"name\":\"Biotherm Aquapower PNM Eco Set = Gel Douche 75ml + Rasage 50ml + Cleaner 40ml | top Parf\u00fcmerie\"}]},{\"@type\":\"WebSite\",\"@id\":\"https:\/\/product-guide.org\/#website\",\"url\":\"https:\/\/product-guide.org\/\",\"name\":\"Product-Guide.org\",\"description\":\"What Product are you looking for?\",\"publisher\":{\"@id\":\"https:\/\/product-guide.org\/#organization\"},\"potentialAction\":[{\"@type\":\"SearchAction\",\"target\":{\"@type\":\"EntryPoint\",\"urlTemplate\":\"https:\/\/product-guide.org\/?s={search_term_string}\"},\"query-input\":{\"@type\":\"PropertyValueSpecification\",\"valueRequired\":true,\"valueName\":\"search_term_string\"}}],\"inLanguage\":\"en-GB\"},{\"@type\":\"Organization\",\"@id\":\"https:\/\/product-guide.org\/#organization\",\"name\":\"Product-Guide.org\",\"url\":\"https:\/\/product-guide.org\/\",\"logo\":{\"@type\":\"ImageObject\",\"inLanguage\":\"en-GB\",\"@id\":\"https:\/\/product-guide.org\/#\/schema\/logo\/image\/\",\"url\":\"https:\/\/product-guide.org\/wp-content\/uploads\/2022\/07\/logo_transparent_background.png\",\"contentUrl\":\"https:\/\/product-guide.org\/wp-content\/uploads\/2022\/07\/logo_transparent_background.png\",\"width\":3400,\"height\":1132,\"caption\":\"Product-Guide.org\"},\"image\":{\"@id\":\"https:\/\/product-guide.org\/#\/schema\/logo\/image\/\"}}]}<\/script>\n<!-- \/ Yoast SEO plugin. -->","yoast_head_json":{"title":"Biotherm Aquapower PNM Eco Set = Gel Douche 75ml + Rasage 50ml + Cleaner 40ml | top Parf\u00fcmerie | Product-Guide.org","description":"Biotherm Aquapower PNM Eco Set = Gel Douche 75ml + Rasage 50ml + Cleaner 40ml | top Parf\u00fcmerie gefunden von Product-Guide.org","robots":{"index":"index","follow":"follow","max-snippet":"max-snippet:-1","max-image-preview":"max-image-preview:large","max-video-preview":"max-video-preview:-1"},"canonical":"https:\/\/product-guide.org\/en\/produkt\/biotherm-aquapower-pnm-eco-set-gel-douche-75ml-rasage-50ml-cleaner-40ml-top-parfumerie\/","og_locale":"en_GB","og_type":"article","og_title":"Biotherm Aquapower PNM Eco Set = Gel Douche 75ml + Rasage 50ml + Cleaner 40ml | top Parf\u00fcmerie | Product-Guide.org","og_description":"Biotherm Aquapower PNM Eco Set = Gel Douche 75ml + Rasage 50ml + Cleaner 40ml | top Parf\u00fcmerie gefunden von Product-Guide.org","og_url":"https:\/\/product-guide.org\/en\/produkt\/biotherm-aquapower-pnm-eco-set-gel-douche-75ml-rasage-50ml-cleaner-40ml-top-parfumerie\/","og_site_name":"Product-Guide.org","twitter_card":"summary_large_image","schema":{"@context":"https:\/\/schema.org","@graph":[{"@type":"WebPage","@id":"https:\/\/product-guide.org\/produkt\/biotherm-aquapower-pnm-eco-set-gel-douche-75ml-rasage-50ml-cleaner-40ml-top-parfumerie\/","url":"https:\/\/product-guide.org\/produkt\/biotherm-aquapower-pnm-eco-set-gel-douche-75ml-rasage-50ml-cleaner-40ml-top-parfumerie\/","name":"Biotherm Aquapower PNM Eco Set = Gel Douche 75ml + Rasage 50ml + Cleaner 40ml | top Parf\u00fcmerie | Product-Guide.org","isPartOf":{"@id":"https:\/\/product-guide.org\/#website"},"primaryImageOfPage":{"@id":"https:\/\/product-guide.org\/produkt\/biotherm-aquapower-pnm-eco-set-gel-douche-75ml-rasage-50ml-cleaner-40ml-top-parfumerie\/#primaryimage"},"image":{"@id":"https:\/\/product-guide.org\/produkt\/biotherm-aquapower-pnm-eco-set-gel-douche-75ml-rasage-50ml-cleaner-40ml-top-parfumerie\/#primaryimage"},"thumbnailUrl":"https:\/\/product-guide.org\/wp-content\/uploads\/2025\/03\/892583_3614273881746_052.png","datePublished":"2025-03-17T11:06:09+00:00","description":"Biotherm Aquapower PNM Eco Set = Gel Douche 75ml + Rasage 50ml + Cleaner 40ml | top Parf\u00fcmerie gefunden von Product-Guide.org","breadcrumb":{"@id":"https:\/\/product-guide.org\/produkt\/biotherm-aquapower-pnm-eco-set-gel-douche-75ml-rasage-50ml-cleaner-40ml-top-parfumerie\/#breadcrumb"},"inLanguage":"en-GB","potentialAction":[{"@type":"ReadAction","target":["https:\/\/product-guide.org\/produkt\/biotherm-aquapower-pnm-eco-set-gel-douche-75ml-rasage-50ml-cleaner-40ml-top-parfumerie\/"]}]},{"@type":"ImageObject","inLanguage":"en-GB","@id":"https:\/\/product-guide.org\/produkt\/biotherm-aquapower-pnm-eco-set-gel-douche-75ml-rasage-50ml-cleaner-40ml-top-parfumerie\/#primaryimage","url":"https:\/\/product-guide.org\/wp-content\/uploads\/2025\/03\/892583_3614273881746_052.png","contentUrl":"https:\/\/product-guide.org\/wp-content\/uploads\/2025\/03\/892583_3614273881746_052.png","width":300,"height":300},{"@type":"BreadcrumbList","@id":"https:\/\/product-guide.org\/produkt\/biotherm-aquapower-pnm-eco-set-gel-douche-75ml-rasage-50ml-cleaner-40ml-top-parfumerie\/#breadcrumb","itemListElement":[{"@type":"ListItem","position":1,"name":"Home","item":"https:\/\/product-guide.org\/"},{"@type":"ListItem","position":2,"name":"Ergebnisse","item":"https:\/\/product-guide.org\/de\/ergebnisse\/"},{"@type":"ListItem","position":3,"name":"Biotherm Aquapower PNM Eco Set = Gel Douche 75ml + Rasage 50ml + Cleaner 40ml | top Parf\u00fcmerie"}]},{"@type":"WebSite","@id":"https:\/\/product-guide.org\/#website","url":"https:\/\/product-guide.org\/","name":"Product-Guide.org","description":"What Product are you looking for?","publisher":{"@id":"https:\/\/product-guide.org\/#organization"},"potentialAction":[{"@type":"SearchAction","target":{"@type":"EntryPoint","urlTemplate":"https:\/\/product-guide.org\/?s={search_term_string}"},"query-input":{"@type":"PropertyValueSpecification","valueRequired":true,"valueName":"search_term_string"}}],"inLanguage":"en-GB"},{"@type":"Organization","@id":"https:\/\/product-guide.org\/#organization","name":"Product-Guide.org","url":"https:\/\/product-guide.org\/","logo":{"@type":"ImageObject","inLanguage":"en-GB","@id":"https:\/\/product-guide.org\/#\/schema\/logo\/image\/","url":"https:\/\/product-guide.org\/wp-content\/uploads\/2022\/07\/logo_transparent_background.png","contentUrl":"https:\/\/product-guide.org\/wp-content\/uploads\/2022\/07\/logo_transparent_background.png","width":3400,"height":1132,"caption":"Product-Guide.org"},"image":{"@id":"https:\/\/product-guide.org\/#\/schema\/logo\/image\/"}}]}},"_links":{"self":[{"href":"https:\/\/product-guide.org\/en\/wp-json\/wp\/v2\/product\/54060","targetHints":{"allow":["GET"]}}],"collection":[{"href":"https:\/\/product-guide.org\/en\/wp-json\/wp\/v2\/product"}],"about":[{"href":"https:\/\/product-guide.org\/en\/wp-json\/wp\/v2\/types\/product"}],"wp:featuredmedia":[{"embeddable":true,"href":"https:\/\/product-guide.org\/en\/wp-json\/wp\/v2\/media\/54059"}],"wp:attachment":[{"href":"https:\/\/product-guide.org\/en\/wp-json\/wp\/v2\/media?parent=54060"}],"wp:term":[{"taxonomy":"store","embeddable":true,"href":"https:\/\/product-guide.org\/en\/wp-json\/wp\/v2\/store?post=54060"},{"taxonomy":"product_brand","embeddable":true,"href":"https:\/\/product-guide.org\/en\/wp-json\/wp\/v2\/product_brand?post=54060"},{"taxonomy":"product_cat","embeddable":true,"href":"https:\/\/product-guide.org\/en\/wp-json\/wp\/v2\/product_cat?post=54060"},{"taxonomy":"product_tag","embeddable":true,"href":"https:\/\/product-guide.org\/en\/wp-json\/wp\/v2\/product_tag?post=54060"}],"curies":[{"name":"wp","href":"https:\/\/api.w.org\/{rel}","templated":true}]}}