{"id":54340,"date":"2025-03-17T12:09:50","date_gmt":"2025-03-17T11:09:50","guid":{"rendered":"https:\/\/product-guide.org\/produkt\/joseph-joseph-arc-10l-easy-push-treteimer-in-matt-schwarz-one-size-schwarz-joseph-joseph\/"},"modified":"2025-03-17T12:09:50","modified_gmt":"2025-03-17T11:09:50","slug":"joseph-joseph-arc-10l-easy-push-treteimer-in-matt-schwarz-one-size-schwarz-joseph-joseph","status":"publish","type":"product","link":"https:\/\/product-guide.org\/en\/produkt\/joseph-joseph-arc-10l-easy-push-treteimer-in-matt-schwarz-one-size-schwarz-joseph-joseph\/","title":{"rendered":"Joseph Joseph Arc 10L Easy-push Treteimer in Matt-Schwarz, One size, Schwarz | Joseph Joseph"},"content":{"rendered":"<p>Dieser elegante, runde M\u00fclleimer hat ein gro\u00dfes Pedal, der nach innen versenkt ist und so wertvollen Platz auf dem Fu\u00dfboden spart. Au\u00dferdem verf\u00fcgt er \u00fcber ein integriertes Staufach an der R\u00fcckseite f\u00fcr M\u00fclls\u00e4cke, damit Sie bei Bedarf leicht darauf zugreifen k\u00f6nnen. Er ist aus elegantem Carbon-schwarzem Stahl gefertigt und hat ein Fassungsverm\u00f6gen von 10 Litern (2,6 US-Gallonen). Gro\u00dfes, leicht bedienbares Pedal, das im Gestell des Beh\u00e4lters versenkt ist. Verstauen Sie Ihre M\u00fcllsackrollen sicher in dem leicht zug\u00e4nglichen M\u00fcllsack-Ablagefach auf der R\u00fcckseite. Soft-Close-Deckel mit fingerabdrucksicherer Beschichtung. Leicht entleerbarer, abnehmbarer Eimer. Mit den IW9 Custom-Fit-M\u00fclls\u00e4cken von Joseph Joseph kompatibel.<\/p>\n","protected":false},"excerpt":{"rendered":"<p>Dieser elegante, runde M\u00fclleimer hat ein gro\u00dfes Pedal, der nach innen versenkt ist und so wertvollen Platz auf dem Fu\u00dfboden spart. Au\u00dferdem verf\u00fcgt er \u00fcber ein integriertes Staufach an der R\u00fcckseite f\u00fcr M\u00fclls\u00e4cke, damit Sie bei Bedarf leicht darauf zugreifen k\u00f6nnen. Er ist aus elegantem Carbon-schwarzem Stahl gefertigt und hat ein Fassungsverm\u00f6gen von 10 Litern [&hellip;]<\/p>\n","protected":false},"featured_media":54339,"template":"","meta":{"_gspb_post_css":""},"store":[],"product_brand":[1417],"product_cat":[1290],"product_tag":[],"class_list":{"0":"post-54340","1":"product","2":"type-product","3":"status-publish","4":"has-post-thumbnail","6":"product_brand-joseph-joseph-de","7":"product_cat-uncategorized","9":"first","10":"instock","11":"shipping-taxable","12":"purchasable","13":"product-type-simple"},"yoast_head":"<!-- This site is optimized with the Yoast SEO plugin v24.6 - https:\/\/yoast.com\/wordpress\/plugins\/seo\/ -->\n<title>Joseph Joseph Arc 10L Easy-push Treteimer in Matt-Schwarz, One size, Schwarz | Joseph Joseph | Product-Guide.org<\/title>\n<meta name=\"description\" content=\"Joseph Joseph Arc 10L Easy-push Treteimer in Matt-Schwarz, One size, Schwarz | Joseph Joseph gefunden von Product-Guide.org\" \/>\n<meta name=\"robots\" content=\"index, follow, max-snippet:-1, max-image-preview:large, max-video-preview:-1\" \/>\n<link rel=\"canonical\" href=\"https:\/\/product-guide.org\/en\/produkt\/joseph-joseph-arc-10l-easy-push-treteimer-in-matt-schwarz-one-size-schwarz-joseph-joseph\/\" \/>\n<meta property=\"og:locale\" content=\"en_GB\" \/>\n<meta property=\"og:type\" content=\"article\" \/>\n<meta property=\"og:title\" content=\"Joseph Joseph Arc 10L Easy-push Treteimer in Matt-Schwarz, One size, Schwarz | Joseph Joseph | Product-Guide.org\" \/>\n<meta property=\"og:description\" content=\"Joseph Joseph Arc 10L Easy-push Treteimer in Matt-Schwarz, One size, Schwarz | Joseph Joseph gefunden von Product-Guide.org\" \/>\n<meta property=\"og:url\" content=\"https:\/\/product-guide.org\/en\/produkt\/joseph-joseph-arc-10l-easy-push-treteimer-in-matt-schwarz-one-size-schwarz-joseph-joseph\/\" \/>\n<meta property=\"og:site_name\" content=\"Product-Guide.org\" \/>\n<meta name=\"twitter:card\" content=\"summary_large_image\" \/>\n<script type=\"application\/ld+json\" class=\"yoast-schema-graph\">{\"@context\":\"https:\/\/schema.org\",\"@graph\":[{\"@type\":\"WebPage\",\"@id\":\"https:\/\/product-guide.org\/produkt\/joseph-joseph-arc-10l-easy-push-treteimer-in-matt-schwarz-one-size-schwarz-joseph-joseph\/\",\"url\":\"https:\/\/product-guide.org\/produkt\/joseph-joseph-arc-10l-easy-push-treteimer-in-matt-schwarz-one-size-schwarz-joseph-joseph\/\",\"name\":\"Joseph Joseph Arc 10L Easy-push Treteimer in Matt-Schwarz, One size, Schwarz | Joseph Joseph | Product-Guide.org\",\"isPartOf\":{\"@id\":\"https:\/\/product-guide.org\/#website\"},\"primaryImageOfPage\":{\"@id\":\"https:\/\/product-guide.org\/produkt\/joseph-joseph-arc-10l-easy-push-treteimer-in-matt-schwarz-one-size-schwarz-joseph-joseph\/#primaryimage\"},\"image\":{\"@id\":\"https:\/\/product-guide.org\/produkt\/joseph-joseph-arc-10l-easy-push-treteimer-in-matt-schwarz-one-size-schwarz-joseph-joseph\/#primaryimage\"},\"thumbnailUrl\":\"https:\/\/product-guide.org\/wp-content\/uploads\/2025\/03\/Media_Cutout_900x730_b96c2481-27a4-4c65-b10a-a14d562a8d68.jpg\",\"datePublished\":\"2025-03-17T11:09:50+00:00\",\"description\":\"Joseph Joseph Arc 10L Easy-push Treteimer in Matt-Schwarz, One size, Schwarz | Joseph Joseph gefunden von Product-Guide.org\",\"breadcrumb\":{\"@id\":\"https:\/\/product-guide.org\/produkt\/joseph-joseph-arc-10l-easy-push-treteimer-in-matt-schwarz-one-size-schwarz-joseph-joseph\/#breadcrumb\"},\"inLanguage\":\"en-GB\",\"potentialAction\":[{\"@type\":\"ReadAction\",\"target\":[\"https:\/\/product-guide.org\/produkt\/joseph-joseph-arc-10l-easy-push-treteimer-in-matt-schwarz-one-size-schwarz-joseph-joseph\/\"]}]},{\"@type\":\"ImageObject\",\"inLanguage\":\"en-GB\",\"@id\":\"https:\/\/product-guide.org\/produkt\/joseph-joseph-arc-10l-easy-push-treteimer-in-matt-schwarz-one-size-schwarz-joseph-joseph\/#primaryimage\",\"url\":\"https:\/\/product-guide.org\/wp-content\/uploads\/2025\/03\/Media_Cutout_900x730_b96c2481-27a4-4c65-b10a-a14d562a8d68.jpg\",\"contentUrl\":\"https:\/\/product-guide.org\/wp-content\/uploads\/2025\/03\/Media_Cutout_900x730_b96c2481-27a4-4c65-b10a-a14d562a8d68.jpg\",\"width\":900,\"height\":730},{\"@type\":\"BreadcrumbList\",\"@id\":\"https:\/\/product-guide.org\/produkt\/joseph-joseph-arc-10l-easy-push-treteimer-in-matt-schwarz-one-size-schwarz-joseph-joseph\/#breadcrumb\",\"itemListElement\":[{\"@type\":\"ListItem\",\"position\":1,\"name\":\"Home\",\"item\":\"https:\/\/product-guide.org\/\"},{\"@type\":\"ListItem\",\"position\":2,\"name\":\"Ergebnisse\",\"item\":\"https:\/\/product-guide.org\/de\/ergebnisse\/\"},{\"@type\":\"ListItem\",\"position\":3,\"name\":\"Joseph Joseph Arc 10L Easy-push Treteimer in Matt-Schwarz, One size, Schwarz | Joseph Joseph\"}]},{\"@type\":\"WebSite\",\"@id\":\"https:\/\/product-guide.org\/#website\",\"url\":\"https:\/\/product-guide.org\/\",\"name\":\"Product-Guide.org\",\"description\":\"What Product are you looking for?\",\"publisher\":{\"@id\":\"https:\/\/product-guide.org\/#organization\"},\"potentialAction\":[{\"@type\":\"SearchAction\",\"target\":{\"@type\":\"EntryPoint\",\"urlTemplate\":\"https:\/\/product-guide.org\/?s={search_term_string}\"},\"query-input\":{\"@type\":\"PropertyValueSpecification\",\"valueRequired\":true,\"valueName\":\"search_term_string\"}}],\"inLanguage\":\"en-GB\"},{\"@type\":\"Organization\",\"@id\":\"https:\/\/product-guide.org\/#organization\",\"name\":\"Product-Guide.org\",\"url\":\"https:\/\/product-guide.org\/\",\"logo\":{\"@type\":\"ImageObject\",\"inLanguage\":\"en-GB\",\"@id\":\"https:\/\/product-guide.org\/#\/schema\/logo\/image\/\",\"url\":\"https:\/\/product-guide.org\/wp-content\/uploads\/2022\/07\/logo_transparent_background.png\",\"contentUrl\":\"https:\/\/product-guide.org\/wp-content\/uploads\/2022\/07\/logo_transparent_background.png\",\"width\":3400,\"height\":1132,\"caption\":\"Product-Guide.org\"},\"image\":{\"@id\":\"https:\/\/product-guide.org\/#\/schema\/logo\/image\/\"}}]}<\/script>\n<!-- \/ Yoast SEO plugin. -->","yoast_head_json":{"title":"Joseph Joseph Arc 10L Easy-push Treteimer in Matt-Schwarz, One size, Schwarz | Joseph Joseph | Product-Guide.org","description":"Joseph Joseph Arc 10L Easy-push Treteimer in Matt-Schwarz, One size, Schwarz | Joseph Joseph gefunden von Product-Guide.org","robots":{"index":"index","follow":"follow","max-snippet":"max-snippet:-1","max-image-preview":"max-image-preview:large","max-video-preview":"max-video-preview:-1"},"canonical":"https:\/\/product-guide.org\/en\/produkt\/joseph-joseph-arc-10l-easy-push-treteimer-in-matt-schwarz-one-size-schwarz-joseph-joseph\/","og_locale":"en_GB","og_type":"article","og_title":"Joseph Joseph Arc 10L Easy-push Treteimer in Matt-Schwarz, One size, Schwarz | Joseph Joseph | Product-Guide.org","og_description":"Joseph Joseph Arc 10L Easy-push Treteimer in Matt-Schwarz, One size, Schwarz | Joseph Joseph gefunden von Product-Guide.org","og_url":"https:\/\/product-guide.org\/en\/produkt\/joseph-joseph-arc-10l-easy-push-treteimer-in-matt-schwarz-one-size-schwarz-joseph-joseph\/","og_site_name":"Product-Guide.org","twitter_card":"summary_large_image","schema":{"@context":"https:\/\/schema.org","@graph":[{"@type":"WebPage","@id":"https:\/\/product-guide.org\/produkt\/joseph-joseph-arc-10l-easy-push-treteimer-in-matt-schwarz-one-size-schwarz-joseph-joseph\/","url":"https:\/\/product-guide.org\/produkt\/joseph-joseph-arc-10l-easy-push-treteimer-in-matt-schwarz-one-size-schwarz-joseph-joseph\/","name":"Joseph Joseph Arc 10L Easy-push Treteimer in Matt-Schwarz, One size, Schwarz | Joseph Joseph | Product-Guide.org","isPartOf":{"@id":"https:\/\/product-guide.org\/#website"},"primaryImageOfPage":{"@id":"https:\/\/product-guide.org\/produkt\/joseph-joseph-arc-10l-easy-push-treteimer-in-matt-schwarz-one-size-schwarz-joseph-joseph\/#primaryimage"},"image":{"@id":"https:\/\/product-guide.org\/produkt\/joseph-joseph-arc-10l-easy-push-treteimer-in-matt-schwarz-one-size-schwarz-joseph-joseph\/#primaryimage"},"thumbnailUrl":"https:\/\/product-guide.org\/wp-content\/uploads\/2025\/03\/Media_Cutout_900x730_b96c2481-27a4-4c65-b10a-a14d562a8d68.jpg","datePublished":"2025-03-17T11:09:50+00:00","description":"Joseph Joseph Arc 10L Easy-push Treteimer in Matt-Schwarz, One size, Schwarz | Joseph Joseph gefunden von Product-Guide.org","breadcrumb":{"@id":"https:\/\/product-guide.org\/produkt\/joseph-joseph-arc-10l-easy-push-treteimer-in-matt-schwarz-one-size-schwarz-joseph-joseph\/#breadcrumb"},"inLanguage":"en-GB","potentialAction":[{"@type":"ReadAction","target":["https:\/\/product-guide.org\/produkt\/joseph-joseph-arc-10l-easy-push-treteimer-in-matt-schwarz-one-size-schwarz-joseph-joseph\/"]}]},{"@type":"ImageObject","inLanguage":"en-GB","@id":"https:\/\/product-guide.org\/produkt\/joseph-joseph-arc-10l-easy-push-treteimer-in-matt-schwarz-one-size-schwarz-joseph-joseph\/#primaryimage","url":"https:\/\/product-guide.org\/wp-content\/uploads\/2025\/03\/Media_Cutout_900x730_b96c2481-27a4-4c65-b10a-a14d562a8d68.jpg","contentUrl":"https:\/\/product-guide.org\/wp-content\/uploads\/2025\/03\/Media_Cutout_900x730_b96c2481-27a4-4c65-b10a-a14d562a8d68.jpg","width":900,"height":730},{"@type":"BreadcrumbList","@id":"https:\/\/product-guide.org\/produkt\/joseph-joseph-arc-10l-easy-push-treteimer-in-matt-schwarz-one-size-schwarz-joseph-joseph\/#breadcrumb","itemListElement":[{"@type":"ListItem","position":1,"name":"Home","item":"https:\/\/product-guide.org\/"},{"@type":"ListItem","position":2,"name":"Ergebnisse","item":"https:\/\/product-guide.org\/de\/ergebnisse\/"},{"@type":"ListItem","position":3,"name":"Joseph Joseph Arc 10L Easy-push Treteimer in Matt-Schwarz, One size, Schwarz | Joseph Joseph"}]},{"@type":"WebSite","@id":"https:\/\/product-guide.org\/#website","url":"https:\/\/product-guide.org\/","name":"Product-Guide.org","description":"What Product are you looking for?","publisher":{"@id":"https:\/\/product-guide.org\/#organization"},"potentialAction":[{"@type":"SearchAction","target":{"@type":"EntryPoint","urlTemplate":"https:\/\/product-guide.org\/?s={search_term_string}"},"query-input":{"@type":"PropertyValueSpecification","valueRequired":true,"valueName":"search_term_string"}}],"inLanguage":"en-GB"},{"@type":"Organization","@id":"https:\/\/product-guide.org\/#organization","name":"Product-Guide.org","url":"https:\/\/product-guide.org\/","logo":{"@type":"ImageObject","inLanguage":"en-GB","@id":"https:\/\/product-guide.org\/#\/schema\/logo\/image\/","url":"https:\/\/product-guide.org\/wp-content\/uploads\/2022\/07\/logo_transparent_background.png","contentUrl":"https:\/\/product-guide.org\/wp-content\/uploads\/2022\/07\/logo_transparent_background.png","width":3400,"height":1132,"caption":"Product-Guide.org"},"image":{"@id":"https:\/\/product-guide.org\/#\/schema\/logo\/image\/"}}]}},"_links":{"self":[{"href":"https:\/\/product-guide.org\/en\/wp-json\/wp\/v2\/product\/54340","targetHints":{"allow":["GET"]}}],"collection":[{"href":"https:\/\/product-guide.org\/en\/wp-json\/wp\/v2\/product"}],"about":[{"href":"https:\/\/product-guide.org\/en\/wp-json\/wp\/v2\/types\/product"}],"wp:featuredmedia":[{"embeddable":true,"href":"https:\/\/product-guide.org\/en\/wp-json\/wp\/v2\/media\/54339"}],"wp:attachment":[{"href":"https:\/\/product-guide.org\/en\/wp-json\/wp\/v2\/media?parent=54340"}],"wp:term":[{"taxonomy":"store","embeddable":true,"href":"https:\/\/product-guide.org\/en\/wp-json\/wp\/v2\/store?post=54340"},{"taxonomy":"product_brand","embeddable":true,"href":"https:\/\/product-guide.org\/en\/wp-json\/wp\/v2\/product_brand?post=54340"},{"taxonomy":"product_cat","embeddable":true,"href":"https:\/\/product-guide.org\/en\/wp-json\/wp\/v2\/product_cat?post=54340"},{"taxonomy":"product_tag","embeddable":true,"href":"https:\/\/product-guide.org\/en\/wp-json\/wp\/v2\/product_tag?post=54340"}],"curies":[{"name":"wp","href":"https:\/\/api.w.org\/{rel}","templated":true}]}}