{"id":54348,"date":"2025-03-17T12:09:57","date_gmt":"2025-03-17T11:09:57","guid":{"rendered":"https:\/\/product-guide.org\/produkt\/joseph-joseph-eclipse-3-stufiger-waschestander-mit-verdeck-one-size-ecru-joseph-joseph\/"},"modified":"2025-03-17T12:09:58","modified_gmt":"2025-03-17T11:09:58","slug":"joseph-joseph-eclipse-3-stufiger-waschestander-mit-verdeck-one-size-ecru-joseph-joseph","status":"publish","type":"product","link":"https:\/\/product-guide.org\/en\/produkt\/joseph-joseph-eclipse-3-stufiger-waschestander-mit-verdeck-one-size-ecru-joseph-joseph\/","title":{"rendered":"Joseph Joseph Eclipse 3-stufiger W\u00e4schest\u00e4nder mit Verdeck, One size, Ecru | Joseph Joseph"},"content":{"rendered":"<p>Dieser ger\u00e4umige 3-st\u00f6ckige W\u00e4schest\u00e4nder f\u00fcr den Innenbereich ist mit Stoffseiten ausgestattet , die unansehnliche W\u00e4sche vor fremden Blicken verbergen . So schaffen Sie zu Hause Ordnung und er passt obendrauf noch zu vielen Einrichtungsstilen. Die Stahletagen bieten viel Platz zum Trocknen und k\u00f6nnen einzeln heruntergeklappt werden, wenn Sie mehr Platz zum Trocknen l\u00e4ngerer Kleidungsst\u00fccke wie Bettw\u00e4sche oder Kleider ben\u00f6tigen. Der elegante Au\u00dfenstoff verbirgt die W\u00e4sche beim Trocknen vor fremden Blicken. 3-st\u00f6ckige, schwere Stahlkonstruktion f\u00fcr ger\u00e4umiges Trocknen. Die feststellbaren R\u00e4der, erleichtern das Bewegen des W\u00e4schest\u00e4nders. L\u00e4sst sich f\u00fcr eine platzsparende Aufbewahrung flach zusammenlegen. Trocknungskapazit\u00e4t: 14 Meter (45.9 ft) \/14 kg (30,8 lbs). Der Stoffbezug sollte vor der Montage geb\u00fcgelt oder aufgedampft werden (Vermeiden Sie \u00fcber die Logos zu b\u00fcgeln).<\/p>\n","protected":false},"excerpt":{"rendered":"<p>Dieser ger\u00e4umige 3-st\u00f6ckige W\u00e4schest\u00e4nder f\u00fcr den Innenbereich ist mit Stoffseiten ausgestattet , die unansehnliche W\u00e4sche vor fremden Blicken verbergen . So schaffen Sie zu Hause Ordnung und er passt obendrauf noch zu vielen Einrichtungsstilen. Die Stahletagen bieten viel Platz zum Trocknen und k\u00f6nnen einzeln heruntergeklappt werden, wenn Sie mehr Platz zum Trocknen l\u00e4ngerer Kleidungsst\u00fccke wie [&hellip;]<\/p>\n","protected":false},"featured_media":54347,"template":"","meta":{"_gspb_post_css":""},"store":[],"product_brand":[1417],"product_cat":[1290],"product_tag":[],"class_list":{"0":"post-54348","1":"product","2":"type-product","3":"status-publish","4":"has-post-thumbnail","6":"product_brand-joseph-joseph-de","7":"product_cat-uncategorized","9":"first","10":"instock","11":"shipping-taxable","12":"purchasable","13":"product-type-simple"},"yoast_head":"<!-- This site is optimized with the Yoast SEO plugin v24.6 - https:\/\/yoast.com\/wordpress\/plugins\/seo\/ -->\n<title>Joseph Joseph Eclipse 3-stufiger W\u00e4schest\u00e4nder mit Verdeck, One size, Ecru | Joseph Joseph | Product-Guide.org<\/title>\n<meta name=\"description\" content=\"Joseph Joseph Eclipse 3-stufiger W\u00e4schest\u00e4nder mit Verdeck, One size, Ecru | Joseph Joseph gefunden von Product-Guide.org\" \/>\n<meta name=\"robots\" content=\"index, follow, max-snippet:-1, max-image-preview:large, max-video-preview:-1\" \/>\n<link rel=\"canonical\" href=\"https:\/\/product-guide.org\/en\/produkt\/joseph-joseph-eclipse-3-stufiger-waschestander-mit-verdeck-one-size-ecru-joseph-joseph\/\" \/>\n<meta property=\"og:locale\" content=\"en_GB\" \/>\n<meta property=\"og:type\" content=\"article\" \/>\n<meta property=\"og:title\" content=\"Joseph Joseph Eclipse 3-stufiger W\u00e4schest\u00e4nder mit Verdeck, One size, Ecru | Joseph Joseph | Product-Guide.org\" \/>\n<meta property=\"og:description\" content=\"Joseph Joseph Eclipse 3-stufiger W\u00e4schest\u00e4nder mit Verdeck, One size, Ecru | Joseph Joseph gefunden von Product-Guide.org\" \/>\n<meta property=\"og:url\" content=\"https:\/\/product-guide.org\/en\/produkt\/joseph-joseph-eclipse-3-stufiger-waschestander-mit-verdeck-one-size-ecru-joseph-joseph\/\" \/>\n<meta property=\"og:site_name\" content=\"Product-Guide.org\" \/>\n<meta property=\"article:modified_time\" content=\"2025-03-17T11:09:58+00:00\" \/>\n<meta name=\"twitter:card\" content=\"summary_large_image\" \/>\n<script type=\"application\/ld+json\" class=\"yoast-schema-graph\">{\"@context\":\"https:\/\/schema.org\",\"@graph\":[{\"@type\":\"WebPage\",\"@id\":\"https:\/\/product-guide.org\/produkt\/joseph-joseph-eclipse-3-stufiger-waschestander-mit-verdeck-one-size-ecru-joseph-joseph\/\",\"url\":\"https:\/\/product-guide.org\/produkt\/joseph-joseph-eclipse-3-stufiger-waschestander-mit-verdeck-one-size-ecru-joseph-joseph\/\",\"name\":\"Joseph Joseph Eclipse 3-stufiger W\u00e4schest\u00e4nder mit Verdeck, One size, Ecru | Joseph Joseph | Product-Guide.org\",\"isPartOf\":{\"@id\":\"https:\/\/product-guide.org\/#website\"},\"primaryImageOfPage\":{\"@id\":\"https:\/\/product-guide.org\/produkt\/joseph-joseph-eclipse-3-stufiger-waschestander-mit-verdeck-one-size-ecru-joseph-joseph\/#primaryimage\"},\"image\":{\"@id\":\"https:\/\/product-guide.org\/produkt\/joseph-joseph-eclipse-3-stufiger-waschestander-mit-verdeck-one-size-ecru-joseph-joseph\/#primaryimage\"},\"thumbnailUrl\":\"https:\/\/product-guide.org\/wp-content\/uploads\/2025\/03\/Media_Cutout_900x730_4c78bbf2-8859-46f3-ac03-590353073288.jpg\",\"datePublished\":\"2025-03-17T11:09:57+00:00\",\"dateModified\":\"2025-03-17T11:09:58+00:00\",\"description\":\"Joseph Joseph Eclipse 3-stufiger W\u00e4schest\u00e4nder mit Verdeck, One size, Ecru | Joseph Joseph gefunden von Product-Guide.org\",\"breadcrumb\":{\"@id\":\"https:\/\/product-guide.org\/produkt\/joseph-joseph-eclipse-3-stufiger-waschestander-mit-verdeck-one-size-ecru-joseph-joseph\/#breadcrumb\"},\"inLanguage\":\"en-GB\",\"potentialAction\":[{\"@type\":\"ReadAction\",\"target\":[\"https:\/\/product-guide.org\/produkt\/joseph-joseph-eclipse-3-stufiger-waschestander-mit-verdeck-one-size-ecru-joseph-joseph\/\"]}]},{\"@type\":\"ImageObject\",\"inLanguage\":\"en-GB\",\"@id\":\"https:\/\/product-guide.org\/produkt\/joseph-joseph-eclipse-3-stufiger-waschestander-mit-verdeck-one-size-ecru-joseph-joseph\/#primaryimage\",\"url\":\"https:\/\/product-guide.org\/wp-content\/uploads\/2025\/03\/Media_Cutout_900x730_4c78bbf2-8859-46f3-ac03-590353073288.jpg\",\"contentUrl\":\"https:\/\/product-guide.org\/wp-content\/uploads\/2025\/03\/Media_Cutout_900x730_4c78bbf2-8859-46f3-ac03-590353073288.jpg\",\"width\":900,\"height\":730},{\"@type\":\"BreadcrumbList\",\"@id\":\"https:\/\/product-guide.org\/produkt\/joseph-joseph-eclipse-3-stufiger-waschestander-mit-verdeck-one-size-ecru-joseph-joseph\/#breadcrumb\",\"itemListElement\":[{\"@type\":\"ListItem\",\"position\":1,\"name\":\"Home\",\"item\":\"https:\/\/product-guide.org\/\"},{\"@type\":\"ListItem\",\"position\":2,\"name\":\"Ergebnisse\",\"item\":\"https:\/\/product-guide.org\/de\/ergebnisse\/\"},{\"@type\":\"ListItem\",\"position\":3,\"name\":\"Joseph Joseph Eclipse 3-stufiger W\u00e4schest\u00e4nder mit Verdeck, One size, Ecru | Joseph Joseph\"}]},{\"@type\":\"WebSite\",\"@id\":\"https:\/\/product-guide.org\/#website\",\"url\":\"https:\/\/product-guide.org\/\",\"name\":\"Product-Guide.org\",\"description\":\"What Product are you looking for?\",\"publisher\":{\"@id\":\"https:\/\/product-guide.org\/#organization\"},\"potentialAction\":[{\"@type\":\"SearchAction\",\"target\":{\"@type\":\"EntryPoint\",\"urlTemplate\":\"https:\/\/product-guide.org\/?s={search_term_string}\"},\"query-input\":{\"@type\":\"PropertyValueSpecification\",\"valueRequired\":true,\"valueName\":\"search_term_string\"}}],\"inLanguage\":\"en-GB\"},{\"@type\":\"Organization\",\"@id\":\"https:\/\/product-guide.org\/#organization\",\"name\":\"Product-Guide.org\",\"url\":\"https:\/\/product-guide.org\/\",\"logo\":{\"@type\":\"ImageObject\",\"inLanguage\":\"en-GB\",\"@id\":\"https:\/\/product-guide.org\/#\/schema\/logo\/image\/\",\"url\":\"https:\/\/product-guide.org\/wp-content\/uploads\/2022\/07\/logo_transparent_background.png\",\"contentUrl\":\"https:\/\/product-guide.org\/wp-content\/uploads\/2022\/07\/logo_transparent_background.png\",\"width\":3400,\"height\":1132,\"caption\":\"Product-Guide.org\"},\"image\":{\"@id\":\"https:\/\/product-guide.org\/#\/schema\/logo\/image\/\"}}]}<\/script>\n<!-- \/ Yoast SEO plugin. -->","yoast_head_json":{"title":"Joseph Joseph Eclipse 3-stufiger W\u00e4schest\u00e4nder mit Verdeck, One size, Ecru | Joseph Joseph | Product-Guide.org","description":"Joseph Joseph Eclipse 3-stufiger W\u00e4schest\u00e4nder mit Verdeck, One size, Ecru | Joseph Joseph gefunden von Product-Guide.org","robots":{"index":"index","follow":"follow","max-snippet":"max-snippet:-1","max-image-preview":"max-image-preview:large","max-video-preview":"max-video-preview:-1"},"canonical":"https:\/\/product-guide.org\/en\/produkt\/joseph-joseph-eclipse-3-stufiger-waschestander-mit-verdeck-one-size-ecru-joseph-joseph\/","og_locale":"en_GB","og_type":"article","og_title":"Joseph Joseph Eclipse 3-stufiger W\u00e4schest\u00e4nder mit Verdeck, One size, Ecru | Joseph Joseph | Product-Guide.org","og_description":"Joseph Joseph Eclipse 3-stufiger W\u00e4schest\u00e4nder mit Verdeck, One size, Ecru | Joseph Joseph gefunden von Product-Guide.org","og_url":"https:\/\/product-guide.org\/en\/produkt\/joseph-joseph-eclipse-3-stufiger-waschestander-mit-verdeck-one-size-ecru-joseph-joseph\/","og_site_name":"Product-Guide.org","article_modified_time":"2025-03-17T11:09:58+00:00","twitter_card":"summary_large_image","schema":{"@context":"https:\/\/schema.org","@graph":[{"@type":"WebPage","@id":"https:\/\/product-guide.org\/produkt\/joseph-joseph-eclipse-3-stufiger-waschestander-mit-verdeck-one-size-ecru-joseph-joseph\/","url":"https:\/\/product-guide.org\/produkt\/joseph-joseph-eclipse-3-stufiger-waschestander-mit-verdeck-one-size-ecru-joseph-joseph\/","name":"Joseph Joseph Eclipse 3-stufiger W\u00e4schest\u00e4nder mit Verdeck, One size, Ecru | Joseph Joseph | Product-Guide.org","isPartOf":{"@id":"https:\/\/product-guide.org\/#website"},"primaryImageOfPage":{"@id":"https:\/\/product-guide.org\/produkt\/joseph-joseph-eclipse-3-stufiger-waschestander-mit-verdeck-one-size-ecru-joseph-joseph\/#primaryimage"},"image":{"@id":"https:\/\/product-guide.org\/produkt\/joseph-joseph-eclipse-3-stufiger-waschestander-mit-verdeck-one-size-ecru-joseph-joseph\/#primaryimage"},"thumbnailUrl":"https:\/\/product-guide.org\/wp-content\/uploads\/2025\/03\/Media_Cutout_900x730_4c78bbf2-8859-46f3-ac03-590353073288.jpg","datePublished":"2025-03-17T11:09:57+00:00","dateModified":"2025-03-17T11:09:58+00:00","description":"Joseph Joseph Eclipse 3-stufiger W\u00e4schest\u00e4nder mit Verdeck, One size, Ecru | Joseph Joseph gefunden von Product-Guide.org","breadcrumb":{"@id":"https:\/\/product-guide.org\/produkt\/joseph-joseph-eclipse-3-stufiger-waschestander-mit-verdeck-one-size-ecru-joseph-joseph\/#breadcrumb"},"inLanguage":"en-GB","potentialAction":[{"@type":"ReadAction","target":["https:\/\/product-guide.org\/produkt\/joseph-joseph-eclipse-3-stufiger-waschestander-mit-verdeck-one-size-ecru-joseph-joseph\/"]}]},{"@type":"ImageObject","inLanguage":"en-GB","@id":"https:\/\/product-guide.org\/produkt\/joseph-joseph-eclipse-3-stufiger-waschestander-mit-verdeck-one-size-ecru-joseph-joseph\/#primaryimage","url":"https:\/\/product-guide.org\/wp-content\/uploads\/2025\/03\/Media_Cutout_900x730_4c78bbf2-8859-46f3-ac03-590353073288.jpg","contentUrl":"https:\/\/product-guide.org\/wp-content\/uploads\/2025\/03\/Media_Cutout_900x730_4c78bbf2-8859-46f3-ac03-590353073288.jpg","width":900,"height":730},{"@type":"BreadcrumbList","@id":"https:\/\/product-guide.org\/produkt\/joseph-joseph-eclipse-3-stufiger-waschestander-mit-verdeck-one-size-ecru-joseph-joseph\/#breadcrumb","itemListElement":[{"@type":"ListItem","position":1,"name":"Home","item":"https:\/\/product-guide.org\/"},{"@type":"ListItem","position":2,"name":"Ergebnisse","item":"https:\/\/product-guide.org\/de\/ergebnisse\/"},{"@type":"ListItem","position":3,"name":"Joseph Joseph Eclipse 3-stufiger W\u00e4schest\u00e4nder mit Verdeck, One size, Ecru | Joseph Joseph"}]},{"@type":"WebSite","@id":"https:\/\/product-guide.org\/#website","url":"https:\/\/product-guide.org\/","name":"Product-Guide.org","description":"What Product are you looking for?","publisher":{"@id":"https:\/\/product-guide.org\/#organization"},"potentialAction":[{"@type":"SearchAction","target":{"@type":"EntryPoint","urlTemplate":"https:\/\/product-guide.org\/?s={search_term_string}"},"query-input":{"@type":"PropertyValueSpecification","valueRequired":true,"valueName":"search_term_string"}}],"inLanguage":"en-GB"},{"@type":"Organization","@id":"https:\/\/product-guide.org\/#organization","name":"Product-Guide.org","url":"https:\/\/product-guide.org\/","logo":{"@type":"ImageObject","inLanguage":"en-GB","@id":"https:\/\/product-guide.org\/#\/schema\/logo\/image\/","url":"https:\/\/product-guide.org\/wp-content\/uploads\/2022\/07\/logo_transparent_background.png","contentUrl":"https:\/\/product-guide.org\/wp-content\/uploads\/2022\/07\/logo_transparent_background.png","width":3400,"height":1132,"caption":"Product-Guide.org"},"image":{"@id":"https:\/\/product-guide.org\/#\/schema\/logo\/image\/"}}]}},"_links":{"self":[{"href":"https:\/\/product-guide.org\/en\/wp-json\/wp\/v2\/product\/54348","targetHints":{"allow":["GET"]}}],"collection":[{"href":"https:\/\/product-guide.org\/en\/wp-json\/wp\/v2\/product"}],"about":[{"href":"https:\/\/product-guide.org\/en\/wp-json\/wp\/v2\/types\/product"}],"wp:featuredmedia":[{"embeddable":true,"href":"https:\/\/product-guide.org\/en\/wp-json\/wp\/v2\/media\/54347"}],"wp:attachment":[{"href":"https:\/\/product-guide.org\/en\/wp-json\/wp\/v2\/media?parent=54348"}],"wp:term":[{"taxonomy":"store","embeddable":true,"href":"https:\/\/product-guide.org\/en\/wp-json\/wp\/v2\/store?post=54348"},{"taxonomy":"product_brand","embeddable":true,"href":"https:\/\/product-guide.org\/en\/wp-json\/wp\/v2\/product_brand?post=54348"},{"taxonomy":"product_cat","embeddable":true,"href":"https:\/\/product-guide.org\/en\/wp-json\/wp\/v2\/product_cat?post=54348"},{"taxonomy":"product_tag","embeddable":true,"href":"https:\/\/product-guide.org\/en\/wp-json\/wp\/v2\/product_tag?post=54348"}],"curies":[{"name":"wp","href":"https:\/\/api.w.org\/{rel}","templated":true}]}}