{"id":54361,"date":"2025-03-17T12:10:13","date_gmt":"2025-03-17T11:10:13","guid":{"rendered":"https:\/\/product-guide.org\/produkt\/joseph-joseph-iw9-10l-passgenaue-graue-mullsacke-aus-recyceltem-material-one-size-grau-joseph-joseph-2\/"},"modified":"2025-03-17T12:10:13","modified_gmt":"2025-03-17T11:10:13","slug":"joseph-joseph-iw9-10l-passgenaue-graue-mullsacke-aus-recyceltem-material-one-size-grau-joseph-joseph-2","status":"publish","type":"product","link":"https:\/\/product-guide.org\/en\/produkt\/joseph-joseph-iw9-10l-passgenaue-graue-mullsacke-aus-recyceltem-material-one-size-grau-joseph-joseph-2\/","title":{"rendered":"Joseph Joseph IW9 10L Passgenaue graue M\u00fclls\u00e4cke aus recyceltem Material, One size, Grau | Joseph Joseph"},"content":{"rendered":"<p>Mit ihrer extra starken Konstruktion sind diese IW9 passgenauen M\u00fclls\u00e4cke perfekt f\u00fcr unsere Joseph Joseph Arc 10L Tretm\u00fclleimer geeignet. Die M\u00fcllbeutel haben ein Fassungsverm\u00f6gen von 10L (2,6 US Gallonen). Starke Zugschn\u00fcre f\u00fcr einfaches Zuziehen und Tragen, wenn der Beutel voll ist. Extrastarke Konstruktion. Genau angepasst an die Joseph Joseph Arc 10L Tretm\u00fclleimer. Hergestellt aus bis zu 70% recycelten Kunststoffabf\u00e4llen.<\/p>\n","protected":false},"excerpt":{"rendered":"<p>Mit ihrer extra starken Konstruktion sind diese IW9 passgenauen M\u00fclls\u00e4cke perfekt f\u00fcr unsere Joseph Joseph Arc 10L Tretm\u00fclleimer geeignet. Die M\u00fcllbeutel haben ein Fassungsverm\u00f6gen von 10L (2,6 US Gallonen). Starke Zugschn\u00fcre f\u00fcr einfaches Zuziehen und Tragen, wenn der Beutel voll ist. Extrastarke Konstruktion. Genau angepasst an die Joseph Joseph Arc 10L Tretm\u00fclleimer. Hergestellt aus bis [&hellip;]<\/p>\n","protected":false},"featured_media":54359,"template":"","meta":{"_gspb_post_css":""},"store":[],"product_brand":[1417],"product_cat":[1290],"product_tag":[],"class_list":{"0":"post-54361","1":"product","2":"type-product","3":"status-publish","4":"has-post-thumbnail","6":"product_brand-joseph-joseph-de","7":"product_cat-uncategorized","9":"first","10":"instock","11":"shipping-taxable","12":"purchasable","13":"product-type-simple"},"yoast_head":"<!-- This site is optimized with the Yoast SEO plugin v24.6 - https:\/\/yoast.com\/wordpress\/plugins\/seo\/ -->\n<title>Joseph Joseph IW9 10L Passgenaue graue M\u00fclls\u00e4cke aus recyceltem Material, One size, Grau | Joseph Joseph | Product-Guide.org<\/title>\n<meta name=\"description\" content=\"Joseph Joseph IW9 10L Passgenaue graue M\u00fclls\u00e4cke aus recyceltem Material, One size, Grau | Joseph Joseph gefunden von Product-Guide.org\" \/>\n<meta name=\"robots\" content=\"index, follow, max-snippet:-1, max-image-preview:large, max-video-preview:-1\" \/>\n<link rel=\"canonical\" href=\"https:\/\/product-guide.org\/en\/produkt\/joseph-joseph-iw9-10l-passgenaue-graue-mullsacke-aus-recyceltem-material-one-size-grau-joseph-joseph-2\/\" \/>\n<meta property=\"og:locale\" content=\"en_GB\" \/>\n<meta property=\"og:type\" content=\"article\" \/>\n<meta property=\"og:title\" content=\"Joseph Joseph IW9 10L Passgenaue graue M\u00fclls\u00e4cke aus recyceltem Material, One size, Grau | Joseph Joseph | Product-Guide.org\" \/>\n<meta property=\"og:description\" content=\"Joseph Joseph IW9 10L Passgenaue graue M\u00fclls\u00e4cke aus recyceltem Material, One size, Grau | Joseph Joseph gefunden von Product-Guide.org\" \/>\n<meta property=\"og:url\" content=\"https:\/\/product-guide.org\/en\/produkt\/joseph-joseph-iw9-10l-passgenaue-graue-mullsacke-aus-recyceltem-material-one-size-grau-joseph-joseph-2\/\" \/>\n<meta property=\"og:site_name\" content=\"Product-Guide.org\" \/>\n<meta name=\"twitter:card\" content=\"summary_large_image\" \/>\n<script type=\"application\/ld+json\" class=\"yoast-schema-graph\">{\"@context\":\"https:\/\/schema.org\",\"@graph\":[{\"@type\":\"WebPage\",\"@id\":\"https:\/\/product-guide.org\/produkt\/joseph-joseph-iw9-10l-passgenaue-graue-mullsacke-aus-recyceltem-material-one-size-grau-joseph-joseph-2\/\",\"url\":\"https:\/\/product-guide.org\/produkt\/joseph-joseph-iw9-10l-passgenaue-graue-mullsacke-aus-recyceltem-material-one-size-grau-joseph-joseph-2\/\",\"name\":\"Joseph Joseph IW9 10L Passgenaue graue M\u00fclls\u00e4cke aus recyceltem Material, One size, Grau | Joseph Joseph | Product-Guide.org\",\"isPartOf\":{\"@id\":\"https:\/\/product-guide.org\/#website\"},\"primaryImageOfPage\":{\"@id\":\"https:\/\/product-guide.org\/produkt\/joseph-joseph-iw9-10l-passgenaue-graue-mullsacke-aus-recyceltem-material-one-size-grau-joseph-joseph-2\/#primaryimage\"},\"image\":{\"@id\":\"https:\/\/product-guide.org\/produkt\/joseph-joseph-iw9-10l-passgenaue-graue-mullsacke-aus-recyceltem-material-one-size-grau-joseph-joseph-2\/#primaryimage\"},\"thumbnailUrl\":\"https:\/\/product-guide.org\/wp-content\/uploads\/2025\/03\/Media_Cutout_900x730_abacb5b2-d48f-462d-b525-e059f822e9d0.jpg\",\"datePublished\":\"2025-03-17T11:10:13+00:00\",\"description\":\"Joseph Joseph IW9 10L Passgenaue graue M\u00fclls\u00e4cke aus recyceltem Material, One size, Grau | Joseph Joseph gefunden von Product-Guide.org\",\"breadcrumb\":{\"@id\":\"https:\/\/product-guide.org\/produkt\/joseph-joseph-iw9-10l-passgenaue-graue-mullsacke-aus-recyceltem-material-one-size-grau-joseph-joseph-2\/#breadcrumb\"},\"inLanguage\":\"en-GB\",\"potentialAction\":[{\"@type\":\"ReadAction\",\"target\":[\"https:\/\/product-guide.org\/produkt\/joseph-joseph-iw9-10l-passgenaue-graue-mullsacke-aus-recyceltem-material-one-size-grau-joseph-joseph-2\/\"]}]},{\"@type\":\"ImageObject\",\"inLanguage\":\"en-GB\",\"@id\":\"https:\/\/product-guide.org\/produkt\/joseph-joseph-iw9-10l-passgenaue-graue-mullsacke-aus-recyceltem-material-one-size-grau-joseph-joseph-2\/#primaryimage\",\"url\":\"https:\/\/product-guide.org\/wp-content\/uploads\/2025\/03\/Media_Cutout_900x730_abacb5b2-d48f-462d-b525-e059f822e9d0.jpg\",\"contentUrl\":\"https:\/\/product-guide.org\/wp-content\/uploads\/2025\/03\/Media_Cutout_900x730_abacb5b2-d48f-462d-b525-e059f822e9d0.jpg\",\"width\":900,\"height\":730},{\"@type\":\"BreadcrumbList\",\"@id\":\"https:\/\/product-guide.org\/produkt\/joseph-joseph-iw9-10l-passgenaue-graue-mullsacke-aus-recyceltem-material-one-size-grau-joseph-joseph-2\/#breadcrumb\",\"itemListElement\":[{\"@type\":\"ListItem\",\"position\":1,\"name\":\"Home\",\"item\":\"https:\/\/product-guide.org\/\"},{\"@type\":\"ListItem\",\"position\":2,\"name\":\"Ergebnisse\",\"item\":\"https:\/\/product-guide.org\/de\/ergebnisse\/\"},{\"@type\":\"ListItem\",\"position\":3,\"name\":\"Joseph Joseph IW9 10L Passgenaue graue M\u00fclls\u00e4cke aus recyceltem Material, One size, Grau | Joseph Joseph\"}]},{\"@type\":\"WebSite\",\"@id\":\"https:\/\/product-guide.org\/#website\",\"url\":\"https:\/\/product-guide.org\/\",\"name\":\"Product-Guide.org\",\"description\":\"What Product are you looking for?\",\"publisher\":{\"@id\":\"https:\/\/product-guide.org\/#organization\"},\"potentialAction\":[{\"@type\":\"SearchAction\",\"target\":{\"@type\":\"EntryPoint\",\"urlTemplate\":\"https:\/\/product-guide.org\/?s={search_term_string}\"},\"query-input\":{\"@type\":\"PropertyValueSpecification\",\"valueRequired\":true,\"valueName\":\"search_term_string\"}}],\"inLanguage\":\"en-GB\"},{\"@type\":\"Organization\",\"@id\":\"https:\/\/product-guide.org\/#organization\",\"name\":\"Product-Guide.org\",\"url\":\"https:\/\/product-guide.org\/\",\"logo\":{\"@type\":\"ImageObject\",\"inLanguage\":\"en-GB\",\"@id\":\"https:\/\/product-guide.org\/#\/schema\/logo\/image\/\",\"url\":\"https:\/\/product-guide.org\/wp-content\/uploads\/2022\/07\/logo_transparent_background.png\",\"contentUrl\":\"https:\/\/product-guide.org\/wp-content\/uploads\/2022\/07\/logo_transparent_background.png\",\"width\":3400,\"height\":1132,\"caption\":\"Product-Guide.org\"},\"image\":{\"@id\":\"https:\/\/product-guide.org\/#\/schema\/logo\/image\/\"}}]}<\/script>\n<!-- \/ Yoast SEO plugin. -->","yoast_head_json":{"title":"Joseph Joseph IW9 10L Passgenaue graue M\u00fclls\u00e4cke aus recyceltem Material, One size, Grau | Joseph Joseph | Product-Guide.org","description":"Joseph Joseph IW9 10L Passgenaue graue M\u00fclls\u00e4cke aus recyceltem Material, One size, Grau | Joseph Joseph gefunden von Product-Guide.org","robots":{"index":"index","follow":"follow","max-snippet":"max-snippet:-1","max-image-preview":"max-image-preview:large","max-video-preview":"max-video-preview:-1"},"canonical":"https:\/\/product-guide.org\/en\/produkt\/joseph-joseph-iw9-10l-passgenaue-graue-mullsacke-aus-recyceltem-material-one-size-grau-joseph-joseph-2\/","og_locale":"en_GB","og_type":"article","og_title":"Joseph Joseph IW9 10L Passgenaue graue M\u00fclls\u00e4cke aus recyceltem Material, One size, Grau | Joseph Joseph | Product-Guide.org","og_description":"Joseph Joseph IW9 10L Passgenaue graue M\u00fclls\u00e4cke aus recyceltem Material, One size, Grau | Joseph Joseph gefunden von Product-Guide.org","og_url":"https:\/\/product-guide.org\/en\/produkt\/joseph-joseph-iw9-10l-passgenaue-graue-mullsacke-aus-recyceltem-material-one-size-grau-joseph-joseph-2\/","og_site_name":"Product-Guide.org","twitter_card":"summary_large_image","schema":{"@context":"https:\/\/schema.org","@graph":[{"@type":"WebPage","@id":"https:\/\/product-guide.org\/produkt\/joseph-joseph-iw9-10l-passgenaue-graue-mullsacke-aus-recyceltem-material-one-size-grau-joseph-joseph-2\/","url":"https:\/\/product-guide.org\/produkt\/joseph-joseph-iw9-10l-passgenaue-graue-mullsacke-aus-recyceltem-material-one-size-grau-joseph-joseph-2\/","name":"Joseph Joseph IW9 10L Passgenaue graue M\u00fclls\u00e4cke aus recyceltem Material, One size, Grau | Joseph Joseph | Product-Guide.org","isPartOf":{"@id":"https:\/\/product-guide.org\/#website"},"primaryImageOfPage":{"@id":"https:\/\/product-guide.org\/produkt\/joseph-joseph-iw9-10l-passgenaue-graue-mullsacke-aus-recyceltem-material-one-size-grau-joseph-joseph-2\/#primaryimage"},"image":{"@id":"https:\/\/product-guide.org\/produkt\/joseph-joseph-iw9-10l-passgenaue-graue-mullsacke-aus-recyceltem-material-one-size-grau-joseph-joseph-2\/#primaryimage"},"thumbnailUrl":"https:\/\/product-guide.org\/wp-content\/uploads\/2025\/03\/Media_Cutout_900x730_abacb5b2-d48f-462d-b525-e059f822e9d0.jpg","datePublished":"2025-03-17T11:10:13+00:00","description":"Joseph Joseph IW9 10L Passgenaue graue M\u00fclls\u00e4cke aus recyceltem Material, One size, Grau | Joseph Joseph gefunden von Product-Guide.org","breadcrumb":{"@id":"https:\/\/product-guide.org\/produkt\/joseph-joseph-iw9-10l-passgenaue-graue-mullsacke-aus-recyceltem-material-one-size-grau-joseph-joseph-2\/#breadcrumb"},"inLanguage":"en-GB","potentialAction":[{"@type":"ReadAction","target":["https:\/\/product-guide.org\/produkt\/joseph-joseph-iw9-10l-passgenaue-graue-mullsacke-aus-recyceltem-material-one-size-grau-joseph-joseph-2\/"]}]},{"@type":"ImageObject","inLanguage":"en-GB","@id":"https:\/\/product-guide.org\/produkt\/joseph-joseph-iw9-10l-passgenaue-graue-mullsacke-aus-recyceltem-material-one-size-grau-joseph-joseph-2\/#primaryimage","url":"https:\/\/product-guide.org\/wp-content\/uploads\/2025\/03\/Media_Cutout_900x730_abacb5b2-d48f-462d-b525-e059f822e9d0.jpg","contentUrl":"https:\/\/product-guide.org\/wp-content\/uploads\/2025\/03\/Media_Cutout_900x730_abacb5b2-d48f-462d-b525-e059f822e9d0.jpg","width":900,"height":730},{"@type":"BreadcrumbList","@id":"https:\/\/product-guide.org\/produkt\/joseph-joseph-iw9-10l-passgenaue-graue-mullsacke-aus-recyceltem-material-one-size-grau-joseph-joseph-2\/#breadcrumb","itemListElement":[{"@type":"ListItem","position":1,"name":"Home","item":"https:\/\/product-guide.org\/"},{"@type":"ListItem","position":2,"name":"Ergebnisse","item":"https:\/\/product-guide.org\/de\/ergebnisse\/"},{"@type":"ListItem","position":3,"name":"Joseph Joseph IW9 10L Passgenaue graue M\u00fclls\u00e4cke aus recyceltem Material, One size, Grau | Joseph Joseph"}]},{"@type":"WebSite","@id":"https:\/\/product-guide.org\/#website","url":"https:\/\/product-guide.org\/","name":"Product-Guide.org","description":"What Product are you looking for?","publisher":{"@id":"https:\/\/product-guide.org\/#organization"},"potentialAction":[{"@type":"SearchAction","target":{"@type":"EntryPoint","urlTemplate":"https:\/\/product-guide.org\/?s={search_term_string}"},"query-input":{"@type":"PropertyValueSpecification","valueRequired":true,"valueName":"search_term_string"}}],"inLanguage":"en-GB"},{"@type":"Organization","@id":"https:\/\/product-guide.org\/#organization","name":"Product-Guide.org","url":"https:\/\/product-guide.org\/","logo":{"@type":"ImageObject","inLanguage":"en-GB","@id":"https:\/\/product-guide.org\/#\/schema\/logo\/image\/","url":"https:\/\/product-guide.org\/wp-content\/uploads\/2022\/07\/logo_transparent_background.png","contentUrl":"https:\/\/product-guide.org\/wp-content\/uploads\/2022\/07\/logo_transparent_background.png","width":3400,"height":1132,"caption":"Product-Guide.org"},"image":{"@id":"https:\/\/product-guide.org\/#\/schema\/logo\/image\/"}}]}},"_links":{"self":[{"href":"https:\/\/product-guide.org\/en\/wp-json\/wp\/v2\/product\/54361","targetHints":{"allow":["GET"]}}],"collection":[{"href":"https:\/\/product-guide.org\/en\/wp-json\/wp\/v2\/product"}],"about":[{"href":"https:\/\/product-guide.org\/en\/wp-json\/wp\/v2\/types\/product"}],"wp:featuredmedia":[{"embeddable":true,"href":"https:\/\/product-guide.org\/en\/wp-json\/wp\/v2\/media\/54359"}],"wp:attachment":[{"href":"https:\/\/product-guide.org\/en\/wp-json\/wp\/v2\/media?parent=54361"}],"wp:term":[{"taxonomy":"store","embeddable":true,"href":"https:\/\/product-guide.org\/en\/wp-json\/wp\/v2\/store?post=54361"},{"taxonomy":"product_brand","embeddable":true,"href":"https:\/\/product-guide.org\/en\/wp-json\/wp\/v2\/product_brand?post=54361"},{"taxonomy":"product_cat","embeddable":true,"href":"https:\/\/product-guide.org\/en\/wp-json\/wp\/v2\/product_cat?post=54361"},{"taxonomy":"product_tag","embeddable":true,"href":"https:\/\/product-guide.org\/en\/wp-json\/wp\/v2\/product_tag?post=54361"}],"curies":[{"name":"wp","href":"https:\/\/api.w.org\/{rel}","templated":true}]}}