{"id":54365,"date":"2025-03-17T12:10:16","date_gmt":"2025-03-17T11:10:16","guid":{"rendered":"https:\/\/product-guide.org\/produkt\/joseph-joseph-nest-boards-3-teiliges-schneidebrett-set-aus-bambus-one-size-bambus-joseph-joseph\/"},"modified":"2025-03-17T12:10:16","modified_gmt":"2025-03-17T11:10:16","slug":"joseph-joseph-nest-boards-3-teiliges-schneidebrett-set-aus-bambus-one-size-bambus-joseph-joseph","status":"publish","type":"product","link":"https:\/\/product-guide.org\/en\/produkt\/joseph-joseph-nest-boards-3-teiliges-schneidebrett-set-aus-bambus-one-size-bambus-joseph-joseph\/","title":{"rendered":"Joseph Joseph Nest Boards \u2013 3-teiliges Schneidebrett-Set aus Bambus, One size, Bambus | Joseph Joseph"},"content":{"rendered":"<p>Dieses langlebige Schneidebrett-Set aus Bambus mit drei doppelseitig verwendbaren Brettern und einem platzsparenden Metallst\u00e4nder l\u00e4sst sich problemlos auf der Arbeitsplatte aufbewahren. Um Kreuzkontaminationen zu vermeiden, sind die Bretter mit lebensmittelspezifischen Symbolen versehen, damit rohes Fleisch, Gem\u00fcse und gegarten Zutaten entsprechend getrennt zubereitet werden k\u00f6nnen. Der Aufbewahrungsst\u00e4nder aus Metall h\u00e4lt die Bretter auseinander und erm\u00f6glicht so die Luftzirkulation und ein hygienisches Trocknen. Lebensmittelspezifische Symbole f\u00fcr die getrennte Zubereitung von rohem Fleisch, Gem\u00fcse und gegarten Zutaten. Dank der Laschen aus rostfreiem Stahl sind die Bretter sehr leicht zu handhaben. Langlebige Schneidefl\u00e4chen.<\/p>\n","protected":false},"excerpt":{"rendered":"<p>Dieses langlebige Schneidebrett-Set aus Bambus mit drei doppelseitig verwendbaren Brettern und einem platzsparenden Metallst\u00e4nder l\u00e4sst sich problemlos auf der Arbeitsplatte aufbewahren. Um Kreuzkontaminationen zu vermeiden, sind die Bretter mit lebensmittelspezifischen Symbolen versehen, damit rohes Fleisch, Gem\u00fcse und gegarten Zutaten entsprechend getrennt zubereitet werden k\u00f6nnen. Der Aufbewahrungsst\u00e4nder aus Metall h\u00e4lt die Bretter auseinander und erm\u00f6glicht so [&hellip;]<\/p>\n","protected":false},"featured_media":54364,"template":"","meta":{"_gspb_post_css":""},"store":[],"product_brand":[1417],"product_cat":[1290],"product_tag":[],"class_list":{"0":"post-54365","1":"product","2":"type-product","3":"status-publish","4":"has-post-thumbnail","6":"product_brand-joseph-joseph-de","7":"product_cat-uncategorized","9":"first","10":"instock","11":"shipping-taxable","12":"purchasable","13":"product-type-simple"},"yoast_head":"<!-- This site is optimized with the Yoast SEO plugin v24.6 - https:\/\/yoast.com\/wordpress\/plugins\/seo\/ -->\n<title>Joseph Joseph Nest Boards \u2013 3-teiliges Schneidebrett-Set aus Bambus, One size, Bambus | Joseph Joseph | Product-Guide.org<\/title>\n<meta name=\"description\" content=\"Joseph Joseph Nest Boards \u2013 3-teiliges Schneidebrett-Set aus Bambus, One size, Bambus | Joseph Joseph gefunden von Product-Guide.org\" \/>\n<meta name=\"robots\" content=\"index, follow, max-snippet:-1, max-image-preview:large, max-video-preview:-1\" \/>\n<link rel=\"canonical\" href=\"https:\/\/product-guide.org\/en\/produkt\/joseph-joseph-nest-boards-3-teiliges-schneidebrett-set-aus-bambus-one-size-bambus-joseph-joseph\/\" \/>\n<meta property=\"og:locale\" content=\"en_GB\" \/>\n<meta property=\"og:type\" content=\"article\" \/>\n<meta property=\"og:title\" content=\"Joseph Joseph Nest Boards \u2013 3-teiliges Schneidebrett-Set aus Bambus, One size, Bambus | Joseph Joseph | Product-Guide.org\" \/>\n<meta property=\"og:description\" content=\"Joseph Joseph Nest Boards \u2013 3-teiliges Schneidebrett-Set aus Bambus, One size, Bambus | Joseph Joseph gefunden von Product-Guide.org\" \/>\n<meta property=\"og:url\" content=\"https:\/\/product-guide.org\/en\/produkt\/joseph-joseph-nest-boards-3-teiliges-schneidebrett-set-aus-bambus-one-size-bambus-joseph-joseph\/\" \/>\n<meta property=\"og:site_name\" content=\"Product-Guide.org\" \/>\n<meta name=\"twitter:card\" content=\"summary_large_image\" \/>\n<script type=\"application\/ld+json\" class=\"yoast-schema-graph\">{\"@context\":\"https:\/\/schema.org\",\"@graph\":[{\"@type\":\"WebPage\",\"@id\":\"https:\/\/product-guide.org\/produkt\/joseph-joseph-nest-boards-3-teiliges-schneidebrett-set-aus-bambus-one-size-bambus-joseph-joseph\/\",\"url\":\"https:\/\/product-guide.org\/produkt\/joseph-joseph-nest-boards-3-teiliges-schneidebrett-set-aus-bambus-one-size-bambus-joseph-joseph\/\",\"name\":\"Joseph Joseph Nest Boards \u2013 3-teiliges Schneidebrett-Set aus Bambus, One size, Bambus | Joseph Joseph | Product-Guide.org\",\"isPartOf\":{\"@id\":\"https:\/\/product-guide.org\/#website\"},\"primaryImageOfPage\":{\"@id\":\"https:\/\/product-guide.org\/produkt\/joseph-joseph-nest-boards-3-teiliges-schneidebrett-set-aus-bambus-one-size-bambus-joseph-joseph\/#primaryimage\"},\"image\":{\"@id\":\"https:\/\/product-guide.org\/produkt\/joseph-joseph-nest-boards-3-teiliges-schneidebrett-set-aus-bambus-one-size-bambus-joseph-joseph\/#primaryimage\"},\"thumbnailUrl\":\"https:\/\/product-guide.org\/wp-content\/uploads\/2025\/03\/Media_Cutout_900x730_9ff76310-3a27-4d34-bdee-4afac0eaed7c.jpg\",\"datePublished\":\"2025-03-17T11:10:16+00:00\",\"description\":\"Joseph Joseph Nest Boards \u2013 3-teiliges Schneidebrett-Set aus Bambus, One size, Bambus | Joseph Joseph gefunden von Product-Guide.org\",\"breadcrumb\":{\"@id\":\"https:\/\/product-guide.org\/produkt\/joseph-joseph-nest-boards-3-teiliges-schneidebrett-set-aus-bambus-one-size-bambus-joseph-joseph\/#breadcrumb\"},\"inLanguage\":\"en-GB\",\"potentialAction\":[{\"@type\":\"ReadAction\",\"target\":[\"https:\/\/product-guide.org\/produkt\/joseph-joseph-nest-boards-3-teiliges-schneidebrett-set-aus-bambus-one-size-bambus-joseph-joseph\/\"]}]},{\"@type\":\"ImageObject\",\"inLanguage\":\"en-GB\",\"@id\":\"https:\/\/product-guide.org\/produkt\/joseph-joseph-nest-boards-3-teiliges-schneidebrett-set-aus-bambus-one-size-bambus-joseph-joseph\/#primaryimage\",\"url\":\"https:\/\/product-guide.org\/wp-content\/uploads\/2025\/03\/Media_Cutout_900x730_9ff76310-3a27-4d34-bdee-4afac0eaed7c.jpg\",\"contentUrl\":\"https:\/\/product-guide.org\/wp-content\/uploads\/2025\/03\/Media_Cutout_900x730_9ff76310-3a27-4d34-bdee-4afac0eaed7c.jpg\",\"width\":900,\"height\":730},{\"@type\":\"BreadcrumbList\",\"@id\":\"https:\/\/product-guide.org\/produkt\/joseph-joseph-nest-boards-3-teiliges-schneidebrett-set-aus-bambus-one-size-bambus-joseph-joseph\/#breadcrumb\",\"itemListElement\":[{\"@type\":\"ListItem\",\"position\":1,\"name\":\"Home\",\"item\":\"https:\/\/product-guide.org\/\"},{\"@type\":\"ListItem\",\"position\":2,\"name\":\"Ergebnisse\",\"item\":\"https:\/\/product-guide.org\/de\/ergebnisse\/\"},{\"@type\":\"ListItem\",\"position\":3,\"name\":\"Joseph Joseph Nest Boards \u2013 3-teiliges Schneidebrett-Set aus Bambus, One size, Bambus | Joseph Joseph\"}]},{\"@type\":\"WebSite\",\"@id\":\"https:\/\/product-guide.org\/#website\",\"url\":\"https:\/\/product-guide.org\/\",\"name\":\"Product-Guide.org\",\"description\":\"What Product are you looking for?\",\"publisher\":{\"@id\":\"https:\/\/product-guide.org\/#organization\"},\"potentialAction\":[{\"@type\":\"SearchAction\",\"target\":{\"@type\":\"EntryPoint\",\"urlTemplate\":\"https:\/\/product-guide.org\/?s={search_term_string}\"},\"query-input\":{\"@type\":\"PropertyValueSpecification\",\"valueRequired\":true,\"valueName\":\"search_term_string\"}}],\"inLanguage\":\"en-GB\"},{\"@type\":\"Organization\",\"@id\":\"https:\/\/product-guide.org\/#organization\",\"name\":\"Product-Guide.org\",\"url\":\"https:\/\/product-guide.org\/\",\"logo\":{\"@type\":\"ImageObject\",\"inLanguage\":\"en-GB\",\"@id\":\"https:\/\/product-guide.org\/#\/schema\/logo\/image\/\",\"url\":\"https:\/\/product-guide.org\/wp-content\/uploads\/2022\/07\/logo_transparent_background.png\",\"contentUrl\":\"https:\/\/product-guide.org\/wp-content\/uploads\/2022\/07\/logo_transparent_background.png\",\"width\":3400,\"height\":1132,\"caption\":\"Product-Guide.org\"},\"image\":{\"@id\":\"https:\/\/product-guide.org\/#\/schema\/logo\/image\/\"}}]}<\/script>\n<!-- \/ Yoast SEO plugin. -->","yoast_head_json":{"title":"Joseph Joseph Nest Boards \u2013 3-teiliges Schneidebrett-Set aus Bambus, One size, Bambus | Joseph Joseph | Product-Guide.org","description":"Joseph Joseph Nest Boards \u2013 3-teiliges Schneidebrett-Set aus Bambus, One size, Bambus | Joseph Joseph gefunden von Product-Guide.org","robots":{"index":"index","follow":"follow","max-snippet":"max-snippet:-1","max-image-preview":"max-image-preview:large","max-video-preview":"max-video-preview:-1"},"canonical":"https:\/\/product-guide.org\/en\/produkt\/joseph-joseph-nest-boards-3-teiliges-schneidebrett-set-aus-bambus-one-size-bambus-joseph-joseph\/","og_locale":"en_GB","og_type":"article","og_title":"Joseph Joseph Nest Boards \u2013 3-teiliges Schneidebrett-Set aus Bambus, One size, Bambus | Joseph Joseph | Product-Guide.org","og_description":"Joseph Joseph Nest Boards \u2013 3-teiliges Schneidebrett-Set aus Bambus, One size, Bambus | Joseph Joseph gefunden von Product-Guide.org","og_url":"https:\/\/product-guide.org\/en\/produkt\/joseph-joseph-nest-boards-3-teiliges-schneidebrett-set-aus-bambus-one-size-bambus-joseph-joseph\/","og_site_name":"Product-Guide.org","twitter_card":"summary_large_image","schema":{"@context":"https:\/\/schema.org","@graph":[{"@type":"WebPage","@id":"https:\/\/product-guide.org\/produkt\/joseph-joseph-nest-boards-3-teiliges-schneidebrett-set-aus-bambus-one-size-bambus-joseph-joseph\/","url":"https:\/\/product-guide.org\/produkt\/joseph-joseph-nest-boards-3-teiliges-schneidebrett-set-aus-bambus-one-size-bambus-joseph-joseph\/","name":"Joseph Joseph Nest Boards \u2013 3-teiliges Schneidebrett-Set aus Bambus, One size, Bambus | Joseph Joseph | Product-Guide.org","isPartOf":{"@id":"https:\/\/product-guide.org\/#website"},"primaryImageOfPage":{"@id":"https:\/\/product-guide.org\/produkt\/joseph-joseph-nest-boards-3-teiliges-schneidebrett-set-aus-bambus-one-size-bambus-joseph-joseph\/#primaryimage"},"image":{"@id":"https:\/\/product-guide.org\/produkt\/joseph-joseph-nest-boards-3-teiliges-schneidebrett-set-aus-bambus-one-size-bambus-joseph-joseph\/#primaryimage"},"thumbnailUrl":"https:\/\/product-guide.org\/wp-content\/uploads\/2025\/03\/Media_Cutout_900x730_9ff76310-3a27-4d34-bdee-4afac0eaed7c.jpg","datePublished":"2025-03-17T11:10:16+00:00","description":"Joseph Joseph Nest Boards \u2013 3-teiliges Schneidebrett-Set aus Bambus, One size, Bambus | Joseph Joseph gefunden von Product-Guide.org","breadcrumb":{"@id":"https:\/\/product-guide.org\/produkt\/joseph-joseph-nest-boards-3-teiliges-schneidebrett-set-aus-bambus-one-size-bambus-joseph-joseph\/#breadcrumb"},"inLanguage":"en-GB","potentialAction":[{"@type":"ReadAction","target":["https:\/\/product-guide.org\/produkt\/joseph-joseph-nest-boards-3-teiliges-schneidebrett-set-aus-bambus-one-size-bambus-joseph-joseph\/"]}]},{"@type":"ImageObject","inLanguage":"en-GB","@id":"https:\/\/product-guide.org\/produkt\/joseph-joseph-nest-boards-3-teiliges-schneidebrett-set-aus-bambus-one-size-bambus-joseph-joseph\/#primaryimage","url":"https:\/\/product-guide.org\/wp-content\/uploads\/2025\/03\/Media_Cutout_900x730_9ff76310-3a27-4d34-bdee-4afac0eaed7c.jpg","contentUrl":"https:\/\/product-guide.org\/wp-content\/uploads\/2025\/03\/Media_Cutout_900x730_9ff76310-3a27-4d34-bdee-4afac0eaed7c.jpg","width":900,"height":730},{"@type":"BreadcrumbList","@id":"https:\/\/product-guide.org\/produkt\/joseph-joseph-nest-boards-3-teiliges-schneidebrett-set-aus-bambus-one-size-bambus-joseph-joseph\/#breadcrumb","itemListElement":[{"@type":"ListItem","position":1,"name":"Home","item":"https:\/\/product-guide.org\/"},{"@type":"ListItem","position":2,"name":"Ergebnisse","item":"https:\/\/product-guide.org\/de\/ergebnisse\/"},{"@type":"ListItem","position":3,"name":"Joseph Joseph Nest Boards \u2013 3-teiliges Schneidebrett-Set aus Bambus, One size, Bambus | Joseph Joseph"}]},{"@type":"WebSite","@id":"https:\/\/product-guide.org\/#website","url":"https:\/\/product-guide.org\/","name":"Product-Guide.org","description":"What Product are you looking for?","publisher":{"@id":"https:\/\/product-guide.org\/#organization"},"potentialAction":[{"@type":"SearchAction","target":{"@type":"EntryPoint","urlTemplate":"https:\/\/product-guide.org\/?s={search_term_string}"},"query-input":{"@type":"PropertyValueSpecification","valueRequired":true,"valueName":"search_term_string"}}],"inLanguage":"en-GB"},{"@type":"Organization","@id":"https:\/\/product-guide.org\/#organization","name":"Product-Guide.org","url":"https:\/\/product-guide.org\/","logo":{"@type":"ImageObject","inLanguage":"en-GB","@id":"https:\/\/product-guide.org\/#\/schema\/logo\/image\/","url":"https:\/\/product-guide.org\/wp-content\/uploads\/2022\/07\/logo_transparent_background.png","contentUrl":"https:\/\/product-guide.org\/wp-content\/uploads\/2022\/07\/logo_transparent_background.png","width":3400,"height":1132,"caption":"Product-Guide.org"},"image":{"@id":"https:\/\/product-guide.org\/#\/schema\/logo\/image\/"}}]}},"_links":{"self":[{"href":"https:\/\/product-guide.org\/en\/wp-json\/wp\/v2\/product\/54365","targetHints":{"allow":["GET"]}}],"collection":[{"href":"https:\/\/product-guide.org\/en\/wp-json\/wp\/v2\/product"}],"about":[{"href":"https:\/\/product-guide.org\/en\/wp-json\/wp\/v2\/types\/product"}],"wp:featuredmedia":[{"embeddable":true,"href":"https:\/\/product-guide.org\/en\/wp-json\/wp\/v2\/media\/54364"}],"wp:attachment":[{"href":"https:\/\/product-guide.org\/en\/wp-json\/wp\/v2\/media?parent=54365"}],"wp:term":[{"taxonomy":"store","embeddable":true,"href":"https:\/\/product-guide.org\/en\/wp-json\/wp\/v2\/store?post=54365"},{"taxonomy":"product_brand","embeddable":true,"href":"https:\/\/product-guide.org\/en\/wp-json\/wp\/v2\/product_brand?post=54365"},{"taxonomy":"product_cat","embeddable":true,"href":"https:\/\/product-guide.org\/en\/wp-json\/wp\/v2\/product_cat?post=54365"},{"taxonomy":"product_tag","embeddable":true,"href":"https:\/\/product-guide.org\/en\/wp-json\/wp\/v2\/product_tag?post=54365"}],"curies":[{"name":"wp","href":"https:\/\/api.w.org\/{rel}","templated":true}]}}