{"id":54400,"date":"2025-03-17T12:10:47","date_gmt":"2025-03-17T11:10:47","guid":{"rendered":"https:\/\/product-guide.org\/produkt\/joseph-joseph-space-klappgriff-keramik-antihaft-3-tlg-blaues-kochtopfset-one-size-blau-joseph-joseph\/"},"modified":"2025-03-17T12:10:47","modified_gmt":"2025-03-17T11:10:47","slug":"joseph-joseph-space-klappgriff-keramik-antihaft-3-tlg-blaues-kochtopfset-one-size-blau-joseph-joseph","status":"publish","type":"product","link":"https:\/\/product-guide.org\/en\/produkt\/joseph-joseph-space-klappgriff-keramik-antihaft-3-tlg-blaues-kochtopfset-one-size-blau-joseph-joseph\/","title":{"rendered":"Joseph Joseph Space Klappgriff Keramik Antihaft 3-tlg. blaues Kochtopfset, One size, Blau | Joseph Joseph"},"content":{"rendered":"<p>Nicht alle T\u00f6pfe sind gleich. Wir stellen Ihnen Space vor, unser revolution\u00e4res Kochgeschirrsortiment in Profiqualit\u00e4t, Ausf\u00fchrung in Premium Mitternachtsblau. Die klappbaren Griffe aus rostfreiem Stahl verf\u00fcgen \u00fcber die 20 Jahre lang getestete SwingLock -Technologie. Spart bis zu 50 % mehr Platz als herk\u00f6mmliche T\u00f6pfe. Professionelle Qualit\u00e4t, schwere Aluminiumkorpusse &#8211; backofenfest bis 232 oC. Ungiftige keramische Antihaftbeschichtung, frei von PTFE, PFAS, PFOA, Blei und Cadmium. Geeignet f\u00fcr alle Kochfelder &#8211; auch f\u00fcr Induktion. Mit Deckeln aus geh\u00e4rtetem Glas und klappbarem Griff aus Edelstahl. Das Set enth\u00e4lt: 15 cm (1,4 qt) antihaftbeschichtete Kasserolle mit Deckel 19 cm (2,9 qt) antihaftbeschichtete Kasserolle mit Deckel 23 cm (5,4 qt) antihaftbeschichtete Kasserolle mit Deckel Topfdeckelst\u00e4nder f\u00fcr drei Deckel 2x Filz-Topfschoner.<\/p>\n","protected":false},"excerpt":{"rendered":"<p>Nicht alle T\u00f6pfe sind gleich. Wir stellen Ihnen Space vor, unser revolution\u00e4res Kochgeschirrsortiment in Profiqualit\u00e4t, Ausf\u00fchrung in Premium Mitternachtsblau. Die klappbaren Griffe aus rostfreiem Stahl verf\u00fcgen \u00fcber die 20 Jahre lang getestete SwingLock -Technologie. Spart bis zu 50 % mehr Platz als herk\u00f6mmliche T\u00f6pfe. Professionelle Qualit\u00e4t, schwere Aluminiumkorpusse &#8211; backofenfest bis 232 oC. Ungiftige keramische [&hellip;]<\/p>\n","protected":false},"featured_media":54399,"template":"","meta":{"_gspb_post_css":""},"store":[],"product_brand":[1417],"product_cat":[1290],"product_tag":[],"class_list":{"0":"post-54400","1":"product","2":"type-product","3":"status-publish","4":"has-post-thumbnail","6":"product_brand-joseph-joseph-de","7":"product_cat-uncategorized","9":"first","10":"instock","11":"shipping-taxable","12":"purchasable","13":"product-type-simple"},"yoast_head":"<!-- This site is optimized with the Yoast SEO plugin v24.6 - https:\/\/yoast.com\/wordpress\/plugins\/seo\/ -->\n<title>Joseph Joseph Space Klappgriff Keramik Antihaft 3-tlg. blaues Kochtopfset, One size, Blau | Joseph Joseph | Product-Guide.org<\/title>\n<meta name=\"description\" content=\"Joseph Joseph Space Klappgriff Keramik Antihaft 3-tlg. blaues Kochtopfset, One size, Blau | Joseph Joseph gefunden von Product-Guide.org\" \/>\n<meta name=\"robots\" content=\"index, follow, max-snippet:-1, max-image-preview:large, max-video-preview:-1\" \/>\n<link rel=\"canonical\" href=\"https:\/\/product-guide.org\/en\/produkt\/joseph-joseph-space-klappgriff-keramik-antihaft-3-tlg-blaues-kochtopfset-one-size-blau-joseph-joseph\/\" \/>\n<meta property=\"og:locale\" content=\"en_GB\" \/>\n<meta property=\"og:type\" content=\"article\" \/>\n<meta property=\"og:title\" content=\"Joseph Joseph Space Klappgriff Keramik Antihaft 3-tlg. blaues Kochtopfset, One size, Blau | Joseph Joseph | Product-Guide.org\" \/>\n<meta property=\"og:description\" content=\"Joseph Joseph Space Klappgriff Keramik Antihaft 3-tlg. blaues Kochtopfset, One size, Blau | Joseph Joseph gefunden von Product-Guide.org\" \/>\n<meta property=\"og:url\" content=\"https:\/\/product-guide.org\/en\/produkt\/joseph-joseph-space-klappgriff-keramik-antihaft-3-tlg-blaues-kochtopfset-one-size-blau-joseph-joseph\/\" \/>\n<meta property=\"og:site_name\" content=\"Product-Guide.org\" \/>\n<meta name=\"twitter:card\" content=\"summary_large_image\" \/>\n<script type=\"application\/ld+json\" class=\"yoast-schema-graph\">{\"@context\":\"https:\/\/schema.org\",\"@graph\":[{\"@type\":\"WebPage\",\"@id\":\"https:\/\/product-guide.org\/produkt\/joseph-joseph-space-klappgriff-keramik-antihaft-3-tlg-blaues-kochtopfset-one-size-blau-joseph-joseph\/\",\"url\":\"https:\/\/product-guide.org\/produkt\/joseph-joseph-space-klappgriff-keramik-antihaft-3-tlg-blaues-kochtopfset-one-size-blau-joseph-joseph\/\",\"name\":\"Joseph Joseph Space Klappgriff Keramik Antihaft 3-tlg. blaues Kochtopfset, One size, Blau | Joseph Joseph | Product-Guide.org\",\"isPartOf\":{\"@id\":\"https:\/\/product-guide.org\/#website\"},\"primaryImageOfPage\":{\"@id\":\"https:\/\/product-guide.org\/produkt\/joseph-joseph-space-klappgriff-keramik-antihaft-3-tlg-blaues-kochtopfset-one-size-blau-joseph-joseph\/#primaryimage\"},\"image\":{\"@id\":\"https:\/\/product-guide.org\/produkt\/joseph-joseph-space-klappgriff-keramik-antihaft-3-tlg-blaues-kochtopfset-one-size-blau-joseph-joseph\/#primaryimage\"},\"thumbnailUrl\":\"https:\/\/product-guide.org\/wp-content\/uploads\/2025\/03\/45049_001_Media_Cutout.jpg\",\"datePublished\":\"2025-03-17T11:10:47+00:00\",\"description\":\"Joseph Joseph Space Klappgriff Keramik Antihaft 3-tlg. blaues Kochtopfset, One size, Blau | Joseph Joseph gefunden von Product-Guide.org\",\"breadcrumb\":{\"@id\":\"https:\/\/product-guide.org\/produkt\/joseph-joseph-space-klappgriff-keramik-antihaft-3-tlg-blaues-kochtopfset-one-size-blau-joseph-joseph\/#breadcrumb\"},\"inLanguage\":\"en-GB\",\"potentialAction\":[{\"@type\":\"ReadAction\",\"target\":[\"https:\/\/product-guide.org\/produkt\/joseph-joseph-space-klappgriff-keramik-antihaft-3-tlg-blaues-kochtopfset-one-size-blau-joseph-joseph\/\"]}]},{\"@type\":\"ImageObject\",\"inLanguage\":\"en-GB\",\"@id\":\"https:\/\/product-guide.org\/produkt\/joseph-joseph-space-klappgriff-keramik-antihaft-3-tlg-blaues-kochtopfset-one-size-blau-joseph-joseph\/#primaryimage\",\"url\":\"https:\/\/product-guide.org\/wp-content\/uploads\/2025\/03\/45049_001_Media_Cutout.jpg\",\"contentUrl\":\"https:\/\/product-guide.org\/wp-content\/uploads\/2025\/03\/45049_001_Media_Cutout.jpg\",\"width\":900,\"height\":730},{\"@type\":\"BreadcrumbList\",\"@id\":\"https:\/\/product-guide.org\/produkt\/joseph-joseph-space-klappgriff-keramik-antihaft-3-tlg-blaues-kochtopfset-one-size-blau-joseph-joseph\/#breadcrumb\",\"itemListElement\":[{\"@type\":\"ListItem\",\"position\":1,\"name\":\"Home\",\"item\":\"https:\/\/product-guide.org\/\"},{\"@type\":\"ListItem\",\"position\":2,\"name\":\"Ergebnisse\",\"item\":\"https:\/\/product-guide.org\/de\/ergebnisse\/\"},{\"@type\":\"ListItem\",\"position\":3,\"name\":\"Joseph Joseph Space Klappgriff Keramik Antihaft 3-tlg. blaues Kochtopfset, One size, Blau | Joseph Joseph\"}]},{\"@type\":\"WebSite\",\"@id\":\"https:\/\/product-guide.org\/#website\",\"url\":\"https:\/\/product-guide.org\/\",\"name\":\"Product-Guide.org\",\"description\":\"What Product are you looking for?\",\"publisher\":{\"@id\":\"https:\/\/product-guide.org\/#organization\"},\"potentialAction\":[{\"@type\":\"SearchAction\",\"target\":{\"@type\":\"EntryPoint\",\"urlTemplate\":\"https:\/\/product-guide.org\/?s={search_term_string}\"},\"query-input\":{\"@type\":\"PropertyValueSpecification\",\"valueRequired\":true,\"valueName\":\"search_term_string\"}}],\"inLanguage\":\"en-GB\"},{\"@type\":\"Organization\",\"@id\":\"https:\/\/product-guide.org\/#organization\",\"name\":\"Product-Guide.org\",\"url\":\"https:\/\/product-guide.org\/\",\"logo\":{\"@type\":\"ImageObject\",\"inLanguage\":\"en-GB\",\"@id\":\"https:\/\/product-guide.org\/#\/schema\/logo\/image\/\",\"url\":\"https:\/\/product-guide.org\/wp-content\/uploads\/2022\/07\/logo_transparent_background.png\",\"contentUrl\":\"https:\/\/product-guide.org\/wp-content\/uploads\/2022\/07\/logo_transparent_background.png\",\"width\":3400,\"height\":1132,\"caption\":\"Product-Guide.org\"},\"image\":{\"@id\":\"https:\/\/product-guide.org\/#\/schema\/logo\/image\/\"}}]}<\/script>\n<!-- \/ Yoast SEO plugin. -->","yoast_head_json":{"title":"Joseph Joseph Space Klappgriff Keramik Antihaft 3-tlg. blaues Kochtopfset, One size, Blau | Joseph Joseph | Product-Guide.org","description":"Joseph Joseph Space Klappgriff Keramik Antihaft 3-tlg. blaues Kochtopfset, One size, Blau | Joseph Joseph gefunden von Product-Guide.org","robots":{"index":"index","follow":"follow","max-snippet":"max-snippet:-1","max-image-preview":"max-image-preview:large","max-video-preview":"max-video-preview:-1"},"canonical":"https:\/\/product-guide.org\/en\/produkt\/joseph-joseph-space-klappgriff-keramik-antihaft-3-tlg-blaues-kochtopfset-one-size-blau-joseph-joseph\/","og_locale":"en_GB","og_type":"article","og_title":"Joseph Joseph Space Klappgriff Keramik Antihaft 3-tlg. blaues Kochtopfset, One size, Blau | Joseph Joseph | Product-Guide.org","og_description":"Joseph Joseph Space Klappgriff Keramik Antihaft 3-tlg. blaues Kochtopfset, One size, Blau | Joseph Joseph gefunden von Product-Guide.org","og_url":"https:\/\/product-guide.org\/en\/produkt\/joseph-joseph-space-klappgriff-keramik-antihaft-3-tlg-blaues-kochtopfset-one-size-blau-joseph-joseph\/","og_site_name":"Product-Guide.org","twitter_card":"summary_large_image","schema":{"@context":"https:\/\/schema.org","@graph":[{"@type":"WebPage","@id":"https:\/\/product-guide.org\/produkt\/joseph-joseph-space-klappgriff-keramik-antihaft-3-tlg-blaues-kochtopfset-one-size-blau-joseph-joseph\/","url":"https:\/\/product-guide.org\/produkt\/joseph-joseph-space-klappgriff-keramik-antihaft-3-tlg-blaues-kochtopfset-one-size-blau-joseph-joseph\/","name":"Joseph Joseph Space Klappgriff Keramik Antihaft 3-tlg. blaues Kochtopfset, One size, Blau | Joseph Joseph | Product-Guide.org","isPartOf":{"@id":"https:\/\/product-guide.org\/#website"},"primaryImageOfPage":{"@id":"https:\/\/product-guide.org\/produkt\/joseph-joseph-space-klappgriff-keramik-antihaft-3-tlg-blaues-kochtopfset-one-size-blau-joseph-joseph\/#primaryimage"},"image":{"@id":"https:\/\/product-guide.org\/produkt\/joseph-joseph-space-klappgriff-keramik-antihaft-3-tlg-blaues-kochtopfset-one-size-blau-joseph-joseph\/#primaryimage"},"thumbnailUrl":"https:\/\/product-guide.org\/wp-content\/uploads\/2025\/03\/45049_001_Media_Cutout.jpg","datePublished":"2025-03-17T11:10:47+00:00","description":"Joseph Joseph Space Klappgriff Keramik Antihaft 3-tlg. blaues Kochtopfset, One size, Blau | Joseph Joseph gefunden von Product-Guide.org","breadcrumb":{"@id":"https:\/\/product-guide.org\/produkt\/joseph-joseph-space-klappgriff-keramik-antihaft-3-tlg-blaues-kochtopfset-one-size-blau-joseph-joseph\/#breadcrumb"},"inLanguage":"en-GB","potentialAction":[{"@type":"ReadAction","target":["https:\/\/product-guide.org\/produkt\/joseph-joseph-space-klappgriff-keramik-antihaft-3-tlg-blaues-kochtopfset-one-size-blau-joseph-joseph\/"]}]},{"@type":"ImageObject","inLanguage":"en-GB","@id":"https:\/\/product-guide.org\/produkt\/joseph-joseph-space-klappgriff-keramik-antihaft-3-tlg-blaues-kochtopfset-one-size-blau-joseph-joseph\/#primaryimage","url":"https:\/\/product-guide.org\/wp-content\/uploads\/2025\/03\/45049_001_Media_Cutout.jpg","contentUrl":"https:\/\/product-guide.org\/wp-content\/uploads\/2025\/03\/45049_001_Media_Cutout.jpg","width":900,"height":730},{"@type":"BreadcrumbList","@id":"https:\/\/product-guide.org\/produkt\/joseph-joseph-space-klappgriff-keramik-antihaft-3-tlg-blaues-kochtopfset-one-size-blau-joseph-joseph\/#breadcrumb","itemListElement":[{"@type":"ListItem","position":1,"name":"Home","item":"https:\/\/product-guide.org\/"},{"@type":"ListItem","position":2,"name":"Ergebnisse","item":"https:\/\/product-guide.org\/de\/ergebnisse\/"},{"@type":"ListItem","position":3,"name":"Joseph Joseph Space Klappgriff Keramik Antihaft 3-tlg. blaues Kochtopfset, One size, Blau | Joseph Joseph"}]},{"@type":"WebSite","@id":"https:\/\/product-guide.org\/#website","url":"https:\/\/product-guide.org\/","name":"Product-Guide.org","description":"What Product are you looking for?","publisher":{"@id":"https:\/\/product-guide.org\/#organization"},"potentialAction":[{"@type":"SearchAction","target":{"@type":"EntryPoint","urlTemplate":"https:\/\/product-guide.org\/?s={search_term_string}"},"query-input":{"@type":"PropertyValueSpecification","valueRequired":true,"valueName":"search_term_string"}}],"inLanguage":"en-GB"},{"@type":"Organization","@id":"https:\/\/product-guide.org\/#organization","name":"Product-Guide.org","url":"https:\/\/product-guide.org\/","logo":{"@type":"ImageObject","inLanguage":"en-GB","@id":"https:\/\/product-guide.org\/#\/schema\/logo\/image\/","url":"https:\/\/product-guide.org\/wp-content\/uploads\/2022\/07\/logo_transparent_background.png","contentUrl":"https:\/\/product-guide.org\/wp-content\/uploads\/2022\/07\/logo_transparent_background.png","width":3400,"height":1132,"caption":"Product-Guide.org"},"image":{"@id":"https:\/\/product-guide.org\/#\/schema\/logo\/image\/"}}]}},"_links":{"self":[{"href":"https:\/\/product-guide.org\/en\/wp-json\/wp\/v2\/product\/54400","targetHints":{"allow":["GET"]}}],"collection":[{"href":"https:\/\/product-guide.org\/en\/wp-json\/wp\/v2\/product"}],"about":[{"href":"https:\/\/product-guide.org\/en\/wp-json\/wp\/v2\/types\/product"}],"wp:featuredmedia":[{"embeddable":true,"href":"https:\/\/product-guide.org\/en\/wp-json\/wp\/v2\/media\/54399"}],"wp:attachment":[{"href":"https:\/\/product-guide.org\/en\/wp-json\/wp\/v2\/media?parent=54400"}],"wp:term":[{"taxonomy":"store","embeddable":true,"href":"https:\/\/product-guide.org\/en\/wp-json\/wp\/v2\/store?post=54400"},{"taxonomy":"product_brand","embeddable":true,"href":"https:\/\/product-guide.org\/en\/wp-json\/wp\/v2\/product_brand?post=54400"},{"taxonomy":"product_cat","embeddable":true,"href":"https:\/\/product-guide.org\/en\/wp-json\/wp\/v2\/product_cat?post=54400"},{"taxonomy":"product_tag","embeddable":true,"href":"https:\/\/product-guide.org\/en\/wp-json\/wp\/v2\/product_tag?post=54400"}],"curies":[{"name":"wp","href":"https:\/\/api.w.org\/{rel}","templated":true}]}}