{"id":54436,"date":"2025-03-17T12:11:22","date_gmt":"2025-03-17T11:11:22","guid":{"rendered":"https:\/\/product-guide.org\/produkt\/joseph-joseph-taschenspiegel-make-up-organizer-set-one-size-beige-joseph-joseph\/"},"modified":"2025-03-17T12:11:23","modified_gmt":"2025-03-17T11:11:23","slug":"joseph-joseph-taschenspiegel-make-up-organizer-set-one-size-beige-joseph-joseph","status":"publish","type":"product","link":"https:\/\/product-guide.org\/en\/produkt\/joseph-joseph-taschenspiegel-make-up-organizer-set-one-size-beige-joseph-joseph\/","title":{"rendered":"Joseph Joseph Taschenspiegel &#038; Make-up Organizer-Set, One size, Beige | Joseph Joseph"},"content":{"rendered":"<p>Dieses Set kombiniert zwei unserer innovativen Designs in unsererm Viva Sortiment. Unser Kosmetik-Organizer besteht aus einer Kombination von tiefen und flachen F\u00e4chern, um Artikel wie Lippenstifte, Wimperntusche und Lidschatten unterzubringen. Zudem gibt es eine magnetische Schublade f\u00fcr Dinge wie z.B. Wattest\u00e4bchen und Schw\u00e4mme. Und f\u00fcr eine Auffrischung unterwegs ist unser Taschenspiegel perfekt. Er besteht aus zwei Spiegeln &#8211; einer davon mit 3-facher Vergr\u00f6\u00dferung. Au\u00dferdem hat er einen Silikonriemen, mit dem Sie ihn festhalten k\u00f6nnen und zus\u00e4tzlich dient er auch noch als kleine Aufbewahrung f\u00fcr Eyeliner-Stifte, Wimperntusche oder Lippenstifte. Kosmetik-Organizer mit Schublade : Tiefe F\u00e4cher f\u00fcr Pinsel, Wimperntusche und Eyeliner-Stifte Flache F\u00e4cher f\u00fcr kleinere Dinge, wie z.B. Lippenstifte, Rouge und Lidschatten Schublade mit magnetischem Verschluss f\u00fcr Wattepads, Wattest\u00e4bchen und Make-up Schw\u00e4mme Verchromtes Emblem L\u00e4sst sich zum Reinigen einfach auseinandernehmen 2-in-1 Kompakter Vergr\u00f6\u00dferungsspiegel Standard Spiegel f\u00fcr eine unverzerrten Blick auf das ganze Gesicht 3-facher Vergr\u00f6\u00dferungsspiegel f\u00fcr feinere Details Weicher Silikonriemen mit Aufbewahrungsfunktion Riemen kann kleine Dinge, wie Lippenstift oder Wimperntisch aufbewahren Sicherer Magnetverschluss Bitte beachten: Die Abbildungen sind nur f\u00fcr Illustrationszwecke gedacht. Die Farbe der gelieferten Waren kann leicht abweichen.<\/p>\n","protected":false},"excerpt":{"rendered":"<p>Dieses Set kombiniert zwei unserer innovativen Designs in unsererm Viva Sortiment. Unser Kosmetik-Organizer besteht aus einer Kombination von tiefen und flachen F\u00e4chern, um Artikel wie Lippenstifte, Wimperntusche und Lidschatten unterzubringen. Zudem gibt es eine magnetische Schublade f\u00fcr Dinge wie z.B. Wattest\u00e4bchen und Schw\u00e4mme. Und f\u00fcr eine Auffrischung unterwegs ist unser Taschenspiegel perfekt. Er besteht aus [&hellip;]<\/p>\n","protected":false},"featured_media":54435,"template":"","meta":{"_gspb_post_css":""},"store":[],"product_brand":[1417],"product_cat":[1290],"product_tag":[],"class_list":{"0":"post-54436","1":"product","2":"type-product","3":"status-publish","4":"has-post-thumbnail","6":"product_brand-joseph-joseph-de","7":"product_cat-uncategorized","9":"first","10":"instock","11":"shipping-taxable","12":"purchasable","13":"product-type-simple"},"yoast_head":"<!-- This site is optimized with the Yoast SEO plugin v24.6 - https:\/\/yoast.com\/wordpress\/plugins\/seo\/ -->\n<title>Joseph Joseph Taschenspiegel &amp; Make-up Organizer-Set, One size, Beige | Joseph Joseph | Product-Guide.org<\/title>\n<meta name=\"description\" content=\"Joseph Joseph Taschenspiegel &amp; Make-up Organizer-Set, One size, Beige | Joseph Joseph gefunden von Product-Guide.org\" \/>\n<meta name=\"robots\" content=\"index, follow, max-snippet:-1, max-image-preview:large, max-video-preview:-1\" \/>\n<link rel=\"canonical\" href=\"https:\/\/product-guide.org\/en\/produkt\/joseph-joseph-taschenspiegel-make-up-organizer-set-one-size-beige-joseph-joseph\/\" \/>\n<meta property=\"og:locale\" content=\"en_GB\" \/>\n<meta property=\"og:type\" content=\"article\" \/>\n<meta property=\"og:title\" content=\"Joseph Joseph Taschenspiegel &amp; Make-up Organizer-Set, One size, Beige | Joseph Joseph | Product-Guide.org\" \/>\n<meta property=\"og:description\" content=\"Joseph Joseph Taschenspiegel &amp; Make-up Organizer-Set, One size, Beige | Joseph Joseph gefunden von Product-Guide.org\" \/>\n<meta property=\"og:url\" content=\"https:\/\/product-guide.org\/en\/produkt\/joseph-joseph-taschenspiegel-make-up-organizer-set-one-size-beige-joseph-joseph\/\" \/>\n<meta property=\"og:site_name\" content=\"Product-Guide.org\" \/>\n<meta property=\"article:modified_time\" content=\"2025-03-17T11:11:23+00:00\" \/>\n<meta name=\"twitter:card\" content=\"summary_large_image\" \/>\n<script type=\"application\/ld+json\" class=\"yoast-schema-graph\">{\"@context\":\"https:\/\/schema.org\",\"@graph\":[{\"@type\":\"WebPage\",\"@id\":\"https:\/\/product-guide.org\/produkt\/joseph-joseph-taschenspiegel-make-up-organizer-set-one-size-beige-joseph-joseph\/\",\"url\":\"https:\/\/product-guide.org\/produkt\/joseph-joseph-taschenspiegel-make-up-organizer-set-one-size-beige-joseph-joseph\/\",\"name\":\"Joseph Joseph Taschenspiegel & Make-up Organizer-Set, One size, Beige | Joseph Joseph | Product-Guide.org\",\"isPartOf\":{\"@id\":\"https:\/\/product-guide.org\/#website\"},\"primaryImageOfPage\":{\"@id\":\"https:\/\/product-guide.org\/produkt\/joseph-joseph-taschenspiegel-make-up-organizer-set-one-size-beige-joseph-joseph\/#primaryimage\"},\"image\":{\"@id\":\"https:\/\/product-guide.org\/produkt\/joseph-joseph-taschenspiegel-make-up-organizer-set-one-size-beige-joseph-joseph\/#primaryimage\"},\"thumbnailUrl\":\"https:\/\/product-guide.org\/wp-content\/uploads\/2025\/03\/75007_Media_01.jpg\",\"datePublished\":\"2025-03-17T11:11:22+00:00\",\"dateModified\":\"2025-03-17T11:11:23+00:00\",\"description\":\"Joseph Joseph Taschenspiegel & Make-up Organizer-Set, One size, Beige | Joseph Joseph gefunden von Product-Guide.org\",\"breadcrumb\":{\"@id\":\"https:\/\/product-guide.org\/produkt\/joseph-joseph-taschenspiegel-make-up-organizer-set-one-size-beige-joseph-joseph\/#breadcrumb\"},\"inLanguage\":\"en-GB\",\"potentialAction\":[{\"@type\":\"ReadAction\",\"target\":[\"https:\/\/product-guide.org\/produkt\/joseph-joseph-taschenspiegel-make-up-organizer-set-one-size-beige-joseph-joseph\/\"]}]},{\"@type\":\"ImageObject\",\"inLanguage\":\"en-GB\",\"@id\":\"https:\/\/product-guide.org\/produkt\/joseph-joseph-taschenspiegel-make-up-organizer-set-one-size-beige-joseph-joseph\/#primaryimage\",\"url\":\"https:\/\/product-guide.org\/wp-content\/uploads\/2025\/03\/75007_Media_01.jpg\",\"contentUrl\":\"https:\/\/product-guide.org\/wp-content\/uploads\/2025\/03\/75007_Media_01.jpg\",\"width\":900,\"height\":730},{\"@type\":\"BreadcrumbList\",\"@id\":\"https:\/\/product-guide.org\/produkt\/joseph-joseph-taschenspiegel-make-up-organizer-set-one-size-beige-joseph-joseph\/#breadcrumb\",\"itemListElement\":[{\"@type\":\"ListItem\",\"position\":1,\"name\":\"Home\",\"item\":\"https:\/\/product-guide.org\/\"},{\"@type\":\"ListItem\",\"position\":2,\"name\":\"Ergebnisse\",\"item\":\"https:\/\/product-guide.org\/de\/ergebnisse\/\"},{\"@type\":\"ListItem\",\"position\":3,\"name\":\"Joseph Joseph Taschenspiegel &#038; Make-up Organizer-Set, One size, Beige | Joseph Joseph\"}]},{\"@type\":\"WebSite\",\"@id\":\"https:\/\/product-guide.org\/#website\",\"url\":\"https:\/\/product-guide.org\/\",\"name\":\"Product-Guide.org\",\"description\":\"What Product are you looking for?\",\"publisher\":{\"@id\":\"https:\/\/product-guide.org\/#organization\"},\"potentialAction\":[{\"@type\":\"SearchAction\",\"target\":{\"@type\":\"EntryPoint\",\"urlTemplate\":\"https:\/\/product-guide.org\/?s={search_term_string}\"},\"query-input\":{\"@type\":\"PropertyValueSpecification\",\"valueRequired\":true,\"valueName\":\"search_term_string\"}}],\"inLanguage\":\"en-GB\"},{\"@type\":\"Organization\",\"@id\":\"https:\/\/product-guide.org\/#organization\",\"name\":\"Product-Guide.org\",\"url\":\"https:\/\/product-guide.org\/\",\"logo\":{\"@type\":\"ImageObject\",\"inLanguage\":\"en-GB\",\"@id\":\"https:\/\/product-guide.org\/#\/schema\/logo\/image\/\",\"url\":\"https:\/\/product-guide.org\/wp-content\/uploads\/2022\/07\/logo_transparent_background.png\",\"contentUrl\":\"https:\/\/product-guide.org\/wp-content\/uploads\/2022\/07\/logo_transparent_background.png\",\"width\":3400,\"height\":1132,\"caption\":\"Product-Guide.org\"},\"image\":{\"@id\":\"https:\/\/product-guide.org\/#\/schema\/logo\/image\/\"}}]}<\/script>\n<!-- \/ Yoast SEO plugin. -->","yoast_head_json":{"title":"Joseph Joseph Taschenspiegel & Make-up Organizer-Set, One size, Beige | Joseph Joseph | Product-Guide.org","description":"Joseph Joseph Taschenspiegel & Make-up Organizer-Set, One size, Beige | Joseph Joseph gefunden von Product-Guide.org","robots":{"index":"index","follow":"follow","max-snippet":"max-snippet:-1","max-image-preview":"max-image-preview:large","max-video-preview":"max-video-preview:-1"},"canonical":"https:\/\/product-guide.org\/en\/produkt\/joseph-joseph-taschenspiegel-make-up-organizer-set-one-size-beige-joseph-joseph\/","og_locale":"en_GB","og_type":"article","og_title":"Joseph Joseph Taschenspiegel & Make-up Organizer-Set, One size, Beige | Joseph Joseph | Product-Guide.org","og_description":"Joseph Joseph Taschenspiegel & Make-up Organizer-Set, One size, Beige | Joseph Joseph gefunden von Product-Guide.org","og_url":"https:\/\/product-guide.org\/en\/produkt\/joseph-joseph-taschenspiegel-make-up-organizer-set-one-size-beige-joseph-joseph\/","og_site_name":"Product-Guide.org","article_modified_time":"2025-03-17T11:11:23+00:00","twitter_card":"summary_large_image","schema":{"@context":"https:\/\/schema.org","@graph":[{"@type":"WebPage","@id":"https:\/\/product-guide.org\/produkt\/joseph-joseph-taschenspiegel-make-up-organizer-set-one-size-beige-joseph-joseph\/","url":"https:\/\/product-guide.org\/produkt\/joseph-joseph-taschenspiegel-make-up-organizer-set-one-size-beige-joseph-joseph\/","name":"Joseph Joseph Taschenspiegel & Make-up Organizer-Set, One size, Beige | Joseph Joseph | Product-Guide.org","isPartOf":{"@id":"https:\/\/product-guide.org\/#website"},"primaryImageOfPage":{"@id":"https:\/\/product-guide.org\/produkt\/joseph-joseph-taschenspiegel-make-up-organizer-set-one-size-beige-joseph-joseph\/#primaryimage"},"image":{"@id":"https:\/\/product-guide.org\/produkt\/joseph-joseph-taschenspiegel-make-up-organizer-set-one-size-beige-joseph-joseph\/#primaryimage"},"thumbnailUrl":"https:\/\/product-guide.org\/wp-content\/uploads\/2025\/03\/75007_Media_01.jpg","datePublished":"2025-03-17T11:11:22+00:00","dateModified":"2025-03-17T11:11:23+00:00","description":"Joseph Joseph Taschenspiegel & Make-up Organizer-Set, One size, Beige | Joseph Joseph gefunden von Product-Guide.org","breadcrumb":{"@id":"https:\/\/product-guide.org\/produkt\/joseph-joseph-taschenspiegel-make-up-organizer-set-one-size-beige-joseph-joseph\/#breadcrumb"},"inLanguage":"en-GB","potentialAction":[{"@type":"ReadAction","target":["https:\/\/product-guide.org\/produkt\/joseph-joseph-taschenspiegel-make-up-organizer-set-one-size-beige-joseph-joseph\/"]}]},{"@type":"ImageObject","inLanguage":"en-GB","@id":"https:\/\/product-guide.org\/produkt\/joseph-joseph-taschenspiegel-make-up-organizer-set-one-size-beige-joseph-joseph\/#primaryimage","url":"https:\/\/product-guide.org\/wp-content\/uploads\/2025\/03\/75007_Media_01.jpg","contentUrl":"https:\/\/product-guide.org\/wp-content\/uploads\/2025\/03\/75007_Media_01.jpg","width":900,"height":730},{"@type":"BreadcrumbList","@id":"https:\/\/product-guide.org\/produkt\/joseph-joseph-taschenspiegel-make-up-organizer-set-one-size-beige-joseph-joseph\/#breadcrumb","itemListElement":[{"@type":"ListItem","position":1,"name":"Home","item":"https:\/\/product-guide.org\/"},{"@type":"ListItem","position":2,"name":"Ergebnisse","item":"https:\/\/product-guide.org\/de\/ergebnisse\/"},{"@type":"ListItem","position":3,"name":"Joseph Joseph Taschenspiegel &#038; Make-up Organizer-Set, One size, Beige | Joseph Joseph"}]},{"@type":"WebSite","@id":"https:\/\/product-guide.org\/#website","url":"https:\/\/product-guide.org\/","name":"Product-Guide.org","description":"What Product are you looking for?","publisher":{"@id":"https:\/\/product-guide.org\/#organization"},"potentialAction":[{"@type":"SearchAction","target":{"@type":"EntryPoint","urlTemplate":"https:\/\/product-guide.org\/?s={search_term_string}"},"query-input":{"@type":"PropertyValueSpecification","valueRequired":true,"valueName":"search_term_string"}}],"inLanguage":"en-GB"},{"@type":"Organization","@id":"https:\/\/product-guide.org\/#organization","name":"Product-Guide.org","url":"https:\/\/product-guide.org\/","logo":{"@type":"ImageObject","inLanguage":"en-GB","@id":"https:\/\/product-guide.org\/#\/schema\/logo\/image\/","url":"https:\/\/product-guide.org\/wp-content\/uploads\/2022\/07\/logo_transparent_background.png","contentUrl":"https:\/\/product-guide.org\/wp-content\/uploads\/2022\/07\/logo_transparent_background.png","width":3400,"height":1132,"caption":"Product-Guide.org"},"image":{"@id":"https:\/\/product-guide.org\/#\/schema\/logo\/image\/"}}]}},"_links":{"self":[{"href":"https:\/\/product-guide.org\/en\/wp-json\/wp\/v2\/product\/54436","targetHints":{"allow":["GET"]}}],"collection":[{"href":"https:\/\/product-guide.org\/en\/wp-json\/wp\/v2\/product"}],"about":[{"href":"https:\/\/product-guide.org\/en\/wp-json\/wp\/v2\/types\/product"}],"wp:featuredmedia":[{"embeddable":true,"href":"https:\/\/product-guide.org\/en\/wp-json\/wp\/v2\/media\/54435"}],"wp:attachment":[{"href":"https:\/\/product-guide.org\/en\/wp-json\/wp\/v2\/media?parent=54436"}],"wp:term":[{"taxonomy":"store","embeddable":true,"href":"https:\/\/product-guide.org\/en\/wp-json\/wp\/v2\/store?post=54436"},{"taxonomy":"product_brand","embeddable":true,"href":"https:\/\/product-guide.org\/en\/wp-json\/wp\/v2\/product_brand?post=54436"},{"taxonomy":"product_cat","embeddable":true,"href":"https:\/\/product-guide.org\/en\/wp-json\/wp\/v2\/product_cat?post=54436"},{"taxonomy":"product_tag","embeddable":true,"href":"https:\/\/product-guide.org\/en\/wp-json\/wp\/v2\/product_tag?post=54436"}],"curies":[{"name":"wp","href":"https:\/\/api.w.org\/{rel}","templated":true}]}}