{"id":54522,"date":"2025-03-17T12:14:25","date_gmt":"2025-03-17T11:14:25","guid":{"rendered":"https:\/\/product-guide.org\/produkt\/pickwick-professional-minze-3x-25-teebeutel-foodworld-xl\/"},"modified":"2025-03-17T12:14:25","modified_gmt":"2025-03-17T11:14:25","slug":"pickwick-professional-minze-3x-25-teebeutel-foodworld-xl","status":"publish","type":"product","link":"https:\/\/product-guide.org\/en\/produkt\/pickwick-professional-minze-3x-25-teebeutel-foodworld-xl\/","title":{"rendered":"Pickwick &#8211; Professional Minze &#8211; 3x 25 Teebeutel | Foodworld-XL"},"content":{"rendered":"<p>Pickwick Professional Minze Fairtrade ist ein Kr\u00e4utertee in einem geschlossenen, vollst\u00e4ndig aus Papier gefertigten Umschlag und somit zu 100 % recycelbar. Dar\u00fcber hinaus arbeitet Pickwick mit unabh\u00e4ngigen Zertifizierungsprogrammen wie Fairtrade zusammen. Auf diese Weise helfen sie den Landwirten, ihre Lebensbedingungen zu verbessern und Natur und Umwelt zu schonen. Fairtrade steht f\u00fcr fairen Handel. Auf diese Weise sorgen sie f\u00fcr mehr Besch\u00e4ftigung und bessere Lebens- und Arbeitsbedingungen f\u00fcr Landwirte und Produzenten in Entwicklungsl\u00e4ndern.<\/p>\n","protected":false},"excerpt":{"rendered":"<p>Pickwick Professional Minze Fairtrade ist ein Kr\u00e4utertee in einem geschlossenen, vollst\u00e4ndig aus Papier gefertigten Umschlag und somit zu 100 % recycelbar. Dar\u00fcber hinaus arbeitet Pickwick mit unabh\u00e4ngigen Zertifizierungsprogrammen wie Fairtrade zusammen. Auf diese Weise helfen sie den Landwirten, ihre Lebensbedingungen zu verbessern und Natur und Umwelt zu schonen. Fairtrade steht f\u00fcr fairen Handel. Auf diese [&hellip;]<\/p>\n","protected":false},"featured_media":54521,"template":"","meta":{"_gspb_post_css":""},"store":[],"product_brand":[1418],"product_cat":[1290],"product_tag":[],"class_list":{"0":"post-54522","1":"product","2":"type-product","3":"status-publish","4":"has-post-thumbnail","6":"product_brand-foodworld-xl","7":"product_cat-uncategorized","9":"first","10":"instock","11":"shipping-taxable","12":"purchasable","13":"product-type-simple"},"yoast_head":"<!-- This site is optimized with the Yoast SEO plugin v24.6 - https:\/\/yoast.com\/wordpress\/plugins\/seo\/ -->\n<title>Pickwick - Professional Minze - 3x 25 Teebeutel | Foodworld-XL | Product-Guide.org<\/title>\n<meta name=\"description\" content=\"Pickwick - Professional Minze - 3x 25 Teebeutel | Foodworld-XL gefunden von Product-Guide.org\" \/>\n<meta name=\"robots\" content=\"index, follow, max-snippet:-1, max-image-preview:large, max-video-preview:-1\" \/>\n<link rel=\"canonical\" href=\"https:\/\/product-guide.org\/en\/produkt\/pickwick-professional-minze-3x-25-teebeutel-foodworld-xl\/\" \/>\n<meta property=\"og:locale\" content=\"en_GB\" \/>\n<meta property=\"og:type\" content=\"article\" \/>\n<meta property=\"og:title\" content=\"Pickwick - Professional Minze - 3x 25 Teebeutel | Foodworld-XL | Product-Guide.org\" \/>\n<meta property=\"og:description\" content=\"Pickwick - Professional Minze - 3x 25 Teebeutel | Foodworld-XL gefunden von Product-Guide.org\" \/>\n<meta property=\"og:url\" content=\"https:\/\/product-guide.org\/en\/produkt\/pickwick-professional-minze-3x-25-teebeutel-foodworld-xl\/\" \/>\n<meta property=\"og:site_name\" content=\"Product-Guide.org\" \/>\n<meta name=\"twitter:card\" content=\"summary_large_image\" \/>\n<script type=\"application\/ld+json\" class=\"yoast-schema-graph\">{\"@context\":\"https:\/\/schema.org\",\"@graph\":[{\"@type\":\"WebPage\",\"@id\":\"https:\/\/product-guide.org\/produkt\/pickwick-professional-minze-3x-25-teebeutel-foodworld-xl\/\",\"url\":\"https:\/\/product-guide.org\/produkt\/pickwick-professional-minze-3x-25-teebeutel-foodworld-xl\/\",\"name\":\"Pickwick - Professional Minze - 3x 25 Teebeutel | Foodworld-XL | Product-Guide.org\",\"isPartOf\":{\"@id\":\"https:\/\/product-guide.org\/#website\"},\"primaryImageOfPage\":{\"@id\":\"https:\/\/product-guide.org\/produkt\/pickwick-professional-minze-3x-25-teebeutel-foodworld-xl\/#primaryimage\"},\"image\":{\"@id\":\"https:\/\/product-guide.org\/produkt\/pickwick-professional-minze-3x-25-teebeutel-foodworld-xl\/#primaryimage\"},\"thumbnailUrl\":\"https:\/\/product-guide.org\/wp-content\/uploads\/2025\/03\/pickwick_-_professional_munt_-_3x_25_zakjes.jpg\",\"datePublished\":\"2025-03-17T11:14:25+00:00\",\"description\":\"Pickwick - Professional Minze - 3x 25 Teebeutel | Foodworld-XL gefunden von Product-Guide.org\",\"breadcrumb\":{\"@id\":\"https:\/\/product-guide.org\/produkt\/pickwick-professional-minze-3x-25-teebeutel-foodworld-xl\/#breadcrumb\"},\"inLanguage\":\"en-GB\",\"potentialAction\":[{\"@type\":\"ReadAction\",\"target\":[\"https:\/\/product-guide.org\/produkt\/pickwick-professional-minze-3x-25-teebeutel-foodworld-xl\/\"]}]},{\"@type\":\"ImageObject\",\"inLanguage\":\"en-GB\",\"@id\":\"https:\/\/product-guide.org\/produkt\/pickwick-professional-minze-3x-25-teebeutel-foodworld-xl\/#primaryimage\",\"url\":\"https:\/\/product-guide.org\/wp-content\/uploads\/2025\/03\/pickwick_-_professional_munt_-_3x_25_zakjes.jpg\",\"contentUrl\":\"https:\/\/product-guide.org\/wp-content\/uploads\/2025\/03\/pickwick_-_professional_munt_-_3x_25_zakjes.jpg\",\"width\":500,\"height\":500},{\"@type\":\"BreadcrumbList\",\"@id\":\"https:\/\/product-guide.org\/produkt\/pickwick-professional-minze-3x-25-teebeutel-foodworld-xl\/#breadcrumb\",\"itemListElement\":[{\"@type\":\"ListItem\",\"position\":1,\"name\":\"Home\",\"item\":\"https:\/\/product-guide.org\/\"},{\"@type\":\"ListItem\",\"position\":2,\"name\":\"Ergebnisse\",\"item\":\"https:\/\/product-guide.org\/de\/ergebnisse\/\"},{\"@type\":\"ListItem\",\"position\":3,\"name\":\"Pickwick &#8211; Professional Minze &#8211; 3x 25 Teebeutel | Foodworld-XL\"}]},{\"@type\":\"WebSite\",\"@id\":\"https:\/\/product-guide.org\/#website\",\"url\":\"https:\/\/product-guide.org\/\",\"name\":\"Product-Guide.org\",\"description\":\"What Product are you looking for?\",\"publisher\":{\"@id\":\"https:\/\/product-guide.org\/#organization\"},\"potentialAction\":[{\"@type\":\"SearchAction\",\"target\":{\"@type\":\"EntryPoint\",\"urlTemplate\":\"https:\/\/product-guide.org\/?s={search_term_string}\"},\"query-input\":{\"@type\":\"PropertyValueSpecification\",\"valueRequired\":true,\"valueName\":\"search_term_string\"}}],\"inLanguage\":\"en-GB\"},{\"@type\":\"Organization\",\"@id\":\"https:\/\/product-guide.org\/#organization\",\"name\":\"Product-Guide.org\",\"url\":\"https:\/\/product-guide.org\/\",\"logo\":{\"@type\":\"ImageObject\",\"inLanguage\":\"en-GB\",\"@id\":\"https:\/\/product-guide.org\/#\/schema\/logo\/image\/\",\"url\":\"https:\/\/product-guide.org\/wp-content\/uploads\/2022\/07\/logo_transparent_background.png\",\"contentUrl\":\"https:\/\/product-guide.org\/wp-content\/uploads\/2022\/07\/logo_transparent_background.png\",\"width\":3400,\"height\":1132,\"caption\":\"Product-Guide.org\"},\"image\":{\"@id\":\"https:\/\/product-guide.org\/#\/schema\/logo\/image\/\"}}]}<\/script>\n<!-- \/ Yoast SEO plugin. -->","yoast_head_json":{"title":"Pickwick - Professional Minze - 3x 25 Teebeutel | Foodworld-XL | Product-Guide.org","description":"Pickwick - Professional Minze - 3x 25 Teebeutel | Foodworld-XL gefunden von Product-Guide.org","robots":{"index":"index","follow":"follow","max-snippet":"max-snippet:-1","max-image-preview":"max-image-preview:large","max-video-preview":"max-video-preview:-1"},"canonical":"https:\/\/product-guide.org\/en\/produkt\/pickwick-professional-minze-3x-25-teebeutel-foodworld-xl\/","og_locale":"en_GB","og_type":"article","og_title":"Pickwick - Professional Minze - 3x 25 Teebeutel | Foodworld-XL | Product-Guide.org","og_description":"Pickwick - Professional Minze - 3x 25 Teebeutel | Foodworld-XL gefunden von Product-Guide.org","og_url":"https:\/\/product-guide.org\/en\/produkt\/pickwick-professional-minze-3x-25-teebeutel-foodworld-xl\/","og_site_name":"Product-Guide.org","twitter_card":"summary_large_image","schema":{"@context":"https:\/\/schema.org","@graph":[{"@type":"WebPage","@id":"https:\/\/product-guide.org\/produkt\/pickwick-professional-minze-3x-25-teebeutel-foodworld-xl\/","url":"https:\/\/product-guide.org\/produkt\/pickwick-professional-minze-3x-25-teebeutel-foodworld-xl\/","name":"Pickwick - Professional Minze - 3x 25 Teebeutel | Foodworld-XL | Product-Guide.org","isPartOf":{"@id":"https:\/\/product-guide.org\/#website"},"primaryImageOfPage":{"@id":"https:\/\/product-guide.org\/produkt\/pickwick-professional-minze-3x-25-teebeutel-foodworld-xl\/#primaryimage"},"image":{"@id":"https:\/\/product-guide.org\/produkt\/pickwick-professional-minze-3x-25-teebeutel-foodworld-xl\/#primaryimage"},"thumbnailUrl":"https:\/\/product-guide.org\/wp-content\/uploads\/2025\/03\/pickwick_-_professional_munt_-_3x_25_zakjes.jpg","datePublished":"2025-03-17T11:14:25+00:00","description":"Pickwick - Professional Minze - 3x 25 Teebeutel | Foodworld-XL gefunden von Product-Guide.org","breadcrumb":{"@id":"https:\/\/product-guide.org\/produkt\/pickwick-professional-minze-3x-25-teebeutel-foodworld-xl\/#breadcrumb"},"inLanguage":"en-GB","potentialAction":[{"@type":"ReadAction","target":["https:\/\/product-guide.org\/produkt\/pickwick-professional-minze-3x-25-teebeutel-foodworld-xl\/"]}]},{"@type":"ImageObject","inLanguage":"en-GB","@id":"https:\/\/product-guide.org\/produkt\/pickwick-professional-minze-3x-25-teebeutel-foodworld-xl\/#primaryimage","url":"https:\/\/product-guide.org\/wp-content\/uploads\/2025\/03\/pickwick_-_professional_munt_-_3x_25_zakjes.jpg","contentUrl":"https:\/\/product-guide.org\/wp-content\/uploads\/2025\/03\/pickwick_-_professional_munt_-_3x_25_zakjes.jpg","width":500,"height":500},{"@type":"BreadcrumbList","@id":"https:\/\/product-guide.org\/produkt\/pickwick-professional-minze-3x-25-teebeutel-foodworld-xl\/#breadcrumb","itemListElement":[{"@type":"ListItem","position":1,"name":"Home","item":"https:\/\/product-guide.org\/"},{"@type":"ListItem","position":2,"name":"Ergebnisse","item":"https:\/\/product-guide.org\/de\/ergebnisse\/"},{"@type":"ListItem","position":3,"name":"Pickwick &#8211; Professional Minze &#8211; 3x 25 Teebeutel | Foodworld-XL"}]},{"@type":"WebSite","@id":"https:\/\/product-guide.org\/#website","url":"https:\/\/product-guide.org\/","name":"Product-Guide.org","description":"What Product are you looking for?","publisher":{"@id":"https:\/\/product-guide.org\/#organization"},"potentialAction":[{"@type":"SearchAction","target":{"@type":"EntryPoint","urlTemplate":"https:\/\/product-guide.org\/?s={search_term_string}"},"query-input":{"@type":"PropertyValueSpecification","valueRequired":true,"valueName":"search_term_string"}}],"inLanguage":"en-GB"},{"@type":"Organization","@id":"https:\/\/product-guide.org\/#organization","name":"Product-Guide.org","url":"https:\/\/product-guide.org\/","logo":{"@type":"ImageObject","inLanguage":"en-GB","@id":"https:\/\/product-guide.org\/#\/schema\/logo\/image\/","url":"https:\/\/product-guide.org\/wp-content\/uploads\/2022\/07\/logo_transparent_background.png","contentUrl":"https:\/\/product-guide.org\/wp-content\/uploads\/2022\/07\/logo_transparent_background.png","width":3400,"height":1132,"caption":"Product-Guide.org"},"image":{"@id":"https:\/\/product-guide.org\/#\/schema\/logo\/image\/"}}]}},"_links":{"self":[{"href":"https:\/\/product-guide.org\/en\/wp-json\/wp\/v2\/product\/54522","targetHints":{"allow":["GET"]}}],"collection":[{"href":"https:\/\/product-guide.org\/en\/wp-json\/wp\/v2\/product"}],"about":[{"href":"https:\/\/product-guide.org\/en\/wp-json\/wp\/v2\/types\/product"}],"wp:featuredmedia":[{"embeddable":true,"href":"https:\/\/product-guide.org\/en\/wp-json\/wp\/v2\/media\/54521"}],"wp:attachment":[{"href":"https:\/\/product-guide.org\/en\/wp-json\/wp\/v2\/media?parent=54522"}],"wp:term":[{"taxonomy":"store","embeddable":true,"href":"https:\/\/product-guide.org\/en\/wp-json\/wp\/v2\/store?post=54522"},{"taxonomy":"product_brand","embeddable":true,"href":"https:\/\/product-guide.org\/en\/wp-json\/wp\/v2\/product_brand?post=54522"},{"taxonomy":"product_cat","embeddable":true,"href":"https:\/\/product-guide.org\/en\/wp-json\/wp\/v2\/product_cat?post=54522"},{"taxonomy":"product_tag","embeddable":true,"href":"https:\/\/product-guide.org\/en\/wp-json\/wp\/v2\/product_tag?post=54522"}],"curies":[{"name":"wp","href":"https:\/\/api.w.org\/{rel}","templated":true}]}}