{"id":54568,"date":"2025-03-17T12:15:04","date_gmt":"2025-03-17T11:15:04","guid":{"rendered":"https:\/\/product-guide.org\/produkt\/camilla-158cm-sexpuppe-kleine-bruste-sexpuppenfabrik-de\/"},"modified":"2025-03-17T12:15:05","modified_gmt":"2025-03-17T11:15:05","slug":"camilla-158cm-sexpuppe-kleine-bruste-sexpuppenfabrik-de","status":"publish","type":"product","link":"https:\/\/product-guide.org\/en\/produkt\/camilla-158cm-sexpuppe-kleine-bruste-sexpuppenfabrik-de\/","title":{"rendered":"Camilla 158cm Sexpuppe kleine Br\u00fcste | sexpuppenfabrik.de"},"content":{"rendered":"<p>Beschreibung: Lebensechte Sexpuppe, komplett aus Silikon (TPE). Aufgrund des Metallskeletts kann sie in allen Positionen eingesetzt werden. Diese sch\u00f6ne Dame ist f\u00fcr den Langzeitgebrauch geeignet. Diese Sexpuppe ist so konzipiert, dass sich Sex mit ihr wie mit einer echten Frau anf\u00fchlt.Specifications: Hautfarbe: Hellbraun (vergleichbar mit einer wei\u00dfen Dame nach 2 Wochen Sonnenurlaub) L\u00e4nge: 158cm Gewicht: 29,4 KG Obere B\u00fcste: 71cm Untere Brust: 60cm Br\u00fcste: Klein Taille: 53cm H\u00fcfte: 82cm Arml\u00e4nge: 63cm Handfl\u00e4chenl\u00e4nge: 17cm Beinl\u00e4nge: 78cm Fu\u00dfl\u00e4nge: 22,5cm3 Wege der Penetration: Mundtiefe: 13cm Vaginaltiefe: 18,5cm Analtiefe: 17cmPackungsgr\u00f6\u00dfe: 151cm * 41cm * 30cmInbegriffen: 1 * Sexpuppe 1 * Sexy Dessous (Sie erhalten diese nach dem Zufallsprinzip) 1 * Per\u00fccke (nach Wahl) 1 * Augenfarbe (nach Wahl) 1 * Vaginaldusche Verwenden Sie f\u00fcr dieses Produkt Gleitmittel auf Wasserbasis . Optionen: Bei der Bestellung Ihrer Sexpuppe k\u00f6nnen Sie zwischen verschiedenen Augenfarben und Per\u00fccken w\u00e4hlen. Auf diese Weise k\u00f6nnen Sie es ganz nach Ihrem Geschmack machen. Spezielle Haarfarben und -stile (z. B. lila, grau, bobline oder mit geschlagenen Locken) k\u00f6nnen wie zus\u00e4tzliche Augenfarben aus dem Zubeh\u00f6r bestellt werden. Optionen wie Stehf\u00fc\u00dfe und Schambehaarung sind m\u00f6glich und teilweise auch sofort lieferbar, ansonsten betr\u00e4gt die Lieferzeit ca. 3 bis 4 Wochen. F\u00fcr Stehf\u00fc\u00dfe oder Schambehaarung berechnen wir 50 \u20ac extra. Kontaktieren Sie uns f\u00fcr diese Option. Alle unsere Sexpuppen haben standardm\u00e4\u00dfig eine feste Vagina, sie sind auch mit einer abnehmbaren Vagina erh\u00e4ltlich. Wir bevorzugen die fixierte Vagina, weil sie sich w\u00e4hrend der Anwendung viel realistischer anf\u00fchlt. Die 100cm Sexpuppen sind nur mit fester Vagina erh\u00e4ltlich. Wenn Sie eine Puppe mit abnehmbarer Vagina m\u00f6chten, sollten Sie aus der Kategorie 140 \/147 \/158 oder 165 cm w\u00e4hlen, diese haben eine l\u00e4ngere Lieferzeit. Bitte kontaktieren Sie uns hierf\u00fcr.Fragen? Wenn Sie Fragen haben oder Hilfe bei der Bestellung dieses Produkts ben\u00f6tigen, wenden Sie sich bitte an uns . Sie k\u00f6nnen dieses Produkt kostenlos versenden lassen oder in Drachten (Niederlande) abholen. Unsere \u00d6ffnungszeiten sind: 09:00 &#8211; 22:00 Uhr. Wir arbeiten nur nach Vereinbarung , sodass wir Ihre Diskretion zu 100% garantieren k\u00f6nnen. Haben Sie eine Sexpuppe gesehen, die wir nicht anbieten, senden Sie uns bitte ei<\/p>\n","protected":false},"excerpt":{"rendered":"<p>Beschreibung: Lebensechte Sexpuppe, komplett aus Silikon (TPE). Aufgrund des Metallskeletts kann sie in allen Positionen eingesetzt werden. Diese sch\u00f6ne Dame ist f\u00fcr den Langzeitgebrauch geeignet. Diese Sexpuppe ist so konzipiert, dass sich Sex mit ihr wie mit einer echten Frau anf\u00fchlt.Specifications: Hautfarbe: Hellbraun (vergleichbar mit einer wei\u00dfen Dame nach 2 Wochen Sonnenurlaub) L\u00e4nge: 158cm Gewicht: [&hellip;]<\/p>\n","protected":false},"featured_media":54567,"template":"","meta":{"_gspb_post_css":""},"store":[],"product_brand":[1419],"product_cat":[1290],"product_tag":[],"class_list":{"0":"post-54568","1":"product","2":"type-product","3":"status-publish","4":"has-post-thumbnail","6":"product_brand-sexpuppenfabrik-de","7":"product_cat-uncategorized","9":"first","10":"instock","11":"shipping-taxable","12":"purchasable","13":"product-type-simple"},"yoast_head":"<!-- This site is optimized with the Yoast SEO plugin v24.6 - https:\/\/yoast.com\/wordpress\/plugins\/seo\/ -->\n<title>Camilla 158cm Sexpuppe kleine Br\u00fcste | sexpuppenfabrik.de | Product-Guide.org<\/title>\n<meta name=\"description\" content=\"Camilla 158cm Sexpuppe kleine Br\u00fcste | sexpuppenfabrik.de gefunden von Product-Guide.org\" \/>\n<meta name=\"robots\" content=\"index, follow, max-snippet:-1, max-image-preview:large, max-video-preview:-1\" \/>\n<link rel=\"canonical\" href=\"https:\/\/product-guide.org\/en\/produkt\/camilla-158cm-sexpuppe-kleine-bruste-sexpuppenfabrik-de\/\" \/>\n<meta property=\"og:locale\" content=\"en_GB\" \/>\n<meta property=\"og:type\" content=\"article\" \/>\n<meta property=\"og:title\" content=\"Camilla 158cm Sexpuppe kleine Br\u00fcste | sexpuppenfabrik.de | Product-Guide.org\" \/>\n<meta property=\"og:description\" content=\"Camilla 158cm Sexpuppe kleine Br\u00fcste | sexpuppenfabrik.de gefunden von Product-Guide.org\" \/>\n<meta property=\"og:url\" content=\"https:\/\/product-guide.org\/en\/produkt\/camilla-158cm-sexpuppe-kleine-bruste-sexpuppenfabrik-de\/\" \/>\n<meta property=\"og:site_name\" content=\"Product-Guide.org\" \/>\n<meta property=\"article:modified_time\" content=\"2025-03-17T11:15:05+00:00\" \/>\n<meta name=\"twitter:card\" content=\"summary_large_image\" \/>\n<script type=\"application\/ld+json\" class=\"yoast-schema-graph\">{\"@context\":\"https:\/\/schema.org\",\"@graph\":[{\"@type\":\"WebPage\",\"@id\":\"https:\/\/product-guide.org\/produkt\/camilla-158cm-sexpuppe-kleine-bruste-sexpuppenfabrik-de\/\",\"url\":\"https:\/\/product-guide.org\/produkt\/camilla-158cm-sexpuppe-kleine-bruste-sexpuppenfabrik-de\/\",\"name\":\"Camilla 158cm Sexpuppe kleine Br\u00fcste | sexpuppenfabrik.de | Product-Guide.org\",\"isPartOf\":{\"@id\":\"https:\/\/product-guide.org\/#website\"},\"primaryImageOfPage\":{\"@id\":\"https:\/\/product-guide.org\/produkt\/camilla-158cm-sexpuppe-kleine-bruste-sexpuppenfabrik-de\/#primaryimage\"},\"image\":{\"@id\":\"https:\/\/product-guide.org\/produkt\/camilla-158cm-sexpuppe-kleine-bruste-sexpuppenfabrik-de\/#primaryimage\"},\"thumbnailUrl\":\"https:\/\/product-guide.org\/wp-content\/uploads\/2025\/03\/Camilla-158cm-kleine-cup-sexpop-lovedoll-realdoll-nederland-1-1.jpg\",\"datePublished\":\"2025-03-17T11:15:04+00:00\",\"dateModified\":\"2025-03-17T11:15:05+00:00\",\"description\":\"Camilla 158cm Sexpuppe kleine Br\u00fcste | sexpuppenfabrik.de gefunden von Product-Guide.org\",\"breadcrumb\":{\"@id\":\"https:\/\/product-guide.org\/produkt\/camilla-158cm-sexpuppe-kleine-bruste-sexpuppenfabrik-de\/#breadcrumb\"},\"inLanguage\":\"en-GB\",\"potentialAction\":[{\"@type\":\"ReadAction\",\"target\":[\"https:\/\/product-guide.org\/produkt\/camilla-158cm-sexpuppe-kleine-bruste-sexpuppenfabrik-de\/\"]}]},{\"@type\":\"ImageObject\",\"inLanguage\":\"en-GB\",\"@id\":\"https:\/\/product-guide.org\/produkt\/camilla-158cm-sexpuppe-kleine-bruste-sexpuppenfabrik-de\/#primaryimage\",\"url\":\"https:\/\/product-guide.org\/wp-content\/uploads\/2025\/03\/Camilla-158cm-kleine-cup-sexpop-lovedoll-realdoll-nederland-1-1.jpg\",\"contentUrl\":\"https:\/\/product-guide.org\/wp-content\/uploads\/2025\/03\/Camilla-158cm-kleine-cup-sexpop-lovedoll-realdoll-nederland-1-1.jpg\",\"width\":832,\"height\":1248},{\"@type\":\"BreadcrumbList\",\"@id\":\"https:\/\/product-guide.org\/produkt\/camilla-158cm-sexpuppe-kleine-bruste-sexpuppenfabrik-de\/#breadcrumb\",\"itemListElement\":[{\"@type\":\"ListItem\",\"position\":1,\"name\":\"Home\",\"item\":\"https:\/\/product-guide.org\/\"},{\"@type\":\"ListItem\",\"position\":2,\"name\":\"Ergebnisse\",\"item\":\"https:\/\/product-guide.org\/de\/ergebnisse\/\"},{\"@type\":\"ListItem\",\"position\":3,\"name\":\"Camilla 158cm Sexpuppe kleine Br\u00fcste | sexpuppenfabrik.de\"}]},{\"@type\":\"WebSite\",\"@id\":\"https:\/\/product-guide.org\/#website\",\"url\":\"https:\/\/product-guide.org\/\",\"name\":\"Product-Guide.org\",\"description\":\"What Product are you looking for?\",\"publisher\":{\"@id\":\"https:\/\/product-guide.org\/#organization\"},\"potentialAction\":[{\"@type\":\"SearchAction\",\"target\":{\"@type\":\"EntryPoint\",\"urlTemplate\":\"https:\/\/product-guide.org\/?s={search_term_string}\"},\"query-input\":{\"@type\":\"PropertyValueSpecification\",\"valueRequired\":true,\"valueName\":\"search_term_string\"}}],\"inLanguage\":\"en-GB\"},{\"@type\":\"Organization\",\"@id\":\"https:\/\/product-guide.org\/#organization\",\"name\":\"Product-Guide.org\",\"url\":\"https:\/\/product-guide.org\/\",\"logo\":{\"@type\":\"ImageObject\",\"inLanguage\":\"en-GB\",\"@id\":\"https:\/\/product-guide.org\/#\/schema\/logo\/image\/\",\"url\":\"https:\/\/product-guide.org\/wp-content\/uploads\/2022\/07\/logo_transparent_background.png\",\"contentUrl\":\"https:\/\/product-guide.org\/wp-content\/uploads\/2022\/07\/logo_transparent_background.png\",\"width\":3400,\"height\":1132,\"caption\":\"Product-Guide.org\"},\"image\":{\"@id\":\"https:\/\/product-guide.org\/#\/schema\/logo\/image\/\"}}]}<\/script>\n<!-- \/ Yoast SEO plugin. -->","yoast_head_json":{"title":"Camilla 158cm Sexpuppe kleine Br\u00fcste | sexpuppenfabrik.de | Product-Guide.org","description":"Camilla 158cm Sexpuppe kleine Br\u00fcste | sexpuppenfabrik.de gefunden von Product-Guide.org","robots":{"index":"index","follow":"follow","max-snippet":"max-snippet:-1","max-image-preview":"max-image-preview:large","max-video-preview":"max-video-preview:-1"},"canonical":"https:\/\/product-guide.org\/en\/produkt\/camilla-158cm-sexpuppe-kleine-bruste-sexpuppenfabrik-de\/","og_locale":"en_GB","og_type":"article","og_title":"Camilla 158cm Sexpuppe kleine Br\u00fcste | sexpuppenfabrik.de | Product-Guide.org","og_description":"Camilla 158cm Sexpuppe kleine Br\u00fcste | sexpuppenfabrik.de gefunden von Product-Guide.org","og_url":"https:\/\/product-guide.org\/en\/produkt\/camilla-158cm-sexpuppe-kleine-bruste-sexpuppenfabrik-de\/","og_site_name":"Product-Guide.org","article_modified_time":"2025-03-17T11:15:05+00:00","twitter_card":"summary_large_image","schema":{"@context":"https:\/\/schema.org","@graph":[{"@type":"WebPage","@id":"https:\/\/product-guide.org\/produkt\/camilla-158cm-sexpuppe-kleine-bruste-sexpuppenfabrik-de\/","url":"https:\/\/product-guide.org\/produkt\/camilla-158cm-sexpuppe-kleine-bruste-sexpuppenfabrik-de\/","name":"Camilla 158cm Sexpuppe kleine Br\u00fcste | sexpuppenfabrik.de | Product-Guide.org","isPartOf":{"@id":"https:\/\/product-guide.org\/#website"},"primaryImageOfPage":{"@id":"https:\/\/product-guide.org\/produkt\/camilla-158cm-sexpuppe-kleine-bruste-sexpuppenfabrik-de\/#primaryimage"},"image":{"@id":"https:\/\/product-guide.org\/produkt\/camilla-158cm-sexpuppe-kleine-bruste-sexpuppenfabrik-de\/#primaryimage"},"thumbnailUrl":"https:\/\/product-guide.org\/wp-content\/uploads\/2025\/03\/Camilla-158cm-kleine-cup-sexpop-lovedoll-realdoll-nederland-1-1.jpg","datePublished":"2025-03-17T11:15:04+00:00","dateModified":"2025-03-17T11:15:05+00:00","description":"Camilla 158cm Sexpuppe kleine Br\u00fcste | sexpuppenfabrik.de gefunden von Product-Guide.org","breadcrumb":{"@id":"https:\/\/product-guide.org\/produkt\/camilla-158cm-sexpuppe-kleine-bruste-sexpuppenfabrik-de\/#breadcrumb"},"inLanguage":"en-GB","potentialAction":[{"@type":"ReadAction","target":["https:\/\/product-guide.org\/produkt\/camilla-158cm-sexpuppe-kleine-bruste-sexpuppenfabrik-de\/"]}]},{"@type":"ImageObject","inLanguage":"en-GB","@id":"https:\/\/product-guide.org\/produkt\/camilla-158cm-sexpuppe-kleine-bruste-sexpuppenfabrik-de\/#primaryimage","url":"https:\/\/product-guide.org\/wp-content\/uploads\/2025\/03\/Camilla-158cm-kleine-cup-sexpop-lovedoll-realdoll-nederland-1-1.jpg","contentUrl":"https:\/\/product-guide.org\/wp-content\/uploads\/2025\/03\/Camilla-158cm-kleine-cup-sexpop-lovedoll-realdoll-nederland-1-1.jpg","width":832,"height":1248},{"@type":"BreadcrumbList","@id":"https:\/\/product-guide.org\/produkt\/camilla-158cm-sexpuppe-kleine-bruste-sexpuppenfabrik-de\/#breadcrumb","itemListElement":[{"@type":"ListItem","position":1,"name":"Home","item":"https:\/\/product-guide.org\/"},{"@type":"ListItem","position":2,"name":"Ergebnisse","item":"https:\/\/product-guide.org\/de\/ergebnisse\/"},{"@type":"ListItem","position":3,"name":"Camilla 158cm Sexpuppe kleine Br\u00fcste | sexpuppenfabrik.de"}]},{"@type":"WebSite","@id":"https:\/\/product-guide.org\/#website","url":"https:\/\/product-guide.org\/","name":"Product-Guide.org","description":"What Product are you looking for?","publisher":{"@id":"https:\/\/product-guide.org\/#organization"},"potentialAction":[{"@type":"SearchAction","target":{"@type":"EntryPoint","urlTemplate":"https:\/\/product-guide.org\/?s={search_term_string}"},"query-input":{"@type":"PropertyValueSpecification","valueRequired":true,"valueName":"search_term_string"}}],"inLanguage":"en-GB"},{"@type":"Organization","@id":"https:\/\/product-guide.org\/#organization","name":"Product-Guide.org","url":"https:\/\/product-guide.org\/","logo":{"@type":"ImageObject","inLanguage":"en-GB","@id":"https:\/\/product-guide.org\/#\/schema\/logo\/image\/","url":"https:\/\/product-guide.org\/wp-content\/uploads\/2022\/07\/logo_transparent_background.png","contentUrl":"https:\/\/product-guide.org\/wp-content\/uploads\/2022\/07\/logo_transparent_background.png","width":3400,"height":1132,"caption":"Product-Guide.org"},"image":{"@id":"https:\/\/product-guide.org\/#\/schema\/logo\/image\/"}}]}},"_links":{"self":[{"href":"https:\/\/product-guide.org\/en\/wp-json\/wp\/v2\/product\/54568","targetHints":{"allow":["GET"]}}],"collection":[{"href":"https:\/\/product-guide.org\/en\/wp-json\/wp\/v2\/product"}],"about":[{"href":"https:\/\/product-guide.org\/en\/wp-json\/wp\/v2\/types\/product"}],"wp:featuredmedia":[{"embeddable":true,"href":"https:\/\/product-guide.org\/en\/wp-json\/wp\/v2\/media\/54567"}],"wp:attachment":[{"href":"https:\/\/product-guide.org\/en\/wp-json\/wp\/v2\/media?parent=54568"}],"wp:term":[{"taxonomy":"store","embeddable":true,"href":"https:\/\/product-guide.org\/en\/wp-json\/wp\/v2\/store?post=54568"},{"taxonomy":"product_brand","embeddable":true,"href":"https:\/\/product-guide.org\/en\/wp-json\/wp\/v2\/product_brand?post=54568"},{"taxonomy":"product_cat","embeddable":true,"href":"https:\/\/product-guide.org\/en\/wp-json\/wp\/v2\/product_cat?post=54568"},{"taxonomy":"product_tag","embeddable":true,"href":"https:\/\/product-guide.org\/en\/wp-json\/wp\/v2\/product_tag?post=54568"}],"curies":[{"name":"wp","href":"https:\/\/api.w.org\/{rel}","templated":true}]}}