{"id":54609,"date":"2025-03-17T12:15:39","date_gmt":"2025-03-17T11:15:39","guid":{"rendered":"https:\/\/product-guide.org\/produkt\/lisa-150cm-sexpuppe-sehr-grosen-brusten-und-gesas-sexpuppenfabrik-de\/"},"modified":"2025-03-17T12:15:39","modified_gmt":"2025-03-17T11:15:39","slug":"lisa-150cm-sexpuppe-sehr-grosen-brusten-und-gesas-sexpuppenfabrik-de","status":"publish","type":"product","link":"https:\/\/product-guide.org\/en\/produkt\/lisa-150cm-sexpuppe-sehr-grosen-brusten-und-gesas-sexpuppenfabrik-de\/","title":{"rendered":"Lisa 150cm Sexpuppe sehr gro\u00dfen Br\u00fcsten und Ges\u00e4\u00df | sexpuppenfabrik.de"},"content":{"rendered":"<p>Beschreibung: DOLLS CASTLE ist eine der beliebtesten Marken f\u00fcr Sexpuppen. DOLLS CASTLE bietet Sexpuppen h\u00f6chster Qualit\u00e4t im g\u00fcnstigsten Marktsegment, sodass Kunden Premium-Funktionen zu einem g\u00fcnstigen Preis erleben k\u00f6nnen. Lernen Sie Lisa kennen, diese wundersch\u00f6ne Dame von 150 cm mit gro\u00dfen Br\u00fcsten und breiten H\u00fcften ist jetzt auf Lager! Mit stehenden F\u00fc\u00dfen, beweglichen Fingern und einem AFO-Skelett bietet Lisa ein wirklich immersives Erlebnis. Und vergessen wir nicht ihre gro\u00dfen Br\u00fcste und ihre feste Vagina, die f\u00fcr maximalen Realismus und Vergn\u00fcgen konzipiert sind. Ihr unwiderstehlicher Charme und ihre perfekten Kurven versprechen erlesene Genussmomente. Ihr s\u00fc\u00dfes L\u00e4cheln und die detaillierte Wiedergabe menschlicher Gesichtsz\u00fcge machen sie zu einem Muss f\u00fcr Liebhaber realistischer TPE-Liebespuppen. Machen Sie sich bereit f\u00fcr eine unvergessliche (und befriedigende) Begegnung!Specifications: Hautfarbe: Hellbraun (vergleichbar mit einer wei\u00dfen Dame nach 2 Wochen Sonnenurlaub) L\u00e4nge: 150cm Gewicht: 47 KG Obere B\u00fcste: 108cm Untere Brust: 68cm Br\u00fcste: Mega gro\u00dfe Br\u00fcste Taille: 58cm H\u00fcfte: 120cm Arml\u00e4nge: 54cm Beinl\u00e4nge: 83cm Fu\u00dfl\u00e4nge: 21cm3 Wege der Penetration: Mundtiefe: 13cm Vaginaltiefe: 18,5cm Analtiefe: 17cmPackungsgr\u00f6\u00dfe: 160cm * 40cm * 29cmStandard-Zusatzoptionen: Stehf\u00fc\u00dfe (Schutz der Fu\u00dfsohle beim Stehen) Anatomisches Skelett Natur\u00e4hnliche Finger Hohle Br\u00fcste, wodurch sich die Br\u00fcste besonders realistisch anf\u00fchlen Inbegriffen: 1* Sexpuppe 1* Sexy Dessous (Sie erhalten diese nach dem Zufallsprinzip) 1* Per\u00fccke 1* Vaginaldusche 1* Wartungsset Verwenden Sie f\u00fcr dieses Produkt Gleitmittel auf Wasserbasis . Optionen: Diese Sexpuppe wird mit einer Per\u00fccke und einer Augenfarbe wie auf dem Bild geliefert. M\u00f6chten Sie sie ganz nach Ihrem Geschmack gestalten? Dann entscheiden Sie sich daf\u00fcr, ein zus\u00e4tzliches Augenpaar oder eine Per\u00fccke mit einer anderen Haarfarbe oder einem anderen Haarstil zu bestellen.Fragen? Wenn Sie Fragen haben oder Hilfe bei der Bestellung dieses Produkts ben\u00f6tigen, kontaktieren Sie uns bitte.Unsere Preise verstehen sich inklusive Mehrwertsteuer und Versandkosten. Wir versenden unsere Dolls Castle-Puppen aus den Niederlanden oder einem unserer Lager in Europa. Lieferzeit: 1-2 Werktage.<\/p>\n","protected":false},"excerpt":{"rendered":"<p>Beschreibung: DOLLS CASTLE ist eine der beliebtesten Marken f\u00fcr Sexpuppen. DOLLS CASTLE bietet Sexpuppen h\u00f6chster Qualit\u00e4t im g\u00fcnstigsten Marktsegment, sodass Kunden Premium-Funktionen zu einem g\u00fcnstigen Preis erleben k\u00f6nnen. Lernen Sie Lisa kennen, diese wundersch\u00f6ne Dame von 150 cm mit gro\u00dfen Br\u00fcsten und breiten H\u00fcften ist jetzt auf Lager! Mit stehenden F\u00fc\u00dfen, beweglichen Fingern und einem [&hellip;]<\/p>\n","protected":false},"featured_media":54608,"template":"","meta":{"_gspb_post_css":""},"store":[],"product_brand":[1419],"product_cat":[1290],"product_tag":[],"class_list":{"0":"post-54609","1":"product","2":"type-product","3":"status-publish","4":"has-post-thumbnail","6":"product_brand-sexpuppenfabrik-de","7":"product_cat-uncategorized","9":"first","10":"instock","11":"shipping-taxable","12":"purchasable","13":"product-type-simple"},"yoast_head":"<!-- This site is optimized with the Yoast SEO plugin v24.6 - https:\/\/yoast.com\/wordpress\/plugins\/seo\/ -->\n<title>Lisa 150cm Sexpuppe sehr gro\u00dfen Br\u00fcsten und Ges\u00e4\u00df | sexpuppenfabrik.de | Product-Guide.org<\/title>\n<meta name=\"description\" content=\"Lisa 150cm Sexpuppe sehr gro\u00dfen Br\u00fcsten und Ges\u00e4\u00df | sexpuppenfabrik.de gefunden von Product-Guide.org\" \/>\n<meta name=\"robots\" content=\"index, follow, max-snippet:-1, max-image-preview:large, max-video-preview:-1\" \/>\n<link rel=\"canonical\" href=\"https:\/\/product-guide.org\/en\/produkt\/lisa-150cm-sexpuppe-sehr-grosen-brusten-und-gesas-sexpuppenfabrik-de\/\" \/>\n<meta property=\"og:locale\" content=\"en_GB\" \/>\n<meta property=\"og:type\" content=\"article\" \/>\n<meta property=\"og:title\" content=\"Lisa 150cm Sexpuppe sehr gro\u00dfen Br\u00fcsten und Ges\u00e4\u00df | sexpuppenfabrik.de | Product-Guide.org\" \/>\n<meta property=\"og:description\" content=\"Lisa 150cm Sexpuppe sehr gro\u00dfen Br\u00fcsten und Ges\u00e4\u00df | sexpuppenfabrik.de gefunden von Product-Guide.org\" \/>\n<meta property=\"og:url\" content=\"https:\/\/product-guide.org\/en\/produkt\/lisa-150cm-sexpuppe-sehr-grosen-brusten-und-gesas-sexpuppenfabrik-de\/\" \/>\n<meta property=\"og:site_name\" content=\"Product-Guide.org\" \/>\n<meta name=\"twitter:card\" content=\"summary_large_image\" \/>\n<script type=\"application\/ld+json\" class=\"yoast-schema-graph\">{\"@context\":\"https:\/\/schema.org\",\"@graph\":[{\"@type\":\"WebPage\",\"@id\":\"https:\/\/product-guide.org\/produkt\/lisa-150cm-sexpuppe-sehr-grosen-brusten-und-gesas-sexpuppenfabrik-de\/\",\"url\":\"https:\/\/product-guide.org\/produkt\/lisa-150cm-sexpuppe-sehr-grosen-brusten-und-gesas-sexpuppenfabrik-de\/\",\"name\":\"Lisa 150cm Sexpuppe sehr gro\u00dfen Br\u00fcsten und Ges\u00e4\u00df | sexpuppenfabrik.de | Product-Guide.org\",\"isPartOf\":{\"@id\":\"https:\/\/product-guide.org\/#website\"},\"primaryImageOfPage\":{\"@id\":\"https:\/\/product-guide.org\/produkt\/lisa-150cm-sexpuppe-sehr-grosen-brusten-und-gesas-sexpuppenfabrik-de\/#primaryimage\"},\"image\":{\"@id\":\"https:\/\/product-guide.org\/produkt\/lisa-150cm-sexpuppe-sehr-grosen-brusten-und-gesas-sexpuppenfabrik-de\/#primaryimage\"},\"thumbnailUrl\":\"https:\/\/product-guide.org\/wp-content\/uploads\/2025\/03\/lisa-1-11.jpg\",\"datePublished\":\"2025-03-17T11:15:39+00:00\",\"description\":\"Lisa 150cm Sexpuppe sehr gro\u00dfen Br\u00fcsten und Ges\u00e4\u00df | sexpuppenfabrik.de gefunden von Product-Guide.org\",\"breadcrumb\":{\"@id\":\"https:\/\/product-guide.org\/produkt\/lisa-150cm-sexpuppe-sehr-grosen-brusten-und-gesas-sexpuppenfabrik-de\/#breadcrumb\"},\"inLanguage\":\"en-GB\",\"potentialAction\":[{\"@type\":\"ReadAction\",\"target\":[\"https:\/\/product-guide.org\/produkt\/lisa-150cm-sexpuppe-sehr-grosen-brusten-und-gesas-sexpuppenfabrik-de\/\"]}]},{\"@type\":\"ImageObject\",\"inLanguage\":\"en-GB\",\"@id\":\"https:\/\/product-guide.org\/produkt\/lisa-150cm-sexpuppe-sehr-grosen-brusten-und-gesas-sexpuppenfabrik-de\/#primaryimage\",\"url\":\"https:\/\/product-guide.org\/wp-content\/uploads\/2025\/03\/lisa-1-11.jpg\",\"contentUrl\":\"https:\/\/product-guide.org\/wp-content\/uploads\/2025\/03\/lisa-1-11.jpg\",\"width\":829,\"height\":940},{\"@type\":\"BreadcrumbList\",\"@id\":\"https:\/\/product-guide.org\/produkt\/lisa-150cm-sexpuppe-sehr-grosen-brusten-und-gesas-sexpuppenfabrik-de\/#breadcrumb\",\"itemListElement\":[{\"@type\":\"ListItem\",\"position\":1,\"name\":\"Home\",\"item\":\"https:\/\/product-guide.org\/\"},{\"@type\":\"ListItem\",\"position\":2,\"name\":\"Ergebnisse\",\"item\":\"https:\/\/product-guide.org\/de\/ergebnisse\/\"},{\"@type\":\"ListItem\",\"position\":3,\"name\":\"Lisa 150cm Sexpuppe sehr gro\u00dfen Br\u00fcsten und Ges\u00e4\u00df | sexpuppenfabrik.de\"}]},{\"@type\":\"WebSite\",\"@id\":\"https:\/\/product-guide.org\/#website\",\"url\":\"https:\/\/product-guide.org\/\",\"name\":\"Product-Guide.org\",\"description\":\"What Product are you looking for?\",\"publisher\":{\"@id\":\"https:\/\/product-guide.org\/#organization\"},\"potentialAction\":[{\"@type\":\"SearchAction\",\"target\":{\"@type\":\"EntryPoint\",\"urlTemplate\":\"https:\/\/product-guide.org\/?s={search_term_string}\"},\"query-input\":{\"@type\":\"PropertyValueSpecification\",\"valueRequired\":true,\"valueName\":\"search_term_string\"}}],\"inLanguage\":\"en-GB\"},{\"@type\":\"Organization\",\"@id\":\"https:\/\/product-guide.org\/#organization\",\"name\":\"Product-Guide.org\",\"url\":\"https:\/\/product-guide.org\/\",\"logo\":{\"@type\":\"ImageObject\",\"inLanguage\":\"en-GB\",\"@id\":\"https:\/\/product-guide.org\/#\/schema\/logo\/image\/\",\"url\":\"https:\/\/product-guide.org\/wp-content\/uploads\/2022\/07\/logo_transparent_background.png\",\"contentUrl\":\"https:\/\/product-guide.org\/wp-content\/uploads\/2022\/07\/logo_transparent_background.png\",\"width\":3400,\"height\":1132,\"caption\":\"Product-Guide.org\"},\"image\":{\"@id\":\"https:\/\/product-guide.org\/#\/schema\/logo\/image\/\"}}]}<\/script>\n<!-- \/ Yoast SEO plugin. -->","yoast_head_json":{"title":"Lisa 150cm Sexpuppe sehr gro\u00dfen Br\u00fcsten und Ges\u00e4\u00df | sexpuppenfabrik.de | Product-Guide.org","description":"Lisa 150cm Sexpuppe sehr gro\u00dfen Br\u00fcsten und Ges\u00e4\u00df | sexpuppenfabrik.de gefunden von Product-Guide.org","robots":{"index":"index","follow":"follow","max-snippet":"max-snippet:-1","max-image-preview":"max-image-preview:large","max-video-preview":"max-video-preview:-1"},"canonical":"https:\/\/product-guide.org\/en\/produkt\/lisa-150cm-sexpuppe-sehr-grosen-brusten-und-gesas-sexpuppenfabrik-de\/","og_locale":"en_GB","og_type":"article","og_title":"Lisa 150cm Sexpuppe sehr gro\u00dfen Br\u00fcsten und Ges\u00e4\u00df | sexpuppenfabrik.de | Product-Guide.org","og_description":"Lisa 150cm Sexpuppe sehr gro\u00dfen Br\u00fcsten und Ges\u00e4\u00df | sexpuppenfabrik.de gefunden von Product-Guide.org","og_url":"https:\/\/product-guide.org\/en\/produkt\/lisa-150cm-sexpuppe-sehr-grosen-brusten-und-gesas-sexpuppenfabrik-de\/","og_site_name":"Product-Guide.org","twitter_card":"summary_large_image","schema":{"@context":"https:\/\/schema.org","@graph":[{"@type":"WebPage","@id":"https:\/\/product-guide.org\/produkt\/lisa-150cm-sexpuppe-sehr-grosen-brusten-und-gesas-sexpuppenfabrik-de\/","url":"https:\/\/product-guide.org\/produkt\/lisa-150cm-sexpuppe-sehr-grosen-brusten-und-gesas-sexpuppenfabrik-de\/","name":"Lisa 150cm Sexpuppe sehr gro\u00dfen Br\u00fcsten und Ges\u00e4\u00df | sexpuppenfabrik.de | Product-Guide.org","isPartOf":{"@id":"https:\/\/product-guide.org\/#website"},"primaryImageOfPage":{"@id":"https:\/\/product-guide.org\/produkt\/lisa-150cm-sexpuppe-sehr-grosen-brusten-und-gesas-sexpuppenfabrik-de\/#primaryimage"},"image":{"@id":"https:\/\/product-guide.org\/produkt\/lisa-150cm-sexpuppe-sehr-grosen-brusten-und-gesas-sexpuppenfabrik-de\/#primaryimage"},"thumbnailUrl":"https:\/\/product-guide.org\/wp-content\/uploads\/2025\/03\/lisa-1-11.jpg","datePublished":"2025-03-17T11:15:39+00:00","description":"Lisa 150cm Sexpuppe sehr gro\u00dfen Br\u00fcsten und Ges\u00e4\u00df | sexpuppenfabrik.de gefunden von Product-Guide.org","breadcrumb":{"@id":"https:\/\/product-guide.org\/produkt\/lisa-150cm-sexpuppe-sehr-grosen-brusten-und-gesas-sexpuppenfabrik-de\/#breadcrumb"},"inLanguage":"en-GB","potentialAction":[{"@type":"ReadAction","target":["https:\/\/product-guide.org\/produkt\/lisa-150cm-sexpuppe-sehr-grosen-brusten-und-gesas-sexpuppenfabrik-de\/"]}]},{"@type":"ImageObject","inLanguage":"en-GB","@id":"https:\/\/product-guide.org\/produkt\/lisa-150cm-sexpuppe-sehr-grosen-brusten-und-gesas-sexpuppenfabrik-de\/#primaryimage","url":"https:\/\/product-guide.org\/wp-content\/uploads\/2025\/03\/lisa-1-11.jpg","contentUrl":"https:\/\/product-guide.org\/wp-content\/uploads\/2025\/03\/lisa-1-11.jpg","width":829,"height":940},{"@type":"BreadcrumbList","@id":"https:\/\/product-guide.org\/produkt\/lisa-150cm-sexpuppe-sehr-grosen-brusten-und-gesas-sexpuppenfabrik-de\/#breadcrumb","itemListElement":[{"@type":"ListItem","position":1,"name":"Home","item":"https:\/\/product-guide.org\/"},{"@type":"ListItem","position":2,"name":"Ergebnisse","item":"https:\/\/product-guide.org\/de\/ergebnisse\/"},{"@type":"ListItem","position":3,"name":"Lisa 150cm Sexpuppe sehr gro\u00dfen Br\u00fcsten und Ges\u00e4\u00df | sexpuppenfabrik.de"}]},{"@type":"WebSite","@id":"https:\/\/product-guide.org\/#website","url":"https:\/\/product-guide.org\/","name":"Product-Guide.org","description":"What Product are you looking for?","publisher":{"@id":"https:\/\/product-guide.org\/#organization"},"potentialAction":[{"@type":"SearchAction","target":{"@type":"EntryPoint","urlTemplate":"https:\/\/product-guide.org\/?s={search_term_string}"},"query-input":{"@type":"PropertyValueSpecification","valueRequired":true,"valueName":"search_term_string"}}],"inLanguage":"en-GB"},{"@type":"Organization","@id":"https:\/\/product-guide.org\/#organization","name":"Product-Guide.org","url":"https:\/\/product-guide.org\/","logo":{"@type":"ImageObject","inLanguage":"en-GB","@id":"https:\/\/product-guide.org\/#\/schema\/logo\/image\/","url":"https:\/\/product-guide.org\/wp-content\/uploads\/2022\/07\/logo_transparent_background.png","contentUrl":"https:\/\/product-guide.org\/wp-content\/uploads\/2022\/07\/logo_transparent_background.png","width":3400,"height":1132,"caption":"Product-Guide.org"},"image":{"@id":"https:\/\/product-guide.org\/#\/schema\/logo\/image\/"}}]}},"_links":{"self":[{"href":"https:\/\/product-guide.org\/en\/wp-json\/wp\/v2\/product\/54609","targetHints":{"allow":["GET"]}}],"collection":[{"href":"https:\/\/product-guide.org\/en\/wp-json\/wp\/v2\/product"}],"about":[{"href":"https:\/\/product-guide.org\/en\/wp-json\/wp\/v2\/types\/product"}],"wp:featuredmedia":[{"embeddable":true,"href":"https:\/\/product-guide.org\/en\/wp-json\/wp\/v2\/media\/54608"}],"wp:attachment":[{"href":"https:\/\/product-guide.org\/en\/wp-json\/wp\/v2\/media?parent=54609"}],"wp:term":[{"taxonomy":"store","embeddable":true,"href":"https:\/\/product-guide.org\/en\/wp-json\/wp\/v2\/store?post=54609"},{"taxonomy":"product_brand","embeddable":true,"href":"https:\/\/product-guide.org\/en\/wp-json\/wp\/v2\/product_brand?post=54609"},{"taxonomy":"product_cat","embeddable":true,"href":"https:\/\/product-guide.org\/en\/wp-json\/wp\/v2\/product_cat?post=54609"},{"taxonomy":"product_tag","embeddable":true,"href":"https:\/\/product-guide.org\/en\/wp-json\/wp\/v2\/product_tag?post=54609"}],"curies":[{"name":"wp","href":"https:\/\/api.w.org\/{rel}","templated":true}]}}