{"id":54673,"date":"2025-03-17T12:16:47","date_gmt":"2025-03-17T11:16:47","guid":{"rendered":"https:\/\/product-guide.org\/produkt\/betaine-hcl-650-mg-120-kapseln-rawpowders-de\/"},"modified":"2025-03-17T12:16:47","modified_gmt":"2025-03-17T11:16:47","slug":"betaine-hcl-650-mg-120-kapseln-rawpowders-de","status":"publish","type":"product","link":"https:\/\/product-guide.org\/en\/produkt\/betaine-hcl-650-mg-120-kapseln-rawpowders-de\/","title":{"rendered":"Betaine HCL 650 mg. 120 Kapseln | rawpowders.de"},"content":{"rendered":"<p>Raw Powders bietet Betaine HCL Kapseln an! Was ist Betaine HCL? Betain ist eine nat\u00fcrlich vorkommende Aminos\u00e4ureverbindung, die auch als Trimethylglycin oder TMG bekannt ist. Betain ist ein nicht essentieller N\u00e4hrstoff, der in zahlreichen Nahrungsquellen vorkommt, darunter Zuckerr\u00fcben, Weizenkleie, Roggenkorn, Bulgurkorn, Spinat, Quinoa, brauner Reis, S\u00fc\u00dfkartoffel, Putenbrust, Rindfleisch, Kalbfleisch und einigen Meeresfr\u00fcchten wie Garnelen. Es wurde urspr\u00fcnglich in R\u00fcben entdeckt, von denen der Name Betain abgeleitet ist. Es handelt sich um eine sehr starke S\u00e4ure, die nat\u00fcrlich vom Magen produziert wird. Diese S\u00e4ure ist sowohl f\u00fcr die Verdauung als auch f\u00fcr die Immunit\u00e4t wichtig. Betainhydrochlorid (HCl) ist ein Nahrungserg\u00e4nzungsmittel, das aus einer Kombination von Betain und Salzs\u00e4ure hergestellt wird. Betain (auch Trimethylglycin genannt) kommt in bestimmten Lebensmitteln vor und ist auch ein Produkt des Cholinstoffwechsels. Warum Betaine HCL? Betainhydrochlorid wird auch zur Behandlung von ungew\u00f6hnlich niedrigen Kaliumwerten (Hypokali\u00e4mie), Heuschnupfen, Blutarmut (An\u00e4mie), Asthma, \u201eArterienverkalkung\u201c (Arteriosklerose), Hefeinfektionen, Durchfall, Nahrungsmittelallergien, Gallensteinen und inneren Ohrenentz\u00fcndungen, rheumatoide Arthritis (RA) und Schilddr\u00fcsenerkrankungen angewendet. Die Substanz wird auch zum Schutz der Leber verwendet. WARNUNG: Wenn Sie schwanger sind oder stillen, konsultieren Sie bitte einen Arzt, bevor Sie dieses Produkt anwenden. AUSSERHALB DER REICHWEITE VON KINDERN AUFBEWAHREN. An einem k\u00fchlen und trockenen Ort aufbewahren. Das Produkt nicht verwenden, wenn das Sicherheitssiegel besch\u00e4digt ist.<\/p>\n","protected":false},"excerpt":{"rendered":"<p>Raw Powders bietet Betaine HCL Kapseln an! Was ist Betaine HCL? Betain ist eine nat\u00fcrlich vorkommende Aminos\u00e4ureverbindung, die auch als Trimethylglycin oder TMG bekannt ist. Betain ist ein nicht essentieller N\u00e4hrstoff, der in zahlreichen Nahrungsquellen vorkommt, darunter Zuckerr\u00fcben, Weizenkleie, Roggenkorn, Bulgurkorn, Spinat, Quinoa, brauner Reis, S\u00fc\u00dfkartoffel, Putenbrust, Rindfleisch, Kalbfleisch und einigen Meeresfr\u00fcchten wie Garnelen. Es [&hellip;]<\/p>\n","protected":false},"featured_media":54672,"template":"","meta":{"_gspb_post_css":""},"store":[],"product_brand":[1420],"product_cat":[1290],"product_tag":[],"class_list":{"0":"post-54673","1":"product","2":"type-product","3":"status-publish","4":"has-post-thumbnail","6":"product_brand-rawpowders-de","7":"product_cat-uncategorized","9":"first","10":"instock","11":"shipping-taxable","12":"purchasable","13":"product-type-simple"},"yoast_head":"<!-- This site is optimized with the Yoast SEO plugin v24.6 - https:\/\/yoast.com\/wordpress\/plugins\/seo\/ -->\n<title>Betaine HCL 650 mg. 120 Kapseln | rawpowders.de | Product-Guide.org<\/title>\n<meta name=\"description\" content=\"Betaine HCL 650 mg. 120 Kapseln | rawpowders.de gefunden von Product-Guide.org\" \/>\n<meta name=\"robots\" content=\"index, follow, max-snippet:-1, max-image-preview:large, max-video-preview:-1\" \/>\n<link rel=\"canonical\" href=\"https:\/\/product-guide.org\/en\/produkt\/betaine-hcl-650-mg-120-kapseln-rawpowders-de\/\" \/>\n<meta property=\"og:locale\" content=\"en_GB\" \/>\n<meta property=\"og:type\" content=\"article\" \/>\n<meta property=\"og:title\" content=\"Betaine HCL 650 mg. 120 Kapseln | rawpowders.de | Product-Guide.org\" \/>\n<meta property=\"og:description\" content=\"Betaine HCL 650 mg. 120 Kapseln | rawpowders.de gefunden von Product-Guide.org\" \/>\n<meta property=\"og:url\" content=\"https:\/\/product-guide.org\/en\/produkt\/betaine-hcl-650-mg-120-kapseln-rawpowders-de\/\" \/>\n<meta property=\"og:site_name\" content=\"Product-Guide.org\" \/>\n<meta name=\"twitter:card\" content=\"summary_large_image\" \/>\n<script type=\"application\/ld+json\" class=\"yoast-schema-graph\">{\"@context\":\"https:\/\/schema.org\",\"@graph\":[{\"@type\":\"WebPage\",\"@id\":\"https:\/\/product-guide.org\/produkt\/betaine-hcl-650-mg-120-kapseln-rawpowders-de\/\",\"url\":\"https:\/\/product-guide.org\/produkt\/betaine-hcl-650-mg-120-kapseln-rawpowders-de\/\",\"name\":\"Betaine HCL 650 mg. 120 Kapseln | rawpowders.de | Product-Guide.org\",\"isPartOf\":{\"@id\":\"https:\/\/product-guide.org\/#website\"},\"primaryImageOfPage\":{\"@id\":\"https:\/\/product-guide.org\/produkt\/betaine-hcl-650-mg-120-kapseln-rawpowders-de\/#primaryimage\"},\"image\":{\"@id\":\"https:\/\/product-guide.org\/produkt\/betaine-hcl-650-mg-120-kapseln-rawpowders-de\/#primaryimage\"},\"thumbnailUrl\":\"https:\/\/product-guide.org\/wp-content\/uploads\/2025\/03\/betaine_hcl_650mg_120_caps_front-1000x1000-1.png\",\"datePublished\":\"2025-03-17T11:16:47+00:00\",\"description\":\"Betaine HCL 650 mg. 120 Kapseln | rawpowders.de gefunden von Product-Guide.org\",\"breadcrumb\":{\"@id\":\"https:\/\/product-guide.org\/produkt\/betaine-hcl-650-mg-120-kapseln-rawpowders-de\/#breadcrumb\"},\"inLanguage\":\"en-GB\",\"potentialAction\":[{\"@type\":\"ReadAction\",\"target\":[\"https:\/\/product-guide.org\/produkt\/betaine-hcl-650-mg-120-kapseln-rawpowders-de\/\"]}]},{\"@type\":\"ImageObject\",\"inLanguage\":\"en-GB\",\"@id\":\"https:\/\/product-guide.org\/produkt\/betaine-hcl-650-mg-120-kapseln-rawpowders-de\/#primaryimage\",\"url\":\"https:\/\/product-guide.org\/wp-content\/uploads\/2025\/03\/betaine_hcl_650mg_120_caps_front-1000x1000-1.png\",\"contentUrl\":\"https:\/\/product-guide.org\/wp-content\/uploads\/2025\/03\/betaine_hcl_650mg_120_caps_front-1000x1000-1.png\",\"width\":1000,\"height\":1000},{\"@type\":\"BreadcrumbList\",\"@id\":\"https:\/\/product-guide.org\/produkt\/betaine-hcl-650-mg-120-kapseln-rawpowders-de\/#breadcrumb\",\"itemListElement\":[{\"@type\":\"ListItem\",\"position\":1,\"name\":\"Home\",\"item\":\"https:\/\/product-guide.org\/\"},{\"@type\":\"ListItem\",\"position\":2,\"name\":\"Ergebnisse\",\"item\":\"https:\/\/product-guide.org\/de\/ergebnisse\/\"},{\"@type\":\"ListItem\",\"position\":3,\"name\":\"Betaine HCL 650 mg. 120 Kapseln | rawpowders.de\"}]},{\"@type\":\"WebSite\",\"@id\":\"https:\/\/product-guide.org\/#website\",\"url\":\"https:\/\/product-guide.org\/\",\"name\":\"Product-Guide.org\",\"description\":\"What Product are you looking for?\",\"publisher\":{\"@id\":\"https:\/\/product-guide.org\/#organization\"},\"potentialAction\":[{\"@type\":\"SearchAction\",\"target\":{\"@type\":\"EntryPoint\",\"urlTemplate\":\"https:\/\/product-guide.org\/?s={search_term_string}\"},\"query-input\":{\"@type\":\"PropertyValueSpecification\",\"valueRequired\":true,\"valueName\":\"search_term_string\"}}],\"inLanguage\":\"en-GB\"},{\"@type\":\"Organization\",\"@id\":\"https:\/\/product-guide.org\/#organization\",\"name\":\"Product-Guide.org\",\"url\":\"https:\/\/product-guide.org\/\",\"logo\":{\"@type\":\"ImageObject\",\"inLanguage\":\"en-GB\",\"@id\":\"https:\/\/product-guide.org\/#\/schema\/logo\/image\/\",\"url\":\"https:\/\/product-guide.org\/wp-content\/uploads\/2022\/07\/logo_transparent_background.png\",\"contentUrl\":\"https:\/\/product-guide.org\/wp-content\/uploads\/2022\/07\/logo_transparent_background.png\",\"width\":3400,\"height\":1132,\"caption\":\"Product-Guide.org\"},\"image\":{\"@id\":\"https:\/\/product-guide.org\/#\/schema\/logo\/image\/\"}}]}<\/script>\n<!-- \/ Yoast SEO plugin. -->","yoast_head_json":{"title":"Betaine HCL 650 mg. 120 Kapseln | rawpowders.de | Product-Guide.org","description":"Betaine HCL 650 mg. 120 Kapseln | rawpowders.de gefunden von Product-Guide.org","robots":{"index":"index","follow":"follow","max-snippet":"max-snippet:-1","max-image-preview":"max-image-preview:large","max-video-preview":"max-video-preview:-1"},"canonical":"https:\/\/product-guide.org\/en\/produkt\/betaine-hcl-650-mg-120-kapseln-rawpowders-de\/","og_locale":"en_GB","og_type":"article","og_title":"Betaine HCL 650 mg. 120 Kapseln | rawpowders.de | Product-Guide.org","og_description":"Betaine HCL 650 mg. 120 Kapseln | rawpowders.de gefunden von Product-Guide.org","og_url":"https:\/\/product-guide.org\/en\/produkt\/betaine-hcl-650-mg-120-kapseln-rawpowders-de\/","og_site_name":"Product-Guide.org","twitter_card":"summary_large_image","schema":{"@context":"https:\/\/schema.org","@graph":[{"@type":"WebPage","@id":"https:\/\/product-guide.org\/produkt\/betaine-hcl-650-mg-120-kapseln-rawpowders-de\/","url":"https:\/\/product-guide.org\/produkt\/betaine-hcl-650-mg-120-kapseln-rawpowders-de\/","name":"Betaine HCL 650 mg. 120 Kapseln | rawpowders.de | Product-Guide.org","isPartOf":{"@id":"https:\/\/product-guide.org\/#website"},"primaryImageOfPage":{"@id":"https:\/\/product-guide.org\/produkt\/betaine-hcl-650-mg-120-kapseln-rawpowders-de\/#primaryimage"},"image":{"@id":"https:\/\/product-guide.org\/produkt\/betaine-hcl-650-mg-120-kapseln-rawpowders-de\/#primaryimage"},"thumbnailUrl":"https:\/\/product-guide.org\/wp-content\/uploads\/2025\/03\/betaine_hcl_650mg_120_caps_front-1000x1000-1.png","datePublished":"2025-03-17T11:16:47+00:00","description":"Betaine HCL 650 mg. 120 Kapseln | rawpowders.de gefunden von Product-Guide.org","breadcrumb":{"@id":"https:\/\/product-guide.org\/produkt\/betaine-hcl-650-mg-120-kapseln-rawpowders-de\/#breadcrumb"},"inLanguage":"en-GB","potentialAction":[{"@type":"ReadAction","target":["https:\/\/product-guide.org\/produkt\/betaine-hcl-650-mg-120-kapseln-rawpowders-de\/"]}]},{"@type":"ImageObject","inLanguage":"en-GB","@id":"https:\/\/product-guide.org\/produkt\/betaine-hcl-650-mg-120-kapseln-rawpowders-de\/#primaryimage","url":"https:\/\/product-guide.org\/wp-content\/uploads\/2025\/03\/betaine_hcl_650mg_120_caps_front-1000x1000-1.png","contentUrl":"https:\/\/product-guide.org\/wp-content\/uploads\/2025\/03\/betaine_hcl_650mg_120_caps_front-1000x1000-1.png","width":1000,"height":1000},{"@type":"BreadcrumbList","@id":"https:\/\/product-guide.org\/produkt\/betaine-hcl-650-mg-120-kapseln-rawpowders-de\/#breadcrumb","itemListElement":[{"@type":"ListItem","position":1,"name":"Home","item":"https:\/\/product-guide.org\/"},{"@type":"ListItem","position":2,"name":"Ergebnisse","item":"https:\/\/product-guide.org\/de\/ergebnisse\/"},{"@type":"ListItem","position":3,"name":"Betaine HCL 650 mg. 120 Kapseln | rawpowders.de"}]},{"@type":"WebSite","@id":"https:\/\/product-guide.org\/#website","url":"https:\/\/product-guide.org\/","name":"Product-Guide.org","description":"What Product are you looking for?","publisher":{"@id":"https:\/\/product-guide.org\/#organization"},"potentialAction":[{"@type":"SearchAction","target":{"@type":"EntryPoint","urlTemplate":"https:\/\/product-guide.org\/?s={search_term_string}"},"query-input":{"@type":"PropertyValueSpecification","valueRequired":true,"valueName":"search_term_string"}}],"inLanguage":"en-GB"},{"@type":"Organization","@id":"https:\/\/product-guide.org\/#organization","name":"Product-Guide.org","url":"https:\/\/product-guide.org\/","logo":{"@type":"ImageObject","inLanguage":"en-GB","@id":"https:\/\/product-guide.org\/#\/schema\/logo\/image\/","url":"https:\/\/product-guide.org\/wp-content\/uploads\/2022\/07\/logo_transparent_background.png","contentUrl":"https:\/\/product-guide.org\/wp-content\/uploads\/2022\/07\/logo_transparent_background.png","width":3400,"height":1132,"caption":"Product-Guide.org"},"image":{"@id":"https:\/\/product-guide.org\/#\/schema\/logo\/image\/"}}]}},"_links":{"self":[{"href":"https:\/\/product-guide.org\/en\/wp-json\/wp\/v2\/product\/54673","targetHints":{"allow":["GET"]}}],"collection":[{"href":"https:\/\/product-guide.org\/en\/wp-json\/wp\/v2\/product"}],"about":[{"href":"https:\/\/product-guide.org\/en\/wp-json\/wp\/v2\/types\/product"}],"wp:featuredmedia":[{"embeddable":true,"href":"https:\/\/product-guide.org\/en\/wp-json\/wp\/v2\/media\/54672"}],"wp:attachment":[{"href":"https:\/\/product-guide.org\/en\/wp-json\/wp\/v2\/media?parent=54673"}],"wp:term":[{"taxonomy":"store","embeddable":true,"href":"https:\/\/product-guide.org\/en\/wp-json\/wp\/v2\/store?post=54673"},{"taxonomy":"product_brand","embeddable":true,"href":"https:\/\/product-guide.org\/en\/wp-json\/wp\/v2\/product_brand?post=54673"},{"taxonomy":"product_cat","embeddable":true,"href":"https:\/\/product-guide.org\/en\/wp-json\/wp\/v2\/product_cat?post=54673"},{"taxonomy":"product_tag","embeddable":true,"href":"https:\/\/product-guide.org\/en\/wp-json\/wp\/v2\/product_tag?post=54673"}],"curies":[{"name":"wp","href":"https:\/\/api.w.org\/{rel}","templated":true}]}}