{"id":54675,"date":"2025-03-17T12:16:50","date_gmt":"2025-03-17T11:16:50","guid":{"rendered":"https:\/\/product-guide.org\/produkt\/kratom-borneo-red-pulver-100-gramm-rawpowders-de\/"},"modified":"2025-03-17T12:16:50","modified_gmt":"2025-03-17T11:16:50","slug":"kratom-borneo-red-pulver-100-gramm-rawpowders-de","status":"publish","type":"product","link":"https:\/\/product-guide.org\/en\/produkt\/kratom-borneo-red-pulver-100-gramm-rawpowders-de\/","title":{"rendered":"Kratom Borneo Red Pulver 100 Gramm | rawpowders.de"},"content":{"rendered":"<p>Raw Powders bietet reines Kratom Borneo Red Pulver! Was ist Kratom Borneo Red? Das Kratom Borneo Red Erg\u00e4nzungsmittel wird aus dem Mitragyna Speciosa Baum gewonnen, der der Familie der Kaffee-Gew\u00e4chse zugeh\u00f6rig ist und seit Generationen f\u00fcr seine heilenden Eigenschaften gesch\u00e4tzt und benutzt wird. Es tr\u00e4gt den Namen Borneo, weil diese Sorte das erste Mal auf der s\u00fcdostasiatischen Insel aufgetaucht ist. Borneo Red unterscheidet sich von anderen Sorten, weil es weniger Energie bereitstellt, aber daf\u00fcr zahlreiche andere Vorteile mit sich bringt. Wie bei jeder anderen Kratom-Sorte warnen Studien vor Risiken, obwohl es wie viele andere Erg\u00e4nzungsmittel in westlichen L\u00e4ndern enorm an Beliebtheit gewonnen hat.Warum Kratom Borneo Red? Die ausgewachsenen Bl\u00e4tter von Kratom Borneo Red sind voll von Alkaloiden, weshalb die meisten Konsumenten diese Sorte als die beste L\u00f6sung f\u00fcr Probleme im Bereich Schmerz und Angstst\u00f6rungen betrachten. Neuesten Erkenntnissen zufolge hilft Borneo Red bei der Entspannung und schafft Abhilfe bei verschiedenen Beschwerden von Kopf und K\u00f6rper wie Ersch\u00f6pfung, angst-bezogenen Problemen und anderen. Zus\u00e4tzlich zu bereits genannten Vorteilen wirkt sich Kratom Borneo Red auch positiv auf die Laune aus.WARNUNG:Wenn Sie schwanger sind oder stillen, konsultieren Sie vor der Verwendung dieses Produkts einen Arzt. AU\u00dfER REICHWEITE VON KINDERN AUFBEWAHREN. Die empfohlene Einnahme darf nicht \u00fcberschritten werden. Nicht innerhalb von 4 Stunden am selben Tag erneut einnehmen. Nicht mit Alkohol oder Beruhigungsmitteln mischen. Personen, die Monoamin-Oxi-Dase-Hemmer einnehmen, sollten sich vor der Einnahme dieses Produkts mit ihrem Arzt beraten. Bei \u00fcberm\u00e4\u00dfiger Anwendung besteht die Gefahr von Entzugserscheinungen. Die t\u00e4gliche Anwendung kann zu Toleranz f\u00fchren. Nehmen Sie die empfohlene Tagesdosis bis zu zweimal pro Woche ein oder wechseln Sie die Einnahme mit langen Unterbrechungen ab. An einem k\u00fchlen, trockenen Ort aufbewahren. Verwenden Sie dieses Produkt nicht, wenn das Sicherheitssiegel auf der Flasche besch\u00e4digt ist.<\/p>\n","protected":false},"excerpt":{"rendered":"<p>Raw Powders bietet reines Kratom Borneo Red Pulver! Was ist Kratom Borneo Red? Das Kratom Borneo Red Erg\u00e4nzungsmittel wird aus dem Mitragyna Speciosa Baum gewonnen, der der Familie der Kaffee-Gew\u00e4chse zugeh\u00f6rig ist und seit Generationen f\u00fcr seine heilenden Eigenschaften gesch\u00e4tzt und benutzt wird. Es tr\u00e4gt den Namen Borneo, weil diese Sorte das erste Mal auf [&hellip;]<\/p>\n","protected":false},"featured_media":54674,"template":"","meta":{"_gspb_post_css":""},"store":[],"product_brand":[1420],"product_cat":[1290],"product_tag":[],"class_list":{"0":"post-54675","1":"product","2":"type-product","3":"status-publish","4":"has-post-thumbnail","6":"product_brand-rawpowders-de","7":"product_cat-uncategorized","9":"first","10":"instock","11":"shipping-taxable","12":"purchasable","13":"product-type-simple"},"yoast_head":"<!-- This site is optimized with the Yoast SEO plugin v24.6 - https:\/\/yoast.com\/wordpress\/plugins\/seo\/ -->\n<title>Kratom Borneo Red Pulver 100 Gramm | rawpowders.de | Product-Guide.org<\/title>\n<meta name=\"description\" content=\"Kratom Borneo Red Pulver 100 Gramm | rawpowders.de gefunden von Product-Guide.org\" \/>\n<meta name=\"robots\" content=\"index, follow, max-snippet:-1, max-image-preview:large, max-video-preview:-1\" \/>\n<link rel=\"canonical\" href=\"https:\/\/product-guide.org\/en\/produkt\/kratom-borneo-red-pulver-100-gramm-rawpowders-de\/\" \/>\n<meta property=\"og:locale\" content=\"en_GB\" \/>\n<meta property=\"og:type\" content=\"article\" \/>\n<meta property=\"og:title\" content=\"Kratom Borneo Red Pulver 100 Gramm | rawpowders.de | Product-Guide.org\" \/>\n<meta property=\"og:description\" content=\"Kratom Borneo Red Pulver 100 Gramm | rawpowders.de gefunden von Product-Guide.org\" \/>\n<meta property=\"og:url\" content=\"https:\/\/product-guide.org\/en\/produkt\/kratom-borneo-red-pulver-100-gramm-rawpowders-de\/\" \/>\n<meta property=\"og:site_name\" content=\"Product-Guide.org\" \/>\n<meta name=\"twitter:card\" content=\"summary_large_image\" \/>\n<script type=\"application\/ld+json\" class=\"yoast-schema-graph\">{\"@context\":\"https:\/\/schema.org\",\"@graph\":[{\"@type\":\"WebPage\",\"@id\":\"https:\/\/product-guide.org\/produkt\/kratom-borneo-red-pulver-100-gramm-rawpowders-de\/\",\"url\":\"https:\/\/product-guide.org\/produkt\/kratom-borneo-red-pulver-100-gramm-rawpowders-de\/\",\"name\":\"Kratom Borneo Red Pulver 100 Gramm | rawpowders.de | Product-Guide.org\",\"isPartOf\":{\"@id\":\"https:\/\/product-guide.org\/#website\"},\"primaryImageOfPage\":{\"@id\":\"https:\/\/product-guide.org\/produkt\/kratom-borneo-red-pulver-100-gramm-rawpowders-de\/#primaryimage\"},\"image\":{\"@id\":\"https:\/\/product-guide.org\/produkt\/kratom-borneo-red-pulver-100-gramm-rawpowders-de\/#primaryimage\"},\"thumbnailUrl\":\"https:\/\/product-guide.org\/wp-content\/uploads\/2025\/03\/Kratom20Borneo20Red20100g20front-1000x1000-1.png\",\"datePublished\":\"2025-03-17T11:16:50+00:00\",\"description\":\"Kratom Borneo Red Pulver 100 Gramm | rawpowders.de gefunden von Product-Guide.org\",\"breadcrumb\":{\"@id\":\"https:\/\/product-guide.org\/produkt\/kratom-borneo-red-pulver-100-gramm-rawpowders-de\/#breadcrumb\"},\"inLanguage\":\"en-GB\",\"potentialAction\":[{\"@type\":\"ReadAction\",\"target\":[\"https:\/\/product-guide.org\/produkt\/kratom-borneo-red-pulver-100-gramm-rawpowders-de\/\"]}]},{\"@type\":\"ImageObject\",\"inLanguage\":\"en-GB\",\"@id\":\"https:\/\/product-guide.org\/produkt\/kratom-borneo-red-pulver-100-gramm-rawpowders-de\/#primaryimage\",\"url\":\"https:\/\/product-guide.org\/wp-content\/uploads\/2025\/03\/Kratom20Borneo20Red20100g20front-1000x1000-1.png\",\"contentUrl\":\"https:\/\/product-guide.org\/wp-content\/uploads\/2025\/03\/Kratom20Borneo20Red20100g20front-1000x1000-1.png\",\"width\":1000,\"height\":1000},{\"@type\":\"BreadcrumbList\",\"@id\":\"https:\/\/product-guide.org\/produkt\/kratom-borneo-red-pulver-100-gramm-rawpowders-de\/#breadcrumb\",\"itemListElement\":[{\"@type\":\"ListItem\",\"position\":1,\"name\":\"Home\",\"item\":\"https:\/\/product-guide.org\/\"},{\"@type\":\"ListItem\",\"position\":2,\"name\":\"Ergebnisse\",\"item\":\"https:\/\/product-guide.org\/de\/ergebnisse\/\"},{\"@type\":\"ListItem\",\"position\":3,\"name\":\"Kratom Borneo Red Pulver 100 Gramm | rawpowders.de\"}]},{\"@type\":\"WebSite\",\"@id\":\"https:\/\/product-guide.org\/#website\",\"url\":\"https:\/\/product-guide.org\/\",\"name\":\"Product-Guide.org\",\"description\":\"What Product are you looking for?\",\"publisher\":{\"@id\":\"https:\/\/product-guide.org\/#organization\"},\"potentialAction\":[{\"@type\":\"SearchAction\",\"target\":{\"@type\":\"EntryPoint\",\"urlTemplate\":\"https:\/\/product-guide.org\/?s={search_term_string}\"},\"query-input\":{\"@type\":\"PropertyValueSpecification\",\"valueRequired\":true,\"valueName\":\"search_term_string\"}}],\"inLanguage\":\"en-GB\"},{\"@type\":\"Organization\",\"@id\":\"https:\/\/product-guide.org\/#organization\",\"name\":\"Product-Guide.org\",\"url\":\"https:\/\/product-guide.org\/\",\"logo\":{\"@type\":\"ImageObject\",\"inLanguage\":\"en-GB\",\"@id\":\"https:\/\/product-guide.org\/#\/schema\/logo\/image\/\",\"url\":\"https:\/\/product-guide.org\/wp-content\/uploads\/2022\/07\/logo_transparent_background.png\",\"contentUrl\":\"https:\/\/product-guide.org\/wp-content\/uploads\/2022\/07\/logo_transparent_background.png\",\"width\":3400,\"height\":1132,\"caption\":\"Product-Guide.org\"},\"image\":{\"@id\":\"https:\/\/product-guide.org\/#\/schema\/logo\/image\/\"}}]}<\/script>\n<!-- \/ Yoast SEO plugin. -->","yoast_head_json":{"title":"Kratom Borneo Red Pulver 100 Gramm | rawpowders.de | Product-Guide.org","description":"Kratom Borneo Red Pulver 100 Gramm | rawpowders.de gefunden von Product-Guide.org","robots":{"index":"index","follow":"follow","max-snippet":"max-snippet:-1","max-image-preview":"max-image-preview:large","max-video-preview":"max-video-preview:-1"},"canonical":"https:\/\/product-guide.org\/en\/produkt\/kratom-borneo-red-pulver-100-gramm-rawpowders-de\/","og_locale":"en_GB","og_type":"article","og_title":"Kratom Borneo Red Pulver 100 Gramm | rawpowders.de | Product-Guide.org","og_description":"Kratom Borneo Red Pulver 100 Gramm | rawpowders.de gefunden von Product-Guide.org","og_url":"https:\/\/product-guide.org\/en\/produkt\/kratom-borneo-red-pulver-100-gramm-rawpowders-de\/","og_site_name":"Product-Guide.org","twitter_card":"summary_large_image","schema":{"@context":"https:\/\/schema.org","@graph":[{"@type":"WebPage","@id":"https:\/\/product-guide.org\/produkt\/kratom-borneo-red-pulver-100-gramm-rawpowders-de\/","url":"https:\/\/product-guide.org\/produkt\/kratom-borneo-red-pulver-100-gramm-rawpowders-de\/","name":"Kratom Borneo Red Pulver 100 Gramm | rawpowders.de | Product-Guide.org","isPartOf":{"@id":"https:\/\/product-guide.org\/#website"},"primaryImageOfPage":{"@id":"https:\/\/product-guide.org\/produkt\/kratom-borneo-red-pulver-100-gramm-rawpowders-de\/#primaryimage"},"image":{"@id":"https:\/\/product-guide.org\/produkt\/kratom-borneo-red-pulver-100-gramm-rawpowders-de\/#primaryimage"},"thumbnailUrl":"https:\/\/product-guide.org\/wp-content\/uploads\/2025\/03\/Kratom20Borneo20Red20100g20front-1000x1000-1.png","datePublished":"2025-03-17T11:16:50+00:00","description":"Kratom Borneo Red Pulver 100 Gramm | rawpowders.de gefunden von Product-Guide.org","breadcrumb":{"@id":"https:\/\/product-guide.org\/produkt\/kratom-borneo-red-pulver-100-gramm-rawpowders-de\/#breadcrumb"},"inLanguage":"en-GB","potentialAction":[{"@type":"ReadAction","target":["https:\/\/product-guide.org\/produkt\/kratom-borneo-red-pulver-100-gramm-rawpowders-de\/"]}]},{"@type":"ImageObject","inLanguage":"en-GB","@id":"https:\/\/product-guide.org\/produkt\/kratom-borneo-red-pulver-100-gramm-rawpowders-de\/#primaryimage","url":"https:\/\/product-guide.org\/wp-content\/uploads\/2025\/03\/Kratom20Borneo20Red20100g20front-1000x1000-1.png","contentUrl":"https:\/\/product-guide.org\/wp-content\/uploads\/2025\/03\/Kratom20Borneo20Red20100g20front-1000x1000-1.png","width":1000,"height":1000},{"@type":"BreadcrumbList","@id":"https:\/\/product-guide.org\/produkt\/kratom-borneo-red-pulver-100-gramm-rawpowders-de\/#breadcrumb","itemListElement":[{"@type":"ListItem","position":1,"name":"Home","item":"https:\/\/product-guide.org\/"},{"@type":"ListItem","position":2,"name":"Ergebnisse","item":"https:\/\/product-guide.org\/de\/ergebnisse\/"},{"@type":"ListItem","position":3,"name":"Kratom Borneo Red Pulver 100 Gramm | rawpowders.de"}]},{"@type":"WebSite","@id":"https:\/\/product-guide.org\/#website","url":"https:\/\/product-guide.org\/","name":"Product-Guide.org","description":"What Product are you looking for?","publisher":{"@id":"https:\/\/product-guide.org\/#organization"},"potentialAction":[{"@type":"SearchAction","target":{"@type":"EntryPoint","urlTemplate":"https:\/\/product-guide.org\/?s={search_term_string}"},"query-input":{"@type":"PropertyValueSpecification","valueRequired":true,"valueName":"search_term_string"}}],"inLanguage":"en-GB"},{"@type":"Organization","@id":"https:\/\/product-guide.org\/#organization","name":"Product-Guide.org","url":"https:\/\/product-guide.org\/","logo":{"@type":"ImageObject","inLanguage":"en-GB","@id":"https:\/\/product-guide.org\/#\/schema\/logo\/image\/","url":"https:\/\/product-guide.org\/wp-content\/uploads\/2022\/07\/logo_transparent_background.png","contentUrl":"https:\/\/product-guide.org\/wp-content\/uploads\/2022\/07\/logo_transparent_background.png","width":3400,"height":1132,"caption":"Product-Guide.org"},"image":{"@id":"https:\/\/product-guide.org\/#\/schema\/logo\/image\/"}}]}},"_links":{"self":[{"href":"https:\/\/product-guide.org\/en\/wp-json\/wp\/v2\/product\/54675","targetHints":{"allow":["GET"]}}],"collection":[{"href":"https:\/\/product-guide.org\/en\/wp-json\/wp\/v2\/product"}],"about":[{"href":"https:\/\/product-guide.org\/en\/wp-json\/wp\/v2\/types\/product"}],"wp:featuredmedia":[{"embeddable":true,"href":"https:\/\/product-guide.org\/en\/wp-json\/wp\/v2\/media\/54674"}],"wp:attachment":[{"href":"https:\/\/product-guide.org\/en\/wp-json\/wp\/v2\/media?parent=54675"}],"wp:term":[{"taxonomy":"store","embeddable":true,"href":"https:\/\/product-guide.org\/en\/wp-json\/wp\/v2\/store?post=54675"},{"taxonomy":"product_brand","embeddable":true,"href":"https:\/\/product-guide.org\/en\/wp-json\/wp\/v2\/product_brand?post=54675"},{"taxonomy":"product_cat","embeddable":true,"href":"https:\/\/product-guide.org\/en\/wp-json\/wp\/v2\/product_cat?post=54675"},{"taxonomy":"product_tag","embeddable":true,"href":"https:\/\/product-guide.org\/en\/wp-json\/wp\/v2\/product_tag?post=54675"}],"curies":[{"name":"wp","href":"https:\/\/api.w.org\/{rel}","templated":true}]}}