{"id":54697,"date":"2025-03-17T12:17:29","date_gmt":"2025-03-17T11:17:29","guid":{"rendered":"https:\/\/product-guide.org\/produkt\/go-powders-gaba-500-mg-100-kapseln-rawpowders-de\/"},"modified":"2025-03-17T12:17:30","modified_gmt":"2025-03-17T11:17:30","slug":"go-powders-gaba-500-mg-100-kapseln-rawpowders-de","status":"publish","type":"product","link":"https:\/\/product-guide.org\/en\/produkt\/go-powders-gaba-500-mg-100-kapseln-rawpowders-de\/","title":{"rendered":"Go Powders Gaba 500 mg. 100 KAPSELN | rawpowders.de"},"content":{"rendered":"<p>RAW POWDERS BIETET REINE GABA-KAPSELN!WAS IST GABA?GABA (Gamma-Aminobutters\u00e4ure) ist ein wichtiger Neurotransmitter im Gehirn, der f\u00fcr die Herbeif\u00fchrung eines entspannteren Geisteszustands verantwortlich ist. Es funktioniert durch Umkehren der Stressreaktion \u201eKampf oder Flucht\u201c. Wenn wir gestresst sind, stimulieren Neurotransmitter die elektrische Aktivit\u00e4t im Gehirn, wodurch wir uns wach und aufgeregt f\u00fchlen. Dies wird als Kampf- oder Fluchtreaktion bezeichnet, da es uns hilft, die Ursache von Stress direkt anzugehen (z. B. einem hungrigen Tier gegen\u00fcberzutreten) oder zu fliehen, um uns in Sicherheit zu bringen. Sobald die Ursache von Stress beseitigt ist, verst\u00e4rken Verbindungen wie GABA die Ver\u00e4nderungen und bringen den K\u00f6rper in einen normalen, entspannteren Zustand zur\u00fcck.WARUM GABA?Der K\u00f6rper produziert auf nat\u00fcrliche Weise GABA, um Stress und Angstzust\u00e4nde umzukehren. Viele Menschen leiden heute jedoch unter anhaltendem Stress. In einer solchen Situation erh\u00e4lt der K\u00f6rper nie die M\u00f6glichkeit, die Stressreaktion abzuschalten. Zus\u00e4tzliches GABA wird verwendet, um den K\u00f6rper in diesen entspannteren Zustand zu bringen. Um einen optimalen Nutzen zu erzielen, kombinieren Sie GABA-Pr\u00e4parate mit anderen \u00c4nderungen der Ern\u00e4hrung und des Lebensstils. Schwieriger ist es, sich auf die Ursachen von Stress zu konzentrieren. Verbringen Sie Zeit mit Atem\u00fcbungen oder Meditation und stellen Sie sicher, dass Sie jede Nacht zwischen 8 und 9 Stunden Schlaf bekommen. Wenn wir gestresst sind, lenken Hormone wie Cortisol Energie von Prozessen ab, die nicht unmittelbar notwendig sind, um mit der Stresssituation fertig zu werden &#8211; wie die Funktion der Verdauung und der wei\u00dfen Blutk\u00f6rperchen. Durch die Umkehrung der Stressreaktion f\u00f6rdert GABA indirekt die Verdauungsfunktion, die Abwehrkr\u00e4fte des Organismus und viele andere Funktionen mehr.WARNUNG:Wenn Sie schwanger sind oder stillen, konsultieren Sie vor der Verwendung dieses Produkts einen Arzt. AU\u00dfER REICHWEITE VON KINDERN AUFBEWAHREN. Die empfohlene Einnahme darf nicht \u00fcberschritten werden. Nicht innerhalb von 4 Stunden am selben Tag erneut einnehmen. Nicht mit Alkohol oder Beruhigungsmitteln mischen. Personen, die Monoamin-Oxi-Dase-Hemmer einnehmen, sollten sich vor der Einnahme dieses Produkts mit ihrem Arzt beraten. Bei \u00fcberm\u00e4\u00dfiger Anwendung besteht die Gefahr von Entzugserscheinungen. Die t\u00e4gliche Anwendung kann zu Toleranz f\u00fchren. Nehmen Sie die empfohlene Tagesdosis bis zu zweimal pro Woche ein oder wechseln Sie die Einnahme mit langen Unterbrechungen ab. An einem k\u00fchlen, trockenen Ort aufbewahren. Verwenden Sie dieses Produkt nicht, wenn das Sicherheitssiegel auf der Flasche besch\u00e4digt ist.<\/p>\n","protected":false},"excerpt":{"rendered":"<p>RAW POWDERS BIETET REINE GABA-KAPSELN!WAS IST GABA?GABA (Gamma-Aminobutters\u00e4ure) ist ein wichtiger Neurotransmitter im Gehirn, der f\u00fcr die Herbeif\u00fchrung eines entspannteren Geisteszustands verantwortlich ist. Es funktioniert durch Umkehren der Stressreaktion \u201eKampf oder Flucht\u201c. Wenn wir gestresst sind, stimulieren Neurotransmitter die elektrische Aktivit\u00e4t im Gehirn, wodurch wir uns wach und aufgeregt f\u00fchlen. Dies wird als Kampf- oder [&hellip;]<\/p>\n","protected":false},"featured_media":54696,"template":"","meta":{"_gspb_post_css":""},"store":[],"product_brand":[1420],"product_cat":[1290],"product_tag":[],"class_list":{"0":"post-54697","1":"product","2":"type-product","3":"status-publish","4":"has-post-thumbnail","6":"product_brand-rawpowders-de","7":"product_cat-uncategorized","9":"first","10":"instock","11":"shipping-taxable","12":"purchasable","13":"product-type-simple"},"yoast_head":"<!-- This site is optimized with the Yoast SEO plugin v24.6 - https:\/\/yoast.com\/wordpress\/plugins\/seo\/ -->\n<title>Go Powders Gaba 500 mg. 100 KAPSELN | rawpowders.de | Product-Guide.org<\/title>\n<meta name=\"description\" content=\"Go Powders Gaba 500 mg. 100 KAPSELN | rawpowders.de gefunden von Product-Guide.org\" \/>\n<meta name=\"robots\" content=\"index, follow, max-snippet:-1, max-image-preview:large, max-video-preview:-1\" \/>\n<link rel=\"canonical\" href=\"https:\/\/product-guide.org\/en\/produkt\/go-powders-gaba-500-mg-100-kapseln-rawpowders-de\/\" \/>\n<meta property=\"og:locale\" content=\"en_GB\" \/>\n<meta property=\"og:type\" content=\"article\" \/>\n<meta property=\"og:title\" content=\"Go Powders Gaba 500 mg. 100 KAPSELN | rawpowders.de | Product-Guide.org\" \/>\n<meta property=\"og:description\" content=\"Go Powders Gaba 500 mg. 100 KAPSELN | rawpowders.de gefunden von Product-Guide.org\" \/>\n<meta property=\"og:url\" content=\"https:\/\/product-guide.org\/en\/produkt\/go-powders-gaba-500-mg-100-kapseln-rawpowders-de\/\" \/>\n<meta property=\"og:site_name\" content=\"Product-Guide.org\" \/>\n<meta property=\"article:modified_time\" content=\"2025-03-17T11:17:30+00:00\" \/>\n<meta name=\"twitter:card\" content=\"summary_large_image\" \/>\n<script type=\"application\/ld+json\" class=\"yoast-schema-graph\">{\"@context\":\"https:\/\/schema.org\",\"@graph\":[{\"@type\":\"WebPage\",\"@id\":\"https:\/\/product-guide.org\/produkt\/go-powders-gaba-500-mg-100-kapseln-rawpowders-de\/\",\"url\":\"https:\/\/product-guide.org\/produkt\/go-powders-gaba-500-mg-100-kapseln-rawpowders-de\/\",\"name\":\"Go Powders Gaba 500 mg. 100 KAPSELN | rawpowders.de | Product-Guide.org\",\"isPartOf\":{\"@id\":\"https:\/\/product-guide.org\/#website\"},\"primaryImageOfPage\":{\"@id\":\"https:\/\/product-guide.org\/produkt\/go-powders-gaba-500-mg-100-kapseln-rawpowders-de\/#primaryimage\"},\"image\":{\"@id\":\"https:\/\/product-guide.org\/produkt\/go-powders-gaba-500-mg-100-kapseln-rawpowders-de\/#primaryimage\"},\"thumbnailUrl\":\"https:\/\/product-guide.org\/wp-content\/uploads\/2025\/03\/gaba-en-bottle-front_new-1000x1000-1.png\",\"datePublished\":\"2025-03-17T11:17:29+00:00\",\"dateModified\":\"2025-03-17T11:17:30+00:00\",\"description\":\"Go Powders Gaba 500 mg. 100 KAPSELN | rawpowders.de gefunden von Product-Guide.org\",\"breadcrumb\":{\"@id\":\"https:\/\/product-guide.org\/produkt\/go-powders-gaba-500-mg-100-kapseln-rawpowders-de\/#breadcrumb\"},\"inLanguage\":\"en-GB\",\"potentialAction\":[{\"@type\":\"ReadAction\",\"target\":[\"https:\/\/product-guide.org\/produkt\/go-powders-gaba-500-mg-100-kapseln-rawpowders-de\/\"]}]},{\"@type\":\"ImageObject\",\"inLanguage\":\"en-GB\",\"@id\":\"https:\/\/product-guide.org\/produkt\/go-powders-gaba-500-mg-100-kapseln-rawpowders-de\/#primaryimage\",\"url\":\"https:\/\/product-guide.org\/wp-content\/uploads\/2025\/03\/gaba-en-bottle-front_new-1000x1000-1.png\",\"contentUrl\":\"https:\/\/product-guide.org\/wp-content\/uploads\/2025\/03\/gaba-en-bottle-front_new-1000x1000-1.png\",\"width\":1000,\"height\":1000},{\"@type\":\"BreadcrumbList\",\"@id\":\"https:\/\/product-guide.org\/produkt\/go-powders-gaba-500-mg-100-kapseln-rawpowders-de\/#breadcrumb\",\"itemListElement\":[{\"@type\":\"ListItem\",\"position\":1,\"name\":\"Home\",\"item\":\"https:\/\/product-guide.org\/\"},{\"@type\":\"ListItem\",\"position\":2,\"name\":\"Ergebnisse\",\"item\":\"https:\/\/product-guide.org\/de\/ergebnisse\/\"},{\"@type\":\"ListItem\",\"position\":3,\"name\":\"Go Powders Gaba 500 mg. 100 KAPSELN | rawpowders.de\"}]},{\"@type\":\"WebSite\",\"@id\":\"https:\/\/product-guide.org\/#website\",\"url\":\"https:\/\/product-guide.org\/\",\"name\":\"Product-Guide.org\",\"description\":\"What Product are you looking for?\",\"publisher\":{\"@id\":\"https:\/\/product-guide.org\/#organization\"},\"potentialAction\":[{\"@type\":\"SearchAction\",\"target\":{\"@type\":\"EntryPoint\",\"urlTemplate\":\"https:\/\/product-guide.org\/?s={search_term_string}\"},\"query-input\":{\"@type\":\"PropertyValueSpecification\",\"valueRequired\":true,\"valueName\":\"search_term_string\"}}],\"inLanguage\":\"en-GB\"},{\"@type\":\"Organization\",\"@id\":\"https:\/\/product-guide.org\/#organization\",\"name\":\"Product-Guide.org\",\"url\":\"https:\/\/product-guide.org\/\",\"logo\":{\"@type\":\"ImageObject\",\"inLanguage\":\"en-GB\",\"@id\":\"https:\/\/product-guide.org\/#\/schema\/logo\/image\/\",\"url\":\"https:\/\/product-guide.org\/wp-content\/uploads\/2022\/07\/logo_transparent_background.png\",\"contentUrl\":\"https:\/\/product-guide.org\/wp-content\/uploads\/2022\/07\/logo_transparent_background.png\",\"width\":3400,\"height\":1132,\"caption\":\"Product-Guide.org\"},\"image\":{\"@id\":\"https:\/\/product-guide.org\/#\/schema\/logo\/image\/\"}}]}<\/script>\n<!-- \/ Yoast SEO plugin. -->","yoast_head_json":{"title":"Go Powders Gaba 500 mg. 100 KAPSELN | rawpowders.de | Product-Guide.org","description":"Go Powders Gaba 500 mg. 100 KAPSELN | rawpowders.de gefunden von Product-Guide.org","robots":{"index":"index","follow":"follow","max-snippet":"max-snippet:-1","max-image-preview":"max-image-preview:large","max-video-preview":"max-video-preview:-1"},"canonical":"https:\/\/product-guide.org\/en\/produkt\/go-powders-gaba-500-mg-100-kapseln-rawpowders-de\/","og_locale":"en_GB","og_type":"article","og_title":"Go Powders Gaba 500 mg. 100 KAPSELN | rawpowders.de | Product-Guide.org","og_description":"Go Powders Gaba 500 mg. 100 KAPSELN | rawpowders.de gefunden von Product-Guide.org","og_url":"https:\/\/product-guide.org\/en\/produkt\/go-powders-gaba-500-mg-100-kapseln-rawpowders-de\/","og_site_name":"Product-Guide.org","article_modified_time":"2025-03-17T11:17:30+00:00","twitter_card":"summary_large_image","schema":{"@context":"https:\/\/schema.org","@graph":[{"@type":"WebPage","@id":"https:\/\/product-guide.org\/produkt\/go-powders-gaba-500-mg-100-kapseln-rawpowders-de\/","url":"https:\/\/product-guide.org\/produkt\/go-powders-gaba-500-mg-100-kapseln-rawpowders-de\/","name":"Go Powders Gaba 500 mg. 100 KAPSELN | rawpowders.de | Product-Guide.org","isPartOf":{"@id":"https:\/\/product-guide.org\/#website"},"primaryImageOfPage":{"@id":"https:\/\/product-guide.org\/produkt\/go-powders-gaba-500-mg-100-kapseln-rawpowders-de\/#primaryimage"},"image":{"@id":"https:\/\/product-guide.org\/produkt\/go-powders-gaba-500-mg-100-kapseln-rawpowders-de\/#primaryimage"},"thumbnailUrl":"https:\/\/product-guide.org\/wp-content\/uploads\/2025\/03\/gaba-en-bottle-front_new-1000x1000-1.png","datePublished":"2025-03-17T11:17:29+00:00","dateModified":"2025-03-17T11:17:30+00:00","description":"Go Powders Gaba 500 mg. 100 KAPSELN | rawpowders.de gefunden von Product-Guide.org","breadcrumb":{"@id":"https:\/\/product-guide.org\/produkt\/go-powders-gaba-500-mg-100-kapseln-rawpowders-de\/#breadcrumb"},"inLanguage":"en-GB","potentialAction":[{"@type":"ReadAction","target":["https:\/\/product-guide.org\/produkt\/go-powders-gaba-500-mg-100-kapseln-rawpowders-de\/"]}]},{"@type":"ImageObject","inLanguage":"en-GB","@id":"https:\/\/product-guide.org\/produkt\/go-powders-gaba-500-mg-100-kapseln-rawpowders-de\/#primaryimage","url":"https:\/\/product-guide.org\/wp-content\/uploads\/2025\/03\/gaba-en-bottle-front_new-1000x1000-1.png","contentUrl":"https:\/\/product-guide.org\/wp-content\/uploads\/2025\/03\/gaba-en-bottle-front_new-1000x1000-1.png","width":1000,"height":1000},{"@type":"BreadcrumbList","@id":"https:\/\/product-guide.org\/produkt\/go-powders-gaba-500-mg-100-kapseln-rawpowders-de\/#breadcrumb","itemListElement":[{"@type":"ListItem","position":1,"name":"Home","item":"https:\/\/product-guide.org\/"},{"@type":"ListItem","position":2,"name":"Ergebnisse","item":"https:\/\/product-guide.org\/de\/ergebnisse\/"},{"@type":"ListItem","position":3,"name":"Go Powders Gaba 500 mg. 100 KAPSELN | rawpowders.de"}]},{"@type":"WebSite","@id":"https:\/\/product-guide.org\/#website","url":"https:\/\/product-guide.org\/","name":"Product-Guide.org","description":"What Product are you looking for?","publisher":{"@id":"https:\/\/product-guide.org\/#organization"},"potentialAction":[{"@type":"SearchAction","target":{"@type":"EntryPoint","urlTemplate":"https:\/\/product-guide.org\/?s={search_term_string}"},"query-input":{"@type":"PropertyValueSpecification","valueRequired":true,"valueName":"search_term_string"}}],"inLanguage":"en-GB"},{"@type":"Organization","@id":"https:\/\/product-guide.org\/#organization","name":"Product-Guide.org","url":"https:\/\/product-guide.org\/","logo":{"@type":"ImageObject","inLanguage":"en-GB","@id":"https:\/\/product-guide.org\/#\/schema\/logo\/image\/","url":"https:\/\/product-guide.org\/wp-content\/uploads\/2022\/07\/logo_transparent_background.png","contentUrl":"https:\/\/product-guide.org\/wp-content\/uploads\/2022\/07\/logo_transparent_background.png","width":3400,"height":1132,"caption":"Product-Guide.org"},"image":{"@id":"https:\/\/product-guide.org\/#\/schema\/logo\/image\/"}}]}},"_links":{"self":[{"href":"https:\/\/product-guide.org\/en\/wp-json\/wp\/v2\/product\/54697","targetHints":{"allow":["GET"]}}],"collection":[{"href":"https:\/\/product-guide.org\/en\/wp-json\/wp\/v2\/product"}],"about":[{"href":"https:\/\/product-guide.org\/en\/wp-json\/wp\/v2\/types\/product"}],"wp:featuredmedia":[{"embeddable":true,"href":"https:\/\/product-guide.org\/en\/wp-json\/wp\/v2\/media\/54696"}],"wp:attachment":[{"href":"https:\/\/product-guide.org\/en\/wp-json\/wp\/v2\/media?parent=54697"}],"wp:term":[{"taxonomy":"store","embeddable":true,"href":"https:\/\/product-guide.org\/en\/wp-json\/wp\/v2\/store?post=54697"},{"taxonomy":"product_brand","embeddable":true,"href":"https:\/\/product-guide.org\/en\/wp-json\/wp\/v2\/product_brand?post=54697"},{"taxonomy":"product_cat","embeddable":true,"href":"https:\/\/product-guide.org\/en\/wp-json\/wp\/v2\/product_cat?post=54697"},{"taxonomy":"product_tag","embeddable":true,"href":"https:\/\/product-guide.org\/en\/wp-json\/wp\/v2\/product_tag?post=54697"}],"curies":[{"name":"wp","href":"https:\/\/api.w.org\/{rel}","templated":true}]}}