{"id":54699,"date":"2025-03-17T12:17:33","date_gmt":"2025-03-17T11:17:33","guid":{"rendered":"https:\/\/product-guide.org\/produkt\/ginkgo-biloba-3000mg-korean-ginseng-1000mg-90-kapseln-rawpowders-de\/"},"modified":"2025-03-17T12:17:33","modified_gmt":"2025-03-17T11:17:33","slug":"ginkgo-biloba-3000mg-korean-ginseng-1000mg-90-kapseln-rawpowders-de","status":"publish","type":"product","link":"https:\/\/product-guide.org\/en\/produkt\/ginkgo-biloba-3000mg-korean-ginseng-1000mg-90-kapseln-rawpowders-de\/","title":{"rendered":"Ginkgo Biloba 3000mg &#038; Korean Ginseng 1000mg 90 Kapseln | rawpowders.de"},"content":{"rendered":"<p>Ginkgo Biloba 3000mg &#038; Korean Ginseng 1000mg 90 KapselnWas ist Ginkgo Biloba?Ginkgo Biloba ist ein urt\u00fcmlicher Baum, der in China heimisch ist. Die wertvollsten N\u00e4hrstoffe sind in seinen Bl\u00e4ttern enthalten, aus denen nach dem Trocknen der Extrakt gesammelt wird. Unsere Vorfahren verwendeten Gingo Biloba zur Linderung von Blasenentz\u00fcndungen und zur Steigerung des Sexualtriebs. Heute wird diese Substanz wegen ihrer kognitiv f\u00f6rdernden und angstl\u00f6senden Wirkung gepriesen. Was ist koreanischer Ginseng?Koreanischer Ginseng oder Panax Ginseng ist eine mehrj\u00e4hrige Pflanze, die haupts\u00e4chlich in den Bergen Ostasiens vorkommt. Diese Pflanze wird auch mit der alten chinesischen Medizin assoziiert, wo sie seit Jahrhunderten verwendet wird. Je nach Zubereitung und Wachstumsdauer k\u00f6nnen die Wurzeln des koreanischen Ginsengs wei\u00df oder rot sein.Warum sollte ich es einnehmen?Es ist die perfekte Kombination f\u00fcr Menschen, die h\u00e4ufig mit Stress und Energiemangel konfrontiert sind. Ginkgo Biloba und koreanischer Ginseng helfen Menschen, die Probleme mit ihrem Sexualtrieb haben. Ginkgo Biloba ist eine beliebte Erg\u00e4nzung und reich an Antioxidantien, die einen guten Schutz bietet und das Krebsrisiko senken kann. Es ist auch allgemein bekannt f\u00fcr die erfolgreiche Behandlung von erektiler Dysfunktion. Die Kombination wird zur Behandlung von Diabetes, Erk\u00e4ltungen, Grippe und anderen Leiden verwendet. Zusammenfassend l\u00e4sst sich sagen, dass die Kombination aus Ginkgo Biloba und koreanischem Ginseng die allgemeine K\u00f6rpergesundheit f\u00f6rdert.WARNUNG:Wenn Sie schwanger sind oder stillen, konsultieren Sie vor der Verwendung dieses Produkts einen Arzt. AU\u00dfER REICHWEITE VON KINDERN AUFBEWAHREN. Die empfohlene Einnahme darf nicht \u00fcberschritten werden. Nicht innerhalb von 4 Stunden am selben Tag erneut einnehmen. Nicht mit Alkohol oder Beruhigungsmitteln mischen. Personen, die Monoamin-Oxi-Dase-Hemmer einnehmen, sollten sich vor der Einnahme dieses Produkts mit ihrem Arzt beraten. Bei \u00fcberm\u00e4\u00dfiger Anwendung besteht die Gefahr von Entzugserscheinungen. Die t\u00e4gliche Anwendung kann zu Toleranz f\u00fchren. Nehmen Sie die empfohlene Tagesdosis bis zu zweimal pro Woche ein oder wechseln Sie die Einnahme mit langen Unterbrechungen ab. An einem k\u00fchlen, trockenen Ort aufbewahren. Verwenden Sie dieses Produkt nicht, wenn das Sicherheitssiegel auf der Flasche besch\u00e4digt ist.<\/p>\n","protected":false},"excerpt":{"rendered":"<p>Ginkgo Biloba 3000mg &#038; Korean Ginseng 1000mg 90 KapselnWas ist Ginkgo Biloba?Ginkgo Biloba ist ein urt\u00fcmlicher Baum, der in China heimisch ist. Die wertvollsten N\u00e4hrstoffe sind in seinen Bl\u00e4ttern enthalten, aus denen nach dem Trocknen der Extrakt gesammelt wird. Unsere Vorfahren verwendeten Gingo Biloba zur Linderung von Blasenentz\u00fcndungen und zur Steigerung des Sexualtriebs. Heute wird [&hellip;]<\/p>\n","protected":false},"featured_media":54698,"template":"","meta":{"_gspb_post_css":""},"store":[],"product_brand":[1420],"product_cat":[1290],"product_tag":[],"class_list":{"0":"post-54699","1":"product","2":"type-product","3":"status-publish","4":"has-post-thumbnail","6":"product_brand-rawpowders-de","7":"product_cat-uncategorized","9":"first","10":"instock","11":"shipping-taxable","12":"purchasable","13":"product-type-simple"},"yoast_head":"<!-- This site is optimized with the Yoast SEO plugin v24.6 - https:\/\/yoast.com\/wordpress\/plugins\/seo\/ -->\n<title>Ginkgo Biloba 3000mg &amp; Korean Ginseng 1000mg 90 Kapseln | rawpowders.de | Product-Guide.org<\/title>\n<meta name=\"description\" content=\"Ginkgo Biloba 3000mg &amp; Korean Ginseng 1000mg 90 Kapseln | rawpowders.de gefunden von Product-Guide.org\" \/>\n<meta name=\"robots\" content=\"index, follow, max-snippet:-1, max-image-preview:large, max-video-preview:-1\" \/>\n<link rel=\"canonical\" href=\"https:\/\/product-guide.org\/en\/produkt\/ginkgo-biloba-3000mg-korean-ginseng-1000mg-90-kapseln-rawpowders-de\/\" \/>\n<meta property=\"og:locale\" content=\"en_GB\" \/>\n<meta property=\"og:type\" content=\"article\" \/>\n<meta property=\"og:title\" content=\"Ginkgo Biloba 3000mg &amp; Korean Ginseng 1000mg 90 Kapseln | rawpowders.de | Product-Guide.org\" \/>\n<meta property=\"og:description\" content=\"Ginkgo Biloba 3000mg &amp; Korean Ginseng 1000mg 90 Kapseln | rawpowders.de gefunden von Product-Guide.org\" \/>\n<meta property=\"og:url\" content=\"https:\/\/product-guide.org\/en\/produkt\/ginkgo-biloba-3000mg-korean-ginseng-1000mg-90-kapseln-rawpowders-de\/\" \/>\n<meta property=\"og:site_name\" content=\"Product-Guide.org\" \/>\n<meta name=\"twitter:card\" content=\"summary_large_image\" \/>\n<script type=\"application\/ld+json\" class=\"yoast-schema-graph\">{\"@context\":\"https:\/\/schema.org\",\"@graph\":[{\"@type\":\"WebPage\",\"@id\":\"https:\/\/product-guide.org\/produkt\/ginkgo-biloba-3000mg-korean-ginseng-1000mg-90-kapseln-rawpowders-de\/\",\"url\":\"https:\/\/product-guide.org\/produkt\/ginkgo-biloba-3000mg-korean-ginseng-1000mg-90-kapseln-rawpowders-de\/\",\"name\":\"Ginkgo Biloba 3000mg & Korean Ginseng 1000mg 90 Kapseln | rawpowders.de | Product-Guide.org\",\"isPartOf\":{\"@id\":\"https:\/\/product-guide.org\/#website\"},\"primaryImageOfPage\":{\"@id\":\"https:\/\/product-guide.org\/produkt\/ginkgo-biloba-3000mg-korean-ginseng-1000mg-90-kapseln-rawpowders-de\/#primaryimage\"},\"image\":{\"@id\":\"https:\/\/product-guide.org\/produkt\/ginkgo-biloba-3000mg-korean-ginseng-1000mg-90-kapseln-rawpowders-de\/#primaryimage\"},\"thumbnailUrl\":\"https:\/\/product-guide.org\/wp-content\/uploads\/2025\/03\/107-new-Ginkgo-Biloba-1000x1000-1.png\",\"datePublished\":\"2025-03-17T11:17:33+00:00\",\"description\":\"Ginkgo Biloba 3000mg & Korean Ginseng 1000mg 90 Kapseln | rawpowders.de gefunden von Product-Guide.org\",\"breadcrumb\":{\"@id\":\"https:\/\/product-guide.org\/produkt\/ginkgo-biloba-3000mg-korean-ginseng-1000mg-90-kapseln-rawpowders-de\/#breadcrumb\"},\"inLanguage\":\"en-GB\",\"potentialAction\":[{\"@type\":\"ReadAction\",\"target\":[\"https:\/\/product-guide.org\/produkt\/ginkgo-biloba-3000mg-korean-ginseng-1000mg-90-kapseln-rawpowders-de\/\"]}]},{\"@type\":\"ImageObject\",\"inLanguage\":\"en-GB\",\"@id\":\"https:\/\/product-guide.org\/produkt\/ginkgo-biloba-3000mg-korean-ginseng-1000mg-90-kapseln-rawpowders-de\/#primaryimage\",\"url\":\"https:\/\/product-guide.org\/wp-content\/uploads\/2025\/03\/107-new-Ginkgo-Biloba-1000x1000-1.png\",\"contentUrl\":\"https:\/\/product-guide.org\/wp-content\/uploads\/2025\/03\/107-new-Ginkgo-Biloba-1000x1000-1.png\",\"width\":1000,\"height\":1000},{\"@type\":\"BreadcrumbList\",\"@id\":\"https:\/\/product-guide.org\/produkt\/ginkgo-biloba-3000mg-korean-ginseng-1000mg-90-kapseln-rawpowders-de\/#breadcrumb\",\"itemListElement\":[{\"@type\":\"ListItem\",\"position\":1,\"name\":\"Home\",\"item\":\"https:\/\/product-guide.org\/\"},{\"@type\":\"ListItem\",\"position\":2,\"name\":\"Ergebnisse\",\"item\":\"https:\/\/product-guide.org\/de\/ergebnisse\/\"},{\"@type\":\"ListItem\",\"position\":3,\"name\":\"Ginkgo Biloba 3000mg &#038; Korean Ginseng 1000mg 90 Kapseln | rawpowders.de\"}]},{\"@type\":\"WebSite\",\"@id\":\"https:\/\/product-guide.org\/#website\",\"url\":\"https:\/\/product-guide.org\/\",\"name\":\"Product-Guide.org\",\"description\":\"What Product are you looking for?\",\"publisher\":{\"@id\":\"https:\/\/product-guide.org\/#organization\"},\"potentialAction\":[{\"@type\":\"SearchAction\",\"target\":{\"@type\":\"EntryPoint\",\"urlTemplate\":\"https:\/\/product-guide.org\/?s={search_term_string}\"},\"query-input\":{\"@type\":\"PropertyValueSpecification\",\"valueRequired\":true,\"valueName\":\"search_term_string\"}}],\"inLanguage\":\"en-GB\"},{\"@type\":\"Organization\",\"@id\":\"https:\/\/product-guide.org\/#organization\",\"name\":\"Product-Guide.org\",\"url\":\"https:\/\/product-guide.org\/\",\"logo\":{\"@type\":\"ImageObject\",\"inLanguage\":\"en-GB\",\"@id\":\"https:\/\/product-guide.org\/#\/schema\/logo\/image\/\",\"url\":\"https:\/\/product-guide.org\/wp-content\/uploads\/2022\/07\/logo_transparent_background.png\",\"contentUrl\":\"https:\/\/product-guide.org\/wp-content\/uploads\/2022\/07\/logo_transparent_background.png\",\"width\":3400,\"height\":1132,\"caption\":\"Product-Guide.org\"},\"image\":{\"@id\":\"https:\/\/product-guide.org\/#\/schema\/logo\/image\/\"}}]}<\/script>\n<!-- \/ Yoast SEO plugin. -->","yoast_head_json":{"title":"Ginkgo Biloba 3000mg & Korean Ginseng 1000mg 90 Kapseln | rawpowders.de | Product-Guide.org","description":"Ginkgo Biloba 3000mg & Korean Ginseng 1000mg 90 Kapseln | rawpowders.de gefunden von Product-Guide.org","robots":{"index":"index","follow":"follow","max-snippet":"max-snippet:-1","max-image-preview":"max-image-preview:large","max-video-preview":"max-video-preview:-1"},"canonical":"https:\/\/product-guide.org\/en\/produkt\/ginkgo-biloba-3000mg-korean-ginseng-1000mg-90-kapseln-rawpowders-de\/","og_locale":"en_GB","og_type":"article","og_title":"Ginkgo Biloba 3000mg & Korean Ginseng 1000mg 90 Kapseln | rawpowders.de | Product-Guide.org","og_description":"Ginkgo Biloba 3000mg & Korean Ginseng 1000mg 90 Kapseln | rawpowders.de gefunden von Product-Guide.org","og_url":"https:\/\/product-guide.org\/en\/produkt\/ginkgo-biloba-3000mg-korean-ginseng-1000mg-90-kapseln-rawpowders-de\/","og_site_name":"Product-Guide.org","twitter_card":"summary_large_image","schema":{"@context":"https:\/\/schema.org","@graph":[{"@type":"WebPage","@id":"https:\/\/product-guide.org\/produkt\/ginkgo-biloba-3000mg-korean-ginseng-1000mg-90-kapseln-rawpowders-de\/","url":"https:\/\/product-guide.org\/produkt\/ginkgo-biloba-3000mg-korean-ginseng-1000mg-90-kapseln-rawpowders-de\/","name":"Ginkgo Biloba 3000mg & Korean Ginseng 1000mg 90 Kapseln | rawpowders.de | Product-Guide.org","isPartOf":{"@id":"https:\/\/product-guide.org\/#website"},"primaryImageOfPage":{"@id":"https:\/\/product-guide.org\/produkt\/ginkgo-biloba-3000mg-korean-ginseng-1000mg-90-kapseln-rawpowders-de\/#primaryimage"},"image":{"@id":"https:\/\/product-guide.org\/produkt\/ginkgo-biloba-3000mg-korean-ginseng-1000mg-90-kapseln-rawpowders-de\/#primaryimage"},"thumbnailUrl":"https:\/\/product-guide.org\/wp-content\/uploads\/2025\/03\/107-new-Ginkgo-Biloba-1000x1000-1.png","datePublished":"2025-03-17T11:17:33+00:00","description":"Ginkgo Biloba 3000mg & Korean Ginseng 1000mg 90 Kapseln | rawpowders.de gefunden von Product-Guide.org","breadcrumb":{"@id":"https:\/\/product-guide.org\/produkt\/ginkgo-biloba-3000mg-korean-ginseng-1000mg-90-kapseln-rawpowders-de\/#breadcrumb"},"inLanguage":"en-GB","potentialAction":[{"@type":"ReadAction","target":["https:\/\/product-guide.org\/produkt\/ginkgo-biloba-3000mg-korean-ginseng-1000mg-90-kapseln-rawpowders-de\/"]}]},{"@type":"ImageObject","inLanguage":"en-GB","@id":"https:\/\/product-guide.org\/produkt\/ginkgo-biloba-3000mg-korean-ginseng-1000mg-90-kapseln-rawpowders-de\/#primaryimage","url":"https:\/\/product-guide.org\/wp-content\/uploads\/2025\/03\/107-new-Ginkgo-Biloba-1000x1000-1.png","contentUrl":"https:\/\/product-guide.org\/wp-content\/uploads\/2025\/03\/107-new-Ginkgo-Biloba-1000x1000-1.png","width":1000,"height":1000},{"@type":"BreadcrumbList","@id":"https:\/\/product-guide.org\/produkt\/ginkgo-biloba-3000mg-korean-ginseng-1000mg-90-kapseln-rawpowders-de\/#breadcrumb","itemListElement":[{"@type":"ListItem","position":1,"name":"Home","item":"https:\/\/product-guide.org\/"},{"@type":"ListItem","position":2,"name":"Ergebnisse","item":"https:\/\/product-guide.org\/de\/ergebnisse\/"},{"@type":"ListItem","position":3,"name":"Ginkgo Biloba 3000mg &#038; Korean Ginseng 1000mg 90 Kapseln | rawpowders.de"}]},{"@type":"WebSite","@id":"https:\/\/product-guide.org\/#website","url":"https:\/\/product-guide.org\/","name":"Product-Guide.org","description":"What Product are you looking for?","publisher":{"@id":"https:\/\/product-guide.org\/#organization"},"potentialAction":[{"@type":"SearchAction","target":{"@type":"EntryPoint","urlTemplate":"https:\/\/product-guide.org\/?s={search_term_string}"},"query-input":{"@type":"PropertyValueSpecification","valueRequired":true,"valueName":"search_term_string"}}],"inLanguage":"en-GB"},{"@type":"Organization","@id":"https:\/\/product-guide.org\/#organization","name":"Product-Guide.org","url":"https:\/\/product-guide.org\/","logo":{"@type":"ImageObject","inLanguage":"en-GB","@id":"https:\/\/product-guide.org\/#\/schema\/logo\/image\/","url":"https:\/\/product-guide.org\/wp-content\/uploads\/2022\/07\/logo_transparent_background.png","contentUrl":"https:\/\/product-guide.org\/wp-content\/uploads\/2022\/07\/logo_transparent_background.png","width":3400,"height":1132,"caption":"Product-Guide.org"},"image":{"@id":"https:\/\/product-guide.org\/#\/schema\/logo\/image\/"}}]}},"_links":{"self":[{"href":"https:\/\/product-guide.org\/en\/wp-json\/wp\/v2\/product\/54699","targetHints":{"allow":["GET"]}}],"collection":[{"href":"https:\/\/product-guide.org\/en\/wp-json\/wp\/v2\/product"}],"about":[{"href":"https:\/\/product-guide.org\/en\/wp-json\/wp\/v2\/types\/product"}],"wp:featuredmedia":[{"embeddable":true,"href":"https:\/\/product-guide.org\/en\/wp-json\/wp\/v2\/media\/54698"}],"wp:attachment":[{"href":"https:\/\/product-guide.org\/en\/wp-json\/wp\/v2\/media?parent=54699"}],"wp:term":[{"taxonomy":"store","embeddable":true,"href":"https:\/\/product-guide.org\/en\/wp-json\/wp\/v2\/store?post=54699"},{"taxonomy":"product_brand","embeddable":true,"href":"https:\/\/product-guide.org\/en\/wp-json\/wp\/v2\/product_brand?post=54699"},{"taxonomy":"product_cat","embeddable":true,"href":"https:\/\/product-guide.org\/en\/wp-json\/wp\/v2\/product_cat?post=54699"},{"taxonomy":"product_tag","embeddable":true,"href":"https:\/\/product-guide.org\/en\/wp-json\/wp\/v2\/product_tag?post=54699"}],"curies":[{"name":"wp","href":"https:\/\/api.w.org\/{rel}","templated":true}]}}