{"id":54703,"date":"2025-03-17T12:17:39","date_gmt":"2025-03-17T11:17:39","guid":{"rendered":"https:\/\/product-guide.org\/produkt\/gotu-kola-475mg-90-kapseln-rawpowders-de\/"},"modified":"2025-03-17T12:17:40","modified_gmt":"2025-03-17T11:17:40","slug":"gotu-kola-475mg-90-kapseln-rawpowders-de","status":"publish","type":"product","link":"https:\/\/product-guide.org\/en\/produkt\/gotu-kola-475mg-90-kapseln-rawpowders-de\/","title":{"rendered":"Gotu Kola 475mg 90 Kapseln | rawpowders.de"},"content":{"rendered":"<p>Raw Powders bietet Gotu Kola Kapseln!Was ist Gotu Kola?In der traditionellen chinesischen, indonesischen und ayurvedischen Medizin wird Gotu Kola h\u00e4ufig verwendet. Das als Gotu Kola (Centella Asiatica) bekannte Blattkraut wird wegen seiner antibakteriellen, antidiabetischen, entz\u00fcndungshemmenden, antidepressiven und ged\u00e4chtnisf\u00f6rdernden Eigenschaften verwendet.Warum Gotu Kola?Alternativmediziner behaupten, dass Gotu kola eine Vielzahl potenzieller gesundheitlicher Vorteile bietet, von Krankheiten wie G\u00fcrtelrose bis hin zur Vorbeugung von Ged\u00e4chtnisverlust und Blutgerinnseln. Einige behaupten, dass Gotu kola bei einer Reihe von Krankheiten helfen kann, darunter Angstzust\u00e4nde, Asthma, Depressionen, Diabetes, Durchfall, Lethargie und Magengeschw\u00fcre.WARNUNG:Wenn Sie schwanger sind oder stillen, konsultieren Sie vor der Verwendung dieses Produkts einen Arzt. AU\u00dfER REICHWEITE VON KINDERN AUFBEWAHREN. An einem k\u00fchlen, trockenen Ort aufbewahren. Verwenden Sie dieses Produkt nicht, wenn das Sicherheitssiegel auf der Flasche besch\u00e4digt ist.<\/p>\n","protected":false},"excerpt":{"rendered":"<p>Raw Powders bietet Gotu Kola Kapseln!Was ist Gotu Kola?In der traditionellen chinesischen, indonesischen und ayurvedischen Medizin wird Gotu Kola h\u00e4ufig verwendet. Das als Gotu Kola (Centella Asiatica) bekannte Blattkraut wird wegen seiner antibakteriellen, antidiabetischen, entz\u00fcndungshemmenden, antidepressiven und ged\u00e4chtnisf\u00f6rdernden Eigenschaften verwendet.Warum Gotu Kola?Alternativmediziner behaupten, dass Gotu kola eine Vielzahl potenzieller gesundheitlicher Vorteile bietet, von Krankheiten wie [&hellip;]<\/p>\n","protected":false},"featured_media":54702,"template":"","meta":{"_gspb_post_css":""},"store":[],"product_brand":[1420],"product_cat":[1290],"product_tag":[],"class_list":{"0":"post-54703","1":"product","2":"type-product","3":"status-publish","4":"has-post-thumbnail","6":"product_brand-rawpowders-de","7":"product_cat-uncategorized","9":"first","10":"instock","11":"shipping-taxable","12":"purchasable","13":"product-type-simple"},"yoast_head":"<!-- This site is optimized with the Yoast SEO plugin v24.6 - https:\/\/yoast.com\/wordpress\/plugins\/seo\/ -->\n<title>Gotu Kola 475mg 90 Kapseln | rawpowders.de | Product-Guide.org<\/title>\n<meta name=\"description\" content=\"Gotu Kola 475mg 90 Kapseln | rawpowders.de gefunden von Product-Guide.org\" \/>\n<meta name=\"robots\" content=\"index, follow, max-snippet:-1, max-image-preview:large, max-video-preview:-1\" \/>\n<link rel=\"canonical\" href=\"https:\/\/product-guide.org\/en\/produkt\/gotu-kola-475mg-90-kapseln-rawpowders-de\/\" \/>\n<meta property=\"og:locale\" content=\"en_GB\" \/>\n<meta property=\"og:type\" content=\"article\" \/>\n<meta property=\"og:title\" content=\"Gotu Kola 475mg 90 Kapseln | rawpowders.de | Product-Guide.org\" \/>\n<meta property=\"og:description\" content=\"Gotu Kola 475mg 90 Kapseln | rawpowders.de gefunden von Product-Guide.org\" \/>\n<meta property=\"og:url\" content=\"https:\/\/product-guide.org\/en\/produkt\/gotu-kola-475mg-90-kapseln-rawpowders-de\/\" \/>\n<meta property=\"og:site_name\" content=\"Product-Guide.org\" \/>\n<meta property=\"article:modified_time\" content=\"2025-03-17T11:17:40+00:00\" \/>\n<meta name=\"twitter:card\" content=\"summary_large_image\" \/>\n<script type=\"application\/ld+json\" class=\"yoast-schema-graph\">{\"@context\":\"https:\/\/schema.org\",\"@graph\":[{\"@type\":\"WebPage\",\"@id\":\"https:\/\/product-guide.org\/produkt\/gotu-kola-475mg-90-kapseln-rawpowders-de\/\",\"url\":\"https:\/\/product-guide.org\/produkt\/gotu-kola-475mg-90-kapseln-rawpowders-de\/\",\"name\":\"Gotu Kola 475mg 90 Kapseln | rawpowders.de | Product-Guide.org\",\"isPartOf\":{\"@id\":\"https:\/\/product-guide.org\/#website\"},\"primaryImageOfPage\":{\"@id\":\"https:\/\/product-guide.org\/produkt\/gotu-kola-475mg-90-kapseln-rawpowders-de\/#primaryimage\"},\"image\":{\"@id\":\"https:\/\/product-guide.org\/produkt\/gotu-kola-475mg-90-kapseln-rawpowders-de\/#primaryimage\"},\"thumbnailUrl\":\"https:\/\/product-guide.org\/wp-content\/uploads\/2025\/03\/Gotu-Kola-475mg-90-capsules_front-1000x1000-1.png\",\"datePublished\":\"2025-03-17T11:17:39+00:00\",\"dateModified\":\"2025-03-17T11:17:40+00:00\",\"description\":\"Gotu Kola 475mg 90 Kapseln | rawpowders.de gefunden von Product-Guide.org\",\"breadcrumb\":{\"@id\":\"https:\/\/product-guide.org\/produkt\/gotu-kola-475mg-90-kapseln-rawpowders-de\/#breadcrumb\"},\"inLanguage\":\"en-GB\",\"potentialAction\":[{\"@type\":\"ReadAction\",\"target\":[\"https:\/\/product-guide.org\/produkt\/gotu-kola-475mg-90-kapseln-rawpowders-de\/\"]}]},{\"@type\":\"ImageObject\",\"inLanguage\":\"en-GB\",\"@id\":\"https:\/\/product-guide.org\/produkt\/gotu-kola-475mg-90-kapseln-rawpowders-de\/#primaryimage\",\"url\":\"https:\/\/product-guide.org\/wp-content\/uploads\/2025\/03\/Gotu-Kola-475mg-90-capsules_front-1000x1000-1.png\",\"contentUrl\":\"https:\/\/product-guide.org\/wp-content\/uploads\/2025\/03\/Gotu-Kola-475mg-90-capsules_front-1000x1000-1.png\",\"width\":1000,\"height\":1000},{\"@type\":\"BreadcrumbList\",\"@id\":\"https:\/\/product-guide.org\/produkt\/gotu-kola-475mg-90-kapseln-rawpowders-de\/#breadcrumb\",\"itemListElement\":[{\"@type\":\"ListItem\",\"position\":1,\"name\":\"Home\",\"item\":\"https:\/\/product-guide.org\/\"},{\"@type\":\"ListItem\",\"position\":2,\"name\":\"Ergebnisse\",\"item\":\"https:\/\/product-guide.org\/de\/ergebnisse\/\"},{\"@type\":\"ListItem\",\"position\":3,\"name\":\"Gotu Kola 475mg 90 Kapseln | rawpowders.de\"}]},{\"@type\":\"WebSite\",\"@id\":\"https:\/\/product-guide.org\/#website\",\"url\":\"https:\/\/product-guide.org\/\",\"name\":\"Product-Guide.org\",\"description\":\"What Product are you looking for?\",\"publisher\":{\"@id\":\"https:\/\/product-guide.org\/#organization\"},\"potentialAction\":[{\"@type\":\"SearchAction\",\"target\":{\"@type\":\"EntryPoint\",\"urlTemplate\":\"https:\/\/product-guide.org\/?s={search_term_string}\"},\"query-input\":{\"@type\":\"PropertyValueSpecification\",\"valueRequired\":true,\"valueName\":\"search_term_string\"}}],\"inLanguage\":\"en-GB\"},{\"@type\":\"Organization\",\"@id\":\"https:\/\/product-guide.org\/#organization\",\"name\":\"Product-Guide.org\",\"url\":\"https:\/\/product-guide.org\/\",\"logo\":{\"@type\":\"ImageObject\",\"inLanguage\":\"en-GB\",\"@id\":\"https:\/\/product-guide.org\/#\/schema\/logo\/image\/\",\"url\":\"https:\/\/product-guide.org\/wp-content\/uploads\/2022\/07\/logo_transparent_background.png\",\"contentUrl\":\"https:\/\/product-guide.org\/wp-content\/uploads\/2022\/07\/logo_transparent_background.png\",\"width\":3400,\"height\":1132,\"caption\":\"Product-Guide.org\"},\"image\":{\"@id\":\"https:\/\/product-guide.org\/#\/schema\/logo\/image\/\"}}]}<\/script>\n<!-- \/ Yoast SEO plugin. -->","yoast_head_json":{"title":"Gotu Kola 475mg 90 Kapseln | rawpowders.de | Product-Guide.org","description":"Gotu Kola 475mg 90 Kapseln | rawpowders.de gefunden von Product-Guide.org","robots":{"index":"index","follow":"follow","max-snippet":"max-snippet:-1","max-image-preview":"max-image-preview:large","max-video-preview":"max-video-preview:-1"},"canonical":"https:\/\/product-guide.org\/en\/produkt\/gotu-kola-475mg-90-kapseln-rawpowders-de\/","og_locale":"en_GB","og_type":"article","og_title":"Gotu Kola 475mg 90 Kapseln | rawpowders.de | Product-Guide.org","og_description":"Gotu Kola 475mg 90 Kapseln | rawpowders.de gefunden von Product-Guide.org","og_url":"https:\/\/product-guide.org\/en\/produkt\/gotu-kola-475mg-90-kapseln-rawpowders-de\/","og_site_name":"Product-Guide.org","article_modified_time":"2025-03-17T11:17:40+00:00","twitter_card":"summary_large_image","schema":{"@context":"https:\/\/schema.org","@graph":[{"@type":"WebPage","@id":"https:\/\/product-guide.org\/produkt\/gotu-kola-475mg-90-kapseln-rawpowders-de\/","url":"https:\/\/product-guide.org\/produkt\/gotu-kola-475mg-90-kapseln-rawpowders-de\/","name":"Gotu Kola 475mg 90 Kapseln | rawpowders.de | Product-Guide.org","isPartOf":{"@id":"https:\/\/product-guide.org\/#website"},"primaryImageOfPage":{"@id":"https:\/\/product-guide.org\/produkt\/gotu-kola-475mg-90-kapseln-rawpowders-de\/#primaryimage"},"image":{"@id":"https:\/\/product-guide.org\/produkt\/gotu-kola-475mg-90-kapseln-rawpowders-de\/#primaryimage"},"thumbnailUrl":"https:\/\/product-guide.org\/wp-content\/uploads\/2025\/03\/Gotu-Kola-475mg-90-capsules_front-1000x1000-1.png","datePublished":"2025-03-17T11:17:39+00:00","dateModified":"2025-03-17T11:17:40+00:00","description":"Gotu Kola 475mg 90 Kapseln | rawpowders.de gefunden von Product-Guide.org","breadcrumb":{"@id":"https:\/\/product-guide.org\/produkt\/gotu-kola-475mg-90-kapseln-rawpowders-de\/#breadcrumb"},"inLanguage":"en-GB","potentialAction":[{"@type":"ReadAction","target":["https:\/\/product-guide.org\/produkt\/gotu-kola-475mg-90-kapseln-rawpowders-de\/"]}]},{"@type":"ImageObject","inLanguage":"en-GB","@id":"https:\/\/product-guide.org\/produkt\/gotu-kola-475mg-90-kapseln-rawpowders-de\/#primaryimage","url":"https:\/\/product-guide.org\/wp-content\/uploads\/2025\/03\/Gotu-Kola-475mg-90-capsules_front-1000x1000-1.png","contentUrl":"https:\/\/product-guide.org\/wp-content\/uploads\/2025\/03\/Gotu-Kola-475mg-90-capsules_front-1000x1000-1.png","width":1000,"height":1000},{"@type":"BreadcrumbList","@id":"https:\/\/product-guide.org\/produkt\/gotu-kola-475mg-90-kapseln-rawpowders-de\/#breadcrumb","itemListElement":[{"@type":"ListItem","position":1,"name":"Home","item":"https:\/\/product-guide.org\/"},{"@type":"ListItem","position":2,"name":"Ergebnisse","item":"https:\/\/product-guide.org\/de\/ergebnisse\/"},{"@type":"ListItem","position":3,"name":"Gotu Kola 475mg 90 Kapseln | rawpowders.de"}]},{"@type":"WebSite","@id":"https:\/\/product-guide.org\/#website","url":"https:\/\/product-guide.org\/","name":"Product-Guide.org","description":"What Product are you looking for?","publisher":{"@id":"https:\/\/product-guide.org\/#organization"},"potentialAction":[{"@type":"SearchAction","target":{"@type":"EntryPoint","urlTemplate":"https:\/\/product-guide.org\/?s={search_term_string}"},"query-input":{"@type":"PropertyValueSpecification","valueRequired":true,"valueName":"search_term_string"}}],"inLanguage":"en-GB"},{"@type":"Organization","@id":"https:\/\/product-guide.org\/#organization","name":"Product-Guide.org","url":"https:\/\/product-guide.org\/","logo":{"@type":"ImageObject","inLanguage":"en-GB","@id":"https:\/\/product-guide.org\/#\/schema\/logo\/image\/","url":"https:\/\/product-guide.org\/wp-content\/uploads\/2022\/07\/logo_transparent_background.png","contentUrl":"https:\/\/product-guide.org\/wp-content\/uploads\/2022\/07\/logo_transparent_background.png","width":3400,"height":1132,"caption":"Product-Guide.org"},"image":{"@id":"https:\/\/product-guide.org\/#\/schema\/logo\/image\/"}}]}},"_links":{"self":[{"href":"https:\/\/product-guide.org\/en\/wp-json\/wp\/v2\/product\/54703","targetHints":{"allow":["GET"]}}],"collection":[{"href":"https:\/\/product-guide.org\/en\/wp-json\/wp\/v2\/product"}],"about":[{"href":"https:\/\/product-guide.org\/en\/wp-json\/wp\/v2\/types\/product"}],"wp:featuredmedia":[{"embeddable":true,"href":"https:\/\/product-guide.org\/en\/wp-json\/wp\/v2\/media\/54702"}],"wp:attachment":[{"href":"https:\/\/product-guide.org\/en\/wp-json\/wp\/v2\/media?parent=54703"}],"wp:term":[{"taxonomy":"store","embeddable":true,"href":"https:\/\/product-guide.org\/en\/wp-json\/wp\/v2\/store?post=54703"},{"taxonomy":"product_brand","embeddable":true,"href":"https:\/\/product-guide.org\/en\/wp-json\/wp\/v2\/product_brand?post=54703"},{"taxonomy":"product_cat","embeddable":true,"href":"https:\/\/product-guide.org\/en\/wp-json\/wp\/v2\/product_cat?post=54703"},{"taxonomy":"product_tag","embeddable":true,"href":"https:\/\/product-guide.org\/en\/wp-json\/wp\/v2\/product_tag?post=54703"}],"curies":[{"name":"wp","href":"https:\/\/api.w.org\/{rel}","templated":true}]}}