{"id":54707,"date":"2025-03-17T12:17:47","date_gmt":"2025-03-17T11:17:47","guid":{"rendered":"https:\/\/product-guide.org\/produkt\/hornkraut-icariin-50-200mg-30-kapseln-rawpowders-de\/"},"modified":"2025-03-17T12:17:47","modified_gmt":"2025-03-17T11:17:47","slug":"hornkraut-icariin-50-200mg-30-kapseln-rawpowders-de","status":"publish","type":"product","link":"https:\/\/product-guide.org\/en\/produkt\/hornkraut-icariin-50-200mg-30-kapseln-rawpowders-de\/","title":{"rendered":"Hornkraut (Icariin 50%) 200mg 30 Kapseln | rawpowders.de"},"content":{"rendered":"<p>RAW POWDERS HORNY GOAT WEED (ICARIIN 50 %) 200 mgNahrungserg\u00e4nzungsmittel30 KapselnNettogewicht: 16 g (Erkl\u00e4rung: 30 Kapseln zu je 533,33 mg).WAS IST HORNKRAUT (ICARIIN 50 %)?Hornkraut (Epimedium) &#8211; kleine Schattenpflanzen, die aus den Bergen S\u00fcdeuropas, Asiens und des Fernen Ostens stammen, wo die gr\u00f6\u00dfte Vielfalt an Hornkrautpflanzen zu finden ist. Die Pflanze, die am h\u00e4ufigsten in China vorkommt, wird seit Jahrhunderten als Aphrodisiakum verwendet.WARUM IST ES VORTEILHAFT?Hornkraut enth\u00e4lt Icariin, das die Durchblutung anregen, die Libido und den Hormonspiegel regulieren kann. Dar\u00fcber hinaus besitzt es antioxidative Eigenschaften und wirkt sich auf Konzentration und Ged\u00e4chtnis aus.<\/p>\n","protected":false},"excerpt":{"rendered":"<p>RAW POWDERS HORNY GOAT WEED (ICARIIN 50 %) 200 mgNahrungserg\u00e4nzungsmittel30 KapselnNettogewicht: 16 g (Erkl\u00e4rung: 30 Kapseln zu je 533,33 mg).WAS IST HORNKRAUT (ICARIIN 50 %)?Hornkraut (Epimedium) &#8211; kleine Schattenpflanzen, die aus den Bergen S\u00fcdeuropas, Asiens und des Fernen Ostens stammen, wo die gr\u00f6\u00dfte Vielfalt an Hornkrautpflanzen zu finden ist. Die Pflanze, die am h\u00e4ufigsten in [&hellip;]<\/p>\n","protected":false},"featured_media":54706,"template":"","meta":{"_gspb_post_css":""},"store":[],"product_brand":[1420],"product_cat":[1290],"product_tag":[],"class_list":{"0":"post-54707","1":"product","2":"type-product","3":"status-publish","4":"has-post-thumbnail","6":"product_brand-rawpowders-de","7":"product_cat-uncategorized","9":"first","10":"instock","11":"shipping-taxable","12":"purchasable","13":"product-type-simple"},"yoast_head":"<!-- This site is optimized with the Yoast SEO plugin v24.6 - https:\/\/yoast.com\/wordpress\/plugins\/seo\/ -->\n<title>Hornkraut (Icariin 50%) 200mg 30 Kapseln | rawpowders.de | Product-Guide.org<\/title>\n<meta name=\"description\" content=\"Hornkraut (Icariin 50%) 200mg 30 Kapseln | rawpowders.de gefunden von Product-Guide.org\" \/>\n<meta name=\"robots\" content=\"index, follow, max-snippet:-1, max-image-preview:large, max-video-preview:-1\" \/>\n<link rel=\"canonical\" href=\"https:\/\/product-guide.org\/en\/produkt\/hornkraut-icariin-50-200mg-30-kapseln-rawpowders-de\/\" \/>\n<meta property=\"og:locale\" content=\"en_GB\" \/>\n<meta property=\"og:type\" content=\"article\" \/>\n<meta property=\"og:title\" content=\"Hornkraut (Icariin 50%) 200mg 30 Kapseln | rawpowders.de | Product-Guide.org\" \/>\n<meta property=\"og:description\" content=\"Hornkraut (Icariin 50%) 200mg 30 Kapseln | rawpowders.de gefunden von Product-Guide.org\" \/>\n<meta property=\"og:url\" content=\"https:\/\/product-guide.org\/en\/produkt\/hornkraut-icariin-50-200mg-30-kapseln-rawpowders-de\/\" \/>\n<meta property=\"og:site_name\" content=\"Product-Guide.org\" \/>\n<meta name=\"twitter:card\" content=\"summary_large_image\" \/>\n<script type=\"application\/ld+json\" class=\"yoast-schema-graph\">{\"@context\":\"https:\/\/schema.org\",\"@graph\":[{\"@type\":\"WebPage\",\"@id\":\"https:\/\/product-guide.org\/produkt\/hornkraut-icariin-50-200mg-30-kapseln-rawpowders-de\/\",\"url\":\"https:\/\/product-guide.org\/produkt\/hornkraut-icariin-50-200mg-30-kapseln-rawpowders-de\/\",\"name\":\"Hornkraut (Icariin 50%) 200mg 30 Kapseln | rawpowders.de | Product-Guide.org\",\"isPartOf\":{\"@id\":\"https:\/\/product-guide.org\/#website\"},\"primaryImageOfPage\":{\"@id\":\"https:\/\/product-guide.org\/produkt\/hornkraut-icariin-50-200mg-30-kapseln-rawpowders-de\/#primaryimage\"},\"image\":{\"@id\":\"https:\/\/product-guide.org\/produkt\/hornkraut-icariin-50-200mg-30-kapseln-rawpowders-de\/#primaryimage\"},\"thumbnailUrl\":\"https:\/\/product-guide.org\/wp-content\/uploads\/2025\/03\/horny-goat-weed-30-capsules-front-1000x1000-1.png\",\"datePublished\":\"2025-03-17T11:17:47+00:00\",\"description\":\"Hornkraut (Icariin 50%) 200mg 30 Kapseln | rawpowders.de gefunden von Product-Guide.org\",\"breadcrumb\":{\"@id\":\"https:\/\/product-guide.org\/produkt\/hornkraut-icariin-50-200mg-30-kapseln-rawpowders-de\/#breadcrumb\"},\"inLanguage\":\"en-GB\",\"potentialAction\":[{\"@type\":\"ReadAction\",\"target\":[\"https:\/\/product-guide.org\/produkt\/hornkraut-icariin-50-200mg-30-kapseln-rawpowders-de\/\"]}]},{\"@type\":\"ImageObject\",\"inLanguage\":\"en-GB\",\"@id\":\"https:\/\/product-guide.org\/produkt\/hornkraut-icariin-50-200mg-30-kapseln-rawpowders-de\/#primaryimage\",\"url\":\"https:\/\/product-guide.org\/wp-content\/uploads\/2025\/03\/horny-goat-weed-30-capsules-front-1000x1000-1.png\",\"contentUrl\":\"https:\/\/product-guide.org\/wp-content\/uploads\/2025\/03\/horny-goat-weed-30-capsules-front-1000x1000-1.png\",\"width\":1000,\"height\":1000},{\"@type\":\"BreadcrumbList\",\"@id\":\"https:\/\/product-guide.org\/produkt\/hornkraut-icariin-50-200mg-30-kapseln-rawpowders-de\/#breadcrumb\",\"itemListElement\":[{\"@type\":\"ListItem\",\"position\":1,\"name\":\"Home\",\"item\":\"https:\/\/product-guide.org\/\"},{\"@type\":\"ListItem\",\"position\":2,\"name\":\"Ergebnisse\",\"item\":\"https:\/\/product-guide.org\/de\/ergebnisse\/\"},{\"@type\":\"ListItem\",\"position\":3,\"name\":\"Hornkraut (Icariin 50%) 200mg 30 Kapseln | rawpowders.de\"}]},{\"@type\":\"WebSite\",\"@id\":\"https:\/\/product-guide.org\/#website\",\"url\":\"https:\/\/product-guide.org\/\",\"name\":\"Product-Guide.org\",\"description\":\"What Product are you looking for?\",\"publisher\":{\"@id\":\"https:\/\/product-guide.org\/#organization\"},\"potentialAction\":[{\"@type\":\"SearchAction\",\"target\":{\"@type\":\"EntryPoint\",\"urlTemplate\":\"https:\/\/product-guide.org\/?s={search_term_string}\"},\"query-input\":{\"@type\":\"PropertyValueSpecification\",\"valueRequired\":true,\"valueName\":\"search_term_string\"}}],\"inLanguage\":\"en-GB\"},{\"@type\":\"Organization\",\"@id\":\"https:\/\/product-guide.org\/#organization\",\"name\":\"Product-Guide.org\",\"url\":\"https:\/\/product-guide.org\/\",\"logo\":{\"@type\":\"ImageObject\",\"inLanguage\":\"en-GB\",\"@id\":\"https:\/\/product-guide.org\/#\/schema\/logo\/image\/\",\"url\":\"https:\/\/product-guide.org\/wp-content\/uploads\/2022\/07\/logo_transparent_background.png\",\"contentUrl\":\"https:\/\/product-guide.org\/wp-content\/uploads\/2022\/07\/logo_transparent_background.png\",\"width\":3400,\"height\":1132,\"caption\":\"Product-Guide.org\"},\"image\":{\"@id\":\"https:\/\/product-guide.org\/#\/schema\/logo\/image\/\"}}]}<\/script>\n<!-- \/ Yoast SEO plugin. -->","yoast_head_json":{"title":"Hornkraut (Icariin 50%) 200mg 30 Kapseln | rawpowders.de | Product-Guide.org","description":"Hornkraut (Icariin 50%) 200mg 30 Kapseln | rawpowders.de gefunden von Product-Guide.org","robots":{"index":"index","follow":"follow","max-snippet":"max-snippet:-1","max-image-preview":"max-image-preview:large","max-video-preview":"max-video-preview:-1"},"canonical":"https:\/\/product-guide.org\/en\/produkt\/hornkraut-icariin-50-200mg-30-kapseln-rawpowders-de\/","og_locale":"en_GB","og_type":"article","og_title":"Hornkraut (Icariin 50%) 200mg 30 Kapseln | rawpowders.de | Product-Guide.org","og_description":"Hornkraut (Icariin 50%) 200mg 30 Kapseln | rawpowders.de gefunden von Product-Guide.org","og_url":"https:\/\/product-guide.org\/en\/produkt\/hornkraut-icariin-50-200mg-30-kapseln-rawpowders-de\/","og_site_name":"Product-Guide.org","twitter_card":"summary_large_image","schema":{"@context":"https:\/\/schema.org","@graph":[{"@type":"WebPage","@id":"https:\/\/product-guide.org\/produkt\/hornkraut-icariin-50-200mg-30-kapseln-rawpowders-de\/","url":"https:\/\/product-guide.org\/produkt\/hornkraut-icariin-50-200mg-30-kapseln-rawpowders-de\/","name":"Hornkraut (Icariin 50%) 200mg 30 Kapseln | rawpowders.de | Product-Guide.org","isPartOf":{"@id":"https:\/\/product-guide.org\/#website"},"primaryImageOfPage":{"@id":"https:\/\/product-guide.org\/produkt\/hornkraut-icariin-50-200mg-30-kapseln-rawpowders-de\/#primaryimage"},"image":{"@id":"https:\/\/product-guide.org\/produkt\/hornkraut-icariin-50-200mg-30-kapseln-rawpowders-de\/#primaryimage"},"thumbnailUrl":"https:\/\/product-guide.org\/wp-content\/uploads\/2025\/03\/horny-goat-weed-30-capsules-front-1000x1000-1.png","datePublished":"2025-03-17T11:17:47+00:00","description":"Hornkraut (Icariin 50%) 200mg 30 Kapseln | rawpowders.de gefunden von Product-Guide.org","breadcrumb":{"@id":"https:\/\/product-guide.org\/produkt\/hornkraut-icariin-50-200mg-30-kapseln-rawpowders-de\/#breadcrumb"},"inLanguage":"en-GB","potentialAction":[{"@type":"ReadAction","target":["https:\/\/product-guide.org\/produkt\/hornkraut-icariin-50-200mg-30-kapseln-rawpowders-de\/"]}]},{"@type":"ImageObject","inLanguage":"en-GB","@id":"https:\/\/product-guide.org\/produkt\/hornkraut-icariin-50-200mg-30-kapseln-rawpowders-de\/#primaryimage","url":"https:\/\/product-guide.org\/wp-content\/uploads\/2025\/03\/horny-goat-weed-30-capsules-front-1000x1000-1.png","contentUrl":"https:\/\/product-guide.org\/wp-content\/uploads\/2025\/03\/horny-goat-weed-30-capsules-front-1000x1000-1.png","width":1000,"height":1000},{"@type":"BreadcrumbList","@id":"https:\/\/product-guide.org\/produkt\/hornkraut-icariin-50-200mg-30-kapseln-rawpowders-de\/#breadcrumb","itemListElement":[{"@type":"ListItem","position":1,"name":"Home","item":"https:\/\/product-guide.org\/"},{"@type":"ListItem","position":2,"name":"Ergebnisse","item":"https:\/\/product-guide.org\/de\/ergebnisse\/"},{"@type":"ListItem","position":3,"name":"Hornkraut (Icariin 50%) 200mg 30 Kapseln | rawpowders.de"}]},{"@type":"WebSite","@id":"https:\/\/product-guide.org\/#website","url":"https:\/\/product-guide.org\/","name":"Product-Guide.org","description":"What Product are you looking for?","publisher":{"@id":"https:\/\/product-guide.org\/#organization"},"potentialAction":[{"@type":"SearchAction","target":{"@type":"EntryPoint","urlTemplate":"https:\/\/product-guide.org\/?s={search_term_string}"},"query-input":{"@type":"PropertyValueSpecification","valueRequired":true,"valueName":"search_term_string"}}],"inLanguage":"en-GB"},{"@type":"Organization","@id":"https:\/\/product-guide.org\/#organization","name":"Product-Guide.org","url":"https:\/\/product-guide.org\/","logo":{"@type":"ImageObject","inLanguage":"en-GB","@id":"https:\/\/product-guide.org\/#\/schema\/logo\/image\/","url":"https:\/\/product-guide.org\/wp-content\/uploads\/2022\/07\/logo_transparent_background.png","contentUrl":"https:\/\/product-guide.org\/wp-content\/uploads\/2022\/07\/logo_transparent_background.png","width":3400,"height":1132,"caption":"Product-Guide.org"},"image":{"@id":"https:\/\/product-guide.org\/#\/schema\/logo\/image\/"}}]}},"_links":{"self":[{"href":"https:\/\/product-guide.org\/en\/wp-json\/wp\/v2\/product\/54707","targetHints":{"allow":["GET"]}}],"collection":[{"href":"https:\/\/product-guide.org\/en\/wp-json\/wp\/v2\/product"}],"about":[{"href":"https:\/\/product-guide.org\/en\/wp-json\/wp\/v2\/types\/product"}],"wp:featuredmedia":[{"embeddable":true,"href":"https:\/\/product-guide.org\/en\/wp-json\/wp\/v2\/media\/54706"}],"wp:attachment":[{"href":"https:\/\/product-guide.org\/en\/wp-json\/wp\/v2\/media?parent=54707"}],"wp:term":[{"taxonomy":"store","embeddable":true,"href":"https:\/\/product-guide.org\/en\/wp-json\/wp\/v2\/store?post=54707"},{"taxonomy":"product_brand","embeddable":true,"href":"https:\/\/product-guide.org\/en\/wp-json\/wp\/v2\/product_brand?post=54707"},{"taxonomy":"product_cat","embeddable":true,"href":"https:\/\/product-guide.org\/en\/wp-json\/wp\/v2\/product_cat?post=54707"},{"taxonomy":"product_tag","embeddable":true,"href":"https:\/\/product-guide.org\/en\/wp-json\/wp\/v2\/product_tag?post=54707"}],"curies":[{"name":"wp","href":"https:\/\/api.w.org\/{rel}","templated":true}]}}