{"id":54709,"date":"2025-03-17T12:17:50","date_gmt":"2025-03-17T11:17:50","guid":{"rendered":"https:\/\/product-guide.org\/produkt\/hydrolysiertes-marinekollagen-peptan-250-g-rawpowders-de\/"},"modified":"2025-03-17T12:17:51","modified_gmt":"2025-03-17T11:17:51","slug":"hydrolysiertes-marinekollagen-peptan-250-g-rawpowders-de","status":"publish","type":"product","link":"https:\/\/product-guide.org\/en\/produkt\/hydrolysiertes-marinekollagen-peptan-250-g-rawpowders-de\/","title":{"rendered":"Hydrolysiertes Marinekollagen Peptan , 250 g | rawpowders.de"},"content":{"rendered":"<p>RAW POWDERS Hydrolysiertes Marinekollagen Peptan Nahrungserg\u00e4nzungsmittel.Hydrolysiertes marine Fischkollagen Peptan ist ein Premium-Typ-I-Bio-Kollagen, das speziell verarbeitet wird, um die Aufnahme im K\u00f6rper zu verbessern und schnellere sowie effektivere Vorteile zu gew\u00e4hrleisten. Warum ist Kollagen wichtig? Der K\u00f6rper eines Erwachsenen enth\u00e4lt durchschnittlich etwa 10-15 kg Kollagen, abh\u00e4ngig von K\u00f6rpermasse und -bau. Kollagen macht etwa 70 % der Haut und 90 % der Sehnen und B\u00e4nder aus. Mit zunehmendem Alter verlangsamt sich die Kollagensynthese im K\u00f6rper, was zu einer verringerten Gewebeelastizit\u00e4t und einer allm\u00e4hlichen Verschlechterung der Haut- und Gelenkgesundheit f\u00fchrt. Kollagen tr\u00e4gt dazu bei, die strukturelle Integrit\u00e4t der Gewebe, ihre Elastizit\u00e4t und Zugfestigkeit zu erhalten.Zutaten des Hydrolysierten Marinekollagens Peptan :100 % Hydrolysiertes Fischkollagenpeptid (Peptan F 2000 LD).N\u00e4hrwertangaben pro Portion:Hydrolysiertes Fischkollagenpeptid (Peptan )10000 mgNettof\u00fcllmenge: 250 g.Portionsgr\u00f6\u00dfe: 1 Messl\u00f6ffel.Portionen pro Packung: 25.Qualit\u00e4tsstandards bei Raw PowdersRaw Powders Produkte werden gem\u00e4\u00df GMP, ISO oder HACCP-Standards hergestellt. Wir minimieren unn\u00f6tige Zusatzstoffe und streben danach, unsere Produkte so nat\u00fcrlich und rein wie m\u00f6glich zu gestalten. Unsere Verpflichtung ist es, die Produktformeln kontinuierlich zu verbessern und die besten Zutaten zu verwenden.Wir sind stolz darauf, ein Produkt von unvergleichlicher Qualit\u00e4t und Wirksamkeit zu liefern, das aus 100 % reinen Zutaten besteht. Jede Kapsel wird sorgf\u00e4ltig formuliert, um die bioaktiven Verbindungen zu bewahren und maximale Wirkung sowie Vorteile zu gew\u00e4hrleisten. Weitere Informationen zu unseren Werten und unserer Qualit\u00e4tspolitik finden Sie hier.Anwendung von Hydrolysiertem Marinekollagen Peptan Hydrolysiertes Marinekollagen Peptan Es wird empfohlen, t\u00e4glich einen Messl\u00f6ffel (10 g) Pulver einzunehmen. Das Pulver kann pur oder in einem Glas Wasser oder Saft gel\u00f6st eingenommen werden.Hydrolysiertes Marinekollagen Peptan ist leicht verdaulich, hat ein geringes allergisches Potenzial und ist hoch bioverf\u00fcgbar. Mit neutralem Geschmack und Geruch l\u00e4sst es sich perfekt mit verschiedenen Lebensmitteln, Smoothies und Getr\u00e4nken mischen.Hinweis: Die Dosierung kann je nach individuellen Bed\u00fcrfnissen variieren. Wenden Sie sich an einen Gesundheitsexperten f\u00fcr personalisierte Empfehlungen.Eine abwechslungsreiche und ausgewogene Ern\u00e4hrung sowie ein gesunder Lebensstil sind wichtig.Erleben Sie den Unterschied mit Raw Powders Hydrolysiertem Marinekollagen Peptan !Verbessern Sie Ihre Gesundheit mit unserem Premium-Kollagen-Supplement! Schlie\u00dfen Sie sich unserer Gemeinschaft von Kunden an, die bereits die Vorteile des Hydrolysierten Marinekollagens Peptan f\u00fcr ihre Gesundheit entdeckt haben. W\u00e4hlen Sie Qualit\u00e4t und Ergebnisse mit Raw Powders! Vorsichtsma\u00dfnahmenKonsultieren Sie einen Gesundheitsexperten, bevor Sie dieses Produkt ausprobieren.Wenn Sie schwanger sind oder stillen, nehmen Sie dieses Produkt nicht ein.Verwenden Sie das Produkt nicht, wenn die Verpackung besch\u00e4digt ist. Nahrungserg\u00e4nzungsmittel sollten nicht als Ersatz f\u00fcr eine abwechslungsreiche, ausgewogene Ern\u00e4hrung und einen gesunden Lebensstil verwendet werden. \u00dcberschreiten Sie nicht die empfohlene Tagesdosis.Aufbewahrung: K\u00fchl, trocken und vor direkter Sonneneinstrahlung gesch\u00fctzt lagern. Au\u00dferhalb der Reichweite von Kindern aufbewahren.Chargennummer, Mindesthaltbarkeitsdatum: Siehe Verpackung.Hergestellt in der EU im Auftrag von Raw Powders Ltd.Vertrieb: UAB Sporto Inovacijos, K\u0119stu\u010dio g. 55-15, LT-44306 Kaunas.<\/p>\n","protected":false},"excerpt":{"rendered":"<p>RAW POWDERS Hydrolysiertes Marinekollagen Peptan Nahrungserg\u00e4nzungsmittel.Hydrolysiertes marine Fischkollagen Peptan ist ein Premium-Typ-I-Bio-Kollagen, das speziell verarbeitet wird, um die Aufnahme im K\u00f6rper zu verbessern und schnellere sowie effektivere Vorteile zu gew\u00e4hrleisten. Warum ist Kollagen wichtig? Der K\u00f6rper eines Erwachsenen enth\u00e4lt durchschnittlich etwa 10-15 kg Kollagen, abh\u00e4ngig von K\u00f6rpermasse und -bau. Kollagen macht etwa 70 % der [&hellip;]<\/p>\n","protected":false},"featured_media":54708,"template":"","meta":{"_gspb_post_css":""},"store":[],"product_brand":[1420],"product_cat":[1290],"product_tag":[],"class_list":{"0":"post-54709","1":"product","2":"type-product","3":"status-publish","4":"has-post-thumbnail","6":"product_brand-rawpowders-de","7":"product_cat-uncategorized","9":"first","10":"instock","11":"shipping-taxable","12":"purchasable","13":"product-type-simple"},"yoast_head":"<!-- This site is optimized with the Yoast SEO plugin v24.6 - https:\/\/yoast.com\/wordpress\/plugins\/seo\/ -->\n<title>Hydrolysiertes Marinekollagen Peptan , 250 g | rawpowders.de | Product-Guide.org<\/title>\n<meta name=\"description\" content=\"Hydrolysiertes Marinekollagen Peptan , 250 g | rawpowders.de gefunden von Product-Guide.org\" \/>\n<meta name=\"robots\" content=\"index, follow, max-snippet:-1, max-image-preview:large, max-video-preview:-1\" \/>\n<link rel=\"canonical\" href=\"https:\/\/product-guide.org\/en\/produkt\/hydrolysiertes-marinekollagen-peptan-250-g-rawpowders-de\/\" \/>\n<meta property=\"og:locale\" content=\"en_GB\" \/>\n<meta property=\"og:type\" content=\"article\" \/>\n<meta property=\"og:title\" content=\"Hydrolysiertes Marinekollagen Peptan , 250 g | rawpowders.de | Product-Guide.org\" \/>\n<meta property=\"og:description\" content=\"Hydrolysiertes Marinekollagen Peptan , 250 g | rawpowders.de gefunden von Product-Guide.org\" \/>\n<meta property=\"og:url\" content=\"https:\/\/product-guide.org\/en\/produkt\/hydrolysiertes-marinekollagen-peptan-250-g-rawpowders-de\/\" \/>\n<meta property=\"og:site_name\" content=\"Product-Guide.org\" \/>\n<meta property=\"article:modified_time\" content=\"2025-03-17T11:17:51+00:00\" \/>\n<meta name=\"twitter:card\" content=\"summary_large_image\" \/>\n<script type=\"application\/ld+json\" class=\"yoast-schema-graph\">{\"@context\":\"https:\/\/schema.org\",\"@graph\":[{\"@type\":\"WebPage\",\"@id\":\"https:\/\/product-guide.org\/produkt\/hydrolysiertes-marinekollagen-peptan-250-g-rawpowders-de\/\",\"url\":\"https:\/\/product-guide.org\/produkt\/hydrolysiertes-marinekollagen-peptan-250-g-rawpowders-de\/\",\"name\":\"Hydrolysiertes Marinekollagen Peptan , 250 g | rawpowders.de | Product-Guide.org\",\"isPartOf\":{\"@id\":\"https:\/\/product-guide.org\/#website\"},\"primaryImageOfPage\":{\"@id\":\"https:\/\/product-guide.org\/produkt\/hydrolysiertes-marinekollagen-peptan-250-g-rawpowders-de\/#primaryimage\"},\"image\":{\"@id\":\"https:\/\/product-guide.org\/produkt\/hydrolysiertes-marinekollagen-peptan-250-g-rawpowders-de\/#primaryimage\"},\"thumbnailUrl\":\"https:\/\/product-guide.org\/wp-content\/uploads\/2025\/03\/1264-fish-hydrolyzed-collagen-250g-front-1000x1000-1.png\",\"datePublished\":\"2025-03-17T11:17:50+00:00\",\"dateModified\":\"2025-03-17T11:17:51+00:00\",\"description\":\"Hydrolysiertes Marinekollagen Peptan , 250 g | rawpowders.de gefunden von Product-Guide.org\",\"breadcrumb\":{\"@id\":\"https:\/\/product-guide.org\/produkt\/hydrolysiertes-marinekollagen-peptan-250-g-rawpowders-de\/#breadcrumb\"},\"inLanguage\":\"en-GB\",\"potentialAction\":[{\"@type\":\"ReadAction\",\"target\":[\"https:\/\/product-guide.org\/produkt\/hydrolysiertes-marinekollagen-peptan-250-g-rawpowders-de\/\"]}]},{\"@type\":\"ImageObject\",\"inLanguage\":\"en-GB\",\"@id\":\"https:\/\/product-guide.org\/produkt\/hydrolysiertes-marinekollagen-peptan-250-g-rawpowders-de\/#primaryimage\",\"url\":\"https:\/\/product-guide.org\/wp-content\/uploads\/2025\/03\/1264-fish-hydrolyzed-collagen-250g-front-1000x1000-1.png\",\"contentUrl\":\"https:\/\/product-guide.org\/wp-content\/uploads\/2025\/03\/1264-fish-hydrolyzed-collagen-250g-front-1000x1000-1.png\",\"width\":1000,\"height\":1000},{\"@type\":\"BreadcrumbList\",\"@id\":\"https:\/\/product-guide.org\/produkt\/hydrolysiertes-marinekollagen-peptan-250-g-rawpowders-de\/#breadcrumb\",\"itemListElement\":[{\"@type\":\"ListItem\",\"position\":1,\"name\":\"Home\",\"item\":\"https:\/\/product-guide.org\/\"},{\"@type\":\"ListItem\",\"position\":2,\"name\":\"Ergebnisse\",\"item\":\"https:\/\/product-guide.org\/de\/ergebnisse\/\"},{\"@type\":\"ListItem\",\"position\":3,\"name\":\"Hydrolysiertes Marinekollagen Peptan , 250 g | rawpowders.de\"}]},{\"@type\":\"WebSite\",\"@id\":\"https:\/\/product-guide.org\/#website\",\"url\":\"https:\/\/product-guide.org\/\",\"name\":\"Product-Guide.org\",\"description\":\"What Product are you looking for?\",\"publisher\":{\"@id\":\"https:\/\/product-guide.org\/#organization\"},\"potentialAction\":[{\"@type\":\"SearchAction\",\"target\":{\"@type\":\"EntryPoint\",\"urlTemplate\":\"https:\/\/product-guide.org\/?s={search_term_string}\"},\"query-input\":{\"@type\":\"PropertyValueSpecification\",\"valueRequired\":true,\"valueName\":\"search_term_string\"}}],\"inLanguage\":\"en-GB\"},{\"@type\":\"Organization\",\"@id\":\"https:\/\/product-guide.org\/#organization\",\"name\":\"Product-Guide.org\",\"url\":\"https:\/\/product-guide.org\/\",\"logo\":{\"@type\":\"ImageObject\",\"inLanguage\":\"en-GB\",\"@id\":\"https:\/\/product-guide.org\/#\/schema\/logo\/image\/\",\"url\":\"https:\/\/product-guide.org\/wp-content\/uploads\/2022\/07\/logo_transparent_background.png\",\"contentUrl\":\"https:\/\/product-guide.org\/wp-content\/uploads\/2022\/07\/logo_transparent_background.png\",\"width\":3400,\"height\":1132,\"caption\":\"Product-Guide.org\"},\"image\":{\"@id\":\"https:\/\/product-guide.org\/#\/schema\/logo\/image\/\"}}]}<\/script>\n<!-- \/ Yoast SEO plugin. -->","yoast_head_json":{"title":"Hydrolysiertes Marinekollagen Peptan , 250 g | rawpowders.de | Product-Guide.org","description":"Hydrolysiertes Marinekollagen Peptan , 250 g | rawpowders.de gefunden von Product-Guide.org","robots":{"index":"index","follow":"follow","max-snippet":"max-snippet:-1","max-image-preview":"max-image-preview:large","max-video-preview":"max-video-preview:-1"},"canonical":"https:\/\/product-guide.org\/en\/produkt\/hydrolysiertes-marinekollagen-peptan-250-g-rawpowders-de\/","og_locale":"en_GB","og_type":"article","og_title":"Hydrolysiertes Marinekollagen Peptan , 250 g | rawpowders.de | Product-Guide.org","og_description":"Hydrolysiertes Marinekollagen Peptan , 250 g | rawpowders.de gefunden von Product-Guide.org","og_url":"https:\/\/product-guide.org\/en\/produkt\/hydrolysiertes-marinekollagen-peptan-250-g-rawpowders-de\/","og_site_name":"Product-Guide.org","article_modified_time":"2025-03-17T11:17:51+00:00","twitter_card":"summary_large_image","schema":{"@context":"https:\/\/schema.org","@graph":[{"@type":"WebPage","@id":"https:\/\/product-guide.org\/produkt\/hydrolysiertes-marinekollagen-peptan-250-g-rawpowders-de\/","url":"https:\/\/product-guide.org\/produkt\/hydrolysiertes-marinekollagen-peptan-250-g-rawpowders-de\/","name":"Hydrolysiertes Marinekollagen Peptan , 250 g | rawpowders.de | Product-Guide.org","isPartOf":{"@id":"https:\/\/product-guide.org\/#website"},"primaryImageOfPage":{"@id":"https:\/\/product-guide.org\/produkt\/hydrolysiertes-marinekollagen-peptan-250-g-rawpowders-de\/#primaryimage"},"image":{"@id":"https:\/\/product-guide.org\/produkt\/hydrolysiertes-marinekollagen-peptan-250-g-rawpowders-de\/#primaryimage"},"thumbnailUrl":"https:\/\/product-guide.org\/wp-content\/uploads\/2025\/03\/1264-fish-hydrolyzed-collagen-250g-front-1000x1000-1.png","datePublished":"2025-03-17T11:17:50+00:00","dateModified":"2025-03-17T11:17:51+00:00","description":"Hydrolysiertes Marinekollagen Peptan , 250 g | rawpowders.de gefunden von Product-Guide.org","breadcrumb":{"@id":"https:\/\/product-guide.org\/produkt\/hydrolysiertes-marinekollagen-peptan-250-g-rawpowders-de\/#breadcrumb"},"inLanguage":"en-GB","potentialAction":[{"@type":"ReadAction","target":["https:\/\/product-guide.org\/produkt\/hydrolysiertes-marinekollagen-peptan-250-g-rawpowders-de\/"]}]},{"@type":"ImageObject","inLanguage":"en-GB","@id":"https:\/\/product-guide.org\/produkt\/hydrolysiertes-marinekollagen-peptan-250-g-rawpowders-de\/#primaryimage","url":"https:\/\/product-guide.org\/wp-content\/uploads\/2025\/03\/1264-fish-hydrolyzed-collagen-250g-front-1000x1000-1.png","contentUrl":"https:\/\/product-guide.org\/wp-content\/uploads\/2025\/03\/1264-fish-hydrolyzed-collagen-250g-front-1000x1000-1.png","width":1000,"height":1000},{"@type":"BreadcrumbList","@id":"https:\/\/product-guide.org\/produkt\/hydrolysiertes-marinekollagen-peptan-250-g-rawpowders-de\/#breadcrumb","itemListElement":[{"@type":"ListItem","position":1,"name":"Home","item":"https:\/\/product-guide.org\/"},{"@type":"ListItem","position":2,"name":"Ergebnisse","item":"https:\/\/product-guide.org\/de\/ergebnisse\/"},{"@type":"ListItem","position":3,"name":"Hydrolysiertes Marinekollagen Peptan , 250 g | rawpowders.de"}]},{"@type":"WebSite","@id":"https:\/\/product-guide.org\/#website","url":"https:\/\/product-guide.org\/","name":"Product-Guide.org","description":"What Product are you looking for?","publisher":{"@id":"https:\/\/product-guide.org\/#organization"},"potentialAction":[{"@type":"SearchAction","target":{"@type":"EntryPoint","urlTemplate":"https:\/\/product-guide.org\/?s={search_term_string}"},"query-input":{"@type":"PropertyValueSpecification","valueRequired":true,"valueName":"search_term_string"}}],"inLanguage":"en-GB"},{"@type":"Organization","@id":"https:\/\/product-guide.org\/#organization","name":"Product-Guide.org","url":"https:\/\/product-guide.org\/","logo":{"@type":"ImageObject","inLanguage":"en-GB","@id":"https:\/\/product-guide.org\/#\/schema\/logo\/image\/","url":"https:\/\/product-guide.org\/wp-content\/uploads\/2022\/07\/logo_transparent_background.png","contentUrl":"https:\/\/product-guide.org\/wp-content\/uploads\/2022\/07\/logo_transparent_background.png","width":3400,"height":1132,"caption":"Product-Guide.org"},"image":{"@id":"https:\/\/product-guide.org\/#\/schema\/logo\/image\/"}}]}},"_links":{"self":[{"href":"https:\/\/product-guide.org\/en\/wp-json\/wp\/v2\/product\/54709","targetHints":{"allow":["GET"]}}],"collection":[{"href":"https:\/\/product-guide.org\/en\/wp-json\/wp\/v2\/product"}],"about":[{"href":"https:\/\/product-guide.org\/en\/wp-json\/wp\/v2\/types\/product"}],"wp:featuredmedia":[{"embeddable":true,"href":"https:\/\/product-guide.org\/en\/wp-json\/wp\/v2\/media\/54708"}],"wp:attachment":[{"href":"https:\/\/product-guide.org\/en\/wp-json\/wp\/v2\/media?parent=54709"}],"wp:term":[{"taxonomy":"store","embeddable":true,"href":"https:\/\/product-guide.org\/en\/wp-json\/wp\/v2\/store?post=54709"},{"taxonomy":"product_brand","embeddable":true,"href":"https:\/\/product-guide.org\/en\/wp-json\/wp\/v2\/product_brand?post=54709"},{"taxonomy":"product_cat","embeddable":true,"href":"https:\/\/product-guide.org\/en\/wp-json\/wp\/v2\/product_cat?post=54709"},{"taxonomy":"product_tag","embeddable":true,"href":"https:\/\/product-guide.org\/en\/wp-json\/wp\/v2\/product_tag?post=54709"}],"curies":[{"name":"wp","href":"https:\/\/api.w.org\/{rel}","templated":true}]}}