{"id":54721,"date":"2025-03-17T12:18:12","date_gmt":"2025-03-17T11:18:12","guid":{"rendered":"https:\/\/product-guide.org\/produkt\/l-arginin-alpha-ketoglutarat-aakg-pulver-250-gramm-rawpowders-de\/"},"modified":"2025-03-17T12:18:13","modified_gmt":"2025-03-17T11:18:13","slug":"l-arginin-alpha-ketoglutarat-aakg-pulver-250-gramm-rawpowders-de","status":"publish","type":"product","link":"https:\/\/product-guide.org\/en\/produkt\/l-arginin-alpha-ketoglutarat-aakg-pulver-250-gramm-rawpowders-de\/","title":{"rendered":"L-Arginin-Alpha-Ketoglutarat (AAKG) Pulver 250 Gramm | rawpowders.de"},"content":{"rendered":"<p>Raw Powders reines L-Arginin-Alpha-Ketoglutarat-Pulver ohne Zus\u00e4tze! Was ist L-Arginin-Alpha-Ketoglutarat? Raw Powders bietet eine der effektivsten Argininformen aller Zeiten, L-Arginin-Alpha-Ketoglutarat (AAKG), als reines Pulver ohne Zus\u00e4tze an. L-Arginin-Alpha-Ketoglutarat, auch bekannt als AAKG, enth\u00e4lt die essentielle Aminos\u00e4ure L-Arginin, von der angenommen wird, dass sie im K\u00f6rper den Blutfluss und den Stickoxidspiegel verbessert. Arginin, kombiniert mit Alpha-Ketoglutarat, ergibt L-Arginin Alpha-Ketoglutarat. Warum L-Arginin-Alpha-Ketoglutarat? AAKG wird haupts\u00e4chlich von Athleten und Bodybuildern verwendet, weil man glaubt, dass dieses Pr\u00e4parat das Muskelwachstum und die Leistung verbessert, w\u00e4hrend es gleichzeitig die Muskelausdauer und -st\u00e4rke erh\u00f6ht, aber weitere wissenschaftliche Studien sind erforderlich. Die Versorgung mit wertvollen Aminos\u00e4uren durch nur ein Pr\u00e4parat ist sehr praktisch. Warnung: Wenn Sie schwanger sind oder stillen, konsultieren Sie vor der Verwendung dieses Produkts einen Arzt. AU\u00dfER REICHWEITE VON KINDERN AUFBEWAHREN. An einem k\u00fchlen, trockenen Ort aufbewahren. Verwenden Sie dieses Produkt nicht, wenn das Sicherheitssiegel auf der Flasche besch\u00e4digt ist.<\/p>\n","protected":false},"excerpt":{"rendered":"<p>Raw Powders reines L-Arginin-Alpha-Ketoglutarat-Pulver ohne Zus\u00e4tze! Was ist L-Arginin-Alpha-Ketoglutarat? Raw Powders bietet eine der effektivsten Argininformen aller Zeiten, L-Arginin-Alpha-Ketoglutarat (AAKG), als reines Pulver ohne Zus\u00e4tze an. L-Arginin-Alpha-Ketoglutarat, auch bekannt als AAKG, enth\u00e4lt die essentielle Aminos\u00e4ure L-Arginin, von der angenommen wird, dass sie im K\u00f6rper den Blutfluss und den Stickoxidspiegel verbessert. Arginin, kombiniert mit Alpha-Ketoglutarat, ergibt [&hellip;]<\/p>\n","protected":false},"featured_media":54720,"template":"","meta":{"_gspb_post_css":""},"store":[],"product_brand":[1420],"product_cat":[1290],"product_tag":[],"class_list":{"0":"post-54721","1":"product","2":"type-product","3":"status-publish","4":"has-post-thumbnail","6":"product_brand-rawpowders-de","7":"product_cat-uncategorized","9":"first","10":"instock","11":"shipping-taxable","12":"purchasable","13":"product-type-simple"},"yoast_head":"<!-- This site is optimized with the Yoast SEO plugin v24.6 - https:\/\/yoast.com\/wordpress\/plugins\/seo\/ -->\n<title>L-Arginin-Alpha-Ketoglutarat (AAKG) Pulver 250 Gramm | rawpowders.de | Product-Guide.org<\/title>\n<meta name=\"description\" content=\"L-Arginin-Alpha-Ketoglutarat (AAKG) Pulver 250 Gramm | rawpowders.de gefunden von Product-Guide.org\" \/>\n<meta name=\"robots\" content=\"index, follow, max-snippet:-1, max-image-preview:large, max-video-preview:-1\" \/>\n<link rel=\"canonical\" href=\"https:\/\/product-guide.org\/en\/produkt\/l-arginin-alpha-ketoglutarat-aakg-pulver-250-gramm-rawpowders-de\/\" \/>\n<meta property=\"og:locale\" content=\"en_GB\" \/>\n<meta property=\"og:type\" content=\"article\" \/>\n<meta property=\"og:title\" content=\"L-Arginin-Alpha-Ketoglutarat (AAKG) Pulver 250 Gramm | rawpowders.de | Product-Guide.org\" \/>\n<meta property=\"og:description\" content=\"L-Arginin-Alpha-Ketoglutarat (AAKG) Pulver 250 Gramm | rawpowders.de gefunden von Product-Guide.org\" \/>\n<meta property=\"og:url\" content=\"https:\/\/product-guide.org\/en\/produkt\/l-arginin-alpha-ketoglutarat-aakg-pulver-250-gramm-rawpowders-de\/\" \/>\n<meta property=\"og:site_name\" content=\"Product-Guide.org\" \/>\n<meta property=\"article:modified_time\" content=\"2025-03-17T11:18:13+00:00\" \/>\n<meta name=\"twitter:card\" content=\"summary_large_image\" \/>\n<script type=\"application\/ld+json\" class=\"yoast-schema-graph\">{\"@context\":\"https:\/\/schema.org\",\"@graph\":[{\"@type\":\"WebPage\",\"@id\":\"https:\/\/product-guide.org\/produkt\/l-arginin-alpha-ketoglutarat-aakg-pulver-250-gramm-rawpowders-de\/\",\"url\":\"https:\/\/product-guide.org\/produkt\/l-arginin-alpha-ketoglutarat-aakg-pulver-250-gramm-rawpowders-de\/\",\"name\":\"L-Arginin-Alpha-Ketoglutarat (AAKG) Pulver 250 Gramm | rawpowders.de | Product-Guide.org\",\"isPartOf\":{\"@id\":\"https:\/\/product-guide.org\/#website\"},\"primaryImageOfPage\":{\"@id\":\"https:\/\/product-guide.org\/produkt\/l-arginin-alpha-ketoglutarat-aakg-pulver-250-gramm-rawpowders-de\/#primaryimage\"},\"image\":{\"@id\":\"https:\/\/product-guide.org\/produkt\/l-arginin-alpha-ketoglutarat-aakg-pulver-250-gramm-rawpowders-de\/#primaryimage\"},\"thumbnailUrl\":\"https:\/\/product-guide.org\/wp-content\/uploads\/2025\/03\/19_140x190x35_L_arginine_Alpha_Ketoglutarate_AAKG_Powder_250g_front-min-1000x1000-1.png\",\"datePublished\":\"2025-03-17T11:18:12+00:00\",\"dateModified\":\"2025-03-17T11:18:13+00:00\",\"description\":\"L-Arginin-Alpha-Ketoglutarat (AAKG) Pulver 250 Gramm | rawpowders.de gefunden von Product-Guide.org\",\"breadcrumb\":{\"@id\":\"https:\/\/product-guide.org\/produkt\/l-arginin-alpha-ketoglutarat-aakg-pulver-250-gramm-rawpowders-de\/#breadcrumb\"},\"inLanguage\":\"en-GB\",\"potentialAction\":[{\"@type\":\"ReadAction\",\"target\":[\"https:\/\/product-guide.org\/produkt\/l-arginin-alpha-ketoglutarat-aakg-pulver-250-gramm-rawpowders-de\/\"]}]},{\"@type\":\"ImageObject\",\"inLanguage\":\"en-GB\",\"@id\":\"https:\/\/product-guide.org\/produkt\/l-arginin-alpha-ketoglutarat-aakg-pulver-250-gramm-rawpowders-de\/#primaryimage\",\"url\":\"https:\/\/product-guide.org\/wp-content\/uploads\/2025\/03\/19_140x190x35_L_arginine_Alpha_Ketoglutarate_AAKG_Powder_250g_front-min-1000x1000-1.png\",\"contentUrl\":\"https:\/\/product-guide.org\/wp-content\/uploads\/2025\/03\/19_140x190x35_L_arginine_Alpha_Ketoglutarate_AAKG_Powder_250g_front-min-1000x1000-1.png\",\"width\":1000,\"height\":1000},{\"@type\":\"BreadcrumbList\",\"@id\":\"https:\/\/product-guide.org\/produkt\/l-arginin-alpha-ketoglutarat-aakg-pulver-250-gramm-rawpowders-de\/#breadcrumb\",\"itemListElement\":[{\"@type\":\"ListItem\",\"position\":1,\"name\":\"Home\",\"item\":\"https:\/\/product-guide.org\/\"},{\"@type\":\"ListItem\",\"position\":2,\"name\":\"Ergebnisse\",\"item\":\"https:\/\/product-guide.org\/de\/ergebnisse\/\"},{\"@type\":\"ListItem\",\"position\":3,\"name\":\"L-Arginin-Alpha-Ketoglutarat (AAKG) Pulver 250 Gramm | rawpowders.de\"}]},{\"@type\":\"WebSite\",\"@id\":\"https:\/\/product-guide.org\/#website\",\"url\":\"https:\/\/product-guide.org\/\",\"name\":\"Product-Guide.org\",\"description\":\"What Product are you looking for?\",\"publisher\":{\"@id\":\"https:\/\/product-guide.org\/#organization\"},\"potentialAction\":[{\"@type\":\"SearchAction\",\"target\":{\"@type\":\"EntryPoint\",\"urlTemplate\":\"https:\/\/product-guide.org\/?s={search_term_string}\"},\"query-input\":{\"@type\":\"PropertyValueSpecification\",\"valueRequired\":true,\"valueName\":\"search_term_string\"}}],\"inLanguage\":\"en-GB\"},{\"@type\":\"Organization\",\"@id\":\"https:\/\/product-guide.org\/#organization\",\"name\":\"Product-Guide.org\",\"url\":\"https:\/\/product-guide.org\/\",\"logo\":{\"@type\":\"ImageObject\",\"inLanguage\":\"en-GB\",\"@id\":\"https:\/\/product-guide.org\/#\/schema\/logo\/image\/\",\"url\":\"https:\/\/product-guide.org\/wp-content\/uploads\/2022\/07\/logo_transparent_background.png\",\"contentUrl\":\"https:\/\/product-guide.org\/wp-content\/uploads\/2022\/07\/logo_transparent_background.png\",\"width\":3400,\"height\":1132,\"caption\":\"Product-Guide.org\"},\"image\":{\"@id\":\"https:\/\/product-guide.org\/#\/schema\/logo\/image\/\"}}]}<\/script>\n<!-- \/ Yoast SEO plugin. -->","yoast_head_json":{"title":"L-Arginin-Alpha-Ketoglutarat (AAKG) Pulver 250 Gramm | rawpowders.de | Product-Guide.org","description":"L-Arginin-Alpha-Ketoglutarat (AAKG) Pulver 250 Gramm | rawpowders.de gefunden von Product-Guide.org","robots":{"index":"index","follow":"follow","max-snippet":"max-snippet:-1","max-image-preview":"max-image-preview:large","max-video-preview":"max-video-preview:-1"},"canonical":"https:\/\/product-guide.org\/en\/produkt\/l-arginin-alpha-ketoglutarat-aakg-pulver-250-gramm-rawpowders-de\/","og_locale":"en_GB","og_type":"article","og_title":"L-Arginin-Alpha-Ketoglutarat (AAKG) Pulver 250 Gramm | rawpowders.de | Product-Guide.org","og_description":"L-Arginin-Alpha-Ketoglutarat (AAKG) Pulver 250 Gramm | rawpowders.de gefunden von Product-Guide.org","og_url":"https:\/\/product-guide.org\/en\/produkt\/l-arginin-alpha-ketoglutarat-aakg-pulver-250-gramm-rawpowders-de\/","og_site_name":"Product-Guide.org","article_modified_time":"2025-03-17T11:18:13+00:00","twitter_card":"summary_large_image","schema":{"@context":"https:\/\/schema.org","@graph":[{"@type":"WebPage","@id":"https:\/\/product-guide.org\/produkt\/l-arginin-alpha-ketoglutarat-aakg-pulver-250-gramm-rawpowders-de\/","url":"https:\/\/product-guide.org\/produkt\/l-arginin-alpha-ketoglutarat-aakg-pulver-250-gramm-rawpowders-de\/","name":"L-Arginin-Alpha-Ketoglutarat (AAKG) Pulver 250 Gramm | rawpowders.de | Product-Guide.org","isPartOf":{"@id":"https:\/\/product-guide.org\/#website"},"primaryImageOfPage":{"@id":"https:\/\/product-guide.org\/produkt\/l-arginin-alpha-ketoglutarat-aakg-pulver-250-gramm-rawpowders-de\/#primaryimage"},"image":{"@id":"https:\/\/product-guide.org\/produkt\/l-arginin-alpha-ketoglutarat-aakg-pulver-250-gramm-rawpowders-de\/#primaryimage"},"thumbnailUrl":"https:\/\/product-guide.org\/wp-content\/uploads\/2025\/03\/19_140x190x35_L_arginine_Alpha_Ketoglutarate_AAKG_Powder_250g_front-min-1000x1000-1.png","datePublished":"2025-03-17T11:18:12+00:00","dateModified":"2025-03-17T11:18:13+00:00","description":"L-Arginin-Alpha-Ketoglutarat (AAKG) Pulver 250 Gramm | rawpowders.de gefunden von Product-Guide.org","breadcrumb":{"@id":"https:\/\/product-guide.org\/produkt\/l-arginin-alpha-ketoglutarat-aakg-pulver-250-gramm-rawpowders-de\/#breadcrumb"},"inLanguage":"en-GB","potentialAction":[{"@type":"ReadAction","target":["https:\/\/product-guide.org\/produkt\/l-arginin-alpha-ketoglutarat-aakg-pulver-250-gramm-rawpowders-de\/"]}]},{"@type":"ImageObject","inLanguage":"en-GB","@id":"https:\/\/product-guide.org\/produkt\/l-arginin-alpha-ketoglutarat-aakg-pulver-250-gramm-rawpowders-de\/#primaryimage","url":"https:\/\/product-guide.org\/wp-content\/uploads\/2025\/03\/19_140x190x35_L_arginine_Alpha_Ketoglutarate_AAKG_Powder_250g_front-min-1000x1000-1.png","contentUrl":"https:\/\/product-guide.org\/wp-content\/uploads\/2025\/03\/19_140x190x35_L_arginine_Alpha_Ketoglutarate_AAKG_Powder_250g_front-min-1000x1000-1.png","width":1000,"height":1000},{"@type":"BreadcrumbList","@id":"https:\/\/product-guide.org\/produkt\/l-arginin-alpha-ketoglutarat-aakg-pulver-250-gramm-rawpowders-de\/#breadcrumb","itemListElement":[{"@type":"ListItem","position":1,"name":"Home","item":"https:\/\/product-guide.org\/"},{"@type":"ListItem","position":2,"name":"Ergebnisse","item":"https:\/\/product-guide.org\/de\/ergebnisse\/"},{"@type":"ListItem","position":3,"name":"L-Arginin-Alpha-Ketoglutarat (AAKG) Pulver 250 Gramm | rawpowders.de"}]},{"@type":"WebSite","@id":"https:\/\/product-guide.org\/#website","url":"https:\/\/product-guide.org\/","name":"Product-Guide.org","description":"What Product are you looking for?","publisher":{"@id":"https:\/\/product-guide.org\/#organization"},"potentialAction":[{"@type":"SearchAction","target":{"@type":"EntryPoint","urlTemplate":"https:\/\/product-guide.org\/?s={search_term_string}"},"query-input":{"@type":"PropertyValueSpecification","valueRequired":true,"valueName":"search_term_string"}}],"inLanguage":"en-GB"},{"@type":"Organization","@id":"https:\/\/product-guide.org\/#organization","name":"Product-Guide.org","url":"https:\/\/product-guide.org\/","logo":{"@type":"ImageObject","inLanguage":"en-GB","@id":"https:\/\/product-guide.org\/#\/schema\/logo\/image\/","url":"https:\/\/product-guide.org\/wp-content\/uploads\/2022\/07\/logo_transparent_background.png","contentUrl":"https:\/\/product-guide.org\/wp-content\/uploads\/2022\/07\/logo_transparent_background.png","width":3400,"height":1132,"caption":"Product-Guide.org"},"image":{"@id":"https:\/\/product-guide.org\/#\/schema\/logo\/image\/"}}]}},"_links":{"self":[{"href":"https:\/\/product-guide.org\/en\/wp-json\/wp\/v2\/product\/54721","targetHints":{"allow":["GET"]}}],"collection":[{"href":"https:\/\/product-guide.org\/en\/wp-json\/wp\/v2\/product"}],"about":[{"href":"https:\/\/product-guide.org\/en\/wp-json\/wp\/v2\/types\/product"}],"wp:featuredmedia":[{"embeddable":true,"href":"https:\/\/product-guide.org\/en\/wp-json\/wp\/v2\/media\/54720"}],"wp:attachment":[{"href":"https:\/\/product-guide.org\/en\/wp-json\/wp\/v2\/media?parent=54721"}],"wp:term":[{"taxonomy":"store","embeddable":true,"href":"https:\/\/product-guide.org\/en\/wp-json\/wp\/v2\/store?post=54721"},{"taxonomy":"product_brand","embeddable":true,"href":"https:\/\/product-guide.org\/en\/wp-json\/wp\/v2\/product_brand?post=54721"},{"taxonomy":"product_cat","embeddable":true,"href":"https:\/\/product-guide.org\/en\/wp-json\/wp\/v2\/product_cat?post=54721"},{"taxonomy":"product_tag","embeddable":true,"href":"https:\/\/product-guide.org\/en\/wp-json\/wp\/v2\/product_tag?post=54721"}],"curies":[{"name":"wp","href":"https:\/\/api.w.org\/{rel}","templated":true}]}}