{"id":54729,"date":"2025-03-17T12:18:27","date_gmt":"2025-03-17T11:18:27","guid":{"rendered":"https:\/\/product-guide.org\/produkt\/go-powders-l-tryptophan-500-mg-120-capsules-rawpowders-de\/"},"modified":"2025-03-17T12:18:28","modified_gmt":"2025-03-17T11:18:28","slug":"go-powders-l-tryptophan-500-mg-120-capsules-rawpowders-de","status":"publish","type":"product","link":"https:\/\/product-guide.org\/en\/produkt\/go-powders-l-tryptophan-500-mg-120-capsules-rawpowders-de\/","title":{"rendered":"Go Powders L-Tryptophan 500 mg. 120 Capsules | rawpowders.de"},"content":{"rendered":"<p>Raw Powders reines L-Tryptophan-KapselnWas ist L-Tryptophan?L-Tryptophan oder L-2-Amino-3- (Indol-3-yl) propions\u00e4ure ist eine essentielle Aminos\u00e4ure, die zur Herstellung von Serotonin verwendet wird. L-Tryptophan kann in einigen Pflanzen und Proteinen gefunden werden, die in Tieren vorkommen, doch leider produziert der menschliche K\u00f6rper es nicht auf nat\u00fcrliche Weise. Aufgrund eines solchen Problems muss L-Tryptophan aus der Nahrung oder aus Nahrungserg\u00e4nzungsmitteln aufgenommen werden, um einen gesunden Geist zu gew\u00e4hrleisten. Wenn L-Tryptophan in unseren K\u00f6rper gelangt, wird es zuerst in 5-HTP und dann in Seratonin umgewandelt.Warum L-Tryptophan?Aufgrund der F\u00e4higkeit von L-Tryptophan, sich in Seratonin umzuwandeln, ist diese Substanz ein wesentliches Instrument, das einen regelm\u00e4\u00dfigen Schlafzyklus und die Schlafqualit\u00e4t gew\u00e4hrleistet, Angstzust\u00e4nde reduziert und Depressionen lindert. L-Tryptophan kann zur Behandlung von ADHS verwendet werden. Dar\u00fcber hinaus kann es auch bei Frauen mit pr\u00e4menstruellem Syndrom hilfreich sein. Und schlie\u00dflich kann L-Tryptophan Ihre sportliche Leistung verbessern.WARNUNG:Wenn Sie schwanger sind oder stillen, konsultieren Sie vor der Verwendung dieses Produkts einen Arzt. AU\u00dfER REICHWEITE VON KINDERN AUFBEWAHREN. Die empfohlene Einnahme darf nicht \u00fcberschritten werden. Nicht innerhalb von 4 Stunden am selben Tag erneut einnehmen. Nicht mit Alkohol oder Beruhigungsmitteln mischen. Personen, die Monoamin-Oxi-Dase-Hemmer einnehmen, sollten sich vor der Einnahme dieses Produkts mit ihrem Arzt beraten. Bei \u00fcberm\u00e4\u00dfiger Anwendung besteht die Gefahr von Entzugserscheinungen. Die t\u00e4gliche Anwendung kann zu Toleranz f\u00fchren. Nehmen Sie die empfohlene Tagesdosis bis zu zweimal pro Woche ein oder wechseln Sie die Einnahme mit langen Unterbrechungen ab. An einem k\u00fchlen, trockenen Ort aufbewahren. Verwenden Sie dieses Produkt nicht, wenn das Sicherheitssiegel auf der Flasche besch\u00e4digt ist.<\/p>\n","protected":false},"excerpt":{"rendered":"<p>Raw Powders reines L-Tryptophan-KapselnWas ist L-Tryptophan?L-Tryptophan oder L-2-Amino-3- (Indol-3-yl) propions\u00e4ure ist eine essentielle Aminos\u00e4ure, die zur Herstellung von Serotonin verwendet wird. L-Tryptophan kann in einigen Pflanzen und Proteinen gefunden werden, die in Tieren vorkommen, doch leider produziert der menschliche K\u00f6rper es nicht auf nat\u00fcrliche Weise. Aufgrund eines solchen Problems muss L-Tryptophan aus der Nahrung oder [&hellip;]<\/p>\n","protected":false},"featured_media":54728,"template":"","meta":{"_gspb_post_css":""},"store":[],"product_brand":[1420],"product_cat":[1290],"product_tag":[],"class_list":{"0":"post-54729","1":"product","2":"type-product","3":"status-publish","4":"has-post-thumbnail","6":"product_brand-rawpowders-de","7":"product_cat-uncategorized","9":"first","10":"instock","11":"shipping-taxable","12":"purchasable","13":"product-type-simple"},"yoast_head":"<!-- This site is optimized with the Yoast SEO plugin v24.6 - https:\/\/yoast.com\/wordpress\/plugins\/seo\/ -->\n<title>Go Powders L-Tryptophan 500 mg. 120 Capsules | rawpowders.de | Product-Guide.org<\/title>\n<meta name=\"description\" content=\"Go Powders L-Tryptophan 500 mg. 120 Capsules | rawpowders.de gefunden von Product-Guide.org\" \/>\n<meta name=\"robots\" content=\"index, follow, max-snippet:-1, max-image-preview:large, max-video-preview:-1\" \/>\n<link rel=\"canonical\" href=\"https:\/\/product-guide.org\/en\/produkt\/go-powders-l-tryptophan-500-mg-120-capsules-rawpowders-de\/\" \/>\n<meta property=\"og:locale\" content=\"en_GB\" \/>\n<meta property=\"og:type\" content=\"article\" \/>\n<meta property=\"og:title\" content=\"Go Powders L-Tryptophan 500 mg. 120 Capsules | rawpowders.de | Product-Guide.org\" \/>\n<meta property=\"og:description\" content=\"Go Powders L-Tryptophan 500 mg. 120 Capsules | rawpowders.de gefunden von Product-Guide.org\" \/>\n<meta property=\"og:url\" content=\"https:\/\/product-guide.org\/en\/produkt\/go-powders-l-tryptophan-500-mg-120-capsules-rawpowders-de\/\" \/>\n<meta property=\"og:site_name\" content=\"Product-Guide.org\" \/>\n<meta property=\"article:modified_time\" content=\"2025-03-17T11:18:28+00:00\" \/>\n<meta name=\"twitter:card\" content=\"summary_large_image\" \/>\n<script type=\"application\/ld+json\" class=\"yoast-schema-graph\">{\"@context\":\"https:\/\/schema.org\",\"@graph\":[{\"@type\":\"WebPage\",\"@id\":\"https:\/\/product-guide.org\/produkt\/go-powders-l-tryptophan-500-mg-120-capsules-rawpowders-de\/\",\"url\":\"https:\/\/product-guide.org\/produkt\/go-powders-l-tryptophan-500-mg-120-capsules-rawpowders-de\/\",\"name\":\"Go Powders L-Tryptophan 500 mg. 120 Capsules | rawpowders.de | Product-Guide.org\",\"isPartOf\":{\"@id\":\"https:\/\/product-guide.org\/#website\"},\"primaryImageOfPage\":{\"@id\":\"https:\/\/product-guide.org\/produkt\/go-powders-l-tryptophan-500-mg-120-capsules-rawpowders-de\/#primaryimage\"},\"image\":{\"@id\":\"https:\/\/product-guide.org\/produkt\/go-powders-l-tryptophan-500-mg-120-capsules-rawpowders-de\/#primaryimage\"},\"thumbnailUrl\":\"https:\/\/product-guide.org\/wp-content\/uploads\/2025\/03\/tryptophan-en-bottle-front_new-1000x1000-1.png\",\"datePublished\":\"2025-03-17T11:18:27+00:00\",\"dateModified\":\"2025-03-17T11:18:28+00:00\",\"description\":\"Go Powders L-Tryptophan 500 mg. 120 Capsules | rawpowders.de gefunden von Product-Guide.org\",\"breadcrumb\":{\"@id\":\"https:\/\/product-guide.org\/produkt\/go-powders-l-tryptophan-500-mg-120-capsules-rawpowders-de\/#breadcrumb\"},\"inLanguage\":\"en-GB\",\"potentialAction\":[{\"@type\":\"ReadAction\",\"target\":[\"https:\/\/product-guide.org\/produkt\/go-powders-l-tryptophan-500-mg-120-capsules-rawpowders-de\/\"]}]},{\"@type\":\"ImageObject\",\"inLanguage\":\"en-GB\",\"@id\":\"https:\/\/product-guide.org\/produkt\/go-powders-l-tryptophan-500-mg-120-capsules-rawpowders-de\/#primaryimage\",\"url\":\"https:\/\/product-guide.org\/wp-content\/uploads\/2025\/03\/tryptophan-en-bottle-front_new-1000x1000-1.png\",\"contentUrl\":\"https:\/\/product-guide.org\/wp-content\/uploads\/2025\/03\/tryptophan-en-bottle-front_new-1000x1000-1.png\",\"width\":1000,\"height\":1000},{\"@type\":\"BreadcrumbList\",\"@id\":\"https:\/\/product-guide.org\/produkt\/go-powders-l-tryptophan-500-mg-120-capsules-rawpowders-de\/#breadcrumb\",\"itemListElement\":[{\"@type\":\"ListItem\",\"position\":1,\"name\":\"Home\",\"item\":\"https:\/\/product-guide.org\/\"},{\"@type\":\"ListItem\",\"position\":2,\"name\":\"Ergebnisse\",\"item\":\"https:\/\/product-guide.org\/de\/ergebnisse\/\"},{\"@type\":\"ListItem\",\"position\":3,\"name\":\"Go Powders L-Tryptophan 500 mg. 120 Capsules | rawpowders.de\"}]},{\"@type\":\"WebSite\",\"@id\":\"https:\/\/product-guide.org\/#website\",\"url\":\"https:\/\/product-guide.org\/\",\"name\":\"Product-Guide.org\",\"description\":\"What Product are you looking for?\",\"publisher\":{\"@id\":\"https:\/\/product-guide.org\/#organization\"},\"potentialAction\":[{\"@type\":\"SearchAction\",\"target\":{\"@type\":\"EntryPoint\",\"urlTemplate\":\"https:\/\/product-guide.org\/?s={search_term_string}\"},\"query-input\":{\"@type\":\"PropertyValueSpecification\",\"valueRequired\":true,\"valueName\":\"search_term_string\"}}],\"inLanguage\":\"en-GB\"},{\"@type\":\"Organization\",\"@id\":\"https:\/\/product-guide.org\/#organization\",\"name\":\"Product-Guide.org\",\"url\":\"https:\/\/product-guide.org\/\",\"logo\":{\"@type\":\"ImageObject\",\"inLanguage\":\"en-GB\",\"@id\":\"https:\/\/product-guide.org\/#\/schema\/logo\/image\/\",\"url\":\"https:\/\/product-guide.org\/wp-content\/uploads\/2022\/07\/logo_transparent_background.png\",\"contentUrl\":\"https:\/\/product-guide.org\/wp-content\/uploads\/2022\/07\/logo_transparent_background.png\",\"width\":3400,\"height\":1132,\"caption\":\"Product-Guide.org\"},\"image\":{\"@id\":\"https:\/\/product-guide.org\/#\/schema\/logo\/image\/\"}}]}<\/script>\n<!-- \/ Yoast SEO plugin. -->","yoast_head_json":{"title":"Go Powders L-Tryptophan 500 mg. 120 Capsules | rawpowders.de | Product-Guide.org","description":"Go Powders L-Tryptophan 500 mg. 120 Capsules | rawpowders.de gefunden von Product-Guide.org","robots":{"index":"index","follow":"follow","max-snippet":"max-snippet:-1","max-image-preview":"max-image-preview:large","max-video-preview":"max-video-preview:-1"},"canonical":"https:\/\/product-guide.org\/en\/produkt\/go-powders-l-tryptophan-500-mg-120-capsules-rawpowders-de\/","og_locale":"en_GB","og_type":"article","og_title":"Go Powders L-Tryptophan 500 mg. 120 Capsules | rawpowders.de | Product-Guide.org","og_description":"Go Powders L-Tryptophan 500 mg. 120 Capsules | rawpowders.de gefunden von Product-Guide.org","og_url":"https:\/\/product-guide.org\/en\/produkt\/go-powders-l-tryptophan-500-mg-120-capsules-rawpowders-de\/","og_site_name":"Product-Guide.org","article_modified_time":"2025-03-17T11:18:28+00:00","twitter_card":"summary_large_image","schema":{"@context":"https:\/\/schema.org","@graph":[{"@type":"WebPage","@id":"https:\/\/product-guide.org\/produkt\/go-powders-l-tryptophan-500-mg-120-capsules-rawpowders-de\/","url":"https:\/\/product-guide.org\/produkt\/go-powders-l-tryptophan-500-mg-120-capsules-rawpowders-de\/","name":"Go Powders L-Tryptophan 500 mg. 120 Capsules | rawpowders.de | Product-Guide.org","isPartOf":{"@id":"https:\/\/product-guide.org\/#website"},"primaryImageOfPage":{"@id":"https:\/\/product-guide.org\/produkt\/go-powders-l-tryptophan-500-mg-120-capsules-rawpowders-de\/#primaryimage"},"image":{"@id":"https:\/\/product-guide.org\/produkt\/go-powders-l-tryptophan-500-mg-120-capsules-rawpowders-de\/#primaryimage"},"thumbnailUrl":"https:\/\/product-guide.org\/wp-content\/uploads\/2025\/03\/tryptophan-en-bottle-front_new-1000x1000-1.png","datePublished":"2025-03-17T11:18:27+00:00","dateModified":"2025-03-17T11:18:28+00:00","description":"Go Powders L-Tryptophan 500 mg. 120 Capsules | rawpowders.de gefunden von Product-Guide.org","breadcrumb":{"@id":"https:\/\/product-guide.org\/produkt\/go-powders-l-tryptophan-500-mg-120-capsules-rawpowders-de\/#breadcrumb"},"inLanguage":"en-GB","potentialAction":[{"@type":"ReadAction","target":["https:\/\/product-guide.org\/produkt\/go-powders-l-tryptophan-500-mg-120-capsules-rawpowders-de\/"]}]},{"@type":"ImageObject","inLanguage":"en-GB","@id":"https:\/\/product-guide.org\/produkt\/go-powders-l-tryptophan-500-mg-120-capsules-rawpowders-de\/#primaryimage","url":"https:\/\/product-guide.org\/wp-content\/uploads\/2025\/03\/tryptophan-en-bottle-front_new-1000x1000-1.png","contentUrl":"https:\/\/product-guide.org\/wp-content\/uploads\/2025\/03\/tryptophan-en-bottle-front_new-1000x1000-1.png","width":1000,"height":1000},{"@type":"BreadcrumbList","@id":"https:\/\/product-guide.org\/produkt\/go-powders-l-tryptophan-500-mg-120-capsules-rawpowders-de\/#breadcrumb","itemListElement":[{"@type":"ListItem","position":1,"name":"Home","item":"https:\/\/product-guide.org\/"},{"@type":"ListItem","position":2,"name":"Ergebnisse","item":"https:\/\/product-guide.org\/de\/ergebnisse\/"},{"@type":"ListItem","position":3,"name":"Go Powders L-Tryptophan 500 mg. 120 Capsules | rawpowders.de"}]},{"@type":"WebSite","@id":"https:\/\/product-guide.org\/#website","url":"https:\/\/product-guide.org\/","name":"Product-Guide.org","description":"What Product are you looking for?","publisher":{"@id":"https:\/\/product-guide.org\/#organization"},"potentialAction":[{"@type":"SearchAction","target":{"@type":"EntryPoint","urlTemplate":"https:\/\/product-guide.org\/?s={search_term_string}"},"query-input":{"@type":"PropertyValueSpecification","valueRequired":true,"valueName":"search_term_string"}}],"inLanguage":"en-GB"},{"@type":"Organization","@id":"https:\/\/product-guide.org\/#organization","name":"Product-Guide.org","url":"https:\/\/product-guide.org\/","logo":{"@type":"ImageObject","inLanguage":"en-GB","@id":"https:\/\/product-guide.org\/#\/schema\/logo\/image\/","url":"https:\/\/product-guide.org\/wp-content\/uploads\/2022\/07\/logo_transparent_background.png","contentUrl":"https:\/\/product-guide.org\/wp-content\/uploads\/2022\/07\/logo_transparent_background.png","width":3400,"height":1132,"caption":"Product-Guide.org"},"image":{"@id":"https:\/\/product-guide.org\/#\/schema\/logo\/image\/"}}]}},"_links":{"self":[{"href":"https:\/\/product-guide.org\/en\/wp-json\/wp\/v2\/product\/54729","targetHints":{"allow":["GET"]}}],"collection":[{"href":"https:\/\/product-guide.org\/en\/wp-json\/wp\/v2\/product"}],"about":[{"href":"https:\/\/product-guide.org\/en\/wp-json\/wp\/v2\/types\/product"}],"wp:featuredmedia":[{"embeddable":true,"href":"https:\/\/product-guide.org\/en\/wp-json\/wp\/v2\/media\/54728"}],"wp:attachment":[{"href":"https:\/\/product-guide.org\/en\/wp-json\/wp\/v2\/media?parent=54729"}],"wp:term":[{"taxonomy":"store","embeddable":true,"href":"https:\/\/product-guide.org\/en\/wp-json\/wp\/v2\/store?post=54729"},{"taxonomy":"product_brand","embeddable":true,"href":"https:\/\/product-guide.org\/en\/wp-json\/wp\/v2\/product_brand?post=54729"},{"taxonomy":"product_cat","embeddable":true,"href":"https:\/\/product-guide.org\/en\/wp-json\/wp\/v2\/product_cat?post=54729"},{"taxonomy":"product_tag","embeddable":true,"href":"https:\/\/product-guide.org\/en\/wp-json\/wp\/v2\/product_tag?post=54729"}],"curies":[{"name":"wp","href":"https:\/\/api.w.org\/{rel}","templated":true}]}}