{"id":54735,"date":"2025-03-17T12:18:38","date_gmt":"2025-03-17T11:18:38","guid":{"rendered":"https:\/\/product-guide.org\/produkt\/melatonin-200-tabletten-rawpowders-de\/"},"modified":"2025-03-17T12:18:38","modified_gmt":"2025-03-17T11:18:38","slug":"melatonin-200-tabletten-rawpowders-de","status":"publish","type":"product","link":"https:\/\/product-guide.org\/en\/produkt\/melatonin-200-tabletten-rawpowders-de\/","title":{"rendered":"Melatonin 200 Tabletten | rawpowders.de"},"content":{"rendered":"<p>Raw Powders Melatonin-Tablette!Was ist Melatonin?Melatonin (auch bekannt als Schlafhormon und N-Acetyl-5-methoxy-Tryptamin) kommt in der Zirbeldr\u00fcse des Gehirns vor. Melatonin als Nahrungserg\u00e4nzungsmittel wird meist verwendet, wenn der nat\u00fcrliche Melatoninspiegel niedrig ist. Ein niedriger Melatoninspiegel ist einer der Gr\u00fcnde, warum einige Menschen nicht einschlafen k\u00f6nnen. Wenn Ihr K\u00f6rper Melatonin aufnimmt &#8211; beginnen Sie, sich ruhig und schl\u00e4frig zu f\u00fchlen. Die Hauptaufgabe von Melatonin ist es, den Schlaf-Wach-Zyklus zu kontrollieren und einen besseren, qualitativ hochwertigeren Schlaf zu gew\u00e4hrleisten. Die Einnahme von Melatonin-Tabletten kann f\u00fcr Menschen, die mit Schlaflosigkeit zu k\u00e4mpfen haben, hilfreich sein.Warum Melatonin?Melatonin ist nicht giftig oder s\u00fcchtig machend.Menschen, die Schwierigkeiten beim Einschlafen haben, nehmen dieses Mittel in der Regel ein, um ihren Schlafzyklus zu regulieren.Warnung:Wenn Sie unter \u00e4rztlicher Aufsicht stehen oder Beruhigungsmittel oder Beruhigungsmittel verwenden, konsultieren Sie vor der Anwendung den Rat Ihren Arzt. Konsultieren Sie vor der Anwendung Ihren Arzt, wenn Sie an einer Autoimmunerkrankung oder einer depressiven St\u00f6rung leiden, schwanger sind oder stillen. Nicht f\u00fcr Kinder unter 12 Jahren geeignet. Nicht beim Bedienen von Maschinen oder beim Fahren eines Fahrzeugs verwenden.An einem k\u00fchlen, trockenen Ort aufbewahren. Verwenden Sie dieses Produkt nicht, wenn das Sicherheitssiegel auf der Flasche besch\u00e4digt ist. Au\u00dferhalb der Reichweite von Kindern aufbewahren.<\/p>\n","protected":false},"excerpt":{"rendered":"<p>Raw Powders Melatonin-Tablette!Was ist Melatonin?Melatonin (auch bekannt als Schlafhormon und N-Acetyl-5-methoxy-Tryptamin) kommt in der Zirbeldr\u00fcse des Gehirns vor. Melatonin als Nahrungserg\u00e4nzungsmittel wird meist verwendet, wenn der nat\u00fcrliche Melatoninspiegel niedrig ist. Ein niedriger Melatoninspiegel ist einer der Gr\u00fcnde, warum einige Menschen nicht einschlafen k\u00f6nnen. Wenn Ihr K\u00f6rper Melatonin aufnimmt &#8211; beginnen Sie, sich ruhig und schl\u00e4frig [&hellip;]<\/p>\n","protected":false},"featured_media":54734,"template":"","meta":{"_gspb_post_css":""},"store":[],"product_brand":[1420],"product_cat":[1290],"product_tag":[],"class_list":{"0":"post-54735","1":"product","2":"type-product","3":"status-publish","4":"has-post-thumbnail","6":"product_brand-rawpowders-de","7":"product_cat-uncategorized","9":"first","10":"instock","11":"shipping-taxable","12":"purchasable","13":"product-type-simple"},"yoast_head":"<!-- This site is optimized with the Yoast SEO plugin v24.6 - https:\/\/yoast.com\/wordpress\/plugins\/seo\/ -->\n<title>Melatonin 200 Tabletten | rawpowders.de | Product-Guide.org<\/title>\n<meta name=\"description\" content=\"Melatonin 200 Tabletten | rawpowders.de gefunden von Product-Guide.org\" \/>\n<meta name=\"robots\" content=\"index, follow, max-snippet:-1, max-image-preview:large, max-video-preview:-1\" \/>\n<link rel=\"canonical\" href=\"https:\/\/product-guide.org\/en\/produkt\/melatonin-200-tabletten-rawpowders-de\/\" \/>\n<meta property=\"og:locale\" content=\"en_GB\" \/>\n<meta property=\"og:type\" content=\"article\" \/>\n<meta property=\"og:title\" content=\"Melatonin 200 Tabletten | rawpowders.de | Product-Guide.org\" \/>\n<meta property=\"og:description\" content=\"Melatonin 200 Tabletten | rawpowders.de gefunden von Product-Guide.org\" \/>\n<meta property=\"og:url\" content=\"https:\/\/product-guide.org\/en\/produkt\/melatonin-200-tabletten-rawpowders-de\/\" \/>\n<meta property=\"og:site_name\" content=\"Product-Guide.org\" \/>\n<meta name=\"twitter:card\" content=\"summary_large_image\" \/>\n<script type=\"application\/ld+json\" class=\"yoast-schema-graph\">{\"@context\":\"https:\/\/schema.org\",\"@graph\":[{\"@type\":\"WebPage\",\"@id\":\"https:\/\/product-guide.org\/produkt\/melatonin-200-tabletten-rawpowders-de\/\",\"url\":\"https:\/\/product-guide.org\/produkt\/melatonin-200-tabletten-rawpowders-de\/\",\"name\":\"Melatonin 200 Tabletten | rawpowders.de | Product-Guide.org\",\"isPartOf\":{\"@id\":\"https:\/\/product-guide.org\/#website\"},\"primaryImageOfPage\":{\"@id\":\"https:\/\/product-guide.org\/produkt\/melatonin-200-tabletten-rawpowders-de\/#primaryimage\"},\"image\":{\"@id\":\"https:\/\/product-guide.org\/produkt\/melatonin-200-tabletten-rawpowders-de\/#primaryimage\"},\"thumbnailUrl\":\"https:\/\/product-guide.org\/wp-content\/uploads\/2025\/03\/1071_Melatonin_1mg_200_tabs_front_NEW2-1000x1000-1.png\",\"datePublished\":\"2025-03-17T11:18:38+00:00\",\"description\":\"Melatonin 200 Tabletten | rawpowders.de gefunden von Product-Guide.org\",\"breadcrumb\":{\"@id\":\"https:\/\/product-guide.org\/produkt\/melatonin-200-tabletten-rawpowders-de\/#breadcrumb\"},\"inLanguage\":\"en-GB\",\"potentialAction\":[{\"@type\":\"ReadAction\",\"target\":[\"https:\/\/product-guide.org\/produkt\/melatonin-200-tabletten-rawpowders-de\/\"]}]},{\"@type\":\"ImageObject\",\"inLanguage\":\"en-GB\",\"@id\":\"https:\/\/product-guide.org\/produkt\/melatonin-200-tabletten-rawpowders-de\/#primaryimage\",\"url\":\"https:\/\/product-guide.org\/wp-content\/uploads\/2025\/03\/1071_Melatonin_1mg_200_tabs_front_NEW2-1000x1000-1.png\",\"contentUrl\":\"https:\/\/product-guide.org\/wp-content\/uploads\/2025\/03\/1071_Melatonin_1mg_200_tabs_front_NEW2-1000x1000-1.png\",\"width\":1000,\"height\":1000},{\"@type\":\"BreadcrumbList\",\"@id\":\"https:\/\/product-guide.org\/produkt\/melatonin-200-tabletten-rawpowders-de\/#breadcrumb\",\"itemListElement\":[{\"@type\":\"ListItem\",\"position\":1,\"name\":\"Home\",\"item\":\"https:\/\/product-guide.org\/\"},{\"@type\":\"ListItem\",\"position\":2,\"name\":\"Ergebnisse\",\"item\":\"https:\/\/product-guide.org\/de\/ergebnisse\/\"},{\"@type\":\"ListItem\",\"position\":3,\"name\":\"Melatonin 200 Tabletten | rawpowders.de\"}]},{\"@type\":\"WebSite\",\"@id\":\"https:\/\/product-guide.org\/#website\",\"url\":\"https:\/\/product-guide.org\/\",\"name\":\"Product-Guide.org\",\"description\":\"What Product are you looking for?\",\"publisher\":{\"@id\":\"https:\/\/product-guide.org\/#organization\"},\"potentialAction\":[{\"@type\":\"SearchAction\",\"target\":{\"@type\":\"EntryPoint\",\"urlTemplate\":\"https:\/\/product-guide.org\/?s={search_term_string}\"},\"query-input\":{\"@type\":\"PropertyValueSpecification\",\"valueRequired\":true,\"valueName\":\"search_term_string\"}}],\"inLanguage\":\"en-GB\"},{\"@type\":\"Organization\",\"@id\":\"https:\/\/product-guide.org\/#organization\",\"name\":\"Product-Guide.org\",\"url\":\"https:\/\/product-guide.org\/\",\"logo\":{\"@type\":\"ImageObject\",\"inLanguage\":\"en-GB\",\"@id\":\"https:\/\/product-guide.org\/#\/schema\/logo\/image\/\",\"url\":\"https:\/\/product-guide.org\/wp-content\/uploads\/2022\/07\/logo_transparent_background.png\",\"contentUrl\":\"https:\/\/product-guide.org\/wp-content\/uploads\/2022\/07\/logo_transparent_background.png\",\"width\":3400,\"height\":1132,\"caption\":\"Product-Guide.org\"},\"image\":{\"@id\":\"https:\/\/product-guide.org\/#\/schema\/logo\/image\/\"}}]}<\/script>\n<!-- \/ Yoast SEO plugin. -->","yoast_head_json":{"title":"Melatonin 200 Tabletten | rawpowders.de | Product-Guide.org","description":"Melatonin 200 Tabletten | rawpowders.de gefunden von Product-Guide.org","robots":{"index":"index","follow":"follow","max-snippet":"max-snippet:-1","max-image-preview":"max-image-preview:large","max-video-preview":"max-video-preview:-1"},"canonical":"https:\/\/product-guide.org\/en\/produkt\/melatonin-200-tabletten-rawpowders-de\/","og_locale":"en_GB","og_type":"article","og_title":"Melatonin 200 Tabletten | rawpowders.de | Product-Guide.org","og_description":"Melatonin 200 Tabletten | rawpowders.de gefunden von Product-Guide.org","og_url":"https:\/\/product-guide.org\/en\/produkt\/melatonin-200-tabletten-rawpowders-de\/","og_site_name":"Product-Guide.org","twitter_card":"summary_large_image","schema":{"@context":"https:\/\/schema.org","@graph":[{"@type":"WebPage","@id":"https:\/\/product-guide.org\/produkt\/melatonin-200-tabletten-rawpowders-de\/","url":"https:\/\/product-guide.org\/produkt\/melatonin-200-tabletten-rawpowders-de\/","name":"Melatonin 200 Tabletten | rawpowders.de | Product-Guide.org","isPartOf":{"@id":"https:\/\/product-guide.org\/#website"},"primaryImageOfPage":{"@id":"https:\/\/product-guide.org\/produkt\/melatonin-200-tabletten-rawpowders-de\/#primaryimage"},"image":{"@id":"https:\/\/product-guide.org\/produkt\/melatonin-200-tabletten-rawpowders-de\/#primaryimage"},"thumbnailUrl":"https:\/\/product-guide.org\/wp-content\/uploads\/2025\/03\/1071_Melatonin_1mg_200_tabs_front_NEW2-1000x1000-1.png","datePublished":"2025-03-17T11:18:38+00:00","description":"Melatonin 200 Tabletten | rawpowders.de gefunden von Product-Guide.org","breadcrumb":{"@id":"https:\/\/product-guide.org\/produkt\/melatonin-200-tabletten-rawpowders-de\/#breadcrumb"},"inLanguage":"en-GB","potentialAction":[{"@type":"ReadAction","target":["https:\/\/product-guide.org\/produkt\/melatonin-200-tabletten-rawpowders-de\/"]}]},{"@type":"ImageObject","inLanguage":"en-GB","@id":"https:\/\/product-guide.org\/produkt\/melatonin-200-tabletten-rawpowders-de\/#primaryimage","url":"https:\/\/product-guide.org\/wp-content\/uploads\/2025\/03\/1071_Melatonin_1mg_200_tabs_front_NEW2-1000x1000-1.png","contentUrl":"https:\/\/product-guide.org\/wp-content\/uploads\/2025\/03\/1071_Melatonin_1mg_200_tabs_front_NEW2-1000x1000-1.png","width":1000,"height":1000},{"@type":"BreadcrumbList","@id":"https:\/\/product-guide.org\/produkt\/melatonin-200-tabletten-rawpowders-de\/#breadcrumb","itemListElement":[{"@type":"ListItem","position":1,"name":"Home","item":"https:\/\/product-guide.org\/"},{"@type":"ListItem","position":2,"name":"Ergebnisse","item":"https:\/\/product-guide.org\/de\/ergebnisse\/"},{"@type":"ListItem","position":3,"name":"Melatonin 200 Tabletten | rawpowders.de"}]},{"@type":"WebSite","@id":"https:\/\/product-guide.org\/#website","url":"https:\/\/product-guide.org\/","name":"Product-Guide.org","description":"What Product are you looking for?","publisher":{"@id":"https:\/\/product-guide.org\/#organization"},"potentialAction":[{"@type":"SearchAction","target":{"@type":"EntryPoint","urlTemplate":"https:\/\/product-guide.org\/?s={search_term_string}"},"query-input":{"@type":"PropertyValueSpecification","valueRequired":true,"valueName":"search_term_string"}}],"inLanguage":"en-GB"},{"@type":"Organization","@id":"https:\/\/product-guide.org\/#organization","name":"Product-Guide.org","url":"https:\/\/product-guide.org\/","logo":{"@type":"ImageObject","inLanguage":"en-GB","@id":"https:\/\/product-guide.org\/#\/schema\/logo\/image\/","url":"https:\/\/product-guide.org\/wp-content\/uploads\/2022\/07\/logo_transparent_background.png","contentUrl":"https:\/\/product-guide.org\/wp-content\/uploads\/2022\/07\/logo_transparent_background.png","width":3400,"height":1132,"caption":"Product-Guide.org"},"image":{"@id":"https:\/\/product-guide.org\/#\/schema\/logo\/image\/"}}]}},"_links":{"self":[{"href":"https:\/\/product-guide.org\/en\/wp-json\/wp\/v2\/product\/54735","targetHints":{"allow":["GET"]}}],"collection":[{"href":"https:\/\/product-guide.org\/en\/wp-json\/wp\/v2\/product"}],"about":[{"href":"https:\/\/product-guide.org\/en\/wp-json\/wp\/v2\/types\/product"}],"wp:featuredmedia":[{"embeddable":true,"href":"https:\/\/product-guide.org\/en\/wp-json\/wp\/v2\/media\/54734"}],"wp:attachment":[{"href":"https:\/\/product-guide.org\/en\/wp-json\/wp\/v2\/media?parent=54735"}],"wp:term":[{"taxonomy":"store","embeddable":true,"href":"https:\/\/product-guide.org\/en\/wp-json\/wp\/v2\/store?post=54735"},{"taxonomy":"product_brand","embeddable":true,"href":"https:\/\/product-guide.org\/en\/wp-json\/wp\/v2\/product_brand?post=54735"},{"taxonomy":"product_cat","embeddable":true,"href":"https:\/\/product-guide.org\/en\/wp-json\/wp\/v2\/product_cat?post=54735"},{"taxonomy":"product_tag","embeddable":true,"href":"https:\/\/product-guide.org\/en\/wp-json\/wp\/v2\/product_tag?post=54735"}],"curies":[{"name":"wp","href":"https:\/\/api.w.org\/{rel}","templated":true}]}}