{"id":54739,"date":"2025-03-17T12:18:44","date_gmt":"2025-03-17T11:18:44","guid":{"rendered":"https:\/\/product-guide.org\/produkt\/multivitamin-und-mineral-90-tabletten-rawpowders-de\/"},"modified":"2025-03-17T12:18:45","modified_gmt":"2025-03-17T11:18:45","slug":"multivitamin-und-mineral-90-tabletten-rawpowders-de","status":"publish","type":"product","link":"https:\/\/product-guide.org\/en\/produkt\/multivitamin-und-mineral-90-tabletten-rawpowders-de\/","title":{"rendered":"Multivitamin und Mineral 90 Tabletten | rawpowders.de"},"content":{"rendered":"<p>Raw Powders bietet Multivitamin und Mineral Tabletten!Was ist es? Einer der wirkungsvollsten Vitamin- und Mineralienkomplexe von Raw Powders, der viele wichtige Elemente enth\u00e4lt. Dieser Komplex umfasst Kalzium, Magnesium, Vitamin C, Eisen, Rutin, Vitamin B3, Bierhefe, Vitamin A, Vitamin E, Jod, Vitamin B2, Vitamin B1, Vitamin B6, Vitamin D, Vitamin B9, Vitamin B7, Vitamin B12. Warum sollte ich es nehmen?Verbessern Sie Ihre allgemeine Gesundheit mit einem hochwirksamen Vitamin- und Mineralienkomplex, der die folgenden Vorteile bietet: 1. Riboflavin (Vitamin B2) und Niacin (Vitamin B3) verbessern den Stoffwechsel.2. Riboflavin (Vitamin B2), Vitamin C, Magnesium und Jod tragen zur Aufrechterhaltung der normalen Funktion des Nervensystems bei.3. Riboflavin (Vitamin B2), Vitamin A tragen zur Erhaltung des normalen Zustands der Schleimh\u00e4ute bei.4. Riboflavin (Vitamin B2) tr\u00e4gt zur Bildung von roten Blutk\u00f6rperchen bei.5. Riboflavin (Vitamin B2) und Niacin (Vitamin B3), Vitamin A tragen zur Aufrechterhaltung des normalen Zustands der Haut bei.6. Riboflavin (Vitamin B2) tr\u00e4gt zur Erhaltung der normalen Sehkraft bei.7. Riboflavin (Vitamin B2), Vitamin A tragen zur Erhaltung einer normalen Eisenaufnahme bei.8. Riboflavin (Vitamin B2) tr\u00e4gt zum Schutz der Zellen vor oxidativen Sch\u00e4den bei.9. Riboflavin (Vitamin B2) und Niacin (Vitamin B3) tragen zur Verringerung der M\u00fcdigkeit bei.10. Niacin (Vitamin B3) tr\u00e4gt zur Aufrechterhaltung eines normalen psychischen Zustands bei.11. Biotin (Vitamin B7) tr\u00e4gt zur Erhaltung eines normalen Haarzustands bei.12. Fols\u00e4ure (Vitamin B9) f\u00f6rdert das Wachstum des m\u00fctterlichen Gewebes w\u00e4hrend der Schwangerschaft und ist am Prozess der Zellteilung beteiligt.13. Fols\u00e4ure (Vitamin B9) verbessert die Synthese von Aminos\u00e4uren und die Blutbildung, die Aktivit\u00e4t des Immunsystems. 14. Calcium sorgt f\u00fcr eine normale Blutgerinnung.15. Vitamin C, Eisen, die Vitamine B9, B12, A und D tragen zur Aufrechterhaltung der normalen Funktion des Immunsystems bei.16. Magnesium tr\u00e4gt zu einer normalen DNA-Synthese bei.17. Calcium unterst\u00fctzt den normalen Prozess der \u00dcbertragung von Nervensignalen.18. Calcium tr\u00e4gt zur Aufrechterhaltung der normalen Funktion der Verdauungsenzyme bei.19. Eisen und Jod tragen zur Aufrechterhaltung einer normalen kognitiven Funktion bei.20. Jod tr\u00e4gt zur normalen Produktion von Schilddr\u00fcsenhormonen und zur normalen Funktion der Schilddr\u00fcse bei.21. Vitamin C, Vitamin E tragen zum Schutz der Zellen vor oxidativem Stress bei.22. Eisen, Magnesium, Vitamin B9, Vitamin D spielen eine wichtige Rolle bei der Zellteilung.23. Vitamin C tr\u00e4gt zur Aufrechterhaltung einer normalen Immunfunktion w\u00e4hrend und nach intensiver Belastung bei.24. Vitamin C tr\u00e4gt zur normalen Bildung von Kollagen bei, um die normale Gesundheit von Blutgef\u00e4\u00dfen, Knochen, Knorpel, Zahnfleisch und Z\u00e4hnen sowie der Haut zu erhalten.25. Vitamin C, Eisen, Vitamin B12, Kalzium und Jod unterst\u00fctzen einen normalen Energiestoffwechsel.26. Vitamin C, Magnesium und Vitamin B12 unterst\u00fctzen die psychischen Funktionen.27. Vitamin C, Magnesium, Eisen unterst\u00fctzen die Verringerung von M\u00fcdigkeit.28. Vitamin C unterst\u00fctzt die Regeneration von Vitamin E.29. Vitamin C erh\u00f6ht die Eisenaufnahme.30. Magnesium und Kalzium tragen zur Aufrechterhaltung einer normalen Muskelfunktion bei.31. Magnesium und Kalzium tragen zur Erhaltung des normalen Zustands der Z\u00e4hne bei.32. Magnesium tr\u00e4gt zum Elektrolytgleichgewicht, zum normalen Stoffwechsel und zur Erhaltung der Knochendichte bei.33. Vitamin D tr\u00e4gt zu einer normalen Aufnahme\/Verwertung von Kalzium und Phosphor bei. 34. Vitamin D tr\u00e4gt zur Aufrechterhaltung eines normalen Kalziumspiegels im Blut bei.35. Vitamin A spielt eine Rolle im Prozess der Zellspezialisierung.WARNUNG: Wenn Sie schwanger sind oder stillen, konsultieren Sie vor der Verwendung dieses Produkts einen Arzt. AU\u00dfER REICHWEITE VON KINDERN AUFBEWAHREN. Die empfohlene Einnahme darf nicht \u00fcberschritten werden. Nicht innerhalb von 4 Stunden am selben Tag erneut einnehmen. Nicht mit Alkohol oder Beruhigungsmitteln mischen. Personen, die Monoamin-Oxi-Dase-Hemmer einnehmen, sollten sich vor der Einnahme dieses Produkts mit ihrem Arzt beraten. Bei \u00fcberm\u00e4\u00dfiger Anwendung besteht die Gefahr von Entzugserscheinungen. Die t\u00e4gliche Anwendung kann zu Toleranz f\u00fchren. Nehmen Sie die empfohlene Tagesdosis bis zu zweimal pro Woche ein oder wechseln Sie die Einnahme mit langen Unterbrechungen ab. An einem k\u00fchlen, trockenen Ort aufbewahren. Verwenden Sie dieses Produkt nicht, wenn das Sicherheitssiegel auf der Flasche besch\u00e4digt ist.<\/p>\n","protected":false},"excerpt":{"rendered":"<p>Raw Powders bietet Multivitamin und Mineral Tabletten!Was ist es? Einer der wirkungsvollsten Vitamin- und Mineralienkomplexe von Raw Powders, der viele wichtige Elemente enth\u00e4lt. Dieser Komplex umfasst Kalzium, Magnesium, Vitamin C, Eisen, Rutin, Vitamin B3, Bierhefe, Vitamin A, Vitamin E, Jod, Vitamin B2, Vitamin B1, Vitamin B6, Vitamin D, Vitamin B9, Vitamin B7, Vitamin B12. Warum [&hellip;]<\/p>\n","protected":false},"featured_media":54738,"template":"","meta":{"_gspb_post_css":""},"store":[],"product_brand":[1420],"product_cat":[1290],"product_tag":[],"class_list":{"0":"post-54739","1":"product","2":"type-product","3":"status-publish","4":"has-post-thumbnail","6":"product_brand-rawpowders-de","7":"product_cat-uncategorized","9":"first","10":"instock","11":"shipping-taxable","12":"purchasable","13":"product-type-simple"},"yoast_head":"<!-- This site is optimized with the Yoast SEO plugin v24.6 - https:\/\/yoast.com\/wordpress\/plugins\/seo\/ -->\n<title>Multivitamin und Mineral 90 Tabletten | rawpowders.de | Product-Guide.org<\/title>\n<meta name=\"description\" content=\"Multivitamin und Mineral 90 Tabletten | rawpowders.de gefunden von Product-Guide.org\" \/>\n<meta name=\"robots\" content=\"index, follow, max-snippet:-1, max-image-preview:large, max-video-preview:-1\" \/>\n<link rel=\"canonical\" href=\"https:\/\/product-guide.org\/en\/produkt\/multivitamin-und-mineral-90-tabletten-rawpowders-de\/\" \/>\n<meta property=\"og:locale\" content=\"en_GB\" \/>\n<meta property=\"og:type\" content=\"article\" \/>\n<meta property=\"og:title\" content=\"Multivitamin und Mineral 90 Tabletten | rawpowders.de | Product-Guide.org\" \/>\n<meta property=\"og:description\" content=\"Multivitamin und Mineral 90 Tabletten | rawpowders.de gefunden von Product-Guide.org\" \/>\n<meta property=\"og:url\" content=\"https:\/\/product-guide.org\/en\/produkt\/multivitamin-und-mineral-90-tabletten-rawpowders-de\/\" \/>\n<meta property=\"og:site_name\" content=\"Product-Guide.org\" \/>\n<meta property=\"article:modified_time\" content=\"2025-03-17T11:18:45+00:00\" \/>\n<meta name=\"twitter:card\" content=\"summary_large_image\" \/>\n<script type=\"application\/ld+json\" class=\"yoast-schema-graph\">{\"@context\":\"https:\/\/schema.org\",\"@graph\":[{\"@type\":\"WebPage\",\"@id\":\"https:\/\/product-guide.org\/produkt\/multivitamin-und-mineral-90-tabletten-rawpowders-de\/\",\"url\":\"https:\/\/product-guide.org\/produkt\/multivitamin-und-mineral-90-tabletten-rawpowders-de\/\",\"name\":\"Multivitamin und Mineral 90 Tabletten | rawpowders.de | Product-Guide.org\",\"isPartOf\":{\"@id\":\"https:\/\/product-guide.org\/#website\"},\"primaryImageOfPage\":{\"@id\":\"https:\/\/product-guide.org\/produkt\/multivitamin-und-mineral-90-tabletten-rawpowders-de\/#primaryimage\"},\"image\":{\"@id\":\"https:\/\/product-guide.org\/produkt\/multivitamin-und-mineral-90-tabletten-rawpowders-de\/#primaryimage\"},\"thumbnailUrl\":\"https:\/\/product-guide.org\/wp-content\/uploads\/2025\/03\/Multivitamin-and-Mineral-90-tablets_front-1000x1000-1.png\",\"datePublished\":\"2025-03-17T11:18:44+00:00\",\"dateModified\":\"2025-03-17T11:18:45+00:00\",\"description\":\"Multivitamin und Mineral 90 Tabletten | rawpowders.de gefunden von Product-Guide.org\",\"breadcrumb\":{\"@id\":\"https:\/\/product-guide.org\/produkt\/multivitamin-und-mineral-90-tabletten-rawpowders-de\/#breadcrumb\"},\"inLanguage\":\"en-GB\",\"potentialAction\":[{\"@type\":\"ReadAction\",\"target\":[\"https:\/\/product-guide.org\/produkt\/multivitamin-und-mineral-90-tabletten-rawpowders-de\/\"]}]},{\"@type\":\"ImageObject\",\"inLanguage\":\"en-GB\",\"@id\":\"https:\/\/product-guide.org\/produkt\/multivitamin-und-mineral-90-tabletten-rawpowders-de\/#primaryimage\",\"url\":\"https:\/\/product-guide.org\/wp-content\/uploads\/2025\/03\/Multivitamin-and-Mineral-90-tablets_front-1000x1000-1.png\",\"contentUrl\":\"https:\/\/product-guide.org\/wp-content\/uploads\/2025\/03\/Multivitamin-and-Mineral-90-tablets_front-1000x1000-1.png\",\"width\":1000,\"height\":1000},{\"@type\":\"BreadcrumbList\",\"@id\":\"https:\/\/product-guide.org\/produkt\/multivitamin-und-mineral-90-tabletten-rawpowders-de\/#breadcrumb\",\"itemListElement\":[{\"@type\":\"ListItem\",\"position\":1,\"name\":\"Home\",\"item\":\"https:\/\/product-guide.org\/\"},{\"@type\":\"ListItem\",\"position\":2,\"name\":\"Ergebnisse\",\"item\":\"https:\/\/product-guide.org\/de\/ergebnisse\/\"},{\"@type\":\"ListItem\",\"position\":3,\"name\":\"Multivitamin und Mineral 90 Tabletten | rawpowders.de\"}]},{\"@type\":\"WebSite\",\"@id\":\"https:\/\/product-guide.org\/#website\",\"url\":\"https:\/\/product-guide.org\/\",\"name\":\"Product-Guide.org\",\"description\":\"What Product are you looking for?\",\"publisher\":{\"@id\":\"https:\/\/product-guide.org\/#organization\"},\"potentialAction\":[{\"@type\":\"SearchAction\",\"target\":{\"@type\":\"EntryPoint\",\"urlTemplate\":\"https:\/\/product-guide.org\/?s={search_term_string}\"},\"query-input\":{\"@type\":\"PropertyValueSpecification\",\"valueRequired\":true,\"valueName\":\"search_term_string\"}}],\"inLanguage\":\"en-GB\"},{\"@type\":\"Organization\",\"@id\":\"https:\/\/product-guide.org\/#organization\",\"name\":\"Product-Guide.org\",\"url\":\"https:\/\/product-guide.org\/\",\"logo\":{\"@type\":\"ImageObject\",\"inLanguage\":\"en-GB\",\"@id\":\"https:\/\/product-guide.org\/#\/schema\/logo\/image\/\",\"url\":\"https:\/\/product-guide.org\/wp-content\/uploads\/2022\/07\/logo_transparent_background.png\",\"contentUrl\":\"https:\/\/product-guide.org\/wp-content\/uploads\/2022\/07\/logo_transparent_background.png\",\"width\":3400,\"height\":1132,\"caption\":\"Product-Guide.org\"},\"image\":{\"@id\":\"https:\/\/product-guide.org\/#\/schema\/logo\/image\/\"}}]}<\/script>\n<!-- \/ Yoast SEO plugin. -->","yoast_head_json":{"title":"Multivitamin und Mineral 90 Tabletten | rawpowders.de | Product-Guide.org","description":"Multivitamin und Mineral 90 Tabletten | rawpowders.de gefunden von Product-Guide.org","robots":{"index":"index","follow":"follow","max-snippet":"max-snippet:-1","max-image-preview":"max-image-preview:large","max-video-preview":"max-video-preview:-1"},"canonical":"https:\/\/product-guide.org\/en\/produkt\/multivitamin-und-mineral-90-tabletten-rawpowders-de\/","og_locale":"en_GB","og_type":"article","og_title":"Multivitamin und Mineral 90 Tabletten | rawpowders.de | Product-Guide.org","og_description":"Multivitamin und Mineral 90 Tabletten | rawpowders.de gefunden von Product-Guide.org","og_url":"https:\/\/product-guide.org\/en\/produkt\/multivitamin-und-mineral-90-tabletten-rawpowders-de\/","og_site_name":"Product-Guide.org","article_modified_time":"2025-03-17T11:18:45+00:00","twitter_card":"summary_large_image","schema":{"@context":"https:\/\/schema.org","@graph":[{"@type":"WebPage","@id":"https:\/\/product-guide.org\/produkt\/multivitamin-und-mineral-90-tabletten-rawpowders-de\/","url":"https:\/\/product-guide.org\/produkt\/multivitamin-und-mineral-90-tabletten-rawpowders-de\/","name":"Multivitamin und Mineral 90 Tabletten | rawpowders.de | Product-Guide.org","isPartOf":{"@id":"https:\/\/product-guide.org\/#website"},"primaryImageOfPage":{"@id":"https:\/\/product-guide.org\/produkt\/multivitamin-und-mineral-90-tabletten-rawpowders-de\/#primaryimage"},"image":{"@id":"https:\/\/product-guide.org\/produkt\/multivitamin-und-mineral-90-tabletten-rawpowders-de\/#primaryimage"},"thumbnailUrl":"https:\/\/product-guide.org\/wp-content\/uploads\/2025\/03\/Multivitamin-and-Mineral-90-tablets_front-1000x1000-1.png","datePublished":"2025-03-17T11:18:44+00:00","dateModified":"2025-03-17T11:18:45+00:00","description":"Multivitamin und Mineral 90 Tabletten | rawpowders.de gefunden von Product-Guide.org","breadcrumb":{"@id":"https:\/\/product-guide.org\/produkt\/multivitamin-und-mineral-90-tabletten-rawpowders-de\/#breadcrumb"},"inLanguage":"en-GB","potentialAction":[{"@type":"ReadAction","target":["https:\/\/product-guide.org\/produkt\/multivitamin-und-mineral-90-tabletten-rawpowders-de\/"]}]},{"@type":"ImageObject","inLanguage":"en-GB","@id":"https:\/\/product-guide.org\/produkt\/multivitamin-und-mineral-90-tabletten-rawpowders-de\/#primaryimage","url":"https:\/\/product-guide.org\/wp-content\/uploads\/2025\/03\/Multivitamin-and-Mineral-90-tablets_front-1000x1000-1.png","contentUrl":"https:\/\/product-guide.org\/wp-content\/uploads\/2025\/03\/Multivitamin-and-Mineral-90-tablets_front-1000x1000-1.png","width":1000,"height":1000},{"@type":"BreadcrumbList","@id":"https:\/\/product-guide.org\/produkt\/multivitamin-und-mineral-90-tabletten-rawpowders-de\/#breadcrumb","itemListElement":[{"@type":"ListItem","position":1,"name":"Home","item":"https:\/\/product-guide.org\/"},{"@type":"ListItem","position":2,"name":"Ergebnisse","item":"https:\/\/product-guide.org\/de\/ergebnisse\/"},{"@type":"ListItem","position":3,"name":"Multivitamin und Mineral 90 Tabletten | rawpowders.de"}]},{"@type":"WebSite","@id":"https:\/\/product-guide.org\/#website","url":"https:\/\/product-guide.org\/","name":"Product-Guide.org","description":"What Product are you looking for?","publisher":{"@id":"https:\/\/product-guide.org\/#organization"},"potentialAction":[{"@type":"SearchAction","target":{"@type":"EntryPoint","urlTemplate":"https:\/\/product-guide.org\/?s={search_term_string}"},"query-input":{"@type":"PropertyValueSpecification","valueRequired":true,"valueName":"search_term_string"}}],"inLanguage":"en-GB"},{"@type":"Organization","@id":"https:\/\/product-guide.org\/#organization","name":"Product-Guide.org","url":"https:\/\/product-guide.org\/","logo":{"@type":"ImageObject","inLanguage":"en-GB","@id":"https:\/\/product-guide.org\/#\/schema\/logo\/image\/","url":"https:\/\/product-guide.org\/wp-content\/uploads\/2022\/07\/logo_transparent_background.png","contentUrl":"https:\/\/product-guide.org\/wp-content\/uploads\/2022\/07\/logo_transparent_background.png","width":3400,"height":1132,"caption":"Product-Guide.org"},"image":{"@id":"https:\/\/product-guide.org\/#\/schema\/logo\/image\/"}}]}},"_links":{"self":[{"href":"https:\/\/product-guide.org\/en\/wp-json\/wp\/v2\/product\/54739","targetHints":{"allow":["GET"]}}],"collection":[{"href":"https:\/\/product-guide.org\/en\/wp-json\/wp\/v2\/product"}],"about":[{"href":"https:\/\/product-guide.org\/en\/wp-json\/wp\/v2\/types\/product"}],"wp:featuredmedia":[{"embeddable":true,"href":"https:\/\/product-guide.org\/en\/wp-json\/wp\/v2\/media\/54738"}],"wp:attachment":[{"href":"https:\/\/product-guide.org\/en\/wp-json\/wp\/v2\/media?parent=54739"}],"wp:term":[{"taxonomy":"store","embeddable":true,"href":"https:\/\/product-guide.org\/en\/wp-json\/wp\/v2\/store?post=54739"},{"taxonomy":"product_brand","embeddable":true,"href":"https:\/\/product-guide.org\/en\/wp-json\/wp\/v2\/product_brand?post=54739"},{"taxonomy":"product_cat","embeddable":true,"href":"https:\/\/product-guide.org\/en\/wp-json\/wp\/v2\/product_cat?post=54739"},{"taxonomy":"product_tag","embeddable":true,"href":"https:\/\/product-guide.org\/en\/wp-json\/wp\/v2\/product_tag?post=54739"}],"curies":[{"name":"wp","href":"https:\/\/api.w.org\/{rel}","templated":true}]}}