{"id":54741,"date":"2025-03-17T12:18:49","date_gmt":"2025-03-17T11:18:49","guid":{"rendered":"https:\/\/product-guide.org\/produkt\/nac-n-acetyl-cysteine-600mg-120-kapseln-rawpowders-de\/"},"modified":"2025-03-17T12:18:49","modified_gmt":"2025-03-17T11:18:49","slug":"nac-n-acetyl-cysteine-600mg-120-kapseln-rawpowders-de","status":"publish","type":"product","link":"https:\/\/product-guide.org\/en\/produkt\/nac-n-acetyl-cysteine-600mg-120-kapseln-rawpowders-de\/","title":{"rendered":"NAC (N-Acetyl-Cysteine) 600mg 120 Kapseln | rawpowders.de"},"content":{"rendered":"<p>Raw Powders bietet NAC-Kapseln an!Was ist NAC?NAC (N-Acetylcystein) gilt als semi-essentiell, da es vom K\u00f6rper aus anderen Aminos\u00e4uren, insbesondere Methionin und Serin, synthetisiert werden kann. Es wird lediglich dann ben\u00f6tigt, wenn die Zufuhr von Methionin und Serin \u00fcber die Nahrung unzureichend ist. Cystein wird f\u00fcr die Proteinsynthese sowie f\u00fcr andere Stoffwechselfunktionen ben\u00f6tigt.Warum NAC?NAC wird vor allem wegen seiner Rolle bei der Produktion von Antioxidantien gesch\u00e4tzt, die f\u00fcr die Gesundheit des Immunsystems und die Vorbeugung von Zellsch\u00e4den wesentlich sind. NAC ist auch f\u00fcr den Entgiftungsprozess unerl\u00e4sslich. Dar\u00fcber hinaus reguliert NAC den Glutamatspiegel, einen wichtigen Neurotransmitter im Gehirn, was sich positiv auf die Stimmung auswirken und f\u00fcr innere Ruhe sorgt.WARNUNG:Wenn Sie schwanger sind oder stillen, konsultieren Sie vor der Verwendung dieses Produkts einen Arzt. AU\u00dfER REICHWEITE VON KINDERN AUFBEWAHREN. An einem k\u00fchlen, trockenen Ort aufbewahren. Verwenden Sie dieses Produkt nicht, wenn das Sicherheitssiegel auf der Flasche besch\u00e4digt ist.<\/p>\n","protected":false},"excerpt":{"rendered":"<p>Raw Powders bietet NAC-Kapseln an!Was ist NAC?NAC (N-Acetylcystein) gilt als semi-essentiell, da es vom K\u00f6rper aus anderen Aminos\u00e4uren, insbesondere Methionin und Serin, synthetisiert werden kann. Es wird lediglich dann ben\u00f6tigt, wenn die Zufuhr von Methionin und Serin \u00fcber die Nahrung unzureichend ist. Cystein wird f\u00fcr die Proteinsynthese sowie f\u00fcr andere Stoffwechselfunktionen ben\u00f6tigt.Warum NAC?NAC wird vor [&hellip;]<\/p>\n","protected":false},"featured_media":54740,"template":"","meta":{"_gspb_post_css":""},"store":[],"product_brand":[1420],"product_cat":[1290],"product_tag":[],"class_list":{"0":"post-54741","1":"product","2":"type-product","3":"status-publish","4":"has-post-thumbnail","6":"product_brand-rawpowders-de","7":"product_cat-uncategorized","9":"first","10":"instock","11":"shipping-taxable","12":"purchasable","13":"product-type-simple"},"yoast_head":"<!-- This site is optimized with the Yoast SEO plugin v24.6 - https:\/\/yoast.com\/wordpress\/plugins\/seo\/ -->\n<title>NAC (N-Acetyl-Cysteine) 600mg 120 Kapseln | rawpowders.de | Product-Guide.org<\/title>\n<meta name=\"description\" content=\"NAC (N-Acetyl-Cysteine) 600mg 120 Kapseln | rawpowders.de gefunden von Product-Guide.org\" \/>\n<meta name=\"robots\" content=\"index, follow, max-snippet:-1, max-image-preview:large, max-video-preview:-1\" \/>\n<link rel=\"canonical\" href=\"https:\/\/product-guide.org\/en\/produkt\/nac-n-acetyl-cysteine-600mg-120-kapseln-rawpowders-de\/\" \/>\n<meta property=\"og:locale\" content=\"en_GB\" \/>\n<meta property=\"og:type\" content=\"article\" \/>\n<meta property=\"og:title\" content=\"NAC (N-Acetyl-Cysteine) 600mg 120 Kapseln | rawpowders.de | Product-Guide.org\" \/>\n<meta property=\"og:description\" content=\"NAC (N-Acetyl-Cysteine) 600mg 120 Kapseln | rawpowders.de gefunden von Product-Guide.org\" \/>\n<meta property=\"og:url\" content=\"https:\/\/product-guide.org\/en\/produkt\/nac-n-acetyl-cysteine-600mg-120-kapseln-rawpowders-de\/\" \/>\n<meta property=\"og:site_name\" content=\"Product-Guide.org\" \/>\n<meta name=\"twitter:card\" content=\"summary_large_image\" \/>\n<script type=\"application\/ld+json\" class=\"yoast-schema-graph\">{\"@context\":\"https:\/\/schema.org\",\"@graph\":[{\"@type\":\"WebPage\",\"@id\":\"https:\/\/product-guide.org\/produkt\/nac-n-acetyl-cysteine-600mg-120-kapseln-rawpowders-de\/\",\"url\":\"https:\/\/product-guide.org\/produkt\/nac-n-acetyl-cysteine-600mg-120-kapseln-rawpowders-de\/\",\"name\":\"NAC (N-Acetyl-Cysteine) 600mg 120 Kapseln | rawpowders.de | Product-Guide.org\",\"isPartOf\":{\"@id\":\"https:\/\/product-guide.org\/#website\"},\"primaryImageOfPage\":{\"@id\":\"https:\/\/product-guide.org\/produkt\/nac-n-acetyl-cysteine-600mg-120-kapseln-rawpowders-de\/#primaryimage\"},\"image\":{\"@id\":\"https:\/\/product-guide.org\/produkt\/nac-n-acetyl-cysteine-600mg-120-kapseln-rawpowders-de\/#primaryimage\"},\"thumbnailUrl\":\"https:\/\/product-guide.org\/wp-content\/uploads\/2025\/03\/1124-nac-n-acetyl-cysteine-120caps-nl-front-1000x1000-1.png\",\"datePublished\":\"2025-03-17T11:18:49+00:00\",\"description\":\"NAC (N-Acetyl-Cysteine) 600mg 120 Kapseln | rawpowders.de gefunden von Product-Guide.org\",\"breadcrumb\":{\"@id\":\"https:\/\/product-guide.org\/produkt\/nac-n-acetyl-cysteine-600mg-120-kapseln-rawpowders-de\/#breadcrumb\"},\"inLanguage\":\"en-GB\",\"potentialAction\":[{\"@type\":\"ReadAction\",\"target\":[\"https:\/\/product-guide.org\/produkt\/nac-n-acetyl-cysteine-600mg-120-kapseln-rawpowders-de\/\"]}]},{\"@type\":\"ImageObject\",\"inLanguage\":\"en-GB\",\"@id\":\"https:\/\/product-guide.org\/produkt\/nac-n-acetyl-cysteine-600mg-120-kapseln-rawpowders-de\/#primaryimage\",\"url\":\"https:\/\/product-guide.org\/wp-content\/uploads\/2025\/03\/1124-nac-n-acetyl-cysteine-120caps-nl-front-1000x1000-1.png\",\"contentUrl\":\"https:\/\/product-guide.org\/wp-content\/uploads\/2025\/03\/1124-nac-n-acetyl-cysteine-120caps-nl-front-1000x1000-1.png\",\"width\":1000,\"height\":1000},{\"@type\":\"BreadcrumbList\",\"@id\":\"https:\/\/product-guide.org\/produkt\/nac-n-acetyl-cysteine-600mg-120-kapseln-rawpowders-de\/#breadcrumb\",\"itemListElement\":[{\"@type\":\"ListItem\",\"position\":1,\"name\":\"Home\",\"item\":\"https:\/\/product-guide.org\/\"},{\"@type\":\"ListItem\",\"position\":2,\"name\":\"Ergebnisse\",\"item\":\"https:\/\/product-guide.org\/de\/ergebnisse\/\"},{\"@type\":\"ListItem\",\"position\":3,\"name\":\"NAC (N-Acetyl-Cysteine) 600mg 120 Kapseln | rawpowders.de\"}]},{\"@type\":\"WebSite\",\"@id\":\"https:\/\/product-guide.org\/#website\",\"url\":\"https:\/\/product-guide.org\/\",\"name\":\"Product-Guide.org\",\"description\":\"What Product are you looking for?\",\"publisher\":{\"@id\":\"https:\/\/product-guide.org\/#organization\"},\"potentialAction\":[{\"@type\":\"SearchAction\",\"target\":{\"@type\":\"EntryPoint\",\"urlTemplate\":\"https:\/\/product-guide.org\/?s={search_term_string}\"},\"query-input\":{\"@type\":\"PropertyValueSpecification\",\"valueRequired\":true,\"valueName\":\"search_term_string\"}}],\"inLanguage\":\"en-GB\"},{\"@type\":\"Organization\",\"@id\":\"https:\/\/product-guide.org\/#organization\",\"name\":\"Product-Guide.org\",\"url\":\"https:\/\/product-guide.org\/\",\"logo\":{\"@type\":\"ImageObject\",\"inLanguage\":\"en-GB\",\"@id\":\"https:\/\/product-guide.org\/#\/schema\/logo\/image\/\",\"url\":\"https:\/\/product-guide.org\/wp-content\/uploads\/2022\/07\/logo_transparent_background.png\",\"contentUrl\":\"https:\/\/product-guide.org\/wp-content\/uploads\/2022\/07\/logo_transparent_background.png\",\"width\":3400,\"height\":1132,\"caption\":\"Product-Guide.org\"},\"image\":{\"@id\":\"https:\/\/product-guide.org\/#\/schema\/logo\/image\/\"}}]}<\/script>\n<!-- \/ Yoast SEO plugin. -->","yoast_head_json":{"title":"NAC (N-Acetyl-Cysteine) 600mg 120 Kapseln | rawpowders.de | Product-Guide.org","description":"NAC (N-Acetyl-Cysteine) 600mg 120 Kapseln | rawpowders.de gefunden von Product-Guide.org","robots":{"index":"index","follow":"follow","max-snippet":"max-snippet:-1","max-image-preview":"max-image-preview:large","max-video-preview":"max-video-preview:-1"},"canonical":"https:\/\/product-guide.org\/en\/produkt\/nac-n-acetyl-cysteine-600mg-120-kapseln-rawpowders-de\/","og_locale":"en_GB","og_type":"article","og_title":"NAC (N-Acetyl-Cysteine) 600mg 120 Kapseln | rawpowders.de | Product-Guide.org","og_description":"NAC (N-Acetyl-Cysteine) 600mg 120 Kapseln | rawpowders.de gefunden von Product-Guide.org","og_url":"https:\/\/product-guide.org\/en\/produkt\/nac-n-acetyl-cysteine-600mg-120-kapseln-rawpowders-de\/","og_site_name":"Product-Guide.org","twitter_card":"summary_large_image","schema":{"@context":"https:\/\/schema.org","@graph":[{"@type":"WebPage","@id":"https:\/\/product-guide.org\/produkt\/nac-n-acetyl-cysteine-600mg-120-kapseln-rawpowders-de\/","url":"https:\/\/product-guide.org\/produkt\/nac-n-acetyl-cysteine-600mg-120-kapseln-rawpowders-de\/","name":"NAC (N-Acetyl-Cysteine) 600mg 120 Kapseln | rawpowders.de | Product-Guide.org","isPartOf":{"@id":"https:\/\/product-guide.org\/#website"},"primaryImageOfPage":{"@id":"https:\/\/product-guide.org\/produkt\/nac-n-acetyl-cysteine-600mg-120-kapseln-rawpowders-de\/#primaryimage"},"image":{"@id":"https:\/\/product-guide.org\/produkt\/nac-n-acetyl-cysteine-600mg-120-kapseln-rawpowders-de\/#primaryimage"},"thumbnailUrl":"https:\/\/product-guide.org\/wp-content\/uploads\/2025\/03\/1124-nac-n-acetyl-cysteine-120caps-nl-front-1000x1000-1.png","datePublished":"2025-03-17T11:18:49+00:00","description":"NAC (N-Acetyl-Cysteine) 600mg 120 Kapseln | rawpowders.de gefunden von Product-Guide.org","breadcrumb":{"@id":"https:\/\/product-guide.org\/produkt\/nac-n-acetyl-cysteine-600mg-120-kapseln-rawpowders-de\/#breadcrumb"},"inLanguage":"en-GB","potentialAction":[{"@type":"ReadAction","target":["https:\/\/product-guide.org\/produkt\/nac-n-acetyl-cysteine-600mg-120-kapseln-rawpowders-de\/"]}]},{"@type":"ImageObject","inLanguage":"en-GB","@id":"https:\/\/product-guide.org\/produkt\/nac-n-acetyl-cysteine-600mg-120-kapseln-rawpowders-de\/#primaryimage","url":"https:\/\/product-guide.org\/wp-content\/uploads\/2025\/03\/1124-nac-n-acetyl-cysteine-120caps-nl-front-1000x1000-1.png","contentUrl":"https:\/\/product-guide.org\/wp-content\/uploads\/2025\/03\/1124-nac-n-acetyl-cysteine-120caps-nl-front-1000x1000-1.png","width":1000,"height":1000},{"@type":"BreadcrumbList","@id":"https:\/\/product-guide.org\/produkt\/nac-n-acetyl-cysteine-600mg-120-kapseln-rawpowders-de\/#breadcrumb","itemListElement":[{"@type":"ListItem","position":1,"name":"Home","item":"https:\/\/product-guide.org\/"},{"@type":"ListItem","position":2,"name":"Ergebnisse","item":"https:\/\/product-guide.org\/de\/ergebnisse\/"},{"@type":"ListItem","position":3,"name":"NAC (N-Acetyl-Cysteine) 600mg 120 Kapseln | rawpowders.de"}]},{"@type":"WebSite","@id":"https:\/\/product-guide.org\/#website","url":"https:\/\/product-guide.org\/","name":"Product-Guide.org","description":"What Product are you looking for?","publisher":{"@id":"https:\/\/product-guide.org\/#organization"},"potentialAction":[{"@type":"SearchAction","target":{"@type":"EntryPoint","urlTemplate":"https:\/\/product-guide.org\/?s={search_term_string}"},"query-input":{"@type":"PropertyValueSpecification","valueRequired":true,"valueName":"search_term_string"}}],"inLanguage":"en-GB"},{"@type":"Organization","@id":"https:\/\/product-guide.org\/#organization","name":"Product-Guide.org","url":"https:\/\/product-guide.org\/","logo":{"@type":"ImageObject","inLanguage":"en-GB","@id":"https:\/\/product-guide.org\/#\/schema\/logo\/image\/","url":"https:\/\/product-guide.org\/wp-content\/uploads\/2022\/07\/logo_transparent_background.png","contentUrl":"https:\/\/product-guide.org\/wp-content\/uploads\/2022\/07\/logo_transparent_background.png","width":3400,"height":1132,"caption":"Product-Guide.org"},"image":{"@id":"https:\/\/product-guide.org\/#\/schema\/logo\/image\/"}}]}},"_links":{"self":[{"href":"https:\/\/product-guide.org\/en\/wp-json\/wp\/v2\/product\/54741","targetHints":{"allow":["GET"]}}],"collection":[{"href":"https:\/\/product-guide.org\/en\/wp-json\/wp\/v2\/product"}],"about":[{"href":"https:\/\/product-guide.org\/en\/wp-json\/wp\/v2\/types\/product"}],"wp:featuredmedia":[{"embeddable":true,"href":"https:\/\/product-guide.org\/en\/wp-json\/wp\/v2\/media\/54740"}],"wp:attachment":[{"href":"https:\/\/product-guide.org\/en\/wp-json\/wp\/v2\/media?parent=54741"}],"wp:term":[{"taxonomy":"store","embeddable":true,"href":"https:\/\/product-guide.org\/en\/wp-json\/wp\/v2\/store?post=54741"},{"taxonomy":"product_brand","embeddable":true,"href":"https:\/\/product-guide.org\/en\/wp-json\/wp\/v2\/product_brand?post=54741"},{"taxonomy":"product_cat","embeddable":true,"href":"https:\/\/product-guide.org\/en\/wp-json\/wp\/v2\/product_cat?post=54741"},{"taxonomy":"product_tag","embeddable":true,"href":"https:\/\/product-guide.org\/en\/wp-json\/wp\/v2\/product_tag?post=54741"}],"curies":[{"name":"wp","href":"https:\/\/api.w.org\/{rel}","templated":true}]}}