{"id":54743,"date":"2025-03-17T12:18:52","date_gmt":"2025-03-17T11:18:52","guid":{"rendered":"https:\/\/product-guide.org\/produkt\/omega-3-6-9-120-kapseln-rawpowders-de\/"},"modified":"2025-03-17T12:18:52","modified_gmt":"2025-03-17T11:18:52","slug":"omega-3-6-9-120-kapseln-rawpowders-de","status":"publish","type":"product","link":"https:\/\/product-guide.org\/en\/produkt\/omega-3-6-9-120-kapseln-rawpowders-de\/","title":{"rendered":"Omega 3-6-9 120 Kapseln | rawpowders.de"},"content":{"rendered":"<p>Raw Powders hochwertige Omega 3-6-9 Kapseln! Was ist Omega 3-6-9? Eicosapentaens\u00e4ure (EPA), Docosahexaens\u00e4ure (DHA) und Alpha-Linolens\u00e4ure (ALA) sind die Bestandteile von Omega 3-6-9. Obwohl Omega-3, Omega-6 und Omega-9 alle unges\u00e4ttigte S\u00e4uren mit mehreren gesundheitlichen Vorteilen sind, unterscheiden sie sich alle voneinander durch die Platzierung ihrer Doppelbindungen in ihren chemischen Strukturen, was sich auch auf ihre physikalischen Eigenschaften und gesundheitlichen Vorteile auswirkt. Die als essentielle Fette bezeichneten Omega-3- und Omega-6-Fetts\u00e4uren k\u00f6nnen vom K\u00f6rper nicht synthetisiert werden, Omega-9 hingegen schon.Warum Omega 3-6-9? Die drei Omega-Fetts\u00e4uren haben jede f\u00fcr sich Vorteile, aber alle drei Fetts\u00e4uren wirken synergetisch und f\u00f6rdern die Gesundheit von Herz, Gehirn und Augen. DHA unterst\u00fctzt die gesunde visuelle Entwicklung und ist damit f\u00fcr Kleinkinder zu empfehlen. Au\u00dferdem wird DHR f\u00fcr werdende M\u00fctter empfohlen, da es die normale Entwicklung des Gehirns und des Sehverm\u00f6gens des F\u00f6tus oder eines bereits gestillten Kindes unterst\u00fctzt. Vitamin E hilft, die Zellen vor sch\u00e4dlichen Einfl\u00fcssen zu sch\u00fctzen, und ALA tr\u00e4gt zur Aufrechterhaltung eines angemessenen Cholesterinspiegels bei. [1-8]1. EPA und DHA f\u00f6rdern die normale Herzfunktion. Die positive Wirkung wird bei einer t\u00e4glichen Einnahme von 250 mg erreicht.2. Die Aufnahme von DHA tr\u00e4gt zur normalen Sehentwicklung von S\u00e4uglingen bis zum Alter von 12 Monaten bei. Der positive Effekt wird bei einer t\u00e4glichen Einnahme von 100 mg erreicht. Da DHA in der Formel enthalten ist, ist ein Anteil von 0,3 % erforderlich, um eine positive Wirkung zu erzielen.3. Die Einnahme von DHA durch die Mutter tr\u00e4gt zur normalen Gehirnentwicklung des F\u00f6tus und des gestillten S\u00e4uglings bei. Die positive Wirkung wird mit 200 mg DHA zus\u00e4tzlich zur empfohlenen Tagesdosis Fisch\u00f6l f\u00fcr Erwachsene erreicht, d. h. 250 mg DHA und EPA.4. Die Einnahme von DHA durch die Mutter unterst\u00fctzt die normale Entwicklung der Augen des F\u00f6tus und gestillten S\u00e4uglings. Die positive Wirkung wird mit 200 mg DHA zus\u00e4tzlich zur empfohlenen Tagesdosis Fisch\u00f6l f\u00fcr Erwachsene erzielt, d. h. 250 mg DHA und EPA.5. Vitamin E unterst\u00fctzt den Schutz der Zellen vor oxidativem Stress.6. DHA tr\u00e4gt zur Aufrechterhaltung der normalen Gehirnfunktion bei. Die positive Wirkung wird bei einer t\u00e4glichen Einnahme von 250 mg DHA erreicht.7. DHA f\u00f6rdert die Aufrechterhaltung des gesunden Sehverm\u00f6gens. Die positive Wirkung wird bei einer t\u00e4glichen Einnahme von 250 mg DHA erzielt.8. ALA tr\u00e4gt zur Aufrechterhaltung eines normalen Cholesterinspiegels im Blut bei. Die vorteilhafte Wirkung wird bei einer t\u00e4glichen Einnahme von 2 g ALA erreicht.Warnung: Wenn Sie schwanger sind oder stillen, konsultieren Sie vor der Verwendung dieses Produkts einen Arzt. AU\u00dfER REICHWEITE VON KINDERN AUFBEWAHREN. An einem k\u00fchlen, trockenen Ort aufbewahren. Verwenden Sie dieses Produkt nicht, wenn das Sicherheitssiegel auf der Flasche besch\u00e4digt ist.<\/p>\n","protected":false},"excerpt":{"rendered":"<p>Raw Powders hochwertige Omega 3-6-9 Kapseln! Was ist Omega 3-6-9? Eicosapentaens\u00e4ure (EPA), Docosahexaens\u00e4ure (DHA) und Alpha-Linolens\u00e4ure (ALA) sind die Bestandteile von Omega 3-6-9. Obwohl Omega-3, Omega-6 und Omega-9 alle unges\u00e4ttigte S\u00e4uren mit mehreren gesundheitlichen Vorteilen sind, unterscheiden sie sich alle voneinander durch die Platzierung ihrer Doppelbindungen in ihren chemischen Strukturen, was sich auch auf ihre [&hellip;]<\/p>\n","protected":false},"featured_media":54742,"template":"","meta":{"_gspb_post_css":""},"store":[],"product_brand":[1420],"product_cat":[1290],"product_tag":[],"class_list":{"0":"post-54743","1":"product","2":"type-product","3":"status-publish","4":"has-post-thumbnail","6":"product_brand-rawpowders-de","7":"product_cat-uncategorized","9":"first","10":"instock","11":"shipping-taxable","12":"purchasable","13":"product-type-simple"},"yoast_head":"<!-- This site is optimized with the Yoast SEO plugin v24.6 - https:\/\/yoast.com\/wordpress\/plugins\/seo\/ -->\n<title>Omega 3-6-9 120 Kapseln | rawpowders.de | Product-Guide.org<\/title>\n<meta name=\"description\" content=\"Omega 3-6-9 120 Kapseln | rawpowders.de gefunden von Product-Guide.org\" \/>\n<meta name=\"robots\" content=\"index, follow, max-snippet:-1, max-image-preview:large, max-video-preview:-1\" \/>\n<link rel=\"canonical\" href=\"https:\/\/product-guide.org\/en\/produkt\/omega-3-6-9-120-kapseln-rawpowders-de\/\" \/>\n<meta property=\"og:locale\" content=\"en_GB\" \/>\n<meta property=\"og:type\" content=\"article\" \/>\n<meta property=\"og:title\" content=\"Omega 3-6-9 120 Kapseln | rawpowders.de | Product-Guide.org\" \/>\n<meta property=\"og:description\" content=\"Omega 3-6-9 120 Kapseln | rawpowders.de gefunden von Product-Guide.org\" \/>\n<meta property=\"og:url\" content=\"https:\/\/product-guide.org\/en\/produkt\/omega-3-6-9-120-kapseln-rawpowders-de\/\" \/>\n<meta property=\"og:site_name\" content=\"Product-Guide.org\" \/>\n<meta name=\"twitter:card\" content=\"summary_large_image\" \/>\n<script type=\"application\/ld+json\" class=\"yoast-schema-graph\">{\"@context\":\"https:\/\/schema.org\",\"@graph\":[{\"@type\":\"WebPage\",\"@id\":\"https:\/\/product-guide.org\/produkt\/omega-3-6-9-120-kapseln-rawpowders-de\/\",\"url\":\"https:\/\/product-guide.org\/produkt\/omega-3-6-9-120-kapseln-rawpowders-de\/\",\"name\":\"Omega 3-6-9 120 Kapseln | rawpowders.de | Product-Guide.org\",\"isPartOf\":{\"@id\":\"https:\/\/product-guide.org\/#website\"},\"primaryImageOfPage\":{\"@id\":\"https:\/\/product-guide.org\/produkt\/omega-3-6-9-120-kapseln-rawpowders-de\/#primaryimage\"},\"image\":{\"@id\":\"https:\/\/product-guide.org\/produkt\/omega-3-6-9-120-kapseln-rawpowders-de\/#primaryimage\"},\"thumbnailUrl\":\"https:\/\/product-guide.org\/wp-content\/uploads\/2025\/03\/Omega-369-100mg-120-capsules_front-1000x1000-1.png\",\"datePublished\":\"2025-03-17T11:18:52+00:00\",\"description\":\"Omega 3-6-9 120 Kapseln | rawpowders.de gefunden von Product-Guide.org\",\"breadcrumb\":{\"@id\":\"https:\/\/product-guide.org\/produkt\/omega-3-6-9-120-kapseln-rawpowders-de\/#breadcrumb\"},\"inLanguage\":\"en-GB\",\"potentialAction\":[{\"@type\":\"ReadAction\",\"target\":[\"https:\/\/product-guide.org\/produkt\/omega-3-6-9-120-kapseln-rawpowders-de\/\"]}]},{\"@type\":\"ImageObject\",\"inLanguage\":\"en-GB\",\"@id\":\"https:\/\/product-guide.org\/produkt\/omega-3-6-9-120-kapseln-rawpowders-de\/#primaryimage\",\"url\":\"https:\/\/product-guide.org\/wp-content\/uploads\/2025\/03\/Omega-369-100mg-120-capsules_front-1000x1000-1.png\",\"contentUrl\":\"https:\/\/product-guide.org\/wp-content\/uploads\/2025\/03\/Omega-369-100mg-120-capsules_front-1000x1000-1.png\",\"width\":1000,\"height\":1000},{\"@type\":\"BreadcrumbList\",\"@id\":\"https:\/\/product-guide.org\/produkt\/omega-3-6-9-120-kapseln-rawpowders-de\/#breadcrumb\",\"itemListElement\":[{\"@type\":\"ListItem\",\"position\":1,\"name\":\"Home\",\"item\":\"https:\/\/product-guide.org\/\"},{\"@type\":\"ListItem\",\"position\":2,\"name\":\"Ergebnisse\",\"item\":\"https:\/\/product-guide.org\/de\/ergebnisse\/\"},{\"@type\":\"ListItem\",\"position\":3,\"name\":\"Omega 3-6-9 120 Kapseln | rawpowders.de\"}]},{\"@type\":\"WebSite\",\"@id\":\"https:\/\/product-guide.org\/#website\",\"url\":\"https:\/\/product-guide.org\/\",\"name\":\"Product-Guide.org\",\"description\":\"What Product are you looking for?\",\"publisher\":{\"@id\":\"https:\/\/product-guide.org\/#organization\"},\"potentialAction\":[{\"@type\":\"SearchAction\",\"target\":{\"@type\":\"EntryPoint\",\"urlTemplate\":\"https:\/\/product-guide.org\/?s={search_term_string}\"},\"query-input\":{\"@type\":\"PropertyValueSpecification\",\"valueRequired\":true,\"valueName\":\"search_term_string\"}}],\"inLanguage\":\"en-GB\"},{\"@type\":\"Organization\",\"@id\":\"https:\/\/product-guide.org\/#organization\",\"name\":\"Product-Guide.org\",\"url\":\"https:\/\/product-guide.org\/\",\"logo\":{\"@type\":\"ImageObject\",\"inLanguage\":\"en-GB\",\"@id\":\"https:\/\/product-guide.org\/#\/schema\/logo\/image\/\",\"url\":\"https:\/\/product-guide.org\/wp-content\/uploads\/2022\/07\/logo_transparent_background.png\",\"contentUrl\":\"https:\/\/product-guide.org\/wp-content\/uploads\/2022\/07\/logo_transparent_background.png\",\"width\":3400,\"height\":1132,\"caption\":\"Product-Guide.org\"},\"image\":{\"@id\":\"https:\/\/product-guide.org\/#\/schema\/logo\/image\/\"}}]}<\/script>\n<!-- \/ Yoast SEO plugin. -->","yoast_head_json":{"title":"Omega 3-6-9 120 Kapseln | rawpowders.de | Product-Guide.org","description":"Omega 3-6-9 120 Kapseln | rawpowders.de gefunden von Product-Guide.org","robots":{"index":"index","follow":"follow","max-snippet":"max-snippet:-1","max-image-preview":"max-image-preview:large","max-video-preview":"max-video-preview:-1"},"canonical":"https:\/\/product-guide.org\/en\/produkt\/omega-3-6-9-120-kapseln-rawpowders-de\/","og_locale":"en_GB","og_type":"article","og_title":"Omega 3-6-9 120 Kapseln | rawpowders.de | Product-Guide.org","og_description":"Omega 3-6-9 120 Kapseln | rawpowders.de gefunden von Product-Guide.org","og_url":"https:\/\/product-guide.org\/en\/produkt\/omega-3-6-9-120-kapseln-rawpowders-de\/","og_site_name":"Product-Guide.org","twitter_card":"summary_large_image","schema":{"@context":"https:\/\/schema.org","@graph":[{"@type":"WebPage","@id":"https:\/\/product-guide.org\/produkt\/omega-3-6-9-120-kapseln-rawpowders-de\/","url":"https:\/\/product-guide.org\/produkt\/omega-3-6-9-120-kapseln-rawpowders-de\/","name":"Omega 3-6-9 120 Kapseln | rawpowders.de | Product-Guide.org","isPartOf":{"@id":"https:\/\/product-guide.org\/#website"},"primaryImageOfPage":{"@id":"https:\/\/product-guide.org\/produkt\/omega-3-6-9-120-kapseln-rawpowders-de\/#primaryimage"},"image":{"@id":"https:\/\/product-guide.org\/produkt\/omega-3-6-9-120-kapseln-rawpowders-de\/#primaryimage"},"thumbnailUrl":"https:\/\/product-guide.org\/wp-content\/uploads\/2025\/03\/Omega-369-100mg-120-capsules_front-1000x1000-1.png","datePublished":"2025-03-17T11:18:52+00:00","description":"Omega 3-6-9 120 Kapseln | rawpowders.de gefunden von Product-Guide.org","breadcrumb":{"@id":"https:\/\/product-guide.org\/produkt\/omega-3-6-9-120-kapseln-rawpowders-de\/#breadcrumb"},"inLanguage":"en-GB","potentialAction":[{"@type":"ReadAction","target":["https:\/\/product-guide.org\/produkt\/omega-3-6-9-120-kapseln-rawpowders-de\/"]}]},{"@type":"ImageObject","inLanguage":"en-GB","@id":"https:\/\/product-guide.org\/produkt\/omega-3-6-9-120-kapseln-rawpowders-de\/#primaryimage","url":"https:\/\/product-guide.org\/wp-content\/uploads\/2025\/03\/Omega-369-100mg-120-capsules_front-1000x1000-1.png","contentUrl":"https:\/\/product-guide.org\/wp-content\/uploads\/2025\/03\/Omega-369-100mg-120-capsules_front-1000x1000-1.png","width":1000,"height":1000},{"@type":"BreadcrumbList","@id":"https:\/\/product-guide.org\/produkt\/omega-3-6-9-120-kapseln-rawpowders-de\/#breadcrumb","itemListElement":[{"@type":"ListItem","position":1,"name":"Home","item":"https:\/\/product-guide.org\/"},{"@type":"ListItem","position":2,"name":"Ergebnisse","item":"https:\/\/product-guide.org\/de\/ergebnisse\/"},{"@type":"ListItem","position":3,"name":"Omega 3-6-9 120 Kapseln | rawpowders.de"}]},{"@type":"WebSite","@id":"https:\/\/product-guide.org\/#website","url":"https:\/\/product-guide.org\/","name":"Product-Guide.org","description":"What Product are you looking for?","publisher":{"@id":"https:\/\/product-guide.org\/#organization"},"potentialAction":[{"@type":"SearchAction","target":{"@type":"EntryPoint","urlTemplate":"https:\/\/product-guide.org\/?s={search_term_string}"},"query-input":{"@type":"PropertyValueSpecification","valueRequired":true,"valueName":"search_term_string"}}],"inLanguage":"en-GB"},{"@type":"Organization","@id":"https:\/\/product-guide.org\/#organization","name":"Product-Guide.org","url":"https:\/\/product-guide.org\/","logo":{"@type":"ImageObject","inLanguage":"en-GB","@id":"https:\/\/product-guide.org\/#\/schema\/logo\/image\/","url":"https:\/\/product-guide.org\/wp-content\/uploads\/2022\/07\/logo_transparent_background.png","contentUrl":"https:\/\/product-guide.org\/wp-content\/uploads\/2022\/07\/logo_transparent_background.png","width":3400,"height":1132,"caption":"Product-Guide.org"},"image":{"@id":"https:\/\/product-guide.org\/#\/schema\/logo\/image\/"}}]}},"_links":{"self":[{"href":"https:\/\/product-guide.org\/en\/wp-json\/wp\/v2\/product\/54743","targetHints":{"allow":["GET"]}}],"collection":[{"href":"https:\/\/product-guide.org\/en\/wp-json\/wp\/v2\/product"}],"about":[{"href":"https:\/\/product-guide.org\/en\/wp-json\/wp\/v2\/types\/product"}],"wp:featuredmedia":[{"embeddable":true,"href":"https:\/\/product-guide.org\/en\/wp-json\/wp\/v2\/media\/54742"}],"wp:attachment":[{"href":"https:\/\/product-guide.org\/en\/wp-json\/wp\/v2\/media?parent=54743"}],"wp:term":[{"taxonomy":"store","embeddable":true,"href":"https:\/\/product-guide.org\/en\/wp-json\/wp\/v2\/store?post=54743"},{"taxonomy":"product_brand","embeddable":true,"href":"https:\/\/product-guide.org\/en\/wp-json\/wp\/v2\/product_brand?post=54743"},{"taxonomy":"product_cat","embeddable":true,"href":"https:\/\/product-guide.org\/en\/wp-json\/wp\/v2\/product_cat?post=54743"},{"taxonomy":"product_tag","embeddable":true,"href":"https:\/\/product-guide.org\/en\/wp-json\/wp\/v2\/product_tag?post=54743"}],"curies":[{"name":"wp","href":"https:\/\/api.w.org\/{rel}","templated":true}]}}