{"id":54745,"date":"2025-03-17T12:18:55","date_gmt":"2025-03-17T11:18:55","guid":{"rendered":"https:\/\/product-guide.org\/produkt\/phenibut-faa-pulver-25-g-rein-pulver-rawpowders-de\/"},"modified":"2025-03-17T12:18:56","modified_gmt":"2025-03-17T11:18:56","slug":"phenibut-faa-pulver-25-g-rein-pulver-rawpowders-de","status":"publish","type":"product","link":"https:\/\/product-guide.org\/en\/produkt\/phenibut-faa-pulver-25-g-rein-pulver-rawpowders-de\/","title":{"rendered":"Phenibut FAA Pulver 25 g Rein Pulver | rawpowders.de"},"content":{"rendered":"<p>Raw Powders reines Phenibut FAA-Pulver ohne Zus\u00e4tze!EXPRESSVERSAND NICHT VERF\u00dcGBAR &#8211; BITTE W\u00c4HLEN SIE DIESE VERSANDART NICHT!Was ist Phenibut FAA?Phenibut FAA ist Phenibut in seiner freien Aminos\u00e4ureform. Es ist einen nahezu neutralen pH-Wert und ist daher sehr gut f\u00fcr die sublinguale Verabreichung geeignet. Bei normaler Anwendung ist Phenibut FAA 15% effizienter als Phenibut HCl, hat aber ansonsten nur wenige Vorteile. Phenibut ist eines der beliebtesten Nootropika-Pr\u00e4parate auf dem heutigen Markt &#8211; eine Substanz, von der angenommen wird, dass sie die kognitive Gehirnfunktion, den Schlaf und die Stimmung positiv beeinflusst, aber es bedarf weiterer Forschung. Bei seinen Anwendern ist es vor allem f\u00fcr seine vermeintlichen Vorteile bei der Behandlung von Schlaflosigkeit, allgemeinen Angstst\u00f6rungen und dem Stressabbau bekannt. Benutzer, die dieses Nootropikum ausprobiert haben, behaupten, dass die eindrucksvollste Wirkung des Nootropikums war, das sie ein Gef\u00fchl der vollst\u00e4ndigen Entspannung empfanden. Vor allem aber scheint die beruhigende Wirkung dieser Substanz die Konzentrationsf\u00e4higkeit nicht zu beeintr\u00e4chtigen und sie hinterl\u00e4sst auch kein nebliges Gef\u00fchl. Neueste Studien warnen vor den Risiken und betonen die Vorsicht beim Konsum dieses Erg\u00e4nzungsmittels.Warum Phenibut FAA?Phenibut kann die Stimmung verbessern. Phenibut ist ein Derivat der Gamma-Aminobutters\u00e4ure (GABA), die ein prim\u00e4rer Neurotransmitter ist, der im zentralen Nervensystem wirkt. Phenibut hat eine \u00e4hnliche Molekularstruktur wie GABA, durchbricht aber die Blut-Hirn-Schranke effektiver. Es wird angenommen, dass dieses Nootropikum antidepressive Eigenschaften hat und die Reizbarkeit verringern k\u00f6nnte, aber es bedarf weiterer Forschung. Nach Ansicht vieler Benutzer kann Phenibut auch helfen, besser zu schlafen und ausgeruhter aufzuwachen. Es ist auch bekannt, dass es eine starke beruhigende und entspannende Wirkung hat.WARNUNG:Wenn Sie schwanger sind oder stillen, konsultieren Sie vor der Verwendung dieses Produkts einen Arzt. AU\u00dfER REICHWEITE VON KINDERN AUFBEWAHREN. Die empfohlene Einnahme darf nicht \u00fcberschritten werden. Nicht innerhalb von 4 Stunden am selben Tag erneut einnehmen. Nicht mit Alkohol oder Beruhigungsmitteln mischen. Personen, die Monoamin-Oxi-Dase-Hemmer einnehmen, sollten sich vor der Einnahme dieses Produkts mit ihrem Arzt beraten. Bei \u00fcberm\u00e4\u00dfiger Anwendung besteht die Gefahr von Entzugserscheinungen. Die t\u00e4gliche Anwendung kann zu Toleranz f\u00fchren. Nehmen Sie die empfohlene Tagesdosis bis zu zweimal pro Woche ein oder wechseln Sie die Einnahme mit langen Unterbrechungen ab. An einem k\u00fchlen, trockenen Ort aufbewahren.<\/p>\n","protected":false},"excerpt":{"rendered":"<p>Raw Powders reines Phenibut FAA-Pulver ohne Zus\u00e4tze!EXPRESSVERSAND NICHT VERF\u00dcGBAR &#8211; BITTE W\u00c4HLEN SIE DIESE VERSANDART NICHT!Was ist Phenibut FAA?Phenibut FAA ist Phenibut in seiner freien Aminos\u00e4ureform. Es ist einen nahezu neutralen pH-Wert und ist daher sehr gut f\u00fcr die sublinguale Verabreichung geeignet. Bei normaler Anwendung ist Phenibut FAA 15% effizienter als Phenibut HCl, hat aber [&hellip;]<\/p>\n","protected":false},"featured_media":54744,"template":"","meta":{"_gspb_post_css":""},"store":[],"product_brand":[1420],"product_cat":[1290],"product_tag":[],"class_list":{"0":"post-54745","1":"product","2":"type-product","3":"status-publish","4":"has-post-thumbnail","6":"product_brand-rawpowders-de","7":"product_cat-uncategorized","9":"first","10":"instock","11":"shipping-taxable","12":"purchasable","13":"product-type-simple"},"yoast_head":"<!-- This site is optimized with the Yoast SEO plugin v24.6 - https:\/\/yoast.com\/wordpress\/plugins\/seo\/ -->\n<title>Phenibut FAA Pulver 25 g Rein Pulver | rawpowders.de | Product-Guide.org<\/title>\n<meta name=\"description\" content=\"Phenibut FAA Pulver 25 g Rein Pulver | rawpowders.de gefunden von Product-Guide.org\" \/>\n<meta name=\"robots\" content=\"index, follow, max-snippet:-1, max-image-preview:large, max-video-preview:-1\" \/>\n<link rel=\"canonical\" href=\"https:\/\/product-guide.org\/en\/produkt\/phenibut-faa-pulver-25-g-rein-pulver-rawpowders-de\/\" \/>\n<meta property=\"og:locale\" content=\"en_GB\" \/>\n<meta property=\"og:type\" content=\"article\" \/>\n<meta property=\"og:title\" content=\"Phenibut FAA Pulver 25 g Rein Pulver | rawpowders.de | Product-Guide.org\" \/>\n<meta property=\"og:description\" content=\"Phenibut FAA Pulver 25 g Rein Pulver | rawpowders.de gefunden von Product-Guide.org\" \/>\n<meta property=\"og:url\" content=\"https:\/\/product-guide.org\/en\/produkt\/phenibut-faa-pulver-25-g-rein-pulver-rawpowders-de\/\" \/>\n<meta property=\"og:site_name\" content=\"Product-Guide.org\" \/>\n<meta property=\"article:modified_time\" content=\"2025-03-17T11:18:56+00:00\" \/>\n<meta name=\"twitter:card\" content=\"summary_large_image\" \/>\n<script type=\"application\/ld+json\" class=\"yoast-schema-graph\">{\"@context\":\"https:\/\/schema.org\",\"@graph\":[{\"@type\":\"WebPage\",\"@id\":\"https:\/\/product-guide.org\/produkt\/phenibut-faa-pulver-25-g-rein-pulver-rawpowders-de\/\",\"url\":\"https:\/\/product-guide.org\/produkt\/phenibut-faa-pulver-25-g-rein-pulver-rawpowders-de\/\",\"name\":\"Phenibut FAA Pulver 25 g Rein Pulver | rawpowders.de | Product-Guide.org\",\"isPartOf\":{\"@id\":\"https:\/\/product-guide.org\/#website\"},\"primaryImageOfPage\":{\"@id\":\"https:\/\/product-guide.org\/produkt\/phenibut-faa-pulver-25-g-rein-pulver-rawpowders-de\/#primaryimage\"},\"image\":{\"@id\":\"https:\/\/product-guide.org\/produkt\/phenibut-faa-pulver-25-g-rein-pulver-rawpowders-de\/#primaryimage\"},\"thumbnailUrl\":\"https:\/\/product-guide.org\/wp-content\/uploads\/2025\/03\/67-Phenibut-FAA-Powder-25-grams-SP_front-1000x1000-1.png\",\"datePublished\":\"2025-03-17T11:18:55+00:00\",\"dateModified\":\"2025-03-17T11:18:56+00:00\",\"description\":\"Phenibut FAA Pulver 25 g Rein Pulver | rawpowders.de gefunden von Product-Guide.org\",\"breadcrumb\":{\"@id\":\"https:\/\/product-guide.org\/produkt\/phenibut-faa-pulver-25-g-rein-pulver-rawpowders-de\/#breadcrumb\"},\"inLanguage\":\"en-GB\",\"potentialAction\":[{\"@type\":\"ReadAction\",\"target\":[\"https:\/\/product-guide.org\/produkt\/phenibut-faa-pulver-25-g-rein-pulver-rawpowders-de\/\"]}]},{\"@type\":\"ImageObject\",\"inLanguage\":\"en-GB\",\"@id\":\"https:\/\/product-guide.org\/produkt\/phenibut-faa-pulver-25-g-rein-pulver-rawpowders-de\/#primaryimage\",\"url\":\"https:\/\/product-guide.org\/wp-content\/uploads\/2025\/03\/67-Phenibut-FAA-Powder-25-grams-SP_front-1000x1000-1.png\",\"contentUrl\":\"https:\/\/product-guide.org\/wp-content\/uploads\/2025\/03\/67-Phenibut-FAA-Powder-25-grams-SP_front-1000x1000-1.png\",\"width\":1000,\"height\":1000},{\"@type\":\"BreadcrumbList\",\"@id\":\"https:\/\/product-guide.org\/produkt\/phenibut-faa-pulver-25-g-rein-pulver-rawpowders-de\/#breadcrumb\",\"itemListElement\":[{\"@type\":\"ListItem\",\"position\":1,\"name\":\"Home\",\"item\":\"https:\/\/product-guide.org\/\"},{\"@type\":\"ListItem\",\"position\":2,\"name\":\"Ergebnisse\",\"item\":\"https:\/\/product-guide.org\/de\/ergebnisse\/\"},{\"@type\":\"ListItem\",\"position\":3,\"name\":\"Phenibut FAA Pulver 25 g Rein Pulver | rawpowders.de\"}]},{\"@type\":\"WebSite\",\"@id\":\"https:\/\/product-guide.org\/#website\",\"url\":\"https:\/\/product-guide.org\/\",\"name\":\"Product-Guide.org\",\"description\":\"What Product are you looking for?\",\"publisher\":{\"@id\":\"https:\/\/product-guide.org\/#organization\"},\"potentialAction\":[{\"@type\":\"SearchAction\",\"target\":{\"@type\":\"EntryPoint\",\"urlTemplate\":\"https:\/\/product-guide.org\/?s={search_term_string}\"},\"query-input\":{\"@type\":\"PropertyValueSpecification\",\"valueRequired\":true,\"valueName\":\"search_term_string\"}}],\"inLanguage\":\"en-GB\"},{\"@type\":\"Organization\",\"@id\":\"https:\/\/product-guide.org\/#organization\",\"name\":\"Product-Guide.org\",\"url\":\"https:\/\/product-guide.org\/\",\"logo\":{\"@type\":\"ImageObject\",\"inLanguage\":\"en-GB\",\"@id\":\"https:\/\/product-guide.org\/#\/schema\/logo\/image\/\",\"url\":\"https:\/\/product-guide.org\/wp-content\/uploads\/2022\/07\/logo_transparent_background.png\",\"contentUrl\":\"https:\/\/product-guide.org\/wp-content\/uploads\/2022\/07\/logo_transparent_background.png\",\"width\":3400,\"height\":1132,\"caption\":\"Product-Guide.org\"},\"image\":{\"@id\":\"https:\/\/product-guide.org\/#\/schema\/logo\/image\/\"}}]}<\/script>\n<!-- \/ Yoast SEO plugin. -->","yoast_head_json":{"title":"Phenibut FAA Pulver 25 g Rein Pulver | rawpowders.de | Product-Guide.org","description":"Phenibut FAA Pulver 25 g Rein Pulver | rawpowders.de gefunden von Product-Guide.org","robots":{"index":"index","follow":"follow","max-snippet":"max-snippet:-1","max-image-preview":"max-image-preview:large","max-video-preview":"max-video-preview:-1"},"canonical":"https:\/\/product-guide.org\/en\/produkt\/phenibut-faa-pulver-25-g-rein-pulver-rawpowders-de\/","og_locale":"en_GB","og_type":"article","og_title":"Phenibut FAA Pulver 25 g Rein Pulver | rawpowders.de | Product-Guide.org","og_description":"Phenibut FAA Pulver 25 g Rein Pulver | rawpowders.de gefunden von Product-Guide.org","og_url":"https:\/\/product-guide.org\/en\/produkt\/phenibut-faa-pulver-25-g-rein-pulver-rawpowders-de\/","og_site_name":"Product-Guide.org","article_modified_time":"2025-03-17T11:18:56+00:00","twitter_card":"summary_large_image","schema":{"@context":"https:\/\/schema.org","@graph":[{"@type":"WebPage","@id":"https:\/\/product-guide.org\/produkt\/phenibut-faa-pulver-25-g-rein-pulver-rawpowders-de\/","url":"https:\/\/product-guide.org\/produkt\/phenibut-faa-pulver-25-g-rein-pulver-rawpowders-de\/","name":"Phenibut FAA Pulver 25 g Rein Pulver | rawpowders.de | Product-Guide.org","isPartOf":{"@id":"https:\/\/product-guide.org\/#website"},"primaryImageOfPage":{"@id":"https:\/\/product-guide.org\/produkt\/phenibut-faa-pulver-25-g-rein-pulver-rawpowders-de\/#primaryimage"},"image":{"@id":"https:\/\/product-guide.org\/produkt\/phenibut-faa-pulver-25-g-rein-pulver-rawpowders-de\/#primaryimage"},"thumbnailUrl":"https:\/\/product-guide.org\/wp-content\/uploads\/2025\/03\/67-Phenibut-FAA-Powder-25-grams-SP_front-1000x1000-1.png","datePublished":"2025-03-17T11:18:55+00:00","dateModified":"2025-03-17T11:18:56+00:00","description":"Phenibut FAA Pulver 25 g Rein Pulver | rawpowders.de gefunden von Product-Guide.org","breadcrumb":{"@id":"https:\/\/product-guide.org\/produkt\/phenibut-faa-pulver-25-g-rein-pulver-rawpowders-de\/#breadcrumb"},"inLanguage":"en-GB","potentialAction":[{"@type":"ReadAction","target":["https:\/\/product-guide.org\/produkt\/phenibut-faa-pulver-25-g-rein-pulver-rawpowders-de\/"]}]},{"@type":"ImageObject","inLanguage":"en-GB","@id":"https:\/\/product-guide.org\/produkt\/phenibut-faa-pulver-25-g-rein-pulver-rawpowders-de\/#primaryimage","url":"https:\/\/product-guide.org\/wp-content\/uploads\/2025\/03\/67-Phenibut-FAA-Powder-25-grams-SP_front-1000x1000-1.png","contentUrl":"https:\/\/product-guide.org\/wp-content\/uploads\/2025\/03\/67-Phenibut-FAA-Powder-25-grams-SP_front-1000x1000-1.png","width":1000,"height":1000},{"@type":"BreadcrumbList","@id":"https:\/\/product-guide.org\/produkt\/phenibut-faa-pulver-25-g-rein-pulver-rawpowders-de\/#breadcrumb","itemListElement":[{"@type":"ListItem","position":1,"name":"Home","item":"https:\/\/product-guide.org\/"},{"@type":"ListItem","position":2,"name":"Ergebnisse","item":"https:\/\/product-guide.org\/de\/ergebnisse\/"},{"@type":"ListItem","position":3,"name":"Phenibut FAA Pulver 25 g Rein Pulver | rawpowders.de"}]},{"@type":"WebSite","@id":"https:\/\/product-guide.org\/#website","url":"https:\/\/product-guide.org\/","name":"Product-Guide.org","description":"What Product are you looking for?","publisher":{"@id":"https:\/\/product-guide.org\/#organization"},"potentialAction":[{"@type":"SearchAction","target":{"@type":"EntryPoint","urlTemplate":"https:\/\/product-guide.org\/?s={search_term_string}"},"query-input":{"@type":"PropertyValueSpecification","valueRequired":true,"valueName":"search_term_string"}}],"inLanguage":"en-GB"},{"@type":"Organization","@id":"https:\/\/product-guide.org\/#organization","name":"Product-Guide.org","url":"https:\/\/product-guide.org\/","logo":{"@type":"ImageObject","inLanguage":"en-GB","@id":"https:\/\/product-guide.org\/#\/schema\/logo\/image\/","url":"https:\/\/product-guide.org\/wp-content\/uploads\/2022\/07\/logo_transparent_background.png","contentUrl":"https:\/\/product-guide.org\/wp-content\/uploads\/2022\/07\/logo_transparent_background.png","width":3400,"height":1132,"caption":"Product-Guide.org"},"image":{"@id":"https:\/\/product-guide.org\/#\/schema\/logo\/image\/"}}]}},"_links":{"self":[{"href":"https:\/\/product-guide.org\/en\/wp-json\/wp\/v2\/product\/54745","targetHints":{"allow":["GET"]}}],"collection":[{"href":"https:\/\/product-guide.org\/en\/wp-json\/wp\/v2\/product"}],"about":[{"href":"https:\/\/product-guide.org\/en\/wp-json\/wp\/v2\/types\/product"}],"wp:featuredmedia":[{"embeddable":true,"href":"https:\/\/product-guide.org\/en\/wp-json\/wp\/v2\/media\/54744"}],"wp:attachment":[{"href":"https:\/\/product-guide.org\/en\/wp-json\/wp\/v2\/media?parent=54745"}],"wp:term":[{"taxonomy":"store","embeddable":true,"href":"https:\/\/product-guide.org\/en\/wp-json\/wp\/v2\/store?post=54745"},{"taxonomy":"product_brand","embeddable":true,"href":"https:\/\/product-guide.org\/en\/wp-json\/wp\/v2\/product_brand?post=54745"},{"taxonomy":"product_cat","embeddable":true,"href":"https:\/\/product-guide.org\/en\/wp-json\/wp\/v2\/product_cat?post=54745"},{"taxonomy":"product_tag","embeddable":true,"href":"https:\/\/product-guide.org\/en\/wp-json\/wp\/v2\/product_tag?post=54745"}],"curies":[{"name":"wp","href":"https:\/\/api.w.org\/{rel}","templated":true}]}}