{"id":54747,"date":"2025-03-17T12:18:59","date_gmt":"2025-03-17T11:18:59","guid":{"rendered":"https:\/\/product-guide.org\/produkt\/reishi-700mg-120-kapseln-rawpowders-de\/"},"modified":"2025-03-17T12:18:59","modified_gmt":"2025-03-17T11:18:59","slug":"reishi-700mg-120-kapseln-rawpowders-de","status":"publish","type":"product","link":"https:\/\/product-guide.org\/en\/produkt\/reishi-700mg-120-kapseln-rawpowders-de\/","title":{"rendered":"Reishi 700mg 120 Kapseln | rawpowders.de"},"content":{"rendered":"<p>Raw Powders reines Reishi Kapseln!Was ist Reishi?Reishi oder Ling Zhi (auf Chinesisch) ist ein Pilz, der an hei\u00dfen Orten Asiens w\u00e4chst. Da es in der \u00f6stlichen Medizin der Antike verwendet wurde, waren die Menschen im Osten bereits mit seinen positiven Auswirkungen auf K\u00f6rper und Geist vertraut. Obwohl die ganze Pflanze f\u00fcr eine bestimmte Behandlung verwendet werden kann, wird der Fruchtk\u00f6rper von Reishi am h\u00e4ufigsten konsumiert und untersucht. Warum sollte ich es einnehmen?Der Reishi-Pilz st\u00e4rkt das Immunsystem, beugt bestimmten Infektionen vor, hilft bei der Bew\u00e4ltigung von M\u00fcdigkeit und erh\u00e4lt die Gesundheit Ihres Herzens, indem er den Blutzucker- und Cholesterinspiegel kontrolliert. Die Benutzer genie\u00dfen auch seine Eigenschaft, \u00c4ngste und Stress zu reduzieren, so dass der Reishi sowohl zur Unterst\u00fctzung von K\u00f6rper als auch Geist eingesetzt werden kann.Mehr \u00fcber die Vorteile des Reishi k\u00f6nnen Sie hier lesen.WARNUNG:Wenn Sie schwanger sind oder stillen, konsultieren Sie vor der Verwendung dieses Produkts einen Arzt. AU\u00dfER REICHWEITE VON KINDERN AUFBEWAHREN. Die empfohlene Einnahme darf nicht \u00fcberschritten werden. Nicht innerhalb von 4 Stunden am selben Tag erneut einnehmen. Nicht mit Alkohol oder Beruhigungsmitteln mischen. Personen, die Monoamin-Oxi-Dase-Hemmer einnehmen, sollten sich vor der Einnahme dieses Produkts mit ihrem Arzt beraten. Bei \u00fcberm\u00e4\u00dfiger Anwendung besteht die Gefahr von Entzugserscheinungen. Die t\u00e4gliche Anwendung kann zu Toleranz f\u00fchren. Nehmen Sie die empfohlene Tagesdosis bis zu zweimal pro Woche ein oder wechseln Sie die Einnahme mit langen Unterbrechungen ab. An einem k\u00fchlen, trockenen Ort aufbewahren. Verwenden Sie dieses Produkt nicht, wenn das Sicherheitssiegel auf der Flasche besch\u00e4digt ist.Mehr \u00fcber die m\u00f6glichen Nebenwirkungen des Reishi k\u00f6nnen Sie hier lesen. Es ist auch wichtig zu wissen, wie man Reishi-Erg\u00e4nzungen richtig einnimmt. Lesen Sie hier alle Informationen zur Reishi-Dosierung.Auch andere Superfoods Produkte kannst du hier kaufen.<\/p>\n","protected":false},"excerpt":{"rendered":"<p>Raw Powders reines Reishi Kapseln!Was ist Reishi?Reishi oder Ling Zhi (auf Chinesisch) ist ein Pilz, der an hei\u00dfen Orten Asiens w\u00e4chst. Da es in der \u00f6stlichen Medizin der Antike verwendet wurde, waren die Menschen im Osten bereits mit seinen positiven Auswirkungen auf K\u00f6rper und Geist vertraut. Obwohl die ganze Pflanze f\u00fcr eine bestimmte Behandlung verwendet [&hellip;]<\/p>\n","protected":false},"featured_media":54746,"template":"","meta":{"_gspb_post_css":""},"store":[],"product_brand":[1420],"product_cat":[1290],"product_tag":[],"class_list":{"0":"post-54747","1":"product","2":"type-product","3":"status-publish","4":"has-post-thumbnail","6":"product_brand-rawpowders-de","7":"product_cat-uncategorized","9":"first","10":"instock","11":"shipping-taxable","12":"purchasable","13":"product-type-simple"},"yoast_head":"<!-- This site is optimized with the Yoast SEO plugin v24.6 - https:\/\/yoast.com\/wordpress\/plugins\/seo\/ -->\n<title>Reishi 700mg 120 Kapseln | rawpowders.de | Product-Guide.org<\/title>\n<meta name=\"description\" content=\"Reishi 700mg 120 Kapseln | rawpowders.de gefunden von Product-Guide.org\" \/>\n<meta name=\"robots\" content=\"index, follow, max-snippet:-1, max-image-preview:large, max-video-preview:-1\" \/>\n<link rel=\"canonical\" href=\"https:\/\/product-guide.org\/en\/produkt\/reishi-700mg-120-kapseln-rawpowders-de\/\" \/>\n<meta property=\"og:locale\" content=\"en_GB\" \/>\n<meta property=\"og:type\" content=\"article\" \/>\n<meta property=\"og:title\" content=\"Reishi 700mg 120 Kapseln | rawpowders.de | Product-Guide.org\" \/>\n<meta property=\"og:description\" content=\"Reishi 700mg 120 Kapseln | rawpowders.de gefunden von Product-Guide.org\" \/>\n<meta property=\"og:url\" content=\"https:\/\/product-guide.org\/en\/produkt\/reishi-700mg-120-kapseln-rawpowders-de\/\" \/>\n<meta property=\"og:site_name\" content=\"Product-Guide.org\" \/>\n<meta name=\"twitter:card\" content=\"summary_large_image\" \/>\n<script type=\"application\/ld+json\" class=\"yoast-schema-graph\">{\"@context\":\"https:\/\/schema.org\",\"@graph\":[{\"@type\":\"WebPage\",\"@id\":\"https:\/\/product-guide.org\/produkt\/reishi-700mg-120-kapseln-rawpowders-de\/\",\"url\":\"https:\/\/product-guide.org\/produkt\/reishi-700mg-120-kapseln-rawpowders-de\/\",\"name\":\"Reishi 700mg 120 Kapseln | rawpowders.de | Product-Guide.org\",\"isPartOf\":{\"@id\":\"https:\/\/product-guide.org\/#website\"},\"primaryImageOfPage\":{\"@id\":\"https:\/\/product-guide.org\/produkt\/reishi-700mg-120-kapseln-rawpowders-de\/#primaryimage\"},\"image\":{\"@id\":\"https:\/\/product-guide.org\/produkt\/reishi-700mg-120-kapseln-rawpowders-de\/#primaryimage\"},\"thumbnailUrl\":\"https:\/\/product-guide.org\/wp-content\/uploads\/2025\/03\/115-Reishi-700mg-120-capsules-NN_front201-min-1000x1000-1.png\",\"datePublished\":\"2025-03-17T11:18:59+00:00\",\"description\":\"Reishi 700mg 120 Kapseln | rawpowders.de gefunden von Product-Guide.org\",\"breadcrumb\":{\"@id\":\"https:\/\/product-guide.org\/produkt\/reishi-700mg-120-kapseln-rawpowders-de\/#breadcrumb\"},\"inLanguage\":\"en-GB\",\"potentialAction\":[{\"@type\":\"ReadAction\",\"target\":[\"https:\/\/product-guide.org\/produkt\/reishi-700mg-120-kapseln-rawpowders-de\/\"]}]},{\"@type\":\"ImageObject\",\"inLanguage\":\"en-GB\",\"@id\":\"https:\/\/product-guide.org\/produkt\/reishi-700mg-120-kapseln-rawpowders-de\/#primaryimage\",\"url\":\"https:\/\/product-guide.org\/wp-content\/uploads\/2025\/03\/115-Reishi-700mg-120-capsules-NN_front201-min-1000x1000-1.png\",\"contentUrl\":\"https:\/\/product-guide.org\/wp-content\/uploads\/2025\/03\/115-Reishi-700mg-120-capsules-NN_front201-min-1000x1000-1.png\",\"width\":1000,\"height\":1000},{\"@type\":\"BreadcrumbList\",\"@id\":\"https:\/\/product-guide.org\/produkt\/reishi-700mg-120-kapseln-rawpowders-de\/#breadcrumb\",\"itemListElement\":[{\"@type\":\"ListItem\",\"position\":1,\"name\":\"Home\",\"item\":\"https:\/\/product-guide.org\/\"},{\"@type\":\"ListItem\",\"position\":2,\"name\":\"Ergebnisse\",\"item\":\"https:\/\/product-guide.org\/de\/ergebnisse\/\"},{\"@type\":\"ListItem\",\"position\":3,\"name\":\"Reishi 700mg 120 Kapseln | rawpowders.de\"}]},{\"@type\":\"WebSite\",\"@id\":\"https:\/\/product-guide.org\/#website\",\"url\":\"https:\/\/product-guide.org\/\",\"name\":\"Product-Guide.org\",\"description\":\"What Product are you looking for?\",\"publisher\":{\"@id\":\"https:\/\/product-guide.org\/#organization\"},\"potentialAction\":[{\"@type\":\"SearchAction\",\"target\":{\"@type\":\"EntryPoint\",\"urlTemplate\":\"https:\/\/product-guide.org\/?s={search_term_string}\"},\"query-input\":{\"@type\":\"PropertyValueSpecification\",\"valueRequired\":true,\"valueName\":\"search_term_string\"}}],\"inLanguage\":\"en-GB\"},{\"@type\":\"Organization\",\"@id\":\"https:\/\/product-guide.org\/#organization\",\"name\":\"Product-Guide.org\",\"url\":\"https:\/\/product-guide.org\/\",\"logo\":{\"@type\":\"ImageObject\",\"inLanguage\":\"en-GB\",\"@id\":\"https:\/\/product-guide.org\/#\/schema\/logo\/image\/\",\"url\":\"https:\/\/product-guide.org\/wp-content\/uploads\/2022\/07\/logo_transparent_background.png\",\"contentUrl\":\"https:\/\/product-guide.org\/wp-content\/uploads\/2022\/07\/logo_transparent_background.png\",\"width\":3400,\"height\":1132,\"caption\":\"Product-Guide.org\"},\"image\":{\"@id\":\"https:\/\/product-guide.org\/#\/schema\/logo\/image\/\"}}]}<\/script>\n<!-- \/ Yoast SEO plugin. -->","yoast_head_json":{"title":"Reishi 700mg 120 Kapseln | rawpowders.de | Product-Guide.org","description":"Reishi 700mg 120 Kapseln | rawpowders.de gefunden von Product-Guide.org","robots":{"index":"index","follow":"follow","max-snippet":"max-snippet:-1","max-image-preview":"max-image-preview:large","max-video-preview":"max-video-preview:-1"},"canonical":"https:\/\/product-guide.org\/en\/produkt\/reishi-700mg-120-kapseln-rawpowders-de\/","og_locale":"en_GB","og_type":"article","og_title":"Reishi 700mg 120 Kapseln | rawpowders.de | Product-Guide.org","og_description":"Reishi 700mg 120 Kapseln | rawpowders.de gefunden von Product-Guide.org","og_url":"https:\/\/product-guide.org\/en\/produkt\/reishi-700mg-120-kapseln-rawpowders-de\/","og_site_name":"Product-Guide.org","twitter_card":"summary_large_image","schema":{"@context":"https:\/\/schema.org","@graph":[{"@type":"WebPage","@id":"https:\/\/product-guide.org\/produkt\/reishi-700mg-120-kapseln-rawpowders-de\/","url":"https:\/\/product-guide.org\/produkt\/reishi-700mg-120-kapseln-rawpowders-de\/","name":"Reishi 700mg 120 Kapseln | rawpowders.de | Product-Guide.org","isPartOf":{"@id":"https:\/\/product-guide.org\/#website"},"primaryImageOfPage":{"@id":"https:\/\/product-guide.org\/produkt\/reishi-700mg-120-kapseln-rawpowders-de\/#primaryimage"},"image":{"@id":"https:\/\/product-guide.org\/produkt\/reishi-700mg-120-kapseln-rawpowders-de\/#primaryimage"},"thumbnailUrl":"https:\/\/product-guide.org\/wp-content\/uploads\/2025\/03\/115-Reishi-700mg-120-capsules-NN_front201-min-1000x1000-1.png","datePublished":"2025-03-17T11:18:59+00:00","description":"Reishi 700mg 120 Kapseln | rawpowders.de gefunden von Product-Guide.org","breadcrumb":{"@id":"https:\/\/product-guide.org\/produkt\/reishi-700mg-120-kapseln-rawpowders-de\/#breadcrumb"},"inLanguage":"en-GB","potentialAction":[{"@type":"ReadAction","target":["https:\/\/product-guide.org\/produkt\/reishi-700mg-120-kapseln-rawpowders-de\/"]}]},{"@type":"ImageObject","inLanguage":"en-GB","@id":"https:\/\/product-guide.org\/produkt\/reishi-700mg-120-kapseln-rawpowders-de\/#primaryimage","url":"https:\/\/product-guide.org\/wp-content\/uploads\/2025\/03\/115-Reishi-700mg-120-capsules-NN_front201-min-1000x1000-1.png","contentUrl":"https:\/\/product-guide.org\/wp-content\/uploads\/2025\/03\/115-Reishi-700mg-120-capsules-NN_front201-min-1000x1000-1.png","width":1000,"height":1000},{"@type":"BreadcrumbList","@id":"https:\/\/product-guide.org\/produkt\/reishi-700mg-120-kapseln-rawpowders-de\/#breadcrumb","itemListElement":[{"@type":"ListItem","position":1,"name":"Home","item":"https:\/\/product-guide.org\/"},{"@type":"ListItem","position":2,"name":"Ergebnisse","item":"https:\/\/product-guide.org\/de\/ergebnisse\/"},{"@type":"ListItem","position":3,"name":"Reishi 700mg 120 Kapseln | rawpowders.de"}]},{"@type":"WebSite","@id":"https:\/\/product-guide.org\/#website","url":"https:\/\/product-guide.org\/","name":"Product-Guide.org","description":"What Product are you looking for?","publisher":{"@id":"https:\/\/product-guide.org\/#organization"},"potentialAction":[{"@type":"SearchAction","target":{"@type":"EntryPoint","urlTemplate":"https:\/\/product-guide.org\/?s={search_term_string}"},"query-input":{"@type":"PropertyValueSpecification","valueRequired":true,"valueName":"search_term_string"}}],"inLanguage":"en-GB"},{"@type":"Organization","@id":"https:\/\/product-guide.org\/#organization","name":"Product-Guide.org","url":"https:\/\/product-guide.org\/","logo":{"@type":"ImageObject","inLanguage":"en-GB","@id":"https:\/\/product-guide.org\/#\/schema\/logo\/image\/","url":"https:\/\/product-guide.org\/wp-content\/uploads\/2022\/07\/logo_transparent_background.png","contentUrl":"https:\/\/product-guide.org\/wp-content\/uploads\/2022\/07\/logo_transparent_background.png","width":3400,"height":1132,"caption":"Product-Guide.org"},"image":{"@id":"https:\/\/product-guide.org\/#\/schema\/logo\/image\/"}}]}},"_links":{"self":[{"href":"https:\/\/product-guide.org\/en\/wp-json\/wp\/v2\/product\/54747","targetHints":{"allow":["GET"]}}],"collection":[{"href":"https:\/\/product-guide.org\/en\/wp-json\/wp\/v2\/product"}],"about":[{"href":"https:\/\/product-guide.org\/en\/wp-json\/wp\/v2\/types\/product"}],"wp:featuredmedia":[{"embeddable":true,"href":"https:\/\/product-guide.org\/en\/wp-json\/wp\/v2\/media\/54746"}],"wp:attachment":[{"href":"https:\/\/product-guide.org\/en\/wp-json\/wp\/v2\/media?parent=54747"}],"wp:term":[{"taxonomy":"store","embeddable":true,"href":"https:\/\/product-guide.org\/en\/wp-json\/wp\/v2\/store?post=54747"},{"taxonomy":"product_brand","embeddable":true,"href":"https:\/\/product-guide.org\/en\/wp-json\/wp\/v2\/product_brand?post=54747"},{"taxonomy":"product_cat","embeddable":true,"href":"https:\/\/product-guide.org\/en\/wp-json\/wp\/v2\/product_cat?post=54747"},{"taxonomy":"product_tag","embeddable":true,"href":"https:\/\/product-guide.org\/en\/wp-json\/wp\/v2\/product_tag?post=54747"}],"curies":[{"name":"wp","href":"https:\/\/api.w.org\/{rel}","templated":true}]}}