{"id":54753,"date":"2025-03-17T12:19:10","date_gmt":"2025-03-17T11:19:10","guid":{"rendered":"https:\/\/product-guide.org\/produkt\/spirulina-pulver-125-g-rein-pulver-rawpowders-de\/"},"modified":"2025-03-17T12:19:10","modified_gmt":"2025-03-17T11:19:10","slug":"spirulina-pulver-125-g-rein-pulver-rawpowders-de","status":"publish","type":"product","link":"https:\/\/product-guide.org\/en\/produkt\/spirulina-pulver-125-g-rein-pulver-rawpowders-de\/","title":{"rendered":"Spirulina Pulver 125 g Rein Pulver | rawpowders.de"},"content":{"rendered":"<p>Raw Powders bietet Euch reines Spirulina-Pulver!WAS IST SPIRULINA?Spirulina hat verschiedene N\u00e4hrstoffe, die sowohl f\u00fcr das Gehirn als auch f\u00fcr den K\u00f6rper n\u00fctzlich sind. Diese Erg\u00e4nzung enth\u00e4lt 9 essenzielle und 10 nicht-essenzielle Aminos\u00e4uren, 55-70% Protein (mehr als in bestimmten Nahrungsquellen), au\u00dferdem Gamma-Linolens\u00e4ure (GLA), Vitamin B12, Linols\u00e4ure, Beta-Carotin, Kalzium, Arachidons\u00e4ure, Eisen, Phosphor, Chlorophyll, Nukleins\u00e4uren RNA &#038; DNA und Phycocyanin.WARUM SPIRULINA?Spirulina ist aufgrund seiner Struktur leicht verdaulich. Studien haben gezeigt, dass Spirulina den Gesamtcholesterinspiegel signifikant senkt, indem es das \u201eschlechte\u201c Cholesterin verringert und das \u201egute\u201c Cholesterin erh\u00f6ht. Spirulina beschleunigt den Stoffwechsel und hilft beim Abnehmen. Da Spirulina reich an Proteinen ist, ist es gut f\u00fcr Deine Haare, N\u00e4gel und andere Gewebe.Lesen Sie mehr \u00fcber: Spirulina wirkung.WARNUNG:Wenn Sie schwanger sind oder stillen, konsultieren Sie vor der Verwendung dieses Produkts einen Arzt. AU\u00dfER REICHWEITE VON KINDERN AUFBEWAHREN. Die empfohlene Einnahme darf nicht \u00fcberschritten werden. Nicht innerhalb von 4 Stunden am selben Tag erneut einnehmen. Nicht mit Alkohol oder Beruhigungsmitteln mischen. Personen, die Monoamin-Oxi-Dase-Hemmer einnehmen, sollten sich vor der Einnahme dieses Produkts mit ihrem Arzt beraten. Bei \u00fcberm\u00e4\u00dfiger Anwendung besteht die Gefahr von Entzugserscheinungen. Die t\u00e4gliche Anwendung kann zu Toleranz f\u00fchren. Nehmen Sie die empfohlene Tagesdosis bis zu zweimal pro Woche ein oder wechseln Sie die Einnahme mit langen Unterbrechungen ab. An einem k\u00fchlen, trockenen Ort aufbewahren. Verwenden Sie dieses Produkt nicht, wenn das Sicherheitssiegel auf der Flasche besch\u00e4digt ist.Lesen Sie mehr \u00fcber: Spirulina Dosierung und Spirulina Nebenwirkungen.Auch andere Superfoods Produkte kannst du hier kaufen.<\/p>\n","protected":false},"excerpt":{"rendered":"<p>Raw Powders bietet Euch reines Spirulina-Pulver!WAS IST SPIRULINA?Spirulina hat verschiedene N\u00e4hrstoffe, die sowohl f\u00fcr das Gehirn als auch f\u00fcr den K\u00f6rper n\u00fctzlich sind. Diese Erg\u00e4nzung enth\u00e4lt 9 essenzielle und 10 nicht-essenzielle Aminos\u00e4uren, 55-70% Protein (mehr als in bestimmten Nahrungsquellen), au\u00dferdem Gamma-Linolens\u00e4ure (GLA), Vitamin B12, Linols\u00e4ure, Beta-Carotin, Kalzium, Arachidons\u00e4ure, Eisen, Phosphor, Chlorophyll, Nukleins\u00e4uren RNA &#038; DNA [&hellip;]<\/p>\n","protected":false},"featured_media":54752,"template":"","meta":{"_gspb_post_css":""},"store":[],"product_brand":[1420],"product_cat":[1290],"product_tag":[],"class_list":{"0":"post-54753","1":"product","2":"type-product","3":"status-publish","4":"has-post-thumbnail","6":"product_brand-rawpowders-de","7":"product_cat-uncategorized","9":"first","10":"instock","11":"shipping-taxable","12":"purchasable","13":"product-type-simple"},"yoast_head":"<!-- This site is optimized with the Yoast SEO plugin v24.6 - https:\/\/yoast.com\/wordpress\/plugins\/seo\/ -->\n<title>Spirulina Pulver 125 g Rein Pulver | rawpowders.de | Product-Guide.org<\/title>\n<meta name=\"description\" content=\"Spirulina Pulver 125 g Rein Pulver | rawpowders.de gefunden von Product-Guide.org\" \/>\n<meta name=\"robots\" content=\"index, follow, max-snippet:-1, max-image-preview:large, max-video-preview:-1\" \/>\n<link rel=\"canonical\" href=\"https:\/\/product-guide.org\/en\/produkt\/spirulina-pulver-125-g-rein-pulver-rawpowders-de\/\" \/>\n<meta property=\"og:locale\" content=\"en_GB\" \/>\n<meta property=\"og:type\" content=\"article\" \/>\n<meta property=\"og:title\" content=\"Spirulina Pulver 125 g Rein Pulver | rawpowders.de | Product-Guide.org\" \/>\n<meta property=\"og:description\" content=\"Spirulina Pulver 125 g Rein Pulver | rawpowders.de gefunden von Product-Guide.org\" \/>\n<meta property=\"og:url\" content=\"https:\/\/product-guide.org\/en\/produkt\/spirulina-pulver-125-g-rein-pulver-rawpowders-de\/\" \/>\n<meta property=\"og:site_name\" content=\"Product-Guide.org\" \/>\n<meta name=\"twitter:card\" content=\"summary_large_image\" \/>\n<script type=\"application\/ld+json\" class=\"yoast-schema-graph\">{\"@context\":\"https:\/\/schema.org\",\"@graph\":[{\"@type\":\"WebPage\",\"@id\":\"https:\/\/product-guide.org\/produkt\/spirulina-pulver-125-g-rein-pulver-rawpowders-de\/\",\"url\":\"https:\/\/product-guide.org\/produkt\/spirulina-pulver-125-g-rein-pulver-rawpowders-de\/\",\"name\":\"Spirulina Pulver 125 g Rein Pulver | rawpowders.de | Product-Guide.org\",\"isPartOf\":{\"@id\":\"https:\/\/product-guide.org\/#website\"},\"primaryImageOfPage\":{\"@id\":\"https:\/\/product-guide.org\/produkt\/spirulina-pulver-125-g-rein-pulver-rawpowders-de\/#primaryimage\"},\"image\":{\"@id\":\"https:\/\/product-guide.org\/produkt\/spirulina-pulver-125-g-rein-pulver-rawpowders-de\/#primaryimage\"},\"thumbnailUrl\":\"https:\/\/product-guide.org\/wp-content\/uploads\/2025\/03\/Spirulina-125g-powder_front-1000x1000-1.png\",\"datePublished\":\"2025-03-17T11:19:10+00:00\",\"description\":\"Spirulina Pulver 125 g Rein Pulver | rawpowders.de gefunden von Product-Guide.org\",\"breadcrumb\":{\"@id\":\"https:\/\/product-guide.org\/produkt\/spirulina-pulver-125-g-rein-pulver-rawpowders-de\/#breadcrumb\"},\"inLanguage\":\"en-GB\",\"potentialAction\":[{\"@type\":\"ReadAction\",\"target\":[\"https:\/\/product-guide.org\/produkt\/spirulina-pulver-125-g-rein-pulver-rawpowders-de\/\"]}]},{\"@type\":\"ImageObject\",\"inLanguage\":\"en-GB\",\"@id\":\"https:\/\/product-guide.org\/produkt\/spirulina-pulver-125-g-rein-pulver-rawpowders-de\/#primaryimage\",\"url\":\"https:\/\/product-guide.org\/wp-content\/uploads\/2025\/03\/Spirulina-125g-powder_front-1000x1000-1.png\",\"contentUrl\":\"https:\/\/product-guide.org\/wp-content\/uploads\/2025\/03\/Spirulina-125g-powder_front-1000x1000-1.png\",\"width\":1000,\"height\":1000},{\"@type\":\"BreadcrumbList\",\"@id\":\"https:\/\/product-guide.org\/produkt\/spirulina-pulver-125-g-rein-pulver-rawpowders-de\/#breadcrumb\",\"itemListElement\":[{\"@type\":\"ListItem\",\"position\":1,\"name\":\"Home\",\"item\":\"https:\/\/product-guide.org\/\"},{\"@type\":\"ListItem\",\"position\":2,\"name\":\"Ergebnisse\",\"item\":\"https:\/\/product-guide.org\/de\/ergebnisse\/\"},{\"@type\":\"ListItem\",\"position\":3,\"name\":\"Spirulina Pulver 125 g Rein Pulver | rawpowders.de\"}]},{\"@type\":\"WebSite\",\"@id\":\"https:\/\/product-guide.org\/#website\",\"url\":\"https:\/\/product-guide.org\/\",\"name\":\"Product-Guide.org\",\"description\":\"What Product are you looking for?\",\"publisher\":{\"@id\":\"https:\/\/product-guide.org\/#organization\"},\"potentialAction\":[{\"@type\":\"SearchAction\",\"target\":{\"@type\":\"EntryPoint\",\"urlTemplate\":\"https:\/\/product-guide.org\/?s={search_term_string}\"},\"query-input\":{\"@type\":\"PropertyValueSpecification\",\"valueRequired\":true,\"valueName\":\"search_term_string\"}}],\"inLanguage\":\"en-GB\"},{\"@type\":\"Organization\",\"@id\":\"https:\/\/product-guide.org\/#organization\",\"name\":\"Product-Guide.org\",\"url\":\"https:\/\/product-guide.org\/\",\"logo\":{\"@type\":\"ImageObject\",\"inLanguage\":\"en-GB\",\"@id\":\"https:\/\/product-guide.org\/#\/schema\/logo\/image\/\",\"url\":\"https:\/\/product-guide.org\/wp-content\/uploads\/2022\/07\/logo_transparent_background.png\",\"contentUrl\":\"https:\/\/product-guide.org\/wp-content\/uploads\/2022\/07\/logo_transparent_background.png\",\"width\":3400,\"height\":1132,\"caption\":\"Product-Guide.org\"},\"image\":{\"@id\":\"https:\/\/product-guide.org\/#\/schema\/logo\/image\/\"}}]}<\/script>\n<!-- \/ Yoast SEO plugin. -->","yoast_head_json":{"title":"Spirulina Pulver 125 g Rein Pulver | rawpowders.de | Product-Guide.org","description":"Spirulina Pulver 125 g Rein Pulver | rawpowders.de gefunden von Product-Guide.org","robots":{"index":"index","follow":"follow","max-snippet":"max-snippet:-1","max-image-preview":"max-image-preview:large","max-video-preview":"max-video-preview:-1"},"canonical":"https:\/\/product-guide.org\/en\/produkt\/spirulina-pulver-125-g-rein-pulver-rawpowders-de\/","og_locale":"en_GB","og_type":"article","og_title":"Spirulina Pulver 125 g Rein Pulver | rawpowders.de | Product-Guide.org","og_description":"Spirulina Pulver 125 g Rein Pulver | rawpowders.de gefunden von Product-Guide.org","og_url":"https:\/\/product-guide.org\/en\/produkt\/spirulina-pulver-125-g-rein-pulver-rawpowders-de\/","og_site_name":"Product-Guide.org","twitter_card":"summary_large_image","schema":{"@context":"https:\/\/schema.org","@graph":[{"@type":"WebPage","@id":"https:\/\/product-guide.org\/produkt\/spirulina-pulver-125-g-rein-pulver-rawpowders-de\/","url":"https:\/\/product-guide.org\/produkt\/spirulina-pulver-125-g-rein-pulver-rawpowders-de\/","name":"Spirulina Pulver 125 g Rein Pulver | rawpowders.de | Product-Guide.org","isPartOf":{"@id":"https:\/\/product-guide.org\/#website"},"primaryImageOfPage":{"@id":"https:\/\/product-guide.org\/produkt\/spirulina-pulver-125-g-rein-pulver-rawpowders-de\/#primaryimage"},"image":{"@id":"https:\/\/product-guide.org\/produkt\/spirulina-pulver-125-g-rein-pulver-rawpowders-de\/#primaryimage"},"thumbnailUrl":"https:\/\/product-guide.org\/wp-content\/uploads\/2025\/03\/Spirulina-125g-powder_front-1000x1000-1.png","datePublished":"2025-03-17T11:19:10+00:00","description":"Spirulina Pulver 125 g Rein Pulver | rawpowders.de gefunden von Product-Guide.org","breadcrumb":{"@id":"https:\/\/product-guide.org\/produkt\/spirulina-pulver-125-g-rein-pulver-rawpowders-de\/#breadcrumb"},"inLanguage":"en-GB","potentialAction":[{"@type":"ReadAction","target":["https:\/\/product-guide.org\/produkt\/spirulina-pulver-125-g-rein-pulver-rawpowders-de\/"]}]},{"@type":"ImageObject","inLanguage":"en-GB","@id":"https:\/\/product-guide.org\/produkt\/spirulina-pulver-125-g-rein-pulver-rawpowders-de\/#primaryimage","url":"https:\/\/product-guide.org\/wp-content\/uploads\/2025\/03\/Spirulina-125g-powder_front-1000x1000-1.png","contentUrl":"https:\/\/product-guide.org\/wp-content\/uploads\/2025\/03\/Spirulina-125g-powder_front-1000x1000-1.png","width":1000,"height":1000},{"@type":"BreadcrumbList","@id":"https:\/\/product-guide.org\/produkt\/spirulina-pulver-125-g-rein-pulver-rawpowders-de\/#breadcrumb","itemListElement":[{"@type":"ListItem","position":1,"name":"Home","item":"https:\/\/product-guide.org\/"},{"@type":"ListItem","position":2,"name":"Ergebnisse","item":"https:\/\/product-guide.org\/de\/ergebnisse\/"},{"@type":"ListItem","position":3,"name":"Spirulina Pulver 125 g Rein Pulver | rawpowders.de"}]},{"@type":"WebSite","@id":"https:\/\/product-guide.org\/#website","url":"https:\/\/product-guide.org\/","name":"Product-Guide.org","description":"What Product are you looking for?","publisher":{"@id":"https:\/\/product-guide.org\/#organization"},"potentialAction":[{"@type":"SearchAction","target":{"@type":"EntryPoint","urlTemplate":"https:\/\/product-guide.org\/?s={search_term_string}"},"query-input":{"@type":"PropertyValueSpecification","valueRequired":true,"valueName":"search_term_string"}}],"inLanguage":"en-GB"},{"@type":"Organization","@id":"https:\/\/product-guide.org\/#organization","name":"Product-Guide.org","url":"https:\/\/product-guide.org\/","logo":{"@type":"ImageObject","inLanguage":"en-GB","@id":"https:\/\/product-guide.org\/#\/schema\/logo\/image\/","url":"https:\/\/product-guide.org\/wp-content\/uploads\/2022\/07\/logo_transparent_background.png","contentUrl":"https:\/\/product-guide.org\/wp-content\/uploads\/2022\/07\/logo_transparent_background.png","width":3400,"height":1132,"caption":"Product-Guide.org"},"image":{"@id":"https:\/\/product-guide.org\/#\/schema\/logo\/image\/"}}]}},"_links":{"self":[{"href":"https:\/\/product-guide.org\/en\/wp-json\/wp\/v2\/product\/54753","targetHints":{"allow":["GET"]}}],"collection":[{"href":"https:\/\/product-guide.org\/en\/wp-json\/wp\/v2\/product"}],"about":[{"href":"https:\/\/product-guide.org\/en\/wp-json\/wp\/v2\/types\/product"}],"wp:featuredmedia":[{"embeddable":true,"href":"https:\/\/product-guide.org\/en\/wp-json\/wp\/v2\/media\/54752"}],"wp:attachment":[{"href":"https:\/\/product-guide.org\/en\/wp-json\/wp\/v2\/media?parent=54753"}],"wp:term":[{"taxonomy":"store","embeddable":true,"href":"https:\/\/product-guide.org\/en\/wp-json\/wp\/v2\/store?post=54753"},{"taxonomy":"product_brand","embeddable":true,"href":"https:\/\/product-guide.org\/en\/wp-json\/wp\/v2\/product_brand?post=54753"},{"taxonomy":"product_cat","embeddable":true,"href":"https:\/\/product-guide.org\/en\/wp-json\/wp\/v2\/product_cat?post=54753"},{"taxonomy":"product_tag","embeddable":true,"href":"https:\/\/product-guide.org\/en\/wp-json\/wp\/v2\/product_tag?post=54753"}],"curies":[{"name":"wp","href":"https:\/\/api.w.org\/{rel}","templated":true}]}}