{"id":54859,"date":"2025-03-17T12:22:01","date_gmt":"2025-03-17T11:22:01","guid":{"rendered":"https:\/\/product-guide.org\/produkt\/rucksack-bellina-all-grey-saint-maniero\/"},"modified":"2025-03-17T12:22:01","modified_gmt":"2025-03-17T11:22:01","slug":"rucksack-bellina-all-grey-saint-maniero","status":"publish","type":"product","link":"https:\/\/product-guide.org\/en\/produkt\/rucksack-bellina-all-grey-saint-maniero\/","title":{"rendered":"Rucksack Bellina \u2022 All Grey | Saint Maniero"},"content":{"rendered":"<p>Der Damenrucksack Bellina ist der perfekte Begleiter f\u00fcr den Alltag. Ob f\u00fcr die Uni, den Job oder die Stadt: mit dem Tagesrucksack hat man alles geordnet und schick eingepackt. Perfekt f\u00fcr Universit\u00e4t, Arbeit oder Tagesausflug Als Handtasche dank funktionalen Schultergurten nutzbar Extra Laptopfach (bis zu 15.6&#8243;, max.: 37 x 27.5cm) Innenfutter aus recycelten Plastikflaschen Wasserabweisend und mit Anti-Diebstahl Fach Dimension: 26 x 38 x 12 cm Volumen: 11.8L Gewicht: 0,8 Kilogramm<\/p>\n","protected":false},"excerpt":{"rendered":"<p>Der Damenrucksack Bellina ist der perfekte Begleiter f\u00fcr den Alltag. Ob f\u00fcr die Uni, den Job oder die Stadt: mit dem Tagesrucksack hat man alles geordnet und schick eingepackt. Perfekt f\u00fcr Universit\u00e4t, Arbeit oder Tagesausflug Als Handtasche dank funktionalen Schultergurten nutzbar Extra Laptopfach (bis zu 15.6&#8243;, max.: 37 x 27.5cm) Innenfutter aus recycelten Plastikflaschen Wasserabweisend [&hellip;]<\/p>\n","protected":false},"featured_media":54858,"template":"","meta":{"_gspb_post_css":""},"store":[],"product_brand":[1421],"product_cat":[1290],"product_tag":[],"class_list":{"0":"post-54859","1":"product","2":"type-product","3":"status-publish","4":"has-post-thumbnail","6":"product_brand-saint-maniero","7":"product_cat-uncategorized","9":"first","10":"instock","11":"shipping-taxable","12":"purchasable","13":"product-type-simple"},"yoast_head":"<!-- This site is optimized with the Yoast SEO plugin v24.6 - https:\/\/yoast.com\/wordpress\/plugins\/seo\/ -->\n<title>Rucksack Bellina \u2022 All Grey | Saint Maniero | Product-Guide.org<\/title>\n<meta name=\"description\" content=\"Rucksack Bellina \u2022 All Grey | Saint Maniero gefunden von Product-Guide.org\" \/>\n<meta name=\"robots\" content=\"index, follow, max-snippet:-1, max-image-preview:large, max-video-preview:-1\" \/>\n<link rel=\"canonical\" href=\"https:\/\/product-guide.org\/en\/produkt\/rucksack-bellina-all-grey-saint-maniero\/\" \/>\n<meta property=\"og:locale\" content=\"en_GB\" \/>\n<meta property=\"og:type\" content=\"article\" \/>\n<meta property=\"og:title\" content=\"Rucksack Bellina \u2022 All Grey | Saint Maniero | Product-Guide.org\" \/>\n<meta property=\"og:description\" content=\"Rucksack Bellina \u2022 All Grey | Saint Maniero gefunden von Product-Guide.org\" \/>\n<meta property=\"og:url\" content=\"https:\/\/product-guide.org\/en\/produkt\/rucksack-bellina-all-grey-saint-maniero\/\" \/>\n<meta property=\"og:site_name\" content=\"Product-Guide.org\" \/>\n<meta name=\"twitter:card\" content=\"summary_large_image\" \/>\n<script type=\"application\/ld+json\" class=\"yoast-schema-graph\">{\"@context\":\"https:\/\/schema.org\",\"@graph\":[{\"@type\":\"WebPage\",\"@id\":\"https:\/\/product-guide.org\/produkt\/rucksack-bellina-all-grey-saint-maniero\/\",\"url\":\"https:\/\/product-guide.org\/produkt\/rucksack-bellina-all-grey-saint-maniero\/\",\"name\":\"Rucksack Bellina \u2022 All Grey | Saint Maniero | Product-Guide.org\",\"isPartOf\":{\"@id\":\"https:\/\/product-guide.org\/#website\"},\"primaryImageOfPage\":{\"@id\":\"https:\/\/product-guide.org\/produkt\/rucksack-bellina-all-grey-saint-maniero\/#primaryimage\"},\"image\":{\"@id\":\"https:\/\/product-guide.org\/produkt\/rucksack-bellina-all-grey-saint-maniero\/#primaryimage\"},\"thumbnailUrl\":\"https:\/\/product-guide.org\/wp-content\/uploads\/2025\/03\/rucksack-bellina-all-grey-rucksack-saintmaniero-242009_large.png\",\"datePublished\":\"2025-03-17T11:22:01+00:00\",\"description\":\"Rucksack Bellina \u2022 All Grey | Saint Maniero gefunden von Product-Guide.org\",\"breadcrumb\":{\"@id\":\"https:\/\/product-guide.org\/produkt\/rucksack-bellina-all-grey-saint-maniero\/#breadcrumb\"},\"inLanguage\":\"en-GB\",\"potentialAction\":[{\"@type\":\"ReadAction\",\"target\":[\"https:\/\/product-guide.org\/produkt\/rucksack-bellina-all-grey-saint-maniero\/\"]}]},{\"@type\":\"ImageObject\",\"inLanguage\":\"en-GB\",\"@id\":\"https:\/\/product-guide.org\/produkt\/rucksack-bellina-all-grey-saint-maniero\/#primaryimage\",\"url\":\"https:\/\/product-guide.org\/wp-content\/uploads\/2025\/03\/rucksack-bellina-all-grey-rucksack-saintmaniero-242009_large.png\",\"contentUrl\":\"https:\/\/product-guide.org\/wp-content\/uploads\/2025\/03\/rucksack-bellina-all-grey-rucksack-saintmaniero-242009_large.png\",\"width\":480,\"height\":480},{\"@type\":\"BreadcrumbList\",\"@id\":\"https:\/\/product-guide.org\/produkt\/rucksack-bellina-all-grey-saint-maniero\/#breadcrumb\",\"itemListElement\":[{\"@type\":\"ListItem\",\"position\":1,\"name\":\"Home\",\"item\":\"https:\/\/product-guide.org\/\"},{\"@type\":\"ListItem\",\"position\":2,\"name\":\"Ergebnisse\",\"item\":\"https:\/\/product-guide.org\/de\/ergebnisse\/\"},{\"@type\":\"ListItem\",\"position\":3,\"name\":\"Rucksack Bellina \u2022 All Grey | Saint Maniero\"}]},{\"@type\":\"WebSite\",\"@id\":\"https:\/\/product-guide.org\/#website\",\"url\":\"https:\/\/product-guide.org\/\",\"name\":\"Product-Guide.org\",\"description\":\"What Product are you looking for?\",\"publisher\":{\"@id\":\"https:\/\/product-guide.org\/#organization\"},\"potentialAction\":[{\"@type\":\"SearchAction\",\"target\":{\"@type\":\"EntryPoint\",\"urlTemplate\":\"https:\/\/product-guide.org\/?s={search_term_string}\"},\"query-input\":{\"@type\":\"PropertyValueSpecification\",\"valueRequired\":true,\"valueName\":\"search_term_string\"}}],\"inLanguage\":\"en-GB\"},{\"@type\":\"Organization\",\"@id\":\"https:\/\/product-guide.org\/#organization\",\"name\":\"Product-Guide.org\",\"url\":\"https:\/\/product-guide.org\/\",\"logo\":{\"@type\":\"ImageObject\",\"inLanguage\":\"en-GB\",\"@id\":\"https:\/\/product-guide.org\/#\/schema\/logo\/image\/\",\"url\":\"https:\/\/product-guide.org\/wp-content\/uploads\/2022\/07\/logo_transparent_background.png\",\"contentUrl\":\"https:\/\/product-guide.org\/wp-content\/uploads\/2022\/07\/logo_transparent_background.png\",\"width\":3400,\"height\":1132,\"caption\":\"Product-Guide.org\"},\"image\":{\"@id\":\"https:\/\/product-guide.org\/#\/schema\/logo\/image\/\"}}]}<\/script>\n<!-- \/ Yoast SEO plugin. -->","yoast_head_json":{"title":"Rucksack Bellina \u2022 All Grey | Saint Maniero | Product-Guide.org","description":"Rucksack Bellina \u2022 All Grey | Saint Maniero gefunden von Product-Guide.org","robots":{"index":"index","follow":"follow","max-snippet":"max-snippet:-1","max-image-preview":"max-image-preview:large","max-video-preview":"max-video-preview:-1"},"canonical":"https:\/\/product-guide.org\/en\/produkt\/rucksack-bellina-all-grey-saint-maniero\/","og_locale":"en_GB","og_type":"article","og_title":"Rucksack Bellina \u2022 All Grey | Saint Maniero | Product-Guide.org","og_description":"Rucksack Bellina \u2022 All Grey | Saint Maniero gefunden von Product-Guide.org","og_url":"https:\/\/product-guide.org\/en\/produkt\/rucksack-bellina-all-grey-saint-maniero\/","og_site_name":"Product-Guide.org","twitter_card":"summary_large_image","schema":{"@context":"https:\/\/schema.org","@graph":[{"@type":"WebPage","@id":"https:\/\/product-guide.org\/produkt\/rucksack-bellina-all-grey-saint-maniero\/","url":"https:\/\/product-guide.org\/produkt\/rucksack-bellina-all-grey-saint-maniero\/","name":"Rucksack Bellina \u2022 All Grey | Saint Maniero | Product-Guide.org","isPartOf":{"@id":"https:\/\/product-guide.org\/#website"},"primaryImageOfPage":{"@id":"https:\/\/product-guide.org\/produkt\/rucksack-bellina-all-grey-saint-maniero\/#primaryimage"},"image":{"@id":"https:\/\/product-guide.org\/produkt\/rucksack-bellina-all-grey-saint-maniero\/#primaryimage"},"thumbnailUrl":"https:\/\/product-guide.org\/wp-content\/uploads\/2025\/03\/rucksack-bellina-all-grey-rucksack-saintmaniero-242009_large.png","datePublished":"2025-03-17T11:22:01+00:00","description":"Rucksack Bellina \u2022 All Grey | Saint Maniero gefunden von Product-Guide.org","breadcrumb":{"@id":"https:\/\/product-guide.org\/produkt\/rucksack-bellina-all-grey-saint-maniero\/#breadcrumb"},"inLanguage":"en-GB","potentialAction":[{"@type":"ReadAction","target":["https:\/\/product-guide.org\/produkt\/rucksack-bellina-all-grey-saint-maniero\/"]}]},{"@type":"ImageObject","inLanguage":"en-GB","@id":"https:\/\/product-guide.org\/produkt\/rucksack-bellina-all-grey-saint-maniero\/#primaryimage","url":"https:\/\/product-guide.org\/wp-content\/uploads\/2025\/03\/rucksack-bellina-all-grey-rucksack-saintmaniero-242009_large.png","contentUrl":"https:\/\/product-guide.org\/wp-content\/uploads\/2025\/03\/rucksack-bellina-all-grey-rucksack-saintmaniero-242009_large.png","width":480,"height":480},{"@type":"BreadcrumbList","@id":"https:\/\/product-guide.org\/produkt\/rucksack-bellina-all-grey-saint-maniero\/#breadcrumb","itemListElement":[{"@type":"ListItem","position":1,"name":"Home","item":"https:\/\/product-guide.org\/"},{"@type":"ListItem","position":2,"name":"Ergebnisse","item":"https:\/\/product-guide.org\/de\/ergebnisse\/"},{"@type":"ListItem","position":3,"name":"Rucksack Bellina \u2022 All Grey | Saint Maniero"}]},{"@type":"WebSite","@id":"https:\/\/product-guide.org\/#website","url":"https:\/\/product-guide.org\/","name":"Product-Guide.org","description":"What Product are you looking for?","publisher":{"@id":"https:\/\/product-guide.org\/#organization"},"potentialAction":[{"@type":"SearchAction","target":{"@type":"EntryPoint","urlTemplate":"https:\/\/product-guide.org\/?s={search_term_string}"},"query-input":{"@type":"PropertyValueSpecification","valueRequired":true,"valueName":"search_term_string"}}],"inLanguage":"en-GB"},{"@type":"Organization","@id":"https:\/\/product-guide.org\/#organization","name":"Product-Guide.org","url":"https:\/\/product-guide.org\/","logo":{"@type":"ImageObject","inLanguage":"en-GB","@id":"https:\/\/product-guide.org\/#\/schema\/logo\/image\/","url":"https:\/\/product-guide.org\/wp-content\/uploads\/2022\/07\/logo_transparent_background.png","contentUrl":"https:\/\/product-guide.org\/wp-content\/uploads\/2022\/07\/logo_transparent_background.png","width":3400,"height":1132,"caption":"Product-Guide.org"},"image":{"@id":"https:\/\/product-guide.org\/#\/schema\/logo\/image\/"}}]}},"_links":{"self":[{"href":"https:\/\/product-guide.org\/en\/wp-json\/wp\/v2\/product\/54859","targetHints":{"allow":["GET"]}}],"collection":[{"href":"https:\/\/product-guide.org\/en\/wp-json\/wp\/v2\/product"}],"about":[{"href":"https:\/\/product-guide.org\/en\/wp-json\/wp\/v2\/types\/product"}],"wp:featuredmedia":[{"embeddable":true,"href":"https:\/\/product-guide.org\/en\/wp-json\/wp\/v2\/media\/54858"}],"wp:attachment":[{"href":"https:\/\/product-guide.org\/en\/wp-json\/wp\/v2\/media?parent=54859"}],"wp:term":[{"taxonomy":"store","embeddable":true,"href":"https:\/\/product-guide.org\/en\/wp-json\/wp\/v2\/store?post=54859"},{"taxonomy":"product_brand","embeddable":true,"href":"https:\/\/product-guide.org\/en\/wp-json\/wp\/v2\/product_brand?post=54859"},{"taxonomy":"product_cat","embeddable":true,"href":"https:\/\/product-guide.org\/en\/wp-json\/wp\/v2\/product_cat?post=54859"},{"taxonomy":"product_tag","embeddable":true,"href":"https:\/\/product-guide.org\/en\/wp-json\/wp\/v2\/product_tag?post=54859"}],"curies":[{"name":"wp","href":"https:\/\/api.w.org\/{rel}","templated":true}]}}