{"id":55287,"date":"2025-03-17T12:27:47","date_gmt":"2025-03-17T11:27:47","guid":{"rendered":"https:\/\/product-guide.org\/produkt\/binbin-handgriff-garbage-industrieller-mulleimer-abfalltrennung-60-l-barrelkings-com\/"},"modified":"2025-03-17T12:27:47","modified_gmt":"2025-03-17T11:27:47","slug":"binbin-handgriff-garbage-industrieller-mulleimer-abfalltrennung-60-l-barrelkings-com","status":"publish","type":"product","link":"https:\/\/product-guide.org\/en\/produkt\/binbin-handgriff-garbage-industrieller-mulleimer-abfalltrennung-60-l-barrelkings-com\/","title":{"rendered":"BinBin Handgriff garbage industrieller M\u00fclleimer Abfalltrennung 60 L | Barrelkings.com"},"content":{"rendered":"<p>Der BinBin M\u00fclleimer mit Handgriff ist ein robuster und praktischer M\u00fclleimer in Industriedesign. Das fr\u00fchere \u00d6lfass wurde speziell zum Abfallbeh\u00e4lter verwandelt, um Ihren M\u00fcll leichter trennen zu k\u00f6nnen. Mit benutzerdefiniertem M\u00fcllbeutel.<\/p>\n","protected":false},"excerpt":{"rendered":"<p>Der BinBin M\u00fclleimer mit Handgriff ist ein robuster und praktischer M\u00fclleimer in Industriedesign. Das fr\u00fchere \u00d6lfass wurde speziell zum Abfallbeh\u00e4lter verwandelt, um Ihren M\u00fcll leichter trennen zu k\u00f6nnen. Mit benutzerdefiniertem M\u00fcllbeutel.<\/p>\n","protected":false},"featured_media":55286,"template":"","meta":{"_gspb_post_css":""},"store":[],"product_brand":[1428],"product_cat":[1290],"product_tag":[],"class_list":{"0":"post-55287","1":"product","2":"type-product","3":"status-publish","4":"has-post-thumbnail","6":"product_brand-barrelkings-com","7":"product_cat-uncategorized","9":"first","10":"instock","11":"shipping-taxable","12":"purchasable","13":"product-type-simple"},"yoast_head":"<!-- This site is optimized with the Yoast SEO plugin v24.6 - https:\/\/yoast.com\/wordpress\/plugins\/seo\/ -->\n<title>BinBin Handgriff garbage industrieller M\u00fclleimer Abfalltrennung 60 L | Barrelkings.com | Product-Guide.org<\/title>\n<meta name=\"description\" content=\"BinBin Handgriff garbage industrieller M\u00fclleimer Abfalltrennung 60 L | Barrelkings.com gefunden von Product-Guide.org\" \/>\n<meta name=\"robots\" content=\"index, follow, max-snippet:-1, max-image-preview:large, max-video-preview:-1\" \/>\n<link rel=\"canonical\" href=\"https:\/\/product-guide.org\/en\/produkt\/binbin-handgriff-garbage-industrieller-mulleimer-abfalltrennung-60-l-barrelkings-com\/\" \/>\n<meta property=\"og:locale\" content=\"en_GB\" \/>\n<meta property=\"og:type\" content=\"article\" \/>\n<meta property=\"og:title\" content=\"BinBin Handgriff garbage industrieller M\u00fclleimer Abfalltrennung 60 L | Barrelkings.com | Product-Guide.org\" \/>\n<meta property=\"og:description\" content=\"BinBin Handgriff garbage industrieller M\u00fclleimer Abfalltrennung 60 L | Barrelkings.com gefunden von Product-Guide.org\" \/>\n<meta property=\"og:url\" content=\"https:\/\/product-guide.org\/en\/produkt\/binbin-handgriff-garbage-industrieller-mulleimer-abfalltrennung-60-l-barrelkings-com\/\" \/>\n<meta property=\"og:site_name\" content=\"Product-Guide.org\" \/>\n<meta name=\"twitter:card\" content=\"summary_large_image\" \/>\n<script type=\"application\/ld+json\" class=\"yoast-schema-graph\">{\"@context\":\"https:\/\/schema.org\",\"@graph\":[{\"@type\":\"WebPage\",\"@id\":\"https:\/\/product-guide.org\/produkt\/binbin-handgriff-garbage-industrieller-mulleimer-abfalltrennung-60-l-barrelkings-com\/\",\"url\":\"https:\/\/product-guide.org\/produkt\/binbin-handgriff-garbage-industrieller-mulleimer-abfalltrennung-60-l-barrelkings-com\/\",\"name\":\"BinBin Handgriff garbage industrieller M\u00fclleimer Abfalltrennung 60 L | Barrelkings.com | Product-Guide.org\",\"isPartOf\":{\"@id\":\"https:\/\/product-guide.org\/#website\"},\"primaryImageOfPage\":{\"@id\":\"https:\/\/product-guide.org\/produkt\/binbin-handgriff-garbage-industrieller-mulleimer-abfalltrennung-60-l-barrelkings-com\/#primaryimage\"},\"image\":{\"@id\":\"https:\/\/product-guide.org\/produkt\/binbin-handgriff-garbage-industrieller-mulleimer-abfalltrennung-60-l-barrelkings-com\/#primaryimage\"},\"thumbnailUrl\":\"https:\/\/product-guide.org\/wp-content\/uploads\/2025\/03\/file-11.jpg\",\"datePublished\":\"2025-03-17T11:27:47+00:00\",\"description\":\"BinBin Handgriff garbage industrieller M\u00fclleimer Abfalltrennung 60 L | Barrelkings.com gefunden von Product-Guide.org\",\"breadcrumb\":{\"@id\":\"https:\/\/product-guide.org\/produkt\/binbin-handgriff-garbage-industrieller-mulleimer-abfalltrennung-60-l-barrelkings-com\/#breadcrumb\"},\"inLanguage\":\"en-GB\",\"potentialAction\":[{\"@type\":\"ReadAction\",\"target\":[\"https:\/\/product-guide.org\/produkt\/binbin-handgriff-garbage-industrieller-mulleimer-abfalltrennung-60-l-barrelkings-com\/\"]}]},{\"@type\":\"ImageObject\",\"inLanguage\":\"en-GB\",\"@id\":\"https:\/\/product-guide.org\/produkt\/binbin-handgriff-garbage-industrieller-mulleimer-abfalltrennung-60-l-barrelkings-com\/#primaryimage\",\"url\":\"https:\/\/product-guide.org\/wp-content\/uploads\/2025\/03\/file-11.jpg\",\"contentUrl\":\"https:\/\/product-guide.org\/wp-content\/uploads\/2025\/03\/file-11.jpg\",\"width\":2048,\"height\":1952},{\"@type\":\"BreadcrumbList\",\"@id\":\"https:\/\/product-guide.org\/produkt\/binbin-handgriff-garbage-industrieller-mulleimer-abfalltrennung-60-l-barrelkings-com\/#breadcrumb\",\"itemListElement\":[{\"@type\":\"ListItem\",\"position\":1,\"name\":\"Home\",\"item\":\"https:\/\/product-guide.org\/\"},{\"@type\":\"ListItem\",\"position\":2,\"name\":\"Ergebnisse\",\"item\":\"https:\/\/product-guide.org\/de\/ergebnisse\/\"},{\"@type\":\"ListItem\",\"position\":3,\"name\":\"BinBin Handgriff garbage industrieller M\u00fclleimer Abfalltrennung 60 L | Barrelkings.com\"}]},{\"@type\":\"WebSite\",\"@id\":\"https:\/\/product-guide.org\/#website\",\"url\":\"https:\/\/product-guide.org\/\",\"name\":\"Product-Guide.org\",\"description\":\"What Product are you looking for?\",\"publisher\":{\"@id\":\"https:\/\/product-guide.org\/#organization\"},\"potentialAction\":[{\"@type\":\"SearchAction\",\"target\":{\"@type\":\"EntryPoint\",\"urlTemplate\":\"https:\/\/product-guide.org\/?s={search_term_string}\"},\"query-input\":{\"@type\":\"PropertyValueSpecification\",\"valueRequired\":true,\"valueName\":\"search_term_string\"}}],\"inLanguage\":\"en-GB\"},{\"@type\":\"Organization\",\"@id\":\"https:\/\/product-guide.org\/#organization\",\"name\":\"Product-Guide.org\",\"url\":\"https:\/\/product-guide.org\/\",\"logo\":{\"@type\":\"ImageObject\",\"inLanguage\":\"en-GB\",\"@id\":\"https:\/\/product-guide.org\/#\/schema\/logo\/image\/\",\"url\":\"https:\/\/product-guide.org\/wp-content\/uploads\/2022\/07\/logo_transparent_background.png\",\"contentUrl\":\"https:\/\/product-guide.org\/wp-content\/uploads\/2022\/07\/logo_transparent_background.png\",\"width\":3400,\"height\":1132,\"caption\":\"Product-Guide.org\"},\"image\":{\"@id\":\"https:\/\/product-guide.org\/#\/schema\/logo\/image\/\"}}]}<\/script>\n<!-- \/ Yoast SEO plugin. -->","yoast_head_json":{"title":"BinBin Handgriff garbage industrieller M\u00fclleimer Abfalltrennung 60 L | Barrelkings.com | Product-Guide.org","description":"BinBin Handgriff garbage industrieller M\u00fclleimer Abfalltrennung 60 L | Barrelkings.com gefunden von Product-Guide.org","robots":{"index":"index","follow":"follow","max-snippet":"max-snippet:-1","max-image-preview":"max-image-preview:large","max-video-preview":"max-video-preview:-1"},"canonical":"https:\/\/product-guide.org\/en\/produkt\/binbin-handgriff-garbage-industrieller-mulleimer-abfalltrennung-60-l-barrelkings-com\/","og_locale":"en_GB","og_type":"article","og_title":"BinBin Handgriff garbage industrieller M\u00fclleimer Abfalltrennung 60 L | Barrelkings.com | Product-Guide.org","og_description":"BinBin Handgriff garbage industrieller M\u00fclleimer Abfalltrennung 60 L | Barrelkings.com gefunden von Product-Guide.org","og_url":"https:\/\/product-guide.org\/en\/produkt\/binbin-handgriff-garbage-industrieller-mulleimer-abfalltrennung-60-l-barrelkings-com\/","og_site_name":"Product-Guide.org","twitter_card":"summary_large_image","schema":{"@context":"https:\/\/schema.org","@graph":[{"@type":"WebPage","@id":"https:\/\/product-guide.org\/produkt\/binbin-handgriff-garbage-industrieller-mulleimer-abfalltrennung-60-l-barrelkings-com\/","url":"https:\/\/product-guide.org\/produkt\/binbin-handgriff-garbage-industrieller-mulleimer-abfalltrennung-60-l-barrelkings-com\/","name":"BinBin Handgriff garbage industrieller M\u00fclleimer Abfalltrennung 60 L | Barrelkings.com | Product-Guide.org","isPartOf":{"@id":"https:\/\/product-guide.org\/#website"},"primaryImageOfPage":{"@id":"https:\/\/product-guide.org\/produkt\/binbin-handgriff-garbage-industrieller-mulleimer-abfalltrennung-60-l-barrelkings-com\/#primaryimage"},"image":{"@id":"https:\/\/product-guide.org\/produkt\/binbin-handgriff-garbage-industrieller-mulleimer-abfalltrennung-60-l-barrelkings-com\/#primaryimage"},"thumbnailUrl":"https:\/\/product-guide.org\/wp-content\/uploads\/2025\/03\/file-11.jpg","datePublished":"2025-03-17T11:27:47+00:00","description":"BinBin Handgriff garbage industrieller M\u00fclleimer Abfalltrennung 60 L | Barrelkings.com gefunden von Product-Guide.org","breadcrumb":{"@id":"https:\/\/product-guide.org\/produkt\/binbin-handgriff-garbage-industrieller-mulleimer-abfalltrennung-60-l-barrelkings-com\/#breadcrumb"},"inLanguage":"en-GB","potentialAction":[{"@type":"ReadAction","target":["https:\/\/product-guide.org\/produkt\/binbin-handgriff-garbage-industrieller-mulleimer-abfalltrennung-60-l-barrelkings-com\/"]}]},{"@type":"ImageObject","inLanguage":"en-GB","@id":"https:\/\/product-guide.org\/produkt\/binbin-handgriff-garbage-industrieller-mulleimer-abfalltrennung-60-l-barrelkings-com\/#primaryimage","url":"https:\/\/product-guide.org\/wp-content\/uploads\/2025\/03\/file-11.jpg","contentUrl":"https:\/\/product-guide.org\/wp-content\/uploads\/2025\/03\/file-11.jpg","width":2048,"height":1952},{"@type":"BreadcrumbList","@id":"https:\/\/product-guide.org\/produkt\/binbin-handgriff-garbage-industrieller-mulleimer-abfalltrennung-60-l-barrelkings-com\/#breadcrumb","itemListElement":[{"@type":"ListItem","position":1,"name":"Home","item":"https:\/\/product-guide.org\/"},{"@type":"ListItem","position":2,"name":"Ergebnisse","item":"https:\/\/product-guide.org\/de\/ergebnisse\/"},{"@type":"ListItem","position":3,"name":"BinBin Handgriff garbage industrieller M\u00fclleimer Abfalltrennung 60 L | Barrelkings.com"}]},{"@type":"WebSite","@id":"https:\/\/product-guide.org\/#website","url":"https:\/\/product-guide.org\/","name":"Product-Guide.org","description":"What Product are you looking for?","publisher":{"@id":"https:\/\/product-guide.org\/#organization"},"potentialAction":[{"@type":"SearchAction","target":{"@type":"EntryPoint","urlTemplate":"https:\/\/product-guide.org\/?s={search_term_string}"},"query-input":{"@type":"PropertyValueSpecification","valueRequired":true,"valueName":"search_term_string"}}],"inLanguage":"en-GB"},{"@type":"Organization","@id":"https:\/\/product-guide.org\/#organization","name":"Product-Guide.org","url":"https:\/\/product-guide.org\/","logo":{"@type":"ImageObject","inLanguage":"en-GB","@id":"https:\/\/product-guide.org\/#\/schema\/logo\/image\/","url":"https:\/\/product-guide.org\/wp-content\/uploads\/2022\/07\/logo_transparent_background.png","contentUrl":"https:\/\/product-guide.org\/wp-content\/uploads\/2022\/07\/logo_transparent_background.png","width":3400,"height":1132,"caption":"Product-Guide.org"},"image":{"@id":"https:\/\/product-guide.org\/#\/schema\/logo\/image\/"}}]}},"_links":{"self":[{"href":"https:\/\/product-guide.org\/en\/wp-json\/wp\/v2\/product\/55287","targetHints":{"allow":["GET"]}}],"collection":[{"href":"https:\/\/product-guide.org\/en\/wp-json\/wp\/v2\/product"}],"about":[{"href":"https:\/\/product-guide.org\/en\/wp-json\/wp\/v2\/types\/product"}],"wp:featuredmedia":[{"embeddable":true,"href":"https:\/\/product-guide.org\/en\/wp-json\/wp\/v2\/media\/55286"}],"wp:attachment":[{"href":"https:\/\/product-guide.org\/en\/wp-json\/wp\/v2\/media?parent=55287"}],"wp:term":[{"taxonomy":"store","embeddable":true,"href":"https:\/\/product-guide.org\/en\/wp-json\/wp\/v2\/store?post=55287"},{"taxonomy":"product_brand","embeddable":true,"href":"https:\/\/product-guide.org\/en\/wp-json\/wp\/v2\/product_brand?post=55287"},{"taxonomy":"product_cat","embeddable":true,"href":"https:\/\/product-guide.org\/en\/wp-json\/wp\/v2\/product_cat?post=55287"},{"taxonomy":"product_tag","embeddable":true,"href":"https:\/\/product-guide.org\/en\/wp-json\/wp\/v2\/product_tag?post=55287"}],"curies":[{"name":"wp","href":"https:\/\/api.w.org\/{rel}","templated":true}]}}