{"id":55295,"date":"2025-03-17T12:27:55","date_gmt":"2025-03-17T11:27:55","guid":{"rendered":"https:\/\/product-guide.org\/produkt\/binbin-handle-plastik-mulleimer-60-l-mit-deckelgriff-handgriff-barrelkings-com\/"},"modified":"2025-03-17T12:27:56","modified_gmt":"2025-03-17T11:27:56","slug":"binbin-handle-plastik-mulleimer-60-l-mit-deckelgriff-handgriff-barrelkings-com","status":"publish","type":"product","link":"https:\/\/product-guide.org\/en\/produkt\/binbin-handle-plastik-mulleimer-60-l-mit-deckelgriff-handgriff-barrelkings-com\/","title":{"rendered":"BinBin Handle Plastik M\u00fclleimer 60 L mit Deckelgriff\/Handgriff | Barrelkings.com"},"content":{"rendered":"<p>Der BinBin Handle Plastik 60 liter ist ein robuster und praktischer M\u00fclleimer mit industriellem Aussehen. Das fr\u00fchere \u00d6lfass wurde speziell zum Abfallbeh\u00e4lter verwandelt, um Ihren M\u00fcll leichter trennen zu k\u00f6nnen. Mit benutzerdefiniertem M\u00fcllbeutel.<\/p>\n","protected":false},"excerpt":{"rendered":"<p>Der BinBin Handle Plastik 60 liter ist ein robuster und praktischer M\u00fclleimer mit industriellem Aussehen. Das fr\u00fchere \u00d6lfass wurde speziell zum Abfallbeh\u00e4lter verwandelt, um Ihren M\u00fcll leichter trennen zu k\u00f6nnen. Mit benutzerdefiniertem M\u00fcllbeutel.<\/p>\n","protected":false},"featured_media":55294,"template":"","meta":{"_gspb_post_css":""},"store":[],"product_brand":[1428],"product_cat":[1290],"product_tag":[],"class_list":{"0":"post-55295","1":"product","2":"type-product","3":"status-publish","4":"has-post-thumbnail","6":"product_brand-barrelkings-com","7":"product_cat-uncategorized","9":"first","10":"instock","11":"shipping-taxable","12":"purchasable","13":"product-type-simple"},"yoast_head":"<!-- This site is optimized with the Yoast SEO plugin v24.6 - https:\/\/yoast.com\/wordpress\/plugins\/seo\/ -->\n<title>BinBin Handle Plastik M\u00fclleimer 60 L mit Deckelgriff\/Handgriff | Barrelkings.com | Product-Guide.org<\/title>\n<meta name=\"description\" content=\"BinBin Handle Plastik M\u00fclleimer 60 L mit Deckelgriff\/Handgriff | Barrelkings.com gefunden von Product-Guide.org\" \/>\n<meta name=\"robots\" content=\"index, follow, max-snippet:-1, max-image-preview:large, max-video-preview:-1\" \/>\n<link rel=\"canonical\" href=\"https:\/\/product-guide.org\/en\/produkt\/binbin-handle-plastik-mulleimer-60-l-mit-deckelgriff-handgriff-barrelkings-com\/\" \/>\n<meta property=\"og:locale\" content=\"en_GB\" \/>\n<meta property=\"og:type\" content=\"article\" \/>\n<meta property=\"og:title\" content=\"BinBin Handle Plastik M\u00fclleimer 60 L mit Deckelgriff\/Handgriff | Barrelkings.com | Product-Guide.org\" \/>\n<meta property=\"og:description\" content=\"BinBin Handle Plastik M\u00fclleimer 60 L mit Deckelgriff\/Handgriff | Barrelkings.com gefunden von Product-Guide.org\" \/>\n<meta property=\"og:url\" content=\"https:\/\/product-guide.org\/en\/produkt\/binbin-handle-plastik-mulleimer-60-l-mit-deckelgriff-handgriff-barrelkings-com\/\" \/>\n<meta property=\"og:site_name\" content=\"Product-Guide.org\" \/>\n<meta property=\"article:modified_time\" content=\"2025-03-17T11:27:56+00:00\" \/>\n<meta name=\"twitter:card\" content=\"summary_large_image\" \/>\n<script type=\"application\/ld+json\" class=\"yoast-schema-graph\">{\"@context\":\"https:\/\/schema.org\",\"@graph\":[{\"@type\":\"WebPage\",\"@id\":\"https:\/\/product-guide.org\/produkt\/binbin-handle-plastik-mulleimer-60-l-mit-deckelgriff-handgriff-barrelkings-com\/\",\"url\":\"https:\/\/product-guide.org\/produkt\/binbin-handle-plastik-mulleimer-60-l-mit-deckelgriff-handgriff-barrelkings-com\/\",\"name\":\"BinBin Handle Plastik M\u00fclleimer 60 L mit Deckelgriff\/Handgriff | Barrelkings.com | Product-Guide.org\",\"isPartOf\":{\"@id\":\"https:\/\/product-guide.org\/#website\"},\"primaryImageOfPage\":{\"@id\":\"https:\/\/product-guide.org\/produkt\/binbin-handle-plastik-mulleimer-60-l-mit-deckelgriff-handgriff-barrelkings-com\/#primaryimage\"},\"image\":{\"@id\":\"https:\/\/product-guide.org\/produkt\/binbin-handle-plastik-mulleimer-60-l-mit-deckelgriff-handgriff-barrelkings-com\/#primaryimage\"},\"thumbnailUrl\":\"https:\/\/product-guide.org\/wp-content\/uploads\/2025\/03\/file-13.jpg\",\"datePublished\":\"2025-03-17T11:27:55+00:00\",\"dateModified\":\"2025-03-17T11:27:56+00:00\",\"description\":\"BinBin Handle Plastik M\u00fclleimer 60 L mit Deckelgriff\/Handgriff | Barrelkings.com gefunden von Product-Guide.org\",\"breadcrumb\":{\"@id\":\"https:\/\/product-guide.org\/produkt\/binbin-handle-plastik-mulleimer-60-l-mit-deckelgriff-handgriff-barrelkings-com\/#breadcrumb\"},\"inLanguage\":\"en-GB\",\"potentialAction\":[{\"@type\":\"ReadAction\",\"target\":[\"https:\/\/product-guide.org\/produkt\/binbin-handle-plastik-mulleimer-60-l-mit-deckelgriff-handgriff-barrelkings-com\/\"]}]},{\"@type\":\"ImageObject\",\"inLanguage\":\"en-GB\",\"@id\":\"https:\/\/product-guide.org\/produkt\/binbin-handle-plastik-mulleimer-60-l-mit-deckelgriff-handgriff-barrelkings-com\/#primaryimage\",\"url\":\"https:\/\/product-guide.org\/wp-content\/uploads\/2025\/03\/file-13.jpg\",\"contentUrl\":\"https:\/\/product-guide.org\/wp-content\/uploads\/2025\/03\/file-13.jpg\",\"width\":1504,\"height\":1512},{\"@type\":\"BreadcrumbList\",\"@id\":\"https:\/\/product-guide.org\/produkt\/binbin-handle-plastik-mulleimer-60-l-mit-deckelgriff-handgriff-barrelkings-com\/#breadcrumb\",\"itemListElement\":[{\"@type\":\"ListItem\",\"position\":1,\"name\":\"Home\",\"item\":\"https:\/\/product-guide.org\/\"},{\"@type\":\"ListItem\",\"position\":2,\"name\":\"Ergebnisse\",\"item\":\"https:\/\/product-guide.org\/de\/ergebnisse\/\"},{\"@type\":\"ListItem\",\"position\":3,\"name\":\"BinBin Handle Plastik M\u00fclleimer 60 L mit Deckelgriff\/Handgriff | Barrelkings.com\"}]},{\"@type\":\"WebSite\",\"@id\":\"https:\/\/product-guide.org\/#website\",\"url\":\"https:\/\/product-guide.org\/\",\"name\":\"Product-Guide.org\",\"description\":\"What Product are you looking for?\",\"publisher\":{\"@id\":\"https:\/\/product-guide.org\/#organization\"},\"potentialAction\":[{\"@type\":\"SearchAction\",\"target\":{\"@type\":\"EntryPoint\",\"urlTemplate\":\"https:\/\/product-guide.org\/?s={search_term_string}\"},\"query-input\":{\"@type\":\"PropertyValueSpecification\",\"valueRequired\":true,\"valueName\":\"search_term_string\"}}],\"inLanguage\":\"en-GB\"},{\"@type\":\"Organization\",\"@id\":\"https:\/\/product-guide.org\/#organization\",\"name\":\"Product-Guide.org\",\"url\":\"https:\/\/product-guide.org\/\",\"logo\":{\"@type\":\"ImageObject\",\"inLanguage\":\"en-GB\",\"@id\":\"https:\/\/product-guide.org\/#\/schema\/logo\/image\/\",\"url\":\"https:\/\/product-guide.org\/wp-content\/uploads\/2022\/07\/logo_transparent_background.png\",\"contentUrl\":\"https:\/\/product-guide.org\/wp-content\/uploads\/2022\/07\/logo_transparent_background.png\",\"width\":3400,\"height\":1132,\"caption\":\"Product-Guide.org\"},\"image\":{\"@id\":\"https:\/\/product-guide.org\/#\/schema\/logo\/image\/\"}}]}<\/script>\n<!-- \/ Yoast SEO plugin. -->","yoast_head_json":{"title":"BinBin Handle Plastik M\u00fclleimer 60 L mit Deckelgriff\/Handgriff | Barrelkings.com | Product-Guide.org","description":"BinBin Handle Plastik M\u00fclleimer 60 L mit Deckelgriff\/Handgriff | Barrelkings.com gefunden von Product-Guide.org","robots":{"index":"index","follow":"follow","max-snippet":"max-snippet:-1","max-image-preview":"max-image-preview:large","max-video-preview":"max-video-preview:-1"},"canonical":"https:\/\/product-guide.org\/en\/produkt\/binbin-handle-plastik-mulleimer-60-l-mit-deckelgriff-handgriff-barrelkings-com\/","og_locale":"en_GB","og_type":"article","og_title":"BinBin Handle Plastik M\u00fclleimer 60 L mit Deckelgriff\/Handgriff | Barrelkings.com | Product-Guide.org","og_description":"BinBin Handle Plastik M\u00fclleimer 60 L mit Deckelgriff\/Handgriff | Barrelkings.com gefunden von Product-Guide.org","og_url":"https:\/\/product-guide.org\/en\/produkt\/binbin-handle-plastik-mulleimer-60-l-mit-deckelgriff-handgriff-barrelkings-com\/","og_site_name":"Product-Guide.org","article_modified_time":"2025-03-17T11:27:56+00:00","twitter_card":"summary_large_image","schema":{"@context":"https:\/\/schema.org","@graph":[{"@type":"WebPage","@id":"https:\/\/product-guide.org\/produkt\/binbin-handle-plastik-mulleimer-60-l-mit-deckelgriff-handgriff-barrelkings-com\/","url":"https:\/\/product-guide.org\/produkt\/binbin-handle-plastik-mulleimer-60-l-mit-deckelgriff-handgriff-barrelkings-com\/","name":"BinBin Handle Plastik M\u00fclleimer 60 L mit Deckelgriff\/Handgriff | Barrelkings.com | Product-Guide.org","isPartOf":{"@id":"https:\/\/product-guide.org\/#website"},"primaryImageOfPage":{"@id":"https:\/\/product-guide.org\/produkt\/binbin-handle-plastik-mulleimer-60-l-mit-deckelgriff-handgriff-barrelkings-com\/#primaryimage"},"image":{"@id":"https:\/\/product-guide.org\/produkt\/binbin-handle-plastik-mulleimer-60-l-mit-deckelgriff-handgriff-barrelkings-com\/#primaryimage"},"thumbnailUrl":"https:\/\/product-guide.org\/wp-content\/uploads\/2025\/03\/file-13.jpg","datePublished":"2025-03-17T11:27:55+00:00","dateModified":"2025-03-17T11:27:56+00:00","description":"BinBin Handle Plastik M\u00fclleimer 60 L mit Deckelgriff\/Handgriff | Barrelkings.com gefunden von Product-Guide.org","breadcrumb":{"@id":"https:\/\/product-guide.org\/produkt\/binbin-handle-plastik-mulleimer-60-l-mit-deckelgriff-handgriff-barrelkings-com\/#breadcrumb"},"inLanguage":"en-GB","potentialAction":[{"@type":"ReadAction","target":["https:\/\/product-guide.org\/produkt\/binbin-handle-plastik-mulleimer-60-l-mit-deckelgriff-handgriff-barrelkings-com\/"]}]},{"@type":"ImageObject","inLanguage":"en-GB","@id":"https:\/\/product-guide.org\/produkt\/binbin-handle-plastik-mulleimer-60-l-mit-deckelgriff-handgriff-barrelkings-com\/#primaryimage","url":"https:\/\/product-guide.org\/wp-content\/uploads\/2025\/03\/file-13.jpg","contentUrl":"https:\/\/product-guide.org\/wp-content\/uploads\/2025\/03\/file-13.jpg","width":1504,"height":1512},{"@type":"BreadcrumbList","@id":"https:\/\/product-guide.org\/produkt\/binbin-handle-plastik-mulleimer-60-l-mit-deckelgriff-handgriff-barrelkings-com\/#breadcrumb","itemListElement":[{"@type":"ListItem","position":1,"name":"Home","item":"https:\/\/product-guide.org\/"},{"@type":"ListItem","position":2,"name":"Ergebnisse","item":"https:\/\/product-guide.org\/de\/ergebnisse\/"},{"@type":"ListItem","position":3,"name":"BinBin Handle Plastik M\u00fclleimer 60 L mit Deckelgriff\/Handgriff | Barrelkings.com"}]},{"@type":"WebSite","@id":"https:\/\/product-guide.org\/#website","url":"https:\/\/product-guide.org\/","name":"Product-Guide.org","description":"What Product are you looking for?","publisher":{"@id":"https:\/\/product-guide.org\/#organization"},"potentialAction":[{"@type":"SearchAction","target":{"@type":"EntryPoint","urlTemplate":"https:\/\/product-guide.org\/?s={search_term_string}"},"query-input":{"@type":"PropertyValueSpecification","valueRequired":true,"valueName":"search_term_string"}}],"inLanguage":"en-GB"},{"@type":"Organization","@id":"https:\/\/product-guide.org\/#organization","name":"Product-Guide.org","url":"https:\/\/product-guide.org\/","logo":{"@type":"ImageObject","inLanguage":"en-GB","@id":"https:\/\/product-guide.org\/#\/schema\/logo\/image\/","url":"https:\/\/product-guide.org\/wp-content\/uploads\/2022\/07\/logo_transparent_background.png","contentUrl":"https:\/\/product-guide.org\/wp-content\/uploads\/2022\/07\/logo_transparent_background.png","width":3400,"height":1132,"caption":"Product-Guide.org"},"image":{"@id":"https:\/\/product-guide.org\/#\/schema\/logo\/image\/"}}]}},"_links":{"self":[{"href":"https:\/\/product-guide.org\/en\/wp-json\/wp\/v2\/product\/55295","targetHints":{"allow":["GET"]}}],"collection":[{"href":"https:\/\/product-guide.org\/en\/wp-json\/wp\/v2\/product"}],"about":[{"href":"https:\/\/product-guide.org\/en\/wp-json\/wp\/v2\/types\/product"}],"wp:featuredmedia":[{"embeddable":true,"href":"https:\/\/product-guide.org\/en\/wp-json\/wp\/v2\/media\/55294"}],"wp:attachment":[{"href":"https:\/\/product-guide.org\/en\/wp-json\/wp\/v2\/media?parent=55295"}],"wp:term":[{"taxonomy":"store","embeddable":true,"href":"https:\/\/product-guide.org\/en\/wp-json\/wp\/v2\/store?post=55295"},{"taxonomy":"product_brand","embeddable":true,"href":"https:\/\/product-guide.org\/en\/wp-json\/wp\/v2\/product_brand?post=55295"},{"taxonomy":"product_cat","embeddable":true,"href":"https:\/\/product-guide.org\/en\/wp-json\/wp\/v2\/product_cat?post=55295"},{"taxonomy":"product_tag","embeddable":true,"href":"https:\/\/product-guide.org\/en\/wp-json\/wp\/v2\/product_tag?post=55295"}],"curies":[{"name":"wp","href":"https:\/\/api.w.org\/{rel}","templated":true}]}}