{"id":55370,"date":"2025-03-17T12:29:15","date_gmt":"2025-03-17T11:29:15","guid":{"rendered":"https:\/\/product-guide.org\/produkt\/kinderwagen-fur-aktive-menschen-helsi-grau-kinderkraft\/"},"modified":"2025-03-17T12:29:15","modified_gmt":"2025-03-17T11:29:15","slug":"kinderwagen-fur-aktive-menschen-helsi-grau-kinderkraft","status":"publish","type":"product","link":"https:\/\/product-guide.org\/en\/produkt\/kinderwagen-fur-aktive-menschen-helsi-grau-kinderkraft\/","title":{"rendered":"Kinderwagen f\u00fcr aktive Menschen HELSI grau | Kinderkraft"},"content":{"rendered":"<p>HELSI ist ein dreir\u00e4driger Kinderwagen, mit dem Sie Ihrem Kind schon bei den ersten gemeinsamen Spazierg\u00e4ngen die Liebe f\u00fcr aktive Zeit im Freien wecken werden. Dank seiner drei Luftreifen ist er sehr stabil, und die D\u00e4mpfung an der Hinterachse und die M\u00f6glichkeit, das Vorderrad zu blockieren, erm\u00f6glichen das Gehen auch auf unebenem Boden. Der Kinderwagen verf\u00fcgt \u00fcber einen ger\u00e4umigen Korb unter dem Sitz, in dem Sie Ihr Zubeh\u00f6r und die Sachen Ihres Babys unterbringen k\u00f6nnen. Die R\u00fcckenlehne l\u00e4sst sich leicht verstellen, ebenso wie der Elterngriff: Sie behalten die richtige K\u00f6rperhaltung bei und Ihr Kind f\u00fchlt sich w\u00e4hrend des Spaziergangs wohl.<\/p>\n","protected":false},"excerpt":{"rendered":"<p>HELSI ist ein dreir\u00e4driger Kinderwagen, mit dem Sie Ihrem Kind schon bei den ersten gemeinsamen Spazierg\u00e4ngen die Liebe f\u00fcr aktive Zeit im Freien wecken werden. Dank seiner drei Luftreifen ist er sehr stabil, und die D\u00e4mpfung an der Hinterachse und die M\u00f6glichkeit, das Vorderrad zu blockieren, erm\u00f6glichen das Gehen auch auf unebenem Boden. Der Kinderwagen [&hellip;]<\/p>\n","protected":false},"featured_media":55369,"template":"","meta":{"_gspb_post_css":""},"store":[],"product_brand":[1429],"product_cat":[1290],"product_tag":[],"class_list":{"0":"post-55370","1":"product","2":"type-product","3":"status-publish","4":"has-post-thumbnail","6":"product_brand-kinderkraft","7":"product_cat-uncategorized","9":"first","10":"instock","11":"shipping-taxable","12":"purchasable","13":"product-type-simple"},"yoast_head":"<!-- This site is optimized with the Yoast SEO plugin v24.6 - https:\/\/yoast.com\/wordpress\/plugins\/seo\/ -->\n<title>Kinderwagen f\u00fcr aktive Menschen HELSI grau | Kinderkraft | Product-Guide.org<\/title>\n<meta name=\"description\" content=\"Kinderwagen f\u00fcr aktive Menschen HELSI grau | Kinderkraft gefunden von Product-Guide.org\" \/>\n<meta name=\"robots\" content=\"index, follow, max-snippet:-1, max-image-preview:large, max-video-preview:-1\" \/>\n<link rel=\"canonical\" href=\"https:\/\/product-guide.org\/en\/produkt\/kinderwagen-fur-aktive-menschen-helsi-grau-kinderkraft\/\" \/>\n<meta property=\"og:locale\" content=\"en_GB\" \/>\n<meta property=\"og:type\" content=\"article\" \/>\n<meta property=\"og:title\" content=\"Kinderwagen f\u00fcr aktive Menschen HELSI grau | Kinderkraft | Product-Guide.org\" \/>\n<meta property=\"og:description\" content=\"Kinderwagen f\u00fcr aktive Menschen HELSI grau | Kinderkraft gefunden von Product-Guide.org\" \/>\n<meta property=\"og:url\" content=\"https:\/\/product-guide.org\/en\/produkt\/kinderwagen-fur-aktive-menschen-helsi-grau-kinderkraft\/\" \/>\n<meta property=\"og:site_name\" content=\"Product-Guide.org\" \/>\n<meta name=\"twitter:card\" content=\"summary_large_image\" \/>\n<script type=\"application\/ld+json\" class=\"yoast-schema-graph\">{\"@context\":\"https:\/\/schema.org\",\"@graph\":[{\"@type\":\"WebPage\",\"@id\":\"https:\/\/product-guide.org\/produkt\/kinderwagen-fur-aktive-menschen-helsi-grau-kinderkraft\/\",\"url\":\"https:\/\/product-guide.org\/produkt\/kinderwagen-fur-aktive-menschen-helsi-grau-kinderkraft\/\",\"name\":\"Kinderwagen f\u00fcr aktive Menschen HELSI grau | Kinderkraft | Product-Guide.org\",\"isPartOf\":{\"@id\":\"https:\/\/product-guide.org\/#website\"},\"primaryImageOfPage\":{\"@id\":\"https:\/\/product-guide.org\/produkt\/kinderwagen-fur-aktive-menschen-helsi-grau-kinderkraft\/#primaryimage\"},\"image\":{\"@id\":\"https:\/\/product-guide.org\/produkt\/kinderwagen-fur-aktive-menschen-helsi-grau-kinderkraft\/#primaryimage\"},\"thumbnailUrl\":\"https:\/\/product-guide.org\/wp-content\/uploads\/2025\/03\/kk_helsi_dust_gray_5902533922598_5.webp\",\"datePublished\":\"2025-03-17T11:29:15+00:00\",\"description\":\"Kinderwagen f\u00fcr aktive Menschen HELSI grau | Kinderkraft gefunden von Product-Guide.org\",\"breadcrumb\":{\"@id\":\"https:\/\/product-guide.org\/produkt\/kinderwagen-fur-aktive-menschen-helsi-grau-kinderkraft\/#breadcrumb\"},\"inLanguage\":\"en-GB\",\"potentialAction\":[{\"@type\":\"ReadAction\",\"target\":[\"https:\/\/product-guide.org\/produkt\/kinderwagen-fur-aktive-menschen-helsi-grau-kinderkraft\/\"]}]},{\"@type\":\"ImageObject\",\"inLanguage\":\"en-GB\",\"@id\":\"https:\/\/product-guide.org\/produkt\/kinderwagen-fur-aktive-menschen-helsi-grau-kinderkraft\/#primaryimage\",\"url\":\"https:\/\/product-guide.org\/wp-content\/uploads\/2025\/03\/kk_helsi_dust_gray_5902533922598_5.webp\",\"contentUrl\":\"https:\/\/product-guide.org\/wp-content\/uploads\/2025\/03\/kk_helsi_dust_gray_5902533922598_5.webp\",\"width\":1200,\"height\":1200},{\"@type\":\"BreadcrumbList\",\"@id\":\"https:\/\/product-guide.org\/produkt\/kinderwagen-fur-aktive-menschen-helsi-grau-kinderkraft\/#breadcrumb\",\"itemListElement\":[{\"@type\":\"ListItem\",\"position\":1,\"name\":\"Home\",\"item\":\"https:\/\/product-guide.org\/\"},{\"@type\":\"ListItem\",\"position\":2,\"name\":\"Ergebnisse\",\"item\":\"https:\/\/product-guide.org\/de\/ergebnisse\/\"},{\"@type\":\"ListItem\",\"position\":3,\"name\":\"Kinderwagen f\u00fcr aktive Menschen HELSI grau | Kinderkraft\"}]},{\"@type\":\"WebSite\",\"@id\":\"https:\/\/product-guide.org\/#website\",\"url\":\"https:\/\/product-guide.org\/\",\"name\":\"Product-Guide.org\",\"description\":\"What Product are you looking for?\",\"publisher\":{\"@id\":\"https:\/\/product-guide.org\/#organization\"},\"potentialAction\":[{\"@type\":\"SearchAction\",\"target\":{\"@type\":\"EntryPoint\",\"urlTemplate\":\"https:\/\/product-guide.org\/?s={search_term_string}\"},\"query-input\":{\"@type\":\"PropertyValueSpecification\",\"valueRequired\":true,\"valueName\":\"search_term_string\"}}],\"inLanguage\":\"en-GB\"},{\"@type\":\"Organization\",\"@id\":\"https:\/\/product-guide.org\/#organization\",\"name\":\"Product-Guide.org\",\"url\":\"https:\/\/product-guide.org\/\",\"logo\":{\"@type\":\"ImageObject\",\"inLanguage\":\"en-GB\",\"@id\":\"https:\/\/product-guide.org\/#\/schema\/logo\/image\/\",\"url\":\"https:\/\/product-guide.org\/wp-content\/uploads\/2022\/07\/logo_transparent_background.png\",\"contentUrl\":\"https:\/\/product-guide.org\/wp-content\/uploads\/2022\/07\/logo_transparent_background.png\",\"width\":3400,\"height\":1132,\"caption\":\"Product-Guide.org\"},\"image\":{\"@id\":\"https:\/\/product-guide.org\/#\/schema\/logo\/image\/\"}}]}<\/script>\n<!-- \/ Yoast SEO plugin. -->","yoast_head_json":{"title":"Kinderwagen f\u00fcr aktive Menschen HELSI grau | Kinderkraft | Product-Guide.org","description":"Kinderwagen f\u00fcr aktive Menschen HELSI grau | Kinderkraft gefunden von Product-Guide.org","robots":{"index":"index","follow":"follow","max-snippet":"max-snippet:-1","max-image-preview":"max-image-preview:large","max-video-preview":"max-video-preview:-1"},"canonical":"https:\/\/product-guide.org\/en\/produkt\/kinderwagen-fur-aktive-menschen-helsi-grau-kinderkraft\/","og_locale":"en_GB","og_type":"article","og_title":"Kinderwagen f\u00fcr aktive Menschen HELSI grau | Kinderkraft | Product-Guide.org","og_description":"Kinderwagen f\u00fcr aktive Menschen HELSI grau | Kinderkraft gefunden von Product-Guide.org","og_url":"https:\/\/product-guide.org\/en\/produkt\/kinderwagen-fur-aktive-menschen-helsi-grau-kinderkraft\/","og_site_name":"Product-Guide.org","twitter_card":"summary_large_image","schema":{"@context":"https:\/\/schema.org","@graph":[{"@type":"WebPage","@id":"https:\/\/product-guide.org\/produkt\/kinderwagen-fur-aktive-menschen-helsi-grau-kinderkraft\/","url":"https:\/\/product-guide.org\/produkt\/kinderwagen-fur-aktive-menschen-helsi-grau-kinderkraft\/","name":"Kinderwagen f\u00fcr aktive Menschen HELSI grau | Kinderkraft | Product-Guide.org","isPartOf":{"@id":"https:\/\/product-guide.org\/#website"},"primaryImageOfPage":{"@id":"https:\/\/product-guide.org\/produkt\/kinderwagen-fur-aktive-menschen-helsi-grau-kinderkraft\/#primaryimage"},"image":{"@id":"https:\/\/product-guide.org\/produkt\/kinderwagen-fur-aktive-menschen-helsi-grau-kinderkraft\/#primaryimage"},"thumbnailUrl":"https:\/\/product-guide.org\/wp-content\/uploads\/2025\/03\/kk_helsi_dust_gray_5902533922598_5.webp","datePublished":"2025-03-17T11:29:15+00:00","description":"Kinderwagen f\u00fcr aktive Menschen HELSI grau | Kinderkraft gefunden von Product-Guide.org","breadcrumb":{"@id":"https:\/\/product-guide.org\/produkt\/kinderwagen-fur-aktive-menschen-helsi-grau-kinderkraft\/#breadcrumb"},"inLanguage":"en-GB","potentialAction":[{"@type":"ReadAction","target":["https:\/\/product-guide.org\/produkt\/kinderwagen-fur-aktive-menschen-helsi-grau-kinderkraft\/"]}]},{"@type":"ImageObject","inLanguage":"en-GB","@id":"https:\/\/product-guide.org\/produkt\/kinderwagen-fur-aktive-menschen-helsi-grau-kinderkraft\/#primaryimage","url":"https:\/\/product-guide.org\/wp-content\/uploads\/2025\/03\/kk_helsi_dust_gray_5902533922598_5.webp","contentUrl":"https:\/\/product-guide.org\/wp-content\/uploads\/2025\/03\/kk_helsi_dust_gray_5902533922598_5.webp","width":1200,"height":1200},{"@type":"BreadcrumbList","@id":"https:\/\/product-guide.org\/produkt\/kinderwagen-fur-aktive-menschen-helsi-grau-kinderkraft\/#breadcrumb","itemListElement":[{"@type":"ListItem","position":1,"name":"Home","item":"https:\/\/product-guide.org\/"},{"@type":"ListItem","position":2,"name":"Ergebnisse","item":"https:\/\/product-guide.org\/de\/ergebnisse\/"},{"@type":"ListItem","position":3,"name":"Kinderwagen f\u00fcr aktive Menschen HELSI grau | Kinderkraft"}]},{"@type":"WebSite","@id":"https:\/\/product-guide.org\/#website","url":"https:\/\/product-guide.org\/","name":"Product-Guide.org","description":"What Product are you looking for?","publisher":{"@id":"https:\/\/product-guide.org\/#organization"},"potentialAction":[{"@type":"SearchAction","target":{"@type":"EntryPoint","urlTemplate":"https:\/\/product-guide.org\/?s={search_term_string}"},"query-input":{"@type":"PropertyValueSpecification","valueRequired":true,"valueName":"search_term_string"}}],"inLanguage":"en-GB"},{"@type":"Organization","@id":"https:\/\/product-guide.org\/#organization","name":"Product-Guide.org","url":"https:\/\/product-guide.org\/","logo":{"@type":"ImageObject","inLanguage":"en-GB","@id":"https:\/\/product-guide.org\/#\/schema\/logo\/image\/","url":"https:\/\/product-guide.org\/wp-content\/uploads\/2022\/07\/logo_transparent_background.png","contentUrl":"https:\/\/product-guide.org\/wp-content\/uploads\/2022\/07\/logo_transparent_background.png","width":3400,"height":1132,"caption":"Product-Guide.org"},"image":{"@id":"https:\/\/product-guide.org\/#\/schema\/logo\/image\/"}}]}},"_links":{"self":[{"href":"https:\/\/product-guide.org\/en\/wp-json\/wp\/v2\/product\/55370","targetHints":{"allow":["GET"]}}],"collection":[{"href":"https:\/\/product-guide.org\/en\/wp-json\/wp\/v2\/product"}],"about":[{"href":"https:\/\/product-guide.org\/en\/wp-json\/wp\/v2\/types\/product"}],"wp:featuredmedia":[{"embeddable":true,"href":"https:\/\/product-guide.org\/en\/wp-json\/wp\/v2\/media\/55369"}],"wp:attachment":[{"href":"https:\/\/product-guide.org\/en\/wp-json\/wp\/v2\/media?parent=55370"}],"wp:term":[{"taxonomy":"store","embeddable":true,"href":"https:\/\/product-guide.org\/en\/wp-json\/wp\/v2\/store?post=55370"},{"taxonomy":"product_brand","embeddable":true,"href":"https:\/\/product-guide.org\/en\/wp-json\/wp\/v2\/product_brand?post=55370"},{"taxonomy":"product_cat","embeddable":true,"href":"https:\/\/product-guide.org\/en\/wp-json\/wp\/v2\/product_cat?post=55370"},{"taxonomy":"product_tag","embeddable":true,"href":"https:\/\/product-guide.org\/en\/wp-json\/wp\/v2\/product_tag?post=55370"}],"curies":[{"name":"wp","href":"https:\/\/api.w.org\/{rel}","templated":true}]}}