{"id":55374,"date":"2025-03-17T12:29:19","date_gmt":"2025-03-17T11:29:19","guid":{"rendered":"https:\/\/product-guide.org\/produkt\/kinderwagen-indy-2-grun-kinderkraft\/"},"modified":"2025-03-17T12:29:20","modified_gmt":"2025-03-17T11:29:20","slug":"kinderwagen-indy-2-grun-kinderkraft","status":"publish","type":"product","link":"https:\/\/product-guide.org\/en\/produkt\/kinderwagen-indy-2-grun-kinderkraft\/","title":{"rendered":"Kinderwagen INDY 2 gr\u00fcn | Kinderkraft"},"content":{"rendered":"<p>Lernen Sie INDY2 kennen &#8211; einen leichten, urbanen Kinderwagen, der Ihnen und Ihrem Kind Komfort bietet. Alle Eltern werden es zu sch\u00e4tzen wissen: Gro\u00dfe Schaumstoffr\u00e4der m\u00fcssen nicht gepumpt werden, was sie ideal f\u00fcr den B\u00fcrgersteig macht. Die leise und sanfte Einstellung der R\u00fcckenlehne in R\u00fcckenlage erm\u00f6glicht dem Kind ein gem\u00fctliches Nickerchen an der frischen Luft. INDY2 wiegt nur 6,4 kg, so dass Sie einen Kinderwagen problemlos sogar in den 4. Stock im Block tragen k\u00f6nnen. Sie k\u00f6nnen den Kinderwagen dank CLICK &#038; FOLD mit einer Hand zusammenfalten, und das wasserdichte Verdeck mit UPF50 + -Filter erm\u00f6glicht es Ihnen, den Spaziergang unabh\u00e4ngig vom Wetter zu genie\u00dfen. Die Zentrale Bremse sorgt f\u00fcr die M\u00f6glichkeit einer schnellen Reaktion und die praktische Kopfst\u00fctze sch\u00fctzt den Kopf des Kindes vor Verdr\u00e4ngung. F\u00fcr INDY2 k\u00f6nnen Sie praktische Adapter kaufen, mit denen Sie ein TRAVEL SYSTEM erstellen k\u00f6nnen<\/p>\n","protected":false},"excerpt":{"rendered":"<p>Lernen Sie INDY2 kennen &#8211; einen leichten, urbanen Kinderwagen, der Ihnen und Ihrem Kind Komfort bietet. Alle Eltern werden es zu sch\u00e4tzen wissen: Gro\u00dfe Schaumstoffr\u00e4der m\u00fcssen nicht gepumpt werden, was sie ideal f\u00fcr den B\u00fcrgersteig macht. Die leise und sanfte Einstellung der R\u00fcckenlehne in R\u00fcckenlage erm\u00f6glicht dem Kind ein gem\u00fctliches Nickerchen an der frischen Luft. [&hellip;]<\/p>\n","protected":false},"featured_media":55373,"template":"","meta":{"_gspb_post_css":""},"store":[],"product_brand":[1429],"product_cat":[1290],"product_tag":[],"class_list":{"0":"post-55374","1":"product","2":"type-product","3":"status-publish","4":"has-post-thumbnail","6":"product_brand-kinderkraft","7":"product_cat-uncategorized","9":"first","10":"instock","11":"shipping-taxable","12":"purchasable","13":"product-type-simple"},"yoast_head":"<!-- This site is optimized with the Yoast SEO plugin v24.6 - https:\/\/yoast.com\/wordpress\/plugins\/seo\/ -->\n<title>Kinderwagen INDY 2 gr\u00fcn | Kinderkraft | Product-Guide.org<\/title>\n<meta name=\"description\" content=\"Kinderwagen INDY 2 gr\u00fcn | Kinderkraft gefunden von Product-Guide.org\" \/>\n<meta name=\"robots\" content=\"index, follow, max-snippet:-1, max-image-preview:large, max-video-preview:-1\" \/>\n<link rel=\"canonical\" href=\"https:\/\/product-guide.org\/en\/produkt\/kinderwagen-indy-2-grun-kinderkraft\/\" \/>\n<meta property=\"og:locale\" content=\"en_GB\" \/>\n<meta property=\"og:type\" content=\"article\" \/>\n<meta property=\"og:title\" content=\"Kinderwagen INDY 2 gr\u00fcn | Kinderkraft | Product-Guide.org\" \/>\n<meta property=\"og:description\" content=\"Kinderwagen INDY 2 gr\u00fcn | Kinderkraft gefunden von Product-Guide.org\" \/>\n<meta property=\"og:url\" content=\"https:\/\/product-guide.org\/en\/produkt\/kinderwagen-indy-2-grun-kinderkraft\/\" \/>\n<meta property=\"og:site_name\" content=\"Product-Guide.org\" \/>\n<meta property=\"article:modified_time\" content=\"2025-03-17T11:29:20+00:00\" \/>\n<meta name=\"twitter:card\" content=\"summary_large_image\" \/>\n<script type=\"application\/ld+json\" class=\"yoast-schema-graph\">{\"@context\":\"https:\/\/schema.org\",\"@graph\":[{\"@type\":\"WebPage\",\"@id\":\"https:\/\/product-guide.org\/produkt\/kinderwagen-indy-2-grun-kinderkraft\/\",\"url\":\"https:\/\/product-guide.org\/produkt\/kinderwagen-indy-2-grun-kinderkraft\/\",\"name\":\"Kinderwagen INDY 2 gr\u00fcn | Kinderkraft | Product-Guide.org\",\"isPartOf\":{\"@id\":\"https:\/\/product-guide.org\/#website\"},\"primaryImageOfPage\":{\"@id\":\"https:\/\/product-guide.org\/produkt\/kinderwagen-indy-2-grun-kinderkraft\/#primaryimage\"},\"image\":{\"@id\":\"https:\/\/product-guide.org\/produkt\/kinderwagen-indy-2-grun-kinderkraft\/#primaryimage\"},\"thumbnailUrl\":\"https:\/\/product-guide.org\/wp-content\/uploads\/2025\/03\/wozek-spacerowy-indy-2-zielony-1_1.webp\",\"datePublished\":\"2025-03-17T11:29:19+00:00\",\"dateModified\":\"2025-03-17T11:29:20+00:00\",\"description\":\"Kinderwagen INDY 2 gr\u00fcn | Kinderkraft gefunden von Product-Guide.org\",\"breadcrumb\":{\"@id\":\"https:\/\/product-guide.org\/produkt\/kinderwagen-indy-2-grun-kinderkraft\/#breadcrumb\"},\"inLanguage\":\"en-GB\",\"potentialAction\":[{\"@type\":\"ReadAction\",\"target\":[\"https:\/\/product-guide.org\/produkt\/kinderwagen-indy-2-grun-kinderkraft\/\"]}]},{\"@type\":\"ImageObject\",\"inLanguage\":\"en-GB\",\"@id\":\"https:\/\/product-guide.org\/produkt\/kinderwagen-indy-2-grun-kinderkraft\/#primaryimage\",\"url\":\"https:\/\/product-guide.org\/wp-content\/uploads\/2025\/03\/wozek-spacerowy-indy-2-zielony-1_1.webp\",\"contentUrl\":\"https:\/\/product-guide.org\/wp-content\/uploads\/2025\/03\/wozek-spacerowy-indy-2-zielony-1_1.webp\",\"width\":1200,\"height\":1200},{\"@type\":\"BreadcrumbList\",\"@id\":\"https:\/\/product-guide.org\/produkt\/kinderwagen-indy-2-grun-kinderkraft\/#breadcrumb\",\"itemListElement\":[{\"@type\":\"ListItem\",\"position\":1,\"name\":\"Home\",\"item\":\"https:\/\/product-guide.org\/\"},{\"@type\":\"ListItem\",\"position\":2,\"name\":\"Ergebnisse\",\"item\":\"https:\/\/product-guide.org\/de\/ergebnisse\/\"},{\"@type\":\"ListItem\",\"position\":3,\"name\":\"Kinderwagen INDY 2 gr\u00fcn | Kinderkraft\"}]},{\"@type\":\"WebSite\",\"@id\":\"https:\/\/product-guide.org\/#website\",\"url\":\"https:\/\/product-guide.org\/\",\"name\":\"Product-Guide.org\",\"description\":\"What Product are you looking for?\",\"publisher\":{\"@id\":\"https:\/\/product-guide.org\/#organization\"},\"potentialAction\":[{\"@type\":\"SearchAction\",\"target\":{\"@type\":\"EntryPoint\",\"urlTemplate\":\"https:\/\/product-guide.org\/?s={search_term_string}\"},\"query-input\":{\"@type\":\"PropertyValueSpecification\",\"valueRequired\":true,\"valueName\":\"search_term_string\"}}],\"inLanguage\":\"en-GB\"},{\"@type\":\"Organization\",\"@id\":\"https:\/\/product-guide.org\/#organization\",\"name\":\"Product-Guide.org\",\"url\":\"https:\/\/product-guide.org\/\",\"logo\":{\"@type\":\"ImageObject\",\"inLanguage\":\"en-GB\",\"@id\":\"https:\/\/product-guide.org\/#\/schema\/logo\/image\/\",\"url\":\"https:\/\/product-guide.org\/wp-content\/uploads\/2022\/07\/logo_transparent_background.png\",\"contentUrl\":\"https:\/\/product-guide.org\/wp-content\/uploads\/2022\/07\/logo_transparent_background.png\",\"width\":3400,\"height\":1132,\"caption\":\"Product-Guide.org\"},\"image\":{\"@id\":\"https:\/\/product-guide.org\/#\/schema\/logo\/image\/\"}}]}<\/script>\n<!-- \/ Yoast SEO plugin. -->","yoast_head_json":{"title":"Kinderwagen INDY 2 gr\u00fcn | Kinderkraft | Product-Guide.org","description":"Kinderwagen INDY 2 gr\u00fcn | Kinderkraft gefunden von Product-Guide.org","robots":{"index":"index","follow":"follow","max-snippet":"max-snippet:-1","max-image-preview":"max-image-preview:large","max-video-preview":"max-video-preview:-1"},"canonical":"https:\/\/product-guide.org\/en\/produkt\/kinderwagen-indy-2-grun-kinderkraft\/","og_locale":"en_GB","og_type":"article","og_title":"Kinderwagen INDY 2 gr\u00fcn | Kinderkraft | Product-Guide.org","og_description":"Kinderwagen INDY 2 gr\u00fcn | Kinderkraft gefunden von Product-Guide.org","og_url":"https:\/\/product-guide.org\/en\/produkt\/kinderwagen-indy-2-grun-kinderkraft\/","og_site_name":"Product-Guide.org","article_modified_time":"2025-03-17T11:29:20+00:00","twitter_card":"summary_large_image","schema":{"@context":"https:\/\/schema.org","@graph":[{"@type":"WebPage","@id":"https:\/\/product-guide.org\/produkt\/kinderwagen-indy-2-grun-kinderkraft\/","url":"https:\/\/product-guide.org\/produkt\/kinderwagen-indy-2-grun-kinderkraft\/","name":"Kinderwagen INDY 2 gr\u00fcn | Kinderkraft | Product-Guide.org","isPartOf":{"@id":"https:\/\/product-guide.org\/#website"},"primaryImageOfPage":{"@id":"https:\/\/product-guide.org\/produkt\/kinderwagen-indy-2-grun-kinderkraft\/#primaryimage"},"image":{"@id":"https:\/\/product-guide.org\/produkt\/kinderwagen-indy-2-grun-kinderkraft\/#primaryimage"},"thumbnailUrl":"https:\/\/product-guide.org\/wp-content\/uploads\/2025\/03\/wozek-spacerowy-indy-2-zielony-1_1.webp","datePublished":"2025-03-17T11:29:19+00:00","dateModified":"2025-03-17T11:29:20+00:00","description":"Kinderwagen INDY 2 gr\u00fcn | Kinderkraft gefunden von Product-Guide.org","breadcrumb":{"@id":"https:\/\/product-guide.org\/produkt\/kinderwagen-indy-2-grun-kinderkraft\/#breadcrumb"},"inLanguage":"en-GB","potentialAction":[{"@type":"ReadAction","target":["https:\/\/product-guide.org\/produkt\/kinderwagen-indy-2-grun-kinderkraft\/"]}]},{"@type":"ImageObject","inLanguage":"en-GB","@id":"https:\/\/product-guide.org\/produkt\/kinderwagen-indy-2-grun-kinderkraft\/#primaryimage","url":"https:\/\/product-guide.org\/wp-content\/uploads\/2025\/03\/wozek-spacerowy-indy-2-zielony-1_1.webp","contentUrl":"https:\/\/product-guide.org\/wp-content\/uploads\/2025\/03\/wozek-spacerowy-indy-2-zielony-1_1.webp","width":1200,"height":1200},{"@type":"BreadcrumbList","@id":"https:\/\/product-guide.org\/produkt\/kinderwagen-indy-2-grun-kinderkraft\/#breadcrumb","itemListElement":[{"@type":"ListItem","position":1,"name":"Home","item":"https:\/\/product-guide.org\/"},{"@type":"ListItem","position":2,"name":"Ergebnisse","item":"https:\/\/product-guide.org\/de\/ergebnisse\/"},{"@type":"ListItem","position":3,"name":"Kinderwagen INDY 2 gr\u00fcn | Kinderkraft"}]},{"@type":"WebSite","@id":"https:\/\/product-guide.org\/#website","url":"https:\/\/product-guide.org\/","name":"Product-Guide.org","description":"What Product are you looking for?","publisher":{"@id":"https:\/\/product-guide.org\/#organization"},"potentialAction":[{"@type":"SearchAction","target":{"@type":"EntryPoint","urlTemplate":"https:\/\/product-guide.org\/?s={search_term_string}"},"query-input":{"@type":"PropertyValueSpecification","valueRequired":true,"valueName":"search_term_string"}}],"inLanguage":"en-GB"},{"@type":"Organization","@id":"https:\/\/product-guide.org\/#organization","name":"Product-Guide.org","url":"https:\/\/product-guide.org\/","logo":{"@type":"ImageObject","inLanguage":"en-GB","@id":"https:\/\/product-guide.org\/#\/schema\/logo\/image\/","url":"https:\/\/product-guide.org\/wp-content\/uploads\/2022\/07\/logo_transparent_background.png","contentUrl":"https:\/\/product-guide.org\/wp-content\/uploads\/2022\/07\/logo_transparent_background.png","width":3400,"height":1132,"caption":"Product-Guide.org"},"image":{"@id":"https:\/\/product-guide.org\/#\/schema\/logo\/image\/"}}]}},"_links":{"self":[{"href":"https:\/\/product-guide.org\/en\/wp-json\/wp\/v2\/product\/55374","targetHints":{"allow":["GET"]}}],"collection":[{"href":"https:\/\/product-guide.org\/en\/wp-json\/wp\/v2\/product"}],"about":[{"href":"https:\/\/product-guide.org\/en\/wp-json\/wp\/v2\/types\/product"}],"wp:featuredmedia":[{"embeddable":true,"href":"https:\/\/product-guide.org\/en\/wp-json\/wp\/v2\/media\/55373"}],"wp:attachment":[{"href":"https:\/\/product-guide.org\/en\/wp-json\/wp\/v2\/media?parent=55374"}],"wp:term":[{"taxonomy":"store","embeddable":true,"href":"https:\/\/product-guide.org\/en\/wp-json\/wp\/v2\/store?post=55374"},{"taxonomy":"product_brand","embeddable":true,"href":"https:\/\/product-guide.org\/en\/wp-json\/wp\/v2\/product_brand?post=55374"},{"taxonomy":"product_cat","embeddable":true,"href":"https:\/\/product-guide.org\/en\/wp-json\/wp\/v2\/product_cat?post=55374"},{"taxonomy":"product_tag","embeddable":true,"href":"https:\/\/product-guide.org\/en\/wp-json\/wp\/v2\/product_tag?post=55374"}],"curies":[{"name":"wp","href":"https:\/\/api.w.org\/{rel}","templated":true}]}}