{"id":55384,"date":"2025-03-17T12:29:34","date_gmt":"2025-03-17T11:29:34","guid":{"rendered":"https:\/\/product-guide.org\/produkt\/kinderwagen-mitzy-schwarz-kinderkraft\/"},"modified":"2025-03-17T12:29:35","modified_gmt":"2025-03-17T11:29:35","slug":"kinderwagen-mitzy-schwarz-kinderkraft","status":"publish","type":"product","link":"https:\/\/product-guide.org\/en\/produkt\/kinderwagen-mitzy-schwarz-kinderkraft\/","title":{"rendered":"Kinderwagen MITZY schwarz | Kinderkraft"},"content":{"rendered":"<p>Entdecken Sie von Neuem die Freude an gemeinsamen Spazierg\u00e4ngen. Der Kinderwagen MITZY wurde mit dem Gedanken an Kinder schon von den ersten Lebensmonaten an geschaffen &#8211; er hat bis zu 27kg* Belastbarkeit. MITZY ist ein leichter und wendiger Kinderwagen, mit gro\u00dfen R\u00e4dern mit voller Sto\u00dfd\u00e4mpfung. Zusammen mit der M\u00f6glichkeit, sie mit den Vorderr\u00e4dern f\u00fcr die Fahrt auf schwierigem Terrain zu blockieren, wodurch Ihnen erlaubt wird problemlos hohe Gehsteige, br\u00fcchige Pflastersteine und Waldpfade zu bew\u00e4ltigen. Die flie\u00dfende und stille Regulierung der R\u00fcckenlehne zusammen mit der regulierbaren Fu\u00dfst\u00fctze erm\u00f6glichen die Schaffung eines bequemen Raums f\u00fcr das Kind f\u00fcr Nickerchen im Freien. MITZY ist ein Kinderwagen f\u00fcr allt\u00e4gliche Spazierg\u00e4nge, eignet sich aber auch f\u00fcr l\u00e4ngere Ausfl\u00fcge &#8211; de Kinderwagen wird blitzschnell mit einer Hand zu kompakter Gr\u00f6\u00dfe zusammengelegt und im Kofferraum des Autos untergebracht. Er wird Ihr Kind bei Herbstregen und Sommerhitze in den Ferien sch\u00fctzen: er hat ein gro\u00dfes, wasserabweisendes Verdeck mit UPF50+ Filter und L\u00fcftungspanel und Kontaktfenster.<\/p>\n","protected":false},"excerpt":{"rendered":"<p>Entdecken Sie von Neuem die Freude an gemeinsamen Spazierg\u00e4ngen. Der Kinderwagen MITZY wurde mit dem Gedanken an Kinder schon von den ersten Lebensmonaten an geschaffen &#8211; er hat bis zu 27kg* Belastbarkeit. MITZY ist ein leichter und wendiger Kinderwagen, mit gro\u00dfen R\u00e4dern mit voller Sto\u00dfd\u00e4mpfung. Zusammen mit der M\u00f6glichkeit, sie mit den Vorderr\u00e4dern f\u00fcr die [&hellip;]<\/p>\n","protected":false},"featured_media":55383,"template":"","meta":{"_gspb_post_css":""},"store":[],"product_brand":[1429],"product_cat":[1290],"product_tag":[],"class_list":{"0":"post-55384","1":"product","2":"type-product","3":"status-publish","4":"has-post-thumbnail","6":"product_brand-kinderkraft","7":"product_cat-uncategorized","9":"first","10":"instock","11":"shipping-taxable","12":"purchasable","13":"product-type-simple"},"yoast_head":"<!-- This site is optimized with the Yoast SEO plugin v24.6 - https:\/\/yoast.com\/wordpress\/plugins\/seo\/ -->\n<title>Kinderwagen MITZY schwarz | Kinderkraft | Product-Guide.org<\/title>\n<meta name=\"description\" content=\"Kinderwagen MITZY schwarz | Kinderkraft gefunden von Product-Guide.org\" \/>\n<meta name=\"robots\" content=\"index, follow, max-snippet:-1, max-image-preview:large, max-video-preview:-1\" \/>\n<link rel=\"canonical\" href=\"https:\/\/product-guide.org\/en\/produkt\/kinderwagen-mitzy-schwarz-kinderkraft\/\" \/>\n<meta property=\"og:locale\" content=\"en_GB\" \/>\n<meta property=\"og:type\" content=\"article\" \/>\n<meta property=\"og:title\" content=\"Kinderwagen MITZY schwarz | Kinderkraft | Product-Guide.org\" \/>\n<meta property=\"og:description\" content=\"Kinderwagen MITZY schwarz | Kinderkraft gefunden von Product-Guide.org\" \/>\n<meta property=\"og:url\" content=\"https:\/\/product-guide.org\/en\/produkt\/kinderwagen-mitzy-schwarz-kinderkraft\/\" \/>\n<meta property=\"og:site_name\" content=\"Product-Guide.org\" \/>\n<meta property=\"article:modified_time\" content=\"2025-03-17T11:29:35+00:00\" \/>\n<meta name=\"twitter:card\" content=\"summary_large_image\" \/>\n<script type=\"application\/ld+json\" class=\"yoast-schema-graph\">{\"@context\":\"https:\/\/schema.org\",\"@graph\":[{\"@type\":\"WebPage\",\"@id\":\"https:\/\/product-guide.org\/produkt\/kinderwagen-mitzy-schwarz-kinderkraft\/\",\"url\":\"https:\/\/product-guide.org\/produkt\/kinderwagen-mitzy-schwarz-kinderkraft\/\",\"name\":\"Kinderwagen MITZY schwarz | Kinderkraft | Product-Guide.org\",\"isPartOf\":{\"@id\":\"https:\/\/product-guide.org\/#website\"},\"primaryImageOfPage\":{\"@id\":\"https:\/\/product-guide.org\/produkt\/kinderwagen-mitzy-schwarz-kinderkraft\/#primaryimage\"},\"image\":{\"@id\":\"https:\/\/product-guide.org\/produkt\/kinderwagen-mitzy-schwarz-kinderkraft\/#primaryimage\"},\"thumbnailUrl\":\"https:\/\/product-guide.org\/wp-content\/uploads\/2025\/03\/1a-mitzy-ink-black-5902533924370-pl_1.webp\",\"datePublished\":\"2025-03-17T11:29:34+00:00\",\"dateModified\":\"2025-03-17T11:29:35+00:00\",\"description\":\"Kinderwagen MITZY schwarz | Kinderkraft gefunden von Product-Guide.org\",\"breadcrumb\":{\"@id\":\"https:\/\/product-guide.org\/produkt\/kinderwagen-mitzy-schwarz-kinderkraft\/#breadcrumb\"},\"inLanguage\":\"en-GB\",\"potentialAction\":[{\"@type\":\"ReadAction\",\"target\":[\"https:\/\/product-guide.org\/produkt\/kinderwagen-mitzy-schwarz-kinderkraft\/\"]}]},{\"@type\":\"ImageObject\",\"inLanguage\":\"en-GB\",\"@id\":\"https:\/\/product-guide.org\/produkt\/kinderwagen-mitzy-schwarz-kinderkraft\/#primaryimage\",\"url\":\"https:\/\/product-guide.org\/wp-content\/uploads\/2025\/03\/1a-mitzy-ink-black-5902533924370-pl_1.webp\",\"contentUrl\":\"https:\/\/product-guide.org\/wp-content\/uploads\/2025\/03\/1a-mitzy-ink-black-5902533924370-pl_1.webp\",\"width\":2000,\"height\":2000},{\"@type\":\"BreadcrumbList\",\"@id\":\"https:\/\/product-guide.org\/produkt\/kinderwagen-mitzy-schwarz-kinderkraft\/#breadcrumb\",\"itemListElement\":[{\"@type\":\"ListItem\",\"position\":1,\"name\":\"Home\",\"item\":\"https:\/\/product-guide.org\/\"},{\"@type\":\"ListItem\",\"position\":2,\"name\":\"Ergebnisse\",\"item\":\"https:\/\/product-guide.org\/de\/ergebnisse\/\"},{\"@type\":\"ListItem\",\"position\":3,\"name\":\"Kinderwagen MITZY schwarz | Kinderkraft\"}]},{\"@type\":\"WebSite\",\"@id\":\"https:\/\/product-guide.org\/#website\",\"url\":\"https:\/\/product-guide.org\/\",\"name\":\"Product-Guide.org\",\"description\":\"What Product are you looking for?\",\"publisher\":{\"@id\":\"https:\/\/product-guide.org\/#organization\"},\"potentialAction\":[{\"@type\":\"SearchAction\",\"target\":{\"@type\":\"EntryPoint\",\"urlTemplate\":\"https:\/\/product-guide.org\/?s={search_term_string}\"},\"query-input\":{\"@type\":\"PropertyValueSpecification\",\"valueRequired\":true,\"valueName\":\"search_term_string\"}}],\"inLanguage\":\"en-GB\"},{\"@type\":\"Organization\",\"@id\":\"https:\/\/product-guide.org\/#organization\",\"name\":\"Product-Guide.org\",\"url\":\"https:\/\/product-guide.org\/\",\"logo\":{\"@type\":\"ImageObject\",\"inLanguage\":\"en-GB\",\"@id\":\"https:\/\/product-guide.org\/#\/schema\/logo\/image\/\",\"url\":\"https:\/\/product-guide.org\/wp-content\/uploads\/2022\/07\/logo_transparent_background.png\",\"contentUrl\":\"https:\/\/product-guide.org\/wp-content\/uploads\/2022\/07\/logo_transparent_background.png\",\"width\":3400,\"height\":1132,\"caption\":\"Product-Guide.org\"},\"image\":{\"@id\":\"https:\/\/product-guide.org\/#\/schema\/logo\/image\/\"}}]}<\/script>\n<!-- \/ Yoast SEO plugin. -->","yoast_head_json":{"title":"Kinderwagen MITZY schwarz | Kinderkraft | Product-Guide.org","description":"Kinderwagen MITZY schwarz | Kinderkraft gefunden von Product-Guide.org","robots":{"index":"index","follow":"follow","max-snippet":"max-snippet:-1","max-image-preview":"max-image-preview:large","max-video-preview":"max-video-preview:-1"},"canonical":"https:\/\/product-guide.org\/en\/produkt\/kinderwagen-mitzy-schwarz-kinderkraft\/","og_locale":"en_GB","og_type":"article","og_title":"Kinderwagen MITZY schwarz | Kinderkraft | Product-Guide.org","og_description":"Kinderwagen MITZY schwarz | Kinderkraft gefunden von Product-Guide.org","og_url":"https:\/\/product-guide.org\/en\/produkt\/kinderwagen-mitzy-schwarz-kinderkraft\/","og_site_name":"Product-Guide.org","article_modified_time":"2025-03-17T11:29:35+00:00","twitter_card":"summary_large_image","schema":{"@context":"https:\/\/schema.org","@graph":[{"@type":"WebPage","@id":"https:\/\/product-guide.org\/produkt\/kinderwagen-mitzy-schwarz-kinderkraft\/","url":"https:\/\/product-guide.org\/produkt\/kinderwagen-mitzy-schwarz-kinderkraft\/","name":"Kinderwagen MITZY schwarz | Kinderkraft | Product-Guide.org","isPartOf":{"@id":"https:\/\/product-guide.org\/#website"},"primaryImageOfPage":{"@id":"https:\/\/product-guide.org\/produkt\/kinderwagen-mitzy-schwarz-kinderkraft\/#primaryimage"},"image":{"@id":"https:\/\/product-guide.org\/produkt\/kinderwagen-mitzy-schwarz-kinderkraft\/#primaryimage"},"thumbnailUrl":"https:\/\/product-guide.org\/wp-content\/uploads\/2025\/03\/1a-mitzy-ink-black-5902533924370-pl_1.webp","datePublished":"2025-03-17T11:29:34+00:00","dateModified":"2025-03-17T11:29:35+00:00","description":"Kinderwagen MITZY schwarz | Kinderkraft gefunden von Product-Guide.org","breadcrumb":{"@id":"https:\/\/product-guide.org\/produkt\/kinderwagen-mitzy-schwarz-kinderkraft\/#breadcrumb"},"inLanguage":"en-GB","potentialAction":[{"@type":"ReadAction","target":["https:\/\/product-guide.org\/produkt\/kinderwagen-mitzy-schwarz-kinderkraft\/"]}]},{"@type":"ImageObject","inLanguage":"en-GB","@id":"https:\/\/product-guide.org\/produkt\/kinderwagen-mitzy-schwarz-kinderkraft\/#primaryimage","url":"https:\/\/product-guide.org\/wp-content\/uploads\/2025\/03\/1a-mitzy-ink-black-5902533924370-pl_1.webp","contentUrl":"https:\/\/product-guide.org\/wp-content\/uploads\/2025\/03\/1a-mitzy-ink-black-5902533924370-pl_1.webp","width":2000,"height":2000},{"@type":"BreadcrumbList","@id":"https:\/\/product-guide.org\/produkt\/kinderwagen-mitzy-schwarz-kinderkraft\/#breadcrumb","itemListElement":[{"@type":"ListItem","position":1,"name":"Home","item":"https:\/\/product-guide.org\/"},{"@type":"ListItem","position":2,"name":"Ergebnisse","item":"https:\/\/product-guide.org\/de\/ergebnisse\/"},{"@type":"ListItem","position":3,"name":"Kinderwagen MITZY schwarz | Kinderkraft"}]},{"@type":"WebSite","@id":"https:\/\/product-guide.org\/#website","url":"https:\/\/product-guide.org\/","name":"Product-Guide.org","description":"What Product are you looking for?","publisher":{"@id":"https:\/\/product-guide.org\/#organization"},"potentialAction":[{"@type":"SearchAction","target":{"@type":"EntryPoint","urlTemplate":"https:\/\/product-guide.org\/?s={search_term_string}"},"query-input":{"@type":"PropertyValueSpecification","valueRequired":true,"valueName":"search_term_string"}}],"inLanguage":"en-GB"},{"@type":"Organization","@id":"https:\/\/product-guide.org\/#organization","name":"Product-Guide.org","url":"https:\/\/product-guide.org\/","logo":{"@type":"ImageObject","inLanguage":"en-GB","@id":"https:\/\/product-guide.org\/#\/schema\/logo\/image\/","url":"https:\/\/product-guide.org\/wp-content\/uploads\/2022\/07\/logo_transparent_background.png","contentUrl":"https:\/\/product-guide.org\/wp-content\/uploads\/2022\/07\/logo_transparent_background.png","width":3400,"height":1132,"caption":"Product-Guide.org"},"image":{"@id":"https:\/\/product-guide.org\/#\/schema\/logo\/image\/"}}]}},"_links":{"self":[{"href":"https:\/\/product-guide.org\/en\/wp-json\/wp\/v2\/product\/55384","targetHints":{"allow":["GET"]}}],"collection":[{"href":"https:\/\/product-guide.org\/en\/wp-json\/wp\/v2\/product"}],"about":[{"href":"https:\/\/product-guide.org\/en\/wp-json\/wp\/v2\/types\/product"}],"wp:featuredmedia":[{"embeddable":true,"href":"https:\/\/product-guide.org\/en\/wp-json\/wp\/v2\/media\/55383"}],"wp:attachment":[{"href":"https:\/\/product-guide.org\/en\/wp-json\/wp\/v2\/media?parent=55384"}],"wp:term":[{"taxonomy":"store","embeddable":true,"href":"https:\/\/product-guide.org\/en\/wp-json\/wp\/v2\/store?post=55384"},{"taxonomy":"product_brand","embeddable":true,"href":"https:\/\/product-guide.org\/en\/wp-json\/wp\/v2\/product_brand?post=55384"},{"taxonomy":"product_cat","embeddable":true,"href":"https:\/\/product-guide.org\/en\/wp-json\/wp\/v2\/product_cat?post=55384"},{"taxonomy":"product_tag","embeddable":true,"href":"https:\/\/product-guide.org\/en\/wp-json\/wp\/v2\/product_tag?post=55384"}],"curies":[{"name":"wp","href":"https:\/\/api.w.org\/{rel}","templated":true}]}}