{"id":55404,"date":"2025-03-17T12:29:56","date_gmt":"2025-03-17T11:29:56","guid":{"rendered":"https:\/\/product-guide.org\/produkt\/kinderwagen-2in1-nea-schwarz-kinderkraft\/"},"modified":"2025-03-17T12:29:56","modified_gmt":"2025-03-17T11:29:56","slug":"kinderwagen-2in1-nea-schwarz-kinderkraft","status":"publish","type":"product","link":"https:\/\/product-guide.org\/en\/produkt\/kinderwagen-2in1-nea-schwarz-kinderkraft\/","title":{"rendered":"Kinderwagen 2in1 NEA schwarz | Kinderkraft"},"content":{"rendered":"<p>Lernen Sie den NEA kennen &#8211; einen 2-in-1-Kombikinderwagen, der durch sein elegantes Design, gute Man\u00f6vrierf\u00e4higkeit und hervorragende D\u00e4mpfung besticht.Die gro\u00dfen Reifen m\u00fcssen nicht gepumpt werden &#8211; dank ihnen kann NEA leicht einen hohen Bordstein oder Unebenheiten st\u00e4dtischer B\u00fcrgersteige \u00fcberwinden.Dieser Kinderwagen ist eine Antwort auf die Bed\u00fcrfnisse moderner Eltern, die nach einer gro\u00dfen Babywanne, einem Kinderwagen mit Schiebesitz und einer Vielzahl von Einstellungen suchen, mit denen Sie unterwegs leben k\u00f6nnen.Ein weiterer Vorteil von NEA ist eine Reihe von Zubeh\u00f6r und L\u00f6sungen, die das urbane Leben mit Kind erleichtern.Sie k\u00f6nnen den NEA Kinderwagen ganz einfach mit dem Sitz zusammenklappen, der in beide Richtungen gesteckt ist &#8211; Fahren Sie zu Besuch?Oder vielleicht in Urlaub?Ein paar Handgriffen und der Kinderwagen ist bereit!<\/p>\n","protected":false},"excerpt":{"rendered":"<p>Lernen Sie den NEA kennen &#8211; einen 2-in-1-Kombikinderwagen, der durch sein elegantes Design, gute Man\u00f6vrierf\u00e4higkeit und hervorragende D\u00e4mpfung besticht.Die gro\u00dfen Reifen m\u00fcssen nicht gepumpt werden &#8211; dank ihnen kann NEA leicht einen hohen Bordstein oder Unebenheiten st\u00e4dtischer B\u00fcrgersteige \u00fcberwinden.Dieser Kinderwagen ist eine Antwort auf die Bed\u00fcrfnisse moderner Eltern, die nach einer gro\u00dfen Babywanne, einem Kinderwagen [&hellip;]<\/p>\n","protected":false},"featured_media":55403,"template":"","meta":{"_gspb_post_css":""},"store":[],"product_brand":[1429],"product_cat":[1290],"product_tag":[],"class_list":{"0":"post-55404","1":"product","2":"type-product","3":"status-publish","4":"has-post-thumbnail","6":"product_brand-kinderkraft","7":"product_cat-uncategorized","9":"first","10":"instock","11":"shipping-taxable","12":"purchasable","13":"product-type-simple"},"yoast_head":"<!-- This site is optimized with the Yoast SEO plugin v24.6 - https:\/\/yoast.com\/wordpress\/plugins\/seo\/ -->\n<title>Kinderwagen 2in1 NEA schwarz | Kinderkraft | Product-Guide.org<\/title>\n<meta name=\"description\" content=\"Kinderwagen 2in1 NEA schwarz | Kinderkraft gefunden von Product-Guide.org\" \/>\n<meta name=\"robots\" content=\"index, follow, max-snippet:-1, max-image-preview:large, max-video-preview:-1\" \/>\n<link rel=\"canonical\" href=\"https:\/\/product-guide.org\/en\/produkt\/kinderwagen-2in1-nea-schwarz-kinderkraft\/\" \/>\n<meta property=\"og:locale\" content=\"en_GB\" \/>\n<meta property=\"og:type\" content=\"article\" \/>\n<meta property=\"og:title\" content=\"Kinderwagen 2in1 NEA schwarz | Kinderkraft | Product-Guide.org\" \/>\n<meta property=\"og:description\" content=\"Kinderwagen 2in1 NEA schwarz | Kinderkraft gefunden von Product-Guide.org\" \/>\n<meta property=\"og:url\" content=\"https:\/\/product-guide.org\/en\/produkt\/kinderwagen-2in1-nea-schwarz-kinderkraft\/\" \/>\n<meta property=\"og:site_name\" content=\"Product-Guide.org\" \/>\n<meta name=\"twitter:card\" content=\"summary_large_image\" \/>\n<script type=\"application\/ld+json\" class=\"yoast-schema-graph\">{\"@context\":\"https:\/\/schema.org\",\"@graph\":[{\"@type\":\"WebPage\",\"@id\":\"https:\/\/product-guide.org\/produkt\/kinderwagen-2in1-nea-schwarz-kinderkraft\/\",\"url\":\"https:\/\/product-guide.org\/produkt\/kinderwagen-2in1-nea-schwarz-kinderkraft\/\",\"name\":\"Kinderwagen 2in1 NEA schwarz | Kinderkraft | Product-Guide.org\",\"isPartOf\":{\"@id\":\"https:\/\/product-guide.org\/#website\"},\"primaryImageOfPage\":{\"@id\":\"https:\/\/product-guide.org\/produkt\/kinderwagen-2in1-nea-schwarz-kinderkraft\/#primaryimage\"},\"image\":{\"@id\":\"https:\/\/product-guide.org\/produkt\/kinderwagen-2in1-nea-schwarz-kinderkraft\/#primaryimage\"},\"thumbnailUrl\":\"https:\/\/product-guide.org\/wp-content\/uploads\/2025\/03\/nea-wozek-dzieciecy-2-w-1-gondola-spacerowka-czarny-kinderkraft.webp\",\"datePublished\":\"2025-03-17T11:29:56+00:00\",\"description\":\"Kinderwagen 2in1 NEA schwarz | Kinderkraft gefunden von Product-Guide.org\",\"breadcrumb\":{\"@id\":\"https:\/\/product-guide.org\/produkt\/kinderwagen-2in1-nea-schwarz-kinderkraft\/#breadcrumb\"},\"inLanguage\":\"en-GB\",\"potentialAction\":[{\"@type\":\"ReadAction\",\"target\":[\"https:\/\/product-guide.org\/produkt\/kinderwagen-2in1-nea-schwarz-kinderkraft\/\"]}]},{\"@type\":\"ImageObject\",\"inLanguage\":\"en-GB\",\"@id\":\"https:\/\/product-guide.org\/produkt\/kinderwagen-2in1-nea-schwarz-kinderkraft\/#primaryimage\",\"url\":\"https:\/\/product-guide.org\/wp-content\/uploads\/2025\/03\/nea-wozek-dzieciecy-2-w-1-gondola-spacerowka-czarny-kinderkraft.webp\",\"contentUrl\":\"https:\/\/product-guide.org\/wp-content\/uploads\/2025\/03\/nea-wozek-dzieciecy-2-w-1-gondola-spacerowka-czarny-kinderkraft.webp\",\"width\":1200,\"height\":1200},{\"@type\":\"BreadcrumbList\",\"@id\":\"https:\/\/product-guide.org\/produkt\/kinderwagen-2in1-nea-schwarz-kinderkraft\/#breadcrumb\",\"itemListElement\":[{\"@type\":\"ListItem\",\"position\":1,\"name\":\"Home\",\"item\":\"https:\/\/product-guide.org\/\"},{\"@type\":\"ListItem\",\"position\":2,\"name\":\"Ergebnisse\",\"item\":\"https:\/\/product-guide.org\/de\/ergebnisse\/\"},{\"@type\":\"ListItem\",\"position\":3,\"name\":\"Kinderwagen 2in1 NEA schwarz | Kinderkraft\"}]},{\"@type\":\"WebSite\",\"@id\":\"https:\/\/product-guide.org\/#website\",\"url\":\"https:\/\/product-guide.org\/\",\"name\":\"Product-Guide.org\",\"description\":\"What Product are you looking for?\",\"publisher\":{\"@id\":\"https:\/\/product-guide.org\/#organization\"},\"potentialAction\":[{\"@type\":\"SearchAction\",\"target\":{\"@type\":\"EntryPoint\",\"urlTemplate\":\"https:\/\/product-guide.org\/?s={search_term_string}\"},\"query-input\":{\"@type\":\"PropertyValueSpecification\",\"valueRequired\":true,\"valueName\":\"search_term_string\"}}],\"inLanguage\":\"en-GB\"},{\"@type\":\"Organization\",\"@id\":\"https:\/\/product-guide.org\/#organization\",\"name\":\"Product-Guide.org\",\"url\":\"https:\/\/product-guide.org\/\",\"logo\":{\"@type\":\"ImageObject\",\"inLanguage\":\"en-GB\",\"@id\":\"https:\/\/product-guide.org\/#\/schema\/logo\/image\/\",\"url\":\"https:\/\/product-guide.org\/wp-content\/uploads\/2022\/07\/logo_transparent_background.png\",\"contentUrl\":\"https:\/\/product-guide.org\/wp-content\/uploads\/2022\/07\/logo_transparent_background.png\",\"width\":3400,\"height\":1132,\"caption\":\"Product-Guide.org\"},\"image\":{\"@id\":\"https:\/\/product-guide.org\/#\/schema\/logo\/image\/\"}}]}<\/script>\n<!-- \/ Yoast SEO plugin. -->","yoast_head_json":{"title":"Kinderwagen 2in1 NEA schwarz | Kinderkraft | Product-Guide.org","description":"Kinderwagen 2in1 NEA schwarz | Kinderkraft gefunden von Product-Guide.org","robots":{"index":"index","follow":"follow","max-snippet":"max-snippet:-1","max-image-preview":"max-image-preview:large","max-video-preview":"max-video-preview:-1"},"canonical":"https:\/\/product-guide.org\/en\/produkt\/kinderwagen-2in1-nea-schwarz-kinderkraft\/","og_locale":"en_GB","og_type":"article","og_title":"Kinderwagen 2in1 NEA schwarz | Kinderkraft | Product-Guide.org","og_description":"Kinderwagen 2in1 NEA schwarz | Kinderkraft gefunden von Product-Guide.org","og_url":"https:\/\/product-guide.org\/en\/produkt\/kinderwagen-2in1-nea-schwarz-kinderkraft\/","og_site_name":"Product-Guide.org","twitter_card":"summary_large_image","schema":{"@context":"https:\/\/schema.org","@graph":[{"@type":"WebPage","@id":"https:\/\/product-guide.org\/produkt\/kinderwagen-2in1-nea-schwarz-kinderkraft\/","url":"https:\/\/product-guide.org\/produkt\/kinderwagen-2in1-nea-schwarz-kinderkraft\/","name":"Kinderwagen 2in1 NEA schwarz | Kinderkraft | Product-Guide.org","isPartOf":{"@id":"https:\/\/product-guide.org\/#website"},"primaryImageOfPage":{"@id":"https:\/\/product-guide.org\/produkt\/kinderwagen-2in1-nea-schwarz-kinderkraft\/#primaryimage"},"image":{"@id":"https:\/\/product-guide.org\/produkt\/kinderwagen-2in1-nea-schwarz-kinderkraft\/#primaryimage"},"thumbnailUrl":"https:\/\/product-guide.org\/wp-content\/uploads\/2025\/03\/nea-wozek-dzieciecy-2-w-1-gondola-spacerowka-czarny-kinderkraft.webp","datePublished":"2025-03-17T11:29:56+00:00","description":"Kinderwagen 2in1 NEA schwarz | Kinderkraft gefunden von Product-Guide.org","breadcrumb":{"@id":"https:\/\/product-guide.org\/produkt\/kinderwagen-2in1-nea-schwarz-kinderkraft\/#breadcrumb"},"inLanguage":"en-GB","potentialAction":[{"@type":"ReadAction","target":["https:\/\/product-guide.org\/produkt\/kinderwagen-2in1-nea-schwarz-kinderkraft\/"]}]},{"@type":"ImageObject","inLanguage":"en-GB","@id":"https:\/\/product-guide.org\/produkt\/kinderwagen-2in1-nea-schwarz-kinderkraft\/#primaryimage","url":"https:\/\/product-guide.org\/wp-content\/uploads\/2025\/03\/nea-wozek-dzieciecy-2-w-1-gondola-spacerowka-czarny-kinderkraft.webp","contentUrl":"https:\/\/product-guide.org\/wp-content\/uploads\/2025\/03\/nea-wozek-dzieciecy-2-w-1-gondola-spacerowka-czarny-kinderkraft.webp","width":1200,"height":1200},{"@type":"BreadcrumbList","@id":"https:\/\/product-guide.org\/produkt\/kinderwagen-2in1-nea-schwarz-kinderkraft\/#breadcrumb","itemListElement":[{"@type":"ListItem","position":1,"name":"Home","item":"https:\/\/product-guide.org\/"},{"@type":"ListItem","position":2,"name":"Ergebnisse","item":"https:\/\/product-guide.org\/de\/ergebnisse\/"},{"@type":"ListItem","position":3,"name":"Kinderwagen 2in1 NEA schwarz | Kinderkraft"}]},{"@type":"WebSite","@id":"https:\/\/product-guide.org\/#website","url":"https:\/\/product-guide.org\/","name":"Product-Guide.org","description":"What Product are you looking for?","publisher":{"@id":"https:\/\/product-guide.org\/#organization"},"potentialAction":[{"@type":"SearchAction","target":{"@type":"EntryPoint","urlTemplate":"https:\/\/product-guide.org\/?s={search_term_string}"},"query-input":{"@type":"PropertyValueSpecification","valueRequired":true,"valueName":"search_term_string"}}],"inLanguage":"en-GB"},{"@type":"Organization","@id":"https:\/\/product-guide.org\/#organization","name":"Product-Guide.org","url":"https:\/\/product-guide.org\/","logo":{"@type":"ImageObject","inLanguage":"en-GB","@id":"https:\/\/product-guide.org\/#\/schema\/logo\/image\/","url":"https:\/\/product-guide.org\/wp-content\/uploads\/2022\/07\/logo_transparent_background.png","contentUrl":"https:\/\/product-guide.org\/wp-content\/uploads\/2022\/07\/logo_transparent_background.png","width":3400,"height":1132,"caption":"Product-Guide.org"},"image":{"@id":"https:\/\/product-guide.org\/#\/schema\/logo\/image\/"}}]}},"_links":{"self":[{"href":"https:\/\/product-guide.org\/en\/wp-json\/wp\/v2\/product\/55404","targetHints":{"allow":["GET"]}}],"collection":[{"href":"https:\/\/product-guide.org\/en\/wp-json\/wp\/v2\/product"}],"about":[{"href":"https:\/\/product-guide.org\/en\/wp-json\/wp\/v2\/types\/product"}],"wp:featuredmedia":[{"embeddable":true,"href":"https:\/\/product-guide.org\/en\/wp-json\/wp\/v2\/media\/55403"}],"wp:attachment":[{"href":"https:\/\/product-guide.org\/en\/wp-json\/wp\/v2\/media?parent=55404"}],"wp:term":[{"taxonomy":"store","embeddable":true,"href":"https:\/\/product-guide.org\/en\/wp-json\/wp\/v2\/store?post=55404"},{"taxonomy":"product_brand","embeddable":true,"href":"https:\/\/product-guide.org\/en\/wp-json\/wp\/v2\/product_brand?post=55404"},{"taxonomy":"product_cat","embeddable":true,"href":"https:\/\/product-guide.org\/en\/wp-json\/wp\/v2\/product_cat?post=55404"},{"taxonomy":"product_tag","embeddable":true,"href":"https:\/\/product-guide.org\/en\/wp-json\/wp\/v2\/product_tag?post=55404"}],"curies":[{"name":"wp","href":"https:\/\/api.w.org\/{rel}","templated":true}]}}