{"id":55408,"date":"2025-03-17T12:30:01","date_gmt":"2025-03-17T11:30:01","guid":{"rendered":"https:\/\/product-guide.org\/produkt\/kinderwagen-nea-hellgrau-kinderkraft\/"},"modified":"2025-03-17T12:30:01","modified_gmt":"2025-03-17T11:30:01","slug":"kinderwagen-nea-hellgrau-kinderkraft","status":"publish","type":"product","link":"https:\/\/product-guide.org\/en\/produkt\/kinderwagen-nea-hellgrau-kinderkraft\/","title":{"rendered":"Kinderwagen NEA hellgrau | Kinderkraft"},"content":{"rendered":"<p>Der NEA-Kinderwagen wurde speziell f\u00fcr Stadtspazierg\u00e4nge entwickelt. Er hat gro\u00dfe R\u00e4der, die nicht aufgepumpt werden m\u00fcssen, und eine gute D\u00e4mpfung, so dass hohe Bordsteinkanten oder unebene B\u00fcrgersteige kein Hindernis f\u00fcr diesen Kinderwagen sind. Sie k\u00f6nnen den NEA leicht an Ihren Lebensstil anpassen. Zusammengeklappt steht der Kinderwagen auf eigenen F\u00fc\u00dfen und nimmt weniger Platz ein, z. B. in einem Caf\u00e9 oder Restaurant &#8211; der Kinderwagen l\u00e4sst sich zusammenklappen, wobei der Sitz auf beiden Seiten eingeklinkt wird, so dass er leichter mitgenommen werden kann. Die von oben dr\u00fcckende STOP &#038; RIDE-Bremse erm\u00f6glicht es Ihnen, den Wagen auch mit Schuhen zu bedienen. Sie k\u00f6nnen den Kinderwagen vor einem Fu\u00dfg\u00e4nger\u00fcberweg oder in einem Bus einfach abschlie\u00dfen. Er hat ein ausziehbares, wasserdichtes Verdeck mit UPF50+-Filter und eine Tasche im Stoff des Verdecks. Au\u00dferdem verf\u00fcgt er \u00fcber eine weiche Fu\u00dfst\u00fctze f\u00fcr \u00e4ltere Kinder, eine beidseitig abnehmbare Drehsperre und die M\u00f6glichkeit, einen Beinschutz anzubringen. Seine unglaubliche Wendigkeit und sein schlankes Design machen den NEA zum idealen Kinderwagen f\u00fcr Eltern, die in einem hektischen st\u00e4dtischen Umfeld leben.<\/p>\n","protected":false},"excerpt":{"rendered":"<p>Der NEA-Kinderwagen wurde speziell f\u00fcr Stadtspazierg\u00e4nge entwickelt. Er hat gro\u00dfe R\u00e4der, die nicht aufgepumpt werden m\u00fcssen, und eine gute D\u00e4mpfung, so dass hohe Bordsteinkanten oder unebene B\u00fcrgersteige kein Hindernis f\u00fcr diesen Kinderwagen sind. Sie k\u00f6nnen den NEA leicht an Ihren Lebensstil anpassen. Zusammengeklappt steht der Kinderwagen auf eigenen F\u00fc\u00dfen und nimmt weniger Platz ein, z. [&hellip;]<\/p>\n","protected":false},"featured_media":55407,"template":"","meta":{"_gspb_post_css":""},"store":[],"product_brand":[1429],"product_cat":[1290],"product_tag":[],"class_list":{"0":"post-55408","1":"product","2":"type-product","3":"status-publish","4":"has-post-thumbnail","6":"product_brand-kinderkraft","7":"product_cat-uncategorized","9":"first","10":"instock","11":"shipping-taxable","12":"purchasable","13":"product-type-simple"},"yoast_head":"<!-- This site is optimized with the Yoast SEO plugin v24.6 - https:\/\/yoast.com\/wordpress\/plugins\/seo\/ -->\n<title>Kinderwagen NEA hellgrau | Kinderkraft | Product-Guide.org<\/title>\n<meta name=\"description\" content=\"Kinderwagen NEA hellgrau | Kinderkraft gefunden von Product-Guide.org\" \/>\n<meta name=\"robots\" content=\"index, follow, max-snippet:-1, max-image-preview:large, max-video-preview:-1\" \/>\n<link rel=\"canonical\" href=\"https:\/\/product-guide.org\/en\/produkt\/kinderwagen-nea-hellgrau-kinderkraft\/\" \/>\n<meta property=\"og:locale\" content=\"en_GB\" \/>\n<meta property=\"og:type\" content=\"article\" \/>\n<meta property=\"og:title\" content=\"Kinderwagen NEA hellgrau | Kinderkraft | Product-Guide.org\" \/>\n<meta property=\"og:description\" content=\"Kinderwagen NEA hellgrau | Kinderkraft gefunden von Product-Guide.org\" \/>\n<meta property=\"og:url\" content=\"https:\/\/product-guide.org\/en\/produkt\/kinderwagen-nea-hellgrau-kinderkraft\/\" \/>\n<meta property=\"og:site_name\" content=\"Product-Guide.org\" \/>\n<meta name=\"twitter:card\" content=\"summary_large_image\" \/>\n<script type=\"application\/ld+json\" class=\"yoast-schema-graph\">{\"@context\":\"https:\/\/schema.org\",\"@graph\":[{\"@type\":\"WebPage\",\"@id\":\"https:\/\/product-guide.org\/produkt\/kinderwagen-nea-hellgrau-kinderkraft\/\",\"url\":\"https:\/\/product-guide.org\/produkt\/kinderwagen-nea-hellgrau-kinderkraft\/\",\"name\":\"Kinderwagen NEA hellgrau | Kinderkraft | Product-Guide.org\",\"isPartOf\":{\"@id\":\"https:\/\/product-guide.org\/#website\"},\"primaryImageOfPage\":{\"@id\":\"https:\/\/product-guide.org\/produkt\/kinderwagen-nea-hellgrau-kinderkraft\/#primaryimage\"},\"image\":{\"@id\":\"https:\/\/product-guide.org\/produkt\/kinderwagen-nea-hellgrau-kinderkraft\/#primaryimage\"},\"thumbnailUrl\":\"https:\/\/product-guide.org\/wp-content\/uploads\/2025\/03\/kinderkraft-nea-platinum_grey-5902533920198-1_1.webp\",\"datePublished\":\"2025-03-17T11:30:01+00:00\",\"description\":\"Kinderwagen NEA hellgrau | Kinderkraft gefunden von Product-Guide.org\",\"breadcrumb\":{\"@id\":\"https:\/\/product-guide.org\/produkt\/kinderwagen-nea-hellgrau-kinderkraft\/#breadcrumb\"},\"inLanguage\":\"en-GB\",\"potentialAction\":[{\"@type\":\"ReadAction\",\"target\":[\"https:\/\/product-guide.org\/produkt\/kinderwagen-nea-hellgrau-kinderkraft\/\"]}]},{\"@type\":\"ImageObject\",\"inLanguage\":\"en-GB\",\"@id\":\"https:\/\/product-guide.org\/produkt\/kinderwagen-nea-hellgrau-kinderkraft\/#primaryimage\",\"url\":\"https:\/\/product-guide.org\/wp-content\/uploads\/2025\/03\/kinderkraft-nea-platinum_grey-5902533920198-1_1.webp\",\"contentUrl\":\"https:\/\/product-guide.org\/wp-content\/uploads\/2025\/03\/kinderkraft-nea-platinum_grey-5902533920198-1_1.webp\",\"width\":1200,\"height\":1200},{\"@type\":\"BreadcrumbList\",\"@id\":\"https:\/\/product-guide.org\/produkt\/kinderwagen-nea-hellgrau-kinderkraft\/#breadcrumb\",\"itemListElement\":[{\"@type\":\"ListItem\",\"position\":1,\"name\":\"Home\",\"item\":\"https:\/\/product-guide.org\/\"},{\"@type\":\"ListItem\",\"position\":2,\"name\":\"Ergebnisse\",\"item\":\"https:\/\/product-guide.org\/de\/ergebnisse\/\"},{\"@type\":\"ListItem\",\"position\":3,\"name\":\"Kinderwagen NEA hellgrau | Kinderkraft\"}]},{\"@type\":\"WebSite\",\"@id\":\"https:\/\/product-guide.org\/#website\",\"url\":\"https:\/\/product-guide.org\/\",\"name\":\"Product-Guide.org\",\"description\":\"What Product are you looking for?\",\"publisher\":{\"@id\":\"https:\/\/product-guide.org\/#organization\"},\"potentialAction\":[{\"@type\":\"SearchAction\",\"target\":{\"@type\":\"EntryPoint\",\"urlTemplate\":\"https:\/\/product-guide.org\/?s={search_term_string}\"},\"query-input\":{\"@type\":\"PropertyValueSpecification\",\"valueRequired\":true,\"valueName\":\"search_term_string\"}}],\"inLanguage\":\"en-GB\"},{\"@type\":\"Organization\",\"@id\":\"https:\/\/product-guide.org\/#organization\",\"name\":\"Product-Guide.org\",\"url\":\"https:\/\/product-guide.org\/\",\"logo\":{\"@type\":\"ImageObject\",\"inLanguage\":\"en-GB\",\"@id\":\"https:\/\/product-guide.org\/#\/schema\/logo\/image\/\",\"url\":\"https:\/\/product-guide.org\/wp-content\/uploads\/2022\/07\/logo_transparent_background.png\",\"contentUrl\":\"https:\/\/product-guide.org\/wp-content\/uploads\/2022\/07\/logo_transparent_background.png\",\"width\":3400,\"height\":1132,\"caption\":\"Product-Guide.org\"},\"image\":{\"@id\":\"https:\/\/product-guide.org\/#\/schema\/logo\/image\/\"}}]}<\/script>\n<!-- \/ Yoast SEO plugin. -->","yoast_head_json":{"title":"Kinderwagen NEA hellgrau | Kinderkraft | Product-Guide.org","description":"Kinderwagen NEA hellgrau | Kinderkraft gefunden von Product-Guide.org","robots":{"index":"index","follow":"follow","max-snippet":"max-snippet:-1","max-image-preview":"max-image-preview:large","max-video-preview":"max-video-preview:-1"},"canonical":"https:\/\/product-guide.org\/en\/produkt\/kinderwagen-nea-hellgrau-kinderkraft\/","og_locale":"en_GB","og_type":"article","og_title":"Kinderwagen NEA hellgrau | Kinderkraft | Product-Guide.org","og_description":"Kinderwagen NEA hellgrau | Kinderkraft gefunden von Product-Guide.org","og_url":"https:\/\/product-guide.org\/en\/produkt\/kinderwagen-nea-hellgrau-kinderkraft\/","og_site_name":"Product-Guide.org","twitter_card":"summary_large_image","schema":{"@context":"https:\/\/schema.org","@graph":[{"@type":"WebPage","@id":"https:\/\/product-guide.org\/produkt\/kinderwagen-nea-hellgrau-kinderkraft\/","url":"https:\/\/product-guide.org\/produkt\/kinderwagen-nea-hellgrau-kinderkraft\/","name":"Kinderwagen NEA hellgrau | Kinderkraft | Product-Guide.org","isPartOf":{"@id":"https:\/\/product-guide.org\/#website"},"primaryImageOfPage":{"@id":"https:\/\/product-guide.org\/produkt\/kinderwagen-nea-hellgrau-kinderkraft\/#primaryimage"},"image":{"@id":"https:\/\/product-guide.org\/produkt\/kinderwagen-nea-hellgrau-kinderkraft\/#primaryimage"},"thumbnailUrl":"https:\/\/product-guide.org\/wp-content\/uploads\/2025\/03\/kinderkraft-nea-platinum_grey-5902533920198-1_1.webp","datePublished":"2025-03-17T11:30:01+00:00","description":"Kinderwagen NEA hellgrau | Kinderkraft gefunden von Product-Guide.org","breadcrumb":{"@id":"https:\/\/product-guide.org\/produkt\/kinderwagen-nea-hellgrau-kinderkraft\/#breadcrumb"},"inLanguage":"en-GB","potentialAction":[{"@type":"ReadAction","target":["https:\/\/product-guide.org\/produkt\/kinderwagen-nea-hellgrau-kinderkraft\/"]}]},{"@type":"ImageObject","inLanguage":"en-GB","@id":"https:\/\/product-guide.org\/produkt\/kinderwagen-nea-hellgrau-kinderkraft\/#primaryimage","url":"https:\/\/product-guide.org\/wp-content\/uploads\/2025\/03\/kinderkraft-nea-platinum_grey-5902533920198-1_1.webp","contentUrl":"https:\/\/product-guide.org\/wp-content\/uploads\/2025\/03\/kinderkraft-nea-platinum_grey-5902533920198-1_1.webp","width":1200,"height":1200},{"@type":"BreadcrumbList","@id":"https:\/\/product-guide.org\/produkt\/kinderwagen-nea-hellgrau-kinderkraft\/#breadcrumb","itemListElement":[{"@type":"ListItem","position":1,"name":"Home","item":"https:\/\/product-guide.org\/"},{"@type":"ListItem","position":2,"name":"Ergebnisse","item":"https:\/\/product-guide.org\/de\/ergebnisse\/"},{"@type":"ListItem","position":3,"name":"Kinderwagen NEA hellgrau | Kinderkraft"}]},{"@type":"WebSite","@id":"https:\/\/product-guide.org\/#website","url":"https:\/\/product-guide.org\/","name":"Product-Guide.org","description":"What Product are you looking for?","publisher":{"@id":"https:\/\/product-guide.org\/#organization"},"potentialAction":[{"@type":"SearchAction","target":{"@type":"EntryPoint","urlTemplate":"https:\/\/product-guide.org\/?s={search_term_string}"},"query-input":{"@type":"PropertyValueSpecification","valueRequired":true,"valueName":"search_term_string"}}],"inLanguage":"en-GB"},{"@type":"Organization","@id":"https:\/\/product-guide.org\/#organization","name":"Product-Guide.org","url":"https:\/\/product-guide.org\/","logo":{"@type":"ImageObject","inLanguage":"en-GB","@id":"https:\/\/product-guide.org\/#\/schema\/logo\/image\/","url":"https:\/\/product-guide.org\/wp-content\/uploads\/2022\/07\/logo_transparent_background.png","contentUrl":"https:\/\/product-guide.org\/wp-content\/uploads\/2022\/07\/logo_transparent_background.png","width":3400,"height":1132,"caption":"Product-Guide.org"},"image":{"@id":"https:\/\/product-guide.org\/#\/schema\/logo\/image\/"}}]}},"_links":{"self":[{"href":"https:\/\/product-guide.org\/en\/wp-json\/wp\/v2\/product\/55408","targetHints":{"allow":["GET"]}}],"collection":[{"href":"https:\/\/product-guide.org\/en\/wp-json\/wp\/v2\/product"}],"about":[{"href":"https:\/\/product-guide.org\/en\/wp-json\/wp\/v2\/types\/product"}],"wp:featuredmedia":[{"embeddable":true,"href":"https:\/\/product-guide.org\/en\/wp-json\/wp\/v2\/media\/55407"}],"wp:attachment":[{"href":"https:\/\/product-guide.org\/en\/wp-json\/wp\/v2\/media?parent=55408"}],"wp:term":[{"taxonomy":"store","embeddable":true,"href":"https:\/\/product-guide.org\/en\/wp-json\/wp\/v2\/store?post=55408"},{"taxonomy":"product_brand","embeddable":true,"href":"https:\/\/product-guide.org\/en\/wp-json\/wp\/v2\/product_brand?post=55408"},{"taxonomy":"product_cat","embeddable":true,"href":"https:\/\/product-guide.org\/en\/wp-json\/wp\/v2\/product_cat?post=55408"},{"taxonomy":"product_tag","embeddable":true,"href":"https:\/\/product-guide.org\/en\/wp-json\/wp\/v2\/product_tag?post=55408"}],"curies":[{"name":"wp","href":"https:\/\/api.w.org\/{rel}","templated":true}]}}