{"id":55416,"date":"2025-03-17T12:30:10","date_gmt":"2025-03-17T11:30:10","guid":{"rendered":"https:\/\/product-guide.org\/produkt\/kinderwagen-4in1-newly-beige-kinderkraft\/"},"modified":"2025-03-17T12:30:10","modified_gmt":"2025-03-17T11:30:10","slug":"kinderwagen-4in1-newly-beige-kinderkraft","status":"publish","type":"product","link":"https:\/\/product-guide.org\/en\/produkt\/kinderwagen-4in1-newly-beige-kinderkraft\/","title":{"rendered":"Kinderwagen 4in1 NEWLY beige | Kinderkraft"},"content":{"rendered":"<p>Das ist NEWLY &#8211; ein leichter 4 in 1-Kinderwagen f\u00fcr Kinder bis 22 kg, also bis ca. 4 Jare. Er wird mit seiner Leichtigkeit, Wendigkeit und Funktionalit\u00e4t Ihr Herz erohbern &#8211; er ist einer der leichtesten Kombikinderwagen-Modelle auf dem internationalen Markt! Mit einem Gewicht von 7,5 kg ist das Man\u00f6vrieren kinderleicht &#8211; auch in engen, \u00fcberf\u00fcllten Gassen. Der wandelbare 2 in 1-Sitz ist mit Sicherheit Ihre Aufmerksamkeit wert &#8211; Sie k\u00f6nnen den klassischen Kinderwagen ganz einfach in einen Buggy umwandeln. Die gro\u00dfen Reifen mit Sto\u00dfd\u00e4mpfung erleichtern Ihnen das Schieben des Kinderwagens auch auf unebenen Parkwegen. Der NEWLY 4 in 1-Kinderwagen l\u00e4sst sich mit dem angebrachten Sitz zusammenklappen &#8211; Sie ben\u00f6tigen nur einen Augenblick, um den Kinderwagen auf die Reise vorzubereiten. Er wurde f\u00fcrs Reisen geschaffen! Das Set setzt sich aus dem gro\u00dfen MINK PRO i-Size Kindersitz 40-75 cm mit Basisstation und universellen Adaptern zusammen. Sie erm\u00f6glichen es Ihnen, den Kindersitz am Rahmen des Kinderwagens zu befestigen, und so das TRAVEL SYSTEM zu erhalten. Nehmen Sie den Kindersitz aus der Basisstation und bringen Sie ihn am Kinderwagen an, um mit Ihrem Kind neue Abenteuer zu erleben! Neben dem ger\u00e4umigen Korb unter dem Sitz ist NEWLY mit weiterem Zubeh\u00f6r ausgestattet, das Spazierg\u00e4nge unvergesslich macht &#8211; einem Fu\u00dfsack und Regenschutz.<\/p>\n","protected":false},"excerpt":{"rendered":"<p>Das ist NEWLY &#8211; ein leichter 4 in 1-Kinderwagen f\u00fcr Kinder bis 22 kg, also bis ca. 4 Jare. Er wird mit seiner Leichtigkeit, Wendigkeit und Funktionalit\u00e4t Ihr Herz erohbern &#8211; er ist einer der leichtesten Kombikinderwagen-Modelle auf dem internationalen Markt! Mit einem Gewicht von 7,5 kg ist das Man\u00f6vrieren kinderleicht &#8211; auch in engen, [&hellip;]<\/p>\n","protected":false},"featured_media":55415,"template":"","meta":{"_gspb_post_css":""},"store":[],"product_brand":[1429],"product_cat":[1290],"product_tag":[],"class_list":{"0":"post-55416","1":"product","2":"type-product","3":"status-publish","4":"has-post-thumbnail","6":"product_brand-kinderkraft","7":"product_cat-uncategorized","9":"first","10":"instock","11":"shipping-taxable","12":"purchasable","13":"product-type-simple"},"yoast_head":"<!-- This site is optimized with the Yoast SEO plugin v24.6 - https:\/\/yoast.com\/wordpress\/plugins\/seo\/ -->\n<title>Kinderwagen 4in1 NEWLY beige | Kinderkraft | Product-Guide.org<\/title>\n<meta name=\"description\" content=\"Kinderwagen 4in1 NEWLY beige | Kinderkraft gefunden von Product-Guide.org\" \/>\n<meta name=\"robots\" content=\"index, follow, max-snippet:-1, max-image-preview:large, max-video-preview:-1\" \/>\n<link rel=\"canonical\" href=\"https:\/\/product-guide.org\/en\/produkt\/kinderwagen-4in1-newly-beige-kinderkraft\/\" \/>\n<meta property=\"og:locale\" content=\"en_GB\" \/>\n<meta property=\"og:type\" content=\"article\" \/>\n<meta property=\"og:title\" content=\"Kinderwagen 4in1 NEWLY beige | Kinderkraft | Product-Guide.org\" \/>\n<meta property=\"og:description\" content=\"Kinderwagen 4in1 NEWLY beige | Kinderkraft gefunden von Product-Guide.org\" \/>\n<meta property=\"og:url\" content=\"https:\/\/product-guide.org\/en\/produkt\/kinderwagen-4in1-newly-beige-kinderkraft\/\" \/>\n<meta property=\"og:site_name\" content=\"Product-Guide.org\" \/>\n<meta name=\"twitter:card\" content=\"summary_large_image\" \/>\n<script type=\"application\/ld+json\" class=\"yoast-schema-graph\">{\"@context\":\"https:\/\/schema.org\",\"@graph\":[{\"@type\":\"WebPage\",\"@id\":\"https:\/\/product-guide.org\/produkt\/kinderwagen-4in1-newly-beige-kinderkraft\/\",\"url\":\"https:\/\/product-guide.org\/produkt\/kinderwagen-4in1-newly-beige-kinderkraft\/\",\"name\":\"Kinderwagen 4in1 NEWLY beige | Kinderkraft | Product-Guide.org\",\"isPartOf\":{\"@id\":\"https:\/\/product-guide.org\/#website\"},\"primaryImageOfPage\":{\"@id\":\"https:\/\/product-guide.org\/produkt\/kinderwagen-4in1-newly-beige-kinderkraft\/#primaryimage\"},\"image\":{\"@id\":\"https:\/\/product-guide.org\/produkt\/kinderwagen-4in1-newly-beige-kinderkraft\/#primaryimage\"},\"thumbnailUrl\":\"https:\/\/product-guide.org\/wp-content\/uploads\/2025\/03\/1-kk-newly-pro-beige-ps.webp\",\"datePublished\":\"2025-03-17T11:30:10+00:00\",\"description\":\"Kinderwagen 4in1 NEWLY beige | Kinderkraft gefunden von Product-Guide.org\",\"breadcrumb\":{\"@id\":\"https:\/\/product-guide.org\/produkt\/kinderwagen-4in1-newly-beige-kinderkraft\/#breadcrumb\"},\"inLanguage\":\"en-GB\",\"potentialAction\":[{\"@type\":\"ReadAction\",\"target\":[\"https:\/\/product-guide.org\/produkt\/kinderwagen-4in1-newly-beige-kinderkraft\/\"]}]},{\"@type\":\"ImageObject\",\"inLanguage\":\"en-GB\",\"@id\":\"https:\/\/product-guide.org\/produkt\/kinderwagen-4in1-newly-beige-kinderkraft\/#primaryimage\",\"url\":\"https:\/\/product-guide.org\/wp-content\/uploads\/2025\/03\/1-kk-newly-pro-beige-ps.webp\",\"contentUrl\":\"https:\/\/product-guide.org\/wp-content\/uploads\/2025\/03\/1-kk-newly-pro-beige-ps.webp\",\"width\":1200,\"height\":1200},{\"@type\":\"BreadcrumbList\",\"@id\":\"https:\/\/product-guide.org\/produkt\/kinderwagen-4in1-newly-beige-kinderkraft\/#breadcrumb\",\"itemListElement\":[{\"@type\":\"ListItem\",\"position\":1,\"name\":\"Home\",\"item\":\"https:\/\/product-guide.org\/\"},{\"@type\":\"ListItem\",\"position\":2,\"name\":\"Ergebnisse\",\"item\":\"https:\/\/product-guide.org\/de\/ergebnisse\/\"},{\"@type\":\"ListItem\",\"position\":3,\"name\":\"Kinderwagen 4in1 NEWLY beige | Kinderkraft\"}]},{\"@type\":\"WebSite\",\"@id\":\"https:\/\/product-guide.org\/#website\",\"url\":\"https:\/\/product-guide.org\/\",\"name\":\"Product-Guide.org\",\"description\":\"What Product are you looking for?\",\"publisher\":{\"@id\":\"https:\/\/product-guide.org\/#organization\"},\"potentialAction\":[{\"@type\":\"SearchAction\",\"target\":{\"@type\":\"EntryPoint\",\"urlTemplate\":\"https:\/\/product-guide.org\/?s={search_term_string}\"},\"query-input\":{\"@type\":\"PropertyValueSpecification\",\"valueRequired\":true,\"valueName\":\"search_term_string\"}}],\"inLanguage\":\"en-GB\"},{\"@type\":\"Organization\",\"@id\":\"https:\/\/product-guide.org\/#organization\",\"name\":\"Product-Guide.org\",\"url\":\"https:\/\/product-guide.org\/\",\"logo\":{\"@type\":\"ImageObject\",\"inLanguage\":\"en-GB\",\"@id\":\"https:\/\/product-guide.org\/#\/schema\/logo\/image\/\",\"url\":\"https:\/\/product-guide.org\/wp-content\/uploads\/2022\/07\/logo_transparent_background.png\",\"contentUrl\":\"https:\/\/product-guide.org\/wp-content\/uploads\/2022\/07\/logo_transparent_background.png\",\"width\":3400,\"height\":1132,\"caption\":\"Product-Guide.org\"},\"image\":{\"@id\":\"https:\/\/product-guide.org\/#\/schema\/logo\/image\/\"}}]}<\/script>\n<!-- \/ Yoast SEO plugin. -->","yoast_head_json":{"title":"Kinderwagen 4in1 NEWLY beige | Kinderkraft | Product-Guide.org","description":"Kinderwagen 4in1 NEWLY beige | Kinderkraft gefunden von Product-Guide.org","robots":{"index":"index","follow":"follow","max-snippet":"max-snippet:-1","max-image-preview":"max-image-preview:large","max-video-preview":"max-video-preview:-1"},"canonical":"https:\/\/product-guide.org\/en\/produkt\/kinderwagen-4in1-newly-beige-kinderkraft\/","og_locale":"en_GB","og_type":"article","og_title":"Kinderwagen 4in1 NEWLY beige | Kinderkraft | Product-Guide.org","og_description":"Kinderwagen 4in1 NEWLY beige | Kinderkraft gefunden von Product-Guide.org","og_url":"https:\/\/product-guide.org\/en\/produkt\/kinderwagen-4in1-newly-beige-kinderkraft\/","og_site_name":"Product-Guide.org","twitter_card":"summary_large_image","schema":{"@context":"https:\/\/schema.org","@graph":[{"@type":"WebPage","@id":"https:\/\/product-guide.org\/produkt\/kinderwagen-4in1-newly-beige-kinderkraft\/","url":"https:\/\/product-guide.org\/produkt\/kinderwagen-4in1-newly-beige-kinderkraft\/","name":"Kinderwagen 4in1 NEWLY beige | Kinderkraft | Product-Guide.org","isPartOf":{"@id":"https:\/\/product-guide.org\/#website"},"primaryImageOfPage":{"@id":"https:\/\/product-guide.org\/produkt\/kinderwagen-4in1-newly-beige-kinderkraft\/#primaryimage"},"image":{"@id":"https:\/\/product-guide.org\/produkt\/kinderwagen-4in1-newly-beige-kinderkraft\/#primaryimage"},"thumbnailUrl":"https:\/\/product-guide.org\/wp-content\/uploads\/2025\/03\/1-kk-newly-pro-beige-ps.webp","datePublished":"2025-03-17T11:30:10+00:00","description":"Kinderwagen 4in1 NEWLY beige | Kinderkraft gefunden von Product-Guide.org","breadcrumb":{"@id":"https:\/\/product-guide.org\/produkt\/kinderwagen-4in1-newly-beige-kinderkraft\/#breadcrumb"},"inLanguage":"en-GB","potentialAction":[{"@type":"ReadAction","target":["https:\/\/product-guide.org\/produkt\/kinderwagen-4in1-newly-beige-kinderkraft\/"]}]},{"@type":"ImageObject","inLanguage":"en-GB","@id":"https:\/\/product-guide.org\/produkt\/kinderwagen-4in1-newly-beige-kinderkraft\/#primaryimage","url":"https:\/\/product-guide.org\/wp-content\/uploads\/2025\/03\/1-kk-newly-pro-beige-ps.webp","contentUrl":"https:\/\/product-guide.org\/wp-content\/uploads\/2025\/03\/1-kk-newly-pro-beige-ps.webp","width":1200,"height":1200},{"@type":"BreadcrumbList","@id":"https:\/\/product-guide.org\/produkt\/kinderwagen-4in1-newly-beige-kinderkraft\/#breadcrumb","itemListElement":[{"@type":"ListItem","position":1,"name":"Home","item":"https:\/\/product-guide.org\/"},{"@type":"ListItem","position":2,"name":"Ergebnisse","item":"https:\/\/product-guide.org\/de\/ergebnisse\/"},{"@type":"ListItem","position":3,"name":"Kinderwagen 4in1 NEWLY beige | Kinderkraft"}]},{"@type":"WebSite","@id":"https:\/\/product-guide.org\/#website","url":"https:\/\/product-guide.org\/","name":"Product-Guide.org","description":"What Product are you looking for?","publisher":{"@id":"https:\/\/product-guide.org\/#organization"},"potentialAction":[{"@type":"SearchAction","target":{"@type":"EntryPoint","urlTemplate":"https:\/\/product-guide.org\/?s={search_term_string}"},"query-input":{"@type":"PropertyValueSpecification","valueRequired":true,"valueName":"search_term_string"}}],"inLanguage":"en-GB"},{"@type":"Organization","@id":"https:\/\/product-guide.org\/#organization","name":"Product-Guide.org","url":"https:\/\/product-guide.org\/","logo":{"@type":"ImageObject","inLanguage":"en-GB","@id":"https:\/\/product-guide.org\/#\/schema\/logo\/image\/","url":"https:\/\/product-guide.org\/wp-content\/uploads\/2022\/07\/logo_transparent_background.png","contentUrl":"https:\/\/product-guide.org\/wp-content\/uploads\/2022\/07\/logo_transparent_background.png","width":3400,"height":1132,"caption":"Product-Guide.org"},"image":{"@id":"https:\/\/product-guide.org\/#\/schema\/logo\/image\/"}}]}},"_links":{"self":[{"href":"https:\/\/product-guide.org\/en\/wp-json\/wp\/v2\/product\/55416","targetHints":{"allow":["GET"]}}],"collection":[{"href":"https:\/\/product-guide.org\/en\/wp-json\/wp\/v2\/product"}],"about":[{"href":"https:\/\/product-guide.org\/en\/wp-json\/wp\/v2\/types\/product"}],"wp:featuredmedia":[{"embeddable":true,"href":"https:\/\/product-guide.org\/en\/wp-json\/wp\/v2\/media\/55415"}],"wp:attachment":[{"href":"https:\/\/product-guide.org\/en\/wp-json\/wp\/v2\/media?parent=55416"}],"wp:term":[{"taxonomy":"store","embeddable":true,"href":"https:\/\/product-guide.org\/en\/wp-json\/wp\/v2\/store?post=55416"},{"taxonomy":"product_brand","embeddable":true,"href":"https:\/\/product-guide.org\/en\/wp-json\/wp\/v2\/product_brand?post=55416"},{"taxonomy":"product_cat","embeddable":true,"href":"https:\/\/product-guide.org\/en\/wp-json\/wp\/v2\/product_cat?post=55416"},{"taxonomy":"product_tag","embeddable":true,"href":"https:\/\/product-guide.org\/en\/wp-json\/wp\/v2\/product_tag?post=55416"}],"curies":[{"name":"wp","href":"https:\/\/api.w.org\/{rel}","templated":true}]}}