{"id":55432,"date":"2025-03-17T12:30:30","date_gmt":"2025-03-17T11:30:30","guid":{"rendered":"https:\/\/product-guide.org\/produkt\/kinderwagen-2in1-prime-2-beige-kinderkraft\/"},"modified":"2025-03-17T12:30:31","modified_gmt":"2025-03-17T11:30:31","slug":"kinderwagen-2in1-prime-2-beige-kinderkraft","status":"publish","type":"product","link":"https:\/\/product-guide.org\/en\/produkt\/kinderwagen-2in1-prime-2-beige-kinderkraft\/","title":{"rendered":"Kinderwagen 2in1 PRIME 2 beige | Kinderkraft"},"content":{"rendered":"<p>Hier ist der PRIME 2 &#8211; ein 2-in-1-Kombikinderwagen f\u00fcr Kinder von der Geburt bis zu 22 kg. F\u00fcr Neugeborene wurde eine gro\u00dfe, bequeme Babywanne mit einer weichen Matratze und einem verstellbaren Boden entwickelt, um das Laufen bequemer zu machen &#8211; besonders wenn das Baby spuckt. F\u00fcr gr\u00f6\u00dfere Kinder hingegen gibt es einen gro\u00dfen Kinderwagensitz, der sich in R\u00fcckenlehne und Fu\u00dfst\u00fctze vielf\u00e4ltig verstellen l\u00e4sst. Sie k\u00f6nnen vorw\u00e4rts oder r\u00fcckw\u00e4rts eingeklinkt werden. Der 2-in-1-Kinderwagen PRIME 2 verf\u00fcgt \u00fcber ein 4-Reifen mit D\u00e4mpfung und ein gefedertes Rahmen, so dass Ihr Kind sowohl auf Schotterwegen als auch auf holprigem Kopfsteinpflaster sicher unterwegs ist. Die Babywanne kann abgenommen und mit nach Hause genommen werden, da sie der Norm EN 1466 entspricht. Dar\u00fcber hinaus erwartet die Eltern eine Reihe von n\u00fctzlichem Zubeh\u00f6r.<\/p>\n","protected":false},"excerpt":{"rendered":"<p>Hier ist der PRIME 2 &#8211; ein 2-in-1-Kombikinderwagen f\u00fcr Kinder von der Geburt bis zu 22 kg. F\u00fcr Neugeborene wurde eine gro\u00dfe, bequeme Babywanne mit einer weichen Matratze und einem verstellbaren Boden entwickelt, um das Laufen bequemer zu machen &#8211; besonders wenn das Baby spuckt. F\u00fcr gr\u00f6\u00dfere Kinder hingegen gibt es einen gro\u00dfen Kinderwagensitz, der [&hellip;]<\/p>\n","protected":false},"featured_media":55431,"template":"","meta":{"_gspb_post_css":""},"store":[],"product_brand":[1429],"product_cat":[1290],"product_tag":[],"class_list":{"0":"post-55432","1":"product","2":"type-product","3":"status-publish","4":"has-post-thumbnail","6":"product_brand-kinderkraft","7":"product_cat-uncategorized","9":"first","10":"instock","11":"shipping-taxable","12":"purchasable","13":"product-type-simple"},"yoast_head":"<!-- This site is optimized with the Yoast SEO plugin v24.6 - https:\/\/yoast.com\/wordpress\/plugins\/seo\/ -->\n<title>Kinderwagen 2in1 PRIME 2 beige | Kinderkraft | Product-Guide.org<\/title>\n<meta name=\"description\" content=\"Kinderwagen 2in1 PRIME 2 beige | Kinderkraft gefunden von Product-Guide.org\" \/>\n<meta name=\"robots\" content=\"index, follow, max-snippet:-1, max-image-preview:large, max-video-preview:-1\" \/>\n<link rel=\"canonical\" href=\"https:\/\/product-guide.org\/en\/produkt\/kinderwagen-2in1-prime-2-beige-kinderkraft\/\" \/>\n<meta property=\"og:locale\" content=\"en_GB\" \/>\n<meta property=\"og:type\" content=\"article\" \/>\n<meta property=\"og:title\" content=\"Kinderwagen 2in1 PRIME 2 beige | Kinderkraft | Product-Guide.org\" \/>\n<meta property=\"og:description\" content=\"Kinderwagen 2in1 PRIME 2 beige | Kinderkraft gefunden von Product-Guide.org\" \/>\n<meta property=\"og:url\" content=\"https:\/\/product-guide.org\/en\/produkt\/kinderwagen-2in1-prime-2-beige-kinderkraft\/\" \/>\n<meta property=\"og:site_name\" content=\"Product-Guide.org\" \/>\n<meta property=\"article:modified_time\" content=\"2025-03-17T11:30:31+00:00\" \/>\n<meta name=\"twitter:card\" content=\"summary_large_image\" \/>\n<script type=\"application\/ld+json\" class=\"yoast-schema-graph\">{\"@context\":\"https:\/\/schema.org\",\"@graph\":[{\"@type\":\"WebPage\",\"@id\":\"https:\/\/product-guide.org\/produkt\/kinderwagen-2in1-prime-2-beige-kinderkraft\/\",\"url\":\"https:\/\/product-guide.org\/produkt\/kinderwagen-2in1-prime-2-beige-kinderkraft\/\",\"name\":\"Kinderwagen 2in1 PRIME 2 beige | Kinderkraft | Product-Guide.org\",\"isPartOf\":{\"@id\":\"https:\/\/product-guide.org\/#website\"},\"primaryImageOfPage\":{\"@id\":\"https:\/\/product-guide.org\/produkt\/kinderwagen-2in1-prime-2-beige-kinderkraft\/#primaryimage\"},\"image\":{\"@id\":\"https:\/\/product-guide.org\/produkt\/kinderwagen-2in1-prime-2-beige-kinderkraft\/#primaryimage\"},\"thumbnailUrl\":\"https:\/\/product-guide.org\/wp-content\/uploads\/2025\/03\/1pl-wozek-2w1-prime-2-bezowy.webp\",\"datePublished\":\"2025-03-17T11:30:30+00:00\",\"dateModified\":\"2025-03-17T11:30:31+00:00\",\"description\":\"Kinderwagen 2in1 PRIME 2 beige | Kinderkraft gefunden von Product-Guide.org\",\"breadcrumb\":{\"@id\":\"https:\/\/product-guide.org\/produkt\/kinderwagen-2in1-prime-2-beige-kinderkraft\/#breadcrumb\"},\"inLanguage\":\"en-GB\",\"potentialAction\":[{\"@type\":\"ReadAction\",\"target\":[\"https:\/\/product-guide.org\/produkt\/kinderwagen-2in1-prime-2-beige-kinderkraft\/\"]}]},{\"@type\":\"ImageObject\",\"inLanguage\":\"en-GB\",\"@id\":\"https:\/\/product-guide.org\/produkt\/kinderwagen-2in1-prime-2-beige-kinderkraft\/#primaryimage\",\"url\":\"https:\/\/product-guide.org\/wp-content\/uploads\/2025\/03\/1pl-wozek-2w1-prime-2-bezowy.webp\",\"contentUrl\":\"https:\/\/product-guide.org\/wp-content\/uploads\/2025\/03\/1pl-wozek-2w1-prime-2-bezowy.webp\",\"width\":1200,\"height\":1200},{\"@type\":\"BreadcrumbList\",\"@id\":\"https:\/\/product-guide.org\/produkt\/kinderwagen-2in1-prime-2-beige-kinderkraft\/#breadcrumb\",\"itemListElement\":[{\"@type\":\"ListItem\",\"position\":1,\"name\":\"Home\",\"item\":\"https:\/\/product-guide.org\/\"},{\"@type\":\"ListItem\",\"position\":2,\"name\":\"Ergebnisse\",\"item\":\"https:\/\/product-guide.org\/de\/ergebnisse\/\"},{\"@type\":\"ListItem\",\"position\":3,\"name\":\"Kinderwagen 2in1 PRIME 2 beige | Kinderkraft\"}]},{\"@type\":\"WebSite\",\"@id\":\"https:\/\/product-guide.org\/#website\",\"url\":\"https:\/\/product-guide.org\/\",\"name\":\"Product-Guide.org\",\"description\":\"What Product are you looking for?\",\"publisher\":{\"@id\":\"https:\/\/product-guide.org\/#organization\"},\"potentialAction\":[{\"@type\":\"SearchAction\",\"target\":{\"@type\":\"EntryPoint\",\"urlTemplate\":\"https:\/\/product-guide.org\/?s={search_term_string}\"},\"query-input\":{\"@type\":\"PropertyValueSpecification\",\"valueRequired\":true,\"valueName\":\"search_term_string\"}}],\"inLanguage\":\"en-GB\"},{\"@type\":\"Organization\",\"@id\":\"https:\/\/product-guide.org\/#organization\",\"name\":\"Product-Guide.org\",\"url\":\"https:\/\/product-guide.org\/\",\"logo\":{\"@type\":\"ImageObject\",\"inLanguage\":\"en-GB\",\"@id\":\"https:\/\/product-guide.org\/#\/schema\/logo\/image\/\",\"url\":\"https:\/\/product-guide.org\/wp-content\/uploads\/2022\/07\/logo_transparent_background.png\",\"contentUrl\":\"https:\/\/product-guide.org\/wp-content\/uploads\/2022\/07\/logo_transparent_background.png\",\"width\":3400,\"height\":1132,\"caption\":\"Product-Guide.org\"},\"image\":{\"@id\":\"https:\/\/product-guide.org\/#\/schema\/logo\/image\/\"}}]}<\/script>\n<!-- \/ Yoast SEO plugin. -->","yoast_head_json":{"title":"Kinderwagen 2in1 PRIME 2 beige | Kinderkraft | Product-Guide.org","description":"Kinderwagen 2in1 PRIME 2 beige | Kinderkraft gefunden von Product-Guide.org","robots":{"index":"index","follow":"follow","max-snippet":"max-snippet:-1","max-image-preview":"max-image-preview:large","max-video-preview":"max-video-preview:-1"},"canonical":"https:\/\/product-guide.org\/en\/produkt\/kinderwagen-2in1-prime-2-beige-kinderkraft\/","og_locale":"en_GB","og_type":"article","og_title":"Kinderwagen 2in1 PRIME 2 beige | Kinderkraft | Product-Guide.org","og_description":"Kinderwagen 2in1 PRIME 2 beige | Kinderkraft gefunden von Product-Guide.org","og_url":"https:\/\/product-guide.org\/en\/produkt\/kinderwagen-2in1-prime-2-beige-kinderkraft\/","og_site_name":"Product-Guide.org","article_modified_time":"2025-03-17T11:30:31+00:00","twitter_card":"summary_large_image","schema":{"@context":"https:\/\/schema.org","@graph":[{"@type":"WebPage","@id":"https:\/\/product-guide.org\/produkt\/kinderwagen-2in1-prime-2-beige-kinderkraft\/","url":"https:\/\/product-guide.org\/produkt\/kinderwagen-2in1-prime-2-beige-kinderkraft\/","name":"Kinderwagen 2in1 PRIME 2 beige | Kinderkraft | Product-Guide.org","isPartOf":{"@id":"https:\/\/product-guide.org\/#website"},"primaryImageOfPage":{"@id":"https:\/\/product-guide.org\/produkt\/kinderwagen-2in1-prime-2-beige-kinderkraft\/#primaryimage"},"image":{"@id":"https:\/\/product-guide.org\/produkt\/kinderwagen-2in1-prime-2-beige-kinderkraft\/#primaryimage"},"thumbnailUrl":"https:\/\/product-guide.org\/wp-content\/uploads\/2025\/03\/1pl-wozek-2w1-prime-2-bezowy.webp","datePublished":"2025-03-17T11:30:30+00:00","dateModified":"2025-03-17T11:30:31+00:00","description":"Kinderwagen 2in1 PRIME 2 beige | Kinderkraft gefunden von Product-Guide.org","breadcrumb":{"@id":"https:\/\/product-guide.org\/produkt\/kinderwagen-2in1-prime-2-beige-kinderkraft\/#breadcrumb"},"inLanguage":"en-GB","potentialAction":[{"@type":"ReadAction","target":["https:\/\/product-guide.org\/produkt\/kinderwagen-2in1-prime-2-beige-kinderkraft\/"]}]},{"@type":"ImageObject","inLanguage":"en-GB","@id":"https:\/\/product-guide.org\/produkt\/kinderwagen-2in1-prime-2-beige-kinderkraft\/#primaryimage","url":"https:\/\/product-guide.org\/wp-content\/uploads\/2025\/03\/1pl-wozek-2w1-prime-2-bezowy.webp","contentUrl":"https:\/\/product-guide.org\/wp-content\/uploads\/2025\/03\/1pl-wozek-2w1-prime-2-bezowy.webp","width":1200,"height":1200},{"@type":"BreadcrumbList","@id":"https:\/\/product-guide.org\/produkt\/kinderwagen-2in1-prime-2-beige-kinderkraft\/#breadcrumb","itemListElement":[{"@type":"ListItem","position":1,"name":"Home","item":"https:\/\/product-guide.org\/"},{"@type":"ListItem","position":2,"name":"Ergebnisse","item":"https:\/\/product-guide.org\/de\/ergebnisse\/"},{"@type":"ListItem","position":3,"name":"Kinderwagen 2in1 PRIME 2 beige | Kinderkraft"}]},{"@type":"WebSite","@id":"https:\/\/product-guide.org\/#website","url":"https:\/\/product-guide.org\/","name":"Product-Guide.org","description":"What Product are you looking for?","publisher":{"@id":"https:\/\/product-guide.org\/#organization"},"potentialAction":[{"@type":"SearchAction","target":{"@type":"EntryPoint","urlTemplate":"https:\/\/product-guide.org\/?s={search_term_string}"},"query-input":{"@type":"PropertyValueSpecification","valueRequired":true,"valueName":"search_term_string"}}],"inLanguage":"en-GB"},{"@type":"Organization","@id":"https:\/\/product-guide.org\/#organization","name":"Product-Guide.org","url":"https:\/\/product-guide.org\/","logo":{"@type":"ImageObject","inLanguage":"en-GB","@id":"https:\/\/product-guide.org\/#\/schema\/logo\/image\/","url":"https:\/\/product-guide.org\/wp-content\/uploads\/2022\/07\/logo_transparent_background.png","contentUrl":"https:\/\/product-guide.org\/wp-content\/uploads\/2022\/07\/logo_transparent_background.png","width":3400,"height":1132,"caption":"Product-Guide.org"},"image":{"@id":"https:\/\/product-guide.org\/#\/schema\/logo\/image\/"}}]}},"_links":{"self":[{"href":"https:\/\/product-guide.org\/en\/wp-json\/wp\/v2\/product\/55432","targetHints":{"allow":["GET"]}}],"collection":[{"href":"https:\/\/product-guide.org\/en\/wp-json\/wp\/v2\/product"}],"about":[{"href":"https:\/\/product-guide.org\/en\/wp-json\/wp\/v2\/types\/product"}],"wp:featuredmedia":[{"embeddable":true,"href":"https:\/\/product-guide.org\/en\/wp-json\/wp\/v2\/media\/55431"}],"wp:attachment":[{"href":"https:\/\/product-guide.org\/en\/wp-json\/wp\/v2\/media?parent=55432"}],"wp:term":[{"taxonomy":"store","embeddable":true,"href":"https:\/\/product-guide.org\/en\/wp-json\/wp\/v2\/store?post=55432"},{"taxonomy":"product_brand","embeddable":true,"href":"https:\/\/product-guide.org\/en\/wp-json\/wp\/v2\/product_brand?post=55432"},{"taxonomy":"product_cat","embeddable":true,"href":"https:\/\/product-guide.org\/en\/wp-json\/wp\/v2\/product_cat?post=55432"},{"taxonomy":"product_tag","embeddable":true,"href":"https:\/\/product-guide.org\/en\/wp-json\/wp\/v2\/product_tag?post=55432"}],"curies":[{"name":"wp","href":"https:\/\/api.w.org\/{rel}","templated":true}]}}