{"id":55444,"date":"2025-03-17T12:30:46","date_gmt":"2025-03-17T11:30:46","guid":{"rendered":"https:\/\/product-guide.org\/produkt\/kinderwagen-3in1-prime-2-pro-grau-kinderkraft\/"},"modified":"2025-03-17T12:30:46","modified_gmt":"2025-03-17T11:30:46","slug":"kinderwagen-3in1-prime-2-pro-grau-kinderkraft","status":"publish","type":"product","link":"https:\/\/product-guide.org\/en\/produkt\/kinderwagen-3in1-prime-2-pro-grau-kinderkraft\/","title":{"rendered":"Kinderwagen 3in1 PRIME 2 PRO grau | Kinderkraft"},"content":{"rendered":"<p>Hier ist der PRIME 2 &#8211; ein 3-in-1-Kombikinderwagen f\u00fcr Baby und Eltern. Dieser Kinderwagen ist f\u00fcr Kinder von der Geburt bis 22 kg geeignet. F\u00fcr Neugeborene wurde eine gro\u00dfe, bequeme Babywanne mit einer weichen Matratze und einem verstellbaren Boden entwickelt, um das Laufen bequemer zu machen. Der Kinderwagensitz hingegen ist ger\u00e4umig und verf\u00fcgt \u00fcber eine Vielzahl von Verstellm\u00f6glichkeiten f\u00fcr die R\u00fcckenlehne und die Fu\u00dfst\u00fctze. Sie k\u00f6nnen vorw\u00e4rts oder r\u00fcckw\u00e4rts eingeklinkt werden. Der 3-in-1-Kinderwagen PRIME 2 verf\u00fcgt \u00fcber ein 4-Reifen mit D\u00e4mpfung und ein gefedertes Rahmen, so Radschrauben Ihr Kind sowohl auf Schotterwegen als auch auf holprigem Kopfsteinpflaster sicher unterwegs ist. Sie k\u00f6nnen die Babywanne bei Bedarf abnehmen und mit in die Wohnung nehmen. Dar\u00fcber hinaus gibt es Universelle Adapter und einen Sitz MINK PRO i-Size (40-75 cm), der den Eltern kurze Spazierg\u00e4nge erleichtert, wenn das Kind w\u00e4hrend der Autofahrt einschl\u00e4ft.<\/p>\n","protected":false},"excerpt":{"rendered":"<p>Hier ist der PRIME 2 &#8211; ein 3-in-1-Kombikinderwagen f\u00fcr Baby und Eltern. Dieser Kinderwagen ist f\u00fcr Kinder von der Geburt bis 22 kg geeignet. F\u00fcr Neugeborene wurde eine gro\u00dfe, bequeme Babywanne mit einer weichen Matratze und einem verstellbaren Boden entwickelt, um das Laufen bequemer zu machen. Der Kinderwagensitz hingegen ist ger\u00e4umig und verf\u00fcgt \u00fcber eine [&hellip;]<\/p>\n","protected":false},"featured_media":55443,"template":"","meta":{"_gspb_post_css":""},"store":[],"product_brand":[1429],"product_cat":[1290],"product_tag":[],"class_list":{"0":"post-55444","1":"product","2":"type-product","3":"status-publish","4":"has-post-thumbnail","6":"product_brand-kinderkraft","7":"product_cat-uncategorized","9":"first","10":"instock","11":"shipping-taxable","12":"purchasable","13":"product-type-simple"},"yoast_head":"<!-- This site is optimized with the Yoast SEO plugin v24.6 - https:\/\/yoast.com\/wordpress\/plugins\/seo\/ -->\n<title>Kinderwagen 3in1 PRIME 2 PRO grau | Kinderkraft | Product-Guide.org<\/title>\n<meta name=\"description\" content=\"Kinderwagen 3in1 PRIME 2 PRO grau | Kinderkraft gefunden von Product-Guide.org\" \/>\n<meta name=\"robots\" content=\"index, follow, max-snippet:-1, max-image-preview:large, max-video-preview:-1\" \/>\n<link rel=\"canonical\" href=\"https:\/\/product-guide.org\/en\/produkt\/kinderwagen-3in1-prime-2-pro-grau-kinderkraft\/\" \/>\n<meta property=\"og:locale\" content=\"en_GB\" \/>\n<meta property=\"og:type\" content=\"article\" \/>\n<meta property=\"og:title\" content=\"Kinderwagen 3in1 PRIME 2 PRO grau | Kinderkraft | Product-Guide.org\" \/>\n<meta property=\"og:description\" content=\"Kinderwagen 3in1 PRIME 2 PRO grau | Kinderkraft gefunden von Product-Guide.org\" \/>\n<meta property=\"og:url\" content=\"https:\/\/product-guide.org\/en\/produkt\/kinderwagen-3in1-prime-2-pro-grau-kinderkraft\/\" \/>\n<meta property=\"og:site_name\" content=\"Product-Guide.org\" \/>\n<meta name=\"twitter:card\" content=\"summary_large_image\" \/>\n<script type=\"application\/ld+json\" class=\"yoast-schema-graph\">{\"@context\":\"https:\/\/schema.org\",\"@graph\":[{\"@type\":\"WebPage\",\"@id\":\"https:\/\/product-guide.org\/produkt\/kinderwagen-3in1-prime-2-pro-grau-kinderkraft\/\",\"url\":\"https:\/\/product-guide.org\/produkt\/kinderwagen-3in1-prime-2-pro-grau-kinderkraft\/\",\"name\":\"Kinderwagen 3in1 PRIME 2 PRO grau | Kinderkraft | Product-Guide.org\",\"isPartOf\":{\"@id\":\"https:\/\/product-guide.org\/#website\"},\"primaryImageOfPage\":{\"@id\":\"https:\/\/product-guide.org\/produkt\/kinderwagen-3in1-prime-2-pro-grau-kinderkraft\/#primaryimage\"},\"image\":{\"@id\":\"https:\/\/product-guide.org\/produkt\/kinderwagen-3in1-prime-2-pro-grau-kinderkraft\/#primaryimage\"},\"thumbnailUrl\":\"https:\/\/product-guide.org\/wp-content\/uploads\/2025\/03\/kk-prime-2-pro-szary-ps-1.webp\",\"datePublished\":\"2025-03-17T11:30:46+00:00\",\"description\":\"Kinderwagen 3in1 PRIME 2 PRO grau | Kinderkraft gefunden von Product-Guide.org\",\"breadcrumb\":{\"@id\":\"https:\/\/product-guide.org\/produkt\/kinderwagen-3in1-prime-2-pro-grau-kinderkraft\/#breadcrumb\"},\"inLanguage\":\"en-GB\",\"potentialAction\":[{\"@type\":\"ReadAction\",\"target\":[\"https:\/\/product-guide.org\/produkt\/kinderwagen-3in1-prime-2-pro-grau-kinderkraft\/\"]}]},{\"@type\":\"ImageObject\",\"inLanguage\":\"en-GB\",\"@id\":\"https:\/\/product-guide.org\/produkt\/kinderwagen-3in1-prime-2-pro-grau-kinderkraft\/#primaryimage\",\"url\":\"https:\/\/product-guide.org\/wp-content\/uploads\/2025\/03\/kk-prime-2-pro-szary-ps-1.webp\",\"contentUrl\":\"https:\/\/product-guide.org\/wp-content\/uploads\/2025\/03\/kk-prime-2-pro-szary-ps-1.webp\",\"width\":1200,\"height\":1200},{\"@type\":\"BreadcrumbList\",\"@id\":\"https:\/\/product-guide.org\/produkt\/kinderwagen-3in1-prime-2-pro-grau-kinderkraft\/#breadcrumb\",\"itemListElement\":[{\"@type\":\"ListItem\",\"position\":1,\"name\":\"Home\",\"item\":\"https:\/\/product-guide.org\/\"},{\"@type\":\"ListItem\",\"position\":2,\"name\":\"Ergebnisse\",\"item\":\"https:\/\/product-guide.org\/de\/ergebnisse\/\"},{\"@type\":\"ListItem\",\"position\":3,\"name\":\"Kinderwagen 3in1 PRIME 2 PRO grau | Kinderkraft\"}]},{\"@type\":\"WebSite\",\"@id\":\"https:\/\/product-guide.org\/#website\",\"url\":\"https:\/\/product-guide.org\/\",\"name\":\"Product-Guide.org\",\"description\":\"What Product are you looking for?\",\"publisher\":{\"@id\":\"https:\/\/product-guide.org\/#organization\"},\"potentialAction\":[{\"@type\":\"SearchAction\",\"target\":{\"@type\":\"EntryPoint\",\"urlTemplate\":\"https:\/\/product-guide.org\/?s={search_term_string}\"},\"query-input\":{\"@type\":\"PropertyValueSpecification\",\"valueRequired\":true,\"valueName\":\"search_term_string\"}}],\"inLanguage\":\"en-GB\"},{\"@type\":\"Organization\",\"@id\":\"https:\/\/product-guide.org\/#organization\",\"name\":\"Product-Guide.org\",\"url\":\"https:\/\/product-guide.org\/\",\"logo\":{\"@type\":\"ImageObject\",\"inLanguage\":\"en-GB\",\"@id\":\"https:\/\/product-guide.org\/#\/schema\/logo\/image\/\",\"url\":\"https:\/\/product-guide.org\/wp-content\/uploads\/2022\/07\/logo_transparent_background.png\",\"contentUrl\":\"https:\/\/product-guide.org\/wp-content\/uploads\/2022\/07\/logo_transparent_background.png\",\"width\":3400,\"height\":1132,\"caption\":\"Product-Guide.org\"},\"image\":{\"@id\":\"https:\/\/product-guide.org\/#\/schema\/logo\/image\/\"}}]}<\/script>\n<!-- \/ Yoast SEO plugin. -->","yoast_head_json":{"title":"Kinderwagen 3in1 PRIME 2 PRO grau | Kinderkraft | Product-Guide.org","description":"Kinderwagen 3in1 PRIME 2 PRO grau | Kinderkraft gefunden von Product-Guide.org","robots":{"index":"index","follow":"follow","max-snippet":"max-snippet:-1","max-image-preview":"max-image-preview:large","max-video-preview":"max-video-preview:-1"},"canonical":"https:\/\/product-guide.org\/en\/produkt\/kinderwagen-3in1-prime-2-pro-grau-kinderkraft\/","og_locale":"en_GB","og_type":"article","og_title":"Kinderwagen 3in1 PRIME 2 PRO grau | Kinderkraft | Product-Guide.org","og_description":"Kinderwagen 3in1 PRIME 2 PRO grau | Kinderkraft gefunden von Product-Guide.org","og_url":"https:\/\/product-guide.org\/en\/produkt\/kinderwagen-3in1-prime-2-pro-grau-kinderkraft\/","og_site_name":"Product-Guide.org","twitter_card":"summary_large_image","schema":{"@context":"https:\/\/schema.org","@graph":[{"@type":"WebPage","@id":"https:\/\/product-guide.org\/produkt\/kinderwagen-3in1-prime-2-pro-grau-kinderkraft\/","url":"https:\/\/product-guide.org\/produkt\/kinderwagen-3in1-prime-2-pro-grau-kinderkraft\/","name":"Kinderwagen 3in1 PRIME 2 PRO grau | Kinderkraft | Product-Guide.org","isPartOf":{"@id":"https:\/\/product-guide.org\/#website"},"primaryImageOfPage":{"@id":"https:\/\/product-guide.org\/produkt\/kinderwagen-3in1-prime-2-pro-grau-kinderkraft\/#primaryimage"},"image":{"@id":"https:\/\/product-guide.org\/produkt\/kinderwagen-3in1-prime-2-pro-grau-kinderkraft\/#primaryimage"},"thumbnailUrl":"https:\/\/product-guide.org\/wp-content\/uploads\/2025\/03\/kk-prime-2-pro-szary-ps-1.webp","datePublished":"2025-03-17T11:30:46+00:00","description":"Kinderwagen 3in1 PRIME 2 PRO grau | Kinderkraft gefunden von Product-Guide.org","breadcrumb":{"@id":"https:\/\/product-guide.org\/produkt\/kinderwagen-3in1-prime-2-pro-grau-kinderkraft\/#breadcrumb"},"inLanguage":"en-GB","potentialAction":[{"@type":"ReadAction","target":["https:\/\/product-guide.org\/produkt\/kinderwagen-3in1-prime-2-pro-grau-kinderkraft\/"]}]},{"@type":"ImageObject","inLanguage":"en-GB","@id":"https:\/\/product-guide.org\/produkt\/kinderwagen-3in1-prime-2-pro-grau-kinderkraft\/#primaryimage","url":"https:\/\/product-guide.org\/wp-content\/uploads\/2025\/03\/kk-prime-2-pro-szary-ps-1.webp","contentUrl":"https:\/\/product-guide.org\/wp-content\/uploads\/2025\/03\/kk-prime-2-pro-szary-ps-1.webp","width":1200,"height":1200},{"@type":"BreadcrumbList","@id":"https:\/\/product-guide.org\/produkt\/kinderwagen-3in1-prime-2-pro-grau-kinderkraft\/#breadcrumb","itemListElement":[{"@type":"ListItem","position":1,"name":"Home","item":"https:\/\/product-guide.org\/"},{"@type":"ListItem","position":2,"name":"Ergebnisse","item":"https:\/\/product-guide.org\/de\/ergebnisse\/"},{"@type":"ListItem","position":3,"name":"Kinderwagen 3in1 PRIME 2 PRO grau | Kinderkraft"}]},{"@type":"WebSite","@id":"https:\/\/product-guide.org\/#website","url":"https:\/\/product-guide.org\/","name":"Product-Guide.org","description":"What Product are you looking for?","publisher":{"@id":"https:\/\/product-guide.org\/#organization"},"potentialAction":[{"@type":"SearchAction","target":{"@type":"EntryPoint","urlTemplate":"https:\/\/product-guide.org\/?s={search_term_string}"},"query-input":{"@type":"PropertyValueSpecification","valueRequired":true,"valueName":"search_term_string"}}],"inLanguage":"en-GB"},{"@type":"Organization","@id":"https:\/\/product-guide.org\/#organization","name":"Product-Guide.org","url":"https:\/\/product-guide.org\/","logo":{"@type":"ImageObject","inLanguage":"en-GB","@id":"https:\/\/product-guide.org\/#\/schema\/logo\/image\/","url":"https:\/\/product-guide.org\/wp-content\/uploads\/2022\/07\/logo_transparent_background.png","contentUrl":"https:\/\/product-guide.org\/wp-content\/uploads\/2022\/07\/logo_transparent_background.png","width":3400,"height":1132,"caption":"Product-Guide.org"},"image":{"@id":"https:\/\/product-guide.org\/#\/schema\/logo\/image\/"}}]}},"_links":{"self":[{"href":"https:\/\/product-guide.org\/en\/wp-json\/wp\/v2\/product\/55444","targetHints":{"allow":["GET"]}}],"collection":[{"href":"https:\/\/product-guide.org\/en\/wp-json\/wp\/v2\/product"}],"about":[{"href":"https:\/\/product-guide.org\/en\/wp-json\/wp\/v2\/types\/product"}],"wp:featuredmedia":[{"embeddable":true,"href":"https:\/\/product-guide.org\/en\/wp-json\/wp\/v2\/media\/55443"}],"wp:attachment":[{"href":"https:\/\/product-guide.org\/en\/wp-json\/wp\/v2\/media?parent=55444"}],"wp:term":[{"taxonomy":"store","embeddable":true,"href":"https:\/\/product-guide.org\/en\/wp-json\/wp\/v2\/store?post=55444"},{"taxonomy":"product_brand","embeddable":true,"href":"https:\/\/product-guide.org\/en\/wp-json\/wp\/v2\/product_brand?post=55444"},{"taxonomy":"product_cat","embeddable":true,"href":"https:\/\/product-guide.org\/en\/wp-json\/wp\/v2\/product_cat?post=55444"},{"taxonomy":"product_tag","embeddable":true,"href":"https:\/\/product-guide.org\/en\/wp-json\/wp\/v2\/product_tag?post=55444"}],"curies":[{"name":"wp","href":"https:\/\/api.w.org\/{rel}","templated":true}]}}