{"id":55462,"date":"2025-03-17T12:31:06","date_gmt":"2025-03-17T11:31:06","guid":{"rendered":"https:\/\/product-guide.org\/produkt\/kinderwagen-trig-3-beige-kinderkraft\/"},"modified":"2025-03-17T12:31:07","modified_gmt":"2025-03-17T11:31:07","slug":"kinderwagen-trig-3-beige-kinderkraft","status":"publish","type":"product","link":"https:\/\/product-guide.org\/en\/produkt\/kinderwagen-trig-3-beige-kinderkraft\/","title":{"rendered":"Kinderwagen TRIG 3 beige | Kinderkraft"},"content":{"rendered":"<p>Hier ist der TRIG 3 &#8211; eine verbesserte Version der Vorg\u00e4ngermodelle, die Sie mit einem gr\u00f6\u00dferen, l\u00e4ngeren Sitz, einer leichteren Einstellung der R\u00fcckenlehne und einer l\u00e4ngeren Fu\u00dfst\u00fctze begr\u00fc\u00dft. Der Sitz des Kinderwagens ist weich und bequem und die Polsterung in Kombination mit den nicht durchschlagenden R\u00e4dern und der Leichtigkeit und Wendigkeit machen ihn zu einem echten Kinderwagen f\u00fcr besondere Aufgaben. Das Verdeck wurde ebenfalls vergr\u00f6\u00dfert, ist wasserdicht und verf\u00fcgt \u00fcber eine Bel\u00fcftungsplatte f\u00fcr w\u00e4rmere Tage. Das robuste Stahlgestell ist bis zu 25 kg belastbar, und der verbesserte Korb bietet nicht nur Platz f\u00fcr das gesamte Zubeh\u00f6r, das f\u00fcr einen Spaziergang ben\u00f6tigt wird, sondern auch f\u00fcr die t\u00e4glichen Eink\u00e4ufe. Der TRIG 3 ist ein Kinderwagen, der Sie w\u00e4hrend der gesamten Zeit des Spaziergangs begleiten wird. Die R\u00fcckenlehne und die Fu\u00dfst\u00fctze lassen sich in eine Liegeposition verstellen und der interne 5-Punkt-Gurt kann f\u00fcr ein Neugeborenes eingestellt werden. Der TRIG 3 ist ein \u00e4u\u00dferst wendiger Kinderwagen &#8211; ideal nicht nur f\u00fcr den t\u00e4glichen Gebrauch, sondern auch f\u00fcr den Urlaub. Dank des CLICK&#038;FOLD-Systems l\u00e4sst er sich leicht mit einer Hand zusammenfalten und im Kofferraum des Autos verstauen oder im Zug mitnehmen.<\/p>\n","protected":false},"excerpt":{"rendered":"<p>Hier ist der TRIG 3 &#8211; eine verbesserte Version der Vorg\u00e4ngermodelle, die Sie mit einem gr\u00f6\u00dferen, l\u00e4ngeren Sitz, einer leichteren Einstellung der R\u00fcckenlehne und einer l\u00e4ngeren Fu\u00dfst\u00fctze begr\u00fc\u00dft. Der Sitz des Kinderwagens ist weich und bequem und die Polsterung in Kombination mit den nicht durchschlagenden R\u00e4dern und der Leichtigkeit und Wendigkeit machen ihn zu einem [&hellip;]<\/p>\n","protected":false},"featured_media":55461,"template":"","meta":{"_gspb_post_css":""},"store":[],"product_brand":[1429],"product_cat":[1290],"product_tag":[],"class_list":{"0":"post-55462","1":"product","2":"type-product","3":"status-publish","4":"has-post-thumbnail","6":"product_brand-kinderkraft","7":"product_cat-uncategorized","9":"first","10":"instock","11":"shipping-taxable","12":"purchasable","13":"product-type-simple"},"yoast_head":"<!-- This site is optimized with the Yoast SEO plugin v24.6 - https:\/\/yoast.com\/wordpress\/plugins\/seo\/ -->\n<title>Kinderwagen TRIG 3 beige | Kinderkraft | Product-Guide.org<\/title>\n<meta name=\"description\" content=\"Kinderwagen TRIG 3 beige | Kinderkraft gefunden von Product-Guide.org\" \/>\n<meta name=\"robots\" content=\"index, follow, max-snippet:-1, max-image-preview:large, max-video-preview:-1\" \/>\n<link rel=\"canonical\" href=\"https:\/\/product-guide.org\/en\/produkt\/kinderwagen-trig-3-beige-kinderkraft\/\" \/>\n<meta property=\"og:locale\" content=\"en_GB\" \/>\n<meta property=\"og:type\" content=\"article\" \/>\n<meta property=\"og:title\" content=\"Kinderwagen TRIG 3 beige | Kinderkraft | Product-Guide.org\" \/>\n<meta property=\"og:description\" content=\"Kinderwagen TRIG 3 beige | Kinderkraft gefunden von Product-Guide.org\" \/>\n<meta property=\"og:url\" content=\"https:\/\/product-guide.org\/en\/produkt\/kinderwagen-trig-3-beige-kinderkraft\/\" \/>\n<meta property=\"og:site_name\" content=\"Product-Guide.org\" \/>\n<meta property=\"article:modified_time\" content=\"2025-03-17T11:31:07+00:00\" \/>\n<meta name=\"twitter:card\" content=\"summary_large_image\" \/>\n<script type=\"application\/ld+json\" class=\"yoast-schema-graph\">{\"@context\":\"https:\/\/schema.org\",\"@graph\":[{\"@type\":\"WebPage\",\"@id\":\"https:\/\/product-guide.org\/produkt\/kinderwagen-trig-3-beige-kinderkraft\/\",\"url\":\"https:\/\/product-guide.org\/produkt\/kinderwagen-trig-3-beige-kinderkraft\/\",\"name\":\"Kinderwagen TRIG 3 beige | Kinderkraft | Product-Guide.org\",\"isPartOf\":{\"@id\":\"https:\/\/product-guide.org\/#website\"},\"primaryImageOfPage\":{\"@id\":\"https:\/\/product-guide.org\/produkt\/kinderwagen-trig-3-beige-kinderkraft\/#primaryimage\"},\"image\":{\"@id\":\"https:\/\/product-guide.org\/produkt\/kinderwagen-trig-3-beige-kinderkraft\/#primaryimage\"},\"thumbnailUrl\":\"https:\/\/product-guide.org\/wp-content\/uploads\/2025\/03\/allegro_2_beige_1.webp\",\"datePublished\":\"2025-03-17T11:31:06+00:00\",\"dateModified\":\"2025-03-17T11:31:07+00:00\",\"description\":\"Kinderwagen TRIG 3 beige | Kinderkraft gefunden von Product-Guide.org\",\"breadcrumb\":{\"@id\":\"https:\/\/product-guide.org\/produkt\/kinderwagen-trig-3-beige-kinderkraft\/#breadcrumb\"},\"inLanguage\":\"en-GB\",\"potentialAction\":[{\"@type\":\"ReadAction\",\"target\":[\"https:\/\/product-guide.org\/produkt\/kinderwagen-trig-3-beige-kinderkraft\/\"]}]},{\"@type\":\"ImageObject\",\"inLanguage\":\"en-GB\",\"@id\":\"https:\/\/product-guide.org\/produkt\/kinderwagen-trig-3-beige-kinderkraft\/#primaryimage\",\"url\":\"https:\/\/product-guide.org\/wp-content\/uploads\/2025\/03\/allegro_2_beige_1.webp\",\"contentUrl\":\"https:\/\/product-guide.org\/wp-content\/uploads\/2025\/03\/allegro_2_beige_1.webp\",\"width\":1000,\"height\":1000},{\"@type\":\"BreadcrumbList\",\"@id\":\"https:\/\/product-guide.org\/produkt\/kinderwagen-trig-3-beige-kinderkraft\/#breadcrumb\",\"itemListElement\":[{\"@type\":\"ListItem\",\"position\":1,\"name\":\"Home\",\"item\":\"https:\/\/product-guide.org\/\"},{\"@type\":\"ListItem\",\"position\":2,\"name\":\"Ergebnisse\",\"item\":\"https:\/\/product-guide.org\/de\/ergebnisse\/\"},{\"@type\":\"ListItem\",\"position\":3,\"name\":\"Kinderwagen TRIG 3 beige | Kinderkraft\"}]},{\"@type\":\"WebSite\",\"@id\":\"https:\/\/product-guide.org\/#website\",\"url\":\"https:\/\/product-guide.org\/\",\"name\":\"Product-Guide.org\",\"description\":\"What Product are you looking for?\",\"publisher\":{\"@id\":\"https:\/\/product-guide.org\/#organization\"},\"potentialAction\":[{\"@type\":\"SearchAction\",\"target\":{\"@type\":\"EntryPoint\",\"urlTemplate\":\"https:\/\/product-guide.org\/?s={search_term_string}\"},\"query-input\":{\"@type\":\"PropertyValueSpecification\",\"valueRequired\":true,\"valueName\":\"search_term_string\"}}],\"inLanguage\":\"en-GB\"},{\"@type\":\"Organization\",\"@id\":\"https:\/\/product-guide.org\/#organization\",\"name\":\"Product-Guide.org\",\"url\":\"https:\/\/product-guide.org\/\",\"logo\":{\"@type\":\"ImageObject\",\"inLanguage\":\"en-GB\",\"@id\":\"https:\/\/product-guide.org\/#\/schema\/logo\/image\/\",\"url\":\"https:\/\/product-guide.org\/wp-content\/uploads\/2022\/07\/logo_transparent_background.png\",\"contentUrl\":\"https:\/\/product-guide.org\/wp-content\/uploads\/2022\/07\/logo_transparent_background.png\",\"width\":3400,\"height\":1132,\"caption\":\"Product-Guide.org\"},\"image\":{\"@id\":\"https:\/\/product-guide.org\/#\/schema\/logo\/image\/\"}}]}<\/script>\n<!-- \/ Yoast SEO plugin. -->","yoast_head_json":{"title":"Kinderwagen TRIG 3 beige | Kinderkraft | Product-Guide.org","description":"Kinderwagen TRIG 3 beige | Kinderkraft gefunden von Product-Guide.org","robots":{"index":"index","follow":"follow","max-snippet":"max-snippet:-1","max-image-preview":"max-image-preview:large","max-video-preview":"max-video-preview:-1"},"canonical":"https:\/\/product-guide.org\/en\/produkt\/kinderwagen-trig-3-beige-kinderkraft\/","og_locale":"en_GB","og_type":"article","og_title":"Kinderwagen TRIG 3 beige | Kinderkraft | Product-Guide.org","og_description":"Kinderwagen TRIG 3 beige | Kinderkraft gefunden von Product-Guide.org","og_url":"https:\/\/product-guide.org\/en\/produkt\/kinderwagen-trig-3-beige-kinderkraft\/","og_site_name":"Product-Guide.org","article_modified_time":"2025-03-17T11:31:07+00:00","twitter_card":"summary_large_image","schema":{"@context":"https:\/\/schema.org","@graph":[{"@type":"WebPage","@id":"https:\/\/product-guide.org\/produkt\/kinderwagen-trig-3-beige-kinderkraft\/","url":"https:\/\/product-guide.org\/produkt\/kinderwagen-trig-3-beige-kinderkraft\/","name":"Kinderwagen TRIG 3 beige | Kinderkraft | Product-Guide.org","isPartOf":{"@id":"https:\/\/product-guide.org\/#website"},"primaryImageOfPage":{"@id":"https:\/\/product-guide.org\/produkt\/kinderwagen-trig-3-beige-kinderkraft\/#primaryimage"},"image":{"@id":"https:\/\/product-guide.org\/produkt\/kinderwagen-trig-3-beige-kinderkraft\/#primaryimage"},"thumbnailUrl":"https:\/\/product-guide.org\/wp-content\/uploads\/2025\/03\/allegro_2_beige_1.webp","datePublished":"2025-03-17T11:31:06+00:00","dateModified":"2025-03-17T11:31:07+00:00","description":"Kinderwagen TRIG 3 beige | Kinderkraft gefunden von Product-Guide.org","breadcrumb":{"@id":"https:\/\/product-guide.org\/produkt\/kinderwagen-trig-3-beige-kinderkraft\/#breadcrumb"},"inLanguage":"en-GB","potentialAction":[{"@type":"ReadAction","target":["https:\/\/product-guide.org\/produkt\/kinderwagen-trig-3-beige-kinderkraft\/"]}]},{"@type":"ImageObject","inLanguage":"en-GB","@id":"https:\/\/product-guide.org\/produkt\/kinderwagen-trig-3-beige-kinderkraft\/#primaryimage","url":"https:\/\/product-guide.org\/wp-content\/uploads\/2025\/03\/allegro_2_beige_1.webp","contentUrl":"https:\/\/product-guide.org\/wp-content\/uploads\/2025\/03\/allegro_2_beige_1.webp","width":1000,"height":1000},{"@type":"BreadcrumbList","@id":"https:\/\/product-guide.org\/produkt\/kinderwagen-trig-3-beige-kinderkraft\/#breadcrumb","itemListElement":[{"@type":"ListItem","position":1,"name":"Home","item":"https:\/\/product-guide.org\/"},{"@type":"ListItem","position":2,"name":"Ergebnisse","item":"https:\/\/product-guide.org\/de\/ergebnisse\/"},{"@type":"ListItem","position":3,"name":"Kinderwagen TRIG 3 beige | Kinderkraft"}]},{"@type":"WebSite","@id":"https:\/\/product-guide.org\/#website","url":"https:\/\/product-guide.org\/","name":"Product-Guide.org","description":"What Product are you looking for?","publisher":{"@id":"https:\/\/product-guide.org\/#organization"},"potentialAction":[{"@type":"SearchAction","target":{"@type":"EntryPoint","urlTemplate":"https:\/\/product-guide.org\/?s={search_term_string}"},"query-input":{"@type":"PropertyValueSpecification","valueRequired":true,"valueName":"search_term_string"}}],"inLanguage":"en-GB"},{"@type":"Organization","@id":"https:\/\/product-guide.org\/#organization","name":"Product-Guide.org","url":"https:\/\/product-guide.org\/","logo":{"@type":"ImageObject","inLanguage":"en-GB","@id":"https:\/\/product-guide.org\/#\/schema\/logo\/image\/","url":"https:\/\/product-guide.org\/wp-content\/uploads\/2022\/07\/logo_transparent_background.png","contentUrl":"https:\/\/product-guide.org\/wp-content\/uploads\/2022\/07\/logo_transparent_background.png","width":3400,"height":1132,"caption":"Product-Guide.org"},"image":{"@id":"https:\/\/product-guide.org\/#\/schema\/logo\/image\/"}}]}},"_links":{"self":[{"href":"https:\/\/product-guide.org\/en\/wp-json\/wp\/v2\/product\/55462","targetHints":{"allow":["GET"]}}],"collection":[{"href":"https:\/\/product-guide.org\/en\/wp-json\/wp\/v2\/product"}],"about":[{"href":"https:\/\/product-guide.org\/en\/wp-json\/wp\/v2\/types\/product"}],"wp:featuredmedia":[{"embeddable":true,"href":"https:\/\/product-guide.org\/en\/wp-json\/wp\/v2\/media\/55461"}],"wp:attachment":[{"href":"https:\/\/product-guide.org\/en\/wp-json\/wp\/v2\/media?parent=55462"}],"wp:term":[{"taxonomy":"store","embeddable":true,"href":"https:\/\/product-guide.org\/en\/wp-json\/wp\/v2\/store?post=55462"},{"taxonomy":"product_brand","embeddable":true,"href":"https:\/\/product-guide.org\/en\/wp-json\/wp\/v2\/product_brand?post=55462"},{"taxonomy":"product_cat","embeddable":true,"href":"https:\/\/product-guide.org\/en\/wp-json\/wp\/v2\/product_cat?post=55462"},{"taxonomy":"product_tag","embeddable":true,"href":"https:\/\/product-guide.org\/en\/wp-json\/wp\/v2\/product_tag?post=55462"}],"curies":[{"name":"wp","href":"https:\/\/api.w.org\/{rel}","templated":true}]}}