{"id":55492,"date":"2025-03-17T12:31:56","date_gmt":"2025-03-17T11:31:56","guid":{"rendered":"https:\/\/product-guide.org\/produkt\/dear-darling-long-mini-box-girlgotlashes-de\/"},"modified":"2025-03-17T12:31:57","modified_gmt":"2025-03-17T11:31:57","slug":"dear-darling-long-mini-box-girlgotlashes-de","status":"publish","type":"product","link":"https:\/\/product-guide.org\/en\/produkt\/dear-darling-long-mini-box-girlgotlashes-de\/","title":{"rendered":"Dear Darling (long) &#8211; Mini Box | GirlGotLashes.de"},"content":{"rendered":"<p>Die Wimpern-verl\u00e4ngerung zum Selbermachen.. DEAR DARLING, YOU \u0301RE THE ONE!. Nicht C-Curl, nicht D-Curl, sondern DD-Curl! DEAR DARLING verleiht dir curly geschwungene und extra verf\u00fchrerische Wimpern. Der erste Style in unserem Sortiment mit schwarzem Wimpernband zaubert dir mit einer L\u00e4nge von 10-15 mm noch mehr Ausdruck und Kontur in deine Augen.. Dear Darling Long ist der l\u00e4ngste Style unter der Dear Darling Linie. Und auch der Dramatischste.. Du m\u00f6chtest eine dauerhafte Wimpernverl\u00e4ngerung? Die Wimpernextensions von GirlGotLashes halten bis zu einer Woche und das Beste daran ist: Du kannst die Wimpernextensions ganz einfach von Zuhause aus selbst anbringen mit geringerem Zeitaufwand und geringeren Kosten als bei einer dauerhaften Wimpernverl\u00e4ngerung im Studio und du schonst dabei sogar noch deine nat\u00fcrlichen Wimpern!. h\u00e4lt 5-7 Tage. ersetzt eine professionelle Wimpernverl\u00e4ngerung. sanft und nat\u00fcrlich zu entfernen mit Kokos\u00f6l. Unsere extra flachen und ultra leichten Wimpernextensions sind speziell daf\u00fcr designed, um unter dem eigenen Wimpernkranz angebracht zu werden. Dadurch erh\u00e4ltst du den Natural Look einer professionellen Wimpernverl\u00e4ngerung.. Handgemacht, vegan und cruelty-free.. Der Wimpernkleber und die Applikations-Tools sind nicht im Set enthalten. Enth\u00e4lt ein Wimpernpaar.<\/p>\n","protected":false},"excerpt":{"rendered":"<p>Die Wimpern-verl\u00e4ngerung zum Selbermachen.. DEAR DARLING, YOU \u0301RE THE ONE!. Nicht C-Curl, nicht D-Curl, sondern DD-Curl! DEAR DARLING verleiht dir curly geschwungene und extra verf\u00fchrerische Wimpern. Der erste Style in unserem Sortiment mit schwarzem Wimpernband zaubert dir mit einer L\u00e4nge von 10-15 mm noch mehr Ausdruck und Kontur in deine Augen.. Dear Darling Long ist [&hellip;]<\/p>\n","protected":false},"featured_media":55491,"template":"","meta":{"_gspb_post_css":""},"store":[],"product_brand":[1430],"product_cat":[1290],"product_tag":[],"class_list":{"0":"post-55492","1":"product","2":"type-product","3":"status-publish","4":"has-post-thumbnail","6":"product_brand-girlgotlashes-de","7":"product_cat-uncategorized","9":"first","10":"instock","11":"shipping-taxable","12":"purchasable","13":"product-type-simple"},"yoast_head":"<!-- This site is optimized with the Yoast SEO plugin v24.6 - https:\/\/yoast.com\/wordpress\/plugins\/seo\/ -->\n<title>Dear Darling (long) - Mini Box | GirlGotLashes.de | Product-Guide.org<\/title>\n<meta name=\"description\" content=\"Dear Darling (long) - Mini Box | GirlGotLashes.de gefunden von Product-Guide.org\" \/>\n<meta name=\"robots\" content=\"index, follow, max-snippet:-1, max-image-preview:large, max-video-preview:-1\" \/>\n<link rel=\"canonical\" href=\"https:\/\/product-guide.org\/en\/produkt\/dear-darling-long-mini-box-girlgotlashes-de\/\" \/>\n<meta property=\"og:locale\" content=\"en_GB\" \/>\n<meta property=\"og:type\" content=\"article\" \/>\n<meta property=\"og:title\" content=\"Dear Darling (long) - Mini Box | GirlGotLashes.de | Product-Guide.org\" \/>\n<meta property=\"og:description\" content=\"Dear Darling (long) - Mini Box | GirlGotLashes.de gefunden von Product-Guide.org\" \/>\n<meta property=\"og:url\" content=\"https:\/\/product-guide.org\/en\/produkt\/dear-darling-long-mini-box-girlgotlashes-de\/\" \/>\n<meta property=\"og:site_name\" content=\"Product-Guide.org\" \/>\n<meta property=\"article:modified_time\" content=\"2025-03-17T11:31:57+00:00\" \/>\n<meta name=\"twitter:card\" content=\"summary_large_image\" \/>\n<script type=\"application\/ld+json\" class=\"yoast-schema-graph\">{\"@context\":\"https:\/\/schema.org\",\"@graph\":[{\"@type\":\"WebPage\",\"@id\":\"https:\/\/product-guide.org\/produkt\/dear-darling-long-mini-box-girlgotlashes-de\/\",\"url\":\"https:\/\/product-guide.org\/produkt\/dear-darling-long-mini-box-girlgotlashes-de\/\",\"name\":\"Dear Darling (long) - Mini Box | GirlGotLashes.de | Product-Guide.org\",\"isPartOf\":{\"@id\":\"https:\/\/product-guide.org\/#website\"},\"primaryImageOfPage\":{\"@id\":\"https:\/\/product-guide.org\/produkt\/dear-darling-long-mini-box-girlgotlashes-de\/#primaryimage\"},\"image\":{\"@id\":\"https:\/\/product-guide.org\/produkt\/dear-darling-long-mini-box-girlgotlashes-de\/#primaryimage\"},\"thumbnailUrl\":\"https:\/\/product-guide.org\/wp-content\/uploads\/2025\/03\/DearDarling-Long-Mini.jpg\",\"datePublished\":\"2025-03-17T11:31:56+00:00\",\"dateModified\":\"2025-03-17T11:31:57+00:00\",\"description\":\"Dear Darling (long) - Mini Box | GirlGotLashes.de gefunden von Product-Guide.org\",\"breadcrumb\":{\"@id\":\"https:\/\/product-guide.org\/produkt\/dear-darling-long-mini-box-girlgotlashes-de\/#breadcrumb\"},\"inLanguage\":\"en-GB\",\"potentialAction\":[{\"@type\":\"ReadAction\",\"target\":[\"https:\/\/product-guide.org\/produkt\/dear-darling-long-mini-box-girlgotlashes-de\/\"]}]},{\"@type\":\"ImageObject\",\"inLanguage\":\"en-GB\",\"@id\":\"https:\/\/product-guide.org\/produkt\/dear-darling-long-mini-box-girlgotlashes-de\/#primaryimage\",\"url\":\"https:\/\/product-guide.org\/wp-content\/uploads\/2025\/03\/DearDarling-Long-Mini.jpg\",\"contentUrl\":\"https:\/\/product-guide.org\/wp-content\/uploads\/2025\/03\/DearDarling-Long-Mini.jpg\",\"width\":2268,\"height\":1665},{\"@type\":\"BreadcrumbList\",\"@id\":\"https:\/\/product-guide.org\/produkt\/dear-darling-long-mini-box-girlgotlashes-de\/#breadcrumb\",\"itemListElement\":[{\"@type\":\"ListItem\",\"position\":1,\"name\":\"Home\",\"item\":\"https:\/\/product-guide.org\/\"},{\"@type\":\"ListItem\",\"position\":2,\"name\":\"Ergebnisse\",\"item\":\"https:\/\/product-guide.org\/de\/ergebnisse\/\"},{\"@type\":\"ListItem\",\"position\":3,\"name\":\"Dear Darling (long) &#8211; Mini Box | GirlGotLashes.de\"}]},{\"@type\":\"WebSite\",\"@id\":\"https:\/\/product-guide.org\/#website\",\"url\":\"https:\/\/product-guide.org\/\",\"name\":\"Product-Guide.org\",\"description\":\"What Product are you looking for?\",\"publisher\":{\"@id\":\"https:\/\/product-guide.org\/#organization\"},\"potentialAction\":[{\"@type\":\"SearchAction\",\"target\":{\"@type\":\"EntryPoint\",\"urlTemplate\":\"https:\/\/product-guide.org\/?s={search_term_string}\"},\"query-input\":{\"@type\":\"PropertyValueSpecification\",\"valueRequired\":true,\"valueName\":\"search_term_string\"}}],\"inLanguage\":\"en-GB\"},{\"@type\":\"Organization\",\"@id\":\"https:\/\/product-guide.org\/#organization\",\"name\":\"Product-Guide.org\",\"url\":\"https:\/\/product-guide.org\/\",\"logo\":{\"@type\":\"ImageObject\",\"inLanguage\":\"en-GB\",\"@id\":\"https:\/\/product-guide.org\/#\/schema\/logo\/image\/\",\"url\":\"https:\/\/product-guide.org\/wp-content\/uploads\/2022\/07\/logo_transparent_background.png\",\"contentUrl\":\"https:\/\/product-guide.org\/wp-content\/uploads\/2022\/07\/logo_transparent_background.png\",\"width\":3400,\"height\":1132,\"caption\":\"Product-Guide.org\"},\"image\":{\"@id\":\"https:\/\/product-guide.org\/#\/schema\/logo\/image\/\"}}]}<\/script>\n<!-- \/ Yoast SEO plugin. -->","yoast_head_json":{"title":"Dear Darling (long) - Mini Box | GirlGotLashes.de | Product-Guide.org","description":"Dear Darling (long) - Mini Box | GirlGotLashes.de gefunden von Product-Guide.org","robots":{"index":"index","follow":"follow","max-snippet":"max-snippet:-1","max-image-preview":"max-image-preview:large","max-video-preview":"max-video-preview:-1"},"canonical":"https:\/\/product-guide.org\/en\/produkt\/dear-darling-long-mini-box-girlgotlashes-de\/","og_locale":"en_GB","og_type":"article","og_title":"Dear Darling (long) - Mini Box | GirlGotLashes.de | Product-Guide.org","og_description":"Dear Darling (long) - Mini Box | GirlGotLashes.de gefunden von Product-Guide.org","og_url":"https:\/\/product-guide.org\/en\/produkt\/dear-darling-long-mini-box-girlgotlashes-de\/","og_site_name":"Product-Guide.org","article_modified_time":"2025-03-17T11:31:57+00:00","twitter_card":"summary_large_image","schema":{"@context":"https:\/\/schema.org","@graph":[{"@type":"WebPage","@id":"https:\/\/product-guide.org\/produkt\/dear-darling-long-mini-box-girlgotlashes-de\/","url":"https:\/\/product-guide.org\/produkt\/dear-darling-long-mini-box-girlgotlashes-de\/","name":"Dear Darling (long) - Mini Box | GirlGotLashes.de | Product-Guide.org","isPartOf":{"@id":"https:\/\/product-guide.org\/#website"},"primaryImageOfPage":{"@id":"https:\/\/product-guide.org\/produkt\/dear-darling-long-mini-box-girlgotlashes-de\/#primaryimage"},"image":{"@id":"https:\/\/product-guide.org\/produkt\/dear-darling-long-mini-box-girlgotlashes-de\/#primaryimage"},"thumbnailUrl":"https:\/\/product-guide.org\/wp-content\/uploads\/2025\/03\/DearDarling-Long-Mini.jpg","datePublished":"2025-03-17T11:31:56+00:00","dateModified":"2025-03-17T11:31:57+00:00","description":"Dear Darling (long) - Mini Box | GirlGotLashes.de gefunden von Product-Guide.org","breadcrumb":{"@id":"https:\/\/product-guide.org\/produkt\/dear-darling-long-mini-box-girlgotlashes-de\/#breadcrumb"},"inLanguage":"en-GB","potentialAction":[{"@type":"ReadAction","target":["https:\/\/product-guide.org\/produkt\/dear-darling-long-mini-box-girlgotlashes-de\/"]}]},{"@type":"ImageObject","inLanguage":"en-GB","@id":"https:\/\/product-guide.org\/produkt\/dear-darling-long-mini-box-girlgotlashes-de\/#primaryimage","url":"https:\/\/product-guide.org\/wp-content\/uploads\/2025\/03\/DearDarling-Long-Mini.jpg","contentUrl":"https:\/\/product-guide.org\/wp-content\/uploads\/2025\/03\/DearDarling-Long-Mini.jpg","width":2268,"height":1665},{"@type":"BreadcrumbList","@id":"https:\/\/product-guide.org\/produkt\/dear-darling-long-mini-box-girlgotlashes-de\/#breadcrumb","itemListElement":[{"@type":"ListItem","position":1,"name":"Home","item":"https:\/\/product-guide.org\/"},{"@type":"ListItem","position":2,"name":"Ergebnisse","item":"https:\/\/product-guide.org\/de\/ergebnisse\/"},{"@type":"ListItem","position":3,"name":"Dear Darling (long) &#8211; Mini Box | GirlGotLashes.de"}]},{"@type":"WebSite","@id":"https:\/\/product-guide.org\/#website","url":"https:\/\/product-guide.org\/","name":"Product-Guide.org","description":"What Product are you looking for?","publisher":{"@id":"https:\/\/product-guide.org\/#organization"},"potentialAction":[{"@type":"SearchAction","target":{"@type":"EntryPoint","urlTemplate":"https:\/\/product-guide.org\/?s={search_term_string}"},"query-input":{"@type":"PropertyValueSpecification","valueRequired":true,"valueName":"search_term_string"}}],"inLanguage":"en-GB"},{"@type":"Organization","@id":"https:\/\/product-guide.org\/#organization","name":"Product-Guide.org","url":"https:\/\/product-guide.org\/","logo":{"@type":"ImageObject","inLanguage":"en-GB","@id":"https:\/\/product-guide.org\/#\/schema\/logo\/image\/","url":"https:\/\/product-guide.org\/wp-content\/uploads\/2022\/07\/logo_transparent_background.png","contentUrl":"https:\/\/product-guide.org\/wp-content\/uploads\/2022\/07\/logo_transparent_background.png","width":3400,"height":1132,"caption":"Product-Guide.org"},"image":{"@id":"https:\/\/product-guide.org\/#\/schema\/logo\/image\/"}}]}},"_links":{"self":[{"href":"https:\/\/product-guide.org\/en\/wp-json\/wp\/v2\/product\/55492","targetHints":{"allow":["GET"]}}],"collection":[{"href":"https:\/\/product-guide.org\/en\/wp-json\/wp\/v2\/product"}],"about":[{"href":"https:\/\/product-guide.org\/en\/wp-json\/wp\/v2\/types\/product"}],"wp:featuredmedia":[{"embeddable":true,"href":"https:\/\/product-guide.org\/en\/wp-json\/wp\/v2\/media\/55491"}],"wp:attachment":[{"href":"https:\/\/product-guide.org\/en\/wp-json\/wp\/v2\/media?parent=55492"}],"wp:term":[{"taxonomy":"store","embeddable":true,"href":"https:\/\/product-guide.org\/en\/wp-json\/wp\/v2\/store?post=55492"},{"taxonomy":"product_brand","embeddable":true,"href":"https:\/\/product-guide.org\/en\/wp-json\/wp\/v2\/product_brand?post=55492"},{"taxonomy":"product_cat","embeddable":true,"href":"https:\/\/product-guide.org\/en\/wp-json\/wp\/v2\/product_cat?post=55492"},{"taxonomy":"product_tag","embeddable":true,"href":"https:\/\/product-guide.org\/en\/wp-json\/wp\/v2\/product_tag?post=55492"}],"curies":[{"name":"wp","href":"https:\/\/api.w.org\/{rel}","templated":true}]}}