{"id":55506,"date":"2025-03-17T12:32:22","date_gmt":"2025-03-17T11:32:22","guid":{"rendered":"https:\/\/product-guide.org\/produkt\/diy-wimpernband-volume-3-girlgotlashes-de\/"},"modified":"2025-03-17T12:32:23","modified_gmt":"2025-03-17T11:32:23","slug":"diy-wimpernband-volume-3-girlgotlashes-de","status":"publish","type":"product","link":"https:\/\/product-guide.org\/en\/produkt\/diy-wimpernband-volume-3-girlgotlashes-de\/","title":{"rendered":"DIY Wimpernband Volume 3 | GirlGotLashes.de"},"content":{"rendered":"<p>Die Wimpern-verl\u00e4ngerung zum Selbermachen.. Du m\u00f6chtest eine dauerhafte Wimpernverl\u00e4ngerung? Sei deine eigene Wimpernstylistin und werde kreativ mit den DIY Wimpernb\u00e4ndern von GirlGotLashes!. Die individuell anpassbaren Wimpernextensions halten bis zu einer Woche und er\u00f6ffnen dir v\u00f6llig neue M\u00f6glichkeiten. Jede Packung enth\u00e4lt ein Wimpernband mit einer L\u00e4nge von 15-16 cm. Damit kannst du zwischen 2-3 Mal deine Wimpern verl\u00e4ngern, je nachdem ob du 4 oder 5 Segmente verwendest.. Volume 3 ist der erste D-Curl-Style unter den DIY Wimpernb\u00e4ndern. Wundersch\u00f6ne, feine Wimpern, mit einem unglaublich sch\u00f6nen Curl. Auch diesen Style kannst du wie alle unsere DIY Wimpernb\u00e4nder in zwei Schichten auftragen um mehr Volumen zu bekommen. Volume 3 ist in 5 verschiedenen L\u00e4ngen erh\u00e4ltlich: 8 mm, 10 mm, 12 mm, 14 mm und 16 mm.. Damit kannst du deinen ganz eigenen Look kreieren, den niemand sonst tr\u00e4gt, der perfekt zu deinem Auge und zu deinem Style passt und den du beliebig oft ver\u00e4ndern und neu interpretieren kannst. Mit den DIY Wimpernb\u00e4ndern kannst du v\u00f6llig frei experimentieren und dir deine ganz eigene Lash Map anlegen:. du kannst eine L\u00e4nge oder unterschiedliche L\u00e4ngen beliebig kombinieren. du kannst die Wimpernextensions in mehreren Schichten anbringen um das Volumen zu erh\u00f6hen. Folge uns auf Instagram und TikTok f\u00fcr viele Tipps, Tricks und Inspiration.. Die DIY Wimpernb\u00e4nder sind extra flach und ultra leicht. Die Wimpernextensions sind speziell daf\u00fcr designed, um unter dem eigenen Wimpernkranz angebracht zu werden. Dadurch erh\u00e4ltst du den Natural Look einer professionellen Wimpernverl\u00e4ngerung.. Handgemacht, vegan und cruelty-free.. Der Wimpernkleber und die Applikations-Tools sind nicht enthalten.<\/p>\n","protected":false},"excerpt":{"rendered":"<p>Die Wimpern-verl\u00e4ngerung zum Selbermachen.. Du m\u00f6chtest eine dauerhafte Wimpernverl\u00e4ngerung? Sei deine eigene Wimpernstylistin und werde kreativ mit den DIY Wimpernb\u00e4ndern von GirlGotLashes!. Die individuell anpassbaren Wimpernextensions halten bis zu einer Woche und er\u00f6ffnen dir v\u00f6llig neue M\u00f6glichkeiten. Jede Packung enth\u00e4lt ein Wimpernband mit einer L\u00e4nge von 15-16 cm. Damit kannst du zwischen 2-3 Mal deine [&hellip;]<\/p>\n","protected":false},"featured_media":55505,"template":"","meta":{"_gspb_post_css":""},"store":[],"product_brand":[1430],"product_cat":[1290],"product_tag":[],"class_list":{"0":"post-55506","1":"product","2":"type-product","3":"status-publish","4":"has-post-thumbnail","6":"product_brand-girlgotlashes-de","7":"product_cat-uncategorized","9":"first","10":"instock","11":"shipping-taxable","12":"purchasable","13":"product-type-simple"},"yoast_head":"<!-- This site is optimized with the Yoast SEO plugin v24.6 - https:\/\/yoast.com\/wordpress\/plugins\/seo\/ -->\n<title>DIY Wimpernband Volume 3 | GirlGotLashes.de | Product-Guide.org<\/title>\n<meta name=\"description\" content=\"DIY Wimpernband Volume 3 | GirlGotLashes.de gefunden von Product-Guide.org\" \/>\n<meta name=\"robots\" content=\"index, follow, max-snippet:-1, max-image-preview:large, max-video-preview:-1\" \/>\n<link rel=\"canonical\" href=\"https:\/\/product-guide.org\/en\/produkt\/diy-wimpernband-volume-3-girlgotlashes-de\/\" \/>\n<meta property=\"og:locale\" content=\"en_GB\" \/>\n<meta property=\"og:type\" content=\"article\" \/>\n<meta property=\"og:title\" content=\"DIY Wimpernband Volume 3 | GirlGotLashes.de | Product-Guide.org\" \/>\n<meta property=\"og:description\" content=\"DIY Wimpernband Volume 3 | GirlGotLashes.de gefunden von Product-Guide.org\" \/>\n<meta property=\"og:url\" content=\"https:\/\/product-guide.org\/en\/produkt\/diy-wimpernband-volume-3-girlgotlashes-de\/\" \/>\n<meta property=\"og:site_name\" content=\"Product-Guide.org\" \/>\n<meta property=\"article:modified_time\" content=\"2025-03-17T11:32:23+00:00\" \/>\n<meta name=\"twitter:card\" content=\"summary_large_image\" \/>\n<script type=\"application\/ld+json\" class=\"yoast-schema-graph\">{\"@context\":\"https:\/\/schema.org\",\"@graph\":[{\"@type\":\"WebPage\",\"@id\":\"https:\/\/product-guide.org\/produkt\/diy-wimpernband-volume-3-girlgotlashes-de\/\",\"url\":\"https:\/\/product-guide.org\/produkt\/diy-wimpernband-volume-3-girlgotlashes-de\/\",\"name\":\"DIY Wimpernband Volume 3 | GirlGotLashes.de | Product-Guide.org\",\"isPartOf\":{\"@id\":\"https:\/\/product-guide.org\/#website\"},\"primaryImageOfPage\":{\"@id\":\"https:\/\/product-guide.org\/produkt\/diy-wimpernband-volume-3-girlgotlashes-de\/#primaryimage\"},\"image\":{\"@id\":\"https:\/\/product-guide.org\/produkt\/diy-wimpernband-volume-3-girlgotlashes-de\/#primaryimage\"},\"thumbnailUrl\":\"https:\/\/product-guide.org\/wp-content\/uploads\/2025\/03\/Volume-3-956655-scaled.jpg\",\"datePublished\":\"2025-03-17T11:32:22+00:00\",\"dateModified\":\"2025-03-17T11:32:23+00:00\",\"description\":\"DIY Wimpernband Volume 3 | GirlGotLashes.de gefunden von Product-Guide.org\",\"breadcrumb\":{\"@id\":\"https:\/\/product-guide.org\/produkt\/diy-wimpernband-volume-3-girlgotlashes-de\/#breadcrumb\"},\"inLanguage\":\"en-GB\",\"potentialAction\":[{\"@type\":\"ReadAction\",\"target\":[\"https:\/\/product-guide.org\/produkt\/diy-wimpernband-volume-3-girlgotlashes-de\/\"]}]},{\"@type\":\"ImageObject\",\"inLanguage\":\"en-GB\",\"@id\":\"https:\/\/product-guide.org\/produkt\/diy-wimpernband-volume-3-girlgotlashes-de\/#primaryimage\",\"url\":\"https:\/\/product-guide.org\/wp-content\/uploads\/2025\/03\/Volume-3-956655-scaled.jpg\",\"contentUrl\":\"https:\/\/product-guide.org\/wp-content\/uploads\/2025\/03\/Volume-3-956655-scaled.jpg\",\"width\":1920,\"height\":2560},{\"@type\":\"BreadcrumbList\",\"@id\":\"https:\/\/product-guide.org\/produkt\/diy-wimpernband-volume-3-girlgotlashes-de\/#breadcrumb\",\"itemListElement\":[{\"@type\":\"ListItem\",\"position\":1,\"name\":\"Home\",\"item\":\"https:\/\/product-guide.org\/\"},{\"@type\":\"ListItem\",\"position\":2,\"name\":\"Ergebnisse\",\"item\":\"https:\/\/product-guide.org\/de\/ergebnisse\/\"},{\"@type\":\"ListItem\",\"position\":3,\"name\":\"DIY Wimpernband Volume 3 | GirlGotLashes.de\"}]},{\"@type\":\"WebSite\",\"@id\":\"https:\/\/product-guide.org\/#website\",\"url\":\"https:\/\/product-guide.org\/\",\"name\":\"Product-Guide.org\",\"description\":\"What Product are you looking for?\",\"publisher\":{\"@id\":\"https:\/\/product-guide.org\/#organization\"},\"potentialAction\":[{\"@type\":\"SearchAction\",\"target\":{\"@type\":\"EntryPoint\",\"urlTemplate\":\"https:\/\/product-guide.org\/?s={search_term_string}\"},\"query-input\":{\"@type\":\"PropertyValueSpecification\",\"valueRequired\":true,\"valueName\":\"search_term_string\"}}],\"inLanguage\":\"en-GB\"},{\"@type\":\"Organization\",\"@id\":\"https:\/\/product-guide.org\/#organization\",\"name\":\"Product-Guide.org\",\"url\":\"https:\/\/product-guide.org\/\",\"logo\":{\"@type\":\"ImageObject\",\"inLanguage\":\"en-GB\",\"@id\":\"https:\/\/product-guide.org\/#\/schema\/logo\/image\/\",\"url\":\"https:\/\/product-guide.org\/wp-content\/uploads\/2022\/07\/logo_transparent_background.png\",\"contentUrl\":\"https:\/\/product-guide.org\/wp-content\/uploads\/2022\/07\/logo_transparent_background.png\",\"width\":3400,\"height\":1132,\"caption\":\"Product-Guide.org\"},\"image\":{\"@id\":\"https:\/\/product-guide.org\/#\/schema\/logo\/image\/\"}}]}<\/script>\n<!-- \/ Yoast SEO plugin. -->","yoast_head_json":{"title":"DIY Wimpernband Volume 3 | GirlGotLashes.de | Product-Guide.org","description":"DIY Wimpernband Volume 3 | GirlGotLashes.de gefunden von Product-Guide.org","robots":{"index":"index","follow":"follow","max-snippet":"max-snippet:-1","max-image-preview":"max-image-preview:large","max-video-preview":"max-video-preview:-1"},"canonical":"https:\/\/product-guide.org\/en\/produkt\/diy-wimpernband-volume-3-girlgotlashes-de\/","og_locale":"en_GB","og_type":"article","og_title":"DIY Wimpernband Volume 3 | GirlGotLashes.de | Product-Guide.org","og_description":"DIY Wimpernband Volume 3 | GirlGotLashes.de gefunden von Product-Guide.org","og_url":"https:\/\/product-guide.org\/en\/produkt\/diy-wimpernband-volume-3-girlgotlashes-de\/","og_site_name":"Product-Guide.org","article_modified_time":"2025-03-17T11:32:23+00:00","twitter_card":"summary_large_image","schema":{"@context":"https:\/\/schema.org","@graph":[{"@type":"WebPage","@id":"https:\/\/product-guide.org\/produkt\/diy-wimpernband-volume-3-girlgotlashes-de\/","url":"https:\/\/product-guide.org\/produkt\/diy-wimpernband-volume-3-girlgotlashes-de\/","name":"DIY Wimpernband Volume 3 | GirlGotLashes.de | Product-Guide.org","isPartOf":{"@id":"https:\/\/product-guide.org\/#website"},"primaryImageOfPage":{"@id":"https:\/\/product-guide.org\/produkt\/diy-wimpernband-volume-3-girlgotlashes-de\/#primaryimage"},"image":{"@id":"https:\/\/product-guide.org\/produkt\/diy-wimpernband-volume-3-girlgotlashes-de\/#primaryimage"},"thumbnailUrl":"https:\/\/product-guide.org\/wp-content\/uploads\/2025\/03\/Volume-3-956655-scaled.jpg","datePublished":"2025-03-17T11:32:22+00:00","dateModified":"2025-03-17T11:32:23+00:00","description":"DIY Wimpernband Volume 3 | GirlGotLashes.de gefunden von Product-Guide.org","breadcrumb":{"@id":"https:\/\/product-guide.org\/produkt\/diy-wimpernband-volume-3-girlgotlashes-de\/#breadcrumb"},"inLanguage":"en-GB","potentialAction":[{"@type":"ReadAction","target":["https:\/\/product-guide.org\/produkt\/diy-wimpernband-volume-3-girlgotlashes-de\/"]}]},{"@type":"ImageObject","inLanguage":"en-GB","@id":"https:\/\/product-guide.org\/produkt\/diy-wimpernband-volume-3-girlgotlashes-de\/#primaryimage","url":"https:\/\/product-guide.org\/wp-content\/uploads\/2025\/03\/Volume-3-956655-scaled.jpg","contentUrl":"https:\/\/product-guide.org\/wp-content\/uploads\/2025\/03\/Volume-3-956655-scaled.jpg","width":1920,"height":2560},{"@type":"BreadcrumbList","@id":"https:\/\/product-guide.org\/produkt\/diy-wimpernband-volume-3-girlgotlashes-de\/#breadcrumb","itemListElement":[{"@type":"ListItem","position":1,"name":"Home","item":"https:\/\/product-guide.org\/"},{"@type":"ListItem","position":2,"name":"Ergebnisse","item":"https:\/\/product-guide.org\/de\/ergebnisse\/"},{"@type":"ListItem","position":3,"name":"DIY Wimpernband Volume 3 | GirlGotLashes.de"}]},{"@type":"WebSite","@id":"https:\/\/product-guide.org\/#website","url":"https:\/\/product-guide.org\/","name":"Product-Guide.org","description":"What Product are you looking for?","publisher":{"@id":"https:\/\/product-guide.org\/#organization"},"potentialAction":[{"@type":"SearchAction","target":{"@type":"EntryPoint","urlTemplate":"https:\/\/product-guide.org\/?s={search_term_string}"},"query-input":{"@type":"PropertyValueSpecification","valueRequired":true,"valueName":"search_term_string"}}],"inLanguage":"en-GB"},{"@type":"Organization","@id":"https:\/\/product-guide.org\/#organization","name":"Product-Guide.org","url":"https:\/\/product-guide.org\/","logo":{"@type":"ImageObject","inLanguage":"en-GB","@id":"https:\/\/product-guide.org\/#\/schema\/logo\/image\/","url":"https:\/\/product-guide.org\/wp-content\/uploads\/2022\/07\/logo_transparent_background.png","contentUrl":"https:\/\/product-guide.org\/wp-content\/uploads\/2022\/07\/logo_transparent_background.png","width":3400,"height":1132,"caption":"Product-Guide.org"},"image":{"@id":"https:\/\/product-guide.org\/#\/schema\/logo\/image\/"}}]}},"_links":{"self":[{"href":"https:\/\/product-guide.org\/en\/wp-json\/wp\/v2\/product\/55506","targetHints":{"allow":["GET"]}}],"collection":[{"href":"https:\/\/product-guide.org\/en\/wp-json\/wp\/v2\/product"}],"about":[{"href":"https:\/\/product-guide.org\/en\/wp-json\/wp\/v2\/types\/product"}],"wp:featuredmedia":[{"embeddable":true,"href":"https:\/\/product-guide.org\/en\/wp-json\/wp\/v2\/media\/55505"}],"wp:attachment":[{"href":"https:\/\/product-guide.org\/en\/wp-json\/wp\/v2\/media?parent=55506"}],"wp:term":[{"taxonomy":"store","embeddable":true,"href":"https:\/\/product-guide.org\/en\/wp-json\/wp\/v2\/store?post=55506"},{"taxonomy":"product_brand","embeddable":true,"href":"https:\/\/product-guide.org\/en\/wp-json\/wp\/v2\/product_brand?post=55506"},{"taxonomy":"product_cat","embeddable":true,"href":"https:\/\/product-guide.org\/en\/wp-json\/wp\/v2\/product_cat?post=55506"},{"taxonomy":"product_tag","embeddable":true,"href":"https:\/\/product-guide.org\/en\/wp-json\/wp\/v2\/product_tag?post=55506"}],"curies":[{"name":"wp","href":"https:\/\/api.w.org\/{rel}","templated":true}]}}