{"id":55512,"date":"2025-03-17T12:32:28","date_gmt":"2025-03-17T11:32:28","guid":{"rendered":"https:\/\/product-guide.org\/produkt\/doll-eye-edition-mini-boxen-girlgotlashes-de\/"},"modified":"2025-03-17T12:32:28","modified_gmt":"2025-03-17T11:32:28","slug":"doll-eye-edition-mini-boxen-girlgotlashes-de","status":"publish","type":"product","link":"https:\/\/product-guide.org\/en\/produkt\/doll-eye-edition-mini-boxen-girlgotlashes-de\/","title":{"rendered":"Doll Eye Edition &#8211; Mini Boxen | GirlGotLashes.de"},"content":{"rendered":"<p>&#8220;If loving lashes is a crime, we plead guilty.&#8221;. Du warst IN LOVE mit der gro\u00dfen Box der Doll Eye Edition und hast dir gew\u00fcnscht deinen Favoriten g\u00e4be es auch einzeln zu kaufen? Bittesch\u00f6n, alle Styles der Doll Eye Edition Mini Boxen sind genau so angeordnet wie du sie auch zuvor in der gro\u00dfen Mixed Box testen konntest.. Du m\u00f6chtest eine dauerhafte Wimpernverl\u00e4ngerung? Die Wimpernextensions von GirlGotLashes halten bis zu einer Woche und das Beste daran ist: Du kannst die Wimpernextensions ganz einfach von Zuhause aus selbst anbringen mit geringerem Zeitaufwand und geringeren Kosten als bei einer dauerhaften Wimpernverl\u00e4ngerung im Studio und du schonst dabei sogar noch deine nat\u00fcrlichen Wimpern!. h\u00e4lt 5-7 Tage. 1 Wimpernpaar im Set enthalten. ersetzt eine professionelle Wimpernverl\u00e4ngerung. sanft und nat\u00fcrlich zu entfernen mit Kokos\u00f6l. Die DOLL EYE EDITION Mini Boxen sind unterschiedliche Styles, von nat\u00fcrlich bis dramatisch. Flutter Fling und Lash Lover waren bisher deine Favoriten? Dann sind diese Mini Boxen genau das Richtige f\u00fcr dich! Die Wimpern sind in der Mitte des Auges am l\u00e4ngsten und werden nach vorne und hinten k\u00fcrzer. Dadurch bekommst du den beliebten Dolleye Effekt.. Die L\u00e4ngen der Styles:. Doll Eye Edition N\u00b01: 10-13 mm. Doll Eye Edition N\u00b02: 12-15 mm. Doll Eye Edition N\u00b03: 12-14 mm. Doll Eye Edition N\u00b04: 10-14 mm. Doll Eye Edition N\u00b05: 10-14 mm. Unsere extra flachen und ultra leichten Wimpernextensions sind speziell daf\u00fcr designed, um unter dem eigenen Wimpernkranz angebracht zu werden. Dadurch erh\u00e4ltst du den Natural Look einer professionellen Wimpernverl\u00e4ngerung.. Handgemacht, vegan und cruelty-free.. Der Wimpernkleber und die Applikations-Tools sind nicht im Set enthalten. Eine Mini Box enth\u00e4lt ein Wimpernpaar.<\/p>\n","protected":false},"excerpt":{"rendered":"<p>&#8220;If loving lashes is a crime, we plead guilty.&#8221;. Du warst IN LOVE mit der gro\u00dfen Box der Doll Eye Edition und hast dir gew\u00fcnscht deinen Favoriten g\u00e4be es auch einzeln zu kaufen? Bittesch\u00f6n, alle Styles der Doll Eye Edition Mini Boxen sind genau so angeordnet wie du sie auch zuvor in der gro\u00dfen Mixed [&hellip;]<\/p>\n","protected":false},"featured_media":55511,"template":"","meta":{"_gspb_post_css":""},"store":[],"product_brand":[1430],"product_cat":[1290],"product_tag":[],"class_list":{"0":"post-55512","1":"product","2":"type-product","3":"status-publish","4":"has-post-thumbnail","6":"product_brand-girlgotlashes-de","7":"product_cat-uncategorized","9":"first","10":"instock","11":"shipping-taxable","12":"purchasable","13":"product-type-simple"},"yoast_head":"<!-- This site is optimized with the Yoast SEO plugin v24.6 - https:\/\/yoast.com\/wordpress\/plugins\/seo\/ -->\n<title>Doll Eye Edition - Mini Boxen | GirlGotLashes.de | Product-Guide.org<\/title>\n<meta name=\"description\" content=\"Doll Eye Edition - Mini Boxen | GirlGotLashes.de gefunden von Product-Guide.org\" \/>\n<meta name=\"robots\" content=\"index, follow, max-snippet:-1, max-image-preview:large, max-video-preview:-1\" \/>\n<link rel=\"canonical\" href=\"https:\/\/product-guide.org\/en\/produkt\/doll-eye-edition-mini-boxen-girlgotlashes-de\/\" \/>\n<meta property=\"og:locale\" content=\"en_GB\" \/>\n<meta property=\"og:type\" content=\"article\" \/>\n<meta property=\"og:title\" content=\"Doll Eye Edition - Mini Boxen | GirlGotLashes.de | Product-Guide.org\" \/>\n<meta property=\"og:description\" content=\"Doll Eye Edition - Mini Boxen | GirlGotLashes.de gefunden von Product-Guide.org\" \/>\n<meta property=\"og:url\" content=\"https:\/\/product-guide.org\/en\/produkt\/doll-eye-edition-mini-boxen-girlgotlashes-de\/\" \/>\n<meta property=\"og:site_name\" content=\"Product-Guide.org\" \/>\n<meta name=\"twitter:card\" content=\"summary_large_image\" \/>\n<script type=\"application\/ld+json\" class=\"yoast-schema-graph\">{\"@context\":\"https:\/\/schema.org\",\"@graph\":[{\"@type\":\"WebPage\",\"@id\":\"https:\/\/product-guide.org\/produkt\/doll-eye-edition-mini-boxen-girlgotlashes-de\/\",\"url\":\"https:\/\/product-guide.org\/produkt\/doll-eye-edition-mini-boxen-girlgotlashes-de\/\",\"name\":\"Doll Eye Edition - Mini Boxen | GirlGotLashes.de | Product-Guide.org\",\"isPartOf\":{\"@id\":\"https:\/\/product-guide.org\/#website\"},\"primaryImageOfPage\":{\"@id\":\"https:\/\/product-guide.org\/produkt\/doll-eye-edition-mini-boxen-girlgotlashes-de\/#primaryimage\"},\"image\":{\"@id\":\"https:\/\/product-guide.org\/produkt\/doll-eye-edition-mini-boxen-girlgotlashes-de\/#primaryimage\"},\"thumbnailUrl\":\"https:\/\/product-guide.org\/wp-content\/uploads\/2025\/03\/1-pair-box-dolleye-N1-scaled.jpg\",\"datePublished\":\"2025-03-17T11:32:28+00:00\",\"description\":\"Doll Eye Edition - Mini Boxen | GirlGotLashes.de gefunden von Product-Guide.org\",\"breadcrumb\":{\"@id\":\"https:\/\/product-guide.org\/produkt\/doll-eye-edition-mini-boxen-girlgotlashes-de\/#breadcrumb\"},\"inLanguage\":\"en-GB\",\"potentialAction\":[{\"@type\":\"ReadAction\",\"target\":[\"https:\/\/product-guide.org\/produkt\/doll-eye-edition-mini-boxen-girlgotlashes-de\/\"]}]},{\"@type\":\"ImageObject\",\"inLanguage\":\"en-GB\",\"@id\":\"https:\/\/product-guide.org\/produkt\/doll-eye-edition-mini-boxen-girlgotlashes-de\/#primaryimage\",\"url\":\"https:\/\/product-guide.org\/wp-content\/uploads\/2025\/03\/1-pair-box-dolleye-N1-scaled.jpg\",\"contentUrl\":\"https:\/\/product-guide.org\/wp-content\/uploads\/2025\/03\/1-pair-box-dolleye-N1-scaled.jpg\",\"width\":2560,\"height\":1879},{\"@type\":\"BreadcrumbList\",\"@id\":\"https:\/\/product-guide.org\/produkt\/doll-eye-edition-mini-boxen-girlgotlashes-de\/#breadcrumb\",\"itemListElement\":[{\"@type\":\"ListItem\",\"position\":1,\"name\":\"Home\",\"item\":\"https:\/\/product-guide.org\/\"},{\"@type\":\"ListItem\",\"position\":2,\"name\":\"Ergebnisse\",\"item\":\"https:\/\/product-guide.org\/de\/ergebnisse\/\"},{\"@type\":\"ListItem\",\"position\":3,\"name\":\"Doll Eye Edition &#8211; Mini Boxen | GirlGotLashes.de\"}]},{\"@type\":\"WebSite\",\"@id\":\"https:\/\/product-guide.org\/#website\",\"url\":\"https:\/\/product-guide.org\/\",\"name\":\"Product-Guide.org\",\"description\":\"What Product are you looking for?\",\"publisher\":{\"@id\":\"https:\/\/product-guide.org\/#organization\"},\"potentialAction\":[{\"@type\":\"SearchAction\",\"target\":{\"@type\":\"EntryPoint\",\"urlTemplate\":\"https:\/\/product-guide.org\/?s={search_term_string}\"},\"query-input\":{\"@type\":\"PropertyValueSpecification\",\"valueRequired\":true,\"valueName\":\"search_term_string\"}}],\"inLanguage\":\"en-GB\"},{\"@type\":\"Organization\",\"@id\":\"https:\/\/product-guide.org\/#organization\",\"name\":\"Product-Guide.org\",\"url\":\"https:\/\/product-guide.org\/\",\"logo\":{\"@type\":\"ImageObject\",\"inLanguage\":\"en-GB\",\"@id\":\"https:\/\/product-guide.org\/#\/schema\/logo\/image\/\",\"url\":\"https:\/\/product-guide.org\/wp-content\/uploads\/2022\/07\/logo_transparent_background.png\",\"contentUrl\":\"https:\/\/product-guide.org\/wp-content\/uploads\/2022\/07\/logo_transparent_background.png\",\"width\":3400,\"height\":1132,\"caption\":\"Product-Guide.org\"},\"image\":{\"@id\":\"https:\/\/product-guide.org\/#\/schema\/logo\/image\/\"}}]}<\/script>\n<!-- \/ Yoast SEO plugin. -->","yoast_head_json":{"title":"Doll Eye Edition - Mini Boxen | GirlGotLashes.de | Product-Guide.org","description":"Doll Eye Edition - Mini Boxen | GirlGotLashes.de gefunden von Product-Guide.org","robots":{"index":"index","follow":"follow","max-snippet":"max-snippet:-1","max-image-preview":"max-image-preview:large","max-video-preview":"max-video-preview:-1"},"canonical":"https:\/\/product-guide.org\/en\/produkt\/doll-eye-edition-mini-boxen-girlgotlashes-de\/","og_locale":"en_GB","og_type":"article","og_title":"Doll Eye Edition - Mini Boxen | GirlGotLashes.de | Product-Guide.org","og_description":"Doll Eye Edition - Mini Boxen | GirlGotLashes.de gefunden von Product-Guide.org","og_url":"https:\/\/product-guide.org\/en\/produkt\/doll-eye-edition-mini-boxen-girlgotlashes-de\/","og_site_name":"Product-Guide.org","twitter_card":"summary_large_image","schema":{"@context":"https:\/\/schema.org","@graph":[{"@type":"WebPage","@id":"https:\/\/product-guide.org\/produkt\/doll-eye-edition-mini-boxen-girlgotlashes-de\/","url":"https:\/\/product-guide.org\/produkt\/doll-eye-edition-mini-boxen-girlgotlashes-de\/","name":"Doll Eye Edition - Mini Boxen | GirlGotLashes.de | Product-Guide.org","isPartOf":{"@id":"https:\/\/product-guide.org\/#website"},"primaryImageOfPage":{"@id":"https:\/\/product-guide.org\/produkt\/doll-eye-edition-mini-boxen-girlgotlashes-de\/#primaryimage"},"image":{"@id":"https:\/\/product-guide.org\/produkt\/doll-eye-edition-mini-boxen-girlgotlashes-de\/#primaryimage"},"thumbnailUrl":"https:\/\/product-guide.org\/wp-content\/uploads\/2025\/03\/1-pair-box-dolleye-N1-scaled.jpg","datePublished":"2025-03-17T11:32:28+00:00","description":"Doll Eye Edition - Mini Boxen | GirlGotLashes.de gefunden von Product-Guide.org","breadcrumb":{"@id":"https:\/\/product-guide.org\/produkt\/doll-eye-edition-mini-boxen-girlgotlashes-de\/#breadcrumb"},"inLanguage":"en-GB","potentialAction":[{"@type":"ReadAction","target":["https:\/\/product-guide.org\/produkt\/doll-eye-edition-mini-boxen-girlgotlashes-de\/"]}]},{"@type":"ImageObject","inLanguage":"en-GB","@id":"https:\/\/product-guide.org\/produkt\/doll-eye-edition-mini-boxen-girlgotlashes-de\/#primaryimage","url":"https:\/\/product-guide.org\/wp-content\/uploads\/2025\/03\/1-pair-box-dolleye-N1-scaled.jpg","contentUrl":"https:\/\/product-guide.org\/wp-content\/uploads\/2025\/03\/1-pair-box-dolleye-N1-scaled.jpg","width":2560,"height":1879},{"@type":"BreadcrumbList","@id":"https:\/\/product-guide.org\/produkt\/doll-eye-edition-mini-boxen-girlgotlashes-de\/#breadcrumb","itemListElement":[{"@type":"ListItem","position":1,"name":"Home","item":"https:\/\/product-guide.org\/"},{"@type":"ListItem","position":2,"name":"Ergebnisse","item":"https:\/\/product-guide.org\/de\/ergebnisse\/"},{"@type":"ListItem","position":3,"name":"Doll Eye Edition &#8211; Mini Boxen | GirlGotLashes.de"}]},{"@type":"WebSite","@id":"https:\/\/product-guide.org\/#website","url":"https:\/\/product-guide.org\/","name":"Product-Guide.org","description":"What Product are you looking for?","publisher":{"@id":"https:\/\/product-guide.org\/#organization"},"potentialAction":[{"@type":"SearchAction","target":{"@type":"EntryPoint","urlTemplate":"https:\/\/product-guide.org\/?s={search_term_string}"},"query-input":{"@type":"PropertyValueSpecification","valueRequired":true,"valueName":"search_term_string"}}],"inLanguage":"en-GB"},{"@type":"Organization","@id":"https:\/\/product-guide.org\/#organization","name":"Product-Guide.org","url":"https:\/\/product-guide.org\/","logo":{"@type":"ImageObject","inLanguage":"en-GB","@id":"https:\/\/product-guide.org\/#\/schema\/logo\/image\/","url":"https:\/\/product-guide.org\/wp-content\/uploads\/2022\/07\/logo_transparent_background.png","contentUrl":"https:\/\/product-guide.org\/wp-content\/uploads\/2022\/07\/logo_transparent_background.png","width":3400,"height":1132,"caption":"Product-Guide.org"},"image":{"@id":"https:\/\/product-guide.org\/#\/schema\/logo\/image\/"}}]}},"_links":{"self":[{"href":"https:\/\/product-guide.org\/en\/wp-json\/wp\/v2\/product\/55512","targetHints":{"allow":["GET"]}}],"collection":[{"href":"https:\/\/product-guide.org\/en\/wp-json\/wp\/v2\/product"}],"about":[{"href":"https:\/\/product-guide.org\/en\/wp-json\/wp\/v2\/types\/product"}],"wp:featuredmedia":[{"embeddable":true,"href":"https:\/\/product-guide.org\/en\/wp-json\/wp\/v2\/media\/55511"}],"wp:attachment":[{"href":"https:\/\/product-guide.org\/en\/wp-json\/wp\/v2\/media?parent=55512"}],"wp:term":[{"taxonomy":"store","embeddable":true,"href":"https:\/\/product-guide.org\/en\/wp-json\/wp\/v2\/store?post=55512"},{"taxonomy":"product_brand","embeddable":true,"href":"https:\/\/product-guide.org\/en\/wp-json\/wp\/v2\/product_brand?post=55512"},{"taxonomy":"product_cat","embeddable":true,"href":"https:\/\/product-guide.org\/en\/wp-json\/wp\/v2\/product_cat?post=55512"},{"taxonomy":"product_tag","embeddable":true,"href":"https:\/\/product-guide.org\/en\/wp-json\/wp\/v2\/product_tag?post=55512"}],"curies":[{"name":"wp","href":"https:\/\/api.w.org\/{rel}","templated":true}]}}