{"id":55537,"date":"2025-03-17T12:33:18","date_gmt":"2025-03-17T11:33:18","guid":{"rendered":"https:\/\/product-guide.org\/produkt\/geschenkgutschein-zum-uberreichen-girlgotlashes-de-2\/"},"modified":"2025-03-17T12:33:18","modified_gmt":"2025-03-17T11:33:18","slug":"geschenkgutschein-zum-uberreichen-girlgotlashes-de-2","status":"publish","type":"product","link":"https:\/\/product-guide.org\/en\/produkt\/geschenkgutschein-zum-uberreichen-girlgotlashes-de-2\/","title":{"rendered":"Geschenkgutschein zum \u00dcberreichen | GirlGotLashes.de"},"content":{"rendered":"<p>&#8220;A special gift for you&#8221;. Du m\u00f6chtest die DIY Wimpernextensions von GirlGotLashes gerne verschenken, bist dir aber nicht sicher, welcher Style der richtige ist?. Dann ist der GirlGotLashes Geschenkgutschein genau das passende Geschenk f\u00fcr deine Liebsten.. Du erh\u00e4ltst direkt nach dem Kauf den sch\u00f6n verpackten Geschenkgutschein per Post zugesendet. Garantierte Lieferung vor Weihnachten.<\/p>\n","protected":false},"excerpt":{"rendered":"<p>&#8220;A special gift for you&#8221;. Du m\u00f6chtest die DIY Wimpernextensions von GirlGotLashes gerne verschenken, bist dir aber nicht sicher, welcher Style der richtige ist?. Dann ist der GirlGotLashes Geschenkgutschein genau das passende Geschenk f\u00fcr deine Liebsten.. Du erh\u00e4ltst direkt nach dem Kauf den sch\u00f6n verpackten Geschenkgutschein per Post zugesendet. Garantierte Lieferung vor Weihnachten.<\/p>\n","protected":false},"featured_media":55535,"template":"","meta":{"_gspb_post_css":""},"store":[],"product_brand":[1430],"product_cat":[1290],"product_tag":[],"class_list":{"0":"post-55537","1":"product","2":"type-product","3":"status-publish","4":"has-post-thumbnail","6":"product_brand-girlgotlashes-de","7":"product_cat-uncategorized","9":"first","10":"instock","11":"shipping-taxable","12":"purchasable","13":"product-type-simple"},"yoast_head":"<!-- This site is optimized with the Yoast SEO plugin v24.6 - https:\/\/yoast.com\/wordpress\/plugins\/seo\/ -->\n<title>Geschenkgutschein zum \u00dcberreichen | GirlGotLashes.de | Product-Guide.org<\/title>\n<meta name=\"description\" content=\"Geschenkgutschein zum \u00dcberreichen | GirlGotLashes.de gefunden von Product-Guide.org\" \/>\n<meta name=\"robots\" content=\"index, follow, max-snippet:-1, max-image-preview:large, max-video-preview:-1\" \/>\n<link rel=\"canonical\" href=\"https:\/\/product-guide.org\/en\/produkt\/geschenkgutschein-zum-uberreichen-girlgotlashes-de-2\/\" \/>\n<meta property=\"og:locale\" content=\"en_GB\" \/>\n<meta property=\"og:type\" content=\"article\" \/>\n<meta property=\"og:title\" content=\"Geschenkgutschein zum \u00dcberreichen | GirlGotLashes.de | Product-Guide.org\" \/>\n<meta property=\"og:description\" content=\"Geschenkgutschein zum \u00dcberreichen | GirlGotLashes.de gefunden von Product-Guide.org\" \/>\n<meta property=\"og:url\" content=\"https:\/\/product-guide.org\/en\/produkt\/geschenkgutschein-zum-uberreichen-girlgotlashes-de-2\/\" \/>\n<meta property=\"og:site_name\" content=\"Product-Guide.org\" \/>\n<meta name=\"twitter:card\" content=\"summary_large_image\" \/>\n<script type=\"application\/ld+json\" class=\"yoast-schema-graph\">{\"@context\":\"https:\/\/schema.org\",\"@graph\":[{\"@type\":\"WebPage\",\"@id\":\"https:\/\/product-guide.org\/produkt\/geschenkgutschein-zum-uberreichen-girlgotlashes-de-2\/\",\"url\":\"https:\/\/product-guide.org\/produkt\/geschenkgutschein-zum-uberreichen-girlgotlashes-de-2\/\",\"name\":\"Geschenkgutschein zum \u00dcberreichen | GirlGotLashes.de | Product-Guide.org\",\"isPartOf\":{\"@id\":\"https:\/\/product-guide.org\/#website\"},\"primaryImageOfPage\":{\"@id\":\"https:\/\/product-guide.org\/produkt\/geschenkgutschein-zum-uberreichen-girlgotlashes-de-2\/#primaryimage\"},\"image\":{\"@id\":\"https:\/\/product-guide.org\/produkt\/geschenkgutschein-zum-uberreichen-girlgotlashes-de-2\/#primaryimage\"},\"thumbnailUrl\":\"https:\/\/product-guide.org\/wp-content\/uploads\/2025\/03\/GiftCard-Physisch_bc122869-1944-4ad1-89db-611e4bc91659-653584.jpg\",\"datePublished\":\"2025-03-17T11:33:18+00:00\",\"description\":\"Geschenkgutschein zum \u00dcberreichen | GirlGotLashes.de gefunden von Product-Guide.org\",\"breadcrumb\":{\"@id\":\"https:\/\/product-guide.org\/produkt\/geschenkgutschein-zum-uberreichen-girlgotlashes-de-2\/#breadcrumb\"},\"inLanguage\":\"en-GB\",\"potentialAction\":[{\"@type\":\"ReadAction\",\"target\":[\"https:\/\/product-guide.org\/produkt\/geschenkgutschein-zum-uberreichen-girlgotlashes-de-2\/\"]}]},{\"@type\":\"ImageObject\",\"inLanguage\":\"en-GB\",\"@id\":\"https:\/\/product-guide.org\/produkt\/geschenkgutschein-zum-uberreichen-girlgotlashes-de-2\/#primaryimage\",\"url\":\"https:\/\/product-guide.org\/wp-content\/uploads\/2025\/03\/GiftCard-Physisch_bc122869-1944-4ad1-89db-611e4bc91659-653584.jpg\",\"contentUrl\":\"https:\/\/product-guide.org\/wp-content\/uploads\/2025\/03\/GiftCard-Physisch_bc122869-1944-4ad1-89db-611e4bc91659-653584.jpg\",\"width\":1056,\"height\":768},{\"@type\":\"BreadcrumbList\",\"@id\":\"https:\/\/product-guide.org\/produkt\/geschenkgutschein-zum-uberreichen-girlgotlashes-de-2\/#breadcrumb\",\"itemListElement\":[{\"@type\":\"ListItem\",\"position\":1,\"name\":\"Home\",\"item\":\"https:\/\/product-guide.org\/\"},{\"@type\":\"ListItem\",\"position\":2,\"name\":\"Ergebnisse\",\"item\":\"https:\/\/product-guide.org\/de\/ergebnisse\/\"},{\"@type\":\"ListItem\",\"position\":3,\"name\":\"Geschenkgutschein zum \u00dcberreichen | GirlGotLashes.de\"}]},{\"@type\":\"WebSite\",\"@id\":\"https:\/\/product-guide.org\/#website\",\"url\":\"https:\/\/product-guide.org\/\",\"name\":\"Product-Guide.org\",\"description\":\"What Product are you looking for?\",\"publisher\":{\"@id\":\"https:\/\/product-guide.org\/#organization\"},\"potentialAction\":[{\"@type\":\"SearchAction\",\"target\":{\"@type\":\"EntryPoint\",\"urlTemplate\":\"https:\/\/product-guide.org\/?s={search_term_string}\"},\"query-input\":{\"@type\":\"PropertyValueSpecification\",\"valueRequired\":true,\"valueName\":\"search_term_string\"}}],\"inLanguage\":\"en-GB\"},{\"@type\":\"Organization\",\"@id\":\"https:\/\/product-guide.org\/#organization\",\"name\":\"Product-Guide.org\",\"url\":\"https:\/\/product-guide.org\/\",\"logo\":{\"@type\":\"ImageObject\",\"inLanguage\":\"en-GB\",\"@id\":\"https:\/\/product-guide.org\/#\/schema\/logo\/image\/\",\"url\":\"https:\/\/product-guide.org\/wp-content\/uploads\/2022\/07\/logo_transparent_background.png\",\"contentUrl\":\"https:\/\/product-guide.org\/wp-content\/uploads\/2022\/07\/logo_transparent_background.png\",\"width\":3400,\"height\":1132,\"caption\":\"Product-Guide.org\"},\"image\":{\"@id\":\"https:\/\/product-guide.org\/#\/schema\/logo\/image\/\"}}]}<\/script>\n<!-- \/ Yoast SEO plugin. -->","yoast_head_json":{"title":"Geschenkgutschein zum \u00dcberreichen | GirlGotLashes.de | Product-Guide.org","description":"Geschenkgutschein zum \u00dcberreichen | GirlGotLashes.de gefunden von Product-Guide.org","robots":{"index":"index","follow":"follow","max-snippet":"max-snippet:-1","max-image-preview":"max-image-preview:large","max-video-preview":"max-video-preview:-1"},"canonical":"https:\/\/product-guide.org\/en\/produkt\/geschenkgutschein-zum-uberreichen-girlgotlashes-de-2\/","og_locale":"en_GB","og_type":"article","og_title":"Geschenkgutschein zum \u00dcberreichen | GirlGotLashes.de | Product-Guide.org","og_description":"Geschenkgutschein zum \u00dcberreichen | GirlGotLashes.de gefunden von Product-Guide.org","og_url":"https:\/\/product-guide.org\/en\/produkt\/geschenkgutschein-zum-uberreichen-girlgotlashes-de-2\/","og_site_name":"Product-Guide.org","twitter_card":"summary_large_image","schema":{"@context":"https:\/\/schema.org","@graph":[{"@type":"WebPage","@id":"https:\/\/product-guide.org\/produkt\/geschenkgutschein-zum-uberreichen-girlgotlashes-de-2\/","url":"https:\/\/product-guide.org\/produkt\/geschenkgutschein-zum-uberreichen-girlgotlashes-de-2\/","name":"Geschenkgutschein zum \u00dcberreichen | GirlGotLashes.de | Product-Guide.org","isPartOf":{"@id":"https:\/\/product-guide.org\/#website"},"primaryImageOfPage":{"@id":"https:\/\/product-guide.org\/produkt\/geschenkgutschein-zum-uberreichen-girlgotlashes-de-2\/#primaryimage"},"image":{"@id":"https:\/\/product-guide.org\/produkt\/geschenkgutschein-zum-uberreichen-girlgotlashes-de-2\/#primaryimage"},"thumbnailUrl":"https:\/\/product-guide.org\/wp-content\/uploads\/2025\/03\/GiftCard-Physisch_bc122869-1944-4ad1-89db-611e4bc91659-653584.jpg","datePublished":"2025-03-17T11:33:18+00:00","description":"Geschenkgutschein zum \u00dcberreichen | GirlGotLashes.de gefunden von Product-Guide.org","breadcrumb":{"@id":"https:\/\/product-guide.org\/produkt\/geschenkgutschein-zum-uberreichen-girlgotlashes-de-2\/#breadcrumb"},"inLanguage":"en-GB","potentialAction":[{"@type":"ReadAction","target":["https:\/\/product-guide.org\/produkt\/geschenkgutschein-zum-uberreichen-girlgotlashes-de-2\/"]}]},{"@type":"ImageObject","inLanguage":"en-GB","@id":"https:\/\/product-guide.org\/produkt\/geschenkgutschein-zum-uberreichen-girlgotlashes-de-2\/#primaryimage","url":"https:\/\/product-guide.org\/wp-content\/uploads\/2025\/03\/GiftCard-Physisch_bc122869-1944-4ad1-89db-611e4bc91659-653584.jpg","contentUrl":"https:\/\/product-guide.org\/wp-content\/uploads\/2025\/03\/GiftCard-Physisch_bc122869-1944-4ad1-89db-611e4bc91659-653584.jpg","width":1056,"height":768},{"@type":"BreadcrumbList","@id":"https:\/\/product-guide.org\/produkt\/geschenkgutschein-zum-uberreichen-girlgotlashes-de-2\/#breadcrumb","itemListElement":[{"@type":"ListItem","position":1,"name":"Home","item":"https:\/\/product-guide.org\/"},{"@type":"ListItem","position":2,"name":"Ergebnisse","item":"https:\/\/product-guide.org\/de\/ergebnisse\/"},{"@type":"ListItem","position":3,"name":"Geschenkgutschein zum \u00dcberreichen | GirlGotLashes.de"}]},{"@type":"WebSite","@id":"https:\/\/product-guide.org\/#website","url":"https:\/\/product-guide.org\/","name":"Product-Guide.org","description":"What Product are you looking for?","publisher":{"@id":"https:\/\/product-guide.org\/#organization"},"potentialAction":[{"@type":"SearchAction","target":{"@type":"EntryPoint","urlTemplate":"https:\/\/product-guide.org\/?s={search_term_string}"},"query-input":{"@type":"PropertyValueSpecification","valueRequired":true,"valueName":"search_term_string"}}],"inLanguage":"en-GB"},{"@type":"Organization","@id":"https:\/\/product-guide.org\/#organization","name":"Product-Guide.org","url":"https:\/\/product-guide.org\/","logo":{"@type":"ImageObject","inLanguage":"en-GB","@id":"https:\/\/product-guide.org\/#\/schema\/logo\/image\/","url":"https:\/\/product-guide.org\/wp-content\/uploads\/2022\/07\/logo_transparent_background.png","contentUrl":"https:\/\/product-guide.org\/wp-content\/uploads\/2022\/07\/logo_transparent_background.png","width":3400,"height":1132,"caption":"Product-Guide.org"},"image":{"@id":"https:\/\/product-guide.org\/#\/schema\/logo\/image\/"}}]}},"_links":{"self":[{"href":"https:\/\/product-guide.org\/en\/wp-json\/wp\/v2\/product\/55537","targetHints":{"allow":["GET"]}}],"collection":[{"href":"https:\/\/product-guide.org\/en\/wp-json\/wp\/v2\/product"}],"about":[{"href":"https:\/\/product-guide.org\/en\/wp-json\/wp\/v2\/types\/product"}],"wp:featuredmedia":[{"embeddable":true,"href":"https:\/\/product-guide.org\/en\/wp-json\/wp\/v2\/media\/55535"}],"wp:attachment":[{"href":"https:\/\/product-guide.org\/en\/wp-json\/wp\/v2\/media?parent=55537"}],"wp:term":[{"taxonomy":"store","embeddable":true,"href":"https:\/\/product-guide.org\/en\/wp-json\/wp\/v2\/store?post=55537"},{"taxonomy":"product_brand","embeddable":true,"href":"https:\/\/product-guide.org\/en\/wp-json\/wp\/v2\/product_brand?post=55537"},{"taxonomy":"product_cat","embeddable":true,"href":"https:\/\/product-guide.org\/en\/wp-json\/wp\/v2\/product_cat?post=55537"},{"taxonomy":"product_tag","embeddable":true,"href":"https:\/\/product-guide.org\/en\/wp-json\/wp\/v2\/product_tag?post=55537"}],"curies":[{"name":"wp","href":"https:\/\/api.w.org\/{rel}","templated":true}]}}