{"id":55542,"date":"2025-03-17T12:33:27","date_gmt":"2025-03-17T11:33:27","guid":{"rendered":"https:\/\/product-guide.org\/produkt\/map-it-easy-lash-pad-girlgotlashes-de\/"},"modified":"2025-03-17T12:33:27","modified_gmt":"2025-03-17T11:33:27","slug":"map-it-easy-lash-pad-girlgotlashes-de","status":"publish","type":"product","link":"https:\/\/product-guide.org\/en\/produkt\/map-it-easy-lash-pad-girlgotlashes-de\/","title":{"rendered":"MAP IT EASY &#8211; Lash Pad | GirlGotLashes.de"},"content":{"rendered":"<p>Das wiederverwendbare Lash Pad von GirlGotLashes ist ein Muss f\u00fcr jeden GGL Lover! Du kannst deine vorbereiteten Wimpernextensions darauf platzieren. Sie halten auf dem Lash Pad ohne zu verrutschen oder durcheinander zu geraten.. Platziere deine Wimpernextensions in der richtigen Reihenfolge direkt vor dir auf deinem Lash Pad. Das ist eine tolle Methode, um deine eigene Lash Map zu kreieren. Spiele mit den unterschiedlichen Styles und Wimpernb\u00e4ndern und finde deinen eigenen Look. Dadurch siehst du direkt wie dieser am Auge aussehen wird.. Zum Produkt:. Klebriges, transparentes Silikon Pad. Wiederverwendbar. Entferne die Schutzfolie an einer Seite (oder beiden, wenn du es bspw. an einem Spiegel anbringen m\u00f6chtest).. Bewahre dein Lash Pad mit der Schutzfolie auf um solange wie m\u00f6glich Freude daran zu haben. S\u00e4ubere es mit kaltem Wasser und lass es gut trocknen bevor du es wieder verwendest<\/p>\n","protected":false},"excerpt":{"rendered":"<p>Das wiederverwendbare Lash Pad von GirlGotLashes ist ein Muss f\u00fcr jeden GGL Lover! Du kannst deine vorbereiteten Wimpernextensions darauf platzieren. Sie halten auf dem Lash Pad ohne zu verrutschen oder durcheinander zu geraten.. Platziere deine Wimpernextensions in der richtigen Reihenfolge direkt vor dir auf deinem Lash Pad. Das ist eine tolle Methode, um deine eigene [&hellip;]<\/p>\n","protected":false},"featured_media":55541,"template":"","meta":{"_gspb_post_css":""},"store":[],"product_brand":[1430],"product_cat":[1290],"product_tag":[],"class_list":{"0":"post-55542","1":"product","2":"type-product","3":"status-publish","4":"has-post-thumbnail","6":"product_brand-girlgotlashes-de","7":"product_cat-uncategorized","9":"first","10":"instock","11":"shipping-taxable","12":"purchasable","13":"product-type-simple"},"yoast_head":"<!-- This site is optimized with the Yoast SEO plugin v24.6 - https:\/\/yoast.com\/wordpress\/plugins\/seo\/ -->\n<title>MAP IT EASY - Lash Pad | GirlGotLashes.de | Product-Guide.org<\/title>\n<meta name=\"description\" content=\"MAP IT EASY - Lash Pad | GirlGotLashes.de gefunden von Product-Guide.org\" \/>\n<meta name=\"robots\" content=\"index, follow, max-snippet:-1, max-image-preview:large, max-video-preview:-1\" \/>\n<link rel=\"canonical\" href=\"https:\/\/product-guide.org\/en\/produkt\/map-it-easy-lash-pad-girlgotlashes-de\/\" \/>\n<meta property=\"og:locale\" content=\"en_GB\" \/>\n<meta property=\"og:type\" content=\"article\" \/>\n<meta property=\"og:title\" content=\"MAP IT EASY - Lash Pad | GirlGotLashes.de | Product-Guide.org\" \/>\n<meta property=\"og:description\" content=\"MAP IT EASY - Lash Pad | GirlGotLashes.de gefunden von Product-Guide.org\" \/>\n<meta property=\"og:url\" content=\"https:\/\/product-guide.org\/en\/produkt\/map-it-easy-lash-pad-girlgotlashes-de\/\" \/>\n<meta property=\"og:site_name\" content=\"Product-Guide.org\" \/>\n<meta name=\"twitter:card\" content=\"summary_large_image\" \/>\n<script type=\"application\/ld+json\" class=\"yoast-schema-graph\">{\"@context\":\"https:\/\/schema.org\",\"@graph\":[{\"@type\":\"WebPage\",\"@id\":\"https:\/\/product-guide.org\/produkt\/map-it-easy-lash-pad-girlgotlashes-de\/\",\"url\":\"https:\/\/product-guide.org\/produkt\/map-it-easy-lash-pad-girlgotlashes-de\/\",\"name\":\"MAP IT EASY - Lash Pad | GirlGotLashes.de | Product-Guide.org\",\"isPartOf\":{\"@id\":\"https:\/\/product-guide.org\/#website\"},\"primaryImageOfPage\":{\"@id\":\"https:\/\/product-guide.org\/produkt\/map-it-easy-lash-pad-girlgotlashes-de\/#primaryimage\"},\"image\":{\"@id\":\"https:\/\/product-guide.org\/produkt\/map-it-easy-lash-pad-girlgotlashes-de\/#primaryimage\"},\"thumbnailUrl\":\"https:\/\/product-guide.org\/wp-content\/uploads\/2025\/03\/Lash-Pad-vertical-463149-scaled.jpg\",\"datePublished\":\"2025-03-17T11:33:27+00:00\",\"description\":\"MAP IT EASY - Lash Pad | GirlGotLashes.de gefunden von Product-Guide.org\",\"breadcrumb\":{\"@id\":\"https:\/\/product-guide.org\/produkt\/map-it-easy-lash-pad-girlgotlashes-de\/#breadcrumb\"},\"inLanguage\":\"en-GB\",\"potentialAction\":[{\"@type\":\"ReadAction\",\"target\":[\"https:\/\/product-guide.org\/produkt\/map-it-easy-lash-pad-girlgotlashes-de\/\"]}]},{\"@type\":\"ImageObject\",\"inLanguage\":\"en-GB\",\"@id\":\"https:\/\/product-guide.org\/produkt\/map-it-easy-lash-pad-girlgotlashes-de\/#primaryimage\",\"url\":\"https:\/\/product-guide.org\/wp-content\/uploads\/2025\/03\/Lash-Pad-vertical-463149-scaled.jpg\",\"contentUrl\":\"https:\/\/product-guide.org\/wp-content\/uploads\/2025\/03\/Lash-Pad-vertical-463149-scaled.jpg\",\"width\":1920,\"height\":2560},{\"@type\":\"BreadcrumbList\",\"@id\":\"https:\/\/product-guide.org\/produkt\/map-it-easy-lash-pad-girlgotlashes-de\/#breadcrumb\",\"itemListElement\":[{\"@type\":\"ListItem\",\"position\":1,\"name\":\"Home\",\"item\":\"https:\/\/product-guide.org\/\"},{\"@type\":\"ListItem\",\"position\":2,\"name\":\"Ergebnisse\",\"item\":\"https:\/\/product-guide.org\/de\/ergebnisse\/\"},{\"@type\":\"ListItem\",\"position\":3,\"name\":\"MAP IT EASY &#8211; Lash Pad | GirlGotLashes.de\"}]},{\"@type\":\"WebSite\",\"@id\":\"https:\/\/product-guide.org\/#website\",\"url\":\"https:\/\/product-guide.org\/\",\"name\":\"Product-Guide.org\",\"description\":\"What Product are you looking for?\",\"publisher\":{\"@id\":\"https:\/\/product-guide.org\/#organization\"},\"potentialAction\":[{\"@type\":\"SearchAction\",\"target\":{\"@type\":\"EntryPoint\",\"urlTemplate\":\"https:\/\/product-guide.org\/?s={search_term_string}\"},\"query-input\":{\"@type\":\"PropertyValueSpecification\",\"valueRequired\":true,\"valueName\":\"search_term_string\"}}],\"inLanguage\":\"en-GB\"},{\"@type\":\"Organization\",\"@id\":\"https:\/\/product-guide.org\/#organization\",\"name\":\"Product-Guide.org\",\"url\":\"https:\/\/product-guide.org\/\",\"logo\":{\"@type\":\"ImageObject\",\"inLanguage\":\"en-GB\",\"@id\":\"https:\/\/product-guide.org\/#\/schema\/logo\/image\/\",\"url\":\"https:\/\/product-guide.org\/wp-content\/uploads\/2022\/07\/logo_transparent_background.png\",\"contentUrl\":\"https:\/\/product-guide.org\/wp-content\/uploads\/2022\/07\/logo_transparent_background.png\",\"width\":3400,\"height\":1132,\"caption\":\"Product-Guide.org\"},\"image\":{\"@id\":\"https:\/\/product-guide.org\/#\/schema\/logo\/image\/\"}}]}<\/script>\n<!-- \/ Yoast SEO plugin. -->","yoast_head_json":{"title":"MAP IT EASY - Lash Pad | GirlGotLashes.de | Product-Guide.org","description":"MAP IT EASY - Lash Pad | GirlGotLashes.de gefunden von Product-Guide.org","robots":{"index":"index","follow":"follow","max-snippet":"max-snippet:-1","max-image-preview":"max-image-preview:large","max-video-preview":"max-video-preview:-1"},"canonical":"https:\/\/product-guide.org\/en\/produkt\/map-it-easy-lash-pad-girlgotlashes-de\/","og_locale":"en_GB","og_type":"article","og_title":"MAP IT EASY - Lash Pad | GirlGotLashes.de | Product-Guide.org","og_description":"MAP IT EASY - Lash Pad | GirlGotLashes.de gefunden von Product-Guide.org","og_url":"https:\/\/product-guide.org\/en\/produkt\/map-it-easy-lash-pad-girlgotlashes-de\/","og_site_name":"Product-Guide.org","twitter_card":"summary_large_image","schema":{"@context":"https:\/\/schema.org","@graph":[{"@type":"WebPage","@id":"https:\/\/product-guide.org\/produkt\/map-it-easy-lash-pad-girlgotlashes-de\/","url":"https:\/\/product-guide.org\/produkt\/map-it-easy-lash-pad-girlgotlashes-de\/","name":"MAP IT EASY - Lash Pad | GirlGotLashes.de | Product-Guide.org","isPartOf":{"@id":"https:\/\/product-guide.org\/#website"},"primaryImageOfPage":{"@id":"https:\/\/product-guide.org\/produkt\/map-it-easy-lash-pad-girlgotlashes-de\/#primaryimage"},"image":{"@id":"https:\/\/product-guide.org\/produkt\/map-it-easy-lash-pad-girlgotlashes-de\/#primaryimage"},"thumbnailUrl":"https:\/\/product-guide.org\/wp-content\/uploads\/2025\/03\/Lash-Pad-vertical-463149-scaled.jpg","datePublished":"2025-03-17T11:33:27+00:00","description":"MAP IT EASY - Lash Pad | GirlGotLashes.de gefunden von Product-Guide.org","breadcrumb":{"@id":"https:\/\/product-guide.org\/produkt\/map-it-easy-lash-pad-girlgotlashes-de\/#breadcrumb"},"inLanguage":"en-GB","potentialAction":[{"@type":"ReadAction","target":["https:\/\/product-guide.org\/produkt\/map-it-easy-lash-pad-girlgotlashes-de\/"]}]},{"@type":"ImageObject","inLanguage":"en-GB","@id":"https:\/\/product-guide.org\/produkt\/map-it-easy-lash-pad-girlgotlashes-de\/#primaryimage","url":"https:\/\/product-guide.org\/wp-content\/uploads\/2025\/03\/Lash-Pad-vertical-463149-scaled.jpg","contentUrl":"https:\/\/product-guide.org\/wp-content\/uploads\/2025\/03\/Lash-Pad-vertical-463149-scaled.jpg","width":1920,"height":2560},{"@type":"BreadcrumbList","@id":"https:\/\/product-guide.org\/produkt\/map-it-easy-lash-pad-girlgotlashes-de\/#breadcrumb","itemListElement":[{"@type":"ListItem","position":1,"name":"Home","item":"https:\/\/product-guide.org\/"},{"@type":"ListItem","position":2,"name":"Ergebnisse","item":"https:\/\/product-guide.org\/de\/ergebnisse\/"},{"@type":"ListItem","position":3,"name":"MAP IT EASY &#8211; Lash Pad | GirlGotLashes.de"}]},{"@type":"WebSite","@id":"https:\/\/product-guide.org\/#website","url":"https:\/\/product-guide.org\/","name":"Product-Guide.org","description":"What Product are you looking for?","publisher":{"@id":"https:\/\/product-guide.org\/#organization"},"potentialAction":[{"@type":"SearchAction","target":{"@type":"EntryPoint","urlTemplate":"https:\/\/product-guide.org\/?s={search_term_string}"},"query-input":{"@type":"PropertyValueSpecification","valueRequired":true,"valueName":"search_term_string"}}],"inLanguage":"en-GB"},{"@type":"Organization","@id":"https:\/\/product-guide.org\/#organization","name":"Product-Guide.org","url":"https:\/\/product-guide.org\/","logo":{"@type":"ImageObject","inLanguage":"en-GB","@id":"https:\/\/product-guide.org\/#\/schema\/logo\/image\/","url":"https:\/\/product-guide.org\/wp-content\/uploads\/2022\/07\/logo_transparent_background.png","contentUrl":"https:\/\/product-guide.org\/wp-content\/uploads\/2022\/07\/logo_transparent_background.png","width":3400,"height":1132,"caption":"Product-Guide.org"},"image":{"@id":"https:\/\/product-guide.org\/#\/schema\/logo\/image\/"}}]}},"_links":{"self":[{"href":"https:\/\/product-guide.org\/en\/wp-json\/wp\/v2\/product\/55542","targetHints":{"allow":["GET"]}}],"collection":[{"href":"https:\/\/product-guide.org\/en\/wp-json\/wp\/v2\/product"}],"about":[{"href":"https:\/\/product-guide.org\/en\/wp-json\/wp\/v2\/types\/product"}],"wp:featuredmedia":[{"embeddable":true,"href":"https:\/\/product-guide.org\/en\/wp-json\/wp\/v2\/media\/55541"}],"wp:attachment":[{"href":"https:\/\/product-guide.org\/en\/wp-json\/wp\/v2\/media?parent=55542"}],"wp:term":[{"taxonomy":"store","embeddable":true,"href":"https:\/\/product-guide.org\/en\/wp-json\/wp\/v2\/store?post=55542"},{"taxonomy":"product_brand","embeddable":true,"href":"https:\/\/product-guide.org\/en\/wp-json\/wp\/v2\/product_brand?post=55542"},{"taxonomy":"product_cat","embeddable":true,"href":"https:\/\/product-guide.org\/en\/wp-json\/wp\/v2\/product_cat?post=55542"},{"taxonomy":"product_tag","embeddable":true,"href":"https:\/\/product-guide.org\/en\/wp-json\/wp\/v2\/product_tag?post=55542"}],"curies":[{"name":"wp","href":"https:\/\/api.w.org\/{rel}","templated":true}]}}