{"id":55554,"date":"2025-03-17T12:33:48","date_gmt":"2025-03-17T11:33:48","guid":{"rendered":"https:\/\/product-guide.org\/produkt\/boss-babe-mini-box-girlgotlashes-de\/"},"modified":"2025-03-17T12:33:48","modified_gmt":"2025-03-17T11:33:48","slug":"boss-babe-mini-box-girlgotlashes-de","status":"publish","type":"product","link":"https:\/\/product-guide.org\/en\/produkt\/boss-babe-mini-box-girlgotlashes-de\/","title":{"rendered":"Boss Babe &#8211; Mini Box | GirlGotLashes.de"},"content":{"rendered":"<p>Die Wimpern-verl\u00e4ngerung zum Selbermachen.. Du m\u00f6chtest eine dauerhafte Wimpernverl\u00e4ngerung? Die Wimpernextensions von GirlGotLashes halten bis zu einer Woche und das Beste daran ist: Du kannst die Wimpernextensions ganz einfach von Zuhause aus selbst anbringen mit geringerem Zeitaufwand und geringeren Kosten als bei einer dauerhaften Wimpernverl\u00e4ngerung im Studio und du schonst dabei sogar noch deine nat\u00fcrlichen Wimpern!. h\u00e4lt 5-7 Tage. ersetzt eine professionelle Wimpernverl\u00e4ngerung. sanft und nat\u00fcrlich zu entfernen mit Kokos\u00f6l. BOSS BABE ist mit 15-16 mm L\u00e4nge und f\u00fclligem Volumen unser l\u00e4ngster und dramatischster Style. Du bist ein echtes Boss Babe? Du willst Wimpern die auffallen? Dann ist das der richtige Look f\u00fcr dich! Viel Volumen und L\u00e4nge betonen deine Augen und setzen ein Statement.. Unsere extra flachen und ultra leichten Wimpernextensions sind speziell daf\u00fcr designed, um unter dem eigenen Wimpernkranz angebracht zu werden. Dadurch erh\u00e4ltst du den Natural Look einer professionellen Wimpernverl\u00e4ngerung.. Handgemacht, vegan und cruelty-free.. Der Wimpernkleber und die Applikations-Tools sind nicht enthalten. Enth\u00e4lt ein Wimpernpaar.<\/p>\n","protected":false},"excerpt":{"rendered":"<p>Die Wimpern-verl\u00e4ngerung zum Selbermachen.. Du m\u00f6chtest eine dauerhafte Wimpernverl\u00e4ngerung? Die Wimpernextensions von GirlGotLashes halten bis zu einer Woche und das Beste daran ist: Du kannst die Wimpernextensions ganz einfach von Zuhause aus selbst anbringen mit geringerem Zeitaufwand und geringeren Kosten als bei einer dauerhaften Wimpernverl\u00e4ngerung im Studio und du schonst dabei sogar noch deine nat\u00fcrlichen [&hellip;]<\/p>\n","protected":false},"featured_media":55553,"template":"","meta":{"_gspb_post_css":""},"store":[],"product_brand":[1430],"product_cat":[1290],"product_tag":[],"class_list":{"0":"post-55554","1":"product","2":"type-product","3":"status-publish","4":"has-post-thumbnail","6":"product_brand-girlgotlashes-de","7":"product_cat-uncategorized","9":"first","10":"instock","11":"shipping-taxable","12":"purchasable","13":"product-type-simple"},"yoast_head":"<!-- This site is optimized with the Yoast SEO plugin v24.6 - https:\/\/yoast.com\/wordpress\/plugins\/seo\/ -->\n<title>Boss Babe - Mini Box | GirlGotLashes.de | Product-Guide.org<\/title>\n<meta name=\"description\" content=\"Boss Babe - Mini Box | GirlGotLashes.de gefunden von Product-Guide.org\" \/>\n<meta name=\"robots\" content=\"index, follow, max-snippet:-1, max-image-preview:large, max-video-preview:-1\" \/>\n<link rel=\"canonical\" href=\"https:\/\/product-guide.org\/en\/produkt\/boss-babe-mini-box-girlgotlashes-de\/\" \/>\n<meta property=\"og:locale\" content=\"en_GB\" \/>\n<meta property=\"og:type\" content=\"article\" \/>\n<meta property=\"og:title\" content=\"Boss Babe - Mini Box | GirlGotLashes.de | Product-Guide.org\" \/>\n<meta property=\"og:description\" content=\"Boss Babe - Mini Box | GirlGotLashes.de gefunden von Product-Guide.org\" \/>\n<meta property=\"og:url\" content=\"https:\/\/product-guide.org\/en\/produkt\/boss-babe-mini-box-girlgotlashes-de\/\" \/>\n<meta property=\"og:site_name\" content=\"Product-Guide.org\" \/>\n<meta name=\"twitter:card\" content=\"summary_large_image\" \/>\n<script type=\"application\/ld+json\" class=\"yoast-schema-graph\">{\"@context\":\"https:\/\/schema.org\",\"@graph\":[{\"@type\":\"WebPage\",\"@id\":\"https:\/\/product-guide.org\/produkt\/boss-babe-mini-box-girlgotlashes-de\/\",\"url\":\"https:\/\/product-guide.org\/produkt\/boss-babe-mini-box-girlgotlashes-de\/\",\"name\":\"Boss Babe - Mini Box | GirlGotLashes.de | Product-Guide.org\",\"isPartOf\":{\"@id\":\"https:\/\/product-guide.org\/#website\"},\"primaryImageOfPage\":{\"@id\":\"https:\/\/product-guide.org\/produkt\/boss-babe-mini-box-girlgotlashes-de\/#primaryimage\"},\"image\":{\"@id\":\"https:\/\/product-guide.org\/produkt\/boss-babe-mini-box-girlgotlashes-de\/#primaryimage\"},\"thumbnailUrl\":\"https:\/\/product-guide.org\/wp-content\/uploads\/2025\/03\/1-pairbox-BossBabe.jpg\",\"datePublished\":\"2025-03-17T11:33:48+00:00\",\"description\":\"Boss Babe - Mini Box | GirlGotLashes.de gefunden von Product-Guide.org\",\"breadcrumb\":{\"@id\":\"https:\/\/product-guide.org\/produkt\/boss-babe-mini-box-girlgotlashes-de\/#breadcrumb\"},\"inLanguage\":\"en-GB\",\"potentialAction\":[{\"@type\":\"ReadAction\",\"target\":[\"https:\/\/product-guide.org\/produkt\/boss-babe-mini-box-girlgotlashes-de\/\"]}]},{\"@type\":\"ImageObject\",\"inLanguage\":\"en-GB\",\"@id\":\"https:\/\/product-guide.org\/produkt\/boss-babe-mini-box-girlgotlashes-de\/#primaryimage\",\"url\":\"https:\/\/product-guide.org\/wp-content\/uploads\/2025\/03\/1-pairbox-BossBabe.jpg\",\"contentUrl\":\"https:\/\/product-guide.org\/wp-content\/uploads\/2025\/03\/1-pairbox-BossBabe.jpg\",\"width\":2268,\"height\":1665},{\"@type\":\"BreadcrumbList\",\"@id\":\"https:\/\/product-guide.org\/produkt\/boss-babe-mini-box-girlgotlashes-de\/#breadcrumb\",\"itemListElement\":[{\"@type\":\"ListItem\",\"position\":1,\"name\":\"Home\",\"item\":\"https:\/\/product-guide.org\/\"},{\"@type\":\"ListItem\",\"position\":2,\"name\":\"Ergebnisse\",\"item\":\"https:\/\/product-guide.org\/de\/ergebnisse\/\"},{\"@type\":\"ListItem\",\"position\":3,\"name\":\"Boss Babe &#8211; Mini Box | GirlGotLashes.de\"}]},{\"@type\":\"WebSite\",\"@id\":\"https:\/\/product-guide.org\/#website\",\"url\":\"https:\/\/product-guide.org\/\",\"name\":\"Product-Guide.org\",\"description\":\"What Product are you looking for?\",\"publisher\":{\"@id\":\"https:\/\/product-guide.org\/#organization\"},\"potentialAction\":[{\"@type\":\"SearchAction\",\"target\":{\"@type\":\"EntryPoint\",\"urlTemplate\":\"https:\/\/product-guide.org\/?s={search_term_string}\"},\"query-input\":{\"@type\":\"PropertyValueSpecification\",\"valueRequired\":true,\"valueName\":\"search_term_string\"}}],\"inLanguage\":\"en-GB\"},{\"@type\":\"Organization\",\"@id\":\"https:\/\/product-guide.org\/#organization\",\"name\":\"Product-Guide.org\",\"url\":\"https:\/\/product-guide.org\/\",\"logo\":{\"@type\":\"ImageObject\",\"inLanguage\":\"en-GB\",\"@id\":\"https:\/\/product-guide.org\/#\/schema\/logo\/image\/\",\"url\":\"https:\/\/product-guide.org\/wp-content\/uploads\/2022\/07\/logo_transparent_background.png\",\"contentUrl\":\"https:\/\/product-guide.org\/wp-content\/uploads\/2022\/07\/logo_transparent_background.png\",\"width\":3400,\"height\":1132,\"caption\":\"Product-Guide.org\"},\"image\":{\"@id\":\"https:\/\/product-guide.org\/#\/schema\/logo\/image\/\"}}]}<\/script>\n<!-- \/ Yoast SEO plugin. -->","yoast_head_json":{"title":"Boss Babe - Mini Box | GirlGotLashes.de | Product-Guide.org","description":"Boss Babe - Mini Box | GirlGotLashes.de gefunden von Product-Guide.org","robots":{"index":"index","follow":"follow","max-snippet":"max-snippet:-1","max-image-preview":"max-image-preview:large","max-video-preview":"max-video-preview:-1"},"canonical":"https:\/\/product-guide.org\/en\/produkt\/boss-babe-mini-box-girlgotlashes-de\/","og_locale":"en_GB","og_type":"article","og_title":"Boss Babe - Mini Box | GirlGotLashes.de | Product-Guide.org","og_description":"Boss Babe - Mini Box | GirlGotLashes.de gefunden von Product-Guide.org","og_url":"https:\/\/product-guide.org\/en\/produkt\/boss-babe-mini-box-girlgotlashes-de\/","og_site_name":"Product-Guide.org","twitter_card":"summary_large_image","schema":{"@context":"https:\/\/schema.org","@graph":[{"@type":"WebPage","@id":"https:\/\/product-guide.org\/produkt\/boss-babe-mini-box-girlgotlashes-de\/","url":"https:\/\/product-guide.org\/produkt\/boss-babe-mini-box-girlgotlashes-de\/","name":"Boss Babe - Mini Box | GirlGotLashes.de | Product-Guide.org","isPartOf":{"@id":"https:\/\/product-guide.org\/#website"},"primaryImageOfPage":{"@id":"https:\/\/product-guide.org\/produkt\/boss-babe-mini-box-girlgotlashes-de\/#primaryimage"},"image":{"@id":"https:\/\/product-guide.org\/produkt\/boss-babe-mini-box-girlgotlashes-de\/#primaryimage"},"thumbnailUrl":"https:\/\/product-guide.org\/wp-content\/uploads\/2025\/03\/1-pairbox-BossBabe.jpg","datePublished":"2025-03-17T11:33:48+00:00","description":"Boss Babe - Mini Box | GirlGotLashes.de gefunden von Product-Guide.org","breadcrumb":{"@id":"https:\/\/product-guide.org\/produkt\/boss-babe-mini-box-girlgotlashes-de\/#breadcrumb"},"inLanguage":"en-GB","potentialAction":[{"@type":"ReadAction","target":["https:\/\/product-guide.org\/produkt\/boss-babe-mini-box-girlgotlashes-de\/"]}]},{"@type":"ImageObject","inLanguage":"en-GB","@id":"https:\/\/product-guide.org\/produkt\/boss-babe-mini-box-girlgotlashes-de\/#primaryimage","url":"https:\/\/product-guide.org\/wp-content\/uploads\/2025\/03\/1-pairbox-BossBabe.jpg","contentUrl":"https:\/\/product-guide.org\/wp-content\/uploads\/2025\/03\/1-pairbox-BossBabe.jpg","width":2268,"height":1665},{"@type":"BreadcrumbList","@id":"https:\/\/product-guide.org\/produkt\/boss-babe-mini-box-girlgotlashes-de\/#breadcrumb","itemListElement":[{"@type":"ListItem","position":1,"name":"Home","item":"https:\/\/product-guide.org\/"},{"@type":"ListItem","position":2,"name":"Ergebnisse","item":"https:\/\/product-guide.org\/de\/ergebnisse\/"},{"@type":"ListItem","position":3,"name":"Boss Babe &#8211; Mini Box | GirlGotLashes.de"}]},{"@type":"WebSite","@id":"https:\/\/product-guide.org\/#website","url":"https:\/\/product-guide.org\/","name":"Product-Guide.org","description":"What Product are you looking for?","publisher":{"@id":"https:\/\/product-guide.org\/#organization"},"potentialAction":[{"@type":"SearchAction","target":{"@type":"EntryPoint","urlTemplate":"https:\/\/product-guide.org\/?s={search_term_string}"},"query-input":{"@type":"PropertyValueSpecification","valueRequired":true,"valueName":"search_term_string"}}],"inLanguage":"en-GB"},{"@type":"Organization","@id":"https:\/\/product-guide.org\/#organization","name":"Product-Guide.org","url":"https:\/\/product-guide.org\/","logo":{"@type":"ImageObject","inLanguage":"en-GB","@id":"https:\/\/product-guide.org\/#\/schema\/logo\/image\/","url":"https:\/\/product-guide.org\/wp-content\/uploads\/2022\/07\/logo_transparent_background.png","contentUrl":"https:\/\/product-guide.org\/wp-content\/uploads\/2022\/07\/logo_transparent_background.png","width":3400,"height":1132,"caption":"Product-Guide.org"},"image":{"@id":"https:\/\/product-guide.org\/#\/schema\/logo\/image\/"}}]}},"_links":{"self":[{"href":"https:\/\/product-guide.org\/en\/wp-json\/wp\/v2\/product\/55554","targetHints":{"allow":["GET"]}}],"collection":[{"href":"https:\/\/product-guide.org\/en\/wp-json\/wp\/v2\/product"}],"about":[{"href":"https:\/\/product-guide.org\/en\/wp-json\/wp\/v2\/types\/product"}],"wp:featuredmedia":[{"embeddable":true,"href":"https:\/\/product-guide.org\/en\/wp-json\/wp\/v2\/media\/55553"}],"wp:attachment":[{"href":"https:\/\/product-guide.org\/en\/wp-json\/wp\/v2\/media?parent=55554"}],"wp:term":[{"taxonomy":"store","embeddable":true,"href":"https:\/\/product-guide.org\/en\/wp-json\/wp\/v2\/store?post=55554"},{"taxonomy":"product_brand","embeddable":true,"href":"https:\/\/product-guide.org\/en\/wp-json\/wp\/v2\/product_brand?post=55554"},{"taxonomy":"product_cat","embeddable":true,"href":"https:\/\/product-guide.org\/en\/wp-json\/wp\/v2\/product_cat?post=55554"},{"taxonomy":"product_tag","embeddable":true,"href":"https:\/\/product-guide.org\/en\/wp-json\/wp\/v2\/product_tag?post=55554"}],"curies":[{"name":"wp","href":"https:\/\/api.w.org\/{rel}","templated":true}]}}